{"id":4987,"date":"2021-04-08T16:47:29","date_gmt":"2021-04-08T15:47:29","guid":{"rendered":"https:\/\/zapateneo.net\/wordpress\/?post_type=product&#038;p=4987"},"modified":"2022-01-05T09:38:18","modified_gmt":"2022-01-05T08:38:18","slug":"la-tragedia-del-copyright-bien-comun-propiedad-intelectual-y-crisis-de-la-industria-cultural","status":"publish","type":"product","link":"https:\/\/zapateneo.net\/wordpress\/index.php\/producto\/la-tragedia-del-copyright-bien-comun-propiedad-intelectual-y-crisis-de-la-industria-cultural\/","title":{"rendered":"La tragedia del copyright. Bien com\u00fan, propiedad intelectual y crisis de la industria cultural"},"content":{"rendered":"<h3>Igor S\u00e1daba, Mario Dom\u00ednguez, Jaron Rowan, Rub\u00e9n Mart\u00ednez y ZEMOS98<\/h3>\n<hr \/>\n<div>\n<p>Los representantes de las grandes corporaciones y de las industrias culturales hablan del modelo comercial, que durante el \u00faltimo siglo ha hegemonizado las formas de producci\u00f3n intelectual y creaci\u00f3n cultural, como si se tratara de un ecosistema cerrado que habr\u00eda llegado a nuestros d\u00edas de forma arm\u00f3nica y desconflictivizada. Seg\u00fan esta lectura, ese supuesto orden natural, basado en los t\u00edtulos de propiedad sobre obras fruto de procesos creativos y de investigaci\u00f3n, se ver\u00eda hoy amenazado por la irrupci\u00f3n de internet y de la cultura de la descarga y el intercambio asociada a \u00e9sta.<\/p>\n<p>Pero, como muestra\u00a0<em>La tragedia del copyright<\/em>, \u00e9ste ha sido siempre un terreno de conflicto que afecta a bienes comunes en campos tan diversos como la ciencia, la agricultura, la producci\u00f3n art\u00edstica o la cultura popular. La historia del\u00a0<em>copyright<\/em>\u00a0y de los derechos de autor est\u00e1 estrechamente asociada a los procesos de desposesi\u00f3n, apropiaci\u00f3n, privatizaci\u00f3n y comercializaci\u00f3n del conocimiento y la cultura, que han afectado tanto a la sabidur\u00eda ancestral de comunidades ind\u00edgenas como a quienes han dedicado su vida a la creaci\u00f3n. El inter\u00e9s por la explotaci\u00f3n comercial de los saberes ha estado en tensi\u00f3n permanente con el dominio p\u00fablico, el acceso abierto al conocimiento y, en \u00faltima instancia, con los modelos de cooperaci\u00f3n no basados en la competencia.<\/p>\n<p>Esta lucha entre lo com\u00fan y su privatizaci\u00f3n se encuentra hoy ante una crisis de modelo, consecuencia de diferentes factores: el paso a un segundo plano de la copia f\u00edsica; la construcci\u00f3n de estructuras de intercambio no basadas en la compra-venta; la disoluci\u00f3n de los viejos roles comerciales en un terreno en el que un mismo sujeto puede crear, producir, distribuir o consumir; o la constituci\u00f3n de \u00abempresas del procom\u00fan\u00bb que sit\u00faan el conocimiento entre los bienes comunes y cuestionan el concepto mismo de propiedad intelectual. Realidades que tambi\u00e9n intentan captar y de las que se intentan apropiar los aparatos industriales pero que, en cualquier caso, dibujan un nuevo terreno de juego y de conflicto.<\/p>\n<p>&nbsp;<\/p>\n<p><a href=\"http:\/\/www.viruseditorial.net\/file\/mailing-la-tragedia-del-copyright.pdf\" target=\"_blank\" rel=\"noopener\">Ficha<\/a><\/p>\n<p>&nbsp;<\/p>\n<\/div>\n<div class=\"row\">\n<div class=\"col-12 col-12-small\">\n<p>&nbsp;<\/p>\n<p><b>Rub\u00e9n Mart\u00ednez\u00a0<\/b>es<b>\u00a0<\/b>miembro de la Plataforma de Investigaci\u00f3n e Innovaci\u00f3n Cultural ZZZINC, del Observatorio Metropolitano de Barcelona, de la consultor\u00eda\u00a0S\u00d2COL y es Profesor de la UOC.\u00a0 Sus textos pueden leerse en\u00a0<a href=\"http:\/\/www.leyseca.net\/\" target=\"_blank\" rel=\"noopener\">www.leyseca.net<\/a><\/p>\n<p><b>Jaron Rowan.\u00a0<\/b>Forma<b>\u00a0<\/b>parte del Free Culture Forum y es tutor y lector del curso MA in Culture Industry de Goldsmiths University of London. Ha publicado, con Rub\u00e9n Mart\u00ednez,\u00a0<i>Emprendizajes en cultura<\/i>\u00a0(Traficantes de Sue\u00f1os, 2010). Sus textos pueden leerse en\u00a0<a href=\"http:\/\/www.demasiadosuperavit.net\/\" target=\"_blank\" rel=\"noopener\">www.demasiadosuperavit.net<\/a><\/p>\n<p><b>\u00cdgor S\u00e1daba<\/b>. Profesor de la UCM y miembro del grupo Cultura Digital y Movimientos Sociales\u00a0<i>Cibersomosaguas<\/i>, ha publicado\u00a0<i>Dominio abierto: conocimiento libre y cooperaci\u00f3n<\/i>\u00a0(CBA, 2009) y\u00a0<i>La Propiedad Intelectual, \u00bfmercanc\u00edas privadas o bienes p\u00fablicos?<\/i>\u00a0(Catarata, 2008),\u00a0\u00a0y ha coordinado con \u00c1ngel Gordo\u00a0<i>Movimientos sociales y cultura digital<\/i>\u00a0(Catarata, 2008)<\/p>\n<p><b>Mario Dom\u00ednguez<\/b>. Profesor de Teor\u00eda Sociol\u00f3gica Contempor\u00e1nea, ha investigado sobre las ideolog\u00edas en las teor\u00edas sociales del bienestar y ha participado en las obra colectiva\u00a0<i>Innovaci\u00f3n tecnol\u00f3gica y sociedad de masas<\/i>\u00a0(S\u00edntesis, 1997).<\/p>\n<p><b>ZEMOS98<\/b>\u00a0comenz\u00f3 en 1999 como un festival audiovisual en Viso del Alcor (Sevilla), que se transformar\u00eda en un laboratorio de creaci\u00f3n y reflexi\u00f3n colectiva (que en 2014 cumplir\u00e1 16 ediciones) sobre el impacto y el uso de las herramientas en la cultura digital. En la actualidad, ZEMOS98 promueve COPYLOVE.cc, una co-investigaci\u00f3n sobre las nuevas tecnolog\u00edas y lo personal, los sistemas de producci\u00f3n y la autogesti\u00f3n, las m\u00e1quinas y los cuidados (http:\/\/www.copylove.cc\/).<\/p>\n<p>&nbsp;<\/p>\n<\/div>\n<\/div>\n<div>\n<p>&nbsp;<\/p>\n<p><iframe loading=\"lazy\" src=\"https:\/\/player.vimeo.com\/video\/77029636\" width=\"500\" height=\"376\" frameborder=\"0\" allowfullscreen=\"allowfullscreen\" data-ruffle-polyfilled=\"\" data-mce-fragment=\"1\"><\/iframe><\/p>\n<p><a href=\"http:\/\/vimeo.com\/77029636\">la tragedia del copyright video2<\/a>\u00a0from\u00a0<a href=\"http:\/\/vimeo.com\/user21852588\">Virus editorial<\/a>\u00a0on\u00a0<a href=\"https:\/\/vimeo.com\/\">Vimeo<\/a>.<\/p>\n<p>&nbsp;<\/p>\n<\/div>\n<p>&nbsp;<\/p>\n<p><a href=\"http:\/\/www.viruseditorial.net\/pags\/noticia.php?id=442\" target=\"_blank\" rel=\"noopener\">La cara tr\u00e1gica y menos divulgada de los derechos de autor<\/a>\u00a0(Elisa G. McCausland, Profesiones)<\/p>\n<p><a href=\"http:\/\/www.viruseditorial.net\/pags\/noticia.php?id=444\" target=\"_blank\" rel=\"noopener\">V\u00eddeo \u25ba \u00abTodas las revueltas actuales buscan un r\u00e9gimen no mediado por la mercancia sino por los bienes comunes\u00bb<\/a>\u00a0(Rub\u00e9n Mart\u00ednez, Informa&#8217;tBCN)<\/p>\n<p><a href=\"http:\/\/www.viruseditorial.net\/pags\/noticia.php?id=425\" target=\"_blank\" rel=\"noopener\">La guerra del copyright no empez\u00f3 ayer<\/a>\u00a0(Paula Corrotto, eldiario.es)<\/p>\n<p><a href=\"http:\/\/www.viruseditorial.net\/pags\/noticia.php?id=459\" target=\"_blank\" rel=\"noopener\">Jaron Rowan: \u00abHay que pensar en una econom\u00eda mucho m\u00e1s compleja que los dineros que entran y salen de la cultura\u00bb<\/a>\u00a0(Mnemos)<\/p>\n<p><a href=\"http:\/\/antinomiaslibro.wordpress.com\/2013\/12\/16\/seis-libros-importantes\/\" target=\"_blank\" rel=\"noopener\">Cuestionamiento de un modelo r\u00edgido y muchas veces abusivo de copyright desde una \u00f3ptica pol\u00edtica. Defensa de modelos mucho m\u00e1s abiertos y colaborativos. M\u00e1s que interesante<\/a>\u00a0(Manuel Gil, http:\/\/antinomiaslibro.wordpress.com)<\/p>\n<p><a href=\"http:\/\/www.viruseditorial.net\/pags\/noticia.php?id=470\" target=\"_blank\" rel=\"noopener\">\u00abLa izquierda ha pasado de ser ultratecn\u00f3foba a sobredimensionar las posibilidades de la tecnolog\u00eda\u00bb<\/a>\u00a0(\u00c1gora Sol Radio)<\/p>\n<p><iframe loading=\"lazy\" src=\"https:\/\/www.youtube.com\/embed\/RypyYZvKuj4?feature=player_embedded\" width=\"640\" height=\"360\" frameborder=\"0\" allowfullscreen=\"allowfullscreen\" data-ruffle-polyfilled=\"\" data-mce-fragment=\"1\"><\/iframe><\/p>\n<p><a href=\"http:\/\/www.viruseditorial.net\/pags\/noticia.php?id=498\" target=\"_blank\" rel=\"noopener\">Las licencias libres para el software y la cultura, m\u00e1s all\u00e1 de lo jur\u00eddico\u00a0<\/a>(Margarita Padilla, Ideagia &#8211; BlogsDiagonal)<\/p>\n<hr \/>\n<div>\n<h2><a href=\"https:\/\/www.viruseditorial.net\/es\/editorial\/descargar-pdf\" target=\"_blank\" rel=\"noopener\">Libro en libre descarga de Virus Editorial<\/a><\/h2>\n<\/div>\n","protected":false},"excerpt":{"rendered":"<p><strong>AAVV<\/strong><br \/>\n9788492559466 &#8211; Virus &#8211; 2013 &#8211; 152 p\u00e1ginas \/orri.<\/p>\n","protected":false},"featured_media":5036,"template":"","meta":[],"product_brand":[],"product_cat":[184,16],"product_tag":[4626,57],"class_list":{"0":"post-4987","1":"product","2":"type-product","3":"status-publish","4":"has-post-thumbnail","6":"product_cat-komunikazioa-comunicacion","7":"product_cat-libros","8":"product_tag-deskargak","9":"product_tag-virus","11":"first","12":"instock","13":"sold-individually","14":"shipping-taxable","15":"purchasable","16":"product-type-simple"},"yoast_head":"<!-- This site is optimized with the Yoast SEO plugin v27.3 - https:\/\/yoast.com\/product\/yoast-seo-wordpress\/ -->\n<title>La tragedia del copyright. Bien com\u00fan, propiedad intelectual y crisis de la industria cultural &#8212; Zapateneo<\/title>\n<meta name=\"robots\" content=\"index, follow, max-snippet:-1, max-image-preview:large, max-video-preview:-1\" \/>\n<link rel=\"canonical\" href=\"https:\/\/zapateneo.net\/wordpress\/index.php\/producto\/la-tragedia-del-copyright-bien-comun-propiedad-intelectual-y-crisis-de-la-industria-cultural\/\" \/>\n<meta property=\"og:locale\" content=\"es_ES\" \/>\n<meta property=\"og:type\" content=\"article\" \/>\n<meta property=\"og:title\" content=\"La tragedia del copyright. Bien com\u00fan, propiedad intelectual y crisis de la industria cultural &#8212; Zapateneo\" \/>\n<meta property=\"og:description\" content=\"AAVV 9788492559466 - Virus - 2013 - 152 p\u00e1ginas \/orri.\" \/>\n<meta property=\"og:url\" content=\"https:\/\/zapateneo.net\/wordpress\/index.php\/producto\/la-tragedia-del-copyright-bien-comun-propiedad-intelectual-y-crisis-de-la-industria-cultural\/\" \/>\n<meta property=\"og:site_name\" content=\"Zapateneo\" \/>\n<meta property=\"article:modified_time\" content=\"2022-01-05T08:38:18+00:00\" \/>\n<meta property=\"og:image\" content=\"https:\/\/zapateneo.net\/wordpress\/wp-content\/uploads\/2021\/04\/7701.jpg\" \/>\n\t<meta property=\"og:image:width\" content=\"120\" \/>\n\t<meta property=\"og:image:height\" content=\"187\" \/>\n\t<meta property=\"og:image:type\" content=\"image\/jpeg\" \/>\n<meta name=\"twitter:card\" content=\"summary_large_image\" \/>\n<meta name=\"twitter:site\" content=\"@zapateneo\" \/>\n<meta name=\"twitter:label1\" content=\"Tiempo de lectura\" \/>\n\t<meta name=\"twitter:data1\" content=\"4 minutos\" \/>\n<script type=\"application\/ld+json\" class=\"yoast-schema-graph\">{\"@context\":\"https:\\\/\\\/schema.org\",\"@graph\":[{\"@type\":\"WebPage\",\"@id\":\"https:\\\/\\\/zapateneo.net\\\/wordpress\\\/index.php\\\/producto\\\/la-tragedia-del-copyright-bien-comun-propiedad-intelectual-y-crisis-de-la-industria-cultural\\\/\",\"url\":\"https:\\\/\\\/zapateneo.net\\\/wordpress\\\/index.php\\\/producto\\\/la-tragedia-del-copyright-bien-comun-propiedad-intelectual-y-crisis-de-la-industria-cultural\\\/\",\"name\":\"La tragedia del copyright. Bien com\u00fan, propiedad intelectual y crisis de la industria cultural &#8212; Zapateneo\",\"isPartOf\":{\"@id\":\"https:\\\/\\\/zapateneo.net\\\/wordpress\\\/#website\"},\"primaryImageOfPage\":{\"@id\":\"https:\\\/\\\/zapateneo.net\\\/wordpress\\\/index.php\\\/producto\\\/la-tragedia-del-copyright-bien-comun-propiedad-intelectual-y-crisis-de-la-industria-cultural\\\/#primaryimage\"},\"image\":{\"@id\":\"https:\\\/\\\/zapateneo.net\\\/wordpress\\\/index.php\\\/producto\\\/la-tragedia-del-copyright-bien-comun-propiedad-intelectual-y-crisis-de-la-industria-cultural\\\/#primaryimage\"},\"thumbnailUrl\":\"https:\\\/\\\/zapateneo.net\\\/wordpress\\\/wp-content\\\/uploads\\\/2021\\\/04\\\/7701.jpg\",\"datePublished\":\"2021-04-08T15:47:29+00:00\",\"dateModified\":\"2022-01-05T08:38:18+00:00\",\"breadcrumb\":{\"@id\":\"https:\\\/\\\/zapateneo.net\\\/wordpress\\\/index.php\\\/producto\\\/la-tragedia-del-copyright-bien-comun-propiedad-intelectual-y-crisis-de-la-industria-cultural\\\/#breadcrumb\"},\"inLanguage\":\"es\",\"potentialAction\":[{\"@type\":\"ReadAction\",\"target\":[\"https:\\\/\\\/zapateneo.net\\\/wordpress\\\/index.php\\\/producto\\\/la-tragedia-del-copyright-bien-comun-propiedad-intelectual-y-crisis-de-la-industria-cultural\\\/\"]}]},{\"@type\":\"ImageObject\",\"inLanguage\":\"es\",\"@id\":\"https:\\\/\\\/zapateneo.net\\\/wordpress\\\/index.php\\\/producto\\\/la-tragedia-del-copyright-bien-comun-propiedad-intelectual-y-crisis-de-la-industria-cultural\\\/#primaryimage\",\"url\":\"https:\\\/\\\/zapateneo.net\\\/wordpress\\\/wp-content\\\/uploads\\\/2021\\\/04\\\/7701.jpg\",\"contentUrl\":\"https:\\\/\\\/zapateneo.net\\\/wordpress\\\/wp-content\\\/uploads\\\/2021\\\/04\\\/7701.jpg\",\"width\":120,\"height\":187},{\"@type\":\"BreadcrumbList\",\"@id\":\"https:\\\/\\\/zapateneo.net\\\/wordpress\\\/index.php\\\/producto\\\/la-tragedia-del-copyright-bien-comun-propiedad-intelectual-y-crisis-de-la-industria-cultural\\\/#breadcrumb\",\"itemListElement\":[{\"@type\":\"ListItem\",\"position\":1,\"name\":\"Portada\",\"item\":\"https:\\\/\\\/zapateneo.net\\\/wordpress\\\/\"},{\"@type\":\"ListItem\",\"position\":2,\"name\":\"Tienda\",\"item\":\"https:\\\/\\\/zapateneo.net\\\/wordpress\\\/\"},{\"@type\":\"ListItem\",\"position\":3,\"name\":\"La tragedia del copyright. Bien com\u00fan, propiedad intelectual y crisis de la industria cultural\"}]},{\"@type\":\"WebSite\",\"@id\":\"https:\\\/\\\/zapateneo.net\\\/wordpress\\\/#website\",\"url\":\"https:\\\/\\\/zapateneo.net\\\/wordpress\\\/\",\"name\":\"Zapateneo\",\"description\":\"Zapateneoaren webgunea\",\"publisher\":{\"@id\":\"https:\\\/\\\/zapateneo.net\\\/wordpress\\\/#organization\"},\"potentialAction\":[{\"@type\":\"SearchAction\",\"target\":{\"@type\":\"EntryPoint\",\"urlTemplate\":\"https:\\\/\\\/zapateneo.net\\\/wordpress\\\/?s={search_term_string}\"},\"query-input\":{\"@type\":\"PropertyValueSpecification\",\"valueRequired\":true,\"valueName\":\"search_term_string\"}}],\"inLanguage\":\"es\"},{\"@type\":\"Organization\",\"@id\":\"https:\\\/\\\/zapateneo.net\\\/wordpress\\\/#organization\",\"name\":\"Zapateneo Kultur Elkartea\",\"url\":\"https:\\\/\\\/zapateneo.net\\\/wordpress\\\/\",\"logo\":{\"@type\":\"ImageObject\",\"inLanguage\":\"es\",\"@id\":\"https:\\\/\\\/zapateneo.net\\\/wordpress\\\/#\\\/schema\\\/logo\\\/image\\\/\",\"url\":\"https:\\\/\\\/zapateneo.net\\\/wordpress\\\/wp-content\\\/uploads\\\/2021\\\/04\\\/zap-libu-kolec.jpg\",\"contentUrl\":\"https:\\\/\\\/zapateneo.net\\\/wordpress\\\/wp-content\\\/uploads\\\/2021\\\/04\\\/zap-libu-kolec.jpg\",\"width\":2234,\"height\":398,\"caption\":\"Zapateneo Kultur Elkartea\"},\"image\":{\"@id\":\"https:\\\/\\\/zapateneo.net\\\/wordpress\\\/#\\\/schema\\\/logo\\\/image\\\/\"},\"sameAs\":[\"https:\\\/\\\/x.com\\\/zapateneo\"]}]}<\/script>\n<!-- \/ Yoast SEO plugin. -->","yoast_head_json":{"title":"La tragedia del copyright. Bien com\u00fan, propiedad intelectual y crisis de la industria cultural &#8212; Zapateneo","robots":{"index":"index","follow":"follow","max-snippet":"max-snippet:-1","max-image-preview":"max-image-preview:large","max-video-preview":"max-video-preview:-1"},"canonical":"https:\/\/zapateneo.net\/wordpress\/index.php\/producto\/la-tragedia-del-copyright-bien-comun-propiedad-intelectual-y-crisis-de-la-industria-cultural\/","og_locale":"es_ES","og_type":"article","og_title":"La tragedia del copyright. Bien com\u00fan, propiedad intelectual y crisis de la industria cultural &#8212; Zapateneo","og_description":"AAVV 9788492559466 - Virus - 2013 - 152 p\u00e1ginas \/orri.","og_url":"https:\/\/zapateneo.net\/wordpress\/index.php\/producto\/la-tragedia-del-copyright-bien-comun-propiedad-intelectual-y-crisis-de-la-industria-cultural\/","og_site_name":"Zapateneo","article_modified_time":"2022-01-05T08:38:18+00:00","og_image":[{"width":120,"height":187,"url":"https:\/\/zapateneo.net\/wordpress\/wp-content\/uploads\/2021\/04\/7701.jpg","type":"image\/jpeg"}],"twitter_card":"summary_large_image","twitter_site":"@zapateneo","twitter_misc":{"Tiempo de lectura":"4 minutos"},"schema":{"@context":"https:\/\/schema.org","@graph":[{"@type":"WebPage","@id":"https:\/\/zapateneo.net\/wordpress\/index.php\/producto\/la-tragedia-del-copyright-bien-comun-propiedad-intelectual-y-crisis-de-la-industria-cultural\/","url":"https:\/\/zapateneo.net\/wordpress\/index.php\/producto\/la-tragedia-del-copyright-bien-comun-propiedad-intelectual-y-crisis-de-la-industria-cultural\/","name":"La tragedia del copyright. Bien com\u00fan, propiedad intelectual y crisis de la industria cultural &#8212; Zapateneo","isPartOf":{"@id":"https:\/\/zapateneo.net\/wordpress\/#website"},"primaryImageOfPage":{"@id":"https:\/\/zapateneo.net\/wordpress\/index.php\/producto\/la-tragedia-del-copyright-bien-comun-propiedad-intelectual-y-crisis-de-la-industria-cultural\/#primaryimage"},"image":{"@id":"https:\/\/zapateneo.net\/wordpress\/index.php\/producto\/la-tragedia-del-copyright-bien-comun-propiedad-intelectual-y-crisis-de-la-industria-cultural\/#primaryimage"},"thumbnailUrl":"https:\/\/zapateneo.net\/wordpress\/wp-content\/uploads\/2021\/04\/7701.jpg","datePublished":"2021-04-08T15:47:29+00:00","dateModified":"2022-01-05T08:38:18+00:00","breadcrumb":{"@id":"https:\/\/zapateneo.net\/wordpress\/index.php\/producto\/la-tragedia-del-copyright-bien-comun-propiedad-intelectual-y-crisis-de-la-industria-cultural\/#breadcrumb"},"inLanguage":"es","potentialAction":[{"@type":"ReadAction","target":["https:\/\/zapateneo.net\/wordpress\/index.php\/producto\/la-tragedia-del-copyright-bien-comun-propiedad-intelectual-y-crisis-de-la-industria-cultural\/"]}]},{"@type":"ImageObject","inLanguage":"es","@id":"https:\/\/zapateneo.net\/wordpress\/index.php\/producto\/la-tragedia-del-copyright-bien-comun-propiedad-intelectual-y-crisis-de-la-industria-cultural\/#primaryimage","url":"https:\/\/zapateneo.net\/wordpress\/wp-content\/uploads\/2021\/04\/7701.jpg","contentUrl":"https:\/\/zapateneo.net\/wordpress\/wp-content\/uploads\/2021\/04\/7701.jpg","width":120,"height":187},{"@type":"BreadcrumbList","@id":"https:\/\/zapateneo.net\/wordpress\/index.php\/producto\/la-tragedia-del-copyright-bien-comun-propiedad-intelectual-y-crisis-de-la-industria-cultural\/#breadcrumb","itemListElement":[{"@type":"ListItem","position":1,"name":"Portada","item":"https:\/\/zapateneo.net\/wordpress\/"},{"@type":"ListItem","position":2,"name":"Tienda","item":"https:\/\/zapateneo.net\/wordpress\/"},{"@type":"ListItem","position":3,"name":"La tragedia del copyright. Bien com\u00fan, propiedad intelectual y crisis de la industria cultural"}]},{"@type":"WebSite","@id":"https:\/\/zapateneo.net\/wordpress\/#website","url":"https:\/\/zapateneo.net\/wordpress\/","name":"Zapateneo","description":"Zapateneoaren webgunea","publisher":{"@id":"https:\/\/zapateneo.net\/wordpress\/#organization"},"potentialAction":[{"@type":"SearchAction","target":{"@type":"EntryPoint","urlTemplate":"https:\/\/zapateneo.net\/wordpress\/?s={search_term_string}"},"query-input":{"@type":"PropertyValueSpecification","valueRequired":true,"valueName":"search_term_string"}}],"inLanguage":"es"},{"@type":"Organization","@id":"https:\/\/zapateneo.net\/wordpress\/#organization","name":"Zapateneo Kultur Elkartea","url":"https:\/\/zapateneo.net\/wordpress\/","logo":{"@type":"ImageObject","inLanguage":"es","@id":"https:\/\/zapateneo.net\/wordpress\/#\/schema\/logo\/image\/","url":"https:\/\/zapateneo.net\/wordpress\/wp-content\/uploads\/2021\/04\/zap-libu-kolec.jpg","contentUrl":"https:\/\/zapateneo.net\/wordpress\/wp-content\/uploads\/2021\/04\/zap-libu-kolec.jpg","width":2234,"height":398,"caption":"Zapateneo Kultur Elkartea"},"image":{"@id":"https:\/\/zapateneo.net\/wordpress\/#\/schema\/logo\/image\/"},"sameAs":["https:\/\/x.com\/zapateneo"]}]}},"_links":{"self":[{"href":"https:\/\/zapateneo.net\/wordpress\/index.php\/wp-json\/wp\/v2\/product\/4987","targetHints":{"allow":["GET"]}}],"collection":[{"href":"https:\/\/zapateneo.net\/wordpress\/index.php\/wp-json\/wp\/v2\/product"}],"about":[{"href":"https:\/\/zapateneo.net\/wordpress\/index.php\/wp-json\/wp\/v2\/types\/product"}],"wp:featuredmedia":[{"embeddable":true,"href":"https:\/\/zapateneo.net\/wordpress\/index.php\/wp-json\/wp\/v2\/media\/5036"}],"wp:attachment":[{"href":"https:\/\/zapateneo.net\/wordpress\/index.php\/wp-json\/wp\/v2\/media?parent=4987"}],"wp:term":[{"taxonomy":"product_brand","embeddable":true,"href":"https:\/\/zapateneo.net\/wordpress\/index.php\/wp-json\/wp\/v2\/product_brand?post=4987"},{"taxonomy":"product_cat","embeddable":true,"href":"https:\/\/zapateneo.net\/wordpress\/index.php\/wp-json\/wp\/v2\/product_cat?post=4987"},{"taxonomy":"product_tag","embeddable":true,"href":"https:\/\/zapateneo.net\/wordpress\/index.php\/wp-json\/wp\/v2\/product_tag?post=4987"}],"curies":[{"name":"wp","href":"https:\/\/api.w.org\/{rel}","templated":true}]}}