{"id":4974,"date":"2021-04-08T16:47:25","date_gmt":"2021-04-08T15:47:25","guid":{"rendered":"https:\/\/zapateneo.net\/wordpress\/?post_type=product&#038;p=4974"},"modified":"2021-04-08T16:47:43","modified_gmt":"2021-04-08T15:47:43","slug":"la-libertad-en-coma-contra-la-informacion-del-mundo","status":"publish","type":"product","link":"https:\/\/zapateneo.net\/wordpress\/index.php\/producto\/la-libertad-en-coma-contra-la-informacion-del-mundo\/","title":{"rendered":"La libertad en coma. Contra la informaci\u00f3n del mundo"},"content":{"rendered":"<p>Este libro nos ofrece un relato tan desconocido como crucial: c\u00f3mo el proyecto pol\u00edtico, al servicio de la dominaci\u00f3n, de informatizaci\u00f3n de la sociedad apareci\u00f3 y se extendi\u00f3 en la segunda mitad del siglo XX. El lector encontrar\u00e1 en estas p\u00e1ginas una descripci\u00f3n de la continuidad existente entre los m\u00e9todos de control y dominaci\u00f3n modernos y aquellos inaugurados por los medios digitales, un an\u00e1lisis en profundidad de la manera en la que la inform\u00e1tica vino a desatascar una maquinaria, la del capitalismo industrial, que parec\u00eda condenada a tener que renunciar a sus ilusiones de dominio planetario y burocratizaci\u00f3n del mundo. Para el Grupo Marcuse, no ser\u00e1 posible alcanzar una vida aut\u00f3noma sin poner en cuesti\u00f3n, y revertir en gran medida, la informatizaci\u00f3n del mundo.<\/p>\n<p>\u00abNo pretendemos hacer un alegato por un ascetismo digital individual, sino un llamamiento a la multiplicaci\u00f3n de las movilizaciones colectivas contra el desarrollo por doquier de infraestructuras y dispositivos electr\u00f3nicos. Estos proyectos no caen del cielo, no son expresi\u00f3n de ninguna necesidad hist\u00f3rica o natural: son proyectos sociales y pol\u00edticos, y por tanto podemos discutirlos, ponerlos en cuesti\u00f3n y oponernos a ellos. No se trata de reducir la cuesti\u00f3n a una mera postura intelectual: simplemente no vemos la posibilidad de alcanzar un futuro libre, humano y vivible que no pase por un abandono masivo de nuestras pr\u00f3tesis electr\u00f3nicas\u00bb.<\/p>\n<p>~<\/p>\n<p>El Grupo Marcuse es un grupo de estudio que se form\u00f3 al calor de la ola de acciones contra los carteles publicitarios en Francia a lo largo del 2003. Su objetivo inicial fue publicar un texto sobre los estragos de la publicidad que apoyara la movilizaci\u00f3n. Este texto, que se titul\u00f3 De la mis\u00e8re humaine en milieu publicitaire, fue publicado en las ediciones de La D\u00e9couverte en 2004 (ed. cast., De la miseria humana en el medio publicitario, Barcelona, Melusina, 2006), y reeditado despu\u00e9s con un postfacio en 2010. Las personas que han participado en esta segunda obra colectiva llevan a\u00f1os formando parte de las luchas que se oponen a que las Tecnolog\u00edas de la Informaci\u00f3n y la Comunicaci\u00f3n invadan el mundo humano.<\/p>\n","protected":false},"excerpt":{"rendered":"<p><strong>Grupo Marcuse<\/strong><br \/>\n9788494764790 &#8211; Ediciones El Salm\u00f3n &#8211; 2019 &#8211; 285 p\u00e1ginas \/orri.<\/p>\n","protected":false},"featured_media":5003,"template":"","meta":[],"product_brand":[],"product_cat":[184,16],"product_tag":[443,3228],"class_list":{"0":"post-4974","1":"product","2":"type-product","3":"status-publish","4":"has-post-thumbnail","6":"product_cat-komunikazioa-comunicacion","7":"product_cat-libros","8":"product_tag-ediciones-el-salmon","9":"product_tag-grupo-marcuse","11":"first","12":"instock","13":"sold-individually","14":"shipping-taxable","15":"purchasable","16":"product-type-simple"},"yoast_head":"<!-- This site is optimized with the Yoast SEO plugin v27.3 - https:\/\/yoast.com\/product\/yoast-seo-wordpress\/ -->\n<title>La libertad en coma. Contra la informaci\u00f3n del mundo &#8212; Zapateneo<\/title>\n<meta name=\"robots\" content=\"index, follow, max-snippet:-1, max-image-preview:large, max-video-preview:-1\" \/>\n<link rel=\"canonical\" href=\"https:\/\/zapateneo.net\/wordpress\/index.php\/producto\/la-libertad-en-coma-contra-la-informacion-del-mundo\/\" \/>\n<meta property=\"og:locale\" content=\"es_ES\" \/>\n<meta property=\"og:type\" content=\"article\" \/>\n<meta property=\"og:title\" content=\"La libertad en coma. Contra la informaci\u00f3n del mundo &#8212; Zapateneo\" \/>\n<meta property=\"og:description\" content=\"Grupo Marcuse 9788494764790 - Ediciones El Salm\u00f3n - 2019 - 285 p\u00e1ginas \/orri.\" \/>\n<meta property=\"og:url\" content=\"https:\/\/zapateneo.net\/wordpress\/index.php\/producto\/la-libertad-en-coma-contra-la-informacion-del-mundo\/\" \/>\n<meta property=\"og:site_name\" content=\"Zapateneo\" \/>\n<meta property=\"article:modified_time\" content=\"2021-04-08T15:47:43+00:00\" \/>\n<meta property=\"og:image\" content=\"https:\/\/zapateneo.net\/wordpress\/wp-content\/uploads\/2021\/04\/9788494764790.jpg\" \/>\n\t<meta property=\"og:image:width\" content=\"120\" \/>\n\t<meta property=\"og:image:height\" content=\"189\" \/>\n\t<meta property=\"og:image:type\" content=\"image\/jpeg\" \/>\n<meta name=\"twitter:card\" content=\"summary_large_image\" \/>\n<meta name=\"twitter:site\" content=\"@zapateneo\" \/>\n<meta name=\"twitter:label1\" content=\"Tiempo de lectura\" \/>\n\t<meta name=\"twitter:data1\" content=\"2 minutos\" \/>\n<script type=\"application\/ld+json\" class=\"yoast-schema-graph\">{\"@context\":\"https:\\\/\\\/schema.org\",\"@graph\":[{\"@type\":\"WebPage\",\"@id\":\"https:\\\/\\\/zapateneo.net\\\/wordpress\\\/index.php\\\/producto\\\/la-libertad-en-coma-contra-la-informacion-del-mundo\\\/\",\"url\":\"https:\\\/\\\/zapateneo.net\\\/wordpress\\\/index.php\\\/producto\\\/la-libertad-en-coma-contra-la-informacion-del-mundo\\\/\",\"name\":\"La libertad en coma. Contra la informaci\u00f3n del mundo &#8212; Zapateneo\",\"isPartOf\":{\"@id\":\"https:\\\/\\\/zapateneo.net\\\/wordpress\\\/#website\"},\"primaryImageOfPage\":{\"@id\":\"https:\\\/\\\/zapateneo.net\\\/wordpress\\\/index.php\\\/producto\\\/la-libertad-en-coma-contra-la-informacion-del-mundo\\\/#primaryimage\"},\"image\":{\"@id\":\"https:\\\/\\\/zapateneo.net\\\/wordpress\\\/index.php\\\/producto\\\/la-libertad-en-coma-contra-la-informacion-del-mundo\\\/#primaryimage\"},\"thumbnailUrl\":\"https:\\\/\\\/zapateneo.net\\\/wordpress\\\/wp-content\\\/uploads\\\/2021\\\/04\\\/9788494764790.jpg\",\"datePublished\":\"2021-04-08T15:47:25+00:00\",\"dateModified\":\"2021-04-08T15:47:43+00:00\",\"breadcrumb\":{\"@id\":\"https:\\\/\\\/zapateneo.net\\\/wordpress\\\/index.php\\\/producto\\\/la-libertad-en-coma-contra-la-informacion-del-mundo\\\/#breadcrumb\"},\"inLanguage\":\"es\",\"potentialAction\":[{\"@type\":\"ReadAction\",\"target\":[\"https:\\\/\\\/zapateneo.net\\\/wordpress\\\/index.php\\\/producto\\\/la-libertad-en-coma-contra-la-informacion-del-mundo\\\/\"]}]},{\"@type\":\"ImageObject\",\"inLanguage\":\"es\",\"@id\":\"https:\\\/\\\/zapateneo.net\\\/wordpress\\\/index.php\\\/producto\\\/la-libertad-en-coma-contra-la-informacion-del-mundo\\\/#primaryimage\",\"url\":\"https:\\\/\\\/zapateneo.net\\\/wordpress\\\/wp-content\\\/uploads\\\/2021\\\/04\\\/9788494764790.jpg\",\"contentUrl\":\"https:\\\/\\\/zapateneo.net\\\/wordpress\\\/wp-content\\\/uploads\\\/2021\\\/04\\\/9788494764790.jpg\",\"width\":120,\"height\":189},{\"@type\":\"BreadcrumbList\",\"@id\":\"https:\\\/\\\/zapateneo.net\\\/wordpress\\\/index.php\\\/producto\\\/la-libertad-en-coma-contra-la-informacion-del-mundo\\\/#breadcrumb\",\"itemListElement\":[{\"@type\":\"ListItem\",\"position\":1,\"name\":\"Portada\",\"item\":\"https:\\\/\\\/zapateneo.net\\\/wordpress\\\/\"},{\"@type\":\"ListItem\",\"position\":2,\"name\":\"Tienda\",\"item\":\"https:\\\/\\\/zapateneo.net\\\/wordpress\\\/\"},{\"@type\":\"ListItem\",\"position\":3,\"name\":\"La libertad en coma. Contra la informaci\u00f3n del mundo\"}]},{\"@type\":\"WebSite\",\"@id\":\"https:\\\/\\\/zapateneo.net\\\/wordpress\\\/#website\",\"url\":\"https:\\\/\\\/zapateneo.net\\\/wordpress\\\/\",\"name\":\"Zapateneo\",\"description\":\"Zapateneoaren webgunea\",\"publisher\":{\"@id\":\"https:\\\/\\\/zapateneo.net\\\/wordpress\\\/#organization\"},\"potentialAction\":[{\"@type\":\"SearchAction\",\"target\":{\"@type\":\"EntryPoint\",\"urlTemplate\":\"https:\\\/\\\/zapateneo.net\\\/wordpress\\\/?s={search_term_string}\"},\"query-input\":{\"@type\":\"PropertyValueSpecification\",\"valueRequired\":true,\"valueName\":\"search_term_string\"}}],\"inLanguage\":\"es\"},{\"@type\":\"Organization\",\"@id\":\"https:\\\/\\\/zapateneo.net\\\/wordpress\\\/#organization\",\"name\":\"Zapateneo Kultur Elkartea\",\"url\":\"https:\\\/\\\/zapateneo.net\\\/wordpress\\\/\",\"logo\":{\"@type\":\"ImageObject\",\"inLanguage\":\"es\",\"@id\":\"https:\\\/\\\/zapateneo.net\\\/wordpress\\\/#\\\/schema\\\/logo\\\/image\\\/\",\"url\":\"https:\\\/\\\/zapateneo.net\\\/wordpress\\\/wp-content\\\/uploads\\\/2021\\\/04\\\/zap-libu-kolec.jpg\",\"contentUrl\":\"https:\\\/\\\/zapateneo.net\\\/wordpress\\\/wp-content\\\/uploads\\\/2021\\\/04\\\/zap-libu-kolec.jpg\",\"width\":2234,\"height\":398,\"caption\":\"Zapateneo Kultur Elkartea\"},\"image\":{\"@id\":\"https:\\\/\\\/zapateneo.net\\\/wordpress\\\/#\\\/schema\\\/logo\\\/image\\\/\"},\"sameAs\":[\"https:\\\/\\\/x.com\\\/zapateneo\"]}]}<\/script>\n<!-- \/ Yoast SEO plugin. -->","yoast_head_json":{"title":"La libertad en coma. Contra la informaci\u00f3n del mundo &#8212; Zapateneo","robots":{"index":"index","follow":"follow","max-snippet":"max-snippet:-1","max-image-preview":"max-image-preview:large","max-video-preview":"max-video-preview:-1"},"canonical":"https:\/\/zapateneo.net\/wordpress\/index.php\/producto\/la-libertad-en-coma-contra-la-informacion-del-mundo\/","og_locale":"es_ES","og_type":"article","og_title":"La libertad en coma. Contra la informaci\u00f3n del mundo &#8212; Zapateneo","og_description":"Grupo Marcuse 9788494764790 - Ediciones El Salm\u00f3n - 2019 - 285 p\u00e1ginas \/orri.","og_url":"https:\/\/zapateneo.net\/wordpress\/index.php\/producto\/la-libertad-en-coma-contra-la-informacion-del-mundo\/","og_site_name":"Zapateneo","article_modified_time":"2021-04-08T15:47:43+00:00","og_image":[{"width":120,"height":189,"url":"https:\/\/zapateneo.net\/wordpress\/wp-content\/uploads\/2021\/04\/9788494764790.jpg","type":"image\/jpeg"}],"twitter_card":"summary_large_image","twitter_site":"@zapateneo","twitter_misc":{"Tiempo de lectura":"2 minutos"},"schema":{"@context":"https:\/\/schema.org","@graph":[{"@type":"WebPage","@id":"https:\/\/zapateneo.net\/wordpress\/index.php\/producto\/la-libertad-en-coma-contra-la-informacion-del-mundo\/","url":"https:\/\/zapateneo.net\/wordpress\/index.php\/producto\/la-libertad-en-coma-contra-la-informacion-del-mundo\/","name":"La libertad en coma. Contra la informaci\u00f3n del mundo &#8212; Zapateneo","isPartOf":{"@id":"https:\/\/zapateneo.net\/wordpress\/#website"},"primaryImageOfPage":{"@id":"https:\/\/zapateneo.net\/wordpress\/index.php\/producto\/la-libertad-en-coma-contra-la-informacion-del-mundo\/#primaryimage"},"image":{"@id":"https:\/\/zapateneo.net\/wordpress\/index.php\/producto\/la-libertad-en-coma-contra-la-informacion-del-mundo\/#primaryimage"},"thumbnailUrl":"https:\/\/zapateneo.net\/wordpress\/wp-content\/uploads\/2021\/04\/9788494764790.jpg","datePublished":"2021-04-08T15:47:25+00:00","dateModified":"2021-04-08T15:47:43+00:00","breadcrumb":{"@id":"https:\/\/zapateneo.net\/wordpress\/index.php\/producto\/la-libertad-en-coma-contra-la-informacion-del-mundo\/#breadcrumb"},"inLanguage":"es","potentialAction":[{"@type":"ReadAction","target":["https:\/\/zapateneo.net\/wordpress\/index.php\/producto\/la-libertad-en-coma-contra-la-informacion-del-mundo\/"]}]},{"@type":"ImageObject","inLanguage":"es","@id":"https:\/\/zapateneo.net\/wordpress\/index.php\/producto\/la-libertad-en-coma-contra-la-informacion-del-mundo\/#primaryimage","url":"https:\/\/zapateneo.net\/wordpress\/wp-content\/uploads\/2021\/04\/9788494764790.jpg","contentUrl":"https:\/\/zapateneo.net\/wordpress\/wp-content\/uploads\/2021\/04\/9788494764790.jpg","width":120,"height":189},{"@type":"BreadcrumbList","@id":"https:\/\/zapateneo.net\/wordpress\/index.php\/producto\/la-libertad-en-coma-contra-la-informacion-del-mundo\/#breadcrumb","itemListElement":[{"@type":"ListItem","position":1,"name":"Portada","item":"https:\/\/zapateneo.net\/wordpress\/"},{"@type":"ListItem","position":2,"name":"Tienda","item":"https:\/\/zapateneo.net\/wordpress\/"},{"@type":"ListItem","position":3,"name":"La libertad en coma. Contra la informaci\u00f3n del mundo"}]},{"@type":"WebSite","@id":"https:\/\/zapateneo.net\/wordpress\/#website","url":"https:\/\/zapateneo.net\/wordpress\/","name":"Zapateneo","description":"Zapateneoaren webgunea","publisher":{"@id":"https:\/\/zapateneo.net\/wordpress\/#organization"},"potentialAction":[{"@type":"SearchAction","target":{"@type":"EntryPoint","urlTemplate":"https:\/\/zapateneo.net\/wordpress\/?s={search_term_string}"},"query-input":{"@type":"PropertyValueSpecification","valueRequired":true,"valueName":"search_term_string"}}],"inLanguage":"es"},{"@type":"Organization","@id":"https:\/\/zapateneo.net\/wordpress\/#organization","name":"Zapateneo Kultur Elkartea","url":"https:\/\/zapateneo.net\/wordpress\/","logo":{"@type":"ImageObject","inLanguage":"es","@id":"https:\/\/zapateneo.net\/wordpress\/#\/schema\/logo\/image\/","url":"https:\/\/zapateneo.net\/wordpress\/wp-content\/uploads\/2021\/04\/zap-libu-kolec.jpg","contentUrl":"https:\/\/zapateneo.net\/wordpress\/wp-content\/uploads\/2021\/04\/zap-libu-kolec.jpg","width":2234,"height":398,"caption":"Zapateneo Kultur Elkartea"},"image":{"@id":"https:\/\/zapateneo.net\/wordpress\/#\/schema\/logo\/image\/"},"sameAs":["https:\/\/x.com\/zapateneo"]}]}},"_links":{"self":[{"href":"https:\/\/zapateneo.net\/wordpress\/index.php\/wp-json\/wp\/v2\/product\/4974","targetHints":{"allow":["GET"]}}],"collection":[{"href":"https:\/\/zapateneo.net\/wordpress\/index.php\/wp-json\/wp\/v2\/product"}],"about":[{"href":"https:\/\/zapateneo.net\/wordpress\/index.php\/wp-json\/wp\/v2\/types\/product"}],"wp:featuredmedia":[{"embeddable":true,"href":"https:\/\/zapateneo.net\/wordpress\/index.php\/wp-json\/wp\/v2\/media\/5003"}],"wp:attachment":[{"href":"https:\/\/zapateneo.net\/wordpress\/index.php\/wp-json\/wp\/v2\/media?parent=4974"}],"wp:term":[{"taxonomy":"product_brand","embeddable":true,"href":"https:\/\/zapateneo.net\/wordpress\/index.php\/wp-json\/wp\/v2\/product_brand?post=4974"},{"taxonomy":"product_cat","embeddable":true,"href":"https:\/\/zapateneo.net\/wordpress\/index.php\/wp-json\/wp\/v2\/product_cat?post=4974"},{"taxonomy":"product_tag","embeddable":true,"href":"https:\/\/zapateneo.net\/wordpress\/index.php\/wp-json\/wp\/v2\/product_tag?post=4974"}],"curies":[{"name":"wp","href":"https:\/\/api.w.org\/{rel}","templated":true}]}}