{"id":4920,"date":"2021-04-08T16:40:04","date_gmt":"2021-04-08T15:40:04","guid":{"rendered":"https:\/\/zapateneo.net\/wordpress\/?post_type=product&#038;p=4920"},"modified":"2021-10-18T17:03:59","modified_gmt":"2021-10-18T16:03:59","slug":"solo-un-dios-puede-aun-salvarnos-heidegger-y-la-tecnica","status":"publish","type":"product","link":"https:\/\/zapateneo.net\/wordpress\/index.php\/producto\/solo-un-dios-puede-aun-salvarnos-heidegger-y-la-tecnica\/","title":{"rendered":"\u00bfS\u00f3lo un dios puede a\u00fan salvarnos? Heidegger y la t\u00e9cnica"},"content":{"rendered":"<p>Situando las ideas de Heidegger en el contexto de la \u00abcontroversia sobre la t\u00e9cnica\u00bb en Alemania, contrast\u00e1ndolas con las obras de otros pensadores de la t\u00e9cnica como Jacques Ellul o Lewis Mumford, y deteni\u00e9ndose en la recepci\u00f3n posterior de las mismas, Javier Rodr\u00edguez Hidalgo pone en entredicho la figura del fil\u00f3sofo alem\u00e1n y su supuesto papel de l\u00facido debelador de la sociedad t\u00e9cnica.<\/p>\n<p>Javier Rodr\u00edguez Hidalgo.<\/p>\n<p>\u00abS\u00f3lo un dios puede a\u00fan salvarnos\u00bb, afirm\u00f3 Heidegger en una entrevista de 1953 publicada despu\u00e9s de su muerte. Considerado por muchos como el mayor fil\u00f3sofo de la t\u00e9cnica del siglo XX, alud\u00eda con esa frase al \u00fanico camino que cabr\u00eda encontrar para salir del desastre al que seg\u00fan \u00e9l hab\u00eda llegado la sociedad occidental fundada sobre la t\u00e9cnica. Sin embargo, \u00bffue realmente Heidegger un cr\u00edtico de la t\u00e9cnica? Situando las ideas de Heidegger en el contexto de la \u00abcontroversia sobre la t\u00e9cnica\u00bb en Alemania, contrast\u00e1ndolas con las obras de otros pensadores de la t\u00e9cnica como Jacques Ellul o Lewis Mumford, y deteni\u00e9ndose en la recepci\u00f3n posterior de las mismas, Javier Rodr\u00edguez Hidalgo pone en entredicho la figura del fil\u00f3sofo alem\u00e1n y su supuesto papel de l\u00facido debelador de la sociedad t\u00e9cnica.<\/p>\n<p>&nbsp;<\/p>\n<p>&nbsp;<\/p>\n<p>&nbsp;<\/p>\n<p>&nbsp;<\/p>\n<p>&nbsp;<\/p>\n<p>&nbsp;<\/p>\n<p>&nbsp;<\/p>\n<p>&nbsp;<\/p>\n<p>&nbsp;<\/p>\n<p>&nbsp;<\/p>\n<p>&nbsp;<\/p>\n<p>&nbsp;<\/p>\n<p>&nbsp;<\/p>\n<p>&nbsp;<\/p>\n<p>&nbsp;<\/p>\n<p>&nbsp;<\/p>\n<p>&nbsp;<\/p>\n<p>&nbsp;<\/p>\n<p>&nbsp;<\/p>\n","protected":false},"excerpt":{"rendered":"<p><strong>Rodr\u00edguez Hidalgo, Javier<\/strong><br \/>\n9788494109225 &#8211; Ediciones El salm\u00f3n &#8211; 2013 &#8211; p\u00e1ginas \/orri.<\/p>\n","protected":false},"featured_media":8612,"template":"","meta":[],"product_brand":[],"product_cat":[183,16],"product_tag":[443,3203,4654],"class_list":{"0":"post-4920","1":"product","2":"type-product","3":"status-publish","4":"has-post-thumbnail","6":"product_cat-kultur-adierazpenak-expresiones-culturales","7":"product_cat-libros","8":"product_tag-ediciones-el-salmon","9":"product_tag-rodriguez-hidalgo","10":"product_tag-tecnologia","12":"first","13":"instock","14":"sold-individually","15":"shipping-taxable","16":"purchasable","17":"product-type-simple"},"yoast_head":"<!-- This site is optimized with the Yoast SEO plugin v27.3 - https:\/\/yoast.com\/product\/yoast-seo-wordpress\/ -->\n<title>\u00bfS\u00f3lo un dios puede a\u00fan salvarnos? Heidegger y la t\u00e9cnica &#8212; Zapateneo<\/title>\n<meta name=\"robots\" content=\"index, follow, max-snippet:-1, max-image-preview:large, max-video-preview:-1\" \/>\n<link rel=\"canonical\" href=\"https:\/\/zapateneo.net\/wordpress\/index.php\/producto\/solo-un-dios-puede-aun-salvarnos-heidegger-y-la-tecnica\/\" \/>\n<meta property=\"og:locale\" content=\"es_ES\" \/>\n<meta property=\"og:type\" content=\"article\" \/>\n<meta property=\"og:title\" content=\"\u00bfS\u00f3lo un dios puede a\u00fan salvarnos? Heidegger y la t\u00e9cnica &#8212; Zapateneo\" \/>\n<meta property=\"og:description\" content=\"Rodr\u00edguez Hidalgo, Javier 9788494109225 - Ediciones El salm\u00f3n - 2013 - p\u00e1ginas \/orri.\" \/>\n<meta property=\"og:url\" content=\"https:\/\/zapateneo.net\/wordpress\/index.php\/producto\/solo-un-dios-puede-aun-salvarnos-heidegger-y-la-tecnica\/\" \/>\n<meta property=\"og:site_name\" content=\"Zapateneo\" \/>\n<meta property=\"article:modified_time\" content=\"2021-10-18T16:03:59+00:00\" \/>\n<meta property=\"og:image\" content=\"https:\/\/zapateneo.net\/wordpress\/wp-content\/uploads\/2021\/04\/solo-un-dios-puede-aun-salvarnos-heidegger-y-la-tecnica.jpg\" \/>\n\t<meta property=\"og:image:width\" content=\"600\" \/>\n\t<meta property=\"og:image:height\" content=\"800\" \/>\n\t<meta property=\"og:image:type\" content=\"image\/jpeg\" \/>\n<meta name=\"twitter:card\" content=\"summary_large_image\" \/>\n<meta name=\"twitter:site\" content=\"@zapateneo\" \/>\n<meta name=\"twitter:label1\" content=\"Tiempo de lectura\" \/>\n\t<meta name=\"twitter:data1\" content=\"1 minuto\" \/>\n<script type=\"application\/ld+json\" class=\"yoast-schema-graph\">{\"@context\":\"https:\\\/\\\/schema.org\",\"@graph\":[{\"@type\":\"WebPage\",\"@id\":\"https:\\\/\\\/zapateneo.net\\\/wordpress\\\/index.php\\\/producto\\\/solo-un-dios-puede-aun-salvarnos-heidegger-y-la-tecnica\\\/\",\"url\":\"https:\\\/\\\/zapateneo.net\\\/wordpress\\\/index.php\\\/producto\\\/solo-un-dios-puede-aun-salvarnos-heidegger-y-la-tecnica\\\/\",\"name\":\"\u00bfS\u00f3lo un dios puede a\u00fan salvarnos? Heidegger y la t\u00e9cnica &#8212; Zapateneo\",\"isPartOf\":{\"@id\":\"https:\\\/\\\/zapateneo.net\\\/wordpress\\\/#website\"},\"primaryImageOfPage\":{\"@id\":\"https:\\\/\\\/zapateneo.net\\\/wordpress\\\/index.php\\\/producto\\\/solo-un-dios-puede-aun-salvarnos-heidegger-y-la-tecnica\\\/#primaryimage\"},\"image\":{\"@id\":\"https:\\\/\\\/zapateneo.net\\\/wordpress\\\/index.php\\\/producto\\\/solo-un-dios-puede-aun-salvarnos-heidegger-y-la-tecnica\\\/#primaryimage\"},\"thumbnailUrl\":\"https:\\\/\\\/zapateneo.net\\\/wordpress\\\/wp-content\\\/uploads\\\/2021\\\/04\\\/solo-un-dios-puede-aun-salvarnos-heidegger-y-la-tecnica.jpg\",\"datePublished\":\"2021-04-08T15:40:04+00:00\",\"dateModified\":\"2021-10-18T16:03:59+00:00\",\"breadcrumb\":{\"@id\":\"https:\\\/\\\/zapateneo.net\\\/wordpress\\\/index.php\\\/producto\\\/solo-un-dios-puede-aun-salvarnos-heidegger-y-la-tecnica\\\/#breadcrumb\"},\"inLanguage\":\"es\",\"potentialAction\":[{\"@type\":\"ReadAction\",\"target\":[\"https:\\\/\\\/zapateneo.net\\\/wordpress\\\/index.php\\\/producto\\\/solo-un-dios-puede-aun-salvarnos-heidegger-y-la-tecnica\\\/\"]}]},{\"@type\":\"ImageObject\",\"inLanguage\":\"es\",\"@id\":\"https:\\\/\\\/zapateneo.net\\\/wordpress\\\/index.php\\\/producto\\\/solo-un-dios-puede-aun-salvarnos-heidegger-y-la-tecnica\\\/#primaryimage\",\"url\":\"https:\\\/\\\/zapateneo.net\\\/wordpress\\\/wp-content\\\/uploads\\\/2021\\\/04\\\/solo-un-dios-puede-aun-salvarnos-heidegger-y-la-tecnica.jpg\",\"contentUrl\":\"https:\\\/\\\/zapateneo.net\\\/wordpress\\\/wp-content\\\/uploads\\\/2021\\\/04\\\/solo-un-dios-puede-aun-salvarnos-heidegger-y-la-tecnica.jpg\",\"width\":600,\"height\":800},{\"@type\":\"BreadcrumbList\",\"@id\":\"https:\\\/\\\/zapateneo.net\\\/wordpress\\\/index.php\\\/producto\\\/solo-un-dios-puede-aun-salvarnos-heidegger-y-la-tecnica\\\/#breadcrumb\",\"itemListElement\":[{\"@type\":\"ListItem\",\"position\":1,\"name\":\"Portada\",\"item\":\"https:\\\/\\\/zapateneo.net\\\/wordpress\\\/\"},{\"@type\":\"ListItem\",\"position\":2,\"name\":\"Tienda\",\"item\":\"https:\\\/\\\/zapateneo.net\\\/wordpress\\\/\"},{\"@type\":\"ListItem\",\"position\":3,\"name\":\"\u00bfS\u00f3lo un dios puede a\u00fan salvarnos? Heidegger y la t\u00e9cnica\"}]},{\"@type\":\"WebSite\",\"@id\":\"https:\\\/\\\/zapateneo.net\\\/wordpress\\\/#website\",\"url\":\"https:\\\/\\\/zapateneo.net\\\/wordpress\\\/\",\"name\":\"Zapateneo\",\"description\":\"Zapateneoaren webgunea\",\"publisher\":{\"@id\":\"https:\\\/\\\/zapateneo.net\\\/wordpress\\\/#organization\"},\"potentialAction\":[{\"@type\":\"SearchAction\",\"target\":{\"@type\":\"EntryPoint\",\"urlTemplate\":\"https:\\\/\\\/zapateneo.net\\\/wordpress\\\/?s={search_term_string}\"},\"query-input\":{\"@type\":\"PropertyValueSpecification\",\"valueRequired\":true,\"valueName\":\"search_term_string\"}}],\"inLanguage\":\"es\"},{\"@type\":\"Organization\",\"@id\":\"https:\\\/\\\/zapateneo.net\\\/wordpress\\\/#organization\",\"name\":\"Zapateneo Kultur Elkartea\",\"url\":\"https:\\\/\\\/zapateneo.net\\\/wordpress\\\/\",\"logo\":{\"@type\":\"ImageObject\",\"inLanguage\":\"es\",\"@id\":\"https:\\\/\\\/zapateneo.net\\\/wordpress\\\/#\\\/schema\\\/logo\\\/image\\\/\",\"url\":\"https:\\\/\\\/zapateneo.net\\\/wordpress\\\/wp-content\\\/uploads\\\/2021\\\/04\\\/zap-libu-kolec.jpg\",\"contentUrl\":\"https:\\\/\\\/zapateneo.net\\\/wordpress\\\/wp-content\\\/uploads\\\/2021\\\/04\\\/zap-libu-kolec.jpg\",\"width\":2234,\"height\":398,\"caption\":\"Zapateneo Kultur Elkartea\"},\"image\":{\"@id\":\"https:\\\/\\\/zapateneo.net\\\/wordpress\\\/#\\\/schema\\\/logo\\\/image\\\/\"},\"sameAs\":[\"https:\\\/\\\/x.com\\\/zapateneo\"]}]}<\/script>\n<!-- \/ Yoast SEO plugin. -->","yoast_head_json":{"title":"\u00bfS\u00f3lo un dios puede a\u00fan salvarnos? Heidegger y la t\u00e9cnica &#8212; Zapateneo","robots":{"index":"index","follow":"follow","max-snippet":"max-snippet:-1","max-image-preview":"max-image-preview:large","max-video-preview":"max-video-preview:-1"},"canonical":"https:\/\/zapateneo.net\/wordpress\/index.php\/producto\/solo-un-dios-puede-aun-salvarnos-heidegger-y-la-tecnica\/","og_locale":"es_ES","og_type":"article","og_title":"\u00bfS\u00f3lo un dios puede a\u00fan salvarnos? Heidegger y la t\u00e9cnica &#8212; Zapateneo","og_description":"Rodr\u00edguez Hidalgo, Javier 9788494109225 - Ediciones El salm\u00f3n - 2013 - p\u00e1ginas \/orri.","og_url":"https:\/\/zapateneo.net\/wordpress\/index.php\/producto\/solo-un-dios-puede-aun-salvarnos-heidegger-y-la-tecnica\/","og_site_name":"Zapateneo","article_modified_time":"2021-10-18T16:03:59+00:00","og_image":[{"width":600,"height":800,"url":"https:\/\/zapateneo.net\/wordpress\/wp-content\/uploads\/2021\/04\/solo-un-dios-puede-aun-salvarnos-heidegger-y-la-tecnica.jpg","type":"image\/jpeg"}],"twitter_card":"summary_large_image","twitter_site":"@zapateneo","twitter_misc":{"Tiempo de lectura":"1 minuto"},"schema":{"@context":"https:\/\/schema.org","@graph":[{"@type":"WebPage","@id":"https:\/\/zapateneo.net\/wordpress\/index.php\/producto\/solo-un-dios-puede-aun-salvarnos-heidegger-y-la-tecnica\/","url":"https:\/\/zapateneo.net\/wordpress\/index.php\/producto\/solo-un-dios-puede-aun-salvarnos-heidegger-y-la-tecnica\/","name":"\u00bfS\u00f3lo un dios puede a\u00fan salvarnos? Heidegger y la t\u00e9cnica &#8212; Zapateneo","isPartOf":{"@id":"https:\/\/zapateneo.net\/wordpress\/#website"},"primaryImageOfPage":{"@id":"https:\/\/zapateneo.net\/wordpress\/index.php\/producto\/solo-un-dios-puede-aun-salvarnos-heidegger-y-la-tecnica\/#primaryimage"},"image":{"@id":"https:\/\/zapateneo.net\/wordpress\/index.php\/producto\/solo-un-dios-puede-aun-salvarnos-heidegger-y-la-tecnica\/#primaryimage"},"thumbnailUrl":"https:\/\/zapateneo.net\/wordpress\/wp-content\/uploads\/2021\/04\/solo-un-dios-puede-aun-salvarnos-heidegger-y-la-tecnica.jpg","datePublished":"2021-04-08T15:40:04+00:00","dateModified":"2021-10-18T16:03:59+00:00","breadcrumb":{"@id":"https:\/\/zapateneo.net\/wordpress\/index.php\/producto\/solo-un-dios-puede-aun-salvarnos-heidegger-y-la-tecnica\/#breadcrumb"},"inLanguage":"es","potentialAction":[{"@type":"ReadAction","target":["https:\/\/zapateneo.net\/wordpress\/index.php\/producto\/solo-un-dios-puede-aun-salvarnos-heidegger-y-la-tecnica\/"]}]},{"@type":"ImageObject","inLanguage":"es","@id":"https:\/\/zapateneo.net\/wordpress\/index.php\/producto\/solo-un-dios-puede-aun-salvarnos-heidegger-y-la-tecnica\/#primaryimage","url":"https:\/\/zapateneo.net\/wordpress\/wp-content\/uploads\/2021\/04\/solo-un-dios-puede-aun-salvarnos-heidegger-y-la-tecnica.jpg","contentUrl":"https:\/\/zapateneo.net\/wordpress\/wp-content\/uploads\/2021\/04\/solo-un-dios-puede-aun-salvarnos-heidegger-y-la-tecnica.jpg","width":600,"height":800},{"@type":"BreadcrumbList","@id":"https:\/\/zapateneo.net\/wordpress\/index.php\/producto\/solo-un-dios-puede-aun-salvarnos-heidegger-y-la-tecnica\/#breadcrumb","itemListElement":[{"@type":"ListItem","position":1,"name":"Portada","item":"https:\/\/zapateneo.net\/wordpress\/"},{"@type":"ListItem","position":2,"name":"Tienda","item":"https:\/\/zapateneo.net\/wordpress\/"},{"@type":"ListItem","position":3,"name":"\u00bfS\u00f3lo un dios puede a\u00fan salvarnos? Heidegger y la t\u00e9cnica"}]},{"@type":"WebSite","@id":"https:\/\/zapateneo.net\/wordpress\/#website","url":"https:\/\/zapateneo.net\/wordpress\/","name":"Zapateneo","description":"Zapateneoaren webgunea","publisher":{"@id":"https:\/\/zapateneo.net\/wordpress\/#organization"},"potentialAction":[{"@type":"SearchAction","target":{"@type":"EntryPoint","urlTemplate":"https:\/\/zapateneo.net\/wordpress\/?s={search_term_string}"},"query-input":{"@type":"PropertyValueSpecification","valueRequired":true,"valueName":"search_term_string"}}],"inLanguage":"es"},{"@type":"Organization","@id":"https:\/\/zapateneo.net\/wordpress\/#organization","name":"Zapateneo Kultur Elkartea","url":"https:\/\/zapateneo.net\/wordpress\/","logo":{"@type":"ImageObject","inLanguage":"es","@id":"https:\/\/zapateneo.net\/wordpress\/#\/schema\/logo\/image\/","url":"https:\/\/zapateneo.net\/wordpress\/wp-content\/uploads\/2021\/04\/zap-libu-kolec.jpg","contentUrl":"https:\/\/zapateneo.net\/wordpress\/wp-content\/uploads\/2021\/04\/zap-libu-kolec.jpg","width":2234,"height":398,"caption":"Zapateneo Kultur Elkartea"},"image":{"@id":"https:\/\/zapateneo.net\/wordpress\/#\/schema\/logo\/image\/"},"sameAs":["https:\/\/x.com\/zapateneo"]}]}},"_links":{"self":[{"href":"https:\/\/zapateneo.net\/wordpress\/index.php\/wp-json\/wp\/v2\/product\/4920","targetHints":{"allow":["GET"]}}],"collection":[{"href":"https:\/\/zapateneo.net\/wordpress\/index.php\/wp-json\/wp\/v2\/product"}],"about":[{"href":"https:\/\/zapateneo.net\/wordpress\/index.php\/wp-json\/wp\/v2\/types\/product"}],"wp:featuredmedia":[{"embeddable":true,"href":"https:\/\/zapateneo.net\/wordpress\/index.php\/wp-json\/wp\/v2\/media\/8612"}],"wp:attachment":[{"href":"https:\/\/zapateneo.net\/wordpress\/index.php\/wp-json\/wp\/v2\/media?parent=4920"}],"wp:term":[{"taxonomy":"product_brand","embeddable":true,"href":"https:\/\/zapateneo.net\/wordpress\/index.php\/wp-json\/wp\/v2\/product_brand?post=4920"},{"taxonomy":"product_cat","embeddable":true,"href":"https:\/\/zapateneo.net\/wordpress\/index.php\/wp-json\/wp\/v2\/product_cat?post=4920"},{"taxonomy":"product_tag","embeddable":true,"href":"https:\/\/zapateneo.net\/wordpress\/index.php\/wp-json\/wp\/v2\/product_tag?post=4920"}],"curies":[{"name":"wp","href":"https:\/\/api.w.org\/{rel}","templated":true}]}}