{"id":4919,"date":"2021-04-08T16:40:04","date_gmt":"2021-04-08T15:40:04","guid":{"rendered":"https:\/\/zapateneo.net\/wordpress\/?post_type=product&#038;p=4919"},"modified":"2024-07-19T17:19:44","modified_gmt":"2024-07-19T16:19:44","slug":"epitafios-la-voz-de-los-cementerios-9788482180045","status":"publish","type":"product","link":"https:\/\/zapateneo.net\/wordpress\/index.php\/producto\/epitafios-la-voz-de-los-cementerios-9788482180045\/","title":{"rendered":"EPITAFIOS. LA VOZ DE LOS CEMENTERIOS"},"content":{"rendered":"<p>Es un libro muy ameno y divertido porque le resta peso a eso tan normal como inevitable que es la muerte. Me encanta aquel de Ya no tose o el de Yace aqu\u00ed un mal matrimonio, dos cu\u00f1adas, suegro y yerno\u2026 No falta sino el demonio para estar justo en el infierno.. Tambi\u00e9n podemos encontrar fotos macabras a la par que bellas de l\u00e1pidas, tumbas y panteones, algunos verdaderas obras de arte. Es curioso encontrar los anuncios que emplean los cementerios para darse a conocer en la prensa dijo:<\/p>\n<blockquote>\n<div class=\"citacuerpo\">\n<p>Tumbas bajo cesped de 3 metros, estilo americano. Panteones familiares de 3 departamentos. Mausoleos simples y dobles en edificio particular<\/p>\n<\/div>\n<\/blockquote>\n<p>Vamos, que falta la piscina y el jacuzzi. Hay epitafios cortos: <strong>\u00abResucitar\u00e9\u00bb<\/strong>. Y otros largos y vengativos: <strong>\u00abCon un cintur\u00f3n como este pegaba a su hijo, a instancias de su madrasta. Su hijo jam\u00e1s se lo perdonar\u00e1 y su padre estar\u00e1 muerto para siempre\u2026\u00bb<\/strong> Buen cabr\u00f3n ten\u00eda que ser.<\/p>\n<div style=\"text-align: center;\">\n<p><strong><span style=\"font-size: 12pt;\">Fragmentos del libro<\/span><\/strong><\/p>\n<blockquote><p>&nbsp;<\/p><\/blockquote>\n<p><strong>[En la tumba de un escritor] <\/strong><\/p>\n<p>AQU\u00cd YACE UNO QUE FUE FIELMENTE DEVOTO DEL ARTE Y EL HONOR.<br \/>\nNO FUE GRAN COSA EN LA VIDA, Y AHORA NO ES ABSOLUTAMENTE NADA.<\/p>\n<p>&#8212;<\/p>\n<p>A LA MEMORIA DE MI QUERID\u00cdSIMA MADRE<br \/>\nFALLECIDA EL 8-7-42 A LA EDAD DE 26 A\u00d1OS Y QUE POR FALTA<br \/>\nDE MEDIOS ECON\u00d3MICOS Y DE CONCIENCIA SOCIAL,<br \/>\nFUE ENTERRADA DEPLORABLEMENTE EN ESTE LUGAR.<br \/>\nTAMBI\u00c9N DESEO RENDIR OFRENDA A LA MEMORIA DE TODAS AQUELLAS PERSONAS<br \/>\nQUE POR SU CONDICI\u00d3N DE HUMILDES, RELIGI\u00d3N O IDEALES POL\u00cdTICOS, HAN SIDO<br \/>\nSEPULTADOS A TRAV\u00c9S DE LOS A\u00d1OS EN ESTE RECINTO TRISTE Y OLVIDADO.<\/p>\n<p>MIS L\u00c1GRIMAS, MI DOLOR, MI ODIO Y LA OSCURIDAD NO ME DEJARON VER LA LUZ<br \/>\nDEL LUGAR DONDE EST\u00c1S. HOY, AFORTUNADAMENTE, DESPU\u00c9S DE MIS CONFUSIONES<br \/>\nTE ENCONTR\u00c9 Y MI LUZ, AUNQUE GRIS, TIENE YA UN COLOR. LA MUERTE ES LA \u00daNICA<br \/>\nCONDICI\u00d3N HUMANA QUE NOS IGUALA. AUNQUE LOS VIVOS CONTINUAMOS<br \/>\nPERSISTIENDO EN NUESTRAS DIFERENCIAS. QUE DIOS TE TENGA EN SU GLORIA.<\/p>\n<p>TU HIJO SIEMPRE TE LLOR\u00d3.<\/p>\n<p>&#8212;<\/p>\n<p>[En la tumba de una ni\u00f1a]<\/p>\n<p>UN \u00c1NGEL M\u00c1S EN EL CIELO<br \/>\nY UNO MENOS EN LA TIERRA.<\/p>\n<p>&#8212;<\/p>\n<p>[En la tumba de un ni\u00f1o de once meses]<\/p>\n<p>ERAS \u00c1NGEL DE HERMOSURA<br \/>\nY DE TUS PADRES CONSUELO.<br \/>\nDIOS<br \/>\nPOR TENERTE M\u00c1S SEGURO<br \/>\nTE HA COLOCADO EN EL CIELO.<\/p>\n<p>&#8212;<\/p>\n<p>AQU\u00cd YACE POLVO, CENIZA, NADA.<\/p>\n<p>&#8212;<\/p>\n<p>[En un cementerio civil]<\/p>\n<p>NO QUIERO, CUANDO ME MUERA, NADA CON EL OTRO MUNDO:<br \/>\nQUIERO QUEDARME EN LA TIERRA. QUEDARME SOLO EN LA TIERRA.<br \/>\nSIN PARA\u00cdSO NI INFIERNO NI PURGATORIO SIQUIERA. QUEDARME COMO SE QUEDAN<br \/>\nSOBRE EL SUELO HUMEDECIDO DEL BOSQUE, LAS HOJAS MUERTAS.<\/p>\n<p>&#8212;<\/p>\n<p>SE PUEDE PERDER AL SO\u00d1ADOR, PERO NO EL SUE\u00d1O.<\/p>\n<p>&#8212;<\/p>\n<p>EN ESTE LUGAR REPOSAN LOS RESTOS DE UN SER QUE POSEY\u00d3 LA BELLEZA SIN LA VANIDAD,<br \/>\nLA FUERZA SIN LA INSOLENCIA, EL VALOR SIN LA FEROCIDAD Y TODAS LAS VIRTUDES DEL HOMBRE<br \/>\nSIN SUS VICIOS. ESTE ELOGIO QUE CONSISTIR\u00cdA UNA ABSURDA LISONJA SI ESTUVIERA ESCRITO<br \/>\nSOBRE CENIZAS HUMANAS, NO ES M\u00c1S QUE UN JUSTO TRIBUTO A LA MEMORIA DE FITZ.<\/p>\n<\/div>\n<p>&nbsp;<\/p>\n<p>&nbsp;<\/p>\n<p>&nbsp;<\/p>\n<p>&nbsp;<\/p>\n<p>&nbsp;<\/p>\n<p>&nbsp;<\/p>\n<p>&nbsp;<\/p>\n<p>&nbsp;<\/p>\n<p>&nbsp;<\/p>\n","protected":false},"excerpt":{"rendered":"<p><strong>RODR\u00cdGUEZ CORIA, JAVIER<\/strong><br \/>\n9788482180045 &#8211; VOSA &#8211; 1995 &#8211; 119 p\u00e1ginas \/orri.<\/p>\n","protected":false},"featured_media":4960,"template":"","meta":[],"product_brand":[],"product_cat":[183,16],"product_tag":[3202,946],"class_list":{"0":"post-4919","1":"product","2":"type-product","3":"status-publish","4":"has-post-thumbnail","6":"product_cat-kultur-adierazpenak-expresiones-culturales","7":"product_cat-libros","8":"product_tag-rodriguez-coria","9":"product_tag-vosa","11":"first","12":"outofstock","13":"sold-individually","14":"shipping-taxable","15":"purchasable","16":"product-type-simple"},"yoast_head":"<!-- This site is optimized with the Yoast SEO plugin v27.3 - https:\/\/yoast.com\/product\/yoast-seo-wordpress\/ -->\n<title>EPITAFIOS. LA VOZ DE LOS CEMENTERIOS &#8212; Zapateneo<\/title>\n<meta name=\"description\" content=\"9788482180045, epitafios, rodriguezRodr\u00edguez coria\" \/>\n<meta name=\"robots\" content=\"index, follow, max-snippet:-1, max-image-preview:large, max-video-preview:-1\" \/>\n<link rel=\"canonical\" href=\"https:\/\/zapateneo.net\/wordpress\/index.php\/producto\/epitafios-la-voz-de-los-cementerios-9788482180045\/\" \/>\n<meta property=\"og:locale\" content=\"es_ES\" \/>\n<meta property=\"og:type\" content=\"article\" \/>\n<meta property=\"og:title\" content=\"EPITAFIOS. LA VOZ DE LOS CEMENTERIOS &#8212; Zapateneo\" \/>\n<meta property=\"og:description\" content=\"9788482180045, epitafios, rodriguezRodr\u00edguez coria\" \/>\n<meta property=\"og:url\" content=\"https:\/\/zapateneo.net\/wordpress\/index.php\/producto\/epitafios-la-voz-de-los-cementerios-9788482180045\/\" \/>\n<meta property=\"og:site_name\" content=\"Zapateneo\" \/>\n<meta property=\"article:modified_time\" content=\"2024-07-19T16:19:44+00:00\" \/>\n<meta property=\"og:image\" content=\"https:\/\/zapateneo.net\/wordpress\/wp-content\/uploads\/2021\/04\/940.jpg\" \/>\n\t<meta property=\"og:image:width\" content=\"200\" \/>\n\t<meta property=\"og:image:height\" content=\"266\" \/>\n\t<meta property=\"og:image:type\" content=\"image\/jpeg\" \/>\n<meta name=\"twitter:card\" content=\"summary_large_image\" \/>\n<meta name=\"twitter:site\" content=\"@zapateneo\" \/>\n<meta name=\"twitter:label1\" content=\"Tiempo de lectura\" \/>\n\t<meta name=\"twitter:data1\" content=\"3 minutos\" \/>\n<script type=\"application\/ld+json\" class=\"yoast-schema-graph\">{\"@context\":\"https:\\\/\\\/schema.org\",\"@graph\":[{\"@type\":\"WebPage\",\"@id\":\"https:\\\/\\\/zapateneo.net\\\/wordpress\\\/index.php\\\/producto\\\/epitafios-la-voz-de-los-cementerios-9788482180045\\\/\",\"url\":\"https:\\\/\\\/zapateneo.net\\\/wordpress\\\/index.php\\\/producto\\\/epitafios-la-voz-de-los-cementerios-9788482180045\\\/\",\"name\":\"EPITAFIOS. LA VOZ DE LOS CEMENTERIOS &#8212; Zapateneo\",\"isPartOf\":{\"@id\":\"https:\\\/\\\/zapateneo.net\\\/wordpress\\\/#website\"},\"primaryImageOfPage\":{\"@id\":\"https:\\\/\\\/zapateneo.net\\\/wordpress\\\/index.php\\\/producto\\\/epitafios-la-voz-de-los-cementerios-9788482180045\\\/#primaryimage\"},\"image\":{\"@id\":\"https:\\\/\\\/zapateneo.net\\\/wordpress\\\/index.php\\\/producto\\\/epitafios-la-voz-de-los-cementerios-9788482180045\\\/#primaryimage\"},\"thumbnailUrl\":\"https:\\\/\\\/zapateneo.net\\\/wordpress\\\/wp-content\\\/uploads\\\/2021\\\/04\\\/940.jpg\",\"datePublished\":\"2021-04-08T15:40:04+00:00\",\"dateModified\":\"2024-07-19T16:19:44+00:00\",\"description\":\"9788482180045, epitafios, rodriguezRodr\u00edguez coria\",\"breadcrumb\":{\"@id\":\"https:\\\/\\\/zapateneo.net\\\/wordpress\\\/index.php\\\/producto\\\/epitafios-la-voz-de-los-cementerios-9788482180045\\\/#breadcrumb\"},\"inLanguage\":\"es\",\"potentialAction\":[{\"@type\":\"ReadAction\",\"target\":[\"https:\\\/\\\/zapateneo.net\\\/wordpress\\\/index.php\\\/producto\\\/epitafios-la-voz-de-los-cementerios-9788482180045\\\/\"]}]},{\"@type\":\"ImageObject\",\"inLanguage\":\"es\",\"@id\":\"https:\\\/\\\/zapateneo.net\\\/wordpress\\\/index.php\\\/producto\\\/epitafios-la-voz-de-los-cementerios-9788482180045\\\/#primaryimage\",\"url\":\"https:\\\/\\\/zapateneo.net\\\/wordpress\\\/wp-content\\\/uploads\\\/2021\\\/04\\\/940.jpg\",\"contentUrl\":\"https:\\\/\\\/zapateneo.net\\\/wordpress\\\/wp-content\\\/uploads\\\/2021\\\/04\\\/940.jpg\",\"width\":200,\"height\":266},{\"@type\":\"BreadcrumbList\",\"@id\":\"https:\\\/\\\/zapateneo.net\\\/wordpress\\\/index.php\\\/producto\\\/epitafios-la-voz-de-los-cementerios-9788482180045\\\/#breadcrumb\",\"itemListElement\":[{\"@type\":\"ListItem\",\"position\":1,\"name\":\"Portada\",\"item\":\"https:\\\/\\\/zapateneo.net\\\/wordpress\\\/\"},{\"@type\":\"ListItem\",\"position\":2,\"name\":\"Tienda\",\"item\":\"https:\\\/\\\/zapateneo.net\\\/wordpress\\\/\"},{\"@type\":\"ListItem\",\"position\":3,\"name\":\"EPITAFIOS. LA VOZ DE LOS CEMENTERIOS\"}]},{\"@type\":\"WebSite\",\"@id\":\"https:\\\/\\\/zapateneo.net\\\/wordpress\\\/#website\",\"url\":\"https:\\\/\\\/zapateneo.net\\\/wordpress\\\/\",\"name\":\"Zapateneo\",\"description\":\"Zapateneoaren webgunea\",\"publisher\":{\"@id\":\"https:\\\/\\\/zapateneo.net\\\/wordpress\\\/#organization\"},\"potentialAction\":[{\"@type\":\"SearchAction\",\"target\":{\"@type\":\"EntryPoint\",\"urlTemplate\":\"https:\\\/\\\/zapateneo.net\\\/wordpress\\\/?s={search_term_string}\"},\"query-input\":{\"@type\":\"PropertyValueSpecification\",\"valueRequired\":true,\"valueName\":\"search_term_string\"}}],\"inLanguage\":\"es\"},{\"@type\":\"Organization\",\"@id\":\"https:\\\/\\\/zapateneo.net\\\/wordpress\\\/#organization\",\"name\":\"Zapateneo Kultur Elkartea\",\"url\":\"https:\\\/\\\/zapateneo.net\\\/wordpress\\\/\",\"logo\":{\"@type\":\"ImageObject\",\"inLanguage\":\"es\",\"@id\":\"https:\\\/\\\/zapateneo.net\\\/wordpress\\\/#\\\/schema\\\/logo\\\/image\\\/\",\"url\":\"https:\\\/\\\/zapateneo.net\\\/wordpress\\\/wp-content\\\/uploads\\\/2021\\\/04\\\/zap-libu-kolec.jpg\",\"contentUrl\":\"https:\\\/\\\/zapateneo.net\\\/wordpress\\\/wp-content\\\/uploads\\\/2021\\\/04\\\/zap-libu-kolec.jpg\",\"width\":2234,\"height\":398,\"caption\":\"Zapateneo Kultur Elkartea\"},\"image\":{\"@id\":\"https:\\\/\\\/zapateneo.net\\\/wordpress\\\/#\\\/schema\\\/logo\\\/image\\\/\"},\"sameAs\":[\"https:\\\/\\\/x.com\\\/zapateneo\"]}]}<\/script>\n<!-- \/ Yoast SEO plugin. -->","yoast_head_json":{"title":"EPITAFIOS. LA VOZ DE LOS CEMENTERIOS &#8212; Zapateneo","description":"9788482180045, epitafios, rodriguezRodr\u00edguez coria","robots":{"index":"index","follow":"follow","max-snippet":"max-snippet:-1","max-image-preview":"max-image-preview:large","max-video-preview":"max-video-preview:-1"},"canonical":"https:\/\/zapateneo.net\/wordpress\/index.php\/producto\/epitafios-la-voz-de-los-cementerios-9788482180045\/","og_locale":"es_ES","og_type":"article","og_title":"EPITAFIOS. LA VOZ DE LOS CEMENTERIOS &#8212; Zapateneo","og_description":"9788482180045, epitafios, rodriguezRodr\u00edguez coria","og_url":"https:\/\/zapateneo.net\/wordpress\/index.php\/producto\/epitafios-la-voz-de-los-cementerios-9788482180045\/","og_site_name":"Zapateneo","article_modified_time":"2024-07-19T16:19:44+00:00","og_image":[{"width":200,"height":266,"url":"https:\/\/zapateneo.net\/wordpress\/wp-content\/uploads\/2021\/04\/940.jpg","type":"image\/jpeg"}],"twitter_card":"summary_large_image","twitter_site":"@zapateneo","twitter_misc":{"Tiempo de lectura":"3 minutos"},"schema":{"@context":"https:\/\/schema.org","@graph":[{"@type":"WebPage","@id":"https:\/\/zapateneo.net\/wordpress\/index.php\/producto\/epitafios-la-voz-de-los-cementerios-9788482180045\/","url":"https:\/\/zapateneo.net\/wordpress\/index.php\/producto\/epitafios-la-voz-de-los-cementerios-9788482180045\/","name":"EPITAFIOS. LA VOZ DE LOS CEMENTERIOS &#8212; Zapateneo","isPartOf":{"@id":"https:\/\/zapateneo.net\/wordpress\/#website"},"primaryImageOfPage":{"@id":"https:\/\/zapateneo.net\/wordpress\/index.php\/producto\/epitafios-la-voz-de-los-cementerios-9788482180045\/#primaryimage"},"image":{"@id":"https:\/\/zapateneo.net\/wordpress\/index.php\/producto\/epitafios-la-voz-de-los-cementerios-9788482180045\/#primaryimage"},"thumbnailUrl":"https:\/\/zapateneo.net\/wordpress\/wp-content\/uploads\/2021\/04\/940.jpg","datePublished":"2021-04-08T15:40:04+00:00","dateModified":"2024-07-19T16:19:44+00:00","description":"9788482180045, epitafios, rodriguezRodr\u00edguez coria","breadcrumb":{"@id":"https:\/\/zapateneo.net\/wordpress\/index.php\/producto\/epitafios-la-voz-de-los-cementerios-9788482180045\/#breadcrumb"},"inLanguage":"es","potentialAction":[{"@type":"ReadAction","target":["https:\/\/zapateneo.net\/wordpress\/index.php\/producto\/epitafios-la-voz-de-los-cementerios-9788482180045\/"]}]},{"@type":"ImageObject","inLanguage":"es","@id":"https:\/\/zapateneo.net\/wordpress\/index.php\/producto\/epitafios-la-voz-de-los-cementerios-9788482180045\/#primaryimage","url":"https:\/\/zapateneo.net\/wordpress\/wp-content\/uploads\/2021\/04\/940.jpg","contentUrl":"https:\/\/zapateneo.net\/wordpress\/wp-content\/uploads\/2021\/04\/940.jpg","width":200,"height":266},{"@type":"BreadcrumbList","@id":"https:\/\/zapateneo.net\/wordpress\/index.php\/producto\/epitafios-la-voz-de-los-cementerios-9788482180045\/#breadcrumb","itemListElement":[{"@type":"ListItem","position":1,"name":"Portada","item":"https:\/\/zapateneo.net\/wordpress\/"},{"@type":"ListItem","position":2,"name":"Tienda","item":"https:\/\/zapateneo.net\/wordpress\/"},{"@type":"ListItem","position":3,"name":"EPITAFIOS. LA VOZ DE LOS CEMENTERIOS"}]},{"@type":"WebSite","@id":"https:\/\/zapateneo.net\/wordpress\/#website","url":"https:\/\/zapateneo.net\/wordpress\/","name":"Zapateneo","description":"Zapateneoaren webgunea","publisher":{"@id":"https:\/\/zapateneo.net\/wordpress\/#organization"},"potentialAction":[{"@type":"SearchAction","target":{"@type":"EntryPoint","urlTemplate":"https:\/\/zapateneo.net\/wordpress\/?s={search_term_string}"},"query-input":{"@type":"PropertyValueSpecification","valueRequired":true,"valueName":"search_term_string"}}],"inLanguage":"es"},{"@type":"Organization","@id":"https:\/\/zapateneo.net\/wordpress\/#organization","name":"Zapateneo Kultur Elkartea","url":"https:\/\/zapateneo.net\/wordpress\/","logo":{"@type":"ImageObject","inLanguage":"es","@id":"https:\/\/zapateneo.net\/wordpress\/#\/schema\/logo\/image\/","url":"https:\/\/zapateneo.net\/wordpress\/wp-content\/uploads\/2021\/04\/zap-libu-kolec.jpg","contentUrl":"https:\/\/zapateneo.net\/wordpress\/wp-content\/uploads\/2021\/04\/zap-libu-kolec.jpg","width":2234,"height":398,"caption":"Zapateneo Kultur Elkartea"},"image":{"@id":"https:\/\/zapateneo.net\/wordpress\/#\/schema\/logo\/image\/"},"sameAs":["https:\/\/x.com\/zapateneo"]}]}},"_links":{"self":[{"href":"https:\/\/zapateneo.net\/wordpress\/index.php\/wp-json\/wp\/v2\/product\/4919","targetHints":{"allow":["GET"]}}],"collection":[{"href":"https:\/\/zapateneo.net\/wordpress\/index.php\/wp-json\/wp\/v2\/product"}],"about":[{"href":"https:\/\/zapateneo.net\/wordpress\/index.php\/wp-json\/wp\/v2\/types\/product"}],"wp:featuredmedia":[{"embeddable":true,"href":"https:\/\/zapateneo.net\/wordpress\/index.php\/wp-json\/wp\/v2\/media\/4960"}],"wp:attachment":[{"href":"https:\/\/zapateneo.net\/wordpress\/index.php\/wp-json\/wp\/v2\/media?parent=4919"}],"wp:term":[{"taxonomy":"product_brand","embeddable":true,"href":"https:\/\/zapateneo.net\/wordpress\/index.php\/wp-json\/wp\/v2\/product_brand?post=4919"},{"taxonomy":"product_cat","embeddable":true,"href":"https:\/\/zapateneo.net\/wordpress\/index.php\/wp-json\/wp\/v2\/product_cat?post=4919"},{"taxonomy":"product_tag","embeddable":true,"href":"https:\/\/zapateneo.net\/wordpress\/index.php\/wp-json\/wp\/v2\/product_tag?post=4919"}],"curies":[{"name":"wp","href":"https:\/\/api.w.org\/{rel}","templated":true}]}}