{"id":4843,"date":"2021-04-08T16:39:11","date_gmt":"2021-04-08T15:39:11","guid":{"rendered":"https:\/\/zapateneo.net\/wordpress\/?post_type=product&#038;p=4843"},"modified":"2023-01-06T09:09:00","modified_gmt":"2023-01-06T08:09:00","slug":"vacaciones-en-polonia-4","status":"publish","type":"product","link":"https:\/\/zapateneo.net\/wordpress\/index.php\/producto\/vacaciones-en-polonia-4\/","title":{"rendered":"Vacaciones en Polonia # 4"},"content":{"rendered":"<p><strong>\u00b7 LA AMENAZA CAN\u00cdBAL D<\/strong><strong>EL OTRO<\/strong> _DE INVASIONES, SOMETIMIENTOS Y OTRAS CR\u00d3NICAS DE INDIAS_Prof. Davamesk de Zakopane<\/p>\n<p><strong>\u00b7 VIAJEROS Y EXPLORADORES EN LA TIERRA DE <\/strong><strong>LOS TUPINAMB\u00c1<\/strong>_Prof. D. de Zakopane<\/p>\n<p><strong>\u00b7 DE <\/strong><strong>VENGANZAS <\/strong><strong>Y ANTROPOFAGIAS RITUALES<\/strong>_Al\u00ed Calabr\u00e9s<\/p>\n<p><strong>\u00b7 EL D\u00cdA QUE <\/strong><strong>ROBINSON <\/strong><strong>SE COMI\u00d3 A VIERNES<\/strong>_Guillermo el Viejo<\/p>\n<p><strong>\u00b7 <\/strong><strong>NADA <\/strong><strong>SE TIRA<\/strong>_Tom\u00e1s Douglas Kures Panea<\/p>\n<p><strong>\u00b7 <\/strong><strong>CACA <\/strong><strong>Y METAMORFOSIS<\/strong>_Jan Zapiekanka<\/p>\n<p><strong>\u00b7 VACACIONES EN <\/strong><strong>CAICEDO<\/strong>_ELEMENTOS PARA UNA PRAXIS REVOLUCIONARIA DE LA FIESTA CAN\u00cdBAL_Robert Gojen\u00e9czew<\/p>\n<p><strong>\u00b7 CREPE DE <\/strong><strong>PEREC<\/strong>_R. Vetusto + Robot<\/p>\n<p><strong>\u00b7 <\/strong><strong>PICADO FINO<\/strong><strong>: <\/strong>Virgilio Pi\u00f1era_Fl\u00e1vio de Carvalho_Swift_Voltaire_Miscel\u00e1nea_An\u00edbal<br \/>\nN\u00fa\u00f1ez_<\/p>\n<p>Xavier Forneret_Anderson Imbert_Aub_Papini_Arreola_Arlt_Melville_Alb\u00fajar_<\/p>\n<p>Ribeyro_Ory_Lovecraft_ Matta-Clark_Di\u00f3genes_S\u00e9neca_Kronos_Sonia Antruejo_Sade_Gombrowicz_<\/p>\n<p>Can\u00edbales en el camping_Canci\u00f3n de cuna<\/p>\n<p><strong>\u00b7<\/strong><strong> DELICATESS-en<\/strong><strong>, UN EXQUISITO CAD\u00c1VER<\/strong>_Zafia Potocka<\/p>\n<p><strong>\u00b7 <\/strong><strong>DOSSIER PINDORAMA<\/strong><strong>: <\/strong><strong>ANTROPOFAGIA BRASILEIRA_OSWALD DE ANDRADE \/ CARNE DE MOSCOVITA<\/strong><strong>_JULIANO PAIXAROLI <\/strong><strong>\/ MANIFIESTO ANTROP\u00d3FAGO \/ REVISTA DE ANTROPOFAGIA<\/strong><\/p>\n<p>Bachiller S\u00e1nchez Arteaga \/ Las RR raspantes<\/p>\n<p><strong>\u00b7 AL ENCUENTRO DEL <\/strong><strong>ALIMENTO <\/strong><strong>RECOBRADO<\/strong>_Olvap Oyovok<\/p>\n<p><strong>\u00b7 LA REINA <\/strong><strong>A\u00efMATA<\/strong>_Juanma S\u00e1nchez Arteaga<\/p>\n<p><strong>\u00b7 EL CLUB DE LOS ANTROP\u00d3FAGOS<\/strong><strong>_<\/strong><strong>MANUEL DE LIMA<\/strong><strong> \/ LITERATURA COMESTIBLE_ <\/strong><strong>LUIZ PACHECO<\/strong>_Rao Cuter \/ Nuno Vertigem \/ Las RR raspantes<\/p>\n<p><strong>\u00b7 <\/strong><strong>EL ANTROP\u00d3FAGO_<\/strong><strong>PABLO <\/strong><strong>PALACIO<\/strong><\/p>\n<p><strong>\u00b7 <\/strong><strong>COMULGATORIO<\/strong><strong>_GERARD HORTA<\/strong><\/p>\n<p><strong>\u00b7 <\/strong><strong>PARADOXIA_<\/strong><strong>LYDIA LUNCH<\/strong><\/p>\n<p><strong>\u00b7 <\/strong><strong>M. DE BOUGRELON_<\/strong><strong>JEAN LORRAIN<\/strong><\/p>\n<p><strong>\u00b7 <\/strong><strong>LA CHICA DE MARTE_<\/strong><strong>ROBERT BLOCH<\/strong><\/p>\n<p><strong>\u00b7 LI SHINZHEN<\/strong><\/p>\n<p><strong>\u00b7 JARDIEL<\/strong><\/p>\n<p><strong>\u00b7 <\/strong><strong>RUSIA <\/strong><strong>CANIBALIZANTE<\/strong><\/p>\n<p><strong>\u00b7 <\/strong><strong>NEGRO <\/strong><strong>GLOSARIO CR\u00cdTICO_LA ANTROPOFAGIA LITERARIA Y SU REVERSO<\/strong>_Dra. Smichdt<\/p>\n<p><strong>\u00b7 CANNIBALE <\/strong><strong>DADA<\/strong><strong>_RIBEMONT-DESSAIGNES_JOYCE MANSOUR<\/strong><\/p>\n<p><strong>\u00b7 <\/strong><strong>ANTROPOFAGIA_<\/strong><strong>ALFRED <\/strong><strong>JARRY<\/strong><\/p>\n<p><strong>\u00b7 <\/strong><strong>EN SUIZA \/ RECETARIO \/ OPS_<\/strong><strong>TOPOR<\/strong><\/p>\n<p><strong>\u00b7 <\/strong><strong>SUPERVIVIENTES <\/strong><strong>DEL ABORTO<\/strong>_Paula Apocal\u00edptica<\/p>\n<p><strong>\u00b7 B <\/strong><strong>TRAVEN <\/strong><strong>\/ RET MARUT<\/strong>_Raj Kuter<\/p>\n<p><strong>\u00b7 <\/strong><strong>SALIVACIONES <\/strong><strong>EN EL CREMATORIO<\/strong>_Pablo Cobollo<\/p>\n<p><strong>\u00b7 <\/strong><strong>CR\u00cdMENES <\/strong><strong>EXEMPLARES<\/strong>_R. K.-Asmodeo+ H. Nalesniki<\/p>\n<p><strong>\u00b7 MORCILLAS <\/strong><strong>MENSTRUALES<\/strong>_Olvap Oyovok<\/p>\n<p><strong>\u00b7 <\/strong><strong>VAGINA DENTATA <\/strong><strong>ORGAN<\/strong>_R. K.-Asmodeo<\/p>\n<p><strong>\u00b7 INCINERACI\u00d3N Y <\/strong><strong>SARCOFAGIA<\/strong>_Isaachar Marx III<br \/>\n<strong>ILUSTRACIONES DE DOPLACI\u00c9, Robot, Teo, Sol\u00e9, Sola y Cuter<\/strong><\/p>\n","protected":false},"excerpt":{"rendered":"<p><strong>VVAA<\/strong><br \/>\n2008112200026 &#8211; el ojo portatil &#8211; 2008 &#8211; 168 p\u00e1ginas \/orri.<\/p>\n","protected":false},"featured_media":4894,"template":"","meta":[],"product_brand":[],"product_cat":[183,16],"product_tag":[3147],"class_list":{"0":"post-4843","1":"product","2":"type-product","3":"status-publish","4":"has-post-thumbnail","6":"product_cat-kultur-adierazpenak-expresiones-culturales","7":"product_cat-libros","8":"product_tag-el-ojo-portatil","10":"first","11":"outofstock","12":"sold-individually","13":"shipping-taxable","14":"purchasable","15":"product-type-simple"},"yoast_head":"<!-- This site is optimized with the Yoast SEO plugin v27.3 - https:\/\/yoast.com\/product\/yoast-seo-wordpress\/ -->\n<title>Vacaciones en Polonia # 4 &#8212; Zapateneo<\/title>\n<meta name=\"robots\" content=\"index, follow, max-snippet:-1, max-image-preview:large, max-video-preview:-1\" \/>\n<link rel=\"canonical\" href=\"https:\/\/zapateneo.net\/wordpress\/index.php\/producto\/vacaciones-en-polonia-4\/\" \/>\n<meta property=\"og:locale\" content=\"es_ES\" \/>\n<meta property=\"og:type\" content=\"article\" \/>\n<meta property=\"og:title\" content=\"Vacaciones en Polonia # 4 &#8212; Zapateneo\" \/>\n<meta property=\"og:description\" content=\"VVAA 2008112200026 - el ojo portatil - 2008 - 168 p\u00e1ginas \/orri.\" \/>\n<meta property=\"og:url\" content=\"https:\/\/zapateneo.net\/wordpress\/index.php\/producto\/vacaciones-en-polonia-4\/\" \/>\n<meta property=\"og:site_name\" content=\"Zapateneo\" \/>\n<meta property=\"article:modified_time\" content=\"2023-01-06T08:09:00+00:00\" \/>\n<meta property=\"og:image\" content=\"https:\/\/zapateneo.net\/wordpress\/wp-content\/uploads\/2021\/04\/5592.jpg\" \/>\n\t<meta property=\"og:image:width\" content=\"200\" \/>\n\t<meta property=\"og:image:height\" content=\"124\" \/>\n\t<meta property=\"og:image:type\" content=\"image\/jpeg\" \/>\n<meta name=\"twitter:card\" content=\"summary_large_image\" \/>\n<meta name=\"twitter:site\" content=\"@zapateneo\" \/>\n<meta name=\"twitter:label1\" content=\"Tiempo de lectura\" \/>\n\t<meta name=\"twitter:data1\" content=\"2 minutos\" \/>\n<script type=\"application\/ld+json\" class=\"yoast-schema-graph\">{\"@context\":\"https:\\\/\\\/schema.org\",\"@graph\":[{\"@type\":\"WebPage\",\"@id\":\"https:\\\/\\\/zapateneo.net\\\/wordpress\\\/index.php\\\/producto\\\/vacaciones-en-polonia-4\\\/\",\"url\":\"https:\\\/\\\/zapateneo.net\\\/wordpress\\\/index.php\\\/producto\\\/vacaciones-en-polonia-4\\\/\",\"name\":\"Vacaciones en Polonia # 4 &#8212; Zapateneo\",\"isPartOf\":{\"@id\":\"https:\\\/\\\/zapateneo.net\\\/wordpress\\\/#website\"},\"primaryImageOfPage\":{\"@id\":\"https:\\\/\\\/zapateneo.net\\\/wordpress\\\/index.php\\\/producto\\\/vacaciones-en-polonia-4\\\/#primaryimage\"},\"image\":{\"@id\":\"https:\\\/\\\/zapateneo.net\\\/wordpress\\\/index.php\\\/producto\\\/vacaciones-en-polonia-4\\\/#primaryimage\"},\"thumbnailUrl\":\"https:\\\/\\\/zapateneo.net\\\/wordpress\\\/wp-content\\\/uploads\\\/2021\\\/04\\\/5592.jpg\",\"datePublished\":\"2021-04-08T15:39:11+00:00\",\"dateModified\":\"2023-01-06T08:09:00+00:00\",\"breadcrumb\":{\"@id\":\"https:\\\/\\\/zapateneo.net\\\/wordpress\\\/index.php\\\/producto\\\/vacaciones-en-polonia-4\\\/#breadcrumb\"},\"inLanguage\":\"es\",\"potentialAction\":[{\"@type\":\"ReadAction\",\"target\":[\"https:\\\/\\\/zapateneo.net\\\/wordpress\\\/index.php\\\/producto\\\/vacaciones-en-polonia-4\\\/\"]}]},{\"@type\":\"ImageObject\",\"inLanguage\":\"es\",\"@id\":\"https:\\\/\\\/zapateneo.net\\\/wordpress\\\/index.php\\\/producto\\\/vacaciones-en-polonia-4\\\/#primaryimage\",\"url\":\"https:\\\/\\\/zapateneo.net\\\/wordpress\\\/wp-content\\\/uploads\\\/2021\\\/04\\\/5592.jpg\",\"contentUrl\":\"https:\\\/\\\/zapateneo.net\\\/wordpress\\\/wp-content\\\/uploads\\\/2021\\\/04\\\/5592.jpg\",\"width\":200,\"height\":124},{\"@type\":\"BreadcrumbList\",\"@id\":\"https:\\\/\\\/zapateneo.net\\\/wordpress\\\/index.php\\\/producto\\\/vacaciones-en-polonia-4\\\/#breadcrumb\",\"itemListElement\":[{\"@type\":\"ListItem\",\"position\":1,\"name\":\"Portada\",\"item\":\"https:\\\/\\\/zapateneo.net\\\/wordpress\\\/\"},{\"@type\":\"ListItem\",\"position\":2,\"name\":\"Tienda\",\"item\":\"https:\\\/\\\/zapateneo.net\\\/wordpress\\\/\"},{\"@type\":\"ListItem\",\"position\":3,\"name\":\"Vacaciones en Polonia # 4\"}]},{\"@type\":\"WebSite\",\"@id\":\"https:\\\/\\\/zapateneo.net\\\/wordpress\\\/#website\",\"url\":\"https:\\\/\\\/zapateneo.net\\\/wordpress\\\/\",\"name\":\"Zapateneo\",\"description\":\"Zapateneoaren webgunea\",\"publisher\":{\"@id\":\"https:\\\/\\\/zapateneo.net\\\/wordpress\\\/#organization\"},\"potentialAction\":[{\"@type\":\"SearchAction\",\"target\":{\"@type\":\"EntryPoint\",\"urlTemplate\":\"https:\\\/\\\/zapateneo.net\\\/wordpress\\\/?s={search_term_string}\"},\"query-input\":{\"@type\":\"PropertyValueSpecification\",\"valueRequired\":true,\"valueName\":\"search_term_string\"}}],\"inLanguage\":\"es\"},{\"@type\":\"Organization\",\"@id\":\"https:\\\/\\\/zapateneo.net\\\/wordpress\\\/#organization\",\"name\":\"Zapateneo Kultur Elkartea\",\"url\":\"https:\\\/\\\/zapateneo.net\\\/wordpress\\\/\",\"logo\":{\"@type\":\"ImageObject\",\"inLanguage\":\"es\",\"@id\":\"https:\\\/\\\/zapateneo.net\\\/wordpress\\\/#\\\/schema\\\/logo\\\/image\\\/\",\"url\":\"https:\\\/\\\/zapateneo.net\\\/wordpress\\\/wp-content\\\/uploads\\\/2021\\\/04\\\/zap-libu-kolec.jpg\",\"contentUrl\":\"https:\\\/\\\/zapateneo.net\\\/wordpress\\\/wp-content\\\/uploads\\\/2021\\\/04\\\/zap-libu-kolec.jpg\",\"width\":2234,\"height\":398,\"caption\":\"Zapateneo Kultur Elkartea\"},\"image\":{\"@id\":\"https:\\\/\\\/zapateneo.net\\\/wordpress\\\/#\\\/schema\\\/logo\\\/image\\\/\"},\"sameAs\":[\"https:\\\/\\\/x.com\\\/zapateneo\"]}]}<\/script>\n<!-- \/ Yoast SEO plugin. -->","yoast_head_json":{"title":"Vacaciones en Polonia # 4 &#8212; Zapateneo","robots":{"index":"index","follow":"follow","max-snippet":"max-snippet:-1","max-image-preview":"max-image-preview:large","max-video-preview":"max-video-preview:-1"},"canonical":"https:\/\/zapateneo.net\/wordpress\/index.php\/producto\/vacaciones-en-polonia-4\/","og_locale":"es_ES","og_type":"article","og_title":"Vacaciones en Polonia # 4 &#8212; Zapateneo","og_description":"VVAA 2008112200026 - el ojo portatil - 2008 - 168 p\u00e1ginas \/orri.","og_url":"https:\/\/zapateneo.net\/wordpress\/index.php\/producto\/vacaciones-en-polonia-4\/","og_site_name":"Zapateneo","article_modified_time":"2023-01-06T08:09:00+00:00","og_image":[{"width":200,"height":124,"url":"https:\/\/zapateneo.net\/wordpress\/wp-content\/uploads\/2021\/04\/5592.jpg","type":"image\/jpeg"}],"twitter_card":"summary_large_image","twitter_site":"@zapateneo","twitter_misc":{"Tiempo de lectura":"2 minutos"},"schema":{"@context":"https:\/\/schema.org","@graph":[{"@type":"WebPage","@id":"https:\/\/zapateneo.net\/wordpress\/index.php\/producto\/vacaciones-en-polonia-4\/","url":"https:\/\/zapateneo.net\/wordpress\/index.php\/producto\/vacaciones-en-polonia-4\/","name":"Vacaciones en Polonia # 4 &#8212; Zapateneo","isPartOf":{"@id":"https:\/\/zapateneo.net\/wordpress\/#website"},"primaryImageOfPage":{"@id":"https:\/\/zapateneo.net\/wordpress\/index.php\/producto\/vacaciones-en-polonia-4\/#primaryimage"},"image":{"@id":"https:\/\/zapateneo.net\/wordpress\/index.php\/producto\/vacaciones-en-polonia-4\/#primaryimage"},"thumbnailUrl":"https:\/\/zapateneo.net\/wordpress\/wp-content\/uploads\/2021\/04\/5592.jpg","datePublished":"2021-04-08T15:39:11+00:00","dateModified":"2023-01-06T08:09:00+00:00","breadcrumb":{"@id":"https:\/\/zapateneo.net\/wordpress\/index.php\/producto\/vacaciones-en-polonia-4\/#breadcrumb"},"inLanguage":"es","potentialAction":[{"@type":"ReadAction","target":["https:\/\/zapateneo.net\/wordpress\/index.php\/producto\/vacaciones-en-polonia-4\/"]}]},{"@type":"ImageObject","inLanguage":"es","@id":"https:\/\/zapateneo.net\/wordpress\/index.php\/producto\/vacaciones-en-polonia-4\/#primaryimage","url":"https:\/\/zapateneo.net\/wordpress\/wp-content\/uploads\/2021\/04\/5592.jpg","contentUrl":"https:\/\/zapateneo.net\/wordpress\/wp-content\/uploads\/2021\/04\/5592.jpg","width":200,"height":124},{"@type":"BreadcrumbList","@id":"https:\/\/zapateneo.net\/wordpress\/index.php\/producto\/vacaciones-en-polonia-4\/#breadcrumb","itemListElement":[{"@type":"ListItem","position":1,"name":"Portada","item":"https:\/\/zapateneo.net\/wordpress\/"},{"@type":"ListItem","position":2,"name":"Tienda","item":"https:\/\/zapateneo.net\/wordpress\/"},{"@type":"ListItem","position":3,"name":"Vacaciones en Polonia # 4"}]},{"@type":"WebSite","@id":"https:\/\/zapateneo.net\/wordpress\/#website","url":"https:\/\/zapateneo.net\/wordpress\/","name":"Zapateneo","description":"Zapateneoaren webgunea","publisher":{"@id":"https:\/\/zapateneo.net\/wordpress\/#organization"},"potentialAction":[{"@type":"SearchAction","target":{"@type":"EntryPoint","urlTemplate":"https:\/\/zapateneo.net\/wordpress\/?s={search_term_string}"},"query-input":{"@type":"PropertyValueSpecification","valueRequired":true,"valueName":"search_term_string"}}],"inLanguage":"es"},{"@type":"Organization","@id":"https:\/\/zapateneo.net\/wordpress\/#organization","name":"Zapateneo Kultur Elkartea","url":"https:\/\/zapateneo.net\/wordpress\/","logo":{"@type":"ImageObject","inLanguage":"es","@id":"https:\/\/zapateneo.net\/wordpress\/#\/schema\/logo\/image\/","url":"https:\/\/zapateneo.net\/wordpress\/wp-content\/uploads\/2021\/04\/zap-libu-kolec.jpg","contentUrl":"https:\/\/zapateneo.net\/wordpress\/wp-content\/uploads\/2021\/04\/zap-libu-kolec.jpg","width":2234,"height":398,"caption":"Zapateneo Kultur Elkartea"},"image":{"@id":"https:\/\/zapateneo.net\/wordpress\/#\/schema\/logo\/image\/"},"sameAs":["https:\/\/x.com\/zapateneo"]}]}},"_links":{"self":[{"href":"https:\/\/zapateneo.net\/wordpress\/index.php\/wp-json\/wp\/v2\/product\/4843","targetHints":{"allow":["GET"]}}],"collection":[{"href":"https:\/\/zapateneo.net\/wordpress\/index.php\/wp-json\/wp\/v2\/product"}],"about":[{"href":"https:\/\/zapateneo.net\/wordpress\/index.php\/wp-json\/wp\/v2\/types\/product"}],"wp:featuredmedia":[{"embeddable":true,"href":"https:\/\/zapateneo.net\/wordpress\/index.php\/wp-json\/wp\/v2\/media\/4894"}],"wp:attachment":[{"href":"https:\/\/zapateneo.net\/wordpress\/index.php\/wp-json\/wp\/v2\/media?parent=4843"}],"wp:term":[{"taxonomy":"product_brand","embeddable":true,"href":"https:\/\/zapateneo.net\/wordpress\/index.php\/wp-json\/wp\/v2\/product_brand?post=4843"},{"taxonomy":"product_cat","embeddable":true,"href":"https:\/\/zapateneo.net\/wordpress\/index.php\/wp-json\/wp\/v2\/product_cat?post=4843"},{"taxonomy":"product_tag","embeddable":true,"href":"https:\/\/zapateneo.net\/wordpress\/index.php\/wp-json\/wp\/v2\/product_tag?post=4843"}],"curies":[{"name":"wp","href":"https:\/\/api.w.org\/{rel}","templated":true}]}}