{"id":4827,"date":"2021-04-08T16:39:07","date_gmt":"2021-04-08T15:39:07","guid":{"rendered":"https:\/\/zapateneo.net\/wordpress\/?post_type=product&#038;p=4827"},"modified":"2021-05-01T09:51:39","modified_gmt":"2021-05-01T08:51:39","slug":"a-la-guerra-con-satan-la-iglesia-del-juicio-final-el-proceso","status":"publish","type":"product","link":"https:\/\/zapateneo.net\/wordpress\/index.php\/producto\/a-la-guerra-con-satan-la-iglesia-del-juicio-final-el-proceso\/","title":{"rendered":"A la guerra con Satan. La iglesia del juicio final &#038; El proceso."},"content":{"rendered":"<p>Beat Generation y La Felguera. Una lujosa edici\u00f3n limitada de 666 ejemplares. \u00abEl Proceso, tambi\u00e9n conocido como La Iglesia del Juicio Final, fue uno de los cultos sat\u00e1nicos m\u00e1s peligrosos de toda Am\u00e9rica\u00bb Maury Terry, The Ultimate Evil. \u00abSigo creyendo que El Proceso fue uno de los movimientos m\u00e1s creativos de todo el siglo XX\u00bb William S. Bainbridge, Satan&#8217;s power: a deviant psychotherapy cult. A finales de 1967, en las calles del activo barrio hippie del Haight-Ashbury de San Francisco, era frecuente cruzarse con extra\u00f1os individuos vestidos con capas negras y crucifijos de plata, junto a perros pastores alemanes. Sin lugar a dudas, El Proceso, tambi\u00e9n conocido como La Iglesia del Juicio Final, fue uno de los cultos m\u00e1s extra\u00f1os y salvajes de todo el siglo XX. Su lujosa revista, repleta de invocaciones a la guerra, el asesinato y la reconciliaci\u00f3n entre Satan\u00e1s y Cristo, atrajo durante un tiempo a figuras como Mick Jagger, Marianne Faithfull o George Clinton. Tambi\u00e9n se lleg\u00f3 a decir que Charles Manson fue seguidor de El Proceso e incluso que Sirhan Sirhan, el asesino del candidato Robert F. Kennedy, fue inspirado por el culto. \u00abCRISTO dijo: Amad a vuestros enemigos. El enemigo de CRISTO era SATANAS y el enemigo de SATANAS era CRISTO. A trav\u00e9s del Amor se destruye la enemistad. A trav\u00e9s del Amor, el santo y el pecador destruyen la enemistad entre ellos. A trav\u00e9s del Amor, CRISTO y SATANAS han destruido su enemistad y se han unido para el Final; CRISTO para juzgar, SATANAS para ejecutar la sentencia\u00bb. Este fue parte del discurso apocal\u00edptico de El Proceso, un culto liderado por los enigm\u00e1ticos Robert y Mary Ann De Grimston; un discurso que anunciaba el inminente Final de los Tiempos, cuyas tropas de choque ser\u00edan bandas de Angeles del Infierno \u00abcon botas negras y subidos sobre harleys tambi\u00e9n negras, ataviados con chaquetas de cuero negro con el s\u00edmbolo de El Proceso, con tachuelas en la parte delantera y la cruz en la parte de atr\u00e1s\u00bb.<\/p>\n<p>Incluso hoy en d\u00eda, el misterio rodea a la generalmente desconocida -y muchas veces fantaseada- historia de ElmProceso. A ello ha contribuido la enigm\u00e1tica vida de sus fundadores, la pareja de antiguos cienci\u00f3logos Robert (1935- ?) y Mary Ann De Grimston (1931-2005), siempre esquivos y provocadores. Estamos ante uno de los movimientos ocultistas m\u00e1s creativos de toda la historia. Sus lujosas publicaciones, principalmente la revista Process, combinaron ideas asesinas o relativas a un inminente Juicio Final con hermosos dise\u00f1os a medio camino entre la psicodelia de entonces y tambi\u00e9n (o al menos eso nos parece a nosotros) a cierto humor macabro. De hecho, Maury Terry, en su obra The Ultimate Evil, calific\u00f3 a El Proceso como \u00abuno de los cultos sat\u00e1nicos m\u00e1s peligrosos de toda Am\u00e9rica\u00bb.<\/p>\n<p>&nbsp;<\/p>\n<p>&nbsp;<\/p>\n<p>&nbsp;<\/p>\n<p>&nbsp;<\/p>\n<p>&nbsp;<\/p>\n<p>&nbsp;<\/p>\n<p>&nbsp;<\/p>\n<p>&nbsp;<\/p>\n<p>&nbsp;<\/p>\n","protected":false},"excerpt":{"rendered":"<p><strong>Duato, Raquel (Traduccion)<\/strong><br \/>\n9788493746742 &#8211; La Felguera &#8211; 2011 &#8211; 222 p\u00e1ginas \/orri.<\/p>\n","protected":false},"featured_media":4857,"template":"","meta":[],"product_brand":[],"product_cat":[183,16],"product_tag":[3125,582],"class_list":{"0":"post-4827","1":"product","2":"type-product","3":"status-publish","4":"has-post-thumbnail","6":"product_cat-kultur-adierazpenak-expresiones-culturales","7":"product_cat-libros","8":"product_tag-duato","9":"product_tag-la-felguera","11":"first","12":"instock","13":"sold-individually","14":"shipping-taxable","15":"purchasable","16":"product-type-simple"},"yoast_head":"<!-- This site is optimized with the Yoast SEO plugin v27.3 - https:\/\/yoast.com\/product\/yoast-seo-wordpress\/ -->\n<title>A la guerra con Satan. La iglesia del juicio final &amp; El proceso. &#8212; Zapateneo<\/title>\n<meta name=\"robots\" content=\"index, follow, max-snippet:-1, max-image-preview:large, max-video-preview:-1\" \/>\n<link rel=\"canonical\" href=\"https:\/\/zapateneo.net\/wordpress\/index.php\/producto\/a-la-guerra-con-satan-la-iglesia-del-juicio-final-el-proceso\/\" \/>\n<meta property=\"og:locale\" content=\"es_ES\" \/>\n<meta property=\"og:type\" content=\"article\" \/>\n<meta property=\"og:title\" content=\"A la guerra con Satan. La iglesia del juicio final &amp; El proceso. &#8212; Zapateneo\" \/>\n<meta property=\"og:description\" content=\"Duato, Raquel (Traduccion) 9788493746742 - La Felguera - 2011 - 222 p\u00e1ginas \/orri.\" \/>\n<meta property=\"og:url\" content=\"https:\/\/zapateneo.net\/wordpress\/index.php\/producto\/a-la-guerra-con-satan-la-iglesia-del-juicio-final-el-proceso\/\" \/>\n<meta property=\"og:site_name\" content=\"Zapateneo\" \/>\n<meta property=\"article:modified_time\" content=\"2021-05-01T08:51:39+00:00\" \/>\n<meta property=\"og:image\" content=\"https:\/\/zapateneo.net\/wordpress\/wp-content\/uploads\/2021\/04\/6791.jpg\" \/>\n\t<meta property=\"og:image:width\" content=\"416\" \/>\n\t<meta property=\"og:image:height\" content=\"640\" \/>\n\t<meta property=\"og:image:type\" content=\"image\/jpeg\" \/>\n<meta name=\"twitter:card\" content=\"summary_large_image\" \/>\n<meta name=\"twitter:site\" content=\"@zapateneo\" \/>\n<meta name=\"twitter:label1\" content=\"Tiempo de lectura\" \/>\n\t<meta name=\"twitter:data1\" content=\"3 minutos\" \/>\n<script type=\"application\/ld+json\" class=\"yoast-schema-graph\">{\"@context\":\"https:\\\/\\\/schema.org\",\"@graph\":[{\"@type\":\"WebPage\",\"@id\":\"https:\\\/\\\/zapateneo.net\\\/wordpress\\\/index.php\\\/producto\\\/a-la-guerra-con-satan-la-iglesia-del-juicio-final-el-proceso\\\/\",\"url\":\"https:\\\/\\\/zapateneo.net\\\/wordpress\\\/index.php\\\/producto\\\/a-la-guerra-con-satan-la-iglesia-del-juicio-final-el-proceso\\\/\",\"name\":\"A la guerra con Satan. La iglesia del juicio final & El proceso. &#8212; Zapateneo\",\"isPartOf\":{\"@id\":\"https:\\\/\\\/zapateneo.net\\\/wordpress\\\/#website\"},\"primaryImageOfPage\":{\"@id\":\"https:\\\/\\\/zapateneo.net\\\/wordpress\\\/index.php\\\/producto\\\/a-la-guerra-con-satan-la-iglesia-del-juicio-final-el-proceso\\\/#primaryimage\"},\"image\":{\"@id\":\"https:\\\/\\\/zapateneo.net\\\/wordpress\\\/index.php\\\/producto\\\/a-la-guerra-con-satan-la-iglesia-del-juicio-final-el-proceso\\\/#primaryimage\"},\"thumbnailUrl\":\"https:\\\/\\\/zapateneo.net\\\/wordpress\\\/wp-content\\\/uploads\\\/2021\\\/04\\\/6791.jpg\",\"datePublished\":\"2021-04-08T15:39:07+00:00\",\"dateModified\":\"2021-05-01T08:51:39+00:00\",\"breadcrumb\":{\"@id\":\"https:\\\/\\\/zapateneo.net\\\/wordpress\\\/index.php\\\/producto\\\/a-la-guerra-con-satan-la-iglesia-del-juicio-final-el-proceso\\\/#breadcrumb\"},\"inLanguage\":\"es\",\"potentialAction\":[{\"@type\":\"ReadAction\",\"target\":[\"https:\\\/\\\/zapateneo.net\\\/wordpress\\\/index.php\\\/producto\\\/a-la-guerra-con-satan-la-iglesia-del-juicio-final-el-proceso\\\/\"]}]},{\"@type\":\"ImageObject\",\"inLanguage\":\"es\",\"@id\":\"https:\\\/\\\/zapateneo.net\\\/wordpress\\\/index.php\\\/producto\\\/a-la-guerra-con-satan-la-iglesia-del-juicio-final-el-proceso\\\/#primaryimage\",\"url\":\"https:\\\/\\\/zapateneo.net\\\/wordpress\\\/wp-content\\\/uploads\\\/2021\\\/04\\\/6791.jpg\",\"contentUrl\":\"https:\\\/\\\/zapateneo.net\\\/wordpress\\\/wp-content\\\/uploads\\\/2021\\\/04\\\/6791.jpg\",\"width\":416,\"height\":640},{\"@type\":\"BreadcrumbList\",\"@id\":\"https:\\\/\\\/zapateneo.net\\\/wordpress\\\/index.php\\\/producto\\\/a-la-guerra-con-satan-la-iglesia-del-juicio-final-el-proceso\\\/#breadcrumb\",\"itemListElement\":[{\"@type\":\"ListItem\",\"position\":1,\"name\":\"Portada\",\"item\":\"https:\\\/\\\/zapateneo.net\\\/wordpress\\\/\"},{\"@type\":\"ListItem\",\"position\":2,\"name\":\"Tienda\",\"item\":\"https:\\\/\\\/zapateneo.net\\\/wordpress\\\/\"},{\"@type\":\"ListItem\",\"position\":3,\"name\":\"A la guerra con Satan. La iglesia del juicio final &#038; El proceso.\"}]},{\"@type\":\"WebSite\",\"@id\":\"https:\\\/\\\/zapateneo.net\\\/wordpress\\\/#website\",\"url\":\"https:\\\/\\\/zapateneo.net\\\/wordpress\\\/\",\"name\":\"Zapateneo\",\"description\":\"Zapateneoaren webgunea\",\"publisher\":{\"@id\":\"https:\\\/\\\/zapateneo.net\\\/wordpress\\\/#organization\"},\"potentialAction\":[{\"@type\":\"SearchAction\",\"target\":{\"@type\":\"EntryPoint\",\"urlTemplate\":\"https:\\\/\\\/zapateneo.net\\\/wordpress\\\/?s={search_term_string}\"},\"query-input\":{\"@type\":\"PropertyValueSpecification\",\"valueRequired\":true,\"valueName\":\"search_term_string\"}}],\"inLanguage\":\"es\"},{\"@type\":\"Organization\",\"@id\":\"https:\\\/\\\/zapateneo.net\\\/wordpress\\\/#organization\",\"name\":\"Zapateneo Kultur Elkartea\",\"url\":\"https:\\\/\\\/zapateneo.net\\\/wordpress\\\/\",\"logo\":{\"@type\":\"ImageObject\",\"inLanguage\":\"es\",\"@id\":\"https:\\\/\\\/zapateneo.net\\\/wordpress\\\/#\\\/schema\\\/logo\\\/image\\\/\",\"url\":\"https:\\\/\\\/zapateneo.net\\\/wordpress\\\/wp-content\\\/uploads\\\/2021\\\/04\\\/zap-libu-kolec.jpg\",\"contentUrl\":\"https:\\\/\\\/zapateneo.net\\\/wordpress\\\/wp-content\\\/uploads\\\/2021\\\/04\\\/zap-libu-kolec.jpg\",\"width\":2234,\"height\":398,\"caption\":\"Zapateneo Kultur Elkartea\"},\"image\":{\"@id\":\"https:\\\/\\\/zapateneo.net\\\/wordpress\\\/#\\\/schema\\\/logo\\\/image\\\/\"},\"sameAs\":[\"https:\\\/\\\/x.com\\\/zapateneo\"]}]}<\/script>\n<!-- \/ Yoast SEO plugin. -->","yoast_head_json":{"title":"A la guerra con Satan. La iglesia del juicio final & El proceso. &#8212; Zapateneo","robots":{"index":"index","follow":"follow","max-snippet":"max-snippet:-1","max-image-preview":"max-image-preview:large","max-video-preview":"max-video-preview:-1"},"canonical":"https:\/\/zapateneo.net\/wordpress\/index.php\/producto\/a-la-guerra-con-satan-la-iglesia-del-juicio-final-el-proceso\/","og_locale":"es_ES","og_type":"article","og_title":"A la guerra con Satan. La iglesia del juicio final & El proceso. &#8212; Zapateneo","og_description":"Duato, Raquel (Traduccion) 9788493746742 - La Felguera - 2011 - 222 p\u00e1ginas \/orri.","og_url":"https:\/\/zapateneo.net\/wordpress\/index.php\/producto\/a-la-guerra-con-satan-la-iglesia-del-juicio-final-el-proceso\/","og_site_name":"Zapateneo","article_modified_time":"2021-05-01T08:51:39+00:00","og_image":[{"width":416,"height":640,"url":"https:\/\/zapateneo.net\/wordpress\/wp-content\/uploads\/2021\/04\/6791.jpg","type":"image\/jpeg"}],"twitter_card":"summary_large_image","twitter_site":"@zapateneo","twitter_misc":{"Tiempo de lectura":"3 minutos"},"schema":{"@context":"https:\/\/schema.org","@graph":[{"@type":"WebPage","@id":"https:\/\/zapateneo.net\/wordpress\/index.php\/producto\/a-la-guerra-con-satan-la-iglesia-del-juicio-final-el-proceso\/","url":"https:\/\/zapateneo.net\/wordpress\/index.php\/producto\/a-la-guerra-con-satan-la-iglesia-del-juicio-final-el-proceso\/","name":"A la guerra con Satan. La iglesia del juicio final & El proceso. &#8212; Zapateneo","isPartOf":{"@id":"https:\/\/zapateneo.net\/wordpress\/#website"},"primaryImageOfPage":{"@id":"https:\/\/zapateneo.net\/wordpress\/index.php\/producto\/a-la-guerra-con-satan-la-iglesia-del-juicio-final-el-proceso\/#primaryimage"},"image":{"@id":"https:\/\/zapateneo.net\/wordpress\/index.php\/producto\/a-la-guerra-con-satan-la-iglesia-del-juicio-final-el-proceso\/#primaryimage"},"thumbnailUrl":"https:\/\/zapateneo.net\/wordpress\/wp-content\/uploads\/2021\/04\/6791.jpg","datePublished":"2021-04-08T15:39:07+00:00","dateModified":"2021-05-01T08:51:39+00:00","breadcrumb":{"@id":"https:\/\/zapateneo.net\/wordpress\/index.php\/producto\/a-la-guerra-con-satan-la-iglesia-del-juicio-final-el-proceso\/#breadcrumb"},"inLanguage":"es","potentialAction":[{"@type":"ReadAction","target":["https:\/\/zapateneo.net\/wordpress\/index.php\/producto\/a-la-guerra-con-satan-la-iglesia-del-juicio-final-el-proceso\/"]}]},{"@type":"ImageObject","inLanguage":"es","@id":"https:\/\/zapateneo.net\/wordpress\/index.php\/producto\/a-la-guerra-con-satan-la-iglesia-del-juicio-final-el-proceso\/#primaryimage","url":"https:\/\/zapateneo.net\/wordpress\/wp-content\/uploads\/2021\/04\/6791.jpg","contentUrl":"https:\/\/zapateneo.net\/wordpress\/wp-content\/uploads\/2021\/04\/6791.jpg","width":416,"height":640},{"@type":"BreadcrumbList","@id":"https:\/\/zapateneo.net\/wordpress\/index.php\/producto\/a-la-guerra-con-satan-la-iglesia-del-juicio-final-el-proceso\/#breadcrumb","itemListElement":[{"@type":"ListItem","position":1,"name":"Portada","item":"https:\/\/zapateneo.net\/wordpress\/"},{"@type":"ListItem","position":2,"name":"Tienda","item":"https:\/\/zapateneo.net\/wordpress\/"},{"@type":"ListItem","position":3,"name":"A la guerra con Satan. La iglesia del juicio final &#038; El proceso."}]},{"@type":"WebSite","@id":"https:\/\/zapateneo.net\/wordpress\/#website","url":"https:\/\/zapateneo.net\/wordpress\/","name":"Zapateneo","description":"Zapateneoaren webgunea","publisher":{"@id":"https:\/\/zapateneo.net\/wordpress\/#organization"},"potentialAction":[{"@type":"SearchAction","target":{"@type":"EntryPoint","urlTemplate":"https:\/\/zapateneo.net\/wordpress\/?s={search_term_string}"},"query-input":{"@type":"PropertyValueSpecification","valueRequired":true,"valueName":"search_term_string"}}],"inLanguage":"es"},{"@type":"Organization","@id":"https:\/\/zapateneo.net\/wordpress\/#organization","name":"Zapateneo Kultur Elkartea","url":"https:\/\/zapateneo.net\/wordpress\/","logo":{"@type":"ImageObject","inLanguage":"es","@id":"https:\/\/zapateneo.net\/wordpress\/#\/schema\/logo\/image\/","url":"https:\/\/zapateneo.net\/wordpress\/wp-content\/uploads\/2021\/04\/zap-libu-kolec.jpg","contentUrl":"https:\/\/zapateneo.net\/wordpress\/wp-content\/uploads\/2021\/04\/zap-libu-kolec.jpg","width":2234,"height":398,"caption":"Zapateneo Kultur Elkartea"},"image":{"@id":"https:\/\/zapateneo.net\/wordpress\/#\/schema\/logo\/image\/"},"sameAs":["https:\/\/x.com\/zapateneo"]}]}},"_links":{"self":[{"href":"https:\/\/zapateneo.net\/wordpress\/index.php\/wp-json\/wp\/v2\/product\/4827","targetHints":{"allow":["GET"]}}],"collection":[{"href":"https:\/\/zapateneo.net\/wordpress\/index.php\/wp-json\/wp\/v2\/product"}],"about":[{"href":"https:\/\/zapateneo.net\/wordpress\/index.php\/wp-json\/wp\/v2\/types\/product"}],"wp:featuredmedia":[{"embeddable":true,"href":"https:\/\/zapateneo.net\/wordpress\/index.php\/wp-json\/wp\/v2\/media\/4857"}],"wp:attachment":[{"href":"https:\/\/zapateneo.net\/wordpress\/index.php\/wp-json\/wp\/v2\/media?parent=4827"}],"wp:term":[{"taxonomy":"product_brand","embeddable":true,"href":"https:\/\/zapateneo.net\/wordpress\/index.php\/wp-json\/wp\/v2\/product_brand?post=4827"},{"taxonomy":"product_cat","embeddable":true,"href":"https:\/\/zapateneo.net\/wordpress\/index.php\/wp-json\/wp\/v2\/product_cat?post=4827"},{"taxonomy":"product_tag","embeddable":true,"href":"https:\/\/zapateneo.net\/wordpress\/index.php\/wp-json\/wp\/v2\/product_tag?post=4827"}],"curies":[{"name":"wp","href":"https:\/\/api.w.org\/{rel}","templated":true}]}}