{"id":4764,"date":"2021-04-08T16:38:06","date_gmt":"2021-04-08T15:38:06","guid":{"rendered":"https:\/\/zapateneo.net\/wordpress\/?post_type=product&#038;p=4764"},"modified":"2023-07-25T18:08:05","modified_gmt":"2023-07-25T17:08:05","slug":"el-sol-y-la-rabia-biografia-de-reincidentes","status":"publish","type":"product","link":"https:\/\/zapateneo.net\/wordpress\/index.php\/producto\/el-sol-y-la-rabia-biografia-de-reincidentes\/","title":{"rendered":"El sol y la rabia. Biograf\u00eda de Reincidentes"},"content":{"rendered":"<div>\n<p>Reincidentes es desde hace veinte a\u00f1os uno de los nombres perdurables del punkrock pol\u00edtico estatal. Este grupo sevillano, con su inapelable r\u00e9gimen asambleario, lleva dos d\u00e9cadas sacando conclusiones de esta injusta sociedad, d\u00e1ndole forma con sus canciones y fondo con sus acciones, viajando constantemente para recoger la esencia de lo que ellos mismos cantan.<\/p>\n<\/div>\n<div class=\"row\">\n<div class=\"col-12 col-12-small\">\n<p><span class=\"image left autor\"><img loading=\"lazy\" decoding=\"async\" class=\"alignleft\" src=\"https:\/\/www.viruseditorial.net\/\/fotos-autor\/kike-babas-y-kike-turron.jpg\" alt=\"kike-babas-kike-turron\" width=\"328\" height=\"139\" \/><\/span><\/p>\n<p><strong>Kike Turr\u00f3n y Kike Babas<\/strong>\u00a0(ambos Madrid, 1970) empezaron ejerciendo como cr\u00edticos musicales en m\u00faltiples fanzines y radios libres. En la actualidad escriben regularmente en las revistas\u00a0<em>Zona de Obras<\/em>\u00a0y\u00a0<em>Rolling Stone<\/em>\u00a0y en la web manerasdevivir. Consecuencia de esta funci\u00f3n period\u00edstica ha sido la publicaci\u00f3n de varios libros. El primero fue\u00a0<em>De espaldas al kiosko<\/em>\u00a0(1996), una gr\u00eda hist\u00f3rica de fanzines, al que han seguido las biograf\u00edas de los grupos Boikot (<em>Historias escritas<\/em>, 2000), Enemigos (<em>Dentro<\/em>, 2001), A palo Seko (<em>La paja en el ojo ajeno<\/em>, 2001), Siniestro Total (<em>Tremendo Delirio<\/em>, 2002) y Rosendo (<em>La sana intenci\u00f3n<\/em>, 2003).<\/p>\n<p>Su obra literaria tambi\u00e9n comprende dos disco-libros de relatos cortos y filosof\u00eda canalla titulados\u00a0<em>Nadie come del aire<\/em>\u00a0(1998) y\u00a0<em>Buitre no como alpiste<\/em>\u00a0(2001), en ambos acompa\u00f1ados por King Putreak, grupo de poes\u00eda musicada donde Turr\u00f3n pone voz y toca la guitarra y Babas canta. Asimismo Kike Babas ha sido vocalista de los cabareteros The Vientre y del multicombo de rumba curriqui Huevos Canos, que publicaron el disco\u00a0<em>De luna de miel con el veneno<\/em>\u00a0(1999) y donde Kike Turr\u00f3n ejerc\u00eda de guitarra r\u00edtmica.<\/p>\n<p>Paralelamente a la literatura y la m\u00fasica, han tomado parte en el mundo cat\u00f3dico dirigiendo su propio programa en Canal Digital (Lo peor de todo, 99), participando en diversos debates televisivos y realizando videoclips para Reincidentes, Manu Chao, Porretas, Barricada, Dikers y Marea.<\/p>\n<\/div>\n<\/div>\n<div>\n<p>Pr\u00f3logos de El Cabrero, F. Muguruza y Fito Cabrales y textos de Hebe de Bonafini, \u00c1. del R\u00edo S\u00e1nchez, M. S\u00e1ez, J. M. S\u00e1nchez Gordillo, A. Segura y R. Ma\u00edllo, A. Camacho, \u00c1. L. Lara, N. Elkennani y E. Forest.<\/p>\n<\/div>\n","protected":false},"excerpt":{"rendered":"<p><strong>Kike Turr\u00f3n y Kike Babas<\/strong><br \/>\n9788496044838 &#8211; Virus &#8211; 2007 &#8211; 272 p\u00e1ginas \/orri.<\/p>\n","protected":false},"featured_media":4813,"template":"","meta":[],"product_brand":[],"product_cat":[183,16],"product_tag":[4043,4846,3101,57],"class_list":{"0":"post-4764","1":"product","2":"type-product","3":"status-publish","4":"has-post-thumbnail","6":"product_cat-kultur-adierazpenak-expresiones-culturales","7":"product_cat-libros","8":"product_tag-kike-babas","9":"product_tag-kike-turron","10":"product_tag-kike-turron-y-kike-babas","11":"product_tag-virus","13":"first","14":"outofstock","15":"sold-individually","16":"shipping-taxable","17":"purchasable","18":"product-type-simple"},"yoast_head":"<!-- This site is optimized with the Yoast SEO plugin v27.3 - https:\/\/yoast.com\/product\/yoast-seo-wordpress\/ -->\n<title>El sol y la rabia. Biograf\u00eda de Reincidentes &#8212; Zapateneo<\/title>\n<meta name=\"robots\" content=\"index, follow, max-snippet:-1, max-image-preview:large, max-video-preview:-1\" \/>\n<link rel=\"canonical\" href=\"https:\/\/zapateneo.net\/wordpress\/index.php\/producto\/el-sol-y-la-rabia-biografia-de-reincidentes\/\" \/>\n<meta property=\"og:locale\" content=\"es_ES\" \/>\n<meta property=\"og:type\" content=\"article\" \/>\n<meta property=\"og:title\" content=\"El sol y la rabia. Biograf\u00eda de Reincidentes &#8212; Zapateneo\" \/>\n<meta property=\"og:description\" content=\"Kike Turr\u00f3n y Kike Babas 9788496044838 - Virus - 2007 - 272 p\u00e1ginas \/orri.\" \/>\n<meta property=\"og:url\" content=\"https:\/\/zapateneo.net\/wordpress\/index.php\/producto\/el-sol-y-la-rabia-biografia-de-reincidentes\/\" \/>\n<meta property=\"og:site_name\" content=\"Zapateneo\" \/>\n<meta property=\"article:modified_time\" content=\"2023-07-25T17:08:05+00:00\" \/>\n<meta property=\"og:image\" content=\"https:\/\/zapateneo.net\/wordpress\/wp-content\/uploads\/2021\/04\/sol_y_rabia.png\" \/>\n\t<meta property=\"og:image:width\" content=\"111\" \/>\n\t<meta property=\"og:image:height\" content=\"172\" \/>\n\t<meta property=\"og:image:type\" content=\"image\/png\" \/>\n<meta name=\"twitter:card\" content=\"summary_large_image\" \/>\n<meta name=\"twitter:site\" content=\"@zapateneo\" \/>\n<meta name=\"twitter:label1\" content=\"Tiempo de lectura\" \/>\n\t<meta name=\"twitter:data1\" content=\"2 minutos\" \/>\n<script type=\"application\/ld+json\" class=\"yoast-schema-graph\">{\"@context\":\"https:\\\/\\\/schema.org\",\"@graph\":[{\"@type\":\"WebPage\",\"@id\":\"https:\\\/\\\/zapateneo.net\\\/wordpress\\\/index.php\\\/producto\\\/el-sol-y-la-rabia-biografia-de-reincidentes\\\/\",\"url\":\"https:\\\/\\\/zapateneo.net\\\/wordpress\\\/index.php\\\/producto\\\/el-sol-y-la-rabia-biografia-de-reincidentes\\\/\",\"name\":\"El sol y la rabia. Biograf\u00eda de Reincidentes &#8212; Zapateneo\",\"isPartOf\":{\"@id\":\"https:\\\/\\\/zapateneo.net\\\/wordpress\\\/#website\"},\"primaryImageOfPage\":{\"@id\":\"https:\\\/\\\/zapateneo.net\\\/wordpress\\\/index.php\\\/producto\\\/el-sol-y-la-rabia-biografia-de-reincidentes\\\/#primaryimage\"},\"image\":{\"@id\":\"https:\\\/\\\/zapateneo.net\\\/wordpress\\\/index.php\\\/producto\\\/el-sol-y-la-rabia-biografia-de-reincidentes\\\/#primaryimage\"},\"thumbnailUrl\":\"https:\\\/\\\/zapateneo.net\\\/wordpress\\\/wp-content\\\/uploads\\\/2021\\\/04\\\/sol_y_rabia.png\",\"datePublished\":\"2021-04-08T15:38:06+00:00\",\"dateModified\":\"2023-07-25T17:08:05+00:00\",\"breadcrumb\":{\"@id\":\"https:\\\/\\\/zapateneo.net\\\/wordpress\\\/index.php\\\/producto\\\/el-sol-y-la-rabia-biografia-de-reincidentes\\\/#breadcrumb\"},\"inLanguage\":\"es\",\"potentialAction\":[{\"@type\":\"ReadAction\",\"target\":[\"https:\\\/\\\/zapateneo.net\\\/wordpress\\\/index.php\\\/producto\\\/el-sol-y-la-rabia-biografia-de-reincidentes\\\/\"]}]},{\"@type\":\"ImageObject\",\"inLanguage\":\"es\",\"@id\":\"https:\\\/\\\/zapateneo.net\\\/wordpress\\\/index.php\\\/producto\\\/el-sol-y-la-rabia-biografia-de-reincidentes\\\/#primaryimage\",\"url\":\"https:\\\/\\\/zapateneo.net\\\/wordpress\\\/wp-content\\\/uploads\\\/2021\\\/04\\\/sol_y_rabia.png\",\"contentUrl\":\"https:\\\/\\\/zapateneo.net\\\/wordpress\\\/wp-content\\\/uploads\\\/2021\\\/04\\\/sol_y_rabia.png\",\"width\":111,\"height\":172},{\"@type\":\"BreadcrumbList\",\"@id\":\"https:\\\/\\\/zapateneo.net\\\/wordpress\\\/index.php\\\/producto\\\/el-sol-y-la-rabia-biografia-de-reincidentes\\\/#breadcrumb\",\"itemListElement\":[{\"@type\":\"ListItem\",\"position\":1,\"name\":\"Portada\",\"item\":\"https:\\\/\\\/zapateneo.net\\\/wordpress\\\/\"},{\"@type\":\"ListItem\",\"position\":2,\"name\":\"Tienda\",\"item\":\"https:\\\/\\\/zapateneo.net\\\/wordpress\\\/\"},{\"@type\":\"ListItem\",\"position\":3,\"name\":\"El sol y la rabia. Biograf\u00eda de Reincidentes\"}]},{\"@type\":\"WebSite\",\"@id\":\"https:\\\/\\\/zapateneo.net\\\/wordpress\\\/#website\",\"url\":\"https:\\\/\\\/zapateneo.net\\\/wordpress\\\/\",\"name\":\"Zapateneo\",\"description\":\"Zapateneoaren webgunea\",\"publisher\":{\"@id\":\"https:\\\/\\\/zapateneo.net\\\/wordpress\\\/#organization\"},\"potentialAction\":[{\"@type\":\"SearchAction\",\"target\":{\"@type\":\"EntryPoint\",\"urlTemplate\":\"https:\\\/\\\/zapateneo.net\\\/wordpress\\\/?s={search_term_string}\"},\"query-input\":{\"@type\":\"PropertyValueSpecification\",\"valueRequired\":true,\"valueName\":\"search_term_string\"}}],\"inLanguage\":\"es\"},{\"@type\":\"Organization\",\"@id\":\"https:\\\/\\\/zapateneo.net\\\/wordpress\\\/#organization\",\"name\":\"Zapateneo Kultur Elkartea\",\"url\":\"https:\\\/\\\/zapateneo.net\\\/wordpress\\\/\",\"logo\":{\"@type\":\"ImageObject\",\"inLanguage\":\"es\",\"@id\":\"https:\\\/\\\/zapateneo.net\\\/wordpress\\\/#\\\/schema\\\/logo\\\/image\\\/\",\"url\":\"https:\\\/\\\/zapateneo.net\\\/wordpress\\\/wp-content\\\/uploads\\\/2021\\\/04\\\/zap-libu-kolec.jpg\",\"contentUrl\":\"https:\\\/\\\/zapateneo.net\\\/wordpress\\\/wp-content\\\/uploads\\\/2021\\\/04\\\/zap-libu-kolec.jpg\",\"width\":2234,\"height\":398,\"caption\":\"Zapateneo Kultur Elkartea\"},\"image\":{\"@id\":\"https:\\\/\\\/zapateneo.net\\\/wordpress\\\/#\\\/schema\\\/logo\\\/image\\\/\"},\"sameAs\":[\"https:\\\/\\\/x.com\\\/zapateneo\"]}]}<\/script>\n<!-- \/ Yoast SEO plugin. -->","yoast_head_json":{"title":"El sol y la rabia. Biograf\u00eda de Reincidentes &#8212; Zapateneo","robots":{"index":"index","follow":"follow","max-snippet":"max-snippet:-1","max-image-preview":"max-image-preview:large","max-video-preview":"max-video-preview:-1"},"canonical":"https:\/\/zapateneo.net\/wordpress\/index.php\/producto\/el-sol-y-la-rabia-biografia-de-reincidentes\/","og_locale":"es_ES","og_type":"article","og_title":"El sol y la rabia. Biograf\u00eda de Reincidentes &#8212; Zapateneo","og_description":"Kike Turr\u00f3n y Kike Babas 9788496044838 - Virus - 2007 - 272 p\u00e1ginas \/orri.","og_url":"https:\/\/zapateneo.net\/wordpress\/index.php\/producto\/el-sol-y-la-rabia-biografia-de-reincidentes\/","og_site_name":"Zapateneo","article_modified_time":"2023-07-25T17:08:05+00:00","og_image":[{"width":111,"height":172,"url":"https:\/\/zapateneo.net\/wordpress\/wp-content\/uploads\/2021\/04\/sol_y_rabia.png","type":"image\/png"}],"twitter_card":"summary_large_image","twitter_site":"@zapateneo","twitter_misc":{"Tiempo de lectura":"2 minutos"},"schema":{"@context":"https:\/\/schema.org","@graph":[{"@type":"WebPage","@id":"https:\/\/zapateneo.net\/wordpress\/index.php\/producto\/el-sol-y-la-rabia-biografia-de-reincidentes\/","url":"https:\/\/zapateneo.net\/wordpress\/index.php\/producto\/el-sol-y-la-rabia-biografia-de-reincidentes\/","name":"El sol y la rabia. Biograf\u00eda de Reincidentes &#8212; Zapateneo","isPartOf":{"@id":"https:\/\/zapateneo.net\/wordpress\/#website"},"primaryImageOfPage":{"@id":"https:\/\/zapateneo.net\/wordpress\/index.php\/producto\/el-sol-y-la-rabia-biografia-de-reincidentes\/#primaryimage"},"image":{"@id":"https:\/\/zapateneo.net\/wordpress\/index.php\/producto\/el-sol-y-la-rabia-biografia-de-reincidentes\/#primaryimage"},"thumbnailUrl":"https:\/\/zapateneo.net\/wordpress\/wp-content\/uploads\/2021\/04\/sol_y_rabia.png","datePublished":"2021-04-08T15:38:06+00:00","dateModified":"2023-07-25T17:08:05+00:00","breadcrumb":{"@id":"https:\/\/zapateneo.net\/wordpress\/index.php\/producto\/el-sol-y-la-rabia-biografia-de-reincidentes\/#breadcrumb"},"inLanguage":"es","potentialAction":[{"@type":"ReadAction","target":["https:\/\/zapateneo.net\/wordpress\/index.php\/producto\/el-sol-y-la-rabia-biografia-de-reincidentes\/"]}]},{"@type":"ImageObject","inLanguage":"es","@id":"https:\/\/zapateneo.net\/wordpress\/index.php\/producto\/el-sol-y-la-rabia-biografia-de-reincidentes\/#primaryimage","url":"https:\/\/zapateneo.net\/wordpress\/wp-content\/uploads\/2021\/04\/sol_y_rabia.png","contentUrl":"https:\/\/zapateneo.net\/wordpress\/wp-content\/uploads\/2021\/04\/sol_y_rabia.png","width":111,"height":172},{"@type":"BreadcrumbList","@id":"https:\/\/zapateneo.net\/wordpress\/index.php\/producto\/el-sol-y-la-rabia-biografia-de-reincidentes\/#breadcrumb","itemListElement":[{"@type":"ListItem","position":1,"name":"Portada","item":"https:\/\/zapateneo.net\/wordpress\/"},{"@type":"ListItem","position":2,"name":"Tienda","item":"https:\/\/zapateneo.net\/wordpress\/"},{"@type":"ListItem","position":3,"name":"El sol y la rabia. Biograf\u00eda de Reincidentes"}]},{"@type":"WebSite","@id":"https:\/\/zapateneo.net\/wordpress\/#website","url":"https:\/\/zapateneo.net\/wordpress\/","name":"Zapateneo","description":"Zapateneoaren webgunea","publisher":{"@id":"https:\/\/zapateneo.net\/wordpress\/#organization"},"potentialAction":[{"@type":"SearchAction","target":{"@type":"EntryPoint","urlTemplate":"https:\/\/zapateneo.net\/wordpress\/?s={search_term_string}"},"query-input":{"@type":"PropertyValueSpecification","valueRequired":true,"valueName":"search_term_string"}}],"inLanguage":"es"},{"@type":"Organization","@id":"https:\/\/zapateneo.net\/wordpress\/#organization","name":"Zapateneo Kultur Elkartea","url":"https:\/\/zapateneo.net\/wordpress\/","logo":{"@type":"ImageObject","inLanguage":"es","@id":"https:\/\/zapateneo.net\/wordpress\/#\/schema\/logo\/image\/","url":"https:\/\/zapateneo.net\/wordpress\/wp-content\/uploads\/2021\/04\/zap-libu-kolec.jpg","contentUrl":"https:\/\/zapateneo.net\/wordpress\/wp-content\/uploads\/2021\/04\/zap-libu-kolec.jpg","width":2234,"height":398,"caption":"Zapateneo Kultur Elkartea"},"image":{"@id":"https:\/\/zapateneo.net\/wordpress\/#\/schema\/logo\/image\/"},"sameAs":["https:\/\/x.com\/zapateneo"]}]}},"_links":{"self":[{"href":"https:\/\/zapateneo.net\/wordpress\/index.php\/wp-json\/wp\/v2\/product\/4764","targetHints":{"allow":["GET"]}}],"collection":[{"href":"https:\/\/zapateneo.net\/wordpress\/index.php\/wp-json\/wp\/v2\/product"}],"about":[{"href":"https:\/\/zapateneo.net\/wordpress\/index.php\/wp-json\/wp\/v2\/types\/product"}],"wp:featuredmedia":[{"embeddable":true,"href":"https:\/\/zapateneo.net\/wordpress\/index.php\/wp-json\/wp\/v2\/media\/4813"}],"wp:attachment":[{"href":"https:\/\/zapateneo.net\/wordpress\/index.php\/wp-json\/wp\/v2\/media?parent=4764"}],"wp:term":[{"taxonomy":"product_brand","embeddable":true,"href":"https:\/\/zapateneo.net\/wordpress\/index.php\/wp-json\/wp\/v2\/product_brand?post=4764"},{"taxonomy":"product_cat","embeddable":true,"href":"https:\/\/zapateneo.net\/wordpress\/index.php\/wp-json\/wp\/v2\/product_cat?post=4764"},{"taxonomy":"product_tag","embeddable":true,"href":"https:\/\/zapateneo.net\/wordpress\/index.php\/wp-json\/wp\/v2\/product_tag?post=4764"}],"curies":[{"name":"wp","href":"https:\/\/api.w.org\/{rel}","templated":true}]}}