{"id":4760,"date":"2021-04-08T16:38:05","date_gmt":"2021-04-08T15:38:05","guid":{"rendered":"https:\/\/zapateneo.net\/wordpress\/?post_type=product&#038;p=4760"},"modified":"2022-12-15T19:05:17","modified_gmt":"2022-12-15T18:05:17","slug":"larga-vida-a-los-rip-cd","status":"publish","type":"product","link":"https:\/\/zapateneo.net\/wordpress\/index.php\/producto\/larga-vida-a-los-rip-cd\/","title":{"rendered":"Larga vida a los RIP libro + CD"},"content":{"rendered":"<blockquote>\n<div id=\"wrapper\">\n<div id=\"main\">\n<div class=\"inner\">\n<section class=\"noborder\">\n<div>\n<p>Fanzine\/libro de 376 p\u00e1ginas que reconstruye la trayectoria de la banda a partir de los testimonios de Txerra y de muchas de las personas que estuvieron al lado de R.I.P. Un relato crudo y feroz que narra las vivencias del cuarteto de Mondra, contextualizado en la Euskal Herria de los 80-90.<\/p>\n<p>Pr\u00f3logo escrito por Jabi Destruye! y testimonios de: Txerra RIP, Jabi Destruye, Nabo Cirrosis, Niko MCD, Jou, Miguel Anti-regimen, Nekane, Isa IV Reich, Mac, Porru Cirrosis, Joni Destruye, Richard Brigada Criminal, Kopi, Pikotas Odio, Mamen Vulpess, Boliche Frenop\u00e0ticss, Poti Cicatriz en la Matriz, Claus V\u00f3mito, Txus, Iker Barandiaran, S\u00edlvia \u00daltimo Resorte, Gos l\u2019Odi Social, Marijo, Evaristo La Polla, Okene BAP, Dieguillo Quemando Ruedas, Mikel BAP, Txabi Abrego, Podri Rat-zinger, Kaki Arkarazo, Sala Strummer, Igor The Potes, Juan Carlos Azkoitia, Pottoko Never Surrender, Magu Des-Kontrol, Arri Never Surrender, Trullo, Sisa Antidogmatikss, Iker Karrocerias Beto\u00f1o, Pela PiztuPunk y Belen Karrocerias Beto\u00f1o.<\/p>\n<p>Adem\u00e1s incluye recortes y entrevistas, discograf\u00eda completa, cr\u00f3nica del concierto homenaje a Jul y un CD Recopilatorio con 27 temas versionados por: Arkada Social, Andanada 7, Eskupe, Parianoix, Piztupunk, Never Surrender, Rat-Zinger, Ignotus, Karbunko, El Sonido de la Metralla, Kabreo, Punch A, The Potes, Sensa Yuma, Ansiolitikos, Atrako A Mano Armada, Des-Kontrol, Enatizo, Disface, Habeas Corpus, Dirty Brothers, Tot\u00e4lickers, The March y Emboskada. Entre estas destacan dos temas in\u00e9ditos de R.I.P grabados para la ocasi\u00f3n por Txerra junto a miembros de Never Surrender, Yoko y Sala Strummer.<\/p>\n<p>Han sido m\u00e1s de dos a\u00f1os de entrevistas, lecturas, b\u00fasqueda de informaci\u00f3n, contactos, viajes\u2026 que nos han hecho aprender much\u00edsimo. No solo sobre R.I.P, sino tambi\u00e9n sobre la situaci\u00f3n en blanco y negro en la cual viv\u00edan todos esos ignorados durante los 80-90. Y, por supuesto, hemos conocido a gente maj\u00edsima, apasionada por lo que hicieron y siguen haciendo.<\/p>\n<\/div>\n<\/section>\n<\/div>\n<\/div>\n<\/div>\n<\/blockquote>\n","protected":false},"excerpt":{"rendered":"<p><strong>vvaa<\/strong><br \/>\n9788409043392 &#8211; Toxic Records \/ El Lokal &#8211; 2018 &#8211; 375 p\u00e1ginas \/orri.<\/p>\n","protected":false},"featured_media":4810,"template":"","meta":[],"product_brand":[],"product_cat":[183,16],"product_tag":[3097],"class_list":{"0":"post-4760","1":"product","2":"type-product","3":"status-publish","4":"has-post-thumbnail","6":"product_cat-kultur-adierazpenak-expresiones-culturales","7":"product_cat-libros","8":"product_tag-toxic-records-el-lokal","10":"first","11":"outofstock","12":"sold-individually","13":"shipping-taxable","14":"purchasable","15":"product-type-simple"},"yoast_head":"<!-- This site is optimized with the Yoast SEO plugin v27.3 - https:\/\/yoast.com\/product\/yoast-seo-wordpress\/ -->\n<title>Larga vida a los RIP libro + CD &#8212; Zapateneo<\/title>\n<meta name=\"robots\" content=\"index, follow, max-snippet:-1, max-image-preview:large, max-video-preview:-1\" \/>\n<link rel=\"canonical\" href=\"https:\/\/zapateneo.net\/wordpress\/index.php\/producto\/larga-vida-a-los-rip-cd\/\" \/>\n<meta property=\"og:locale\" content=\"es_ES\" \/>\n<meta property=\"og:type\" content=\"article\" \/>\n<meta property=\"og:title\" content=\"Larga vida a los RIP libro + CD &#8212; Zapateneo\" \/>\n<meta property=\"og:description\" content=\"vvaa 9788409043392 - Toxic Records \/ El Lokal - 2018 - 375 p\u00e1ginas \/orri.\" \/>\n<meta property=\"og:url\" content=\"https:\/\/zapateneo.net\/wordpress\/index.php\/producto\/larga-vida-a-los-rip-cd\/\" \/>\n<meta property=\"og:site_name\" content=\"Zapateneo\" \/>\n<meta property=\"article:modified_time\" content=\"2022-12-15T18:05:17+00:00\" \/>\n<meta property=\"og:image\" content=\"https:\/\/zapateneo.net\/wordpress\/wp-content\/uploads\/2021\/04\/portada_larga_vida_a_rip_mbl.jpg\" \/>\n\t<meta property=\"og:image:width\" content=\"301\" \/>\n\t<meta property=\"og:image:height\" content=\"400\" \/>\n\t<meta property=\"og:image:type\" content=\"image\/jpeg\" \/>\n<meta name=\"twitter:card\" content=\"summary_large_image\" \/>\n<meta name=\"twitter:site\" content=\"@zapateneo\" \/>\n<meta name=\"twitter:label1\" content=\"Tiempo de lectura\" \/>\n\t<meta name=\"twitter:data1\" content=\"2 minutos\" \/>\n<script type=\"application\/ld+json\" class=\"yoast-schema-graph\">{\"@context\":\"https:\\\/\\\/schema.org\",\"@graph\":[{\"@type\":\"WebPage\",\"@id\":\"https:\\\/\\\/zapateneo.net\\\/wordpress\\\/index.php\\\/producto\\\/larga-vida-a-los-rip-cd\\\/\",\"url\":\"https:\\\/\\\/zapateneo.net\\\/wordpress\\\/index.php\\\/producto\\\/larga-vida-a-los-rip-cd\\\/\",\"name\":\"Larga vida a los RIP libro + CD &#8212; Zapateneo\",\"isPartOf\":{\"@id\":\"https:\\\/\\\/zapateneo.net\\\/wordpress\\\/#website\"},\"primaryImageOfPage\":{\"@id\":\"https:\\\/\\\/zapateneo.net\\\/wordpress\\\/index.php\\\/producto\\\/larga-vida-a-los-rip-cd\\\/#primaryimage\"},\"image\":{\"@id\":\"https:\\\/\\\/zapateneo.net\\\/wordpress\\\/index.php\\\/producto\\\/larga-vida-a-los-rip-cd\\\/#primaryimage\"},\"thumbnailUrl\":\"https:\\\/\\\/zapateneo.net\\\/wordpress\\\/wp-content\\\/uploads\\\/2021\\\/04\\\/portada_larga_vida_a_rip_mbl.jpg\",\"datePublished\":\"2021-04-08T15:38:05+00:00\",\"dateModified\":\"2022-12-15T18:05:17+00:00\",\"breadcrumb\":{\"@id\":\"https:\\\/\\\/zapateneo.net\\\/wordpress\\\/index.php\\\/producto\\\/larga-vida-a-los-rip-cd\\\/#breadcrumb\"},\"inLanguage\":\"es\",\"potentialAction\":[{\"@type\":\"ReadAction\",\"target\":[\"https:\\\/\\\/zapateneo.net\\\/wordpress\\\/index.php\\\/producto\\\/larga-vida-a-los-rip-cd\\\/\"]}]},{\"@type\":\"ImageObject\",\"inLanguage\":\"es\",\"@id\":\"https:\\\/\\\/zapateneo.net\\\/wordpress\\\/index.php\\\/producto\\\/larga-vida-a-los-rip-cd\\\/#primaryimage\",\"url\":\"https:\\\/\\\/zapateneo.net\\\/wordpress\\\/wp-content\\\/uploads\\\/2021\\\/04\\\/portada_larga_vida_a_rip_mbl.jpg\",\"contentUrl\":\"https:\\\/\\\/zapateneo.net\\\/wordpress\\\/wp-content\\\/uploads\\\/2021\\\/04\\\/portada_larga_vida_a_rip_mbl.jpg\",\"width\":301,\"height\":400},{\"@type\":\"BreadcrumbList\",\"@id\":\"https:\\\/\\\/zapateneo.net\\\/wordpress\\\/index.php\\\/producto\\\/larga-vida-a-los-rip-cd\\\/#breadcrumb\",\"itemListElement\":[{\"@type\":\"ListItem\",\"position\":1,\"name\":\"Portada\",\"item\":\"https:\\\/\\\/zapateneo.net\\\/wordpress\\\/\"},{\"@type\":\"ListItem\",\"position\":2,\"name\":\"Tienda\",\"item\":\"https:\\\/\\\/zapateneo.net\\\/wordpress\\\/\"},{\"@type\":\"ListItem\",\"position\":3,\"name\":\"Larga vida a los RIP libro + CD\"}]},{\"@type\":\"WebSite\",\"@id\":\"https:\\\/\\\/zapateneo.net\\\/wordpress\\\/#website\",\"url\":\"https:\\\/\\\/zapateneo.net\\\/wordpress\\\/\",\"name\":\"Zapateneo\",\"description\":\"Zapateneoaren webgunea\",\"publisher\":{\"@id\":\"https:\\\/\\\/zapateneo.net\\\/wordpress\\\/#organization\"},\"potentialAction\":[{\"@type\":\"SearchAction\",\"target\":{\"@type\":\"EntryPoint\",\"urlTemplate\":\"https:\\\/\\\/zapateneo.net\\\/wordpress\\\/?s={search_term_string}\"},\"query-input\":{\"@type\":\"PropertyValueSpecification\",\"valueRequired\":true,\"valueName\":\"search_term_string\"}}],\"inLanguage\":\"es\"},{\"@type\":\"Organization\",\"@id\":\"https:\\\/\\\/zapateneo.net\\\/wordpress\\\/#organization\",\"name\":\"Zapateneo Kultur Elkartea\",\"url\":\"https:\\\/\\\/zapateneo.net\\\/wordpress\\\/\",\"logo\":{\"@type\":\"ImageObject\",\"inLanguage\":\"es\",\"@id\":\"https:\\\/\\\/zapateneo.net\\\/wordpress\\\/#\\\/schema\\\/logo\\\/image\\\/\",\"url\":\"https:\\\/\\\/zapateneo.net\\\/wordpress\\\/wp-content\\\/uploads\\\/2021\\\/04\\\/zap-libu-kolec.jpg\",\"contentUrl\":\"https:\\\/\\\/zapateneo.net\\\/wordpress\\\/wp-content\\\/uploads\\\/2021\\\/04\\\/zap-libu-kolec.jpg\",\"width\":2234,\"height\":398,\"caption\":\"Zapateneo Kultur Elkartea\"},\"image\":{\"@id\":\"https:\\\/\\\/zapateneo.net\\\/wordpress\\\/#\\\/schema\\\/logo\\\/image\\\/\"},\"sameAs\":[\"https:\\\/\\\/x.com\\\/zapateneo\"]}]}<\/script>\n<!-- \/ Yoast SEO plugin. -->","yoast_head_json":{"title":"Larga vida a los RIP libro + CD &#8212; Zapateneo","robots":{"index":"index","follow":"follow","max-snippet":"max-snippet:-1","max-image-preview":"max-image-preview:large","max-video-preview":"max-video-preview:-1"},"canonical":"https:\/\/zapateneo.net\/wordpress\/index.php\/producto\/larga-vida-a-los-rip-cd\/","og_locale":"es_ES","og_type":"article","og_title":"Larga vida a los RIP libro + CD &#8212; Zapateneo","og_description":"vvaa 9788409043392 - Toxic Records \/ El Lokal - 2018 - 375 p\u00e1ginas \/orri.","og_url":"https:\/\/zapateneo.net\/wordpress\/index.php\/producto\/larga-vida-a-los-rip-cd\/","og_site_name":"Zapateneo","article_modified_time":"2022-12-15T18:05:17+00:00","og_image":[{"width":301,"height":400,"url":"https:\/\/zapateneo.net\/wordpress\/wp-content\/uploads\/2021\/04\/portada_larga_vida_a_rip_mbl.jpg","type":"image\/jpeg"}],"twitter_card":"summary_large_image","twitter_site":"@zapateneo","twitter_misc":{"Tiempo de lectura":"2 minutos"},"schema":{"@context":"https:\/\/schema.org","@graph":[{"@type":"WebPage","@id":"https:\/\/zapateneo.net\/wordpress\/index.php\/producto\/larga-vida-a-los-rip-cd\/","url":"https:\/\/zapateneo.net\/wordpress\/index.php\/producto\/larga-vida-a-los-rip-cd\/","name":"Larga vida a los RIP libro + CD &#8212; Zapateneo","isPartOf":{"@id":"https:\/\/zapateneo.net\/wordpress\/#website"},"primaryImageOfPage":{"@id":"https:\/\/zapateneo.net\/wordpress\/index.php\/producto\/larga-vida-a-los-rip-cd\/#primaryimage"},"image":{"@id":"https:\/\/zapateneo.net\/wordpress\/index.php\/producto\/larga-vida-a-los-rip-cd\/#primaryimage"},"thumbnailUrl":"https:\/\/zapateneo.net\/wordpress\/wp-content\/uploads\/2021\/04\/portada_larga_vida_a_rip_mbl.jpg","datePublished":"2021-04-08T15:38:05+00:00","dateModified":"2022-12-15T18:05:17+00:00","breadcrumb":{"@id":"https:\/\/zapateneo.net\/wordpress\/index.php\/producto\/larga-vida-a-los-rip-cd\/#breadcrumb"},"inLanguage":"es","potentialAction":[{"@type":"ReadAction","target":["https:\/\/zapateneo.net\/wordpress\/index.php\/producto\/larga-vida-a-los-rip-cd\/"]}]},{"@type":"ImageObject","inLanguage":"es","@id":"https:\/\/zapateneo.net\/wordpress\/index.php\/producto\/larga-vida-a-los-rip-cd\/#primaryimage","url":"https:\/\/zapateneo.net\/wordpress\/wp-content\/uploads\/2021\/04\/portada_larga_vida_a_rip_mbl.jpg","contentUrl":"https:\/\/zapateneo.net\/wordpress\/wp-content\/uploads\/2021\/04\/portada_larga_vida_a_rip_mbl.jpg","width":301,"height":400},{"@type":"BreadcrumbList","@id":"https:\/\/zapateneo.net\/wordpress\/index.php\/producto\/larga-vida-a-los-rip-cd\/#breadcrumb","itemListElement":[{"@type":"ListItem","position":1,"name":"Portada","item":"https:\/\/zapateneo.net\/wordpress\/"},{"@type":"ListItem","position":2,"name":"Tienda","item":"https:\/\/zapateneo.net\/wordpress\/"},{"@type":"ListItem","position":3,"name":"Larga vida a los RIP libro + CD"}]},{"@type":"WebSite","@id":"https:\/\/zapateneo.net\/wordpress\/#website","url":"https:\/\/zapateneo.net\/wordpress\/","name":"Zapateneo","description":"Zapateneoaren webgunea","publisher":{"@id":"https:\/\/zapateneo.net\/wordpress\/#organization"},"potentialAction":[{"@type":"SearchAction","target":{"@type":"EntryPoint","urlTemplate":"https:\/\/zapateneo.net\/wordpress\/?s={search_term_string}"},"query-input":{"@type":"PropertyValueSpecification","valueRequired":true,"valueName":"search_term_string"}}],"inLanguage":"es"},{"@type":"Organization","@id":"https:\/\/zapateneo.net\/wordpress\/#organization","name":"Zapateneo Kultur Elkartea","url":"https:\/\/zapateneo.net\/wordpress\/","logo":{"@type":"ImageObject","inLanguage":"es","@id":"https:\/\/zapateneo.net\/wordpress\/#\/schema\/logo\/image\/","url":"https:\/\/zapateneo.net\/wordpress\/wp-content\/uploads\/2021\/04\/zap-libu-kolec.jpg","contentUrl":"https:\/\/zapateneo.net\/wordpress\/wp-content\/uploads\/2021\/04\/zap-libu-kolec.jpg","width":2234,"height":398,"caption":"Zapateneo Kultur Elkartea"},"image":{"@id":"https:\/\/zapateneo.net\/wordpress\/#\/schema\/logo\/image\/"},"sameAs":["https:\/\/x.com\/zapateneo"]}]}},"_links":{"self":[{"href":"https:\/\/zapateneo.net\/wordpress\/index.php\/wp-json\/wp\/v2\/product\/4760","targetHints":{"allow":["GET"]}}],"collection":[{"href":"https:\/\/zapateneo.net\/wordpress\/index.php\/wp-json\/wp\/v2\/product"}],"about":[{"href":"https:\/\/zapateneo.net\/wordpress\/index.php\/wp-json\/wp\/v2\/types\/product"}],"wp:featuredmedia":[{"embeddable":true,"href":"https:\/\/zapateneo.net\/wordpress\/index.php\/wp-json\/wp\/v2\/media\/4810"}],"wp:attachment":[{"href":"https:\/\/zapateneo.net\/wordpress\/index.php\/wp-json\/wp\/v2\/media?parent=4760"}],"wp:term":[{"taxonomy":"product_brand","embeddable":true,"href":"https:\/\/zapateneo.net\/wordpress\/index.php\/wp-json\/wp\/v2\/product_brand?post=4760"},{"taxonomy":"product_cat","embeddable":true,"href":"https:\/\/zapateneo.net\/wordpress\/index.php\/wp-json\/wp\/v2\/product_cat?post=4760"},{"taxonomy":"product_tag","embeddable":true,"href":"https:\/\/zapateneo.net\/wordpress\/index.php\/wp-json\/wp\/v2\/product_tag?post=4760"}],"curies":[{"name":"wp","href":"https:\/\/api.w.org\/{rel}","templated":true}]}}