{"id":4748,"date":"2021-04-08T16:38:02","date_gmt":"2021-04-08T15:38:02","guid":{"rendered":"https:\/\/zapateneo.net\/wordpress\/?post_type=product&#038;p=4748"},"modified":"2023-04-11T16:04:17","modified_gmt":"2023-04-11T15:04:17","slug":"cuidado-y-peligro-de-si","status":"publish","type":"product","link":"https:\/\/zapateneo.net\/wordpress\/index.php\/producto\/cuidado-y-peligro-de-si\/","title":{"rendered":"Cuidado y peligro de s\u00ed"},"content":{"rendered":"<p>Cuidado y peligro de s\u00ed<\/p>\n<p>CUIDADO Y PELIGRO DE S\u00cd<\/p>\n<p>Cuidado y peligro de s\u00ed es una exposici\u00f3n colectiva que toma su t\u00edtulo de la fusi\u00f3n de dos ensayos: El cuidado de s\u00ed de Michel Foucault y Pureza y peligro de Mary Douglas. Esta aproximaci\u00f3n de la historia-geneal\u00f3gica de la sexualidad y el an\u00e1lisis de la contaminaci\u00f3n y el tab\u00fa sirve (estrat\u00e9gicamente) para trazar una meditaci\u00f3n sobre los modos (sintomatol\u00f3gicos) del \u201cvivir juntos\u201d. En una perspectiva (todav\u00eda)-pand\u00e9mica (sin recurrir a planteamientos literalistas) se presentan obras de artistas que llevan a\u00f1os planteando la cuesti\u00f3n del sujeto m\u00e1s all\u00e1 de los estereotipos.<\/p>\n<p>Trabajos performativos, video-instalaciones, esculturas, dibujos, fotograf\u00edas y cuadros articulan esta muestra que tiene voluntad de ser un ensayo filos\u00f3fico. Eso no supone deslizarse hacia cuestiones cr\u00edpticas o desplegar una erudici\u00f3n acad\u00e9mica, sino asumir, como ha planteado Zizek, que el problema es que, aunque la vida vuelva a la normalidad, no ser\u00e1 la misma normalidad que antes del brote: \u201cLas cosas a las que est\u00e1bamos acostumbrados como parte de nuestra vida diaria ya no se dar\u00e1n por sentadas, tendremos que aprender a vivir una vida mucho m\u00e1s fr\u00e1gil con amenazas constantes. Tendremos que cambiar toda nuestra postura ante la vida, ante nuestra existencia como seres vivos entre otras formas de vida. En otras palabras, si entendemos \u2018filosof\u00eda\u2019 como el nombre de nuestra orientaci\u00f3n b\u00e1sica en la vida, tendremos que experimentar una verdadera revoluci\u00f3n filos\u00f3fica\u201d.<\/p>\n<p>Esta exposici\u00f3n tiene car\u00e1cter \u201ctem\u00e1tico\u201d sin pretender ofrecer una \u201ctesis conclusiva\u201d, prefiriendo abrir cuestiones o diseminar problemas. Tal vez evitar las simplificaciones sea el \u00fanico modo de hacer justicia a la complejidad de lo que nos pasa. En cierto sentido, las obras de estos artistas nos permitir\u00e1n pensar la comunidad\/inmunidad, siempre que tengamos presente que \u201clo inmune \u2013apunta Roberto Esposito- no es enemigo de lo com\u00fan, sino algo m\u00e1s complejo que lo implica y lo requiere\u201d.<\/p>\n<p>Replegados en la cuarentena, des-movilizados por la pandemia del covid19, hemos tenido que aprender a vivir juntos de otra manera. Hemos escuchado hasta la saciedad discursos que balbucean ante el horizonte que califican de \u201cvuelta a la normalidad\u201d, us\u00e1ndose de forma extremadamente confusa el t\u00e9rmino desescalada cuando acaso solamente se est\u00e9 alegorizando un batacazo tremendo o, peor, una incapacidad para empezar a afrontar lo que nos pasa. La ceguera frente a un planeta inequ\u00edvocamente enfermo, paralizado por lo v\u00edrico (hechizado desde hace tiempo por la \u201cviralizaci\u00f3n\u201d de lo insustancial) no es meramente manifestaci\u00f3n sintom\u00e1tica de un deseo de no saber (una suerte de sublimaci\u00f3n de lo peor) sino que nuestro velamiento del colapso del Capitaloceno es una consecuencia de la incapacidad para pensar lo com\u00fan.<\/p>\n","protected":false},"excerpt":{"rendered":"<p><strong>Fernando Castro Florez<\/strong><br \/>\n978841210240 &#8211; Pepitas de calabaza &#038; Cultural Rioja &#038; Los aciertos &#8211; 2021 &#8211; 208 p\u00e1ginas \/orri.<\/p>\n","protected":false},"featured_media":4778,"template":"","meta":[],"product_brand":[],"product_cat":[183,16],"product_tag":[5963,3082,3729,47],"class_list":{"0":"post-4748","1":"product","2":"type-product","3":"status-publish","4":"has-post-thumbnail","6":"product_cat-kultur-adierazpenak-expresiones-culturales","7":"product_cat-libros","8":"product_tag-cultural-rioja","9":"product_tag-fernando-castro-florez","10":"product_tag-los-aciertos","11":"product_tag-pepitas-de-calabaza","13":"first","14":"instock","15":"sold-individually","16":"shipping-taxable","17":"purchasable","18":"product-type-simple"},"yoast_head":"<!-- This site is optimized with the Yoast SEO plugin v27.3 - https:\/\/yoast.com\/product\/yoast-seo-wordpress\/ -->\n<title>Cuidado y peligro de s\u00ed &#8212; Zapateneo<\/title>\n<meta name=\"robots\" content=\"index, follow, max-snippet:-1, max-image-preview:large, max-video-preview:-1\" \/>\n<link rel=\"canonical\" href=\"https:\/\/zapateneo.net\/wordpress\/index.php\/producto\/cuidado-y-peligro-de-si\/\" \/>\n<meta property=\"og:locale\" content=\"es_ES\" \/>\n<meta property=\"og:type\" content=\"article\" \/>\n<meta property=\"og:title\" content=\"Cuidado y peligro de s\u00ed &#8212; Zapateneo\" \/>\n<meta property=\"og:description\" content=\"Fernando Castro Florez 978841210240 - Pepitas de calabaza &amp; Cultural Rioja &amp; Los aciertos - 2021 - 208 p\u00e1ginas \/orri.\" \/>\n<meta property=\"og:url\" content=\"https:\/\/zapateneo.net\/wordpress\/index.php\/producto\/cuidado-y-peligro-de-si\/\" \/>\n<meta property=\"og:site_name\" content=\"Zapateneo\" \/>\n<meta property=\"article:modified_time\" content=\"2023-04-11T15:04:17+00:00\" \/>\n<meta property=\"og:image\" content=\"https:\/\/zapateneo.net\/wordpress\/wp-content\/uploads\/2021\/04\/cuidado.jpg\" \/>\n\t<meta property=\"og:image:width\" content=\"188\" \/>\n\t<meta property=\"og:image:height\" content=\"268\" \/>\n\t<meta property=\"og:image:type\" content=\"image\/jpeg\" \/>\n<meta name=\"twitter:card\" content=\"summary_large_image\" \/>\n<meta name=\"twitter:site\" content=\"@zapateneo\" \/>\n<meta name=\"twitter:label1\" content=\"Tiempo de lectura\" \/>\n\t<meta name=\"twitter:data1\" content=\"2 minutos\" \/>\n<script type=\"application\/ld+json\" class=\"yoast-schema-graph\">{\"@context\":\"https:\\\/\\\/schema.org\",\"@graph\":[{\"@type\":\"WebPage\",\"@id\":\"https:\\\/\\\/zapateneo.net\\\/wordpress\\\/index.php\\\/producto\\\/cuidado-y-peligro-de-si\\\/\",\"url\":\"https:\\\/\\\/zapateneo.net\\\/wordpress\\\/index.php\\\/producto\\\/cuidado-y-peligro-de-si\\\/\",\"name\":\"Cuidado y peligro de s\u00ed &#8212; Zapateneo\",\"isPartOf\":{\"@id\":\"https:\\\/\\\/zapateneo.net\\\/wordpress\\\/#website\"},\"primaryImageOfPage\":{\"@id\":\"https:\\\/\\\/zapateneo.net\\\/wordpress\\\/index.php\\\/producto\\\/cuidado-y-peligro-de-si\\\/#primaryimage\"},\"image\":{\"@id\":\"https:\\\/\\\/zapateneo.net\\\/wordpress\\\/index.php\\\/producto\\\/cuidado-y-peligro-de-si\\\/#primaryimage\"},\"thumbnailUrl\":\"https:\\\/\\\/zapateneo.net\\\/wordpress\\\/wp-content\\\/uploads\\\/2021\\\/04\\\/cuidado.jpg\",\"datePublished\":\"2021-04-08T15:38:02+00:00\",\"dateModified\":\"2023-04-11T15:04:17+00:00\",\"breadcrumb\":{\"@id\":\"https:\\\/\\\/zapateneo.net\\\/wordpress\\\/index.php\\\/producto\\\/cuidado-y-peligro-de-si\\\/#breadcrumb\"},\"inLanguage\":\"es\",\"potentialAction\":[{\"@type\":\"ReadAction\",\"target\":[\"https:\\\/\\\/zapateneo.net\\\/wordpress\\\/index.php\\\/producto\\\/cuidado-y-peligro-de-si\\\/\"]}]},{\"@type\":\"ImageObject\",\"inLanguage\":\"es\",\"@id\":\"https:\\\/\\\/zapateneo.net\\\/wordpress\\\/index.php\\\/producto\\\/cuidado-y-peligro-de-si\\\/#primaryimage\",\"url\":\"https:\\\/\\\/zapateneo.net\\\/wordpress\\\/wp-content\\\/uploads\\\/2021\\\/04\\\/cuidado.jpg\",\"contentUrl\":\"https:\\\/\\\/zapateneo.net\\\/wordpress\\\/wp-content\\\/uploads\\\/2021\\\/04\\\/cuidado.jpg\",\"width\":188,\"height\":268},{\"@type\":\"BreadcrumbList\",\"@id\":\"https:\\\/\\\/zapateneo.net\\\/wordpress\\\/index.php\\\/producto\\\/cuidado-y-peligro-de-si\\\/#breadcrumb\",\"itemListElement\":[{\"@type\":\"ListItem\",\"position\":1,\"name\":\"Portada\",\"item\":\"https:\\\/\\\/zapateneo.net\\\/wordpress\\\/\"},{\"@type\":\"ListItem\",\"position\":2,\"name\":\"Tienda\",\"item\":\"https:\\\/\\\/zapateneo.net\\\/wordpress\\\/\"},{\"@type\":\"ListItem\",\"position\":3,\"name\":\"Cuidado y peligro de s\u00ed\"}]},{\"@type\":\"WebSite\",\"@id\":\"https:\\\/\\\/zapateneo.net\\\/wordpress\\\/#website\",\"url\":\"https:\\\/\\\/zapateneo.net\\\/wordpress\\\/\",\"name\":\"Zapateneo\",\"description\":\"Zapateneoaren webgunea\",\"publisher\":{\"@id\":\"https:\\\/\\\/zapateneo.net\\\/wordpress\\\/#organization\"},\"potentialAction\":[{\"@type\":\"SearchAction\",\"target\":{\"@type\":\"EntryPoint\",\"urlTemplate\":\"https:\\\/\\\/zapateneo.net\\\/wordpress\\\/?s={search_term_string}\"},\"query-input\":{\"@type\":\"PropertyValueSpecification\",\"valueRequired\":true,\"valueName\":\"search_term_string\"}}],\"inLanguage\":\"es\"},{\"@type\":\"Organization\",\"@id\":\"https:\\\/\\\/zapateneo.net\\\/wordpress\\\/#organization\",\"name\":\"Zapateneo Kultur Elkartea\",\"url\":\"https:\\\/\\\/zapateneo.net\\\/wordpress\\\/\",\"logo\":{\"@type\":\"ImageObject\",\"inLanguage\":\"es\",\"@id\":\"https:\\\/\\\/zapateneo.net\\\/wordpress\\\/#\\\/schema\\\/logo\\\/image\\\/\",\"url\":\"https:\\\/\\\/zapateneo.net\\\/wordpress\\\/wp-content\\\/uploads\\\/2021\\\/04\\\/zap-libu-kolec.jpg\",\"contentUrl\":\"https:\\\/\\\/zapateneo.net\\\/wordpress\\\/wp-content\\\/uploads\\\/2021\\\/04\\\/zap-libu-kolec.jpg\",\"width\":2234,\"height\":398,\"caption\":\"Zapateneo Kultur Elkartea\"},\"image\":{\"@id\":\"https:\\\/\\\/zapateneo.net\\\/wordpress\\\/#\\\/schema\\\/logo\\\/image\\\/\"},\"sameAs\":[\"https:\\\/\\\/x.com\\\/zapateneo\"]}]}<\/script>\n<!-- \/ Yoast SEO plugin. -->","yoast_head_json":{"title":"Cuidado y peligro de s\u00ed &#8212; Zapateneo","robots":{"index":"index","follow":"follow","max-snippet":"max-snippet:-1","max-image-preview":"max-image-preview:large","max-video-preview":"max-video-preview:-1"},"canonical":"https:\/\/zapateneo.net\/wordpress\/index.php\/producto\/cuidado-y-peligro-de-si\/","og_locale":"es_ES","og_type":"article","og_title":"Cuidado y peligro de s\u00ed &#8212; Zapateneo","og_description":"Fernando Castro Florez 978841210240 - Pepitas de calabaza & Cultural Rioja & Los aciertos - 2021 - 208 p\u00e1ginas \/orri.","og_url":"https:\/\/zapateneo.net\/wordpress\/index.php\/producto\/cuidado-y-peligro-de-si\/","og_site_name":"Zapateneo","article_modified_time":"2023-04-11T15:04:17+00:00","og_image":[{"width":188,"height":268,"url":"https:\/\/zapateneo.net\/wordpress\/wp-content\/uploads\/2021\/04\/cuidado.jpg","type":"image\/jpeg"}],"twitter_card":"summary_large_image","twitter_site":"@zapateneo","twitter_misc":{"Tiempo de lectura":"2 minutos"},"schema":{"@context":"https:\/\/schema.org","@graph":[{"@type":"WebPage","@id":"https:\/\/zapateneo.net\/wordpress\/index.php\/producto\/cuidado-y-peligro-de-si\/","url":"https:\/\/zapateneo.net\/wordpress\/index.php\/producto\/cuidado-y-peligro-de-si\/","name":"Cuidado y peligro de s\u00ed &#8212; Zapateneo","isPartOf":{"@id":"https:\/\/zapateneo.net\/wordpress\/#website"},"primaryImageOfPage":{"@id":"https:\/\/zapateneo.net\/wordpress\/index.php\/producto\/cuidado-y-peligro-de-si\/#primaryimage"},"image":{"@id":"https:\/\/zapateneo.net\/wordpress\/index.php\/producto\/cuidado-y-peligro-de-si\/#primaryimage"},"thumbnailUrl":"https:\/\/zapateneo.net\/wordpress\/wp-content\/uploads\/2021\/04\/cuidado.jpg","datePublished":"2021-04-08T15:38:02+00:00","dateModified":"2023-04-11T15:04:17+00:00","breadcrumb":{"@id":"https:\/\/zapateneo.net\/wordpress\/index.php\/producto\/cuidado-y-peligro-de-si\/#breadcrumb"},"inLanguage":"es","potentialAction":[{"@type":"ReadAction","target":["https:\/\/zapateneo.net\/wordpress\/index.php\/producto\/cuidado-y-peligro-de-si\/"]}]},{"@type":"ImageObject","inLanguage":"es","@id":"https:\/\/zapateneo.net\/wordpress\/index.php\/producto\/cuidado-y-peligro-de-si\/#primaryimage","url":"https:\/\/zapateneo.net\/wordpress\/wp-content\/uploads\/2021\/04\/cuidado.jpg","contentUrl":"https:\/\/zapateneo.net\/wordpress\/wp-content\/uploads\/2021\/04\/cuidado.jpg","width":188,"height":268},{"@type":"BreadcrumbList","@id":"https:\/\/zapateneo.net\/wordpress\/index.php\/producto\/cuidado-y-peligro-de-si\/#breadcrumb","itemListElement":[{"@type":"ListItem","position":1,"name":"Portada","item":"https:\/\/zapateneo.net\/wordpress\/"},{"@type":"ListItem","position":2,"name":"Tienda","item":"https:\/\/zapateneo.net\/wordpress\/"},{"@type":"ListItem","position":3,"name":"Cuidado y peligro de s\u00ed"}]},{"@type":"WebSite","@id":"https:\/\/zapateneo.net\/wordpress\/#website","url":"https:\/\/zapateneo.net\/wordpress\/","name":"Zapateneo","description":"Zapateneoaren webgunea","publisher":{"@id":"https:\/\/zapateneo.net\/wordpress\/#organization"},"potentialAction":[{"@type":"SearchAction","target":{"@type":"EntryPoint","urlTemplate":"https:\/\/zapateneo.net\/wordpress\/?s={search_term_string}"},"query-input":{"@type":"PropertyValueSpecification","valueRequired":true,"valueName":"search_term_string"}}],"inLanguage":"es"},{"@type":"Organization","@id":"https:\/\/zapateneo.net\/wordpress\/#organization","name":"Zapateneo Kultur Elkartea","url":"https:\/\/zapateneo.net\/wordpress\/","logo":{"@type":"ImageObject","inLanguage":"es","@id":"https:\/\/zapateneo.net\/wordpress\/#\/schema\/logo\/image\/","url":"https:\/\/zapateneo.net\/wordpress\/wp-content\/uploads\/2021\/04\/zap-libu-kolec.jpg","contentUrl":"https:\/\/zapateneo.net\/wordpress\/wp-content\/uploads\/2021\/04\/zap-libu-kolec.jpg","width":2234,"height":398,"caption":"Zapateneo Kultur Elkartea"},"image":{"@id":"https:\/\/zapateneo.net\/wordpress\/#\/schema\/logo\/image\/"},"sameAs":["https:\/\/x.com\/zapateneo"]}]}},"_links":{"self":[{"href":"https:\/\/zapateneo.net\/wordpress\/index.php\/wp-json\/wp\/v2\/product\/4748","targetHints":{"allow":["GET"]}}],"collection":[{"href":"https:\/\/zapateneo.net\/wordpress\/index.php\/wp-json\/wp\/v2\/product"}],"about":[{"href":"https:\/\/zapateneo.net\/wordpress\/index.php\/wp-json\/wp\/v2\/types\/product"}],"wp:featuredmedia":[{"embeddable":true,"href":"https:\/\/zapateneo.net\/wordpress\/index.php\/wp-json\/wp\/v2\/media\/4778"}],"wp:attachment":[{"href":"https:\/\/zapateneo.net\/wordpress\/index.php\/wp-json\/wp\/v2\/media?parent=4748"}],"wp:term":[{"taxonomy":"product_brand","embeddable":true,"href":"https:\/\/zapateneo.net\/wordpress\/index.php\/wp-json\/wp\/v2\/product_brand?post=4748"},{"taxonomy":"product_cat","embeddable":true,"href":"https:\/\/zapateneo.net\/wordpress\/index.php\/wp-json\/wp\/v2\/product_cat?post=4748"},{"taxonomy":"product_tag","embeddable":true,"href":"https:\/\/zapateneo.net\/wordpress\/index.php\/wp-json\/wp\/v2\/product_tag?post=4748"}],"curies":[{"name":"wp","href":"https:\/\/api.w.org\/{rel}","templated":true}]}}