{"id":4675,"date":"2021-04-08T16:36:59","date_gmt":"2021-04-08T15:36:59","guid":{"rendered":"https:\/\/zapateneo.net\/wordpress\/?post_type=product&#038;p=4675"},"modified":"2021-04-08T16:37:21","modified_gmt":"2021-04-08T15:37:21","slug":"ruta-emocional-de-madrid","status":"publish","type":"product","link":"https:\/\/zapateneo.net\/wordpress\/index.php\/producto\/ruta-emocional-de-madrid\/","title":{"rendered":"Ruta emocional de Madrid"},"content":{"rendered":"<p>El legendario escritor y poeta Emilio Carr\u00e8re, autor de La torre de los siete jorobados, Del amor, del dolor y del misterio o El caballero de la muerte, vestido de riguroso negro, capa de terciopelo y pipa, atraviesa la urbe como guardi\u00e1n de los siglos. Es el poeta de la golfemia del que se dice que cada noche habla con el esp\u00edritu de Verlaine. \u00abYo soy un hombre triste, altivo y solitario a quien brinda la luna su ajenjo visionario&#8230;\u00bb, se describe a s\u00ed mismo en El caballero de la muerte. Para \u00e9l, acostumbrado a perderse en la noche, no hay br\u00fajula que valga, solo el alba amenazante. Conoce cada rinc\u00f3n y hasta los sonidos de las campanas. Es un paseante, pero tambi\u00e9n un detective. Se detiene y respira, mira a su alrededor y, sobre todo, a lo alto, a las ventanas abiertas. Edificios que recortan el cielo, misterios y casas aterradoras, plazas y plazuelas de la Inquisici\u00f3n, motines, cr\u00edmenes, los interminables subterr\u00e1neos \u00e1rabes que tanto le obsesionaron y que cruzan el subsuelo de una ciudad que jam\u00e1s duerme, todos esos antros, tabernuchas y caf\u00e9s de los que es habitual. Sus colegas son poetastros, hampones, sablistas y hetarias (\u00abSon tus buenos amigos los hampones ?dir\u00e1n de \u00e9l en la prensa?, los viejos mendigos, las rameras, los hijos del fracaso; tu esp\u00edritu es hermano de los negros vencejos, los perros vagabundos olfatean tu paso\u00bb). Todos los que se llaman bohemios o aspiran a serlo, cuando se instalan en Madrid en busca de fortuna literaria, llaman a su puerta en busca de un consejo o una recomendaci\u00f3n. Incluso ir de su mano a visitar alguno de los numerosos cementerios que pueblan la capital, aut\u00e9nticos campos santos desastrados, con tumbas a medio salir e incluso chabolas apoyadas en sus muros.<br \/>\nRuta emocional de Madrid es la gran gu\u00eda (o antigu\u00eda) del antiguo Madrid, una bell\u00edsima antolog\u00eda de esa urbe que ya se bat\u00eda en retirada y que, a mediados de los a\u00f1os treinta, se parec\u00eda cada vez menos a la que Carr\u00e8re pase\u00f3 de madrugada. Por eso, \u00e9l hace de taqu\u00edgrafo e incansable flaneur de lo ya desaparecido o que est\u00e1 pr\u00f3ximo a expirar. El tiempo se agota. Estamos ante el cuaderno de bit\u00e1cora del \u00faltimo gran bohemio, que lleg\u00f3 a ser Cronista Oficial de la Villa, y el mayor homenaje jam\u00e1s escrito al Madrid m\u00e1s sombr\u00edo y bullicioso.?La primera edici\u00f3n de Ruta emocional de Madrid apareci\u00f3 en 1935. Posteriormente hubo una segunda, dos a\u00f1os antes de la muerte de su autor, en 1945. M\u00e1s de medio siglo despu\u00e9s, esta joya de nuestra literatura por fin ve la luz en una edici\u00f3n anotada y que corresponde a la primera, que adem\u00e1s incluye los hermosos grabados de Fernando Marco<\/p>\n","protected":false},"excerpt":{"rendered":"<p><strong>Carrere, Emilio<\/strong><br \/>\n9788412261011 &#8211; La felguera &#8211; 2020 &#8211; 268 p\u00e1ginas \/orri.<\/p>\n","protected":false},"featured_media":4705,"template":"","meta":[],"product_brand":[],"product_cat":[183,16],"product_tag":[3051,582],"class_list":{"0":"post-4675","1":"product","2":"type-product","3":"status-publish","4":"has-post-thumbnail","6":"product_cat-kultur-adierazpenak-expresiones-culturales","7":"product_cat-libros","8":"product_tag-carrere","9":"product_tag-la-felguera","11":"first","12":"instock","13":"sold-individually","14":"shipping-taxable","15":"purchasable","16":"product-type-simple"},"yoast_head":"<!-- This site is optimized with the Yoast SEO plugin v27.3 - https:\/\/yoast.com\/product\/yoast-seo-wordpress\/ -->\n<title>Ruta emocional de Madrid &#8212; Zapateneo<\/title>\n<meta name=\"robots\" content=\"index, follow, max-snippet:-1, max-image-preview:large, max-video-preview:-1\" \/>\n<link rel=\"canonical\" href=\"https:\/\/zapateneo.net\/wordpress\/index.php\/producto\/ruta-emocional-de-madrid\/\" \/>\n<meta property=\"og:locale\" content=\"es_ES\" \/>\n<meta property=\"og:type\" content=\"article\" \/>\n<meta property=\"og:title\" content=\"Ruta emocional de Madrid &#8212; Zapateneo\" \/>\n<meta property=\"og:description\" content=\"Carrere, Emilio 9788412261011 - La felguera - 2020 - 268 p\u00e1ginas \/orri.\" \/>\n<meta property=\"og:url\" content=\"https:\/\/zapateneo.net\/wordpress\/index.php\/producto\/ruta-emocional-de-madrid\/\" \/>\n<meta property=\"og:site_name\" content=\"Zapateneo\" \/>\n<meta property=\"article:modified_time\" content=\"2021-04-08T15:37:21+00:00\" \/>\n<meta property=\"og:image\" content=\"https:\/\/zapateneo.net\/wordpress\/wp-content\/uploads\/2021\/04\/9788412261011.jpg\" \/>\n\t<meta property=\"og:image:width\" content=\"120\" \/>\n\t<meta property=\"og:image:height\" content=\"174\" \/>\n\t<meta property=\"og:image:type\" content=\"image\/jpeg\" \/>\n<meta name=\"twitter:card\" content=\"summary_large_image\" \/>\n<meta name=\"twitter:site\" content=\"@zapateneo\" \/>\n<meta name=\"twitter:label1\" content=\"Tiempo de lectura\" \/>\n\t<meta name=\"twitter:data1\" content=\"2 minutos\" \/>\n<script type=\"application\/ld+json\" class=\"yoast-schema-graph\">{\"@context\":\"https:\\\/\\\/schema.org\",\"@graph\":[{\"@type\":\"WebPage\",\"@id\":\"https:\\\/\\\/zapateneo.net\\\/wordpress\\\/index.php\\\/producto\\\/ruta-emocional-de-madrid\\\/\",\"url\":\"https:\\\/\\\/zapateneo.net\\\/wordpress\\\/index.php\\\/producto\\\/ruta-emocional-de-madrid\\\/\",\"name\":\"Ruta emocional de Madrid &#8212; Zapateneo\",\"isPartOf\":{\"@id\":\"https:\\\/\\\/zapateneo.net\\\/wordpress\\\/#website\"},\"primaryImageOfPage\":{\"@id\":\"https:\\\/\\\/zapateneo.net\\\/wordpress\\\/index.php\\\/producto\\\/ruta-emocional-de-madrid\\\/#primaryimage\"},\"image\":{\"@id\":\"https:\\\/\\\/zapateneo.net\\\/wordpress\\\/index.php\\\/producto\\\/ruta-emocional-de-madrid\\\/#primaryimage\"},\"thumbnailUrl\":\"https:\\\/\\\/zapateneo.net\\\/wordpress\\\/wp-content\\\/uploads\\\/2021\\\/04\\\/9788412261011.jpg\",\"datePublished\":\"2021-04-08T15:36:59+00:00\",\"dateModified\":\"2021-04-08T15:37:21+00:00\",\"breadcrumb\":{\"@id\":\"https:\\\/\\\/zapateneo.net\\\/wordpress\\\/index.php\\\/producto\\\/ruta-emocional-de-madrid\\\/#breadcrumb\"},\"inLanguage\":\"es\",\"potentialAction\":[{\"@type\":\"ReadAction\",\"target\":[\"https:\\\/\\\/zapateneo.net\\\/wordpress\\\/index.php\\\/producto\\\/ruta-emocional-de-madrid\\\/\"]}]},{\"@type\":\"ImageObject\",\"inLanguage\":\"es\",\"@id\":\"https:\\\/\\\/zapateneo.net\\\/wordpress\\\/index.php\\\/producto\\\/ruta-emocional-de-madrid\\\/#primaryimage\",\"url\":\"https:\\\/\\\/zapateneo.net\\\/wordpress\\\/wp-content\\\/uploads\\\/2021\\\/04\\\/9788412261011.jpg\",\"contentUrl\":\"https:\\\/\\\/zapateneo.net\\\/wordpress\\\/wp-content\\\/uploads\\\/2021\\\/04\\\/9788412261011.jpg\",\"width\":120,\"height\":174},{\"@type\":\"BreadcrumbList\",\"@id\":\"https:\\\/\\\/zapateneo.net\\\/wordpress\\\/index.php\\\/producto\\\/ruta-emocional-de-madrid\\\/#breadcrumb\",\"itemListElement\":[{\"@type\":\"ListItem\",\"position\":1,\"name\":\"Portada\",\"item\":\"https:\\\/\\\/zapateneo.net\\\/wordpress\\\/\"},{\"@type\":\"ListItem\",\"position\":2,\"name\":\"Tienda\",\"item\":\"https:\\\/\\\/zapateneo.net\\\/wordpress\\\/\"},{\"@type\":\"ListItem\",\"position\":3,\"name\":\"Ruta emocional de Madrid\"}]},{\"@type\":\"WebSite\",\"@id\":\"https:\\\/\\\/zapateneo.net\\\/wordpress\\\/#website\",\"url\":\"https:\\\/\\\/zapateneo.net\\\/wordpress\\\/\",\"name\":\"Zapateneo\",\"description\":\"Zapateneoaren webgunea\",\"publisher\":{\"@id\":\"https:\\\/\\\/zapateneo.net\\\/wordpress\\\/#organization\"},\"potentialAction\":[{\"@type\":\"SearchAction\",\"target\":{\"@type\":\"EntryPoint\",\"urlTemplate\":\"https:\\\/\\\/zapateneo.net\\\/wordpress\\\/?s={search_term_string}\"},\"query-input\":{\"@type\":\"PropertyValueSpecification\",\"valueRequired\":true,\"valueName\":\"search_term_string\"}}],\"inLanguage\":\"es\"},{\"@type\":\"Organization\",\"@id\":\"https:\\\/\\\/zapateneo.net\\\/wordpress\\\/#organization\",\"name\":\"Zapateneo Kultur Elkartea\",\"url\":\"https:\\\/\\\/zapateneo.net\\\/wordpress\\\/\",\"logo\":{\"@type\":\"ImageObject\",\"inLanguage\":\"es\",\"@id\":\"https:\\\/\\\/zapateneo.net\\\/wordpress\\\/#\\\/schema\\\/logo\\\/image\\\/\",\"url\":\"https:\\\/\\\/zapateneo.net\\\/wordpress\\\/wp-content\\\/uploads\\\/2021\\\/04\\\/zap-libu-kolec.jpg\",\"contentUrl\":\"https:\\\/\\\/zapateneo.net\\\/wordpress\\\/wp-content\\\/uploads\\\/2021\\\/04\\\/zap-libu-kolec.jpg\",\"width\":2234,\"height\":398,\"caption\":\"Zapateneo Kultur Elkartea\"},\"image\":{\"@id\":\"https:\\\/\\\/zapateneo.net\\\/wordpress\\\/#\\\/schema\\\/logo\\\/image\\\/\"},\"sameAs\":[\"https:\\\/\\\/x.com\\\/zapateneo\"]}]}<\/script>\n<!-- \/ Yoast SEO plugin. -->","yoast_head_json":{"title":"Ruta emocional de Madrid &#8212; Zapateneo","robots":{"index":"index","follow":"follow","max-snippet":"max-snippet:-1","max-image-preview":"max-image-preview:large","max-video-preview":"max-video-preview:-1"},"canonical":"https:\/\/zapateneo.net\/wordpress\/index.php\/producto\/ruta-emocional-de-madrid\/","og_locale":"es_ES","og_type":"article","og_title":"Ruta emocional de Madrid &#8212; Zapateneo","og_description":"Carrere, Emilio 9788412261011 - La felguera - 2020 - 268 p\u00e1ginas \/orri.","og_url":"https:\/\/zapateneo.net\/wordpress\/index.php\/producto\/ruta-emocional-de-madrid\/","og_site_name":"Zapateneo","article_modified_time":"2021-04-08T15:37:21+00:00","og_image":[{"width":120,"height":174,"url":"https:\/\/zapateneo.net\/wordpress\/wp-content\/uploads\/2021\/04\/9788412261011.jpg","type":"image\/jpeg"}],"twitter_card":"summary_large_image","twitter_site":"@zapateneo","twitter_misc":{"Tiempo de lectura":"2 minutos"},"schema":{"@context":"https:\/\/schema.org","@graph":[{"@type":"WebPage","@id":"https:\/\/zapateneo.net\/wordpress\/index.php\/producto\/ruta-emocional-de-madrid\/","url":"https:\/\/zapateneo.net\/wordpress\/index.php\/producto\/ruta-emocional-de-madrid\/","name":"Ruta emocional de Madrid &#8212; Zapateneo","isPartOf":{"@id":"https:\/\/zapateneo.net\/wordpress\/#website"},"primaryImageOfPage":{"@id":"https:\/\/zapateneo.net\/wordpress\/index.php\/producto\/ruta-emocional-de-madrid\/#primaryimage"},"image":{"@id":"https:\/\/zapateneo.net\/wordpress\/index.php\/producto\/ruta-emocional-de-madrid\/#primaryimage"},"thumbnailUrl":"https:\/\/zapateneo.net\/wordpress\/wp-content\/uploads\/2021\/04\/9788412261011.jpg","datePublished":"2021-04-08T15:36:59+00:00","dateModified":"2021-04-08T15:37:21+00:00","breadcrumb":{"@id":"https:\/\/zapateneo.net\/wordpress\/index.php\/producto\/ruta-emocional-de-madrid\/#breadcrumb"},"inLanguage":"es","potentialAction":[{"@type":"ReadAction","target":["https:\/\/zapateneo.net\/wordpress\/index.php\/producto\/ruta-emocional-de-madrid\/"]}]},{"@type":"ImageObject","inLanguage":"es","@id":"https:\/\/zapateneo.net\/wordpress\/index.php\/producto\/ruta-emocional-de-madrid\/#primaryimage","url":"https:\/\/zapateneo.net\/wordpress\/wp-content\/uploads\/2021\/04\/9788412261011.jpg","contentUrl":"https:\/\/zapateneo.net\/wordpress\/wp-content\/uploads\/2021\/04\/9788412261011.jpg","width":120,"height":174},{"@type":"BreadcrumbList","@id":"https:\/\/zapateneo.net\/wordpress\/index.php\/producto\/ruta-emocional-de-madrid\/#breadcrumb","itemListElement":[{"@type":"ListItem","position":1,"name":"Portada","item":"https:\/\/zapateneo.net\/wordpress\/"},{"@type":"ListItem","position":2,"name":"Tienda","item":"https:\/\/zapateneo.net\/wordpress\/"},{"@type":"ListItem","position":3,"name":"Ruta emocional de Madrid"}]},{"@type":"WebSite","@id":"https:\/\/zapateneo.net\/wordpress\/#website","url":"https:\/\/zapateneo.net\/wordpress\/","name":"Zapateneo","description":"Zapateneoaren webgunea","publisher":{"@id":"https:\/\/zapateneo.net\/wordpress\/#organization"},"potentialAction":[{"@type":"SearchAction","target":{"@type":"EntryPoint","urlTemplate":"https:\/\/zapateneo.net\/wordpress\/?s={search_term_string}"},"query-input":{"@type":"PropertyValueSpecification","valueRequired":true,"valueName":"search_term_string"}}],"inLanguage":"es"},{"@type":"Organization","@id":"https:\/\/zapateneo.net\/wordpress\/#organization","name":"Zapateneo Kultur Elkartea","url":"https:\/\/zapateneo.net\/wordpress\/","logo":{"@type":"ImageObject","inLanguage":"es","@id":"https:\/\/zapateneo.net\/wordpress\/#\/schema\/logo\/image\/","url":"https:\/\/zapateneo.net\/wordpress\/wp-content\/uploads\/2021\/04\/zap-libu-kolec.jpg","contentUrl":"https:\/\/zapateneo.net\/wordpress\/wp-content\/uploads\/2021\/04\/zap-libu-kolec.jpg","width":2234,"height":398,"caption":"Zapateneo Kultur Elkartea"},"image":{"@id":"https:\/\/zapateneo.net\/wordpress\/#\/schema\/logo\/image\/"},"sameAs":["https:\/\/x.com\/zapateneo"]}]}},"_links":{"self":[{"href":"https:\/\/zapateneo.net\/wordpress\/index.php\/wp-json\/wp\/v2\/product\/4675","targetHints":{"allow":["GET"]}}],"collection":[{"href":"https:\/\/zapateneo.net\/wordpress\/index.php\/wp-json\/wp\/v2\/product"}],"about":[{"href":"https:\/\/zapateneo.net\/wordpress\/index.php\/wp-json\/wp\/v2\/types\/product"}],"wp:featuredmedia":[{"embeddable":true,"href":"https:\/\/zapateneo.net\/wordpress\/index.php\/wp-json\/wp\/v2\/media\/4705"}],"wp:attachment":[{"href":"https:\/\/zapateneo.net\/wordpress\/index.php\/wp-json\/wp\/v2\/media?parent=4675"}],"wp:term":[{"taxonomy":"product_brand","embeddable":true,"href":"https:\/\/zapateneo.net\/wordpress\/index.php\/wp-json\/wp\/v2\/product_brand?post=4675"},{"taxonomy":"product_cat","embeddable":true,"href":"https:\/\/zapateneo.net\/wordpress\/index.php\/wp-json\/wp\/v2\/product_cat?post=4675"},{"taxonomy":"product_tag","embeddable":true,"href":"https:\/\/zapateneo.net\/wordpress\/index.php\/wp-json\/wp\/v2\/product_tag?post=4675"}],"curies":[{"name":"wp","href":"https:\/\/api.w.org\/{rel}","templated":true}]}}