{"id":4673,"date":"2021-04-08T16:36:58","date_gmt":"2021-04-08T15:36:58","guid":{"rendered":"https:\/\/zapateneo.net\/wordpress\/?post_type=product&#038;p=4673"},"modified":"2021-04-08T16:37:19","modified_gmt":"2021-04-08T15:37:19","slug":"aviador-dro-anarquia-cientifica","status":"publish","type":"product","link":"https:\/\/zapateneo.net\/wordpress\/index.php\/producto\/aviador-dro-anarquia-cientifica\/","title":{"rendered":"Aviador Dro. Anarqu\u00eda cient\u00edfica"},"content":{"rendered":"<p>En plena transici\u00f3n pol\u00edtica, en el Ateneo Libertario de Mantuano, una antigua sede falangista que ocupan en el barrio de Prosperidad (Madrid), un grupo de estudiantes crearon un ins\u00f3lito frente musical y cultural en el que plasmaron, por medio de canciones, fanzines y panfletos, su inter\u00e9s por la ciencia ficci\u00f3n y los movimientos de vanguardia de principios del siglo XX, como el futurismo, constructivismo, dada\u00edsmo o espacialismo. Los periodistas que se acercaban a verlos se quedaban estupefactos: sal\u00edan a escena (y en ocasiones vest\u00edan as\u00ed a diario) con trajes de astronauta o ins\u00f3litos uniformes de trabajo y se mov\u00edan como robots. Desde entonces, el Aviador Dro, cuyo nombre proviene de una \u00f3pera futurista, se convirti\u00f3 en el brazo armado del tecno.<\/p>\n<p>Siguiendo a Devo, The Residents o Kraftwerk, compusieron temas que se convirtieron en himnos y odas a un futuro donde las m\u00e1quinas colaborar\u00edan con los humanos o se suceder\u00edan encuentros con c\u00edborgs y androides. A veces, entre alguna gran pol\u00e9mica, como la del cl\u00e1sico \u00abNuclear s\u00ed\u00bb. Funcionaban, tanto antes como ahora, como un comit\u00e9 de m\u00fasicos y cient\u00edficos con nombres clave (en aquellos primeros pasos: Sincrotr\u00f3n, Biovac N, 32-32, Multiplexor, Hombre Dinamo, Placa Tumbler y Derflex Tipo IARR), un think tank pop bajo la bandera rojinegra (el cruce perfecto entre Mayakovski y Bakunin, al que dedicaron su canci\u00f3n \u00abCamarada Bakunin\u00bb). Participaron en el hist\u00f3rico Primer Simposium Tecno, que termin\u00f3 abruptamente con la intervenci\u00f3n de las fuerzas de seguridad. Son los a\u00f1os de la nueva ola y la emergente Movida, y el Aviador Dro asaltaba plat\u00f3s de televisi\u00f3n y escenarios haciendo gala de una violencia est\u00e9tica hasta entonces nunca vista, mientras lanzaban arengas a favor de los \u00absindicatos futuristas\u00bb y la \u00abmuerte del pasado\u00bb o redactaba virulentos manifiestos en defensa de la \u00abviolencia pr\u00e1ctica\u00bb y su c\u00e9lebre \u00abRevoluci\u00f3n Din\u00e1mica\u00bb, ideas que hoy siguen enarbolando. Crearon el t\u00e9rmino \u00abtecno pop\u00bb, cambiaron para siempre la escena musical en nuestro pa\u00eds siendo pioneros en el uso de sintetizadores y en llevar la bandera del futurismo a la m\u00fasica al idear canciones como si fuesen relatos en clave de ciencia ficci\u00f3n, maquinismo y utop\u00edas cibern\u00e9ticas. En ocasiones, con un car\u00e1cter sorprendentemente premonitorio al adelantar, muchos a\u00f1os antes, algunos avances tecnol\u00f3gicos.<\/p>\n<p>El universo del Aviador Dro es uno de los m\u00e1s ricos y, desde luego, longevos de nuestra escena musical y contracultural, llegando a crear grupos de apoyo formados por fans convertidos en Obreros Especializados en lugares como M\u00e9xico, donde hoy son venerados. La brillantez y radicalidad de sus panfletos de agitaci\u00f3n y los manifiestos de tecnoviolencia libertaria, habituales en sus discos y shows, no tienen parang\u00f3n en nuestro pa\u00eds. No puede escribirse una historia del pop espa\u00f1ol sin que Aviador Dro y sus Obreros Especializados ocupen un lugar de honor, pero tampoco de la contracultura y el arte de vanguardia de las \u00faltimas d\u00e9cadas. Son un ejemplo de autogesti\u00f3n, trabajo en equipo y valent\u00eda sostenido por una ideolog\u00eda singular, uniformes de plexigl\u00e1s y un apasionado ej\u00e9rcito de fans.<\/p>\n<p>En esta amplia edici\u00f3n de 600 p\u00e1ginas a cargo de la periodista y escritora Patricia Godes, han colaborado numerosos artistas, dibujantes, periodistas, cient\u00edficos o m\u00fasicos: Jos\u00e9 Manuel Costa, Elena Cabrera, Jos\u00e9 Garc\u00eda \u00abElecktric\u00bb, Sol Alonso, Alejandro Arteche, Diana Aller, Jes\u00fas Rodr\u00edguez Lenin, Juli\u00e1n Hern\u00e1ndez, Victoria Hurtado, Javier Gamo, Silvia Grijalba, Jes\u00fas Ordov\u00e1s, Ignacio Rodr\u00edguez Rosillo, Jos\u00e9 Garc\u00eda y todos los Obreros Especializados que han formado parte de Aviador Dro a lo largo de sus 40 a\u00f1os de historia.<\/p>\n","protected":false},"excerpt":{"rendered":"<p><strong>Godes, Patricia<\/strong><br \/>\n9788412044218 &#8211; La Felguera &#8211; 2019 &#8211; 560 p\u00e1ginas \/orri.<\/p>\n","protected":false},"featured_media":4703,"template":"","meta":[],"product_brand":[],"product_cat":[183,16],"product_tag":[3049,582],"class_list":{"0":"post-4673","1":"product","2":"type-product","3":"status-publish","4":"has-post-thumbnail","6":"product_cat-kultur-adierazpenak-expresiones-culturales","7":"product_cat-libros","8":"product_tag-godes","9":"product_tag-la-felguera","11":"first","12":"instock","13":"sold-individually","14":"shipping-taxable","15":"purchasable","16":"product-type-simple"},"yoast_head":"<!-- This site is optimized with the Yoast SEO plugin v27.3 - https:\/\/yoast.com\/product\/yoast-seo-wordpress\/ -->\n<title>Aviador Dro. Anarqu\u00eda cient\u00edfica &#8212; Zapateneo<\/title>\n<meta name=\"robots\" content=\"index, follow, max-snippet:-1, max-image-preview:large, max-video-preview:-1\" \/>\n<link rel=\"canonical\" href=\"https:\/\/zapateneo.net\/wordpress\/index.php\/producto\/aviador-dro-anarquia-cientifica\/\" \/>\n<meta property=\"og:locale\" content=\"es_ES\" \/>\n<meta property=\"og:type\" content=\"article\" \/>\n<meta property=\"og:title\" content=\"Aviador Dro. Anarqu\u00eda cient\u00edfica &#8212; Zapateneo\" \/>\n<meta property=\"og:description\" content=\"Godes, Patricia 9788412044218 - La Felguera - 2019 - 560 p\u00e1ginas \/orri.\" \/>\n<meta property=\"og:url\" content=\"https:\/\/zapateneo.net\/wordpress\/index.php\/producto\/aviador-dro-anarquia-cientifica\/\" \/>\n<meta property=\"og:site_name\" content=\"Zapateneo\" \/>\n<meta property=\"article:modified_time\" content=\"2021-04-08T15:37:19+00:00\" \/>\n<meta property=\"og:image\" content=\"https:\/\/zapateneo.net\/wordpress\/wp-content\/uploads\/2021\/04\/9788412044218.jpg\" \/>\n\t<meta property=\"og:image:width\" content=\"120\" \/>\n\t<meta property=\"og:image:height\" content=\"184\" \/>\n\t<meta property=\"og:image:type\" content=\"image\/jpeg\" \/>\n<meta name=\"twitter:card\" content=\"summary_large_image\" \/>\n<meta name=\"twitter:site\" content=\"@zapateneo\" \/>\n<meta name=\"twitter:label1\" content=\"Tiempo de lectura\" \/>\n\t<meta name=\"twitter:data1\" content=\"3 minutos\" \/>\n<script type=\"application\/ld+json\" class=\"yoast-schema-graph\">{\"@context\":\"https:\\\/\\\/schema.org\",\"@graph\":[{\"@type\":\"WebPage\",\"@id\":\"https:\\\/\\\/zapateneo.net\\\/wordpress\\\/index.php\\\/producto\\\/aviador-dro-anarquia-cientifica\\\/\",\"url\":\"https:\\\/\\\/zapateneo.net\\\/wordpress\\\/index.php\\\/producto\\\/aviador-dro-anarquia-cientifica\\\/\",\"name\":\"Aviador Dro. Anarqu\u00eda cient\u00edfica &#8212; Zapateneo\",\"isPartOf\":{\"@id\":\"https:\\\/\\\/zapateneo.net\\\/wordpress\\\/#website\"},\"primaryImageOfPage\":{\"@id\":\"https:\\\/\\\/zapateneo.net\\\/wordpress\\\/index.php\\\/producto\\\/aviador-dro-anarquia-cientifica\\\/#primaryimage\"},\"image\":{\"@id\":\"https:\\\/\\\/zapateneo.net\\\/wordpress\\\/index.php\\\/producto\\\/aviador-dro-anarquia-cientifica\\\/#primaryimage\"},\"thumbnailUrl\":\"https:\\\/\\\/zapateneo.net\\\/wordpress\\\/wp-content\\\/uploads\\\/2021\\\/04\\\/9788412044218.jpg\",\"datePublished\":\"2021-04-08T15:36:58+00:00\",\"dateModified\":\"2021-04-08T15:37:19+00:00\",\"breadcrumb\":{\"@id\":\"https:\\\/\\\/zapateneo.net\\\/wordpress\\\/index.php\\\/producto\\\/aviador-dro-anarquia-cientifica\\\/#breadcrumb\"},\"inLanguage\":\"es\",\"potentialAction\":[{\"@type\":\"ReadAction\",\"target\":[\"https:\\\/\\\/zapateneo.net\\\/wordpress\\\/index.php\\\/producto\\\/aviador-dro-anarquia-cientifica\\\/\"]}]},{\"@type\":\"ImageObject\",\"inLanguage\":\"es\",\"@id\":\"https:\\\/\\\/zapateneo.net\\\/wordpress\\\/index.php\\\/producto\\\/aviador-dro-anarquia-cientifica\\\/#primaryimage\",\"url\":\"https:\\\/\\\/zapateneo.net\\\/wordpress\\\/wp-content\\\/uploads\\\/2021\\\/04\\\/9788412044218.jpg\",\"contentUrl\":\"https:\\\/\\\/zapateneo.net\\\/wordpress\\\/wp-content\\\/uploads\\\/2021\\\/04\\\/9788412044218.jpg\",\"width\":120,\"height\":184},{\"@type\":\"BreadcrumbList\",\"@id\":\"https:\\\/\\\/zapateneo.net\\\/wordpress\\\/index.php\\\/producto\\\/aviador-dro-anarquia-cientifica\\\/#breadcrumb\",\"itemListElement\":[{\"@type\":\"ListItem\",\"position\":1,\"name\":\"Portada\",\"item\":\"https:\\\/\\\/zapateneo.net\\\/wordpress\\\/\"},{\"@type\":\"ListItem\",\"position\":2,\"name\":\"Tienda\",\"item\":\"https:\\\/\\\/zapateneo.net\\\/wordpress\\\/\"},{\"@type\":\"ListItem\",\"position\":3,\"name\":\"Aviador Dro. Anarqu\u00eda cient\u00edfica\"}]},{\"@type\":\"WebSite\",\"@id\":\"https:\\\/\\\/zapateneo.net\\\/wordpress\\\/#website\",\"url\":\"https:\\\/\\\/zapateneo.net\\\/wordpress\\\/\",\"name\":\"Zapateneo\",\"description\":\"Zapateneoaren webgunea\",\"publisher\":{\"@id\":\"https:\\\/\\\/zapateneo.net\\\/wordpress\\\/#organization\"},\"potentialAction\":[{\"@type\":\"SearchAction\",\"target\":{\"@type\":\"EntryPoint\",\"urlTemplate\":\"https:\\\/\\\/zapateneo.net\\\/wordpress\\\/?s={search_term_string}\"},\"query-input\":{\"@type\":\"PropertyValueSpecification\",\"valueRequired\":true,\"valueName\":\"search_term_string\"}}],\"inLanguage\":\"es\"},{\"@type\":\"Organization\",\"@id\":\"https:\\\/\\\/zapateneo.net\\\/wordpress\\\/#organization\",\"name\":\"Zapateneo Kultur Elkartea\",\"url\":\"https:\\\/\\\/zapateneo.net\\\/wordpress\\\/\",\"logo\":{\"@type\":\"ImageObject\",\"inLanguage\":\"es\",\"@id\":\"https:\\\/\\\/zapateneo.net\\\/wordpress\\\/#\\\/schema\\\/logo\\\/image\\\/\",\"url\":\"https:\\\/\\\/zapateneo.net\\\/wordpress\\\/wp-content\\\/uploads\\\/2021\\\/04\\\/zap-libu-kolec.jpg\",\"contentUrl\":\"https:\\\/\\\/zapateneo.net\\\/wordpress\\\/wp-content\\\/uploads\\\/2021\\\/04\\\/zap-libu-kolec.jpg\",\"width\":2234,\"height\":398,\"caption\":\"Zapateneo Kultur Elkartea\"},\"image\":{\"@id\":\"https:\\\/\\\/zapateneo.net\\\/wordpress\\\/#\\\/schema\\\/logo\\\/image\\\/\"},\"sameAs\":[\"https:\\\/\\\/x.com\\\/zapateneo\"]}]}<\/script>\n<!-- \/ Yoast SEO plugin. -->","yoast_head_json":{"title":"Aviador Dro. Anarqu\u00eda cient\u00edfica &#8212; Zapateneo","robots":{"index":"index","follow":"follow","max-snippet":"max-snippet:-1","max-image-preview":"max-image-preview:large","max-video-preview":"max-video-preview:-1"},"canonical":"https:\/\/zapateneo.net\/wordpress\/index.php\/producto\/aviador-dro-anarquia-cientifica\/","og_locale":"es_ES","og_type":"article","og_title":"Aviador Dro. Anarqu\u00eda cient\u00edfica &#8212; Zapateneo","og_description":"Godes, Patricia 9788412044218 - La Felguera - 2019 - 560 p\u00e1ginas \/orri.","og_url":"https:\/\/zapateneo.net\/wordpress\/index.php\/producto\/aviador-dro-anarquia-cientifica\/","og_site_name":"Zapateneo","article_modified_time":"2021-04-08T15:37:19+00:00","og_image":[{"width":120,"height":184,"url":"https:\/\/zapateneo.net\/wordpress\/wp-content\/uploads\/2021\/04\/9788412044218.jpg","type":"image\/jpeg"}],"twitter_card":"summary_large_image","twitter_site":"@zapateneo","twitter_misc":{"Tiempo de lectura":"3 minutos"},"schema":{"@context":"https:\/\/schema.org","@graph":[{"@type":"WebPage","@id":"https:\/\/zapateneo.net\/wordpress\/index.php\/producto\/aviador-dro-anarquia-cientifica\/","url":"https:\/\/zapateneo.net\/wordpress\/index.php\/producto\/aviador-dro-anarquia-cientifica\/","name":"Aviador Dro. Anarqu\u00eda cient\u00edfica &#8212; Zapateneo","isPartOf":{"@id":"https:\/\/zapateneo.net\/wordpress\/#website"},"primaryImageOfPage":{"@id":"https:\/\/zapateneo.net\/wordpress\/index.php\/producto\/aviador-dro-anarquia-cientifica\/#primaryimage"},"image":{"@id":"https:\/\/zapateneo.net\/wordpress\/index.php\/producto\/aviador-dro-anarquia-cientifica\/#primaryimage"},"thumbnailUrl":"https:\/\/zapateneo.net\/wordpress\/wp-content\/uploads\/2021\/04\/9788412044218.jpg","datePublished":"2021-04-08T15:36:58+00:00","dateModified":"2021-04-08T15:37:19+00:00","breadcrumb":{"@id":"https:\/\/zapateneo.net\/wordpress\/index.php\/producto\/aviador-dro-anarquia-cientifica\/#breadcrumb"},"inLanguage":"es","potentialAction":[{"@type":"ReadAction","target":["https:\/\/zapateneo.net\/wordpress\/index.php\/producto\/aviador-dro-anarquia-cientifica\/"]}]},{"@type":"ImageObject","inLanguage":"es","@id":"https:\/\/zapateneo.net\/wordpress\/index.php\/producto\/aviador-dro-anarquia-cientifica\/#primaryimage","url":"https:\/\/zapateneo.net\/wordpress\/wp-content\/uploads\/2021\/04\/9788412044218.jpg","contentUrl":"https:\/\/zapateneo.net\/wordpress\/wp-content\/uploads\/2021\/04\/9788412044218.jpg","width":120,"height":184},{"@type":"BreadcrumbList","@id":"https:\/\/zapateneo.net\/wordpress\/index.php\/producto\/aviador-dro-anarquia-cientifica\/#breadcrumb","itemListElement":[{"@type":"ListItem","position":1,"name":"Portada","item":"https:\/\/zapateneo.net\/wordpress\/"},{"@type":"ListItem","position":2,"name":"Tienda","item":"https:\/\/zapateneo.net\/wordpress\/"},{"@type":"ListItem","position":3,"name":"Aviador Dro. Anarqu\u00eda cient\u00edfica"}]},{"@type":"WebSite","@id":"https:\/\/zapateneo.net\/wordpress\/#website","url":"https:\/\/zapateneo.net\/wordpress\/","name":"Zapateneo","description":"Zapateneoaren webgunea","publisher":{"@id":"https:\/\/zapateneo.net\/wordpress\/#organization"},"potentialAction":[{"@type":"SearchAction","target":{"@type":"EntryPoint","urlTemplate":"https:\/\/zapateneo.net\/wordpress\/?s={search_term_string}"},"query-input":{"@type":"PropertyValueSpecification","valueRequired":true,"valueName":"search_term_string"}}],"inLanguage":"es"},{"@type":"Organization","@id":"https:\/\/zapateneo.net\/wordpress\/#organization","name":"Zapateneo Kultur Elkartea","url":"https:\/\/zapateneo.net\/wordpress\/","logo":{"@type":"ImageObject","inLanguage":"es","@id":"https:\/\/zapateneo.net\/wordpress\/#\/schema\/logo\/image\/","url":"https:\/\/zapateneo.net\/wordpress\/wp-content\/uploads\/2021\/04\/zap-libu-kolec.jpg","contentUrl":"https:\/\/zapateneo.net\/wordpress\/wp-content\/uploads\/2021\/04\/zap-libu-kolec.jpg","width":2234,"height":398,"caption":"Zapateneo Kultur Elkartea"},"image":{"@id":"https:\/\/zapateneo.net\/wordpress\/#\/schema\/logo\/image\/"},"sameAs":["https:\/\/x.com\/zapateneo"]}]}},"_links":{"self":[{"href":"https:\/\/zapateneo.net\/wordpress\/index.php\/wp-json\/wp\/v2\/product\/4673","targetHints":{"allow":["GET"]}}],"collection":[{"href":"https:\/\/zapateneo.net\/wordpress\/index.php\/wp-json\/wp\/v2\/product"}],"about":[{"href":"https:\/\/zapateneo.net\/wordpress\/index.php\/wp-json\/wp\/v2\/types\/product"}],"wp:featuredmedia":[{"embeddable":true,"href":"https:\/\/zapateneo.net\/wordpress\/index.php\/wp-json\/wp\/v2\/media\/4703"}],"wp:attachment":[{"href":"https:\/\/zapateneo.net\/wordpress\/index.php\/wp-json\/wp\/v2\/media?parent=4673"}],"wp:term":[{"taxonomy":"product_brand","embeddable":true,"href":"https:\/\/zapateneo.net\/wordpress\/index.php\/wp-json\/wp\/v2\/product_brand?post=4673"},{"taxonomy":"product_cat","embeddable":true,"href":"https:\/\/zapateneo.net\/wordpress\/index.php\/wp-json\/wp\/v2\/product_cat?post=4673"},{"taxonomy":"product_tag","embeddable":true,"href":"https:\/\/zapateneo.net\/wordpress\/index.php\/wp-json\/wp\/v2\/product_tag?post=4673"}],"curies":[{"name":"wp","href":"https:\/\/api.w.org\/{rel}","templated":true}]}}