{"id":4621,"date":"2021-04-08T16:27:44","date_gmt":"2021-04-08T15:27:44","guid":{"rendered":"https:\/\/zapateneo.net\/wordpress\/?post_type=product&#038;p=4621"},"modified":"2021-04-08T16:28:24","modified_gmt":"2021-04-08T15:28:24","slug":"relacion-del-envenenamiento-perpetrado-en-espana-y-camuflado-bajo-el-nombre-de-sindrome-del-aceit-2","status":"publish","type":"product","link":"https:\/\/zapateneo.net\/wordpress\/index.php\/producto\/relacion-del-envenenamiento-perpetrado-en-espana-y-camuflado-bajo-el-nombre-de-sindrome-del-aceit-2\/","title":{"rendered":"Relaci\u00f3n del envenenamiento perpetrado en Espa\u00f1a y camuflado bajo el nombre de s\u00ed\u00adndrome del aceit"},"content":{"rendered":"<p><span><\/p>\n<p>&nbsp;<\/p>\n<p><span> <\/span><\/p>\n<p>&nbsp;<\/p>\n<p><span> <\/span><\/p>\n<p>&nbsp;<\/p>\n<p><span> <\/span><\/p>\n<p>&nbsp;<\/p>\n<p><span> <\/span><\/p>\n<p>&nbsp;<\/p>\n<p><span> <\/span><\/p>\n<p>&nbsp;<\/p>\n<p><span> <\/span><\/p>\n<p>&nbsp;<\/p>\n<p><span> <\/span><\/p>\n<p><em class=\"spip\">\u00abLa enfermedad ha sido durante mucho tiempo una fatalidad individual o una desgracia social cuyo posible alivio depend&iacute;a del conocimiento m&eacute;dico y de una caridad privada progresivamente sustituida por la potencia p&uacute;blica. La salud p&uacute;blica es ahora un asunto econ&oacute;mico por partida doble. <\/em><\/p>\n<p><em class=\"spip\">De una parte, porque la econom&iacute;a mercantil, por su triunfo sobre las antiguas condiciones naturales -ya desaparecidas en todas partes- que produce &ldquo;strieto sensu&rdquo; la vida y la muerte del hombre moderno, se revela de alguna manera como un problema de salud, e incluso como un problema para la salud. Nadie ignora balo nuestras latitudes que lo que come, bebe, respira, en fin, las condiciones generales de su vida cotidiana sobre las cuales habitualmente no tiene poder, constituye una amenaza para su &ldquo;capital-salud&rdquo;, seg&uacute;n la po&eacute;tica expresi&oacute;n del momento; y a cada instante se nos recomienda mejorar su gesti&oacute;n renunciando a tal o cual costumbre antigua que se ha vuelto nefasta y de la que podemos basar su nocividad en las cuentas generales de la naci&oacute;n. <\/em><\/p>\n<p><em class=\"spip\">De otra parte, m&aacute;s directa y crudamente, la salud p&uacute;blica se ha convertido en un asunto econ&oacute;mico accediendo a la dimensi&oacute;n y cualidad de industria; Francia, por ejemplo, consagra a ella m&aacute;s del 8% de su producto nacional bruto, suma considerable y en r&aacute;pido aumento, superior al doble de los gastos militares. <\/em><\/p>\n<p><em class=\"spip\">Como en toda industria, la &uacute;nica preocupaci&oacute;n consiste en la conquista de mercados respondiendo a necesidades existentes y creando nuevas necesidades en campos esenciales de la ingenier&iacute;a m&eacute;dica y de la qu&iacute;mica, todo ello gracias a todos los recursos del marketing y de la corrupci&oacute;n.&rdquo;<\/em><\/p>\n<p>&nbsp;<\/p>\n<p>&nbsp;<\/p>\n<p>&nbsp;<\/p>\n<p>&nbsp;<\/p>\n<p>&nbsp;<\/p>\n<p>&nbsp;<\/p>\n<p>&nbsp;<\/p>\n<p>&nbsp;<\/p>\n<p>&nbsp;<\/p>\n<p>&nbsp;<\/p>\n<p>&nbsp;<\/p>\n<p>&nbsp;<\/p>\n<p>&nbsp;<\/p>\n<p>&nbsp;<\/p>\n<p><\/span><\/p>\n","protected":false},"excerpt":{"rendered":"<p><strong>PHILIPPONEAU, JACQUES<\/strong><br \/>\n9788460701941 &#8211; PRECIPITE &#8211; 1994 &#8211; 104 p\u00e1ginas \/orri.<\/p>\n","protected":false},"featured_media":4663,"template":"","meta":[],"product_brand":[],"product_cat":[16,182],"product_tag":[2978,2695],"class_list":{"0":"post-4621","1":"product","2":"type-product","3":"status-publish","4":"has-post-thumbnail","6":"product_cat-libros","7":"product_cat-osasuna-salud","8":"product_tag-philipponeau","9":"product_tag-precipite","11":"first","12":"instock","13":"sold-individually","14":"shipping-taxable","15":"purchasable","16":"product-type-simple"},"yoast_head":"<!-- This site is optimized with the Yoast SEO plugin v27.3 - https:\/\/yoast.com\/product\/yoast-seo-wordpress\/ -->\n<title>Relaci\u00f3n del envenenamiento perpetrado en Espa\u00f1a y camuflado bajo el nombre de s\u00ed\u00adndrome del aceit &#8212; Zapateneo<\/title>\n<meta name=\"robots\" content=\"index, follow, max-snippet:-1, max-image-preview:large, max-video-preview:-1\" \/>\n<link rel=\"canonical\" href=\"https:\/\/zapateneo.net\/wordpress\/index.php\/producto\/relacion-del-envenenamiento-perpetrado-en-espana-y-camuflado-bajo-el-nombre-de-sindrome-del-aceit-2\/\" \/>\n<meta property=\"og:locale\" content=\"es_ES\" \/>\n<meta property=\"og:type\" content=\"article\" \/>\n<meta property=\"og:title\" content=\"Relaci\u00f3n del envenenamiento perpetrado en Espa\u00f1a y camuflado bajo el nombre de s\u00ed\u00adndrome del aceit &#8212; Zapateneo\" \/>\n<meta property=\"og:description\" content=\"PHILIPPONEAU, JACQUES 9788460701941 - PRECIPITE - 1994 - 104 p\u00e1ginas \/orri.\" \/>\n<meta property=\"og:url\" content=\"https:\/\/zapateneo.net\/wordpress\/index.php\/producto\/relacion-del-envenenamiento-perpetrado-en-espana-y-camuflado-bajo-el-nombre-de-sindrome-del-aceit-2\/\" \/>\n<meta property=\"og:site_name\" content=\"Zapateneo\" \/>\n<meta property=\"article:modified_time\" content=\"2021-04-08T15:28:24+00:00\" \/>\n<meta property=\"og:image\" content=\"https:\/\/zapateneo.net\/wordpress\/wp-content\/uploads\/2021\/04\/830.gif\" \/>\n\t<meta property=\"og:image:width\" content=\"172\" \/>\n\t<meta property=\"og:image:height\" content=\"246\" \/>\n\t<meta property=\"og:image:type\" content=\"image\/gif\" \/>\n<meta name=\"twitter:card\" content=\"summary_large_image\" \/>\n<meta name=\"twitter:site\" content=\"@zapateneo\" \/>\n<meta name=\"twitter:label1\" content=\"Tiempo de lectura\" \/>\n\t<meta name=\"twitter:data1\" content=\"2 minutos\" \/>\n<script type=\"application\/ld+json\" class=\"yoast-schema-graph\">{\"@context\":\"https:\\\/\\\/schema.org\",\"@graph\":[{\"@type\":\"WebPage\",\"@id\":\"https:\\\/\\\/zapateneo.net\\\/wordpress\\\/index.php\\\/producto\\\/relacion-del-envenenamiento-perpetrado-en-espana-y-camuflado-bajo-el-nombre-de-sindrome-del-aceit-2\\\/\",\"url\":\"https:\\\/\\\/zapateneo.net\\\/wordpress\\\/index.php\\\/producto\\\/relacion-del-envenenamiento-perpetrado-en-espana-y-camuflado-bajo-el-nombre-de-sindrome-del-aceit-2\\\/\",\"name\":\"Relaci\u00f3n del envenenamiento perpetrado en Espa\u00f1a y camuflado bajo el nombre de s\u00ed\u00adndrome del aceit &#8212; Zapateneo\",\"isPartOf\":{\"@id\":\"https:\\\/\\\/zapateneo.net\\\/wordpress\\\/#website\"},\"primaryImageOfPage\":{\"@id\":\"https:\\\/\\\/zapateneo.net\\\/wordpress\\\/index.php\\\/producto\\\/relacion-del-envenenamiento-perpetrado-en-espana-y-camuflado-bajo-el-nombre-de-sindrome-del-aceit-2\\\/#primaryimage\"},\"image\":{\"@id\":\"https:\\\/\\\/zapateneo.net\\\/wordpress\\\/index.php\\\/producto\\\/relacion-del-envenenamiento-perpetrado-en-espana-y-camuflado-bajo-el-nombre-de-sindrome-del-aceit-2\\\/#primaryimage\"},\"thumbnailUrl\":\"https:\\\/\\\/zapateneo.net\\\/wordpress\\\/wp-content\\\/uploads\\\/2021\\\/04\\\/830.gif\",\"datePublished\":\"2021-04-08T15:27:44+00:00\",\"dateModified\":\"2021-04-08T15:28:24+00:00\",\"breadcrumb\":{\"@id\":\"https:\\\/\\\/zapateneo.net\\\/wordpress\\\/index.php\\\/producto\\\/relacion-del-envenenamiento-perpetrado-en-espana-y-camuflado-bajo-el-nombre-de-sindrome-del-aceit-2\\\/#breadcrumb\"},\"inLanguage\":\"es\",\"potentialAction\":[{\"@type\":\"ReadAction\",\"target\":[\"https:\\\/\\\/zapateneo.net\\\/wordpress\\\/index.php\\\/producto\\\/relacion-del-envenenamiento-perpetrado-en-espana-y-camuflado-bajo-el-nombre-de-sindrome-del-aceit-2\\\/\"]}]},{\"@type\":\"ImageObject\",\"inLanguage\":\"es\",\"@id\":\"https:\\\/\\\/zapateneo.net\\\/wordpress\\\/index.php\\\/producto\\\/relacion-del-envenenamiento-perpetrado-en-espana-y-camuflado-bajo-el-nombre-de-sindrome-del-aceit-2\\\/#primaryimage\",\"url\":\"https:\\\/\\\/zapateneo.net\\\/wordpress\\\/wp-content\\\/uploads\\\/2021\\\/04\\\/830.gif\",\"contentUrl\":\"https:\\\/\\\/zapateneo.net\\\/wordpress\\\/wp-content\\\/uploads\\\/2021\\\/04\\\/830.gif\",\"width\":172,\"height\":246},{\"@type\":\"BreadcrumbList\",\"@id\":\"https:\\\/\\\/zapateneo.net\\\/wordpress\\\/index.php\\\/producto\\\/relacion-del-envenenamiento-perpetrado-en-espana-y-camuflado-bajo-el-nombre-de-sindrome-del-aceit-2\\\/#breadcrumb\",\"itemListElement\":[{\"@type\":\"ListItem\",\"position\":1,\"name\":\"Portada\",\"item\":\"https:\\\/\\\/zapateneo.net\\\/wordpress\\\/\"},{\"@type\":\"ListItem\",\"position\":2,\"name\":\"Tienda\",\"item\":\"https:\\\/\\\/zapateneo.net\\\/wordpress\\\/\"},{\"@type\":\"ListItem\",\"position\":3,\"name\":\"Relaci\u00f3n del envenenamiento perpetrado en Espa\u00f1a y camuflado bajo el nombre de s\u00ed\u00adndrome del aceit\"}]},{\"@type\":\"WebSite\",\"@id\":\"https:\\\/\\\/zapateneo.net\\\/wordpress\\\/#website\",\"url\":\"https:\\\/\\\/zapateneo.net\\\/wordpress\\\/\",\"name\":\"Zapateneo\",\"description\":\"Zapateneoaren webgunea\",\"publisher\":{\"@id\":\"https:\\\/\\\/zapateneo.net\\\/wordpress\\\/#organization\"},\"potentialAction\":[{\"@type\":\"SearchAction\",\"target\":{\"@type\":\"EntryPoint\",\"urlTemplate\":\"https:\\\/\\\/zapateneo.net\\\/wordpress\\\/?s={search_term_string}\"},\"query-input\":{\"@type\":\"PropertyValueSpecification\",\"valueRequired\":true,\"valueName\":\"search_term_string\"}}],\"inLanguage\":\"es\"},{\"@type\":\"Organization\",\"@id\":\"https:\\\/\\\/zapateneo.net\\\/wordpress\\\/#organization\",\"name\":\"Zapateneo Kultur Elkartea\",\"url\":\"https:\\\/\\\/zapateneo.net\\\/wordpress\\\/\",\"logo\":{\"@type\":\"ImageObject\",\"inLanguage\":\"es\",\"@id\":\"https:\\\/\\\/zapateneo.net\\\/wordpress\\\/#\\\/schema\\\/logo\\\/image\\\/\",\"url\":\"https:\\\/\\\/zapateneo.net\\\/wordpress\\\/wp-content\\\/uploads\\\/2021\\\/04\\\/zap-libu-kolec.jpg\",\"contentUrl\":\"https:\\\/\\\/zapateneo.net\\\/wordpress\\\/wp-content\\\/uploads\\\/2021\\\/04\\\/zap-libu-kolec.jpg\",\"width\":2234,\"height\":398,\"caption\":\"Zapateneo Kultur Elkartea\"},\"image\":{\"@id\":\"https:\\\/\\\/zapateneo.net\\\/wordpress\\\/#\\\/schema\\\/logo\\\/image\\\/\"},\"sameAs\":[\"https:\\\/\\\/x.com\\\/zapateneo\"]}]}<\/script>\n<!-- \/ Yoast SEO plugin. -->","yoast_head_json":{"title":"Relaci\u00f3n del envenenamiento perpetrado en Espa\u00f1a y camuflado bajo el nombre de s\u00ed\u00adndrome del aceit &#8212; Zapateneo","robots":{"index":"index","follow":"follow","max-snippet":"max-snippet:-1","max-image-preview":"max-image-preview:large","max-video-preview":"max-video-preview:-1"},"canonical":"https:\/\/zapateneo.net\/wordpress\/index.php\/producto\/relacion-del-envenenamiento-perpetrado-en-espana-y-camuflado-bajo-el-nombre-de-sindrome-del-aceit-2\/","og_locale":"es_ES","og_type":"article","og_title":"Relaci\u00f3n del envenenamiento perpetrado en Espa\u00f1a y camuflado bajo el nombre de s\u00ed\u00adndrome del aceit &#8212; Zapateneo","og_description":"PHILIPPONEAU, JACQUES 9788460701941 - PRECIPITE - 1994 - 104 p\u00e1ginas \/orri.","og_url":"https:\/\/zapateneo.net\/wordpress\/index.php\/producto\/relacion-del-envenenamiento-perpetrado-en-espana-y-camuflado-bajo-el-nombre-de-sindrome-del-aceit-2\/","og_site_name":"Zapateneo","article_modified_time":"2021-04-08T15:28:24+00:00","og_image":[{"width":172,"height":246,"url":"https:\/\/zapateneo.net\/wordpress\/wp-content\/uploads\/2021\/04\/830.gif","type":"image\/gif"}],"twitter_card":"summary_large_image","twitter_site":"@zapateneo","twitter_misc":{"Tiempo de lectura":"2 minutos"},"schema":{"@context":"https:\/\/schema.org","@graph":[{"@type":"WebPage","@id":"https:\/\/zapateneo.net\/wordpress\/index.php\/producto\/relacion-del-envenenamiento-perpetrado-en-espana-y-camuflado-bajo-el-nombre-de-sindrome-del-aceit-2\/","url":"https:\/\/zapateneo.net\/wordpress\/index.php\/producto\/relacion-del-envenenamiento-perpetrado-en-espana-y-camuflado-bajo-el-nombre-de-sindrome-del-aceit-2\/","name":"Relaci\u00f3n del envenenamiento perpetrado en Espa\u00f1a y camuflado bajo el nombre de s\u00ed\u00adndrome del aceit &#8212; Zapateneo","isPartOf":{"@id":"https:\/\/zapateneo.net\/wordpress\/#website"},"primaryImageOfPage":{"@id":"https:\/\/zapateneo.net\/wordpress\/index.php\/producto\/relacion-del-envenenamiento-perpetrado-en-espana-y-camuflado-bajo-el-nombre-de-sindrome-del-aceit-2\/#primaryimage"},"image":{"@id":"https:\/\/zapateneo.net\/wordpress\/index.php\/producto\/relacion-del-envenenamiento-perpetrado-en-espana-y-camuflado-bajo-el-nombre-de-sindrome-del-aceit-2\/#primaryimage"},"thumbnailUrl":"https:\/\/zapateneo.net\/wordpress\/wp-content\/uploads\/2021\/04\/830.gif","datePublished":"2021-04-08T15:27:44+00:00","dateModified":"2021-04-08T15:28:24+00:00","breadcrumb":{"@id":"https:\/\/zapateneo.net\/wordpress\/index.php\/producto\/relacion-del-envenenamiento-perpetrado-en-espana-y-camuflado-bajo-el-nombre-de-sindrome-del-aceit-2\/#breadcrumb"},"inLanguage":"es","potentialAction":[{"@type":"ReadAction","target":["https:\/\/zapateneo.net\/wordpress\/index.php\/producto\/relacion-del-envenenamiento-perpetrado-en-espana-y-camuflado-bajo-el-nombre-de-sindrome-del-aceit-2\/"]}]},{"@type":"ImageObject","inLanguage":"es","@id":"https:\/\/zapateneo.net\/wordpress\/index.php\/producto\/relacion-del-envenenamiento-perpetrado-en-espana-y-camuflado-bajo-el-nombre-de-sindrome-del-aceit-2\/#primaryimage","url":"https:\/\/zapateneo.net\/wordpress\/wp-content\/uploads\/2021\/04\/830.gif","contentUrl":"https:\/\/zapateneo.net\/wordpress\/wp-content\/uploads\/2021\/04\/830.gif","width":172,"height":246},{"@type":"BreadcrumbList","@id":"https:\/\/zapateneo.net\/wordpress\/index.php\/producto\/relacion-del-envenenamiento-perpetrado-en-espana-y-camuflado-bajo-el-nombre-de-sindrome-del-aceit-2\/#breadcrumb","itemListElement":[{"@type":"ListItem","position":1,"name":"Portada","item":"https:\/\/zapateneo.net\/wordpress\/"},{"@type":"ListItem","position":2,"name":"Tienda","item":"https:\/\/zapateneo.net\/wordpress\/"},{"@type":"ListItem","position":3,"name":"Relaci\u00f3n del envenenamiento perpetrado en Espa\u00f1a y camuflado bajo el nombre de s\u00ed\u00adndrome del aceit"}]},{"@type":"WebSite","@id":"https:\/\/zapateneo.net\/wordpress\/#website","url":"https:\/\/zapateneo.net\/wordpress\/","name":"Zapateneo","description":"Zapateneoaren webgunea","publisher":{"@id":"https:\/\/zapateneo.net\/wordpress\/#organization"},"potentialAction":[{"@type":"SearchAction","target":{"@type":"EntryPoint","urlTemplate":"https:\/\/zapateneo.net\/wordpress\/?s={search_term_string}"},"query-input":{"@type":"PropertyValueSpecification","valueRequired":true,"valueName":"search_term_string"}}],"inLanguage":"es"},{"@type":"Organization","@id":"https:\/\/zapateneo.net\/wordpress\/#organization","name":"Zapateneo Kultur Elkartea","url":"https:\/\/zapateneo.net\/wordpress\/","logo":{"@type":"ImageObject","inLanguage":"es","@id":"https:\/\/zapateneo.net\/wordpress\/#\/schema\/logo\/image\/","url":"https:\/\/zapateneo.net\/wordpress\/wp-content\/uploads\/2021\/04\/zap-libu-kolec.jpg","contentUrl":"https:\/\/zapateneo.net\/wordpress\/wp-content\/uploads\/2021\/04\/zap-libu-kolec.jpg","width":2234,"height":398,"caption":"Zapateneo Kultur Elkartea"},"image":{"@id":"https:\/\/zapateneo.net\/wordpress\/#\/schema\/logo\/image\/"},"sameAs":["https:\/\/x.com\/zapateneo"]}]}},"_links":{"self":[{"href":"https:\/\/zapateneo.net\/wordpress\/index.php\/wp-json\/wp\/v2\/product\/4621","targetHints":{"allow":["GET"]}}],"collection":[{"href":"https:\/\/zapateneo.net\/wordpress\/index.php\/wp-json\/wp\/v2\/product"}],"about":[{"href":"https:\/\/zapateneo.net\/wordpress\/index.php\/wp-json\/wp\/v2\/types\/product"}],"wp:featuredmedia":[{"embeddable":true,"href":"https:\/\/zapateneo.net\/wordpress\/index.php\/wp-json\/wp\/v2\/media\/4663"}],"wp:attachment":[{"href":"https:\/\/zapateneo.net\/wordpress\/index.php\/wp-json\/wp\/v2\/media?parent=4621"}],"wp:term":[{"taxonomy":"product_brand","embeddable":true,"href":"https:\/\/zapateneo.net\/wordpress\/index.php\/wp-json\/wp\/v2\/product_brand?post=4621"},{"taxonomy":"product_cat","embeddable":true,"href":"https:\/\/zapateneo.net\/wordpress\/index.php\/wp-json\/wp\/v2\/product_cat?post=4621"},{"taxonomy":"product_tag","embeddable":true,"href":"https:\/\/zapateneo.net\/wordpress\/index.php\/wp-json\/wp\/v2\/product_tag?post=4621"}],"curies":[{"name":"wp","href":"https:\/\/api.w.org\/{rel}","templated":true}]}}