{"id":4451,"date":"2021-04-08T16:17:54","date_gmt":"2021-04-08T15:17:54","guid":{"rendered":"https:\/\/zapateneo.net\/wordpress\/?post_type=product&#038;p=4451"},"modified":"2023-09-02T10:56:19","modified_gmt":"2023-09-02T09:56:19","slug":"control-urbano-la-ecologia-del-miedo","status":"publish","type":"product","link":"https:\/\/zapateneo.net\/wordpress\/index.php\/producto\/control-urbano-la-ecologia-del-miedo\/","title":{"rendered":"CONTROL URBANO. LA ECOLOGIA DEL MIEDO"},"content":{"rendered":"<div>\n<h3>M\u00e1s all\u00e1 de Blade Runner<\/h3>\n<p>A principios de la d\u00e9cada de 1990, Mike Davis contempl\u00f3 en las pol\u00edticas urbanas de Los \u00c1ngeles o Las Vegas, un ma\u00f1ana cuya violencia estructural superaba las angustias etnoc\u00e9ntricas y xen\u00f3fobas destiladas por Ridley Scott en Blade Runner.<\/p>\n<p>Los procesos de crecimiento econ\u00f3mico y expansi\u00f3n urbana, junto con la gesti\u00f3n de la conflictividad social asociada a los problemas end\u00e9micos de las ciudades estadounidenses (racismo estructural, desigualdad econ\u00f3mica, violencia social, desarticulaci\u00f3n comunitaria y una esquel\u00e9tica estructura de servicios sociales), dibujaban un porvenir de desastre y profunda deshumanizaci\u00f3n.<\/p>\n<p>Hoy, el prisma de\u00a0<em>Control Urbano<\/em>\u00a0es una lente de aumento sobre nuestro presente, dentro de un contexto globalizador que ha radicalizado las l\u00f3gicas de segregaci\u00f3n social y, con ellas, las desigualdades de clase, raza y g\u00e9nero. La ciudad revanchista ha encontrado su relato perfecto en la utop\u00eda de la smart city, entronizada por los sectores adeptos a la industria tecnol\u00f3gica y la vigilancia masiva, que siempre encuentran en los p\u00e1nicos sociales su mejor caldo de cultivo.<\/p>\n<p>Nos enfrentamos a contextos urbanos entre el colapso, la degradaci\u00f3n, la expulsi\u00f3n social masiva de los circuitos de consumo y del Capital, la crisis estructural de salud p\u00fablica asociada a la degradaci\u00f3n medioambiental, y unas clases medias atemorizadas por el final del mundo previsible. Un escenario donde la llamada \u00abecolog\u00eda del miedo\u00bb, adquiere una vigencia renovada, que obliga a la construcci\u00f3n de alternativas de ciudad, directamente dependientes de leer cr\u00edticamente un modelo urbano que produce fundamentalmente destrucci\u00f3n social.<\/p>\n<p>&nbsp;<\/p>\n<\/div>\n<div class=\"row\">\n<div class=\"col-12 col-12-small\">\n<p><span class=\"image left autor\"><img loading=\"lazy\" decoding=\"async\" class=\"alignleft\" src=\"https:\/\/www.viruseditorial.net\/\/fotos-autor\/davis-trazado.png\" alt=\"mike-davis\" width=\"213\" height=\"294\" \/><\/span><\/p>\n<p><strong>Mike Davis<\/strong>\u00a0(Fontana, 1946) Soci\u00f3logo estadounidense, te\u00f3rico e historiador urbano, creci\u00f3 en Bostonia, una aldea ya desaparecida al este de San Diego. Antes de desarrollar su actividad pol\u00edtica e intelectual, trabaj\u00f3 en mataderosn y como camionero. En la actualidad, es profesor de teor\u00eda urbana en el Instituto de Arquitectura del Sur de California y miembro del comit\u00e9 de redacci\u00f3n de\u00a0<em>New Left Review<\/em>\u00a0y\u00a0<em>Sin Permiso<\/em>, entre otras publicaciones. Tambi\u00e9n se le considera precursor del pensamiento ciberpunk. Entre sus ensayos destacan\u00a0<em>Ciudad de cuarzo<\/em>\u00a0(Lengua de Trapo, 2003),\u00a0<em>Ciudades Muertas<\/em>\u00a0(Traficantes de Sue\u00f1os, 2006),\u00a0<em>El monstruo llama a nuestra puerta<\/em>\u00a0(El Viejo Topo, 2006),\u00a0<em>El coche de Buda<\/em>\u00a0(El Viejo Topo, 2009),\u00a0<em>Urbanismo m\u00e1gico<\/em>\u00a0(Lengua de Trapo, 2012) y\u00a0<em>Planeta de ciudades miseria\u00a0<\/em>(Akal, 2014). Con Virus tambi\u00e9n ha publicado\u00a0<em>El desierto que viene<\/em>\u00a0(2017).<\/p>\n<p>Pr\u00f3logo <strong>Blanca Valdivia<\/strong><\/p>\n<hr \/>\n<div>\n<h2><a href=\"https:\/\/www.viruseditorial.net\/es\/editorial\/descargar-pdf\" target=\"_blank\" rel=\"noopener\">Libro en libre descarga de Virus Editorial<\/a><\/h2>\n<\/div>\n<\/div>\n<\/div>\n","protected":false},"excerpt":{"rendered":"<p><strong>DAVIS, MIKE<\/strong><br \/>\n9788488455895 &#8211; VIRUS &#8211; 2001 &#8211; 72 p\u00e1ginas \/orri.<\/p>\n","protected":false},"featured_media":4485,"template":"","meta":[],"product_brand":[],"product_cat":[181,16],"product_tag":[100,4626,5395,57],"class_list":{"0":"post-4451","1":"product","2":"type-product","3":"status-publish","4":"has-post-thumbnail","6":"product_cat-bazterketa-soziala-eta-errepresioa-exclusion-social-y-represion","7":"product_cat-libros","8":"product_tag-davis","9":"product_tag-deskargak","10":"product_tag-mike-davis","11":"product_tag-virus","13":"first","14":"outofstock","15":"sold-individually","16":"shipping-taxable","17":"purchasable","18":"product-type-simple"},"yoast_head":"<!-- This site is optimized with the Yoast SEO plugin v27.3 - https:\/\/yoast.com\/product\/yoast-seo-wordpress\/ -->\n<title>CONTROL URBANO. LA ECOLOGIA DEL MIEDO &#8212; Zapateneo<\/title>\n<meta name=\"robots\" content=\"index, follow, max-snippet:-1, max-image-preview:large, max-video-preview:-1\" \/>\n<link rel=\"canonical\" href=\"https:\/\/zapateneo.net\/wordpress\/index.php\/producto\/control-urbano-la-ecologia-del-miedo\/\" \/>\n<meta property=\"og:locale\" content=\"es_ES\" \/>\n<meta property=\"og:type\" content=\"article\" \/>\n<meta property=\"og:title\" content=\"CONTROL URBANO. LA ECOLOGIA DEL MIEDO &#8212; Zapateneo\" \/>\n<meta property=\"og:description\" content=\"DAVIS, MIKE 9788488455895 - VIRUS - 2001 - 72 p\u00e1ginas \/orri.\" \/>\n<meta property=\"og:url\" content=\"https:\/\/zapateneo.net\/wordpress\/index.php\/producto\/control-urbano-la-ecologia-del-miedo\/\" \/>\n<meta property=\"og:site_name\" content=\"Zapateneo\" \/>\n<meta property=\"article:modified_time\" content=\"2023-09-02T09:56:19+00:00\" \/>\n<meta property=\"og:image\" content=\"https:\/\/zapateneo.net\/wordpress\/wp-content\/uploads\/2021\/04\/798.jpg\" \/>\n\t<meta property=\"og:image:width\" content=\"300\" \/>\n\t<meta property=\"og:image:height\" content=\"433\" \/>\n\t<meta property=\"og:image:type\" content=\"image\/jpeg\" \/>\n<meta name=\"twitter:card\" content=\"summary_large_image\" \/>\n<meta name=\"twitter:site\" content=\"@zapateneo\" \/>\n<meta name=\"twitter:label1\" content=\"Tiempo de lectura\" \/>\n\t<meta name=\"twitter:data1\" content=\"2 minutos\" \/>\n<script type=\"application\/ld+json\" class=\"yoast-schema-graph\">{\"@context\":\"https:\\\/\\\/schema.org\",\"@graph\":[{\"@type\":\"WebPage\",\"@id\":\"https:\\\/\\\/zapateneo.net\\\/wordpress\\\/index.php\\\/producto\\\/control-urbano-la-ecologia-del-miedo\\\/\",\"url\":\"https:\\\/\\\/zapateneo.net\\\/wordpress\\\/index.php\\\/producto\\\/control-urbano-la-ecologia-del-miedo\\\/\",\"name\":\"CONTROL URBANO. LA ECOLOGIA DEL MIEDO &#8212; Zapateneo\",\"isPartOf\":{\"@id\":\"https:\\\/\\\/zapateneo.net\\\/wordpress\\\/#website\"},\"primaryImageOfPage\":{\"@id\":\"https:\\\/\\\/zapateneo.net\\\/wordpress\\\/index.php\\\/producto\\\/control-urbano-la-ecologia-del-miedo\\\/#primaryimage\"},\"image\":{\"@id\":\"https:\\\/\\\/zapateneo.net\\\/wordpress\\\/index.php\\\/producto\\\/control-urbano-la-ecologia-del-miedo\\\/#primaryimage\"},\"thumbnailUrl\":\"https:\\\/\\\/zapateneo.net\\\/wordpress\\\/wp-content\\\/uploads\\\/2021\\\/04\\\/798.jpg\",\"datePublished\":\"2021-04-08T15:17:54+00:00\",\"dateModified\":\"2023-09-02T09:56:19+00:00\",\"breadcrumb\":{\"@id\":\"https:\\\/\\\/zapateneo.net\\\/wordpress\\\/index.php\\\/producto\\\/control-urbano-la-ecologia-del-miedo\\\/#breadcrumb\"},\"inLanguage\":\"es\",\"potentialAction\":[{\"@type\":\"ReadAction\",\"target\":[\"https:\\\/\\\/zapateneo.net\\\/wordpress\\\/index.php\\\/producto\\\/control-urbano-la-ecologia-del-miedo\\\/\"]}]},{\"@type\":\"ImageObject\",\"inLanguage\":\"es\",\"@id\":\"https:\\\/\\\/zapateneo.net\\\/wordpress\\\/index.php\\\/producto\\\/control-urbano-la-ecologia-del-miedo\\\/#primaryimage\",\"url\":\"https:\\\/\\\/zapateneo.net\\\/wordpress\\\/wp-content\\\/uploads\\\/2021\\\/04\\\/798.jpg\",\"contentUrl\":\"https:\\\/\\\/zapateneo.net\\\/wordpress\\\/wp-content\\\/uploads\\\/2021\\\/04\\\/798.jpg\",\"width\":300,\"height\":433},{\"@type\":\"BreadcrumbList\",\"@id\":\"https:\\\/\\\/zapateneo.net\\\/wordpress\\\/index.php\\\/producto\\\/control-urbano-la-ecologia-del-miedo\\\/#breadcrumb\",\"itemListElement\":[{\"@type\":\"ListItem\",\"position\":1,\"name\":\"Portada\",\"item\":\"https:\\\/\\\/zapateneo.net\\\/wordpress\\\/\"},{\"@type\":\"ListItem\",\"position\":2,\"name\":\"Tienda\",\"item\":\"https:\\\/\\\/zapateneo.net\\\/wordpress\\\/\"},{\"@type\":\"ListItem\",\"position\":3,\"name\":\"CONTROL URBANO. LA ECOLOGIA DEL MIEDO\"}]},{\"@type\":\"WebSite\",\"@id\":\"https:\\\/\\\/zapateneo.net\\\/wordpress\\\/#website\",\"url\":\"https:\\\/\\\/zapateneo.net\\\/wordpress\\\/\",\"name\":\"Zapateneo\",\"description\":\"Zapateneoaren webgunea\",\"publisher\":{\"@id\":\"https:\\\/\\\/zapateneo.net\\\/wordpress\\\/#organization\"},\"potentialAction\":[{\"@type\":\"SearchAction\",\"target\":{\"@type\":\"EntryPoint\",\"urlTemplate\":\"https:\\\/\\\/zapateneo.net\\\/wordpress\\\/?s={search_term_string}\"},\"query-input\":{\"@type\":\"PropertyValueSpecification\",\"valueRequired\":true,\"valueName\":\"search_term_string\"}}],\"inLanguage\":\"es\"},{\"@type\":\"Organization\",\"@id\":\"https:\\\/\\\/zapateneo.net\\\/wordpress\\\/#organization\",\"name\":\"Zapateneo Kultur Elkartea\",\"url\":\"https:\\\/\\\/zapateneo.net\\\/wordpress\\\/\",\"logo\":{\"@type\":\"ImageObject\",\"inLanguage\":\"es\",\"@id\":\"https:\\\/\\\/zapateneo.net\\\/wordpress\\\/#\\\/schema\\\/logo\\\/image\\\/\",\"url\":\"https:\\\/\\\/zapateneo.net\\\/wordpress\\\/wp-content\\\/uploads\\\/2021\\\/04\\\/zap-libu-kolec.jpg\",\"contentUrl\":\"https:\\\/\\\/zapateneo.net\\\/wordpress\\\/wp-content\\\/uploads\\\/2021\\\/04\\\/zap-libu-kolec.jpg\",\"width\":2234,\"height\":398,\"caption\":\"Zapateneo Kultur Elkartea\"},\"image\":{\"@id\":\"https:\\\/\\\/zapateneo.net\\\/wordpress\\\/#\\\/schema\\\/logo\\\/image\\\/\"},\"sameAs\":[\"https:\\\/\\\/x.com\\\/zapateneo\"]}]}<\/script>\n<!-- \/ Yoast SEO plugin. -->","yoast_head_json":{"title":"CONTROL URBANO. LA ECOLOGIA DEL MIEDO &#8212; Zapateneo","robots":{"index":"index","follow":"follow","max-snippet":"max-snippet:-1","max-image-preview":"max-image-preview:large","max-video-preview":"max-video-preview:-1"},"canonical":"https:\/\/zapateneo.net\/wordpress\/index.php\/producto\/control-urbano-la-ecologia-del-miedo\/","og_locale":"es_ES","og_type":"article","og_title":"CONTROL URBANO. LA ECOLOGIA DEL MIEDO &#8212; Zapateneo","og_description":"DAVIS, MIKE 9788488455895 - VIRUS - 2001 - 72 p\u00e1ginas \/orri.","og_url":"https:\/\/zapateneo.net\/wordpress\/index.php\/producto\/control-urbano-la-ecologia-del-miedo\/","og_site_name":"Zapateneo","article_modified_time":"2023-09-02T09:56:19+00:00","og_image":[{"width":300,"height":433,"url":"https:\/\/zapateneo.net\/wordpress\/wp-content\/uploads\/2021\/04\/798.jpg","type":"image\/jpeg"}],"twitter_card":"summary_large_image","twitter_site":"@zapateneo","twitter_misc":{"Tiempo de lectura":"2 minutos"},"schema":{"@context":"https:\/\/schema.org","@graph":[{"@type":"WebPage","@id":"https:\/\/zapateneo.net\/wordpress\/index.php\/producto\/control-urbano-la-ecologia-del-miedo\/","url":"https:\/\/zapateneo.net\/wordpress\/index.php\/producto\/control-urbano-la-ecologia-del-miedo\/","name":"CONTROL URBANO. LA ECOLOGIA DEL MIEDO &#8212; Zapateneo","isPartOf":{"@id":"https:\/\/zapateneo.net\/wordpress\/#website"},"primaryImageOfPage":{"@id":"https:\/\/zapateneo.net\/wordpress\/index.php\/producto\/control-urbano-la-ecologia-del-miedo\/#primaryimage"},"image":{"@id":"https:\/\/zapateneo.net\/wordpress\/index.php\/producto\/control-urbano-la-ecologia-del-miedo\/#primaryimage"},"thumbnailUrl":"https:\/\/zapateneo.net\/wordpress\/wp-content\/uploads\/2021\/04\/798.jpg","datePublished":"2021-04-08T15:17:54+00:00","dateModified":"2023-09-02T09:56:19+00:00","breadcrumb":{"@id":"https:\/\/zapateneo.net\/wordpress\/index.php\/producto\/control-urbano-la-ecologia-del-miedo\/#breadcrumb"},"inLanguage":"es","potentialAction":[{"@type":"ReadAction","target":["https:\/\/zapateneo.net\/wordpress\/index.php\/producto\/control-urbano-la-ecologia-del-miedo\/"]}]},{"@type":"ImageObject","inLanguage":"es","@id":"https:\/\/zapateneo.net\/wordpress\/index.php\/producto\/control-urbano-la-ecologia-del-miedo\/#primaryimage","url":"https:\/\/zapateneo.net\/wordpress\/wp-content\/uploads\/2021\/04\/798.jpg","contentUrl":"https:\/\/zapateneo.net\/wordpress\/wp-content\/uploads\/2021\/04\/798.jpg","width":300,"height":433},{"@type":"BreadcrumbList","@id":"https:\/\/zapateneo.net\/wordpress\/index.php\/producto\/control-urbano-la-ecologia-del-miedo\/#breadcrumb","itemListElement":[{"@type":"ListItem","position":1,"name":"Portada","item":"https:\/\/zapateneo.net\/wordpress\/"},{"@type":"ListItem","position":2,"name":"Tienda","item":"https:\/\/zapateneo.net\/wordpress\/"},{"@type":"ListItem","position":3,"name":"CONTROL URBANO. LA ECOLOGIA DEL MIEDO"}]},{"@type":"WebSite","@id":"https:\/\/zapateneo.net\/wordpress\/#website","url":"https:\/\/zapateneo.net\/wordpress\/","name":"Zapateneo","description":"Zapateneoaren webgunea","publisher":{"@id":"https:\/\/zapateneo.net\/wordpress\/#organization"},"potentialAction":[{"@type":"SearchAction","target":{"@type":"EntryPoint","urlTemplate":"https:\/\/zapateneo.net\/wordpress\/?s={search_term_string}"},"query-input":{"@type":"PropertyValueSpecification","valueRequired":true,"valueName":"search_term_string"}}],"inLanguage":"es"},{"@type":"Organization","@id":"https:\/\/zapateneo.net\/wordpress\/#organization","name":"Zapateneo Kultur Elkartea","url":"https:\/\/zapateneo.net\/wordpress\/","logo":{"@type":"ImageObject","inLanguage":"es","@id":"https:\/\/zapateneo.net\/wordpress\/#\/schema\/logo\/image\/","url":"https:\/\/zapateneo.net\/wordpress\/wp-content\/uploads\/2021\/04\/zap-libu-kolec.jpg","contentUrl":"https:\/\/zapateneo.net\/wordpress\/wp-content\/uploads\/2021\/04\/zap-libu-kolec.jpg","width":2234,"height":398,"caption":"Zapateneo Kultur Elkartea"},"image":{"@id":"https:\/\/zapateneo.net\/wordpress\/#\/schema\/logo\/image\/"},"sameAs":["https:\/\/x.com\/zapateneo"]}]}},"_links":{"self":[{"href":"https:\/\/zapateneo.net\/wordpress\/index.php\/wp-json\/wp\/v2\/product\/4451","targetHints":{"allow":["GET"]}}],"collection":[{"href":"https:\/\/zapateneo.net\/wordpress\/index.php\/wp-json\/wp\/v2\/product"}],"about":[{"href":"https:\/\/zapateneo.net\/wordpress\/index.php\/wp-json\/wp\/v2\/types\/product"}],"wp:featuredmedia":[{"embeddable":true,"href":"https:\/\/zapateneo.net\/wordpress\/index.php\/wp-json\/wp\/v2\/media\/4485"}],"wp:attachment":[{"href":"https:\/\/zapateneo.net\/wordpress\/index.php\/wp-json\/wp\/v2\/media?parent=4451"}],"wp:term":[{"taxonomy":"product_brand","embeddable":true,"href":"https:\/\/zapateneo.net\/wordpress\/index.php\/wp-json\/wp\/v2\/product_brand?post=4451"},{"taxonomy":"product_cat","embeddable":true,"href":"https:\/\/zapateneo.net\/wordpress\/index.php\/wp-json\/wp\/v2\/product_cat?post=4451"},{"taxonomy":"product_tag","embeddable":true,"href":"https:\/\/zapateneo.net\/wordpress\/index.php\/wp-json\/wp\/v2\/product_tag?post=4451"}],"curies":[{"name":"wp","href":"https:\/\/api.w.org\/{rel}","templated":true}]}}