{"id":4378,"date":"2021-04-08T16:16:41","date_gmt":"2021-04-08T15:16:41","guid":{"rendered":"https:\/\/zapateneo.net\/wordpress\/?post_type=product&#038;p=4378"},"modified":"2022-01-05T14:00:13","modified_gmt":"2022-01-05T13:00:13","slug":"frontera-sur-nuevas-politicas-de-gestion-y-externalizacion-del-control-de-la-inmigracion-en-europa","status":"publish","type":"product","link":"https:\/\/zapateneo.net\/wordpress\/index.php\/producto\/frontera-sur-nuevas-politicas-de-gestion-y-externalizacion-del-control-de-la-inmigracion-en-europa\/","title":{"rendered":"Frontera sur. Nuevas politicas de gestion y externalizacion del control de la inmigracion en Europa"},"content":{"rendered":"<h3><\/h3>\n<h3>Paolo Cuttitta, Mike Davis, Helmut Dietrich, N\u00faria Empez, Espai per la Desobedi\u00e8ncia a les Fronteres, Cristina Fern\u00e1ndez, Mikel Mazkiar\u00e1n, Eduardo Romero, Kerstin Seifer y H\u00e9ctor C. Silveira<\/h3>\n<hr \/>\n<div>\n<p>El proceso de ampliaci\u00f3n de la Uni\u00f3n Europea y de apertura de las fronteras interiores, en los \u00faltimos a\u00f1os, ha ido acompa\u00f1ado de una creciente bunquerizaci\u00f3n de las fronteras exteriores y un reguero de muertes entre quienes no tienen otra opci\u00f3n de supervivencia que arriesgar la vida para entrar en Europa. Para cerrar el paso a las masas empobrecidas del Sur y del Este o para regular el flujo de sin papeles adapt\u00e1ndolo a las necesidades del mercado negro de trabajo -uno de los pilares del \u00abmercado libre\u00bb-, la UE no ha dudado en recurrir a legislaciones de control cada vez m\u00e1s autoritarias, a las tecnolog\u00edas m\u00e1s sofisticadas, a la militarizaci\u00f3n de las fronteras y tambi\u00e9n a los m\u00e9todos m\u00e1s abyectos de chantaje para externalizar la responsabilidad del control de la emigraci\u00f3n procedente de terceros pa\u00edses a los pa\u00edses colindantes con la UE. Los centros de internamiento de emigrantes -esos limbos legales que podr\u00edamos considerar los \u00abGuant\u00e1namos\u00bb europeos-, la colaboraci\u00f3n policial y militar a trav\u00e9s de la agencia europea Frontex, junto con los acuerdos bilaterales de repatriaci\u00f3n a cambio de ayuda al desarrollo y cupos de contratos de trabajo para emigrantes son los tres ejes principales de la pol\u00edtica migratoria europea. El Estado espa\u00f1ol se ha convertido en uno de los paladines de esta pol\u00edtica y, junto con Italia y Grecia, en uno de los guardianes de la Frontera sur.<\/p>\n<p>Frontera Sur cuenta con las colaboraciones de <strong>Paolo Cuttitta, Mike Davis, Helmut Dietrich, N\u00faria Empez, Espai per la Desobedi\u00e8ncia a les Fronteres, Cristina Fern\u00e1ndez, Mikel Mazkiar\u00e1n, Eduardo Romero, Kerstin Seifer y H\u00e9ctor C. Silveira<\/strong><\/p>\n<\/div>\n<p><a href=\"http:\/\/www.viruseditorial.net\/pags\/noticia.php?id=43\"><strong>Presentaci\u00f3n de\u00a0<em>Frontera Sur<\/em>\u00a0en el CIE de Zona Franca<\/strong><\/a><\/p>\n<p><a href=\"http:\/\/www.viruseditorial.net\/pags\/noticia.php?id=77\"><strong>Entrevista a\u00a0<em>La Radio dels Sentits<\/em>\u00a0de RNE-Radio 4<\/strong><\/a><\/p>\n<p><strong><a href=\"http:\/\/www.viruseditorial.net\/pags\/noticia.php?id=96\">Una obra que nos invita a reflexionar sobre la necesidad de eliminar los l\u00edmites f\u00edsicos y sociales que se imponen a la movilidad humana a escala planetaria<\/a><\/strong>(Iker Barbero, en\u00a0<em>Le Monde Diplomatique<\/em>)<\/p>\n<p><strong><a href=\"http:\/\/www.viruseditorial.net\/pags\/noticia.php?id=161\">Frontera Sur: otra perspectiva de un fen\u00f3meno poli\u00e9drico y complejo\u00a0<\/a><\/strong>(Mundo Negro, marzo 2010)<\/p>\n<hr \/>\n<div>\n<h2><a href=\"https:\/\/www.viruseditorial.net\/es\/editorial\/descargar-pdf\" target=\"_blank\" rel=\"noopener\">Libro en libre descarga de Virus Editorial<\/a><\/h2>\n<\/div>\n","protected":false},"excerpt":{"rendered":"<p><strong>VVAA<\/strong><br \/>\n9788492559008 &#8211; virus &#8211; 2008 &#8211; 275 p\u00e1ginas \/orri.<\/p>\n","protected":false},"featured_media":4428,"template":"","meta":[],"product_brand":[],"product_cat":[181,16],"product_tag":[4626,57],"class_list":{"0":"post-4378","1":"product","2":"type-product","3":"status-publish","4":"has-post-thumbnail","6":"product_cat-bazterketa-soziala-eta-errepresioa-exclusion-social-y-represion","7":"product_cat-libros","8":"product_tag-deskargak","9":"product_tag-virus","11":"first","12":"instock","13":"sold-individually","14":"shipping-taxable","15":"purchasable","16":"product-type-simple"},"yoast_head":"<!-- This site is optimized with the Yoast SEO plugin v27.4 - https:\/\/yoast.com\/product\/yoast-seo-wordpress\/ -->\n<title>Frontera sur. Nuevas politicas de gestion y externalizacion del control de la inmigracion en Europa &#8212; Zapateneo<\/title>\n<meta name=\"robots\" content=\"index, follow, max-snippet:-1, max-image-preview:large, max-video-preview:-1\" \/>\n<link rel=\"canonical\" href=\"https:\/\/zapateneo.net\/wordpress\/index.php\/producto\/frontera-sur-nuevas-politicas-de-gestion-y-externalizacion-del-control-de-la-inmigracion-en-europa\/\" \/>\n<meta property=\"og:locale\" content=\"es_ES\" \/>\n<meta property=\"og:type\" content=\"article\" \/>\n<meta property=\"og:title\" content=\"Frontera sur. Nuevas politicas de gestion y externalizacion del control de la inmigracion en Europa &#8212; Zapateneo\" \/>\n<meta property=\"og:description\" content=\"VVAA 9788492559008 - virus - 2008 - 275 p\u00e1ginas \/orri.\" \/>\n<meta property=\"og:url\" content=\"https:\/\/zapateneo.net\/wordpress\/index.php\/producto\/frontera-sur-nuevas-politicas-de-gestion-y-externalizacion-del-control-de-la-inmigracion-en-europa\/\" \/>\n<meta property=\"og:site_name\" content=\"Zapateneo\" \/>\n<meta property=\"article:modified_time\" content=\"2022-01-05T13:00:13+00:00\" \/>\n<meta property=\"og:image\" content=\"https:\/\/zapateneo.net\/wordpress\/wp-content\/uploads\/2021\/04\/5578.png\" \/>\n\t<meta property=\"og:image:width\" content=\"111\" \/>\n\t<meta property=\"og:image:height\" content=\"172\" \/>\n\t<meta property=\"og:image:type\" content=\"image\/png\" \/>\n<meta name=\"twitter:card\" content=\"summary_large_image\" \/>\n<meta name=\"twitter:site\" content=\"@zapateneo\" \/>\n<meta name=\"twitter:label1\" content=\"Tiempo de lectura\" \/>\n\t<meta name=\"twitter:data1\" content=\"2 minutos\" \/>\n<script type=\"application\/ld+json\" class=\"yoast-schema-graph\">{\"@context\":\"https:\\\/\\\/schema.org\",\"@graph\":[{\"@type\":\"WebPage\",\"@id\":\"https:\\\/\\\/zapateneo.net\\\/wordpress\\\/index.php\\\/producto\\\/frontera-sur-nuevas-politicas-de-gestion-y-externalizacion-del-control-de-la-inmigracion-en-europa\\\/\",\"url\":\"https:\\\/\\\/zapateneo.net\\\/wordpress\\\/index.php\\\/producto\\\/frontera-sur-nuevas-politicas-de-gestion-y-externalizacion-del-control-de-la-inmigracion-en-europa\\\/\",\"name\":\"Frontera sur. Nuevas politicas de gestion y externalizacion del control de la inmigracion en Europa &#8212; Zapateneo\",\"isPartOf\":{\"@id\":\"https:\\\/\\\/zapateneo.net\\\/wordpress\\\/#website\"},\"primaryImageOfPage\":{\"@id\":\"https:\\\/\\\/zapateneo.net\\\/wordpress\\\/index.php\\\/producto\\\/frontera-sur-nuevas-politicas-de-gestion-y-externalizacion-del-control-de-la-inmigracion-en-europa\\\/#primaryimage\"},\"image\":{\"@id\":\"https:\\\/\\\/zapateneo.net\\\/wordpress\\\/index.php\\\/producto\\\/frontera-sur-nuevas-politicas-de-gestion-y-externalizacion-del-control-de-la-inmigracion-en-europa\\\/#primaryimage\"},\"thumbnailUrl\":\"https:\\\/\\\/zapateneo.net\\\/wordpress\\\/wp-content\\\/uploads\\\/2021\\\/04\\\/5578.png\",\"datePublished\":\"2021-04-08T15:16:41+00:00\",\"dateModified\":\"2022-01-05T13:00:13+00:00\",\"breadcrumb\":{\"@id\":\"https:\\\/\\\/zapateneo.net\\\/wordpress\\\/index.php\\\/producto\\\/frontera-sur-nuevas-politicas-de-gestion-y-externalizacion-del-control-de-la-inmigracion-en-europa\\\/#breadcrumb\"},\"inLanguage\":\"es\",\"potentialAction\":[{\"@type\":\"ReadAction\",\"target\":[\"https:\\\/\\\/zapateneo.net\\\/wordpress\\\/index.php\\\/producto\\\/frontera-sur-nuevas-politicas-de-gestion-y-externalizacion-del-control-de-la-inmigracion-en-europa\\\/\"]}]},{\"@type\":\"ImageObject\",\"inLanguage\":\"es\",\"@id\":\"https:\\\/\\\/zapateneo.net\\\/wordpress\\\/index.php\\\/producto\\\/frontera-sur-nuevas-politicas-de-gestion-y-externalizacion-del-control-de-la-inmigracion-en-europa\\\/#primaryimage\",\"url\":\"https:\\\/\\\/zapateneo.net\\\/wordpress\\\/wp-content\\\/uploads\\\/2021\\\/04\\\/5578.png\",\"contentUrl\":\"https:\\\/\\\/zapateneo.net\\\/wordpress\\\/wp-content\\\/uploads\\\/2021\\\/04\\\/5578.png\",\"width\":111,\"height\":172},{\"@type\":\"BreadcrumbList\",\"@id\":\"https:\\\/\\\/zapateneo.net\\\/wordpress\\\/index.php\\\/producto\\\/frontera-sur-nuevas-politicas-de-gestion-y-externalizacion-del-control-de-la-inmigracion-en-europa\\\/#breadcrumb\",\"itemListElement\":[{\"@type\":\"ListItem\",\"position\":1,\"name\":\"Portada\",\"item\":\"https:\\\/\\\/zapateneo.net\\\/wordpress\\\/\"},{\"@type\":\"ListItem\",\"position\":2,\"name\":\"Tienda\",\"item\":\"https:\\\/\\\/zapateneo.net\\\/wordpress\\\/\"},{\"@type\":\"ListItem\",\"position\":3,\"name\":\"Frontera sur. Nuevas politicas de gestion y externalizacion del control de la inmigracion en Europa\"}]},{\"@type\":\"WebSite\",\"@id\":\"https:\\\/\\\/zapateneo.net\\\/wordpress\\\/#website\",\"url\":\"https:\\\/\\\/zapateneo.net\\\/wordpress\\\/\",\"name\":\"Zapateneo\",\"description\":\"Zapateneoaren webgunea\",\"publisher\":{\"@id\":\"https:\\\/\\\/zapateneo.net\\\/wordpress\\\/#organization\"},\"potentialAction\":[{\"@type\":\"SearchAction\",\"target\":{\"@type\":\"EntryPoint\",\"urlTemplate\":\"https:\\\/\\\/zapateneo.net\\\/wordpress\\\/?s={search_term_string}\"},\"query-input\":{\"@type\":\"PropertyValueSpecification\",\"valueRequired\":true,\"valueName\":\"search_term_string\"}}],\"inLanguage\":\"es\"},{\"@type\":\"Organization\",\"@id\":\"https:\\\/\\\/zapateneo.net\\\/wordpress\\\/#organization\",\"name\":\"Zapateneo Kultur Elkartea\",\"url\":\"https:\\\/\\\/zapateneo.net\\\/wordpress\\\/\",\"logo\":{\"@type\":\"ImageObject\",\"inLanguage\":\"es\",\"@id\":\"https:\\\/\\\/zapateneo.net\\\/wordpress\\\/#\\\/schema\\\/logo\\\/image\\\/\",\"url\":\"https:\\\/\\\/zapateneo.net\\\/wordpress\\\/wp-content\\\/uploads\\\/2021\\\/04\\\/zap-libu-kolec.jpg\",\"contentUrl\":\"https:\\\/\\\/zapateneo.net\\\/wordpress\\\/wp-content\\\/uploads\\\/2021\\\/04\\\/zap-libu-kolec.jpg\",\"width\":2234,\"height\":398,\"caption\":\"Zapateneo Kultur Elkartea\"},\"image\":{\"@id\":\"https:\\\/\\\/zapateneo.net\\\/wordpress\\\/#\\\/schema\\\/logo\\\/image\\\/\"},\"sameAs\":[\"https:\\\/\\\/x.com\\\/zapateneo\"]}]}<\/script>\n<!-- \/ Yoast SEO plugin. -->","yoast_head_json":{"title":"Frontera sur. Nuevas politicas de gestion y externalizacion del control de la inmigracion en Europa &#8212; Zapateneo","robots":{"index":"index","follow":"follow","max-snippet":"max-snippet:-1","max-image-preview":"max-image-preview:large","max-video-preview":"max-video-preview:-1"},"canonical":"https:\/\/zapateneo.net\/wordpress\/index.php\/producto\/frontera-sur-nuevas-politicas-de-gestion-y-externalizacion-del-control-de-la-inmigracion-en-europa\/","og_locale":"es_ES","og_type":"article","og_title":"Frontera sur. Nuevas politicas de gestion y externalizacion del control de la inmigracion en Europa &#8212; Zapateneo","og_description":"VVAA 9788492559008 - virus - 2008 - 275 p\u00e1ginas \/orri.","og_url":"https:\/\/zapateneo.net\/wordpress\/index.php\/producto\/frontera-sur-nuevas-politicas-de-gestion-y-externalizacion-del-control-de-la-inmigracion-en-europa\/","og_site_name":"Zapateneo","article_modified_time":"2022-01-05T13:00:13+00:00","og_image":[{"width":111,"height":172,"url":"https:\/\/zapateneo.net\/wordpress\/wp-content\/uploads\/2021\/04\/5578.png","type":"image\/png"}],"twitter_card":"summary_large_image","twitter_site":"@zapateneo","twitter_misc":{"Tiempo de lectura":"2 minutos"},"schema":{"@context":"https:\/\/schema.org","@graph":[{"@type":"WebPage","@id":"https:\/\/zapateneo.net\/wordpress\/index.php\/producto\/frontera-sur-nuevas-politicas-de-gestion-y-externalizacion-del-control-de-la-inmigracion-en-europa\/","url":"https:\/\/zapateneo.net\/wordpress\/index.php\/producto\/frontera-sur-nuevas-politicas-de-gestion-y-externalizacion-del-control-de-la-inmigracion-en-europa\/","name":"Frontera sur. Nuevas politicas de gestion y externalizacion del control de la inmigracion en Europa &#8212; Zapateneo","isPartOf":{"@id":"https:\/\/zapateneo.net\/wordpress\/#website"},"primaryImageOfPage":{"@id":"https:\/\/zapateneo.net\/wordpress\/index.php\/producto\/frontera-sur-nuevas-politicas-de-gestion-y-externalizacion-del-control-de-la-inmigracion-en-europa\/#primaryimage"},"image":{"@id":"https:\/\/zapateneo.net\/wordpress\/index.php\/producto\/frontera-sur-nuevas-politicas-de-gestion-y-externalizacion-del-control-de-la-inmigracion-en-europa\/#primaryimage"},"thumbnailUrl":"https:\/\/zapateneo.net\/wordpress\/wp-content\/uploads\/2021\/04\/5578.png","datePublished":"2021-04-08T15:16:41+00:00","dateModified":"2022-01-05T13:00:13+00:00","breadcrumb":{"@id":"https:\/\/zapateneo.net\/wordpress\/index.php\/producto\/frontera-sur-nuevas-politicas-de-gestion-y-externalizacion-del-control-de-la-inmigracion-en-europa\/#breadcrumb"},"inLanguage":"es","potentialAction":[{"@type":"ReadAction","target":["https:\/\/zapateneo.net\/wordpress\/index.php\/producto\/frontera-sur-nuevas-politicas-de-gestion-y-externalizacion-del-control-de-la-inmigracion-en-europa\/"]}]},{"@type":"ImageObject","inLanguage":"es","@id":"https:\/\/zapateneo.net\/wordpress\/index.php\/producto\/frontera-sur-nuevas-politicas-de-gestion-y-externalizacion-del-control-de-la-inmigracion-en-europa\/#primaryimage","url":"https:\/\/zapateneo.net\/wordpress\/wp-content\/uploads\/2021\/04\/5578.png","contentUrl":"https:\/\/zapateneo.net\/wordpress\/wp-content\/uploads\/2021\/04\/5578.png","width":111,"height":172},{"@type":"BreadcrumbList","@id":"https:\/\/zapateneo.net\/wordpress\/index.php\/producto\/frontera-sur-nuevas-politicas-de-gestion-y-externalizacion-del-control-de-la-inmigracion-en-europa\/#breadcrumb","itemListElement":[{"@type":"ListItem","position":1,"name":"Portada","item":"https:\/\/zapateneo.net\/wordpress\/"},{"@type":"ListItem","position":2,"name":"Tienda","item":"https:\/\/zapateneo.net\/wordpress\/"},{"@type":"ListItem","position":3,"name":"Frontera sur. Nuevas politicas de gestion y externalizacion del control de la inmigracion en Europa"}]},{"@type":"WebSite","@id":"https:\/\/zapateneo.net\/wordpress\/#website","url":"https:\/\/zapateneo.net\/wordpress\/","name":"Zapateneo","description":"Zapateneoaren webgunea","publisher":{"@id":"https:\/\/zapateneo.net\/wordpress\/#organization"},"potentialAction":[{"@type":"SearchAction","target":{"@type":"EntryPoint","urlTemplate":"https:\/\/zapateneo.net\/wordpress\/?s={search_term_string}"},"query-input":{"@type":"PropertyValueSpecification","valueRequired":true,"valueName":"search_term_string"}}],"inLanguage":"es"},{"@type":"Organization","@id":"https:\/\/zapateneo.net\/wordpress\/#organization","name":"Zapateneo Kultur Elkartea","url":"https:\/\/zapateneo.net\/wordpress\/","logo":{"@type":"ImageObject","inLanguage":"es","@id":"https:\/\/zapateneo.net\/wordpress\/#\/schema\/logo\/image\/","url":"https:\/\/zapateneo.net\/wordpress\/wp-content\/uploads\/2021\/04\/zap-libu-kolec.jpg","contentUrl":"https:\/\/zapateneo.net\/wordpress\/wp-content\/uploads\/2021\/04\/zap-libu-kolec.jpg","width":2234,"height":398,"caption":"Zapateneo Kultur Elkartea"},"image":{"@id":"https:\/\/zapateneo.net\/wordpress\/#\/schema\/logo\/image\/"},"sameAs":["https:\/\/x.com\/zapateneo"]}]}},"_links":{"self":[{"href":"https:\/\/zapateneo.net\/wordpress\/index.php\/wp-json\/wp\/v2\/product\/4378","targetHints":{"allow":["GET"]}}],"collection":[{"href":"https:\/\/zapateneo.net\/wordpress\/index.php\/wp-json\/wp\/v2\/product"}],"about":[{"href":"https:\/\/zapateneo.net\/wordpress\/index.php\/wp-json\/wp\/v2\/types\/product"}],"wp:featuredmedia":[{"embeddable":true,"href":"https:\/\/zapateneo.net\/wordpress\/index.php\/wp-json\/wp\/v2\/media\/4428"}],"wp:attachment":[{"href":"https:\/\/zapateneo.net\/wordpress\/index.php\/wp-json\/wp\/v2\/media?parent=4378"}],"wp:term":[{"taxonomy":"product_brand","embeddable":true,"href":"https:\/\/zapateneo.net\/wordpress\/index.php\/wp-json\/wp\/v2\/product_brand?post=4378"},{"taxonomy":"product_cat","embeddable":true,"href":"https:\/\/zapateneo.net\/wordpress\/index.php\/wp-json\/wp\/v2\/product_cat?post=4378"},{"taxonomy":"product_tag","embeddable":true,"href":"https:\/\/zapateneo.net\/wordpress\/index.php\/wp-json\/wp\/v2\/product_tag?post=4378"}],"curies":[{"name":"wp","href":"https:\/\/api.w.org\/{rel}","templated":true}]}}