{"id":4372,"date":"2021-04-08T16:16:40","date_gmt":"2021-04-08T15:16:40","guid":{"rendered":"https:\/\/zapateneo.net\/wordpress\/?post_type=product&#038;p=4372"},"modified":"2022-01-05T16:10:05","modified_gmt":"2022-01-05T15:10:05","slug":"rastros-de-dixan-islamofobia-y-construccion-del-enemigo-en-la-era-post-11-s","status":"publish","type":"product","link":"https:\/\/zapateneo.net\/wordpress\/index.php\/producto\/rastros-de-dixan-islamofobia-y-construccion-del-enemigo-en-la-era-post-11-s\/","title":{"rendered":"Rastros de Dixan. Islamofobia y construcci\u00f3n del enemigo en la era post 11-S"},"content":{"rendered":"<div>\n<p>Los atentados del 11 de septiembre en Nueva York abrieron una era en la que la denominada \u00abguerra de civilizaciones\u00bb y la creaci\u00f3n de un nuevo enemigo que la justificara, el islam, se convirtieron en el pretexto para las ocupaciones de Irak y Afganist\u00e1n y para la fiebre securitaria en la que a\u00fan cabalgan los Estados occidentales.<\/p>\n<p>En el Estado espa\u00f1ol, el atentado del 11 de marzo de 2004 en Madrid, que acabar\u00eda con la vida de 191 personas, convertir\u00eda la lucha contra el \u00abterrorismo yihadista\u00bb en una prioridad. Desde entonces y de forma injusta, la poblaci\u00f3n musulmana pasar\u00eda a ser sospechosa y v\u00edctima potencial de una legislaci\u00f3n antiterrorista denunciada por todo tipo de organismos de derechos humanos. Pese a que no se ha vuelto a producir un solo atentado como \u00e9ste, lo que s\u00ed que se ha multiplicado es una actividad propagand\u00edstica que dibuja una imagen simplificada y belicista del islam que conecta con una islamofobia profundamente arraigada en el imaginario cultural espa\u00f1ol.<\/p>\n<div>Desde el 11-M se han producido 28 operaciones contra presuntas c\u00e9lulas yihadistas, la mayor\u00eda basadas en una doctrina de acci\u00f3n preventiva y paranoica. Representativa de esta pol\u00edtica es la \u00aboperaci\u00f3n Lago\u00bb, conocida popularmente como del \u00abComando Dixan\u00bb, por los polvos de detergente aportados como prueba por la polic\u00eda, y que ridiculizaron dicho proceso.<\/div>\n<div>La operaci\u00f3n que da origen a este libro fue puesta en marcha el 19 de enero de 2008 en Barcelona y, seg\u00fan las filtraciones a los medios de comunicaci\u00f3n, con ella se hab\u00eda evitado una masacre similar a las de Madrid o Nueva York. Aunque no se hallaron ni armas ni explosivos y a pesar de la fragilidad de la investigaci\u00f3n policial, desde el primer d\u00eda los medios de comunicaci\u00f3n vulneraron de manera flagrante la presunci\u00f3n de inocencia de los acusados. A la vez que sembraron la sospecha, publicando noticias sin contrastar, sobre el conjunto de la comunidad musulmana del Raval, de Barcelona y de Catalu\u00f1a.<\/div>\n<p>La ocupaci\u00f3n del centro de la escena por parte del llamado terrorismo yihadista ha servido para difuminar la complejidad y heterogeneidad de las personas de origen, cultura o religi\u00f3n musulmana.\u00a0<i>Rastros de Dixan\u00a0<\/i>pretende comprender y denunciar los discursos que sirven para construir el \u00abtodos terroristas\u00bb y las pr\u00e1cticas estatales que violan sistem\u00e1ticamente los derechos fundamentales de estas personas, al amparo de una islamofobia generalizada de la que son causa y efecto.<\/p>\n<hr \/>\n<p><b><span lang=\"ES-TRAD\">Abdennur Prado<\/span><\/b><span lang=\"ES-TRAD\">. Pensador y poeta, es presidente de la Junta Isl\u00e1mica Catalana, promotor del Congreso Internacional de Feminismo Isl\u00e1mico\u00a0<\/span><span lang=\"ES-TRAD\">y colaborador del ex relator especial de la ONU para la islamofobia Doudou Di\u00e8ne.<\/span><span style=\"font-size: small;\">\u00a0<\/span><\/p>\n<\/div>\n<div class=\"row\">\n<div class=\"col-12 col-12-small\">\n<p class=\"Prrafobsico\"><b><span lang=\"ES-TRAD\">Albert Mart\u00ednez<\/span><\/b><span lang=\"ES-TRAD\">. Activista de la informaci\u00f3n y miembro de los movimientos sociales en Barcelona, es corredactor del semanario\u00a0<span style=\"font-size: small;\"><i>Directa<\/i>.<\/span><\/span><\/p>\n<p class=\"Prrafobsico\"><b><span lang=\"ES-TRAD\">Alberto L\u00f3pez Bargados<\/span><\/b><span lang=\"ES-TRAD\">. Profesor de Antropolog\u00eda Social de la Universitat de Barcelona, es miembro del Grupo de Investigaci\u00f3n del Islam en la Di\u00e1spora.<\/span><\/p>\n<p class=\"Prrafobsico\"><b><span lang=\"ES-TRAD\">Benet Salellas Vilar<\/span><\/b><span lang=\"ES-TRAD\">. Abogado y penalista, estrechamente ligado a los movimientos sociales, es defensor de los imputados en el proceso abierto tras la operaci\u00f3n del 19 de enero de 2008.<\/span><\/p>\n<p class=\"Prrafobsico\"><b><span lang=\"ES-TRAD\">David Fern\u00e0ndez<\/span><\/b><span lang=\"ES-TRAD\">. Periodista y miembro del Ateneu La Torna, ha estudiado Ciencias Pol\u00edticas en la UAB y ha colaborado en diversas publicaciones. Actualmente es corredactor del semanario\u00a0<span style=\"font-size: small;\"><i>Directa<\/i>.<\/span><\/span><\/p>\n<p class=\"Prrafobsico\"><b><span lang=\"ES-TRAD\">I\u00f1aki Rivera Beiras<\/span><\/b><span lang=\"ES-TRAD\">. Profesor Titular de Derecho Penal por la Universitat de Barcelona, es director del Observatori del Sistema Penal i els Drets Humans de la Universitat de Barcelona.<\/span><\/p>\n<p class=\"Prrafobsico\"><b><span lang=\"ES-TRAD\">Jos\u00e9 Gonz\u00e1lez Morandi.<\/span><\/b><span lang=\"ES-TRAD\">\u00a0Estudi\u00f3 cine en el CECC y curs\u00f3 el Master de Documental de Creaci\u00f3n de la Universitat Pompeu Fabra, actualmente imparte clases de cine en el Centro Penitenciario de Quatre Camins. Ha codirigido\u00a0<span style=\"font-size: small;\"><i>Troll<\/i>\u00a0(2007),\u00a0<\/span><span style=\"font-size: small;\"><i>Can Tunis\u00a0<\/i>(2007) y\u00a0<\/span><span style=\"font-size: small;\"><i>Bassant<\/i>\u00a0(Pakist\u00e1n 2008).<\/span><\/span><\/p>\n<p class=\"Prrafobsico\"><b><span lang=\"ES-TRAD\">Sergi Dies<\/span><\/b><span lang=\"ES-TRAD\">. Espectador y montador de pel\u00edculas ha participado en los montajes de\u00a0<span style=\"font-size: small;\"><i>Monos como Becky\u00a0<\/i>(1999),\u00a0<\/span><span style=\"font-size: small;\"><i>De Nens<\/i>\u00a0(2003),\u00a0<\/span><span style=\"font-size: small;\"><i>200 Km<\/i>\u00a0(2003),\u00a0<\/span><span style=\"font-size: small;\"><i>La doble vida del faquir<\/i>\u00a0(2005),\u00a0<\/span><span style=\"font-size: small;\"><i>El Taxista Full<\/i>\u00a0(2005)\u00a0<\/span><span style=\"font-size: small;\"><i>Dies d\u2019agost<\/i>\u00a0(2006) y\u00a0<\/span><span style=\"font-size: small;\"><i>El somni<\/i>\u00a0(2008).<\/span><\/span><\/p>\n<hr \/>\n<p><a href=\"http:\/\/www.viruseditorial.net\/pags\/noticia.php?id=150\">\u00abLa islamofobia afecta a los inmigrantes musulmanes desde el momento en el que impregna los discursos y condiciona las pol\u00edticas p\u00fablicas\u00bb<\/a>\u00a0(entrevista a Abdennur Prado y Alberto L\u00f3pez Bargados en Carne Cruda de Radio 3)<\/p>\n<\/div>\n<\/div>\n<p><a href=\"http:\/\/www.viruseditorial.net\/pags\/noticia.php?id=147\">Una s\u00edntesi de la manera com actua el sistema de terror elaborat des dels atemptats de Nova York<\/a>\u00a0(<em>Directa<\/em>)<\/p>\n<p><a href=\"http:\/\/www.viruseditorial.net\/pags\/noticia.php?id=124\">Del dixan als efectes de la guerra preventiva<\/a>\u00a0(Albert Balanz\u00e0, en\u00a0<em>Avui<\/em>)<\/p>\n<p><a href=\"http:\/\/www.viruseditorial.net\/pags\/noticia.php?id=125\">120 personas asistieron a la presentaci\u00f3n de\u00a0<em>Rastros de Dixan<\/em>\u00a0en Barcelona<\/a><\/p>\n<p><a href=\"http:\/\/www.barcelonatv.cat\/alacarta\/player.php?idProgVSD=5906&amp;cercaProgrames=0&amp;fInici=10\/06\/2009&amp;fFin=11\/06\/2009\" target=\"_blank\" rel=\"noopener\">Entrevista a Abdennur Prado en Btv<\/a><\/p>\n<p><a href=\"http:\/\/www.viruseditorial.net\/pags\/noticia.php?id=131\">Las manchas que deja &#8216;Dixan&#8217;<\/a>\u00a0(Marta Rodr\u00edguez, en ADN)<\/p>\n<p><a href=\"http:\/\/www.viruseditorial.net\/pags\/noticia.php?id=132\">Entrevista a David Fern\u00e0ndez i Benet Salelles a RNE-Radio 4<\/a><\/p>\n<p><a href=\"http:\/\/www.viruseditorial.net\/pags\/noticia.php?id=133\">Islamof\u00f2bia i Exclusi\u00f3 social<\/a>\u00a0(Ester Rams, a\u00a0<em>La Burxa<\/em>)<\/p>\n<p><a href=\"http:\/\/www.viruseditorial.net\/pags\/noticia.php?id=196\" target=\"_blank\" rel=\"noopener\">Un al\u00b7legat contra la islamofobia<\/a>\u00a0(Hiram Gascoigne, El Pesol Negre, desembre 2009)<\/p>\n<hr \/>\n<div>\n<h2><a href=\"https:\/\/www.viruseditorial.net\/es\/editorial\/descargar-pdf\" target=\"_blank\" rel=\"noopener\">Libro en libre descarga de Virus Editorial<\/a><\/h2>\n<\/div>\n","protected":false},"excerpt":{"rendered":"<p><strong>vvaa<\/strong><br \/>\n9788492559091 &#8211; virus &#8211; 2009 &#8211; 144 p\u00e1ginas \/orri.<\/p>\n","protected":false},"featured_media":4422,"template":"","meta":[],"product_brand":[],"product_cat":[181,16],"product_tag":[4626,57],"class_list":{"0":"post-4372","1":"product","2":"type-product","3":"status-publish","4":"has-post-thumbnail","6":"product_cat-bazterketa-soziala-eta-errepresioa-exclusion-social-y-represion","7":"product_cat-libros","8":"product_tag-deskargak","9":"product_tag-virus","11":"first","12":"instock","13":"sold-individually","14":"shipping-taxable","15":"purchasable","16":"product-type-simple"},"yoast_head":"<!-- This site is optimized with the Yoast SEO plugin v27.4 - https:\/\/yoast.com\/product\/yoast-seo-wordpress\/ -->\n<title>Rastros de Dixan. Islamofobia y construcci\u00f3n del enemigo en la era post 11-S &#8212; Zapateneo<\/title>\n<meta name=\"robots\" content=\"index, follow, max-snippet:-1, max-image-preview:large, max-video-preview:-1\" \/>\n<link rel=\"canonical\" href=\"https:\/\/zapateneo.net\/wordpress\/index.php\/producto\/rastros-de-dixan-islamofobia-y-construccion-del-enemigo-en-la-era-post-11-s\/\" \/>\n<meta property=\"og:locale\" content=\"es_ES\" \/>\n<meta property=\"og:type\" content=\"article\" \/>\n<meta property=\"og:title\" content=\"Rastros de Dixan. Islamofobia y construcci\u00f3n del enemigo en la era post 11-S &#8212; Zapateneo\" \/>\n<meta property=\"og:description\" content=\"vvaa 9788492559091 - virus - 2009 - 144 p\u00e1ginas \/orri.\" \/>\n<meta property=\"og:url\" content=\"https:\/\/zapateneo.net\/wordpress\/index.php\/producto\/rastros-de-dixan-islamofobia-y-construccion-del-enemigo-en-la-era-post-11-s\/\" \/>\n<meta property=\"og:site_name\" content=\"Zapateneo\" \/>\n<meta property=\"article:modified_time\" content=\"2022-01-05T15:10:05+00:00\" \/>\n<meta property=\"og:image\" content=\"https:\/\/zapateneo.net\/wordpress\/wp-content\/uploads\/2021\/04\/5848.png\" \/>\n\t<meta property=\"og:image:width\" content=\"122\" \/>\n\t<meta property=\"og:image:height\" content=\"172\" \/>\n\t<meta property=\"og:image:type\" content=\"image\/png\" \/>\n<meta name=\"twitter:card\" content=\"summary_large_image\" \/>\n<meta name=\"twitter:site\" content=\"@zapateneo\" \/>\n<meta name=\"twitter:label1\" content=\"Tiempo de lectura\" \/>\n\t<meta name=\"twitter:data1\" content=\"4 minutos\" \/>\n<script type=\"application\/ld+json\" class=\"yoast-schema-graph\">{\"@context\":\"https:\\\/\\\/schema.org\",\"@graph\":[{\"@type\":\"WebPage\",\"@id\":\"https:\\\/\\\/zapateneo.net\\\/wordpress\\\/index.php\\\/producto\\\/rastros-de-dixan-islamofobia-y-construccion-del-enemigo-en-la-era-post-11-s\\\/\",\"url\":\"https:\\\/\\\/zapateneo.net\\\/wordpress\\\/index.php\\\/producto\\\/rastros-de-dixan-islamofobia-y-construccion-del-enemigo-en-la-era-post-11-s\\\/\",\"name\":\"Rastros de Dixan. Islamofobia y construcci\u00f3n del enemigo en la era post 11-S &#8212; Zapateneo\",\"isPartOf\":{\"@id\":\"https:\\\/\\\/zapateneo.net\\\/wordpress\\\/#website\"},\"primaryImageOfPage\":{\"@id\":\"https:\\\/\\\/zapateneo.net\\\/wordpress\\\/index.php\\\/producto\\\/rastros-de-dixan-islamofobia-y-construccion-del-enemigo-en-la-era-post-11-s\\\/#primaryimage\"},\"image\":{\"@id\":\"https:\\\/\\\/zapateneo.net\\\/wordpress\\\/index.php\\\/producto\\\/rastros-de-dixan-islamofobia-y-construccion-del-enemigo-en-la-era-post-11-s\\\/#primaryimage\"},\"thumbnailUrl\":\"https:\\\/\\\/zapateneo.net\\\/wordpress\\\/wp-content\\\/uploads\\\/2021\\\/04\\\/5848.png\",\"datePublished\":\"2021-04-08T15:16:40+00:00\",\"dateModified\":\"2022-01-05T15:10:05+00:00\",\"breadcrumb\":{\"@id\":\"https:\\\/\\\/zapateneo.net\\\/wordpress\\\/index.php\\\/producto\\\/rastros-de-dixan-islamofobia-y-construccion-del-enemigo-en-la-era-post-11-s\\\/#breadcrumb\"},\"inLanguage\":\"es\",\"potentialAction\":[{\"@type\":\"ReadAction\",\"target\":[\"https:\\\/\\\/zapateneo.net\\\/wordpress\\\/index.php\\\/producto\\\/rastros-de-dixan-islamofobia-y-construccion-del-enemigo-en-la-era-post-11-s\\\/\"]}]},{\"@type\":\"ImageObject\",\"inLanguage\":\"es\",\"@id\":\"https:\\\/\\\/zapateneo.net\\\/wordpress\\\/index.php\\\/producto\\\/rastros-de-dixan-islamofobia-y-construccion-del-enemigo-en-la-era-post-11-s\\\/#primaryimage\",\"url\":\"https:\\\/\\\/zapateneo.net\\\/wordpress\\\/wp-content\\\/uploads\\\/2021\\\/04\\\/5848.png\",\"contentUrl\":\"https:\\\/\\\/zapateneo.net\\\/wordpress\\\/wp-content\\\/uploads\\\/2021\\\/04\\\/5848.png\",\"width\":122,\"height\":172},{\"@type\":\"BreadcrumbList\",\"@id\":\"https:\\\/\\\/zapateneo.net\\\/wordpress\\\/index.php\\\/producto\\\/rastros-de-dixan-islamofobia-y-construccion-del-enemigo-en-la-era-post-11-s\\\/#breadcrumb\",\"itemListElement\":[{\"@type\":\"ListItem\",\"position\":1,\"name\":\"Portada\",\"item\":\"https:\\\/\\\/zapateneo.net\\\/wordpress\\\/\"},{\"@type\":\"ListItem\",\"position\":2,\"name\":\"Tienda\",\"item\":\"https:\\\/\\\/zapateneo.net\\\/wordpress\\\/\"},{\"@type\":\"ListItem\",\"position\":3,\"name\":\"Rastros de Dixan. Islamofobia y construcci\u00f3n del enemigo en la era post 11-S\"}]},{\"@type\":\"WebSite\",\"@id\":\"https:\\\/\\\/zapateneo.net\\\/wordpress\\\/#website\",\"url\":\"https:\\\/\\\/zapateneo.net\\\/wordpress\\\/\",\"name\":\"Zapateneo\",\"description\":\"Zapateneoaren webgunea\",\"publisher\":{\"@id\":\"https:\\\/\\\/zapateneo.net\\\/wordpress\\\/#organization\"},\"potentialAction\":[{\"@type\":\"SearchAction\",\"target\":{\"@type\":\"EntryPoint\",\"urlTemplate\":\"https:\\\/\\\/zapateneo.net\\\/wordpress\\\/?s={search_term_string}\"},\"query-input\":{\"@type\":\"PropertyValueSpecification\",\"valueRequired\":true,\"valueName\":\"search_term_string\"}}],\"inLanguage\":\"es\"},{\"@type\":\"Organization\",\"@id\":\"https:\\\/\\\/zapateneo.net\\\/wordpress\\\/#organization\",\"name\":\"Zapateneo Kultur Elkartea\",\"url\":\"https:\\\/\\\/zapateneo.net\\\/wordpress\\\/\",\"logo\":{\"@type\":\"ImageObject\",\"inLanguage\":\"es\",\"@id\":\"https:\\\/\\\/zapateneo.net\\\/wordpress\\\/#\\\/schema\\\/logo\\\/image\\\/\",\"url\":\"https:\\\/\\\/zapateneo.net\\\/wordpress\\\/wp-content\\\/uploads\\\/2021\\\/04\\\/zap-libu-kolec.jpg\",\"contentUrl\":\"https:\\\/\\\/zapateneo.net\\\/wordpress\\\/wp-content\\\/uploads\\\/2021\\\/04\\\/zap-libu-kolec.jpg\",\"width\":2234,\"height\":398,\"caption\":\"Zapateneo Kultur Elkartea\"},\"image\":{\"@id\":\"https:\\\/\\\/zapateneo.net\\\/wordpress\\\/#\\\/schema\\\/logo\\\/image\\\/\"},\"sameAs\":[\"https:\\\/\\\/x.com\\\/zapateneo\"]}]}<\/script>\n<!-- \/ Yoast SEO plugin. -->","yoast_head_json":{"title":"Rastros de Dixan. Islamofobia y construcci\u00f3n del enemigo en la era post 11-S &#8212; Zapateneo","robots":{"index":"index","follow":"follow","max-snippet":"max-snippet:-1","max-image-preview":"max-image-preview:large","max-video-preview":"max-video-preview:-1"},"canonical":"https:\/\/zapateneo.net\/wordpress\/index.php\/producto\/rastros-de-dixan-islamofobia-y-construccion-del-enemigo-en-la-era-post-11-s\/","og_locale":"es_ES","og_type":"article","og_title":"Rastros de Dixan. Islamofobia y construcci\u00f3n del enemigo en la era post 11-S &#8212; Zapateneo","og_description":"vvaa 9788492559091 - virus - 2009 - 144 p\u00e1ginas \/orri.","og_url":"https:\/\/zapateneo.net\/wordpress\/index.php\/producto\/rastros-de-dixan-islamofobia-y-construccion-del-enemigo-en-la-era-post-11-s\/","og_site_name":"Zapateneo","article_modified_time":"2022-01-05T15:10:05+00:00","og_image":[{"width":122,"height":172,"url":"https:\/\/zapateneo.net\/wordpress\/wp-content\/uploads\/2021\/04\/5848.png","type":"image\/png"}],"twitter_card":"summary_large_image","twitter_site":"@zapateneo","twitter_misc":{"Tiempo de lectura":"4 minutos"},"schema":{"@context":"https:\/\/schema.org","@graph":[{"@type":"WebPage","@id":"https:\/\/zapateneo.net\/wordpress\/index.php\/producto\/rastros-de-dixan-islamofobia-y-construccion-del-enemigo-en-la-era-post-11-s\/","url":"https:\/\/zapateneo.net\/wordpress\/index.php\/producto\/rastros-de-dixan-islamofobia-y-construccion-del-enemigo-en-la-era-post-11-s\/","name":"Rastros de Dixan. Islamofobia y construcci\u00f3n del enemigo en la era post 11-S &#8212; Zapateneo","isPartOf":{"@id":"https:\/\/zapateneo.net\/wordpress\/#website"},"primaryImageOfPage":{"@id":"https:\/\/zapateneo.net\/wordpress\/index.php\/producto\/rastros-de-dixan-islamofobia-y-construccion-del-enemigo-en-la-era-post-11-s\/#primaryimage"},"image":{"@id":"https:\/\/zapateneo.net\/wordpress\/index.php\/producto\/rastros-de-dixan-islamofobia-y-construccion-del-enemigo-en-la-era-post-11-s\/#primaryimage"},"thumbnailUrl":"https:\/\/zapateneo.net\/wordpress\/wp-content\/uploads\/2021\/04\/5848.png","datePublished":"2021-04-08T15:16:40+00:00","dateModified":"2022-01-05T15:10:05+00:00","breadcrumb":{"@id":"https:\/\/zapateneo.net\/wordpress\/index.php\/producto\/rastros-de-dixan-islamofobia-y-construccion-del-enemigo-en-la-era-post-11-s\/#breadcrumb"},"inLanguage":"es","potentialAction":[{"@type":"ReadAction","target":["https:\/\/zapateneo.net\/wordpress\/index.php\/producto\/rastros-de-dixan-islamofobia-y-construccion-del-enemigo-en-la-era-post-11-s\/"]}]},{"@type":"ImageObject","inLanguage":"es","@id":"https:\/\/zapateneo.net\/wordpress\/index.php\/producto\/rastros-de-dixan-islamofobia-y-construccion-del-enemigo-en-la-era-post-11-s\/#primaryimage","url":"https:\/\/zapateneo.net\/wordpress\/wp-content\/uploads\/2021\/04\/5848.png","contentUrl":"https:\/\/zapateneo.net\/wordpress\/wp-content\/uploads\/2021\/04\/5848.png","width":122,"height":172},{"@type":"BreadcrumbList","@id":"https:\/\/zapateneo.net\/wordpress\/index.php\/producto\/rastros-de-dixan-islamofobia-y-construccion-del-enemigo-en-la-era-post-11-s\/#breadcrumb","itemListElement":[{"@type":"ListItem","position":1,"name":"Portada","item":"https:\/\/zapateneo.net\/wordpress\/"},{"@type":"ListItem","position":2,"name":"Tienda","item":"https:\/\/zapateneo.net\/wordpress\/"},{"@type":"ListItem","position":3,"name":"Rastros de Dixan. Islamofobia y construcci\u00f3n del enemigo en la era post 11-S"}]},{"@type":"WebSite","@id":"https:\/\/zapateneo.net\/wordpress\/#website","url":"https:\/\/zapateneo.net\/wordpress\/","name":"Zapateneo","description":"Zapateneoaren webgunea","publisher":{"@id":"https:\/\/zapateneo.net\/wordpress\/#organization"},"potentialAction":[{"@type":"SearchAction","target":{"@type":"EntryPoint","urlTemplate":"https:\/\/zapateneo.net\/wordpress\/?s={search_term_string}"},"query-input":{"@type":"PropertyValueSpecification","valueRequired":true,"valueName":"search_term_string"}}],"inLanguage":"es"},{"@type":"Organization","@id":"https:\/\/zapateneo.net\/wordpress\/#organization","name":"Zapateneo Kultur Elkartea","url":"https:\/\/zapateneo.net\/wordpress\/","logo":{"@type":"ImageObject","inLanguage":"es","@id":"https:\/\/zapateneo.net\/wordpress\/#\/schema\/logo\/image\/","url":"https:\/\/zapateneo.net\/wordpress\/wp-content\/uploads\/2021\/04\/zap-libu-kolec.jpg","contentUrl":"https:\/\/zapateneo.net\/wordpress\/wp-content\/uploads\/2021\/04\/zap-libu-kolec.jpg","width":2234,"height":398,"caption":"Zapateneo Kultur Elkartea"},"image":{"@id":"https:\/\/zapateneo.net\/wordpress\/#\/schema\/logo\/image\/"},"sameAs":["https:\/\/x.com\/zapateneo"]}]}},"_links":{"self":[{"href":"https:\/\/zapateneo.net\/wordpress\/index.php\/wp-json\/wp\/v2\/product\/4372","targetHints":{"allow":["GET"]}}],"collection":[{"href":"https:\/\/zapateneo.net\/wordpress\/index.php\/wp-json\/wp\/v2\/product"}],"about":[{"href":"https:\/\/zapateneo.net\/wordpress\/index.php\/wp-json\/wp\/v2\/types\/product"}],"wp:featuredmedia":[{"embeddable":true,"href":"https:\/\/zapateneo.net\/wordpress\/index.php\/wp-json\/wp\/v2\/media\/4422"}],"wp:attachment":[{"href":"https:\/\/zapateneo.net\/wordpress\/index.php\/wp-json\/wp\/v2\/media?parent=4372"}],"wp:term":[{"taxonomy":"product_brand","embeddable":true,"href":"https:\/\/zapateneo.net\/wordpress\/index.php\/wp-json\/wp\/v2\/product_brand?post=4372"},{"taxonomy":"product_cat","embeddable":true,"href":"https:\/\/zapateneo.net\/wordpress\/index.php\/wp-json\/wp\/v2\/product_cat?post=4372"},{"taxonomy":"product_tag","embeddable":true,"href":"https:\/\/zapateneo.net\/wordpress\/index.php\/wp-json\/wp\/v2\/product_tag?post=4372"}],"curies":[{"name":"wp","href":"https:\/\/api.w.org\/{rel}","templated":true}]}}