{"id":4369,"date":"2021-04-08T16:16:39","date_gmt":"2021-04-08T15:16:39","guid":{"rendered":"https:\/\/zapateneo.net\/wordpress\/?post_type=product&#038;p=4369"},"modified":"2021-04-08T16:17:02","modified_gmt":"2021-04-08T15:17:02","slug":"rescoldos-1-euro-y-exclusion-social","status":"publish","type":"product","link":"https:\/\/zapateneo.net\/wordpress\/index.php\/producto\/rescoldos-1-euro-y-exclusion-social\/","title":{"rendered":"Rescoldos # 1 Euro y exclusi\u00f3n social"},"content":{"rendered":"<p><span><\/p>\n<p>&nbsp;<\/p>\n<p><span><\/p>\n<p><img decoding=\"async\" src=\"file:\/\/\/tmp\/moz-screenshot.png\" alt=\"\" \/>Para la reflexi&oacute;n<br \/> <span class=\"Textopeque\"><img loading=\"lazy\" decoding=\"async\" src=\"http:\/\/www.nodo50.org\/candela\/imag\/pix.gif\" alt=\"\" width=\"25\" height=\"5\" \/><\/span>La violencia de la moneda &uacute;nica. A. Mor&aacute;n<br \/> <span class=\"Textopeque\"><img loading=\"lazy\" decoding=\"async\" src=\"http:\/\/www.nodo50.org\/candela\/imag\/pix.gif\" alt=\"\" width=\"25\" height=\"5\" \/><\/span>Nuestra pobreza da de comer a mucha gente. M. S&aacute;ez<br \/> <span class=\"Textopeque\"><img loading=\"lazy\" decoding=\"async\" src=\"http:\/\/www.nodo50.org\/candela\/imag\/pix.gif\" alt=\"\" width=\"25\" height=\"5\" \/><\/span>Militancia en un entorno neoliberal. J.L. Segovia<\/p>\n<p> Voces como coces<br \/> <span class=\"Textopeque\"><img loading=\"lazy\" decoding=\"async\" src=\"http:\/\/www.nodo50.org\/candela\/imag\/pix.gif\" alt=\"\" width=\"25\" height=\"5\" \/><\/span>Testimonio. L.R. Cobo<br \/> <span class=\"Textopeque\"><img loading=\"lazy\" decoding=\"async\" src=\"http:\/\/www.nodo50.org\/candela\/imag\/pix.gif\" alt=\"\" width=\"25\" height=\"5\" \/><\/span>Sagrada tierra. A. Arce<br \/> <span class=\"Textopeque\"><img loading=\"lazy\" decoding=\"async\" src=\"http:\/\/www.nodo50.org\/candela\/imag\/pix.gif\" alt=\"\" width=\"25\" height=\"5\" \/><\/span>Manifiesto en defensa de la ocupaci&oacute;n y de los espacios autogestionados. Laboratorio de Lavapi&eacute;s<br \/> <span class=\"Textopeque\"><img loading=\"lazy\" decoding=\"async\" src=\"http:\/\/www.nodo50.org\/candela\/imag\/pix.gif\" alt=\"\" width=\"25\" height=\"5\" \/><\/span>Los parados ante la llegada del Euro. J.M. de Vicente.<\/p>\n<p> Di&aacute;logos<\/p>\n<p> Prensamiento d&eacute;bil<\/p>\n<p> De nuestros barrios y otras actividades<br \/> La pobreza criminalizada. Colectivo Trit&oacute;n<br \/> La renta b&aacute;sica. Jornadas sobre el derecho ciudadano a la renta b&aacute;sica<br \/> Semblanza del padre Julio L&oacute;pez. M.J. Dom&iacute;nguez y C. Sureda<br \/> Proceso de construcci&oacute;n del centro social de M&aacute;laga. Comisi&oacute;n qui&eacute;n no  tiene no paga, Movimiento contra el paro, la pobreza y la exclusi&oacute;n  social<br \/> Jornadas Resistencia. Upa Molotov.<\/p>\n<p> <span class=\"remini\">Hemos le&iacute;do<br \/> Hemos o&iacute;do<br \/> Hemos visto<\/span><\/p>\n<p><\/span><\/p>\n<p>&nbsp;<\/p>\n<p><\/span><\/p>\n","protected":false},"excerpt":{"rendered":"<p><strong>vvaa<\/strong><br \/>\n2010033000043 &#8211; Asociaci\u00f3n cultural Candela &#8211; 1999 &#8211; 148 p\u00e1ginas \/orri.<\/p>\n","protected":false},"featured_media":4399,"template":"","meta":[],"product_brand":[],"product_cat":[181,16],"product_tag":[1964],"class_list":{"0":"post-4369","1":"product","2":"type-product","3":"status-publish","4":"has-post-thumbnail","6":"product_cat-bazterketa-soziala-eta-errepresioa-exclusion-social-y-represion","7":"product_cat-libros","8":"product_tag-asociacion-cultural-candela","10":"first","11":"instock","12":"sold-individually","13":"shipping-taxable","14":"purchasable","15":"product-type-simple"},"yoast_head":"<!-- This site is optimized with the Yoast SEO plugin v27.3 - https:\/\/yoast.com\/product\/yoast-seo-wordpress\/ -->\n<title>Rescoldos # 1 Euro y exclusi\u00f3n social &#8212; Zapateneo<\/title>\n<meta name=\"robots\" content=\"index, follow, max-snippet:-1, max-image-preview:large, max-video-preview:-1\" \/>\n<link rel=\"canonical\" href=\"https:\/\/zapateneo.net\/wordpress\/index.php\/producto\/rescoldos-1-euro-y-exclusion-social\/\" \/>\n<meta property=\"og:locale\" content=\"es_ES\" \/>\n<meta property=\"og:type\" content=\"article\" \/>\n<meta property=\"og:title\" content=\"Rescoldos # 1 Euro y exclusi\u00f3n social &#8212; Zapateneo\" \/>\n<meta property=\"og:description\" content=\"vvaa 2010033000043 - Asociaci\u00f3n cultural Candela - 1999 - 148 p\u00e1ginas \/orri.\" \/>\n<meta property=\"og:url\" content=\"https:\/\/zapateneo.net\/wordpress\/index.php\/producto\/rescoldos-1-euro-y-exclusion-social\/\" \/>\n<meta property=\"og:site_name\" content=\"Zapateneo\" \/>\n<meta property=\"article:modified_time\" content=\"2021-04-08T15:17:02+00:00\" \/>\n<meta property=\"og:image\" content=\"https:\/\/zapateneo.net\/wordpress\/wp-content\/uploads\/2021\/04\/6146.gif\" \/>\n\t<meta property=\"og:image:width\" content=\"130\" \/>\n\t<meta property=\"og:image:height\" content=\"179\" \/>\n\t<meta property=\"og:image:type\" content=\"image\/gif\" \/>\n<meta name=\"twitter:card\" content=\"summary_large_image\" \/>\n<meta name=\"twitter:site\" content=\"@zapateneo\" \/>\n<meta name=\"twitter:label1\" content=\"Tiempo de lectura\" \/>\n\t<meta name=\"twitter:data1\" content=\"1 minuto\" \/>\n<script type=\"application\/ld+json\" class=\"yoast-schema-graph\">{\"@context\":\"https:\\\/\\\/schema.org\",\"@graph\":[{\"@type\":\"WebPage\",\"@id\":\"https:\\\/\\\/zapateneo.net\\\/wordpress\\\/index.php\\\/producto\\\/rescoldos-1-euro-y-exclusion-social\\\/\",\"url\":\"https:\\\/\\\/zapateneo.net\\\/wordpress\\\/index.php\\\/producto\\\/rescoldos-1-euro-y-exclusion-social\\\/\",\"name\":\"Rescoldos # 1 Euro y exclusi\u00f3n social &#8212; Zapateneo\",\"isPartOf\":{\"@id\":\"https:\\\/\\\/zapateneo.net\\\/wordpress\\\/#website\"},\"primaryImageOfPage\":{\"@id\":\"https:\\\/\\\/zapateneo.net\\\/wordpress\\\/index.php\\\/producto\\\/rescoldos-1-euro-y-exclusion-social\\\/#primaryimage\"},\"image\":{\"@id\":\"https:\\\/\\\/zapateneo.net\\\/wordpress\\\/index.php\\\/producto\\\/rescoldos-1-euro-y-exclusion-social\\\/#primaryimage\"},\"thumbnailUrl\":\"https:\\\/\\\/zapateneo.net\\\/wordpress\\\/wp-content\\\/uploads\\\/2021\\\/04\\\/6146.gif\",\"datePublished\":\"2021-04-08T15:16:39+00:00\",\"dateModified\":\"2021-04-08T15:17:02+00:00\",\"breadcrumb\":{\"@id\":\"https:\\\/\\\/zapateneo.net\\\/wordpress\\\/index.php\\\/producto\\\/rescoldos-1-euro-y-exclusion-social\\\/#breadcrumb\"},\"inLanguage\":\"es\",\"potentialAction\":[{\"@type\":\"ReadAction\",\"target\":[\"https:\\\/\\\/zapateneo.net\\\/wordpress\\\/index.php\\\/producto\\\/rescoldos-1-euro-y-exclusion-social\\\/\"]}]},{\"@type\":\"ImageObject\",\"inLanguage\":\"es\",\"@id\":\"https:\\\/\\\/zapateneo.net\\\/wordpress\\\/index.php\\\/producto\\\/rescoldos-1-euro-y-exclusion-social\\\/#primaryimage\",\"url\":\"https:\\\/\\\/zapateneo.net\\\/wordpress\\\/wp-content\\\/uploads\\\/2021\\\/04\\\/6146.gif\",\"contentUrl\":\"https:\\\/\\\/zapateneo.net\\\/wordpress\\\/wp-content\\\/uploads\\\/2021\\\/04\\\/6146.gif\",\"width\":130,\"height\":179},{\"@type\":\"BreadcrumbList\",\"@id\":\"https:\\\/\\\/zapateneo.net\\\/wordpress\\\/index.php\\\/producto\\\/rescoldos-1-euro-y-exclusion-social\\\/#breadcrumb\",\"itemListElement\":[{\"@type\":\"ListItem\",\"position\":1,\"name\":\"Portada\",\"item\":\"https:\\\/\\\/zapateneo.net\\\/wordpress\\\/\"},{\"@type\":\"ListItem\",\"position\":2,\"name\":\"Tienda\",\"item\":\"https:\\\/\\\/zapateneo.net\\\/wordpress\\\/\"},{\"@type\":\"ListItem\",\"position\":3,\"name\":\"Rescoldos # 1 Euro y exclusi\u00f3n social\"}]},{\"@type\":\"WebSite\",\"@id\":\"https:\\\/\\\/zapateneo.net\\\/wordpress\\\/#website\",\"url\":\"https:\\\/\\\/zapateneo.net\\\/wordpress\\\/\",\"name\":\"Zapateneo\",\"description\":\"Zapateneoaren webgunea\",\"publisher\":{\"@id\":\"https:\\\/\\\/zapateneo.net\\\/wordpress\\\/#organization\"},\"potentialAction\":[{\"@type\":\"SearchAction\",\"target\":{\"@type\":\"EntryPoint\",\"urlTemplate\":\"https:\\\/\\\/zapateneo.net\\\/wordpress\\\/?s={search_term_string}\"},\"query-input\":{\"@type\":\"PropertyValueSpecification\",\"valueRequired\":true,\"valueName\":\"search_term_string\"}}],\"inLanguage\":\"es\"},{\"@type\":\"Organization\",\"@id\":\"https:\\\/\\\/zapateneo.net\\\/wordpress\\\/#organization\",\"name\":\"Zapateneo Kultur Elkartea\",\"url\":\"https:\\\/\\\/zapateneo.net\\\/wordpress\\\/\",\"logo\":{\"@type\":\"ImageObject\",\"inLanguage\":\"es\",\"@id\":\"https:\\\/\\\/zapateneo.net\\\/wordpress\\\/#\\\/schema\\\/logo\\\/image\\\/\",\"url\":\"https:\\\/\\\/zapateneo.net\\\/wordpress\\\/wp-content\\\/uploads\\\/2021\\\/04\\\/zap-libu-kolec.jpg\",\"contentUrl\":\"https:\\\/\\\/zapateneo.net\\\/wordpress\\\/wp-content\\\/uploads\\\/2021\\\/04\\\/zap-libu-kolec.jpg\",\"width\":2234,\"height\":398,\"caption\":\"Zapateneo Kultur Elkartea\"},\"image\":{\"@id\":\"https:\\\/\\\/zapateneo.net\\\/wordpress\\\/#\\\/schema\\\/logo\\\/image\\\/\"},\"sameAs\":[\"https:\\\/\\\/x.com\\\/zapateneo\"]}]}<\/script>\n<!-- \/ Yoast SEO plugin. -->","yoast_head_json":{"title":"Rescoldos # 1 Euro y exclusi\u00f3n social &#8212; Zapateneo","robots":{"index":"index","follow":"follow","max-snippet":"max-snippet:-1","max-image-preview":"max-image-preview:large","max-video-preview":"max-video-preview:-1"},"canonical":"https:\/\/zapateneo.net\/wordpress\/index.php\/producto\/rescoldos-1-euro-y-exclusion-social\/","og_locale":"es_ES","og_type":"article","og_title":"Rescoldos # 1 Euro y exclusi\u00f3n social &#8212; Zapateneo","og_description":"vvaa 2010033000043 - Asociaci\u00f3n cultural Candela - 1999 - 148 p\u00e1ginas \/orri.","og_url":"https:\/\/zapateneo.net\/wordpress\/index.php\/producto\/rescoldos-1-euro-y-exclusion-social\/","og_site_name":"Zapateneo","article_modified_time":"2021-04-08T15:17:02+00:00","og_image":[{"width":130,"height":179,"url":"https:\/\/zapateneo.net\/wordpress\/wp-content\/uploads\/2021\/04\/6146.gif","type":"image\/gif"}],"twitter_card":"summary_large_image","twitter_site":"@zapateneo","twitter_misc":{"Tiempo de lectura":"1 minuto"},"schema":{"@context":"https:\/\/schema.org","@graph":[{"@type":"WebPage","@id":"https:\/\/zapateneo.net\/wordpress\/index.php\/producto\/rescoldos-1-euro-y-exclusion-social\/","url":"https:\/\/zapateneo.net\/wordpress\/index.php\/producto\/rescoldos-1-euro-y-exclusion-social\/","name":"Rescoldos # 1 Euro y exclusi\u00f3n social &#8212; Zapateneo","isPartOf":{"@id":"https:\/\/zapateneo.net\/wordpress\/#website"},"primaryImageOfPage":{"@id":"https:\/\/zapateneo.net\/wordpress\/index.php\/producto\/rescoldos-1-euro-y-exclusion-social\/#primaryimage"},"image":{"@id":"https:\/\/zapateneo.net\/wordpress\/index.php\/producto\/rescoldos-1-euro-y-exclusion-social\/#primaryimage"},"thumbnailUrl":"https:\/\/zapateneo.net\/wordpress\/wp-content\/uploads\/2021\/04\/6146.gif","datePublished":"2021-04-08T15:16:39+00:00","dateModified":"2021-04-08T15:17:02+00:00","breadcrumb":{"@id":"https:\/\/zapateneo.net\/wordpress\/index.php\/producto\/rescoldos-1-euro-y-exclusion-social\/#breadcrumb"},"inLanguage":"es","potentialAction":[{"@type":"ReadAction","target":["https:\/\/zapateneo.net\/wordpress\/index.php\/producto\/rescoldos-1-euro-y-exclusion-social\/"]}]},{"@type":"ImageObject","inLanguage":"es","@id":"https:\/\/zapateneo.net\/wordpress\/index.php\/producto\/rescoldos-1-euro-y-exclusion-social\/#primaryimage","url":"https:\/\/zapateneo.net\/wordpress\/wp-content\/uploads\/2021\/04\/6146.gif","contentUrl":"https:\/\/zapateneo.net\/wordpress\/wp-content\/uploads\/2021\/04\/6146.gif","width":130,"height":179},{"@type":"BreadcrumbList","@id":"https:\/\/zapateneo.net\/wordpress\/index.php\/producto\/rescoldos-1-euro-y-exclusion-social\/#breadcrumb","itemListElement":[{"@type":"ListItem","position":1,"name":"Portada","item":"https:\/\/zapateneo.net\/wordpress\/"},{"@type":"ListItem","position":2,"name":"Tienda","item":"https:\/\/zapateneo.net\/wordpress\/"},{"@type":"ListItem","position":3,"name":"Rescoldos # 1 Euro y exclusi\u00f3n social"}]},{"@type":"WebSite","@id":"https:\/\/zapateneo.net\/wordpress\/#website","url":"https:\/\/zapateneo.net\/wordpress\/","name":"Zapateneo","description":"Zapateneoaren webgunea","publisher":{"@id":"https:\/\/zapateneo.net\/wordpress\/#organization"},"potentialAction":[{"@type":"SearchAction","target":{"@type":"EntryPoint","urlTemplate":"https:\/\/zapateneo.net\/wordpress\/?s={search_term_string}"},"query-input":{"@type":"PropertyValueSpecification","valueRequired":true,"valueName":"search_term_string"}}],"inLanguage":"es"},{"@type":"Organization","@id":"https:\/\/zapateneo.net\/wordpress\/#organization","name":"Zapateneo Kultur Elkartea","url":"https:\/\/zapateneo.net\/wordpress\/","logo":{"@type":"ImageObject","inLanguage":"es","@id":"https:\/\/zapateneo.net\/wordpress\/#\/schema\/logo\/image\/","url":"https:\/\/zapateneo.net\/wordpress\/wp-content\/uploads\/2021\/04\/zap-libu-kolec.jpg","contentUrl":"https:\/\/zapateneo.net\/wordpress\/wp-content\/uploads\/2021\/04\/zap-libu-kolec.jpg","width":2234,"height":398,"caption":"Zapateneo Kultur Elkartea"},"image":{"@id":"https:\/\/zapateneo.net\/wordpress\/#\/schema\/logo\/image\/"},"sameAs":["https:\/\/x.com\/zapateneo"]}]}},"_links":{"self":[{"href":"https:\/\/zapateneo.net\/wordpress\/index.php\/wp-json\/wp\/v2\/product\/4369","targetHints":{"allow":["GET"]}}],"collection":[{"href":"https:\/\/zapateneo.net\/wordpress\/index.php\/wp-json\/wp\/v2\/product"}],"about":[{"href":"https:\/\/zapateneo.net\/wordpress\/index.php\/wp-json\/wp\/v2\/types\/product"}],"wp:featuredmedia":[{"embeddable":true,"href":"https:\/\/zapateneo.net\/wordpress\/index.php\/wp-json\/wp\/v2\/media\/4399"}],"wp:attachment":[{"href":"https:\/\/zapateneo.net\/wordpress\/index.php\/wp-json\/wp\/v2\/media?parent=4369"}],"wp:term":[{"taxonomy":"product_brand","embeddable":true,"href":"https:\/\/zapateneo.net\/wordpress\/index.php\/wp-json\/wp\/v2\/product_brand?post=4369"},{"taxonomy":"product_cat","embeddable":true,"href":"https:\/\/zapateneo.net\/wordpress\/index.php\/wp-json\/wp\/v2\/product_cat?post=4369"},{"taxonomy":"product_tag","embeddable":true,"href":"https:\/\/zapateneo.net\/wordpress\/index.php\/wp-json\/wp\/v2\/product_tag?post=4369"}],"curies":[{"name":"wp","href":"https:\/\/api.w.org\/{rel}","templated":true}]}}