{"id":4368,"date":"2021-04-08T16:16:39","date_gmt":"2021-04-08T15:16:39","guid":{"rendered":"https:\/\/zapateneo.net\/wordpress\/?post_type=product&#038;p=4368"},"modified":"2023-05-05T12:35:20","modified_gmt":"2023-05-05T11:35:20","slug":"ejercitos-en-las-calles","status":"publish","type":"product","link":"https:\/\/zapateneo.net\/wordpress\/index.php\/producto\/ejercitos-en-las-calles\/","title":{"rendered":"EJERCITOS EN LAS CALLES"},"content":{"rendered":"<p>Con motivo de la pasada militarizaci\u00f3n del espacio a\u00e9reo y la declaraci\u00f3n del estado de alarma\u00a0 por estas fechas a\u00fan vigente, cobra de nuevo protagonismo el ej\u00e9rcito en la vida civil. Esta vez no por la Insumisi\u00f3n, sino por la militarizaci\u00f3n.<\/p>\n<p>Ya previamente, en febrero de 2010 se public\u00f3 un <a href=\"http:\/\/www.boe.es\/boe\/dias\/2010\/03\/15\/pdfs\/BOE-A-2010-4219.pdf\" target=\"_blank\" rel=\"noopener\">real decreto ( REAL DECRETO 194\/2010, DE 26 DE FEBRERO)<\/a> que a nivel legislativo abre el camino en el Estado espa\u00f1ol para la militarizaci\u00f3n del territorio. Este decreto es muy preocupante por la elevaci\u00f3n a rango de autoridad civil de los militares, que en cualquier situaci\u00f3n comprometida podr\u00eda salir a la calle a patrullar, como ya est\u00e1 ocurriendo en Italia.<\/p>\n<p>La situaci\u00f3n que se ha creado con la crisis de los controladores podr\u00eda considearse como una avanzadilla. Se ha conseguido hacer, despu\u00e9s de una maniobra propagand\u00edstica del gobierno y los medios a coro, con el aplauso de gran parte de la poblaci\u00f3n.<\/p>\n<p>Todos estos hechos que han venido produci\u00e9ndose traen de nuevo a la palestra este librito publicado por <a href=\"http:\/\/bardoediciones.net\/\" target=\"_blank\" rel=\"noopener\">Bardo Ediciones<\/a>:<\/p>\n<p>&nbsp;<\/p>\n<div class=\"dret\">\n<p class=\"Estilo3\" align=\"left\"><strong>Ej\u00e9rcitos en las calles <\/strong><\/p>\n<p class=\"Estilo3\" align=\"left\"><em>Algunas cuestiones en torno al informe \u00abUrban Operations in the Year 2020\u00bb de la OTAN<\/em><\/p>\n<p class=\"Estilo3\" align=\"justify\">Para los que se obstinan en pensar que el razonamiento aqu\u00ed detallado concierne solamente al <em>limes<\/em> del imperio, y no a su centro org\u00e1nico, para los que quieren de todos modos proyectar la escena del conflicto en otro lugar cualquiera con tal de que no sea aqu\u00ed, en fin, para los que todav\u00eda contin\u00faan sinti\u00e9ndose \u201cen paz\u201d con lo existente (o sea, con una existencia de paz), en el informe se simula una intervenci\u00f3n de la OTAN en un teatro de operaciones en el cual las \u201cciudades de inter\u00e9s estrat\u00e9gico\u201d no son ni Teher\u00e1n (Ir\u00e1n), ni Pyongyang (Corea del Norte), ni \u2013como hip\u00f3tesis extrema\u2013 Pek\u00edn (China), sino que son las ciudades francesas de Rouen, Le Havre, Evreux y Dieppe.<\/p>\n<p class=\"Estilo3\" align=\"justify\">El control preventivo y la represi\u00f3n de sublevaciones o insurrecciones eventuales se volver\u00e1n cada vez m\u00e1s prerrogativas del ej\u00e9rcito, el cual tendr\u00e1 que efectuar, por tanto, verdaderas funciones de polic\u00eda territorial, mientras \u00e9sta se \u201cparamilitariza\u201d. Adem\u00e1s de controlar el territorio, el ej\u00e9rcito tendr\u00e1 que llevar a cabo actividades de gesti\u00f3n de la poblaci\u00f3n civil: gesti\u00f3n f\u00edsica (refugiados, evacuados, etc.) y gesti\u00f3n psicol\u00f3gica (control y monopolio de las informaciones, relaciones con las autoridades locales, pero tambi\u00e9n con todas las realidades asociativas dispuestas a colaborar).<\/p>\n<p class=\"Estilo3\" align=\"justify\">En esta perspectiva ser\u00e1 necesario dotar a las fuerzas armadas de una adecuada preparaci\u00f3n para conflictos urbanos, para evitar la hist\u00f3rica \u201cincoercibilidad\u201d de las \u201cfuerzas rebeldes\u201d en la guerra asim\u00e9trica. Al mismo tiempo, ser\u00e1 preciso acostumbrar a la gente a ver a los militares patrullando las ciudades, para que nadie, por m\u00e1s avezado y\/o aterrorizado que est\u00e9, se arriesgue a mover un dedo (ni siquiera el del medio).<\/p>\n<p class=\"Estilo3\" align=\"justify\">Estamos dirigi\u00e9ndonos hacia un \u201cEstado militarizado\u201d. Tanto las tropas asignadas a Pianura (N\u00e1poles) como las que est\u00e1n en Via Padova (Mil\u00e1n) nos recuerdan que, de hecho, el a\u00f1o 2020 no est\u00e1 tan lejos.<\/p>\n<p><a href=\"http:\/\/zinelibrary.info\/files\/ejercitos_zine.pdf\" target=\"_blank\" rel=\"noopener\"><span style=\"color: #006699;\"><i>Descargar PDF (formato fanzine)<\/i><\/span><\/a><\/p>\n<\/div>\n","protected":false},"excerpt":{"rendered":"<p><strong>VVAA<\/strong><br \/>\n2010042200038 &#8211; BARDO &#8211; 2010 &#8211; p\u00e1ginas \/orri.<\/p>\n","protected":false},"featured_media":4398,"template":"","meta":[],"product_brand":[],"product_cat":[181,16],"product_tag":[5076,989],"class_list":{"0":"post-4368","1":"product","2":"type-product","3":"status-publish","4":"has-post-thumbnail","6":"product_cat-bazterketa-soziala-eta-errepresioa-exclusion-social-y-represion","7":"product_cat-libros","8":"product_tag-antimilitarismo","9":"product_tag-bardo","11":"first","12":"instock","13":"sold-individually","14":"shipping-taxable","15":"purchasable","16":"product-type-simple"},"yoast_head":"<!-- This site is optimized with the Yoast SEO plugin v27.3 - https:\/\/yoast.com\/product\/yoast-seo-wordpress\/ -->\n<title>EJERCITOS EN LAS CALLES &#8212; Zapateneo<\/title>\n<meta name=\"robots\" content=\"index, follow, max-snippet:-1, max-image-preview:large, max-video-preview:-1\" \/>\n<link rel=\"canonical\" href=\"https:\/\/zapateneo.net\/wordpress\/index.php\/producto\/ejercitos-en-las-calles\/\" \/>\n<meta property=\"og:locale\" content=\"es_ES\" \/>\n<meta property=\"og:type\" content=\"article\" \/>\n<meta property=\"og:title\" content=\"EJERCITOS EN LAS CALLES &#8212; Zapateneo\" \/>\n<meta property=\"og:description\" content=\"VVAA 2010042200038 - BARDO - 2010 - p\u00e1ginas \/orri.\" \/>\n<meta property=\"og:url\" content=\"https:\/\/zapateneo.net\/wordpress\/index.php\/producto\/ejercitos-en-las-calles\/\" \/>\n<meta property=\"og:site_name\" content=\"Zapateneo\" \/>\n<meta property=\"article:modified_time\" content=\"2023-05-05T11:35:20+00:00\" \/>\n<meta property=\"og:image\" content=\"https:\/\/zapateneo.net\/wordpress\/wp-content\/uploads\/2021\/04\/6174.jpg\" \/>\n\t<meta property=\"og:image:width\" content=\"197\" \/>\n\t<meta property=\"og:image:height\" content=\"317\" \/>\n\t<meta property=\"og:image:type\" content=\"image\/jpeg\" \/>\n<meta name=\"twitter:card\" content=\"summary_large_image\" \/>\n<meta name=\"twitter:site\" content=\"@zapateneo\" \/>\n<meta name=\"twitter:label1\" content=\"Tiempo de lectura\" \/>\n\t<meta name=\"twitter:data1\" content=\"3 minutos\" \/>\n<script type=\"application\/ld+json\" class=\"yoast-schema-graph\">{\"@context\":\"https:\\\/\\\/schema.org\",\"@graph\":[{\"@type\":\"WebPage\",\"@id\":\"https:\\\/\\\/zapateneo.net\\\/wordpress\\\/index.php\\\/producto\\\/ejercitos-en-las-calles\\\/\",\"url\":\"https:\\\/\\\/zapateneo.net\\\/wordpress\\\/index.php\\\/producto\\\/ejercitos-en-las-calles\\\/\",\"name\":\"EJERCITOS EN LAS CALLES &#8212; Zapateneo\",\"isPartOf\":{\"@id\":\"https:\\\/\\\/zapateneo.net\\\/wordpress\\\/#website\"},\"primaryImageOfPage\":{\"@id\":\"https:\\\/\\\/zapateneo.net\\\/wordpress\\\/index.php\\\/producto\\\/ejercitos-en-las-calles\\\/#primaryimage\"},\"image\":{\"@id\":\"https:\\\/\\\/zapateneo.net\\\/wordpress\\\/index.php\\\/producto\\\/ejercitos-en-las-calles\\\/#primaryimage\"},\"thumbnailUrl\":\"https:\\\/\\\/zapateneo.net\\\/wordpress\\\/wp-content\\\/uploads\\\/2021\\\/04\\\/6174.jpg\",\"datePublished\":\"2021-04-08T15:16:39+00:00\",\"dateModified\":\"2023-05-05T11:35:20+00:00\",\"breadcrumb\":{\"@id\":\"https:\\\/\\\/zapateneo.net\\\/wordpress\\\/index.php\\\/producto\\\/ejercitos-en-las-calles\\\/#breadcrumb\"},\"inLanguage\":\"es\",\"potentialAction\":[{\"@type\":\"ReadAction\",\"target\":[\"https:\\\/\\\/zapateneo.net\\\/wordpress\\\/index.php\\\/producto\\\/ejercitos-en-las-calles\\\/\"]}]},{\"@type\":\"ImageObject\",\"inLanguage\":\"es\",\"@id\":\"https:\\\/\\\/zapateneo.net\\\/wordpress\\\/index.php\\\/producto\\\/ejercitos-en-las-calles\\\/#primaryimage\",\"url\":\"https:\\\/\\\/zapateneo.net\\\/wordpress\\\/wp-content\\\/uploads\\\/2021\\\/04\\\/6174.jpg\",\"contentUrl\":\"https:\\\/\\\/zapateneo.net\\\/wordpress\\\/wp-content\\\/uploads\\\/2021\\\/04\\\/6174.jpg\",\"width\":197,\"height\":317},{\"@type\":\"BreadcrumbList\",\"@id\":\"https:\\\/\\\/zapateneo.net\\\/wordpress\\\/index.php\\\/producto\\\/ejercitos-en-las-calles\\\/#breadcrumb\",\"itemListElement\":[{\"@type\":\"ListItem\",\"position\":1,\"name\":\"Portada\",\"item\":\"https:\\\/\\\/zapateneo.net\\\/wordpress\\\/\"},{\"@type\":\"ListItem\",\"position\":2,\"name\":\"Tienda\",\"item\":\"https:\\\/\\\/zapateneo.net\\\/wordpress\\\/\"},{\"@type\":\"ListItem\",\"position\":3,\"name\":\"EJERCITOS EN LAS CALLES\"}]},{\"@type\":\"WebSite\",\"@id\":\"https:\\\/\\\/zapateneo.net\\\/wordpress\\\/#website\",\"url\":\"https:\\\/\\\/zapateneo.net\\\/wordpress\\\/\",\"name\":\"Zapateneo\",\"description\":\"Zapateneoaren webgunea\",\"publisher\":{\"@id\":\"https:\\\/\\\/zapateneo.net\\\/wordpress\\\/#organization\"},\"potentialAction\":[{\"@type\":\"SearchAction\",\"target\":{\"@type\":\"EntryPoint\",\"urlTemplate\":\"https:\\\/\\\/zapateneo.net\\\/wordpress\\\/?s={search_term_string}\"},\"query-input\":{\"@type\":\"PropertyValueSpecification\",\"valueRequired\":true,\"valueName\":\"search_term_string\"}}],\"inLanguage\":\"es\"},{\"@type\":\"Organization\",\"@id\":\"https:\\\/\\\/zapateneo.net\\\/wordpress\\\/#organization\",\"name\":\"Zapateneo Kultur Elkartea\",\"url\":\"https:\\\/\\\/zapateneo.net\\\/wordpress\\\/\",\"logo\":{\"@type\":\"ImageObject\",\"inLanguage\":\"es\",\"@id\":\"https:\\\/\\\/zapateneo.net\\\/wordpress\\\/#\\\/schema\\\/logo\\\/image\\\/\",\"url\":\"https:\\\/\\\/zapateneo.net\\\/wordpress\\\/wp-content\\\/uploads\\\/2021\\\/04\\\/zap-libu-kolec.jpg\",\"contentUrl\":\"https:\\\/\\\/zapateneo.net\\\/wordpress\\\/wp-content\\\/uploads\\\/2021\\\/04\\\/zap-libu-kolec.jpg\",\"width\":2234,\"height\":398,\"caption\":\"Zapateneo Kultur Elkartea\"},\"image\":{\"@id\":\"https:\\\/\\\/zapateneo.net\\\/wordpress\\\/#\\\/schema\\\/logo\\\/image\\\/\"},\"sameAs\":[\"https:\\\/\\\/x.com\\\/zapateneo\"]}]}<\/script>\n<!-- \/ Yoast SEO plugin. -->","yoast_head_json":{"title":"EJERCITOS EN LAS CALLES &#8212; Zapateneo","robots":{"index":"index","follow":"follow","max-snippet":"max-snippet:-1","max-image-preview":"max-image-preview:large","max-video-preview":"max-video-preview:-1"},"canonical":"https:\/\/zapateneo.net\/wordpress\/index.php\/producto\/ejercitos-en-las-calles\/","og_locale":"es_ES","og_type":"article","og_title":"EJERCITOS EN LAS CALLES &#8212; Zapateneo","og_description":"VVAA 2010042200038 - BARDO - 2010 - p\u00e1ginas \/orri.","og_url":"https:\/\/zapateneo.net\/wordpress\/index.php\/producto\/ejercitos-en-las-calles\/","og_site_name":"Zapateneo","article_modified_time":"2023-05-05T11:35:20+00:00","og_image":[{"width":197,"height":317,"url":"https:\/\/zapateneo.net\/wordpress\/wp-content\/uploads\/2021\/04\/6174.jpg","type":"image\/jpeg"}],"twitter_card":"summary_large_image","twitter_site":"@zapateneo","twitter_misc":{"Tiempo de lectura":"3 minutos"},"schema":{"@context":"https:\/\/schema.org","@graph":[{"@type":"WebPage","@id":"https:\/\/zapateneo.net\/wordpress\/index.php\/producto\/ejercitos-en-las-calles\/","url":"https:\/\/zapateneo.net\/wordpress\/index.php\/producto\/ejercitos-en-las-calles\/","name":"EJERCITOS EN LAS CALLES &#8212; Zapateneo","isPartOf":{"@id":"https:\/\/zapateneo.net\/wordpress\/#website"},"primaryImageOfPage":{"@id":"https:\/\/zapateneo.net\/wordpress\/index.php\/producto\/ejercitos-en-las-calles\/#primaryimage"},"image":{"@id":"https:\/\/zapateneo.net\/wordpress\/index.php\/producto\/ejercitos-en-las-calles\/#primaryimage"},"thumbnailUrl":"https:\/\/zapateneo.net\/wordpress\/wp-content\/uploads\/2021\/04\/6174.jpg","datePublished":"2021-04-08T15:16:39+00:00","dateModified":"2023-05-05T11:35:20+00:00","breadcrumb":{"@id":"https:\/\/zapateneo.net\/wordpress\/index.php\/producto\/ejercitos-en-las-calles\/#breadcrumb"},"inLanguage":"es","potentialAction":[{"@type":"ReadAction","target":["https:\/\/zapateneo.net\/wordpress\/index.php\/producto\/ejercitos-en-las-calles\/"]}]},{"@type":"ImageObject","inLanguage":"es","@id":"https:\/\/zapateneo.net\/wordpress\/index.php\/producto\/ejercitos-en-las-calles\/#primaryimage","url":"https:\/\/zapateneo.net\/wordpress\/wp-content\/uploads\/2021\/04\/6174.jpg","contentUrl":"https:\/\/zapateneo.net\/wordpress\/wp-content\/uploads\/2021\/04\/6174.jpg","width":197,"height":317},{"@type":"BreadcrumbList","@id":"https:\/\/zapateneo.net\/wordpress\/index.php\/producto\/ejercitos-en-las-calles\/#breadcrumb","itemListElement":[{"@type":"ListItem","position":1,"name":"Portada","item":"https:\/\/zapateneo.net\/wordpress\/"},{"@type":"ListItem","position":2,"name":"Tienda","item":"https:\/\/zapateneo.net\/wordpress\/"},{"@type":"ListItem","position":3,"name":"EJERCITOS EN LAS CALLES"}]},{"@type":"WebSite","@id":"https:\/\/zapateneo.net\/wordpress\/#website","url":"https:\/\/zapateneo.net\/wordpress\/","name":"Zapateneo","description":"Zapateneoaren webgunea","publisher":{"@id":"https:\/\/zapateneo.net\/wordpress\/#organization"},"potentialAction":[{"@type":"SearchAction","target":{"@type":"EntryPoint","urlTemplate":"https:\/\/zapateneo.net\/wordpress\/?s={search_term_string}"},"query-input":{"@type":"PropertyValueSpecification","valueRequired":true,"valueName":"search_term_string"}}],"inLanguage":"es"},{"@type":"Organization","@id":"https:\/\/zapateneo.net\/wordpress\/#organization","name":"Zapateneo Kultur Elkartea","url":"https:\/\/zapateneo.net\/wordpress\/","logo":{"@type":"ImageObject","inLanguage":"es","@id":"https:\/\/zapateneo.net\/wordpress\/#\/schema\/logo\/image\/","url":"https:\/\/zapateneo.net\/wordpress\/wp-content\/uploads\/2021\/04\/zap-libu-kolec.jpg","contentUrl":"https:\/\/zapateneo.net\/wordpress\/wp-content\/uploads\/2021\/04\/zap-libu-kolec.jpg","width":2234,"height":398,"caption":"Zapateneo Kultur Elkartea"},"image":{"@id":"https:\/\/zapateneo.net\/wordpress\/#\/schema\/logo\/image\/"},"sameAs":["https:\/\/x.com\/zapateneo"]}]}},"_links":{"self":[{"href":"https:\/\/zapateneo.net\/wordpress\/index.php\/wp-json\/wp\/v2\/product\/4368","targetHints":{"allow":["GET"]}}],"collection":[{"href":"https:\/\/zapateneo.net\/wordpress\/index.php\/wp-json\/wp\/v2\/product"}],"about":[{"href":"https:\/\/zapateneo.net\/wordpress\/index.php\/wp-json\/wp\/v2\/types\/product"}],"wp:featuredmedia":[{"embeddable":true,"href":"https:\/\/zapateneo.net\/wordpress\/index.php\/wp-json\/wp\/v2\/media\/4398"}],"wp:attachment":[{"href":"https:\/\/zapateneo.net\/wordpress\/index.php\/wp-json\/wp\/v2\/media?parent=4368"}],"wp:term":[{"taxonomy":"product_brand","embeddable":true,"href":"https:\/\/zapateneo.net\/wordpress\/index.php\/wp-json\/wp\/v2\/product_brand?post=4368"},{"taxonomy":"product_cat","embeddable":true,"href":"https:\/\/zapateneo.net\/wordpress\/index.php\/wp-json\/wp\/v2\/product_cat?post=4368"},{"taxonomy":"product_tag","embeddable":true,"href":"https:\/\/zapateneo.net\/wordpress\/index.php\/wp-json\/wp\/v2\/product_tag?post=4368"}],"curies":[{"name":"wp","href":"https:\/\/api.w.org\/{rel}","templated":true}]}}