{"id":4317,"date":"2021-04-08T16:15:29","date_gmt":"2021-04-08T15:15:29","guid":{"rendered":"https:\/\/zapateneo.net\/wordpress\/?post_type=product&#038;p=4317"},"modified":"2022-01-05T16:13:28","modified_gmt":"2022-01-05T15:13:28","slug":"carceles-en-llamas-el-movimiento-de-presos-sociales-en-la-trasicion","status":"publish","type":"product","link":"https:\/\/zapateneo.net\/wordpress\/index.php\/producto\/carceles-en-llamas-el-movimiento-de-presos-sociales-en-la-trasicion\/","title":{"rendered":"C\u00e1rceles en llamas. El movimiento de presos sociales en la trasici\u00f3n"},"content":{"rendered":"<div>\n<p>Cuando tras la muerte de Franco se abrieron las puertas de las prisiones para dejar salir a los opositores pol\u00edticos a la dictadura, nadie imaginaba lo que vendr\u00eda a continuaci\u00f3n. Ante la omisi\u00f3n de su causa en las medidas de amnist\u00eda, los presos comunes subieron a los tejados para reclamar la libertad y un cambio radical del sistema penal y penitenciario.<\/p>\n<p>Al frente del movimiento de presos sociales, la COPEL (Coordinadora de Presos en Lucha) firm\u00f3 los manifiestos que acompa\u00f1aron las huelgas de hambre, autolesiones y motines mediante los que se reivindicaron como v\u00edctimas del franquismo. La deriva cada vez m\u00e1s violenta de estas acciones, tanto en su desarrollo como en la respuesta gubernamental, marc\u00f3 de forma indeleble los a\u00f1os de la Transici\u00f3n. Fue tal la relevancia que adquirieron las protestas y tanta la alarma social que generaron las im\u00e1genes dantescas de prisiones destrozadas y presos heridos o muertos, que el gobierno se vio empujado a emprender una reforma urgente del sistema penitenciario. Pero a pesar de su temprana aprobaci\u00f3n, la reforma tard\u00f3 bastantes a\u00f1os en ofrecer resultados y no todos estuvieron en la l\u00ednea prevista, mientras las condiciones intramuros se degradaban a ritmo acelerado a causa de la proliferaci\u00f3n del consumo de drogas y la masificaci\u00f3n.<\/p>\n<p>A trav\u00e9s del estudio de la conflictividad carcelaria de los a\u00f1os de la Transici\u00f3n,\u00a0<em>C\u00e1rceles en llamas<\/em>\u00a0explica en detalle el proceso de\u00a0 transformaci\u00f3n de las prisiones franquistas hasta el sistema\u00a0 penitenciario vigente en nuestros d\u00edas. Un recorrido atravesado por episodios oscuros y zonas de sombra sobre los que esta obra aporta luz y rigor, sin renunciar a un enfoque cr\u00edtico que cuestiona el discurso hegem\u00f3nico sobre el proceso que sent\u00f3 los pilares del encierro contempor\u00e1neo en nuestro pa\u00eds.<\/p>\n<\/div>\n<div class=\"row\">\n<div class=\"col-12 col-12-small\">\n<p><span class=\"image left autor\"><img decoding=\"async\" class=\"alignleft\" src=\"https:\/\/www.viruseditorial.net\/\/fotos-autor\/cesar-lorenzo-rubio.jpg\" alt=\"cesar-lorenzo-rubio\" \/><\/span><\/p>\n<p><strong>C\u00e9sar Lorenzo Rubio<\/strong>\u00a0(Barcelona, 1978) es doctor en Historia por la Universidad de Barcelona. Junto al resto de miembros del Grupo de Estudio sobre la Historia de la Prisi\u00f3n y las Instituciones Punitivas ha participado en la obra colectiva\u00a0<em>El siglo de los castigos. Prisi\u00f3n y formas carcelarias en la Espa\u00f1a del siglo XX<\/em>, adem\u00e1s de ser autor de diversos art\u00edculos en revistas y libros dedicados a explorar la relaci\u00f3n entre prisi\u00f3n y movimientos sociales.<\/p>\n<p>&nbsp;<\/p>\n<\/div>\n<\/div>\n<div>\n<p>&nbsp;<\/p>\n<p>&nbsp;<\/p>\n<p>&nbsp;<\/p>\n<p>&nbsp;<\/p>\n<p>Pr\u00f3logo de\u00a0<strong>Daniel Pont Mart\u00edn<\/strong><\/p>\n<p><a href=\"http:\/\/www.viruseditorial.net\/file\/mailing-carceles-en-llamas.pdf\" target=\"_blank\" rel=\"noopener\">Ficha<\/a><\/p>\n<p><iframe loading=\"lazy\" src=\"https:\/\/player.vimeo.com\/video\/79797954\" width=\"500\" height=\"375\" frameborder=\"0\" allowfullscreen=\"allowfullscreen\" data-ruffle-polyfilled=\"\" data-mce-fragment=\"1\"><\/iframe><\/p>\n<p><a href=\"http:\/\/vimeo.com\/79797954\">carceles en llamas<\/a>\u00a0from\u00a0<a href=\"http:\/\/vimeo.com\/user21852588\">Virus editorial<\/a>\u00a0on\u00a0<a href=\"https:\/\/vimeo.com\/\">Vimeo<\/a>.<\/p>\n<\/div>\n<p><strong>V\u00eddeo: Presentaci\u00f3n de C\u00e1rceles en llamas en las Jornadas sobre la Transacci\u00f3n Democr\u00e1tica organizadas por El Lokal<\/strong><\/p>\n<p><iframe loading=\"lazy\" src=\"https:\/\/www.youtube.com\/embed\/d-YaEMErwlg\" width=\"420\" height=\"315\" frameborder=\"0\" allowfullscreen=\"allowfullscreen\" data-ruffle-polyfilled=\"\" data-mce-fragment=\"1\"><\/iframe><\/p>\n<p><a href=\"http:\/\/www.viruseditorial.net\/pags\/noticia.php?id=437\" target=\"_blank\" rel=\"noopener\">Otra c\u00e1rcel fue posible<\/a>\u00a0(C\u00e9sar Lorenzo Rubio,\u00a0<em>lamentable.org<\/em>)<\/p>\n<p><a href=\"http:\/\/www.viruseditorial.net\/pags\/noticia.php?id=441\" target=\"_blank\" rel=\"noopener\">\u00abLos presos sociales sufrieron una doble marginaci\u00f3n, al no ser tenidos en cuenta por la amnist\u00eda postfranquista\u00bb<\/a>\u00a0(C\u00e9sar Lorenzo, Tokata y fuga)<\/p>\n<p><a href=\"http:\/\/www.viruseditorial.net\/pags\/noticia.php?id=447\" target=\"_blank\" rel=\"noopener\">InfoZazpi y librer\u00eda Kaxilda de Donosti recomiendan C\u00e1rceles en llamas<\/a><\/p>\n<p><a href=\"http:\/\/www.viruseditorial.net\/pags\/noticia.php?id=450\" target=\"_blank\" rel=\"noopener\">\u00abEl movimiento de presos sociales tuvo tal impacto que la primera ley org\u00e1nica tras aprobarse la Constituci\u00f3n fue la ley penitenciaria\u00bb<\/a>\u00a0(C\u00e9sar Lorenzo en\u00a0<em>Hala Bedi Irratia<\/em>)<\/p>\n<p><a href=\"http:\/\/www.viruseditorial.net\/pags\/noticia.php?id=451\" target=\"_blank\" rel=\"noopener\">Quan els presos vivien com b\u00e8sties<\/a>\u00a0(Silvia Marimon,\u00a0<em>Ara<\/em>)<\/p>\n<p><a href=\"http:\/\/www.viruseditorial.net\/pags\/noticia.php?id=458\" target=\"_blank\" rel=\"noopener\">Presos a la calle, pol\u00edticos tambi\u00e9n<\/a>\u00a0(Mario Ort\u00edz,\u00a0<em>La Veu del Carrer<\/em>)<\/p>\n<p><a href=\"http:\/\/www.viruseditorial.net\/pags\/noticia.php?id=460\" target=\"_blank\" rel=\"noopener\">C\u00e9sar Lorenzo Rubio: \u00abLas c\u00e1rceles son uno de esos lugares inc\u00f3modos que preferir\u00edamos ignorar\u00bb<\/a>\u00a0(Diagonal)<\/p>\n<p><a href=\"http:\/\/www.viruseditorial.net\/pags\/noticia.php?id=461\" target=\"_blank\" rel=\"noopener\">\u00abQue tu sangre encienda la chispa de la libertad. COPEL\u00bb<\/a>\u00a0(C\u00e9sar Lorenzo Rubio,\u00a0<em>Peri\u00f3dico CNT<\/em>)<\/p>\n<p><a href=\"http:\/\/www.viruseditorial.net\/pags\/noticia.php?id=469\" target=\"_blank\" rel=\"noopener\">\u00abSolamente los presos del movimiento libertario apoyaron claramente las movilizaciones de presos comunes\u00bb<\/a>\u00a0(Radio QK)<\/p>\n<p><a href=\"http:\/\/www.viruseditorial.net\/pags\/noticia.php?id=471\" target=\"_blank\" rel=\"noopener\">\u00abLa ocultaci\u00f3n de la COPEL es un reflejo del desinter\u00e9s social por las c\u00e1rceles\u00bb<\/a>\u00a0(C\u00e9sar Lorenzo Rubio, A Pulso &#8211; Radio Andaluc\u00eda)<\/p>\n<p><a href=\"http:\/\/www.viruseditorial.net\/pags\/noticia.php?id=510\" target=\"_blank\" rel=\"noopener\">\u201cLas movilizaciones dentro y fuera de las prisiones conformarom un verdadero movimiento social\u201d<\/a>\u00a0(C\u00e9sar Lorenzo Rubio, revista Papeles)<\/p>\n<p><a href=\"http:\/\/www.viruseditorial.net\/pags\/noticia.php?id=511\" target=\"_blank\" rel=\"noopener\">\u201cNo hubo una sola COPEL, sino tantas como c\u00e1rceles donde hubiera presos identificados con estas siglas\u201d<\/a>\u00a0(C\u00e9sar Lorenzo Rubio, Revista Papeles)<\/p>\n<p><a href=\"http:\/\/www.viruseditorial.net\/pags\/noticia.php?id=512\" target=\"_blank\" rel=\"noopener\">\u00abC\u00e1rceles en llamas\u00bb arroja luz sobre la oscuridad y la opacidad carcelaria de entonces<\/a>\u00a0(I\u00f1aki Rivera, Revista Cr\u00edtica Penal y Poder)<\/p>\n<p><a href=\"http:\/\/www.viruseditorial.net\/pags\/noticia.php?id=520\" target=\"_blank\" rel=\"noopener\"><em>Un trabajo sobre las c\u00e1rceles de la transici\u00f3n, m\u00e1s all\u00e1 de lo acad\u00e9mico<\/em>\u00a0<\/a>(Argelaga)<\/p>\n<p><a href=\"https:\/\/virus.pangea.org\/administracion\/detalle_noticia.php?id=525\" target=\"_blank\" rel=\"noopener\">Un libro sobre los presos olvidados del franquismo y el postfranquismo<\/a>\u00a0(Lara Ferri Bertran, Lennon)<\/p>\n<p><a href=\"http:\/\/www.viruseditorial.net\/pags\/noticia.php?id=557\" target=\"_blank\" rel=\"noopener\">\u00abEl incremento de presos asociado al consumo de hero\u00edna lastr\u00f3 seriamente a la COPEL\u00bb<\/a>\u00a0(C\u00e9sar Lorenzo, Barrio Canino)<\/p>\n<p><a href=\"http:\/\/www.viruseditorial.net\/pags\/noticia.php?id=605\" target=\"_blank\" rel=\"noopener\">La memoria imprescindible de la COPEL<\/a>\u00a0(Layla Mart\u00ednez, Estudios)<\/p>\n<hr \/>\n<div>\n<h2><a href=\"https:\/\/www.viruseditorial.net\/es\/editorial\/descargar-pdf\" target=\"_blank\" rel=\"noopener\">Libro en libre descarga de Virus Editorial<\/a><\/h2>\n<\/div>\n","protected":false},"excerpt":{"rendered":"<p><strong>C\u00e9sar Lorenzo Rubio<\/strong><br \/>\n9788492559473 &#8211; Virus &#8211; 2013 &#8211; 438 p\u00e1ginas \/orri.<\/p>\n","protected":false},"featured_media":4359,"template":"","meta":[],"product_brand":[],"product_cat":[181,16],"product_tag":[5396,2844,4626,57],"class_list":{"0":"post-4317","1":"product","2":"type-product","3":"status-publish","4":"has-post-thumbnail","6":"product_cat-bazterketa-soziala-eta-errepresioa-exclusion-social-y-represion","7":"product_cat-libros","8":"product_tag-carcel","9":"product_tag-cesar-lorenzo-rubio","10":"product_tag-deskargak","11":"product_tag-virus","13":"first","14":"instock","15":"sold-individually","16":"shipping-taxable","17":"purchasable","18":"product-type-simple"},"yoast_head":"<!-- This site is optimized with the Yoast SEO plugin v27.3 - https:\/\/yoast.com\/product\/yoast-seo-wordpress\/ -->\n<title>C\u00e1rceles en llamas. El movimiento de presos sociales en la trasici\u00f3n &#8212; Zapateneo<\/title>\n<meta name=\"robots\" content=\"index, follow, max-snippet:-1, max-image-preview:large, max-video-preview:-1\" \/>\n<link rel=\"canonical\" href=\"https:\/\/zapateneo.net\/wordpress\/index.php\/producto\/carceles-en-llamas-el-movimiento-de-presos-sociales-en-la-trasicion\/\" \/>\n<meta property=\"og:locale\" content=\"es_ES\" \/>\n<meta property=\"og:type\" content=\"article\" \/>\n<meta property=\"og:title\" content=\"C\u00e1rceles en llamas. El movimiento de presos sociales en la trasici\u00f3n &#8212; Zapateneo\" \/>\n<meta property=\"og:description\" content=\"C\u00e9sar Lorenzo Rubio 9788492559473 - Virus - 2013 - 438 p\u00e1ginas \/orri.\" \/>\n<meta property=\"og:url\" content=\"https:\/\/zapateneo.net\/wordpress\/index.php\/producto\/carceles-en-llamas-el-movimiento-de-presos-sociales-en-la-trasicion\/\" \/>\n<meta property=\"og:site_name\" content=\"Zapateneo\" \/>\n<meta property=\"article:modified_time\" content=\"2022-01-05T15:13:28+00:00\" \/>\n<meta property=\"og:image\" content=\"https:\/\/zapateneo.net\/wordpress\/wp-content\/uploads\/2021\/04\/7688.png\" \/>\n\t<meta property=\"og:image:width\" content=\"354\" \/>\n\t<meta property=\"og:image:height\" content=\"486\" \/>\n\t<meta property=\"og:image:type\" content=\"image\/png\" \/>\n<meta name=\"twitter:card\" content=\"summary_large_image\" \/>\n<meta name=\"twitter:site\" content=\"@zapateneo\" \/>\n<meta name=\"twitter:label1\" content=\"Tiempo de lectura\" \/>\n\t<meta name=\"twitter:data1\" content=\"4 minutos\" \/>\n<script type=\"application\/ld+json\" class=\"yoast-schema-graph\">{\"@context\":\"https:\\\/\\\/schema.org\",\"@graph\":[{\"@type\":\"WebPage\",\"@id\":\"https:\\\/\\\/zapateneo.net\\\/wordpress\\\/index.php\\\/producto\\\/carceles-en-llamas-el-movimiento-de-presos-sociales-en-la-trasicion\\\/\",\"url\":\"https:\\\/\\\/zapateneo.net\\\/wordpress\\\/index.php\\\/producto\\\/carceles-en-llamas-el-movimiento-de-presos-sociales-en-la-trasicion\\\/\",\"name\":\"C\u00e1rceles en llamas. El movimiento de presos sociales en la trasici\u00f3n &#8212; Zapateneo\",\"isPartOf\":{\"@id\":\"https:\\\/\\\/zapateneo.net\\\/wordpress\\\/#website\"},\"primaryImageOfPage\":{\"@id\":\"https:\\\/\\\/zapateneo.net\\\/wordpress\\\/index.php\\\/producto\\\/carceles-en-llamas-el-movimiento-de-presos-sociales-en-la-trasicion\\\/#primaryimage\"},\"image\":{\"@id\":\"https:\\\/\\\/zapateneo.net\\\/wordpress\\\/index.php\\\/producto\\\/carceles-en-llamas-el-movimiento-de-presos-sociales-en-la-trasicion\\\/#primaryimage\"},\"thumbnailUrl\":\"https:\\\/\\\/zapateneo.net\\\/wordpress\\\/wp-content\\\/uploads\\\/2021\\\/04\\\/7688.png\",\"datePublished\":\"2021-04-08T15:15:29+00:00\",\"dateModified\":\"2022-01-05T15:13:28+00:00\",\"breadcrumb\":{\"@id\":\"https:\\\/\\\/zapateneo.net\\\/wordpress\\\/index.php\\\/producto\\\/carceles-en-llamas-el-movimiento-de-presos-sociales-en-la-trasicion\\\/#breadcrumb\"},\"inLanguage\":\"es\",\"potentialAction\":[{\"@type\":\"ReadAction\",\"target\":[\"https:\\\/\\\/zapateneo.net\\\/wordpress\\\/index.php\\\/producto\\\/carceles-en-llamas-el-movimiento-de-presos-sociales-en-la-trasicion\\\/\"]}]},{\"@type\":\"ImageObject\",\"inLanguage\":\"es\",\"@id\":\"https:\\\/\\\/zapateneo.net\\\/wordpress\\\/index.php\\\/producto\\\/carceles-en-llamas-el-movimiento-de-presos-sociales-en-la-trasicion\\\/#primaryimage\",\"url\":\"https:\\\/\\\/zapateneo.net\\\/wordpress\\\/wp-content\\\/uploads\\\/2021\\\/04\\\/7688.png\",\"contentUrl\":\"https:\\\/\\\/zapateneo.net\\\/wordpress\\\/wp-content\\\/uploads\\\/2021\\\/04\\\/7688.png\",\"width\":354,\"height\":486},{\"@type\":\"BreadcrumbList\",\"@id\":\"https:\\\/\\\/zapateneo.net\\\/wordpress\\\/index.php\\\/producto\\\/carceles-en-llamas-el-movimiento-de-presos-sociales-en-la-trasicion\\\/#breadcrumb\",\"itemListElement\":[{\"@type\":\"ListItem\",\"position\":1,\"name\":\"Portada\",\"item\":\"https:\\\/\\\/zapateneo.net\\\/wordpress\\\/\"},{\"@type\":\"ListItem\",\"position\":2,\"name\":\"Tienda\",\"item\":\"https:\\\/\\\/zapateneo.net\\\/wordpress\\\/\"},{\"@type\":\"ListItem\",\"position\":3,\"name\":\"C\u00e1rceles en llamas. El movimiento de presos sociales en la trasici\u00f3n\"}]},{\"@type\":\"WebSite\",\"@id\":\"https:\\\/\\\/zapateneo.net\\\/wordpress\\\/#website\",\"url\":\"https:\\\/\\\/zapateneo.net\\\/wordpress\\\/\",\"name\":\"Zapateneo\",\"description\":\"Zapateneoaren webgunea\",\"publisher\":{\"@id\":\"https:\\\/\\\/zapateneo.net\\\/wordpress\\\/#organization\"},\"potentialAction\":[{\"@type\":\"SearchAction\",\"target\":{\"@type\":\"EntryPoint\",\"urlTemplate\":\"https:\\\/\\\/zapateneo.net\\\/wordpress\\\/?s={search_term_string}\"},\"query-input\":{\"@type\":\"PropertyValueSpecification\",\"valueRequired\":true,\"valueName\":\"search_term_string\"}}],\"inLanguage\":\"es\"},{\"@type\":\"Organization\",\"@id\":\"https:\\\/\\\/zapateneo.net\\\/wordpress\\\/#organization\",\"name\":\"Zapateneo Kultur Elkartea\",\"url\":\"https:\\\/\\\/zapateneo.net\\\/wordpress\\\/\",\"logo\":{\"@type\":\"ImageObject\",\"inLanguage\":\"es\",\"@id\":\"https:\\\/\\\/zapateneo.net\\\/wordpress\\\/#\\\/schema\\\/logo\\\/image\\\/\",\"url\":\"https:\\\/\\\/zapateneo.net\\\/wordpress\\\/wp-content\\\/uploads\\\/2021\\\/04\\\/zap-libu-kolec.jpg\",\"contentUrl\":\"https:\\\/\\\/zapateneo.net\\\/wordpress\\\/wp-content\\\/uploads\\\/2021\\\/04\\\/zap-libu-kolec.jpg\",\"width\":2234,\"height\":398,\"caption\":\"Zapateneo Kultur Elkartea\"},\"image\":{\"@id\":\"https:\\\/\\\/zapateneo.net\\\/wordpress\\\/#\\\/schema\\\/logo\\\/image\\\/\"},\"sameAs\":[\"https:\\\/\\\/x.com\\\/zapateneo\"]}]}<\/script>\n<!-- \/ Yoast SEO plugin. -->","yoast_head_json":{"title":"C\u00e1rceles en llamas. El movimiento de presos sociales en la trasici\u00f3n &#8212; Zapateneo","robots":{"index":"index","follow":"follow","max-snippet":"max-snippet:-1","max-image-preview":"max-image-preview:large","max-video-preview":"max-video-preview:-1"},"canonical":"https:\/\/zapateneo.net\/wordpress\/index.php\/producto\/carceles-en-llamas-el-movimiento-de-presos-sociales-en-la-trasicion\/","og_locale":"es_ES","og_type":"article","og_title":"C\u00e1rceles en llamas. El movimiento de presos sociales en la trasici\u00f3n &#8212; Zapateneo","og_description":"C\u00e9sar Lorenzo Rubio 9788492559473 - Virus - 2013 - 438 p\u00e1ginas \/orri.","og_url":"https:\/\/zapateneo.net\/wordpress\/index.php\/producto\/carceles-en-llamas-el-movimiento-de-presos-sociales-en-la-trasicion\/","og_site_name":"Zapateneo","article_modified_time":"2022-01-05T15:13:28+00:00","og_image":[{"width":354,"height":486,"url":"https:\/\/zapateneo.net\/wordpress\/wp-content\/uploads\/2021\/04\/7688.png","type":"image\/png"}],"twitter_card":"summary_large_image","twitter_site":"@zapateneo","twitter_misc":{"Tiempo de lectura":"4 minutos"},"schema":{"@context":"https:\/\/schema.org","@graph":[{"@type":"WebPage","@id":"https:\/\/zapateneo.net\/wordpress\/index.php\/producto\/carceles-en-llamas-el-movimiento-de-presos-sociales-en-la-trasicion\/","url":"https:\/\/zapateneo.net\/wordpress\/index.php\/producto\/carceles-en-llamas-el-movimiento-de-presos-sociales-en-la-trasicion\/","name":"C\u00e1rceles en llamas. El movimiento de presos sociales en la trasici\u00f3n &#8212; Zapateneo","isPartOf":{"@id":"https:\/\/zapateneo.net\/wordpress\/#website"},"primaryImageOfPage":{"@id":"https:\/\/zapateneo.net\/wordpress\/index.php\/producto\/carceles-en-llamas-el-movimiento-de-presos-sociales-en-la-trasicion\/#primaryimage"},"image":{"@id":"https:\/\/zapateneo.net\/wordpress\/index.php\/producto\/carceles-en-llamas-el-movimiento-de-presos-sociales-en-la-trasicion\/#primaryimage"},"thumbnailUrl":"https:\/\/zapateneo.net\/wordpress\/wp-content\/uploads\/2021\/04\/7688.png","datePublished":"2021-04-08T15:15:29+00:00","dateModified":"2022-01-05T15:13:28+00:00","breadcrumb":{"@id":"https:\/\/zapateneo.net\/wordpress\/index.php\/producto\/carceles-en-llamas-el-movimiento-de-presos-sociales-en-la-trasicion\/#breadcrumb"},"inLanguage":"es","potentialAction":[{"@type":"ReadAction","target":["https:\/\/zapateneo.net\/wordpress\/index.php\/producto\/carceles-en-llamas-el-movimiento-de-presos-sociales-en-la-trasicion\/"]}]},{"@type":"ImageObject","inLanguage":"es","@id":"https:\/\/zapateneo.net\/wordpress\/index.php\/producto\/carceles-en-llamas-el-movimiento-de-presos-sociales-en-la-trasicion\/#primaryimage","url":"https:\/\/zapateneo.net\/wordpress\/wp-content\/uploads\/2021\/04\/7688.png","contentUrl":"https:\/\/zapateneo.net\/wordpress\/wp-content\/uploads\/2021\/04\/7688.png","width":354,"height":486},{"@type":"BreadcrumbList","@id":"https:\/\/zapateneo.net\/wordpress\/index.php\/producto\/carceles-en-llamas-el-movimiento-de-presos-sociales-en-la-trasicion\/#breadcrumb","itemListElement":[{"@type":"ListItem","position":1,"name":"Portada","item":"https:\/\/zapateneo.net\/wordpress\/"},{"@type":"ListItem","position":2,"name":"Tienda","item":"https:\/\/zapateneo.net\/wordpress\/"},{"@type":"ListItem","position":3,"name":"C\u00e1rceles en llamas. El movimiento de presos sociales en la trasici\u00f3n"}]},{"@type":"WebSite","@id":"https:\/\/zapateneo.net\/wordpress\/#website","url":"https:\/\/zapateneo.net\/wordpress\/","name":"Zapateneo","description":"Zapateneoaren webgunea","publisher":{"@id":"https:\/\/zapateneo.net\/wordpress\/#organization"},"potentialAction":[{"@type":"SearchAction","target":{"@type":"EntryPoint","urlTemplate":"https:\/\/zapateneo.net\/wordpress\/?s={search_term_string}"},"query-input":{"@type":"PropertyValueSpecification","valueRequired":true,"valueName":"search_term_string"}}],"inLanguage":"es"},{"@type":"Organization","@id":"https:\/\/zapateneo.net\/wordpress\/#organization","name":"Zapateneo Kultur Elkartea","url":"https:\/\/zapateneo.net\/wordpress\/","logo":{"@type":"ImageObject","inLanguage":"es","@id":"https:\/\/zapateneo.net\/wordpress\/#\/schema\/logo\/image\/","url":"https:\/\/zapateneo.net\/wordpress\/wp-content\/uploads\/2021\/04\/zap-libu-kolec.jpg","contentUrl":"https:\/\/zapateneo.net\/wordpress\/wp-content\/uploads\/2021\/04\/zap-libu-kolec.jpg","width":2234,"height":398,"caption":"Zapateneo Kultur Elkartea"},"image":{"@id":"https:\/\/zapateneo.net\/wordpress\/#\/schema\/logo\/image\/"},"sameAs":["https:\/\/x.com\/zapateneo"]}]}},"_links":{"self":[{"href":"https:\/\/zapateneo.net\/wordpress\/index.php\/wp-json\/wp\/v2\/product\/4317","targetHints":{"allow":["GET"]}}],"collection":[{"href":"https:\/\/zapateneo.net\/wordpress\/index.php\/wp-json\/wp\/v2\/product"}],"about":[{"href":"https:\/\/zapateneo.net\/wordpress\/index.php\/wp-json\/wp\/v2\/types\/product"}],"wp:featuredmedia":[{"embeddable":true,"href":"https:\/\/zapateneo.net\/wordpress\/index.php\/wp-json\/wp\/v2\/media\/4359"}],"wp:attachment":[{"href":"https:\/\/zapateneo.net\/wordpress\/index.php\/wp-json\/wp\/v2\/media?parent=4317"}],"wp:term":[{"taxonomy":"product_brand","embeddable":true,"href":"https:\/\/zapateneo.net\/wordpress\/index.php\/wp-json\/wp\/v2\/product_brand?post=4317"},{"taxonomy":"product_cat","embeddable":true,"href":"https:\/\/zapateneo.net\/wordpress\/index.php\/wp-json\/wp\/v2\/product_cat?post=4317"},{"taxonomy":"product_tag","embeddable":true,"href":"https:\/\/zapateneo.net\/wordpress\/index.php\/wp-json\/wp\/v2\/product_tag?post=4317"}],"curies":[{"name":"wp","href":"https:\/\/api.w.org\/{rel}","templated":true}]}}