{"id":4292,"date":"2021-04-08T16:14:54","date_gmt":"2021-04-08T15:14:54","guid":{"rendered":"https:\/\/zapateneo.net\/wordpress\/?post_type=product&#038;p=4292"},"modified":"2023-04-12T20:32:15","modified_gmt":"2023-04-12T19:32:15","slug":"la-radicalizacion-del-racismo-islamofobia-de-estado-y-prevencion-antiterrorista","status":"publish","type":"product","link":"https:\/\/zapateneo.net\/wordpress\/index.php\/producto\/la-radicalizacion-del-racismo-islamofobia-de-estado-y-prevencion-antiterrorista\/","title":{"rendered":"La radicalizaci\u00f3n del racismo. Islamofobia de Estado y prevenci\u00f3n antiterrorista"},"content":{"rendered":"<p>Qu\u00e9 pasar\u00eda si dij\u00e9ramos que los musulmanes en Espa\u00f1a no tenemos un problema de radicalizaci\u00f3n. Qu\u00e9 pasar\u00eda si dij\u00e9ramos que, por lo tanto, los programas para prevenir la radicalizaci\u00f3n de nuestros j\u00f3venes no tienen raz\u00f3n de ser, los m\u00e1steres para aprender a detectar procesos de radicalizaci\u00f3n no son necesarios y las leyes que abren las puertas a nuestra vigilancia y control deben desaparecer. La realidad es que estamos en \u00abNivel 4 de Alerta Antiterrorista\u00bb desde el atentado de Barcelona. Al parecer, cada d\u00eda se est\u00e1 preparando un atentado. Eso significa el \u00abNivel 4\u00bb. Incre\u00edble, \u00bfverdad? Pero si pensamos que detr\u00e1s de cada musulm\u00e1n hay un potencial terrorista, probablemente ya no sea tan incre\u00edble. Esa es la idea de fondo que se encuentra en todo el entramado antiterrorista y de prevenci\u00f3n de la radicalizaci\u00f3n que nos hemos propuesto desgranar en estas p\u00e1ginas.<\/p>\n<p>Lo cierto es que hemos asumido que tenemos un problema, igual que asumimos que hab\u00eda un \u00abproblema de inmigraci\u00f3n\u00bb o que hab\u00eda que hacer frente a una \u00abcrisis de refugiados\u00bb. Dichos problemas no existen, al menos no en los t\u00e9rminos en los que son formulados. Se trata de una cuesti\u00f3n que no se puede comprender sin poner el foco en Europa, entendida como una idea que se materializa en sus fronteras, sus racismos, sus violencias.<\/p>\n","protected":false},"excerpt":{"rendered":"<p><strong>Douhaibi, Ainhoa Nadia  &#038; Amazian, Salma<\/strong><br \/>\n9788494457296 &#8211; Camabalache &#8211; 2019 &#8211; 144 p\u00e1ginas \/orri.<\/p>\n","protected":false},"featured_media":4333,"template":"","meta":[],"product_brand":[],"product_cat":[181,16],"product_tag":[2824,50,2823],"class_list":{"0":"post-4292","1":"product","2":"type-product","3":"status-publish","4":"has-post-thumbnail","6":"product_cat-bazterketa-soziala-eta-errepresioa-exclusion-social-y-represion","7":"product_cat-libros","8":"product_tag-ainhoa-nadia-amazian","9":"product_tag-cambalache","10":"product_tag-douhaibi","12":"first","13":"instock","14":"sold-individually","15":"shipping-taxable","16":"purchasable","17":"product-type-simple"},"yoast_head":"<!-- This site is optimized with the Yoast SEO plugin v27.4 - https:\/\/yoast.com\/product\/yoast-seo-wordpress\/ -->\n<title>La radicalizaci\u00f3n del racismo. Islamofobia de Estado y prevenci\u00f3n antiterrorista &#8212; Zapateneo<\/title>\n<meta name=\"robots\" content=\"index, follow, max-snippet:-1, max-image-preview:large, max-video-preview:-1\" \/>\n<link rel=\"canonical\" href=\"https:\/\/zapateneo.net\/wordpress\/index.php\/producto\/la-radicalizacion-del-racismo-islamofobia-de-estado-y-prevencion-antiterrorista\/\" \/>\n<meta property=\"og:locale\" content=\"es_ES\" \/>\n<meta property=\"og:type\" content=\"article\" \/>\n<meta property=\"og:title\" content=\"La radicalizaci\u00f3n del racismo. Islamofobia de Estado y prevenci\u00f3n antiterrorista &#8212; Zapateneo\" \/>\n<meta property=\"og:description\" content=\"Douhaibi, Ainhoa Nadia &amp; Amazian, Salma 9788494457296 - Camabalache - 2019 - 144 p\u00e1ginas \/orri.\" \/>\n<meta property=\"og:url\" content=\"https:\/\/zapateneo.net\/wordpress\/index.php\/producto\/la-radicalizacion-del-racismo-islamofobia-de-estado-y-prevencion-antiterrorista\/\" \/>\n<meta property=\"og:site_name\" content=\"Zapateneo\" \/>\n<meta property=\"article:modified_time\" content=\"2023-04-12T19:32:15+00:00\" \/>\n<meta property=\"og:image\" content=\"https:\/\/zapateneo.net\/wordpress\/wp-content\/uploads\/2021\/04\/radicalizacin-racismo-215x300-1.jpg\" \/>\n\t<meta property=\"og:image:width\" content=\"215\" \/>\n\t<meta property=\"og:image:height\" content=\"300\" \/>\n\t<meta property=\"og:image:type\" content=\"image\/jpeg\" \/>\n<meta name=\"twitter:card\" content=\"summary_large_image\" \/>\n<meta name=\"twitter:site\" content=\"@zapateneo\" \/>\n<meta name=\"twitter:label1\" content=\"Tiempo de lectura\" \/>\n\t<meta name=\"twitter:data1\" content=\"1 minuto\" \/>\n<script type=\"application\/ld+json\" class=\"yoast-schema-graph\">{\"@context\":\"https:\\\/\\\/schema.org\",\"@graph\":[{\"@type\":\"WebPage\",\"@id\":\"https:\\\/\\\/zapateneo.net\\\/wordpress\\\/index.php\\\/producto\\\/la-radicalizacion-del-racismo-islamofobia-de-estado-y-prevencion-antiterrorista\\\/\",\"url\":\"https:\\\/\\\/zapateneo.net\\\/wordpress\\\/index.php\\\/producto\\\/la-radicalizacion-del-racismo-islamofobia-de-estado-y-prevencion-antiterrorista\\\/\",\"name\":\"La radicalizaci\u00f3n del racismo. Islamofobia de Estado y prevenci\u00f3n antiterrorista &#8212; Zapateneo\",\"isPartOf\":{\"@id\":\"https:\\\/\\\/zapateneo.net\\\/wordpress\\\/#website\"},\"primaryImageOfPage\":{\"@id\":\"https:\\\/\\\/zapateneo.net\\\/wordpress\\\/index.php\\\/producto\\\/la-radicalizacion-del-racismo-islamofobia-de-estado-y-prevencion-antiterrorista\\\/#primaryimage\"},\"image\":{\"@id\":\"https:\\\/\\\/zapateneo.net\\\/wordpress\\\/index.php\\\/producto\\\/la-radicalizacion-del-racismo-islamofobia-de-estado-y-prevencion-antiterrorista\\\/#primaryimage\"},\"thumbnailUrl\":\"https:\\\/\\\/zapateneo.net\\\/wordpress\\\/wp-content\\\/uploads\\\/2021\\\/04\\\/radicalizacin-racismo-215x300-1.jpg\",\"datePublished\":\"2021-04-08T15:14:54+00:00\",\"dateModified\":\"2023-04-12T19:32:15+00:00\",\"breadcrumb\":{\"@id\":\"https:\\\/\\\/zapateneo.net\\\/wordpress\\\/index.php\\\/producto\\\/la-radicalizacion-del-racismo-islamofobia-de-estado-y-prevencion-antiterrorista\\\/#breadcrumb\"},\"inLanguage\":\"es\",\"potentialAction\":[{\"@type\":\"ReadAction\",\"target\":[\"https:\\\/\\\/zapateneo.net\\\/wordpress\\\/index.php\\\/producto\\\/la-radicalizacion-del-racismo-islamofobia-de-estado-y-prevencion-antiterrorista\\\/\"]}]},{\"@type\":\"ImageObject\",\"inLanguage\":\"es\",\"@id\":\"https:\\\/\\\/zapateneo.net\\\/wordpress\\\/index.php\\\/producto\\\/la-radicalizacion-del-racismo-islamofobia-de-estado-y-prevencion-antiterrorista\\\/#primaryimage\",\"url\":\"https:\\\/\\\/zapateneo.net\\\/wordpress\\\/wp-content\\\/uploads\\\/2021\\\/04\\\/radicalizacin-racismo-215x300-1.jpg\",\"contentUrl\":\"https:\\\/\\\/zapateneo.net\\\/wordpress\\\/wp-content\\\/uploads\\\/2021\\\/04\\\/radicalizacin-racismo-215x300-1.jpg\",\"width\":215,\"height\":300},{\"@type\":\"BreadcrumbList\",\"@id\":\"https:\\\/\\\/zapateneo.net\\\/wordpress\\\/index.php\\\/producto\\\/la-radicalizacion-del-racismo-islamofobia-de-estado-y-prevencion-antiterrorista\\\/#breadcrumb\",\"itemListElement\":[{\"@type\":\"ListItem\",\"position\":1,\"name\":\"Portada\",\"item\":\"https:\\\/\\\/zapateneo.net\\\/wordpress\\\/\"},{\"@type\":\"ListItem\",\"position\":2,\"name\":\"Tienda\",\"item\":\"https:\\\/\\\/zapateneo.net\\\/wordpress\\\/\"},{\"@type\":\"ListItem\",\"position\":3,\"name\":\"La radicalizaci\u00f3n del racismo. Islamofobia de Estado y prevenci\u00f3n antiterrorista\"}]},{\"@type\":\"WebSite\",\"@id\":\"https:\\\/\\\/zapateneo.net\\\/wordpress\\\/#website\",\"url\":\"https:\\\/\\\/zapateneo.net\\\/wordpress\\\/\",\"name\":\"Zapateneo\",\"description\":\"Zapateneoaren webgunea\",\"publisher\":{\"@id\":\"https:\\\/\\\/zapateneo.net\\\/wordpress\\\/#organization\"},\"potentialAction\":[{\"@type\":\"SearchAction\",\"target\":{\"@type\":\"EntryPoint\",\"urlTemplate\":\"https:\\\/\\\/zapateneo.net\\\/wordpress\\\/?s={search_term_string}\"},\"query-input\":{\"@type\":\"PropertyValueSpecification\",\"valueRequired\":true,\"valueName\":\"search_term_string\"}}],\"inLanguage\":\"es\"},{\"@type\":\"Organization\",\"@id\":\"https:\\\/\\\/zapateneo.net\\\/wordpress\\\/#organization\",\"name\":\"Zapateneo Kultur Elkartea\",\"url\":\"https:\\\/\\\/zapateneo.net\\\/wordpress\\\/\",\"logo\":{\"@type\":\"ImageObject\",\"inLanguage\":\"es\",\"@id\":\"https:\\\/\\\/zapateneo.net\\\/wordpress\\\/#\\\/schema\\\/logo\\\/image\\\/\",\"url\":\"https:\\\/\\\/zapateneo.net\\\/wordpress\\\/wp-content\\\/uploads\\\/2021\\\/04\\\/zap-libu-kolec.jpg\",\"contentUrl\":\"https:\\\/\\\/zapateneo.net\\\/wordpress\\\/wp-content\\\/uploads\\\/2021\\\/04\\\/zap-libu-kolec.jpg\",\"width\":2234,\"height\":398,\"caption\":\"Zapateneo Kultur Elkartea\"},\"image\":{\"@id\":\"https:\\\/\\\/zapateneo.net\\\/wordpress\\\/#\\\/schema\\\/logo\\\/image\\\/\"},\"sameAs\":[\"https:\\\/\\\/x.com\\\/zapateneo\"]}]}<\/script>\n<!-- \/ Yoast SEO plugin. -->","yoast_head_json":{"title":"La radicalizaci\u00f3n del racismo. Islamofobia de Estado y prevenci\u00f3n antiterrorista &#8212; Zapateneo","robots":{"index":"index","follow":"follow","max-snippet":"max-snippet:-1","max-image-preview":"max-image-preview:large","max-video-preview":"max-video-preview:-1"},"canonical":"https:\/\/zapateneo.net\/wordpress\/index.php\/producto\/la-radicalizacion-del-racismo-islamofobia-de-estado-y-prevencion-antiterrorista\/","og_locale":"es_ES","og_type":"article","og_title":"La radicalizaci\u00f3n del racismo. Islamofobia de Estado y prevenci\u00f3n antiterrorista &#8212; Zapateneo","og_description":"Douhaibi, Ainhoa Nadia & Amazian, Salma 9788494457296 - Camabalache - 2019 - 144 p\u00e1ginas \/orri.","og_url":"https:\/\/zapateneo.net\/wordpress\/index.php\/producto\/la-radicalizacion-del-racismo-islamofobia-de-estado-y-prevencion-antiterrorista\/","og_site_name":"Zapateneo","article_modified_time":"2023-04-12T19:32:15+00:00","og_image":[{"width":215,"height":300,"url":"https:\/\/zapateneo.net\/wordpress\/wp-content\/uploads\/2021\/04\/radicalizacin-racismo-215x300-1.jpg","type":"image\/jpeg"}],"twitter_card":"summary_large_image","twitter_site":"@zapateneo","twitter_misc":{"Tiempo de lectura":"1 minuto"},"schema":{"@context":"https:\/\/schema.org","@graph":[{"@type":"WebPage","@id":"https:\/\/zapateneo.net\/wordpress\/index.php\/producto\/la-radicalizacion-del-racismo-islamofobia-de-estado-y-prevencion-antiterrorista\/","url":"https:\/\/zapateneo.net\/wordpress\/index.php\/producto\/la-radicalizacion-del-racismo-islamofobia-de-estado-y-prevencion-antiterrorista\/","name":"La radicalizaci\u00f3n del racismo. Islamofobia de Estado y prevenci\u00f3n antiterrorista &#8212; Zapateneo","isPartOf":{"@id":"https:\/\/zapateneo.net\/wordpress\/#website"},"primaryImageOfPage":{"@id":"https:\/\/zapateneo.net\/wordpress\/index.php\/producto\/la-radicalizacion-del-racismo-islamofobia-de-estado-y-prevencion-antiterrorista\/#primaryimage"},"image":{"@id":"https:\/\/zapateneo.net\/wordpress\/index.php\/producto\/la-radicalizacion-del-racismo-islamofobia-de-estado-y-prevencion-antiterrorista\/#primaryimage"},"thumbnailUrl":"https:\/\/zapateneo.net\/wordpress\/wp-content\/uploads\/2021\/04\/radicalizacin-racismo-215x300-1.jpg","datePublished":"2021-04-08T15:14:54+00:00","dateModified":"2023-04-12T19:32:15+00:00","breadcrumb":{"@id":"https:\/\/zapateneo.net\/wordpress\/index.php\/producto\/la-radicalizacion-del-racismo-islamofobia-de-estado-y-prevencion-antiterrorista\/#breadcrumb"},"inLanguage":"es","potentialAction":[{"@type":"ReadAction","target":["https:\/\/zapateneo.net\/wordpress\/index.php\/producto\/la-radicalizacion-del-racismo-islamofobia-de-estado-y-prevencion-antiterrorista\/"]}]},{"@type":"ImageObject","inLanguage":"es","@id":"https:\/\/zapateneo.net\/wordpress\/index.php\/producto\/la-radicalizacion-del-racismo-islamofobia-de-estado-y-prevencion-antiterrorista\/#primaryimage","url":"https:\/\/zapateneo.net\/wordpress\/wp-content\/uploads\/2021\/04\/radicalizacin-racismo-215x300-1.jpg","contentUrl":"https:\/\/zapateneo.net\/wordpress\/wp-content\/uploads\/2021\/04\/radicalizacin-racismo-215x300-1.jpg","width":215,"height":300},{"@type":"BreadcrumbList","@id":"https:\/\/zapateneo.net\/wordpress\/index.php\/producto\/la-radicalizacion-del-racismo-islamofobia-de-estado-y-prevencion-antiterrorista\/#breadcrumb","itemListElement":[{"@type":"ListItem","position":1,"name":"Portada","item":"https:\/\/zapateneo.net\/wordpress\/"},{"@type":"ListItem","position":2,"name":"Tienda","item":"https:\/\/zapateneo.net\/wordpress\/"},{"@type":"ListItem","position":3,"name":"La radicalizaci\u00f3n del racismo. Islamofobia de Estado y prevenci\u00f3n antiterrorista"}]},{"@type":"WebSite","@id":"https:\/\/zapateneo.net\/wordpress\/#website","url":"https:\/\/zapateneo.net\/wordpress\/","name":"Zapateneo","description":"Zapateneoaren webgunea","publisher":{"@id":"https:\/\/zapateneo.net\/wordpress\/#organization"},"potentialAction":[{"@type":"SearchAction","target":{"@type":"EntryPoint","urlTemplate":"https:\/\/zapateneo.net\/wordpress\/?s={search_term_string}"},"query-input":{"@type":"PropertyValueSpecification","valueRequired":true,"valueName":"search_term_string"}}],"inLanguage":"es"},{"@type":"Organization","@id":"https:\/\/zapateneo.net\/wordpress\/#organization","name":"Zapateneo Kultur Elkartea","url":"https:\/\/zapateneo.net\/wordpress\/","logo":{"@type":"ImageObject","inLanguage":"es","@id":"https:\/\/zapateneo.net\/wordpress\/#\/schema\/logo\/image\/","url":"https:\/\/zapateneo.net\/wordpress\/wp-content\/uploads\/2021\/04\/zap-libu-kolec.jpg","contentUrl":"https:\/\/zapateneo.net\/wordpress\/wp-content\/uploads\/2021\/04\/zap-libu-kolec.jpg","width":2234,"height":398,"caption":"Zapateneo Kultur Elkartea"},"image":{"@id":"https:\/\/zapateneo.net\/wordpress\/#\/schema\/logo\/image\/"},"sameAs":["https:\/\/x.com\/zapateneo"]}]}},"_links":{"self":[{"href":"https:\/\/zapateneo.net\/wordpress\/index.php\/wp-json\/wp\/v2\/product\/4292","targetHints":{"allow":["GET"]}}],"collection":[{"href":"https:\/\/zapateneo.net\/wordpress\/index.php\/wp-json\/wp\/v2\/product"}],"about":[{"href":"https:\/\/zapateneo.net\/wordpress\/index.php\/wp-json\/wp\/v2\/types\/product"}],"wp:featuredmedia":[{"embeddable":true,"href":"https:\/\/zapateneo.net\/wordpress\/index.php\/wp-json\/wp\/v2\/media\/4333"}],"wp:attachment":[{"href":"https:\/\/zapateneo.net\/wordpress\/index.php\/wp-json\/wp\/v2\/media?parent=4292"}],"wp:term":[{"taxonomy":"product_brand","embeddable":true,"href":"https:\/\/zapateneo.net\/wordpress\/index.php\/wp-json\/wp\/v2\/product_brand?post=4292"},{"taxonomy":"product_cat","embeddable":true,"href":"https:\/\/zapateneo.net\/wordpress\/index.php\/wp-json\/wp\/v2\/product_cat?post=4292"},{"taxonomy":"product_tag","embeddable":true,"href":"https:\/\/zapateneo.net\/wordpress\/index.php\/wp-json\/wp\/v2\/product_tag?post=4292"}],"curies":[{"name":"wp","href":"https:\/\/api.w.org\/{rel}","templated":true}]}}