{"id":4291,"date":"2021-04-08T16:14:53","date_gmt":"2021-04-08T15:14:53","guid":{"rendered":"https:\/\/zapateneo.net\/wordpress\/?post_type=product&#038;p=4291"},"modified":"2021-04-08T16:15:44","modified_gmt":"2021-04-08T15:15:44","slug":"quien-invade-a-quien-del-colonialismo-al-ii-plan-africa","status":"publish","type":"product","link":"https:\/\/zapateneo.net\/wordpress\/index.php\/producto\/quien-invade-a-quien-del-colonialismo-al-ii-plan-africa\/","title":{"rendered":"QUI\u00c9N INVADE A QUI\u00c9N. DEL COLONIALISMO AL II PLAN \u00c1FRICA"},"content":{"rendered":"<p>En este libro no encontrar\u00e9is textos especializados ni novedosas conclusiones de investigaciones acad\u00e9micas sobre la historia, la econom\u00eda o la sociedad africana. Est\u00e1 formado por cuatro textos que, sobre todo, pretenden ser un ejercicio de desenmascaramiento \u2013estrechamente vinculado a las luchas contra la pol\u00edtica de inmigraci\u00f3n espa\u00f1ola\u2013 de dos discursos complementarios: el de la amenaza de la invasi\u00f3n de inmigrantes, convenientemente utilizado para se\u00f1alar a un enemigo interno \u2013quienes ya est\u00e1n aqu\u00ed\u2013 y externo \u2013quienes quieren seguir viniendo-; y el que sit\u00faa a Espa\u00f1a al frente de la labor filantr\u00f3pica de contribuci\u00f3n al desarrollo de los lugares de origen de la inmigraci\u00f3n. En este sentido, las dos ediciones del Plan \u00c1frica, aprobadas por el gobierno espa\u00f1ol en los a\u00f1os 2006 y 2009, son un ejemplo inmejorable de c\u00f3mo se construye la amenaza de invasi\u00f3n y de c\u00f3mo se efect\u00faa la verdadera: la de pol\u00edticos, empresas, militares y turistas occidentales.<\/p>\n","protected":false},"excerpt":{"rendered":"<p><strong>Eduardo Romero Garc\u00eda<\/strong><br \/>\n978-84-939633-0-9 &#8211; Cambalache &#8211; 2011 &#8211; 104 p\u00e1ginas \/orri.<\/p>\n","protected":false},"featured_media":4332,"template":"","meta":[],"product_brand":[],"product_cat":[181,16],"product_tag":[50,2822],"class_list":{"0":"post-4291","1":"product","2":"type-product","3":"status-publish","4":"has-post-thumbnail","6":"product_cat-bazterketa-soziala-eta-errepresioa-exclusion-social-y-represion","7":"product_cat-libros","8":"product_tag-cambalache","9":"product_tag-eduardo-romero-garcia","11":"first","12":"instock","13":"sold-individually","14":"shipping-taxable","15":"purchasable","16":"product-type-simple"},"yoast_head":"<!-- This site is optimized with the Yoast SEO plugin v27.5 - https:\/\/yoast.com\/product\/yoast-seo-wordpress\/ -->\n<title>QUI\u00c9N INVADE A QUI\u00c9N. DEL COLONIALISMO AL II PLAN \u00c1FRICA &#8212; Zapateneo<\/title>\n<meta name=\"robots\" content=\"index, follow, max-snippet:-1, max-image-preview:large, max-video-preview:-1\" \/>\n<link rel=\"canonical\" href=\"https:\/\/zapateneo.net\/wordpress\/index.php\/producto\/quien-invade-a-quien-del-colonialismo-al-ii-plan-africa\/\" \/>\n<meta property=\"og:locale\" content=\"es_ES\" \/>\n<meta property=\"og:type\" content=\"article\" \/>\n<meta property=\"og:title\" content=\"QUI\u00c9N INVADE A QUI\u00c9N. DEL COLONIALISMO AL II PLAN \u00c1FRICA &#8212; Zapateneo\" \/>\n<meta property=\"og:description\" content=\"Eduardo Romero Garc\u00eda 978-84-939633-0-9 - Cambalache - 2011 - 104 p\u00e1ginas \/orri.\" \/>\n<meta property=\"og:url\" content=\"https:\/\/zapateneo.net\/wordpress\/index.php\/producto\/quien-invade-a-quien-del-colonialismo-al-ii-plan-africa\/\" \/>\n<meta property=\"og:site_name\" content=\"Zapateneo\" \/>\n<meta property=\"article:modified_time\" content=\"2021-04-08T15:15:44+00:00\" \/>\n<meta property=\"og:image\" content=\"https:\/\/zapateneo.net\/wordpress\/wp-content\/uploads\/2021\/04\/quien-invade-a-quien-del-colonialismo-al-ii-plan-africa-e1589912224969.jpg\" \/>\n\t<meta property=\"og:image:width\" content=\"400\" \/>\n\t<meta property=\"og:image:height\" content=\"400\" \/>\n\t<meta property=\"og:image:type\" content=\"image\/jpeg\" \/>\n<meta name=\"twitter:card\" content=\"summary_large_image\" \/>\n<meta name=\"twitter:site\" content=\"@zapateneo\" \/>\n<meta name=\"twitter:label1\" content=\"Tiempo de lectura\" \/>\n\t<meta name=\"twitter:data1\" content=\"1 minuto\" \/>\n<script type=\"application\/ld+json\" class=\"yoast-schema-graph\">{\"@context\":\"https:\\\/\\\/schema.org\",\"@graph\":[{\"@type\":\"WebPage\",\"@id\":\"https:\\\/\\\/zapateneo.net\\\/wordpress\\\/index.php\\\/producto\\\/quien-invade-a-quien-del-colonialismo-al-ii-plan-africa\\\/\",\"url\":\"https:\\\/\\\/zapateneo.net\\\/wordpress\\\/index.php\\\/producto\\\/quien-invade-a-quien-del-colonialismo-al-ii-plan-africa\\\/\",\"name\":\"QUI\u00c9N INVADE A QUI\u00c9N. DEL COLONIALISMO AL II PLAN \u00c1FRICA &#8212; Zapateneo\",\"isPartOf\":{\"@id\":\"https:\\\/\\\/zapateneo.net\\\/wordpress\\\/#website\"},\"primaryImageOfPage\":{\"@id\":\"https:\\\/\\\/zapateneo.net\\\/wordpress\\\/index.php\\\/producto\\\/quien-invade-a-quien-del-colonialismo-al-ii-plan-africa\\\/#primaryimage\"},\"image\":{\"@id\":\"https:\\\/\\\/zapateneo.net\\\/wordpress\\\/index.php\\\/producto\\\/quien-invade-a-quien-del-colonialismo-al-ii-plan-africa\\\/#primaryimage\"},\"thumbnailUrl\":\"https:\\\/\\\/zapateneo.net\\\/wordpress\\\/wp-content\\\/uploads\\\/2021\\\/04\\\/quien-invade-a-quien-del-colonialismo-al-ii-plan-africa-e1589912224969.jpg\",\"datePublished\":\"2021-04-08T15:14:53+00:00\",\"dateModified\":\"2021-04-08T15:15:44+00:00\",\"breadcrumb\":{\"@id\":\"https:\\\/\\\/zapateneo.net\\\/wordpress\\\/index.php\\\/producto\\\/quien-invade-a-quien-del-colonialismo-al-ii-plan-africa\\\/#breadcrumb\"},\"inLanguage\":\"es\",\"potentialAction\":[{\"@type\":\"ReadAction\",\"target\":[\"https:\\\/\\\/zapateneo.net\\\/wordpress\\\/index.php\\\/producto\\\/quien-invade-a-quien-del-colonialismo-al-ii-plan-africa\\\/\"]}]},{\"@type\":\"ImageObject\",\"inLanguage\":\"es\",\"@id\":\"https:\\\/\\\/zapateneo.net\\\/wordpress\\\/index.php\\\/producto\\\/quien-invade-a-quien-del-colonialismo-al-ii-plan-africa\\\/#primaryimage\",\"url\":\"https:\\\/\\\/zapateneo.net\\\/wordpress\\\/wp-content\\\/uploads\\\/2021\\\/04\\\/quien-invade-a-quien-del-colonialismo-al-ii-plan-africa-e1589912224969.jpg\",\"contentUrl\":\"https:\\\/\\\/zapateneo.net\\\/wordpress\\\/wp-content\\\/uploads\\\/2021\\\/04\\\/quien-invade-a-quien-del-colonialismo-al-ii-plan-africa-e1589912224969.jpg\",\"width\":400,\"height\":400},{\"@type\":\"BreadcrumbList\",\"@id\":\"https:\\\/\\\/zapateneo.net\\\/wordpress\\\/index.php\\\/producto\\\/quien-invade-a-quien-del-colonialismo-al-ii-plan-africa\\\/#breadcrumb\",\"itemListElement\":[{\"@type\":\"ListItem\",\"position\":1,\"name\":\"Portada\",\"item\":\"https:\\\/\\\/zapateneo.net\\\/wordpress\\\/\"},{\"@type\":\"ListItem\",\"position\":2,\"name\":\"Tienda\",\"item\":\"https:\\\/\\\/zapateneo.net\\\/wordpress\\\/\"},{\"@type\":\"ListItem\",\"position\":3,\"name\":\"QUI\u00c9N INVADE A QUI\u00c9N. DEL COLONIALISMO AL II PLAN \u00c1FRICA\"}]},{\"@type\":\"WebSite\",\"@id\":\"https:\\\/\\\/zapateneo.net\\\/wordpress\\\/#website\",\"url\":\"https:\\\/\\\/zapateneo.net\\\/wordpress\\\/\",\"name\":\"Zapateneo\",\"description\":\"Zapateneoaren webgunea\",\"publisher\":{\"@id\":\"https:\\\/\\\/zapateneo.net\\\/wordpress\\\/#organization\"},\"potentialAction\":[{\"@type\":\"SearchAction\",\"target\":{\"@type\":\"EntryPoint\",\"urlTemplate\":\"https:\\\/\\\/zapateneo.net\\\/wordpress\\\/?s={search_term_string}\"},\"query-input\":{\"@type\":\"PropertyValueSpecification\",\"valueRequired\":true,\"valueName\":\"search_term_string\"}}],\"inLanguage\":\"es\"},{\"@type\":\"Organization\",\"@id\":\"https:\\\/\\\/zapateneo.net\\\/wordpress\\\/#organization\",\"name\":\"Zapateneo Kultur Elkartea\",\"url\":\"https:\\\/\\\/zapateneo.net\\\/wordpress\\\/\",\"logo\":{\"@type\":\"ImageObject\",\"inLanguage\":\"es\",\"@id\":\"https:\\\/\\\/zapateneo.net\\\/wordpress\\\/#\\\/schema\\\/logo\\\/image\\\/\",\"url\":\"https:\\\/\\\/zapateneo.net\\\/wordpress\\\/wp-content\\\/uploads\\\/2021\\\/04\\\/zap-libu-kolec.jpg\",\"contentUrl\":\"https:\\\/\\\/zapateneo.net\\\/wordpress\\\/wp-content\\\/uploads\\\/2021\\\/04\\\/zap-libu-kolec.jpg\",\"width\":2234,\"height\":398,\"caption\":\"Zapateneo Kultur Elkartea\"},\"image\":{\"@id\":\"https:\\\/\\\/zapateneo.net\\\/wordpress\\\/#\\\/schema\\\/logo\\\/image\\\/\"},\"sameAs\":[\"https:\\\/\\\/x.com\\\/zapateneo\"]}]}<\/script>\n<!-- \/ Yoast SEO plugin. -->","yoast_head_json":{"title":"QUI\u00c9N INVADE A QUI\u00c9N. DEL COLONIALISMO AL II PLAN \u00c1FRICA &#8212; Zapateneo","robots":{"index":"index","follow":"follow","max-snippet":"max-snippet:-1","max-image-preview":"max-image-preview:large","max-video-preview":"max-video-preview:-1"},"canonical":"https:\/\/zapateneo.net\/wordpress\/index.php\/producto\/quien-invade-a-quien-del-colonialismo-al-ii-plan-africa\/","og_locale":"es_ES","og_type":"article","og_title":"QUI\u00c9N INVADE A QUI\u00c9N. DEL COLONIALISMO AL II PLAN \u00c1FRICA &#8212; Zapateneo","og_description":"Eduardo Romero Garc\u00eda 978-84-939633-0-9 - Cambalache - 2011 - 104 p\u00e1ginas \/orri.","og_url":"https:\/\/zapateneo.net\/wordpress\/index.php\/producto\/quien-invade-a-quien-del-colonialismo-al-ii-plan-africa\/","og_site_name":"Zapateneo","article_modified_time":"2021-04-08T15:15:44+00:00","og_image":[{"width":400,"height":400,"url":"https:\/\/zapateneo.net\/wordpress\/wp-content\/uploads\/2021\/04\/quien-invade-a-quien-del-colonialismo-al-ii-plan-africa-e1589912224969.jpg","type":"image\/jpeg"}],"twitter_card":"summary_large_image","twitter_site":"@zapateneo","twitter_misc":{"Tiempo de lectura":"1 minuto"},"schema":{"@context":"https:\/\/schema.org","@graph":[{"@type":"WebPage","@id":"https:\/\/zapateneo.net\/wordpress\/index.php\/producto\/quien-invade-a-quien-del-colonialismo-al-ii-plan-africa\/","url":"https:\/\/zapateneo.net\/wordpress\/index.php\/producto\/quien-invade-a-quien-del-colonialismo-al-ii-plan-africa\/","name":"QUI\u00c9N INVADE A QUI\u00c9N. DEL COLONIALISMO AL II PLAN \u00c1FRICA &#8212; Zapateneo","isPartOf":{"@id":"https:\/\/zapateneo.net\/wordpress\/#website"},"primaryImageOfPage":{"@id":"https:\/\/zapateneo.net\/wordpress\/index.php\/producto\/quien-invade-a-quien-del-colonialismo-al-ii-plan-africa\/#primaryimage"},"image":{"@id":"https:\/\/zapateneo.net\/wordpress\/index.php\/producto\/quien-invade-a-quien-del-colonialismo-al-ii-plan-africa\/#primaryimage"},"thumbnailUrl":"https:\/\/zapateneo.net\/wordpress\/wp-content\/uploads\/2021\/04\/quien-invade-a-quien-del-colonialismo-al-ii-plan-africa-e1589912224969.jpg","datePublished":"2021-04-08T15:14:53+00:00","dateModified":"2021-04-08T15:15:44+00:00","breadcrumb":{"@id":"https:\/\/zapateneo.net\/wordpress\/index.php\/producto\/quien-invade-a-quien-del-colonialismo-al-ii-plan-africa\/#breadcrumb"},"inLanguage":"es","potentialAction":[{"@type":"ReadAction","target":["https:\/\/zapateneo.net\/wordpress\/index.php\/producto\/quien-invade-a-quien-del-colonialismo-al-ii-plan-africa\/"]}]},{"@type":"ImageObject","inLanguage":"es","@id":"https:\/\/zapateneo.net\/wordpress\/index.php\/producto\/quien-invade-a-quien-del-colonialismo-al-ii-plan-africa\/#primaryimage","url":"https:\/\/zapateneo.net\/wordpress\/wp-content\/uploads\/2021\/04\/quien-invade-a-quien-del-colonialismo-al-ii-plan-africa-e1589912224969.jpg","contentUrl":"https:\/\/zapateneo.net\/wordpress\/wp-content\/uploads\/2021\/04\/quien-invade-a-quien-del-colonialismo-al-ii-plan-africa-e1589912224969.jpg","width":400,"height":400},{"@type":"BreadcrumbList","@id":"https:\/\/zapateneo.net\/wordpress\/index.php\/producto\/quien-invade-a-quien-del-colonialismo-al-ii-plan-africa\/#breadcrumb","itemListElement":[{"@type":"ListItem","position":1,"name":"Portada","item":"https:\/\/zapateneo.net\/wordpress\/"},{"@type":"ListItem","position":2,"name":"Tienda","item":"https:\/\/zapateneo.net\/wordpress\/"},{"@type":"ListItem","position":3,"name":"QUI\u00c9N INVADE A QUI\u00c9N. DEL COLONIALISMO AL II PLAN \u00c1FRICA"}]},{"@type":"WebSite","@id":"https:\/\/zapateneo.net\/wordpress\/#website","url":"https:\/\/zapateneo.net\/wordpress\/","name":"Zapateneo","description":"Zapateneoaren webgunea","publisher":{"@id":"https:\/\/zapateneo.net\/wordpress\/#organization"},"potentialAction":[{"@type":"SearchAction","target":{"@type":"EntryPoint","urlTemplate":"https:\/\/zapateneo.net\/wordpress\/?s={search_term_string}"},"query-input":{"@type":"PropertyValueSpecification","valueRequired":true,"valueName":"search_term_string"}}],"inLanguage":"es"},{"@type":"Organization","@id":"https:\/\/zapateneo.net\/wordpress\/#organization","name":"Zapateneo Kultur Elkartea","url":"https:\/\/zapateneo.net\/wordpress\/","logo":{"@type":"ImageObject","inLanguage":"es","@id":"https:\/\/zapateneo.net\/wordpress\/#\/schema\/logo\/image\/","url":"https:\/\/zapateneo.net\/wordpress\/wp-content\/uploads\/2021\/04\/zap-libu-kolec.jpg","contentUrl":"https:\/\/zapateneo.net\/wordpress\/wp-content\/uploads\/2021\/04\/zap-libu-kolec.jpg","width":2234,"height":398,"caption":"Zapateneo Kultur Elkartea"},"image":{"@id":"https:\/\/zapateneo.net\/wordpress\/#\/schema\/logo\/image\/"},"sameAs":["https:\/\/x.com\/zapateneo"]}]}},"_links":{"self":[{"href":"https:\/\/zapateneo.net\/wordpress\/index.php\/wp-json\/wp\/v2\/product\/4291","targetHints":{"allow":["GET"]}}],"collection":[{"href":"https:\/\/zapateneo.net\/wordpress\/index.php\/wp-json\/wp\/v2\/product"}],"about":[{"href":"https:\/\/zapateneo.net\/wordpress\/index.php\/wp-json\/wp\/v2\/types\/product"}],"wp:featuredmedia":[{"embeddable":true,"href":"https:\/\/zapateneo.net\/wordpress\/index.php\/wp-json\/wp\/v2\/media\/4332"}],"wp:attachment":[{"href":"https:\/\/zapateneo.net\/wordpress\/index.php\/wp-json\/wp\/v2\/media?parent=4291"}],"wp:term":[{"taxonomy":"product_brand","embeddable":true,"href":"https:\/\/zapateneo.net\/wordpress\/index.php\/wp-json\/wp\/v2\/product_brand?post=4291"},{"taxonomy":"product_cat","embeddable":true,"href":"https:\/\/zapateneo.net\/wordpress\/index.php\/wp-json\/wp\/v2\/product_cat?post=4291"},{"taxonomy":"product_tag","embeddable":true,"href":"https:\/\/zapateneo.net\/wordpress\/index.php\/wp-json\/wp\/v2\/product_tag?post=4291"}],"curies":[{"name":"wp","href":"https:\/\/api.w.org\/{rel}","templated":true}]}}