{"id":4290,"date":"2021-04-08T16:14:53","date_gmt":"2021-04-08T15:14:53","guid":{"rendered":"https:\/\/zapateneo.net\/wordpress\/?post_type=product&#038;p=4290"},"modified":"2021-04-08T16:15:43","modified_gmt":"2021-04-08T15:15:43","slug":"la-invencion-del-pasaporte-estado-vigilancia-y-ciudadania-2","status":"publish","type":"product","link":"https:\/\/zapateneo.net\/wordpress\/index.php\/producto\/la-invencion-del-pasaporte-estado-vigilancia-y-ciudadania-2\/","title":{"rendered":"La invenci\u00f3n del pasaporte. Estado, vigilancia y ciudadan\u00eda"},"content":{"rendered":"<p>Redadas policiales racistas, sofisticados operativos de deportaci\u00f3n, sistemas de identificaci\u00f3n facial propios de una distop\u00eda, radiograf\u00edas a menores migrantes para \u201cdeterminar\u201d su edad&#8230; Esta genealog\u00eda del pasaporte rastrea el proceso que ha permitido a los Estados desarrollar, en los dos \u00faltimos siglos, toda una serie de instrumentos que invaden la vida de las personas \u2013sus cuerpos\u2013 con el fin de establecer qui\u00e9nes tienen derecho a pertenecer al Estado y, sobre todo, qui\u00e9nes deben ser excluidas del mismo.<\/p>\n<p>\u00abLos pasaportes y los documentos de identidad, producto de complejas burocracias dedicadas a identificar a las personas y a regular su movilidad, han hecho posible una ins\u00f3lita transformaci\u00f3n de la vida social \u2013una transformaci\u00f3n semejante a aquella identificada por Marx cuando analizaba la monopolizaci\u00f3n de los medios de producci\u00f3n por parte de los capitalistas, o la revelada por Weber cuando analizaba la expropiaci\u00f3n por parte de los Estados modernos del uso leg\u00edtimo de la violencia\u2013. Para entender el mundo moderno, a estos dos tipos de \u00abexpropiaci\u00f3n\u00bb debemos a\u00f1adir un tercero: la monopolizaci\u00f3n de los medios leg\u00edtimos de movilidad por parte de los Estados [&#8230;]. Aunque este proceso tiene sus deficiencias, ha cosechado un \u00e9xito indudable regulando los movimientos de poblaci\u00f3n y determinando qui\u00e9n pertenece a cada lugar. Ello ha desempe\u00f1ado un papel fundamental en la construcci\u00f3n por parte de los Estados de \u201cnaciones\u201d aparentemente homog\u00e9neas, aunque \u00e9ste es un objetivo que, en esencia, resulta imposible de lograr.\u00bb<\/p>\n<p>Confiamos en que este libro contribuya a un objetivo m\u00e1s bien modesto: desnaturalizar un mundo caracterizado por una enorme proliferaci\u00f3n de fronteras. Desenmascarar la historia de lo que se ha convertido en normal, en hegem\u00f3nico, es siempre una condici\u00f3n necesaria para poder acabar con ello.<\/p>\n<p>John Torpey es un acad\u00e9mico estadounidense que ejerce de profesor de sociolog\u00eda e historia en la Universidad de la Ciudad de Nueva York (CUNY) y es director del Instituto Ralph Bunche de Estudios Internacionales. Sus obras se centran principalmente en analizar el papel de Estado en la configuraci\u00f3n de la vida moderna.<\/p>\n","protected":false},"excerpt":{"rendered":"<p><strong>Torpey, John<\/strong><br \/>\n978-84-121866-0-4 &#8211; Cambalache &#8211; 2020 &#8211; 320 p\u00e1ginas \/orri.<\/p>\n","protected":false},"featured_media":4331,"template":"","meta":[],"product_brand":[],"product_cat":[181,16],"product_tag":[50,2779],"class_list":{"0":"post-4290","1":"product","2":"type-product","3":"status-publish","4":"has-post-thumbnail","6":"product_cat-bazterketa-soziala-eta-errepresioa-exclusion-social-y-represion","7":"product_cat-libros","8":"product_tag-cambalache","9":"product_tag-torpey","11":"first","12":"instock","13":"sold-individually","14":"shipping-taxable","15":"purchasable","16":"product-type-simple"},"yoast_head":"<!-- This site is optimized with the Yoast SEO plugin v27.3 - https:\/\/yoast.com\/product\/yoast-seo-wordpress\/ -->\n<title>La invenci\u00f3n del pasaporte. Estado, vigilancia y ciudadan\u00eda &#8212; Zapateneo<\/title>\n<meta name=\"robots\" content=\"index, follow, max-snippet:-1, max-image-preview:large, max-video-preview:-1\" \/>\n<link rel=\"canonical\" href=\"https:\/\/zapateneo.net\/wordpress\/index.php\/producto\/la-invencion-del-pasaporte-estado-vigilancia-y-ciudadania-2\/\" \/>\n<meta property=\"og:locale\" content=\"es_ES\" \/>\n<meta property=\"og:type\" content=\"article\" \/>\n<meta property=\"og:title\" content=\"La invenci\u00f3n del pasaporte. Estado, vigilancia y ciudadan\u00eda &#8212; Zapateneo\" \/>\n<meta property=\"og:description\" content=\"Torpey, John 978-84-121866-0-4 - Cambalache - 2020 - 320 p\u00e1ginas \/orri.\" \/>\n<meta property=\"og:url\" content=\"https:\/\/zapateneo.net\/wordpress\/index.php\/producto\/la-invencion-del-pasaporte-estado-vigilancia-y-ciudadania-2\/\" \/>\n<meta property=\"og:site_name\" content=\"Zapateneo\" \/>\n<meta property=\"article:modified_time\" content=\"2021-04-08T15:15:43+00:00\" \/>\n<meta property=\"og:image\" content=\"https:\/\/zapateneo.net\/wordpress\/wp-content\/uploads\/2021\/04\/pasaporte.jpg\" \/>\n\t<meta property=\"og:image:width\" content=\"287\" \/>\n\t<meta property=\"og:image:height\" content=\"400\" \/>\n\t<meta property=\"og:image:type\" content=\"image\/jpeg\" \/>\n<meta name=\"twitter:card\" content=\"summary_large_image\" \/>\n<meta name=\"twitter:site\" content=\"@zapateneo\" \/>\n<meta name=\"twitter:label1\" content=\"Tiempo de lectura\" \/>\n\t<meta name=\"twitter:data1\" content=\"2 minutos\" \/>\n<script type=\"application\/ld+json\" class=\"yoast-schema-graph\">{\"@context\":\"https:\\\/\\\/schema.org\",\"@graph\":[{\"@type\":\"WebPage\",\"@id\":\"https:\\\/\\\/zapateneo.net\\\/wordpress\\\/index.php\\\/producto\\\/la-invencion-del-pasaporte-estado-vigilancia-y-ciudadania-2\\\/\",\"url\":\"https:\\\/\\\/zapateneo.net\\\/wordpress\\\/index.php\\\/producto\\\/la-invencion-del-pasaporte-estado-vigilancia-y-ciudadania-2\\\/\",\"name\":\"La invenci\u00f3n del pasaporte. Estado, vigilancia y ciudadan\u00eda &#8212; Zapateneo\",\"isPartOf\":{\"@id\":\"https:\\\/\\\/zapateneo.net\\\/wordpress\\\/#website\"},\"primaryImageOfPage\":{\"@id\":\"https:\\\/\\\/zapateneo.net\\\/wordpress\\\/index.php\\\/producto\\\/la-invencion-del-pasaporte-estado-vigilancia-y-ciudadania-2\\\/#primaryimage\"},\"image\":{\"@id\":\"https:\\\/\\\/zapateneo.net\\\/wordpress\\\/index.php\\\/producto\\\/la-invencion-del-pasaporte-estado-vigilancia-y-ciudadania-2\\\/#primaryimage\"},\"thumbnailUrl\":\"https:\\\/\\\/zapateneo.net\\\/wordpress\\\/wp-content\\\/uploads\\\/2021\\\/04\\\/pasaporte.jpg\",\"datePublished\":\"2021-04-08T15:14:53+00:00\",\"dateModified\":\"2021-04-08T15:15:43+00:00\",\"breadcrumb\":{\"@id\":\"https:\\\/\\\/zapateneo.net\\\/wordpress\\\/index.php\\\/producto\\\/la-invencion-del-pasaporte-estado-vigilancia-y-ciudadania-2\\\/#breadcrumb\"},\"inLanguage\":\"es\",\"potentialAction\":[{\"@type\":\"ReadAction\",\"target\":[\"https:\\\/\\\/zapateneo.net\\\/wordpress\\\/index.php\\\/producto\\\/la-invencion-del-pasaporte-estado-vigilancia-y-ciudadania-2\\\/\"]}]},{\"@type\":\"ImageObject\",\"inLanguage\":\"es\",\"@id\":\"https:\\\/\\\/zapateneo.net\\\/wordpress\\\/index.php\\\/producto\\\/la-invencion-del-pasaporte-estado-vigilancia-y-ciudadania-2\\\/#primaryimage\",\"url\":\"https:\\\/\\\/zapateneo.net\\\/wordpress\\\/wp-content\\\/uploads\\\/2021\\\/04\\\/pasaporte.jpg\",\"contentUrl\":\"https:\\\/\\\/zapateneo.net\\\/wordpress\\\/wp-content\\\/uploads\\\/2021\\\/04\\\/pasaporte.jpg\",\"width\":287,\"height\":400},{\"@type\":\"BreadcrumbList\",\"@id\":\"https:\\\/\\\/zapateneo.net\\\/wordpress\\\/index.php\\\/producto\\\/la-invencion-del-pasaporte-estado-vigilancia-y-ciudadania-2\\\/#breadcrumb\",\"itemListElement\":[{\"@type\":\"ListItem\",\"position\":1,\"name\":\"Portada\",\"item\":\"https:\\\/\\\/zapateneo.net\\\/wordpress\\\/\"},{\"@type\":\"ListItem\",\"position\":2,\"name\":\"Tienda\",\"item\":\"https:\\\/\\\/zapateneo.net\\\/wordpress\\\/\"},{\"@type\":\"ListItem\",\"position\":3,\"name\":\"La invenci\u00f3n del pasaporte. Estado, vigilancia y ciudadan\u00eda\"}]},{\"@type\":\"WebSite\",\"@id\":\"https:\\\/\\\/zapateneo.net\\\/wordpress\\\/#website\",\"url\":\"https:\\\/\\\/zapateneo.net\\\/wordpress\\\/\",\"name\":\"Zapateneo\",\"description\":\"Zapateneoaren webgunea\",\"publisher\":{\"@id\":\"https:\\\/\\\/zapateneo.net\\\/wordpress\\\/#organization\"},\"potentialAction\":[{\"@type\":\"SearchAction\",\"target\":{\"@type\":\"EntryPoint\",\"urlTemplate\":\"https:\\\/\\\/zapateneo.net\\\/wordpress\\\/?s={search_term_string}\"},\"query-input\":{\"@type\":\"PropertyValueSpecification\",\"valueRequired\":true,\"valueName\":\"search_term_string\"}}],\"inLanguage\":\"es\"},{\"@type\":\"Organization\",\"@id\":\"https:\\\/\\\/zapateneo.net\\\/wordpress\\\/#organization\",\"name\":\"Zapateneo Kultur Elkartea\",\"url\":\"https:\\\/\\\/zapateneo.net\\\/wordpress\\\/\",\"logo\":{\"@type\":\"ImageObject\",\"inLanguage\":\"es\",\"@id\":\"https:\\\/\\\/zapateneo.net\\\/wordpress\\\/#\\\/schema\\\/logo\\\/image\\\/\",\"url\":\"https:\\\/\\\/zapateneo.net\\\/wordpress\\\/wp-content\\\/uploads\\\/2021\\\/04\\\/zap-libu-kolec.jpg\",\"contentUrl\":\"https:\\\/\\\/zapateneo.net\\\/wordpress\\\/wp-content\\\/uploads\\\/2021\\\/04\\\/zap-libu-kolec.jpg\",\"width\":2234,\"height\":398,\"caption\":\"Zapateneo Kultur Elkartea\"},\"image\":{\"@id\":\"https:\\\/\\\/zapateneo.net\\\/wordpress\\\/#\\\/schema\\\/logo\\\/image\\\/\"},\"sameAs\":[\"https:\\\/\\\/x.com\\\/zapateneo\"]}]}<\/script>\n<!-- \/ Yoast SEO plugin. -->","yoast_head_json":{"title":"La invenci\u00f3n del pasaporte. Estado, vigilancia y ciudadan\u00eda &#8212; Zapateneo","robots":{"index":"index","follow":"follow","max-snippet":"max-snippet:-1","max-image-preview":"max-image-preview:large","max-video-preview":"max-video-preview:-1"},"canonical":"https:\/\/zapateneo.net\/wordpress\/index.php\/producto\/la-invencion-del-pasaporte-estado-vigilancia-y-ciudadania-2\/","og_locale":"es_ES","og_type":"article","og_title":"La invenci\u00f3n del pasaporte. Estado, vigilancia y ciudadan\u00eda &#8212; Zapateneo","og_description":"Torpey, John 978-84-121866-0-4 - Cambalache - 2020 - 320 p\u00e1ginas \/orri.","og_url":"https:\/\/zapateneo.net\/wordpress\/index.php\/producto\/la-invencion-del-pasaporte-estado-vigilancia-y-ciudadania-2\/","og_site_name":"Zapateneo","article_modified_time":"2021-04-08T15:15:43+00:00","og_image":[{"width":287,"height":400,"url":"https:\/\/zapateneo.net\/wordpress\/wp-content\/uploads\/2021\/04\/pasaporte.jpg","type":"image\/jpeg"}],"twitter_card":"summary_large_image","twitter_site":"@zapateneo","twitter_misc":{"Tiempo de lectura":"2 minutos"},"schema":{"@context":"https:\/\/schema.org","@graph":[{"@type":"WebPage","@id":"https:\/\/zapateneo.net\/wordpress\/index.php\/producto\/la-invencion-del-pasaporte-estado-vigilancia-y-ciudadania-2\/","url":"https:\/\/zapateneo.net\/wordpress\/index.php\/producto\/la-invencion-del-pasaporte-estado-vigilancia-y-ciudadania-2\/","name":"La invenci\u00f3n del pasaporte. Estado, vigilancia y ciudadan\u00eda &#8212; Zapateneo","isPartOf":{"@id":"https:\/\/zapateneo.net\/wordpress\/#website"},"primaryImageOfPage":{"@id":"https:\/\/zapateneo.net\/wordpress\/index.php\/producto\/la-invencion-del-pasaporte-estado-vigilancia-y-ciudadania-2\/#primaryimage"},"image":{"@id":"https:\/\/zapateneo.net\/wordpress\/index.php\/producto\/la-invencion-del-pasaporte-estado-vigilancia-y-ciudadania-2\/#primaryimage"},"thumbnailUrl":"https:\/\/zapateneo.net\/wordpress\/wp-content\/uploads\/2021\/04\/pasaporte.jpg","datePublished":"2021-04-08T15:14:53+00:00","dateModified":"2021-04-08T15:15:43+00:00","breadcrumb":{"@id":"https:\/\/zapateneo.net\/wordpress\/index.php\/producto\/la-invencion-del-pasaporte-estado-vigilancia-y-ciudadania-2\/#breadcrumb"},"inLanguage":"es","potentialAction":[{"@type":"ReadAction","target":["https:\/\/zapateneo.net\/wordpress\/index.php\/producto\/la-invencion-del-pasaporte-estado-vigilancia-y-ciudadania-2\/"]}]},{"@type":"ImageObject","inLanguage":"es","@id":"https:\/\/zapateneo.net\/wordpress\/index.php\/producto\/la-invencion-del-pasaporte-estado-vigilancia-y-ciudadania-2\/#primaryimage","url":"https:\/\/zapateneo.net\/wordpress\/wp-content\/uploads\/2021\/04\/pasaporte.jpg","contentUrl":"https:\/\/zapateneo.net\/wordpress\/wp-content\/uploads\/2021\/04\/pasaporte.jpg","width":287,"height":400},{"@type":"BreadcrumbList","@id":"https:\/\/zapateneo.net\/wordpress\/index.php\/producto\/la-invencion-del-pasaporte-estado-vigilancia-y-ciudadania-2\/#breadcrumb","itemListElement":[{"@type":"ListItem","position":1,"name":"Portada","item":"https:\/\/zapateneo.net\/wordpress\/"},{"@type":"ListItem","position":2,"name":"Tienda","item":"https:\/\/zapateneo.net\/wordpress\/"},{"@type":"ListItem","position":3,"name":"La invenci\u00f3n del pasaporte. Estado, vigilancia y ciudadan\u00eda"}]},{"@type":"WebSite","@id":"https:\/\/zapateneo.net\/wordpress\/#website","url":"https:\/\/zapateneo.net\/wordpress\/","name":"Zapateneo","description":"Zapateneoaren webgunea","publisher":{"@id":"https:\/\/zapateneo.net\/wordpress\/#organization"},"potentialAction":[{"@type":"SearchAction","target":{"@type":"EntryPoint","urlTemplate":"https:\/\/zapateneo.net\/wordpress\/?s={search_term_string}"},"query-input":{"@type":"PropertyValueSpecification","valueRequired":true,"valueName":"search_term_string"}}],"inLanguage":"es"},{"@type":"Organization","@id":"https:\/\/zapateneo.net\/wordpress\/#organization","name":"Zapateneo Kultur Elkartea","url":"https:\/\/zapateneo.net\/wordpress\/","logo":{"@type":"ImageObject","inLanguage":"es","@id":"https:\/\/zapateneo.net\/wordpress\/#\/schema\/logo\/image\/","url":"https:\/\/zapateneo.net\/wordpress\/wp-content\/uploads\/2021\/04\/zap-libu-kolec.jpg","contentUrl":"https:\/\/zapateneo.net\/wordpress\/wp-content\/uploads\/2021\/04\/zap-libu-kolec.jpg","width":2234,"height":398,"caption":"Zapateneo Kultur Elkartea"},"image":{"@id":"https:\/\/zapateneo.net\/wordpress\/#\/schema\/logo\/image\/"},"sameAs":["https:\/\/x.com\/zapateneo"]}]}},"_links":{"self":[{"href":"https:\/\/zapateneo.net\/wordpress\/index.php\/wp-json\/wp\/v2\/product\/4290","targetHints":{"allow":["GET"]}}],"collection":[{"href":"https:\/\/zapateneo.net\/wordpress\/index.php\/wp-json\/wp\/v2\/product"}],"about":[{"href":"https:\/\/zapateneo.net\/wordpress\/index.php\/wp-json\/wp\/v2\/types\/product"}],"wp:featuredmedia":[{"embeddable":true,"href":"https:\/\/zapateneo.net\/wordpress\/index.php\/wp-json\/wp\/v2\/media\/4331"}],"wp:attachment":[{"href":"https:\/\/zapateneo.net\/wordpress\/index.php\/wp-json\/wp\/v2\/media?parent=4290"}],"wp:term":[{"taxonomy":"product_brand","embeddable":true,"href":"https:\/\/zapateneo.net\/wordpress\/index.php\/wp-json\/wp\/v2\/product_brand?post=4290"},{"taxonomy":"product_cat","embeddable":true,"href":"https:\/\/zapateneo.net\/wordpress\/index.php\/wp-json\/wp\/v2\/product_cat?post=4290"},{"taxonomy":"product_tag","embeddable":true,"href":"https:\/\/zapateneo.net\/wordpress\/index.php\/wp-json\/wp\/v2\/product_tag?post=4290"}],"curies":[{"name":"wp","href":"https:\/\/api.w.org\/{rel}","templated":true}]}}