{"id":4253,"date":"2021-04-08T16:14:15","date_gmt":"2021-04-08T15:14:15","guid":{"rendered":"https:\/\/zapateneo.net\/wordpress\/?post_type=product&#038;p=4253"},"modified":"2021-04-08T16:15:01","modified_gmt":"2021-04-08T15:15:01","slug":"cartografia-de-la-desaparicion-forzada-en-colombia","status":"publish","type":"product","link":"https:\/\/zapateneo.net\/wordpress\/index.php\/producto\/cartografia-de-la-desaparicion-forzada-en-colombia\/","title":{"rendered":"Cartograf\u00eda de la desaparici\u00f3n forzada en Colombia"},"content":{"rendered":"<p>Una de las l\u00edneas de compromiso m\u00e1s claras del colectivo de La Vor\u00e1gine es el del internacionalismo y el acompa\u00f1amiento a los pueblos y colectivos que resisten a la embestida de este sistema de muerte. Por eso estamos tan contentas de haber podido participar en el proceso de la Cartograf\u00eda de la Desaparici\u00f3n Forzada en Colombia, un esfuerzo colectivo en el que un grupo de personas voluntarias han mapeado, por primera vez, los algo m\u00e1s de 80.000 casos de personas desaparecidas forzadas de los que hay registro en ese pa\u00eds.<\/p>\n<p>Un equipo interdisciplinar, agrupado en la organizaci\u00f3n Human Rights Everywhere (HREV), ha realizado esta primera Cartograf\u00eda de la Desaparici\u00f3n Forzada en Colombia, un \u00abrelato siempre incompleto de lo invisibilizado\u00bb. La cartograf\u00eda cuenta con una versi\u00f3n digital (www.desaparicionforzada.co) que ya acumula 200 mapas sobre este delito y esta semana se presenta en Colombia la versi\u00f3n en papel, que incluye 72 mapas y diversos ensayos que abordan la desaparici\u00f3n forzada desde \u00f3pticas como la territorial, jur\u00eddica, geopol\u00edtica, v\u00edctimas o desde la antropolog\u00eda social.<\/p>\n<p>Esta semana la Cartograf\u00eda ya est\u00e1 present\u00e1ndose en Colombia y all\u00e1 est\u00e1 una de nuestras compas, Paco G\u00f3mez Nadal, quien ha sido el encargado de la coordinaci\u00f3n editorial de la versi\u00f3n impresa de la Cartograf\u00eda. Emmanuel Gimeno, tambi\u00e9n de La Vor\u00e1gine, ha realizado el dise\u00f1o y la maquetaci\u00f3n, as\u00ed como ha colaborado en el trabajo de creaci\u00f3n de una iconograf\u00eda propia. La Editorial La Vor\u00e1gine, adem\u00e1s, se ha comprometido a imprimir loe ejemplares con los que Erik Arellana Bautista, uno de los miembros del equipo e hijo de Nidya Erika Bautista, desaparecida forzada el 30 de agosto de 1987, har\u00e1 incidencia pol\u00edtica en Europa en el mes de octubre.<\/p>\n<p>Colombia ha superado todas las cifras del horror. Entre 1958 y 2018, el Centro Nacional de Memoria Hist\u00f3rica ha logrado documentar 80,472 personas que fueron v\u00edctimas de desaparici\u00f3n forzada, un 168% m\u00e1s que en Argentina, un 114% m\u00e1s que en M\u00e9xico o un 101% m\u00e1s que en Guatemala. A pesar de eso, casi nada se ha estudiado el fen\u00f3meno en Colombia y los datos oficiales, la mayor\u00eda de las veces, son contradictorios.<\/p>\n<p>Dice el poeta Juan Manuel Roca en el pr\u00f3logo de la Cartograf\u00eda que \u00abes bueno repetir que el pa\u00eds que resiste no se cansa de preguntar al Estado ?a sus abiertos o embozados victimarios- por los hombres y las mujeres desaparecidos\u00bb. Y, seg\u00fan HREV, la pregunta sigue siendo pertinente porque el 99,51% de los casos sigue en la impunidad. As\u00ed que en 172 p\u00e1ginas y con la participaci\u00f3n de 11 colaboradoras se hace un complejo y extenso an\u00e1lisis del fen\u00f3meno. Os invitamos a conocer este material cargado de memoria y dignidad.<\/p>\n","protected":false},"excerpt":{"rendered":"<p><strong>Fidel Mingorance y Erik Arellana Bautista (coord.)<\/strong><br \/>\n9788412029239 &#8211; La Vor\u00e1gine &#8211; 2020 &#8211; 172 p\u00e1ginas \/orri.<\/p>\n","protected":false},"featured_media":4303,"template":"","meta":[],"product_brand":[],"product_cat":[181,16],"product_tag":[2804,787],"class_list":{"0":"post-4253","1":"product","2":"type-product","3":"status-publish","4":"has-post-thumbnail","6":"product_cat-bazterketa-soziala-eta-errepresioa-exclusion-social-y-represion","7":"product_cat-libros","8":"product_tag-fidel-mingorance-y-erik-arellana-bautista-coord","9":"product_tag-la-voragine","11":"first","12":"instock","13":"sold-individually","14":"shipping-taxable","15":"purchasable","16":"product-type-simple"},"yoast_head":"<!-- This site is optimized with the Yoast SEO plugin v27.3 - https:\/\/yoast.com\/product\/yoast-seo-wordpress\/ -->\n<title>Cartograf\u00eda de la desaparici\u00f3n forzada en Colombia &#8212; Zapateneo<\/title>\n<meta name=\"robots\" content=\"index, follow, max-snippet:-1, max-image-preview:large, max-video-preview:-1\" \/>\n<link rel=\"canonical\" href=\"https:\/\/zapateneo.net\/wordpress\/index.php\/producto\/cartografia-de-la-desaparicion-forzada-en-colombia\/\" \/>\n<meta property=\"og:locale\" content=\"es_ES\" \/>\n<meta property=\"og:type\" content=\"article\" \/>\n<meta property=\"og:title\" content=\"Cartograf\u00eda de la desaparici\u00f3n forzada en Colombia &#8212; Zapateneo\" \/>\n<meta property=\"og:description\" content=\"Fidel Mingorance y Erik Arellana Bautista (coord.) 9788412029239 - La Vor\u00e1gine - 2020 - 172 p\u00e1ginas \/orri.\" \/>\n<meta property=\"og:url\" content=\"https:\/\/zapateneo.net\/wordpress\/index.php\/producto\/cartografia-de-la-desaparicion-forzada-en-colombia\/\" \/>\n<meta property=\"og:site_name\" content=\"Zapateneo\" \/>\n<meta property=\"article:modified_time\" content=\"2021-04-08T15:15:01+00:00\" \/>\n<meta property=\"og:image\" content=\"https:\/\/zapateneo.net\/wordpress\/wp-content\/uploads\/2021\/04\/cartografia-de-la-desaparicion-forzada-en-colombia.png\" \/>\n\t<meta property=\"og:image:width\" content=\"299\" \/>\n\t<meta property=\"og:image:height\" content=\"400\" \/>\n\t<meta property=\"og:image:type\" content=\"image\/png\" \/>\n<meta name=\"twitter:card\" content=\"summary_large_image\" \/>\n<meta name=\"twitter:site\" content=\"@zapateneo\" \/>\n<meta name=\"twitter:label1\" content=\"Tiempo de lectura\" \/>\n\t<meta name=\"twitter:data1\" content=\"2 minutos\" \/>\n<script type=\"application\/ld+json\" class=\"yoast-schema-graph\">{\"@context\":\"https:\\\/\\\/schema.org\",\"@graph\":[{\"@type\":\"WebPage\",\"@id\":\"https:\\\/\\\/zapateneo.net\\\/wordpress\\\/index.php\\\/producto\\\/cartografia-de-la-desaparicion-forzada-en-colombia\\\/\",\"url\":\"https:\\\/\\\/zapateneo.net\\\/wordpress\\\/index.php\\\/producto\\\/cartografia-de-la-desaparicion-forzada-en-colombia\\\/\",\"name\":\"Cartograf\u00eda de la desaparici\u00f3n forzada en Colombia &#8212; Zapateneo\",\"isPartOf\":{\"@id\":\"https:\\\/\\\/zapateneo.net\\\/wordpress\\\/#website\"},\"primaryImageOfPage\":{\"@id\":\"https:\\\/\\\/zapateneo.net\\\/wordpress\\\/index.php\\\/producto\\\/cartografia-de-la-desaparicion-forzada-en-colombia\\\/#primaryimage\"},\"image\":{\"@id\":\"https:\\\/\\\/zapateneo.net\\\/wordpress\\\/index.php\\\/producto\\\/cartografia-de-la-desaparicion-forzada-en-colombia\\\/#primaryimage\"},\"thumbnailUrl\":\"https:\\\/\\\/zapateneo.net\\\/wordpress\\\/wp-content\\\/uploads\\\/2021\\\/04\\\/cartografia-de-la-desaparicion-forzada-en-colombia.png\",\"datePublished\":\"2021-04-08T15:14:15+00:00\",\"dateModified\":\"2021-04-08T15:15:01+00:00\",\"breadcrumb\":{\"@id\":\"https:\\\/\\\/zapateneo.net\\\/wordpress\\\/index.php\\\/producto\\\/cartografia-de-la-desaparicion-forzada-en-colombia\\\/#breadcrumb\"},\"inLanguage\":\"es\",\"potentialAction\":[{\"@type\":\"ReadAction\",\"target\":[\"https:\\\/\\\/zapateneo.net\\\/wordpress\\\/index.php\\\/producto\\\/cartografia-de-la-desaparicion-forzada-en-colombia\\\/\"]}]},{\"@type\":\"ImageObject\",\"inLanguage\":\"es\",\"@id\":\"https:\\\/\\\/zapateneo.net\\\/wordpress\\\/index.php\\\/producto\\\/cartografia-de-la-desaparicion-forzada-en-colombia\\\/#primaryimage\",\"url\":\"https:\\\/\\\/zapateneo.net\\\/wordpress\\\/wp-content\\\/uploads\\\/2021\\\/04\\\/cartografia-de-la-desaparicion-forzada-en-colombia.png\",\"contentUrl\":\"https:\\\/\\\/zapateneo.net\\\/wordpress\\\/wp-content\\\/uploads\\\/2021\\\/04\\\/cartografia-de-la-desaparicion-forzada-en-colombia.png\",\"width\":299,\"height\":400},{\"@type\":\"BreadcrumbList\",\"@id\":\"https:\\\/\\\/zapateneo.net\\\/wordpress\\\/index.php\\\/producto\\\/cartografia-de-la-desaparicion-forzada-en-colombia\\\/#breadcrumb\",\"itemListElement\":[{\"@type\":\"ListItem\",\"position\":1,\"name\":\"Portada\",\"item\":\"https:\\\/\\\/zapateneo.net\\\/wordpress\\\/\"},{\"@type\":\"ListItem\",\"position\":2,\"name\":\"Tienda\",\"item\":\"https:\\\/\\\/zapateneo.net\\\/wordpress\\\/\"},{\"@type\":\"ListItem\",\"position\":3,\"name\":\"Cartograf\u00eda de la desaparici\u00f3n forzada en Colombia\"}]},{\"@type\":\"WebSite\",\"@id\":\"https:\\\/\\\/zapateneo.net\\\/wordpress\\\/#website\",\"url\":\"https:\\\/\\\/zapateneo.net\\\/wordpress\\\/\",\"name\":\"Zapateneo\",\"description\":\"Zapateneoaren webgunea\",\"publisher\":{\"@id\":\"https:\\\/\\\/zapateneo.net\\\/wordpress\\\/#organization\"},\"potentialAction\":[{\"@type\":\"SearchAction\",\"target\":{\"@type\":\"EntryPoint\",\"urlTemplate\":\"https:\\\/\\\/zapateneo.net\\\/wordpress\\\/?s={search_term_string}\"},\"query-input\":{\"@type\":\"PropertyValueSpecification\",\"valueRequired\":true,\"valueName\":\"search_term_string\"}}],\"inLanguage\":\"es\"},{\"@type\":\"Organization\",\"@id\":\"https:\\\/\\\/zapateneo.net\\\/wordpress\\\/#organization\",\"name\":\"Zapateneo Kultur Elkartea\",\"url\":\"https:\\\/\\\/zapateneo.net\\\/wordpress\\\/\",\"logo\":{\"@type\":\"ImageObject\",\"inLanguage\":\"es\",\"@id\":\"https:\\\/\\\/zapateneo.net\\\/wordpress\\\/#\\\/schema\\\/logo\\\/image\\\/\",\"url\":\"https:\\\/\\\/zapateneo.net\\\/wordpress\\\/wp-content\\\/uploads\\\/2021\\\/04\\\/zap-libu-kolec.jpg\",\"contentUrl\":\"https:\\\/\\\/zapateneo.net\\\/wordpress\\\/wp-content\\\/uploads\\\/2021\\\/04\\\/zap-libu-kolec.jpg\",\"width\":2234,\"height\":398,\"caption\":\"Zapateneo Kultur Elkartea\"},\"image\":{\"@id\":\"https:\\\/\\\/zapateneo.net\\\/wordpress\\\/#\\\/schema\\\/logo\\\/image\\\/\"},\"sameAs\":[\"https:\\\/\\\/x.com\\\/zapateneo\"]}]}<\/script>\n<!-- \/ Yoast SEO plugin. -->","yoast_head_json":{"title":"Cartograf\u00eda de la desaparici\u00f3n forzada en Colombia &#8212; Zapateneo","robots":{"index":"index","follow":"follow","max-snippet":"max-snippet:-1","max-image-preview":"max-image-preview:large","max-video-preview":"max-video-preview:-1"},"canonical":"https:\/\/zapateneo.net\/wordpress\/index.php\/producto\/cartografia-de-la-desaparicion-forzada-en-colombia\/","og_locale":"es_ES","og_type":"article","og_title":"Cartograf\u00eda de la desaparici\u00f3n forzada en Colombia &#8212; Zapateneo","og_description":"Fidel Mingorance y Erik Arellana Bautista (coord.) 9788412029239 - La Vor\u00e1gine - 2020 - 172 p\u00e1ginas \/orri.","og_url":"https:\/\/zapateneo.net\/wordpress\/index.php\/producto\/cartografia-de-la-desaparicion-forzada-en-colombia\/","og_site_name":"Zapateneo","article_modified_time":"2021-04-08T15:15:01+00:00","og_image":[{"width":299,"height":400,"url":"https:\/\/zapateneo.net\/wordpress\/wp-content\/uploads\/2021\/04\/cartografia-de-la-desaparicion-forzada-en-colombia.png","type":"image\/png"}],"twitter_card":"summary_large_image","twitter_site":"@zapateneo","twitter_misc":{"Tiempo de lectura":"2 minutos"},"schema":{"@context":"https:\/\/schema.org","@graph":[{"@type":"WebPage","@id":"https:\/\/zapateneo.net\/wordpress\/index.php\/producto\/cartografia-de-la-desaparicion-forzada-en-colombia\/","url":"https:\/\/zapateneo.net\/wordpress\/index.php\/producto\/cartografia-de-la-desaparicion-forzada-en-colombia\/","name":"Cartograf\u00eda de la desaparici\u00f3n forzada en Colombia &#8212; Zapateneo","isPartOf":{"@id":"https:\/\/zapateneo.net\/wordpress\/#website"},"primaryImageOfPage":{"@id":"https:\/\/zapateneo.net\/wordpress\/index.php\/producto\/cartografia-de-la-desaparicion-forzada-en-colombia\/#primaryimage"},"image":{"@id":"https:\/\/zapateneo.net\/wordpress\/index.php\/producto\/cartografia-de-la-desaparicion-forzada-en-colombia\/#primaryimage"},"thumbnailUrl":"https:\/\/zapateneo.net\/wordpress\/wp-content\/uploads\/2021\/04\/cartografia-de-la-desaparicion-forzada-en-colombia.png","datePublished":"2021-04-08T15:14:15+00:00","dateModified":"2021-04-08T15:15:01+00:00","breadcrumb":{"@id":"https:\/\/zapateneo.net\/wordpress\/index.php\/producto\/cartografia-de-la-desaparicion-forzada-en-colombia\/#breadcrumb"},"inLanguage":"es","potentialAction":[{"@type":"ReadAction","target":["https:\/\/zapateneo.net\/wordpress\/index.php\/producto\/cartografia-de-la-desaparicion-forzada-en-colombia\/"]}]},{"@type":"ImageObject","inLanguage":"es","@id":"https:\/\/zapateneo.net\/wordpress\/index.php\/producto\/cartografia-de-la-desaparicion-forzada-en-colombia\/#primaryimage","url":"https:\/\/zapateneo.net\/wordpress\/wp-content\/uploads\/2021\/04\/cartografia-de-la-desaparicion-forzada-en-colombia.png","contentUrl":"https:\/\/zapateneo.net\/wordpress\/wp-content\/uploads\/2021\/04\/cartografia-de-la-desaparicion-forzada-en-colombia.png","width":299,"height":400},{"@type":"BreadcrumbList","@id":"https:\/\/zapateneo.net\/wordpress\/index.php\/producto\/cartografia-de-la-desaparicion-forzada-en-colombia\/#breadcrumb","itemListElement":[{"@type":"ListItem","position":1,"name":"Portada","item":"https:\/\/zapateneo.net\/wordpress\/"},{"@type":"ListItem","position":2,"name":"Tienda","item":"https:\/\/zapateneo.net\/wordpress\/"},{"@type":"ListItem","position":3,"name":"Cartograf\u00eda de la desaparici\u00f3n forzada en Colombia"}]},{"@type":"WebSite","@id":"https:\/\/zapateneo.net\/wordpress\/#website","url":"https:\/\/zapateneo.net\/wordpress\/","name":"Zapateneo","description":"Zapateneoaren webgunea","publisher":{"@id":"https:\/\/zapateneo.net\/wordpress\/#organization"},"potentialAction":[{"@type":"SearchAction","target":{"@type":"EntryPoint","urlTemplate":"https:\/\/zapateneo.net\/wordpress\/?s={search_term_string}"},"query-input":{"@type":"PropertyValueSpecification","valueRequired":true,"valueName":"search_term_string"}}],"inLanguage":"es"},{"@type":"Organization","@id":"https:\/\/zapateneo.net\/wordpress\/#organization","name":"Zapateneo Kultur Elkartea","url":"https:\/\/zapateneo.net\/wordpress\/","logo":{"@type":"ImageObject","inLanguage":"es","@id":"https:\/\/zapateneo.net\/wordpress\/#\/schema\/logo\/image\/","url":"https:\/\/zapateneo.net\/wordpress\/wp-content\/uploads\/2021\/04\/zap-libu-kolec.jpg","contentUrl":"https:\/\/zapateneo.net\/wordpress\/wp-content\/uploads\/2021\/04\/zap-libu-kolec.jpg","width":2234,"height":398,"caption":"Zapateneo Kultur Elkartea"},"image":{"@id":"https:\/\/zapateneo.net\/wordpress\/#\/schema\/logo\/image\/"},"sameAs":["https:\/\/x.com\/zapateneo"]}]}},"_links":{"self":[{"href":"https:\/\/zapateneo.net\/wordpress\/index.php\/wp-json\/wp\/v2\/product\/4253","targetHints":{"allow":["GET"]}}],"collection":[{"href":"https:\/\/zapateneo.net\/wordpress\/index.php\/wp-json\/wp\/v2\/product"}],"about":[{"href":"https:\/\/zapateneo.net\/wordpress\/index.php\/wp-json\/wp\/v2\/types\/product"}],"wp:featuredmedia":[{"embeddable":true,"href":"https:\/\/zapateneo.net\/wordpress\/index.php\/wp-json\/wp\/v2\/media\/4303"}],"wp:attachment":[{"href":"https:\/\/zapateneo.net\/wordpress\/index.php\/wp-json\/wp\/v2\/media?parent=4253"}],"wp:term":[{"taxonomy":"product_brand","embeddable":true,"href":"https:\/\/zapateneo.net\/wordpress\/index.php\/wp-json\/wp\/v2\/product_brand?post=4253"},{"taxonomy":"product_cat","embeddable":true,"href":"https:\/\/zapateneo.net\/wordpress\/index.php\/wp-json\/wp\/v2\/product_cat?post=4253"},{"taxonomy":"product_tag","embeddable":true,"href":"https:\/\/zapateneo.net\/wordpress\/index.php\/wp-json\/wp\/v2\/product_tag?post=4253"}],"curies":[{"name":"wp","href":"https:\/\/api.w.org\/{rel}","templated":true}]}}