{"id":4239,"date":"2021-04-08T16:14:11","date_gmt":"2021-04-08T15:14:11","guid":{"rendered":"https:\/\/zapateneo.net\/wordpress\/?post_type=product&#038;p=4239"},"modified":"2022-01-05T16:22:31","modified_gmt":"2022-01-05T15:22:31","slug":"soledad-brother-cartas-desde-la-prision","status":"publish","type":"product","link":"https:\/\/zapateneo.net\/wordpress\/index.php\/producto\/soledad-brother-cartas-desde-la-prision\/","title":{"rendered":"Soledad Brother. Cartas desde la prisi\u00f3n"},"content":{"rendered":"<div>\n<p>Soledad Brother es una recopilaci\u00f3n de cartas escritas durante los diez a\u00f1os que George Jackson estuvo en prisi\u00f3n. Tiernas y despiadadas, estas p\u00e1ginas nos hablan del sistema penitenciario y judicial estadounidense; del racismo y la precariedad que sufre la comunidad afroamericana; de la escuela como instituci\u00f3n colonizadora, de la neoesclavitud que padecen sus hermanos hist\u00f3ricamente despreciados por el \u00absue\u00f1o americano\u00bb.<\/p>\n<p>La vida de George Jackson es una vida de resistencia. Durante el tiempo que dur\u00f3 su cautiverio, y hasta el d\u00eda antes de su asesinato en el patio de la c\u00e1rcel, Jackson no par\u00f3 de leer y de tomar conciencia de la opresi\u00f3n. Se dedic\u00f3 a la autoformaci\u00f3n como forma de reapropiaci\u00f3n cultural, hasta convertirse en una de las voces m\u00e1s signicativas y revolucionarias del Black Panther Party.<\/p>\n<p>Esta correspondencia entre rejas se compone de abundante correo cruzado con familiares y amigos, abogadas y compa\u00f1eras de militancia. Resulta de especial inter\u00e9s la relaci\u00f3n epistolar que mantiene con Angela Davis, que nos permite conocer tanto la evoluci\u00f3n y contradicciones de su pensamiento como su propuesta pol\u00edtica. La calidad literaria que reejan sus escritos convierte esta obra en una rara avis a caballo entre el relato carcelario y el g\u00e9nero epistolar.<\/p>\n<p class=\"JustifyRight\"><em>A veces pienso que este mundo<\/em><\/p>\n<p class=\"JustifyRight\"><em>es un gran patio de prisi\u00f3n.<\/em><\/p>\n<p class=\"JustifyRight\"><em>Algunos de nosotros somos prisioneros,<\/em><\/p>\n<p class=\"JustifyRight\"><em>el resto somos guardias.<\/em><\/p>\n<p class=\"JustifyRight\">Bob Dylan, George Jackson (1971)<\/p>\n<\/div>\n<div class=\"row\">\n<div class=\"col-12 col-12-small\">\n<p><span class=\"image left autor\"><img loading=\"lazy\" decoding=\"async\" class=\"alignleft\" src=\"https:\/\/www.viruseditorial.net\/\/fotos-autor\/George-Jackson.jpg\" alt=\"george-jackson\" width=\"323\" height=\"225\" \/><\/span><\/p>\n<p><strong>George Lester Jackson\u00a0<\/strong>(Chicago,1941 &#8211; San Quint\u00edn,1971) Activista negro y miembro del Black Panther Party. Con dieciocho a\u00f1os es acusado de robar setenta d\u00f3lares en un atraco a una gasolinera en Los \u00c1ngeles. Aconsejado por su abogado, se declara culpable y es condenado a prisi\u00f3n indenida. Ya en r\u00e9gimen de aislamiento, ser\u00e1 acusado falsamente de asesinar a un guardia blanco de la prisi\u00f3n de Soledad, junto con Fleeta Drumgo y John Clutchette. Los Soledad Brothers se convertir\u00e1n en un s\u00edmbolo, pero la gran repercusi\u00f3n de su caso no evitar\u00e1 su asesinato a balazos junto con cinco presos m\u00e1s, desde una de las torres de vigilancia de la prisi\u00f3n de San Quint\u00edn. Poco antes, escrib\u00eda en recuerdo de su hermano Jonathan, acribillado en 1970, durante un intento de asalto a los juzgados de Marin: \u00abFue libre por un instante. Supongo que eso es m\u00e1s de lo que la mayor\u00eda de nosotros podemos esperar\u00bb.<\/p>\n<\/div>\n<\/div>\n","protected":false},"excerpt":{"rendered":"<p><strong>Jackson, George<\/strong><br \/>\n9788492559879 &#8211; Virus &#8211; 2018 &#8211; 413 p\u00e1ginas \/orri.<\/p>\n","protected":false},"featured_media":4267,"template":"","meta":[],"product_brand":[],"product_cat":[181,16],"product_tag":[5396,5401,2787,57],"class_list":{"0":"post-4239","1":"product","2":"type-product","3":"status-publish","4":"has-post-thumbnail","6":"product_cat-bazterketa-soziala-eta-errepresioa-exclusion-social-y-represion","7":"product_cat-libros","8":"product_tag-carcel","9":"product_tag-george-lester-jackson","10":"product_tag-jackson","11":"product_tag-virus","13":"first","14":"instock","15":"sold-individually","16":"shipping-taxable","17":"purchasable","18":"product-type-simple"},"yoast_head":"<!-- This site is optimized with the Yoast SEO plugin v27.3 - https:\/\/yoast.com\/product\/yoast-seo-wordpress\/ -->\n<title>Soledad Brother. Cartas desde la prisi\u00f3n &#8212; Zapateneo<\/title>\n<meta name=\"robots\" content=\"index, follow, max-snippet:-1, max-image-preview:large, max-video-preview:-1\" \/>\n<link rel=\"canonical\" href=\"https:\/\/zapateneo.net\/wordpress\/index.php\/producto\/soledad-brother-cartas-desde-la-prision\/\" \/>\n<meta property=\"og:locale\" content=\"es_ES\" \/>\n<meta property=\"og:type\" content=\"article\" \/>\n<meta property=\"og:title\" content=\"Soledad Brother. Cartas desde la prisi\u00f3n &#8212; Zapateneo\" \/>\n<meta property=\"og:description\" content=\"Jackson, George 9788492559879 - Virus - 2018 - 413 p\u00e1ginas \/orri.\" \/>\n<meta property=\"og:url\" content=\"https:\/\/zapateneo.net\/wordpress\/index.php\/producto\/soledad-brother-cartas-desde-la-prision\/\" \/>\n<meta property=\"og:site_name\" content=\"Zapateneo\" \/>\n<meta property=\"article:modified_time\" content=\"2022-01-05T15:22:31+00:00\" \/>\n<meta property=\"og:image\" content=\"https:\/\/zapateneo.net\/wordpress\/wp-content\/uploads\/2021\/04\/9788492559879.jpg\" \/>\n\t<meta property=\"og:image:width\" content=\"120\" \/>\n\t<meta property=\"og:image:height\" content=\"176\" \/>\n\t<meta property=\"og:image:type\" content=\"image\/jpeg\" \/>\n<meta name=\"twitter:card\" content=\"summary_large_image\" \/>\n<meta name=\"twitter:site\" content=\"@zapateneo\" \/>\n<meta name=\"twitter:label1\" content=\"Tiempo de lectura\" \/>\n\t<meta name=\"twitter:data1\" content=\"2 minutos\" \/>\n<script type=\"application\/ld+json\" class=\"yoast-schema-graph\">{\"@context\":\"https:\\\/\\\/schema.org\",\"@graph\":[{\"@type\":\"WebPage\",\"@id\":\"https:\\\/\\\/zapateneo.net\\\/wordpress\\\/index.php\\\/producto\\\/soledad-brother-cartas-desde-la-prision\\\/\",\"url\":\"https:\\\/\\\/zapateneo.net\\\/wordpress\\\/index.php\\\/producto\\\/soledad-brother-cartas-desde-la-prision\\\/\",\"name\":\"Soledad Brother. Cartas desde la prisi\u00f3n &#8212; Zapateneo\",\"isPartOf\":{\"@id\":\"https:\\\/\\\/zapateneo.net\\\/wordpress\\\/#website\"},\"primaryImageOfPage\":{\"@id\":\"https:\\\/\\\/zapateneo.net\\\/wordpress\\\/index.php\\\/producto\\\/soledad-brother-cartas-desde-la-prision\\\/#primaryimage\"},\"image\":{\"@id\":\"https:\\\/\\\/zapateneo.net\\\/wordpress\\\/index.php\\\/producto\\\/soledad-brother-cartas-desde-la-prision\\\/#primaryimage\"},\"thumbnailUrl\":\"https:\\\/\\\/zapateneo.net\\\/wordpress\\\/wp-content\\\/uploads\\\/2021\\\/04\\\/9788492559879.jpg\",\"datePublished\":\"2021-04-08T15:14:11+00:00\",\"dateModified\":\"2022-01-05T15:22:31+00:00\",\"breadcrumb\":{\"@id\":\"https:\\\/\\\/zapateneo.net\\\/wordpress\\\/index.php\\\/producto\\\/soledad-brother-cartas-desde-la-prision\\\/#breadcrumb\"},\"inLanguage\":\"es\",\"potentialAction\":[{\"@type\":\"ReadAction\",\"target\":[\"https:\\\/\\\/zapateneo.net\\\/wordpress\\\/index.php\\\/producto\\\/soledad-brother-cartas-desde-la-prision\\\/\"]}]},{\"@type\":\"ImageObject\",\"inLanguage\":\"es\",\"@id\":\"https:\\\/\\\/zapateneo.net\\\/wordpress\\\/index.php\\\/producto\\\/soledad-brother-cartas-desde-la-prision\\\/#primaryimage\",\"url\":\"https:\\\/\\\/zapateneo.net\\\/wordpress\\\/wp-content\\\/uploads\\\/2021\\\/04\\\/9788492559879.jpg\",\"contentUrl\":\"https:\\\/\\\/zapateneo.net\\\/wordpress\\\/wp-content\\\/uploads\\\/2021\\\/04\\\/9788492559879.jpg\",\"width\":120,\"height\":176},{\"@type\":\"BreadcrumbList\",\"@id\":\"https:\\\/\\\/zapateneo.net\\\/wordpress\\\/index.php\\\/producto\\\/soledad-brother-cartas-desde-la-prision\\\/#breadcrumb\",\"itemListElement\":[{\"@type\":\"ListItem\",\"position\":1,\"name\":\"Portada\",\"item\":\"https:\\\/\\\/zapateneo.net\\\/wordpress\\\/\"},{\"@type\":\"ListItem\",\"position\":2,\"name\":\"Tienda\",\"item\":\"https:\\\/\\\/zapateneo.net\\\/wordpress\\\/\"},{\"@type\":\"ListItem\",\"position\":3,\"name\":\"Soledad Brother. Cartas desde la prisi\u00f3n\"}]},{\"@type\":\"WebSite\",\"@id\":\"https:\\\/\\\/zapateneo.net\\\/wordpress\\\/#website\",\"url\":\"https:\\\/\\\/zapateneo.net\\\/wordpress\\\/\",\"name\":\"Zapateneo\",\"description\":\"Zapateneoaren webgunea\",\"publisher\":{\"@id\":\"https:\\\/\\\/zapateneo.net\\\/wordpress\\\/#organization\"},\"potentialAction\":[{\"@type\":\"SearchAction\",\"target\":{\"@type\":\"EntryPoint\",\"urlTemplate\":\"https:\\\/\\\/zapateneo.net\\\/wordpress\\\/?s={search_term_string}\"},\"query-input\":{\"@type\":\"PropertyValueSpecification\",\"valueRequired\":true,\"valueName\":\"search_term_string\"}}],\"inLanguage\":\"es\"},{\"@type\":\"Organization\",\"@id\":\"https:\\\/\\\/zapateneo.net\\\/wordpress\\\/#organization\",\"name\":\"Zapateneo Kultur Elkartea\",\"url\":\"https:\\\/\\\/zapateneo.net\\\/wordpress\\\/\",\"logo\":{\"@type\":\"ImageObject\",\"inLanguage\":\"es\",\"@id\":\"https:\\\/\\\/zapateneo.net\\\/wordpress\\\/#\\\/schema\\\/logo\\\/image\\\/\",\"url\":\"https:\\\/\\\/zapateneo.net\\\/wordpress\\\/wp-content\\\/uploads\\\/2021\\\/04\\\/zap-libu-kolec.jpg\",\"contentUrl\":\"https:\\\/\\\/zapateneo.net\\\/wordpress\\\/wp-content\\\/uploads\\\/2021\\\/04\\\/zap-libu-kolec.jpg\",\"width\":2234,\"height\":398,\"caption\":\"Zapateneo Kultur Elkartea\"},\"image\":{\"@id\":\"https:\\\/\\\/zapateneo.net\\\/wordpress\\\/#\\\/schema\\\/logo\\\/image\\\/\"},\"sameAs\":[\"https:\\\/\\\/x.com\\\/zapateneo\"]}]}<\/script>\n<!-- \/ Yoast SEO plugin. -->","yoast_head_json":{"title":"Soledad Brother. Cartas desde la prisi\u00f3n &#8212; Zapateneo","robots":{"index":"index","follow":"follow","max-snippet":"max-snippet:-1","max-image-preview":"max-image-preview:large","max-video-preview":"max-video-preview:-1"},"canonical":"https:\/\/zapateneo.net\/wordpress\/index.php\/producto\/soledad-brother-cartas-desde-la-prision\/","og_locale":"es_ES","og_type":"article","og_title":"Soledad Brother. Cartas desde la prisi\u00f3n &#8212; Zapateneo","og_description":"Jackson, George 9788492559879 - Virus - 2018 - 413 p\u00e1ginas \/orri.","og_url":"https:\/\/zapateneo.net\/wordpress\/index.php\/producto\/soledad-brother-cartas-desde-la-prision\/","og_site_name":"Zapateneo","article_modified_time":"2022-01-05T15:22:31+00:00","og_image":[{"width":120,"height":176,"url":"https:\/\/zapateneo.net\/wordpress\/wp-content\/uploads\/2021\/04\/9788492559879.jpg","type":"image\/jpeg"}],"twitter_card":"summary_large_image","twitter_site":"@zapateneo","twitter_misc":{"Tiempo de lectura":"2 minutos"},"schema":{"@context":"https:\/\/schema.org","@graph":[{"@type":"WebPage","@id":"https:\/\/zapateneo.net\/wordpress\/index.php\/producto\/soledad-brother-cartas-desde-la-prision\/","url":"https:\/\/zapateneo.net\/wordpress\/index.php\/producto\/soledad-brother-cartas-desde-la-prision\/","name":"Soledad Brother. Cartas desde la prisi\u00f3n &#8212; Zapateneo","isPartOf":{"@id":"https:\/\/zapateneo.net\/wordpress\/#website"},"primaryImageOfPage":{"@id":"https:\/\/zapateneo.net\/wordpress\/index.php\/producto\/soledad-brother-cartas-desde-la-prision\/#primaryimage"},"image":{"@id":"https:\/\/zapateneo.net\/wordpress\/index.php\/producto\/soledad-brother-cartas-desde-la-prision\/#primaryimage"},"thumbnailUrl":"https:\/\/zapateneo.net\/wordpress\/wp-content\/uploads\/2021\/04\/9788492559879.jpg","datePublished":"2021-04-08T15:14:11+00:00","dateModified":"2022-01-05T15:22:31+00:00","breadcrumb":{"@id":"https:\/\/zapateneo.net\/wordpress\/index.php\/producto\/soledad-brother-cartas-desde-la-prision\/#breadcrumb"},"inLanguage":"es","potentialAction":[{"@type":"ReadAction","target":["https:\/\/zapateneo.net\/wordpress\/index.php\/producto\/soledad-brother-cartas-desde-la-prision\/"]}]},{"@type":"ImageObject","inLanguage":"es","@id":"https:\/\/zapateneo.net\/wordpress\/index.php\/producto\/soledad-brother-cartas-desde-la-prision\/#primaryimage","url":"https:\/\/zapateneo.net\/wordpress\/wp-content\/uploads\/2021\/04\/9788492559879.jpg","contentUrl":"https:\/\/zapateneo.net\/wordpress\/wp-content\/uploads\/2021\/04\/9788492559879.jpg","width":120,"height":176},{"@type":"BreadcrumbList","@id":"https:\/\/zapateneo.net\/wordpress\/index.php\/producto\/soledad-brother-cartas-desde-la-prision\/#breadcrumb","itemListElement":[{"@type":"ListItem","position":1,"name":"Portada","item":"https:\/\/zapateneo.net\/wordpress\/"},{"@type":"ListItem","position":2,"name":"Tienda","item":"https:\/\/zapateneo.net\/wordpress\/"},{"@type":"ListItem","position":3,"name":"Soledad Brother. Cartas desde la prisi\u00f3n"}]},{"@type":"WebSite","@id":"https:\/\/zapateneo.net\/wordpress\/#website","url":"https:\/\/zapateneo.net\/wordpress\/","name":"Zapateneo","description":"Zapateneoaren webgunea","publisher":{"@id":"https:\/\/zapateneo.net\/wordpress\/#organization"},"potentialAction":[{"@type":"SearchAction","target":{"@type":"EntryPoint","urlTemplate":"https:\/\/zapateneo.net\/wordpress\/?s={search_term_string}"},"query-input":{"@type":"PropertyValueSpecification","valueRequired":true,"valueName":"search_term_string"}}],"inLanguage":"es"},{"@type":"Organization","@id":"https:\/\/zapateneo.net\/wordpress\/#organization","name":"Zapateneo Kultur Elkartea","url":"https:\/\/zapateneo.net\/wordpress\/","logo":{"@type":"ImageObject","inLanguage":"es","@id":"https:\/\/zapateneo.net\/wordpress\/#\/schema\/logo\/image\/","url":"https:\/\/zapateneo.net\/wordpress\/wp-content\/uploads\/2021\/04\/zap-libu-kolec.jpg","contentUrl":"https:\/\/zapateneo.net\/wordpress\/wp-content\/uploads\/2021\/04\/zap-libu-kolec.jpg","width":2234,"height":398,"caption":"Zapateneo Kultur Elkartea"},"image":{"@id":"https:\/\/zapateneo.net\/wordpress\/#\/schema\/logo\/image\/"},"sameAs":["https:\/\/x.com\/zapateneo"]}]}},"_links":{"self":[{"href":"https:\/\/zapateneo.net\/wordpress\/index.php\/wp-json\/wp\/v2\/product\/4239","targetHints":{"allow":["GET"]}}],"collection":[{"href":"https:\/\/zapateneo.net\/wordpress\/index.php\/wp-json\/wp\/v2\/product"}],"about":[{"href":"https:\/\/zapateneo.net\/wordpress\/index.php\/wp-json\/wp\/v2\/types\/product"}],"wp:featuredmedia":[{"embeddable":true,"href":"https:\/\/zapateneo.net\/wordpress\/index.php\/wp-json\/wp\/v2\/media\/4267"}],"wp:attachment":[{"href":"https:\/\/zapateneo.net\/wordpress\/index.php\/wp-json\/wp\/v2\/media?parent=4239"}],"wp:term":[{"taxonomy":"product_brand","embeddable":true,"href":"https:\/\/zapateneo.net\/wordpress\/index.php\/wp-json\/wp\/v2\/product_brand?post=4239"},{"taxonomy":"product_cat","embeddable":true,"href":"https:\/\/zapateneo.net\/wordpress\/index.php\/wp-json\/wp\/v2\/product_cat?post=4239"},{"taxonomy":"product_tag","embeddable":true,"href":"https:\/\/zapateneo.net\/wordpress\/index.php\/wp-json\/wp\/v2\/product_tag?post=4239"}],"curies":[{"name":"wp","href":"https:\/\/api.w.org\/{rel}","templated":true}]}}