{"id":4027,"date":"2021-04-08T11:32:39","date_gmt":"2021-04-08T10:32:39","guid":{"rendered":"https:\/\/zapateneo.net\/wordpress\/?post_type=product&#038;p=4027"},"modified":"2021-10-18T17:10:22","modified_gmt":"2021-10-18T16:10:22","slug":"progresos-de-la-domesticacion-la-2","status":"publish","type":"product","link":"https:\/\/zapateneo.net\/wordpress\/index.php\/producto\/progresos-de-la-domesticacion-la-2\/","title":{"rendered":"PROGRESOS DE LA DOMESTICACION, LA"},"content":{"rendered":"<p>Es necesario afirmar que no habr\u00e1 \u00absalida de los Organismos Modificados Gen\u00e9ticamente\u00bb ni de ninguna de las t\u00e9cnicas biosuicidas propuestas por la econom\u00eda autonomizada, sin que se sienta la necesidad de salir de la sumisi\u00f3n a las ofertas de la t\u00e9cnica y de la industria as\u00ed como de las promesas cientifistas de un progreso ininterrumpido. Es la \u00fanica salida posible. Eso supone librarse de esta sociedad. No porque no se la pueda reformar, por supuesto, ya que es lo que se hace a diario para diferir la cat\u00e1strofe que no deja de amenazarnos. Pero la cat\u00e1strofe ya est\u00e1 aqu\u00ed: es el modo de funcionamiento normal del mundo industrial del que conviene proclamar que cada uno de sus progresos engendra su propia dislocaci\u00f3n y su propio derrumbamiento permanentes; y que a\u00fan no hemos visto todo, que debemos temer cat\u00e1strofes in\u00e9ditas y resignarnos. En\u00a0<em>Los progresos de la domesticaci\u00f3n<\/em>, as\u00ed como en el resto de textos, entrevistas y documentos que se incluyen en el presente volumen, con la contundencia e iron\u00eda que s\u00f3lo un curtido agitador puede permitirse, Ren\u00e9 Riesel opina, sobre las nuevas t\u00e9cnicas de manipulaci\u00f3n gen\u00e9tica agr\u00edcola y de la superstici\u00f3n cientifista de la que surgen, pero tambi\u00e9n sobre el proceso -iniciado en Francia en enero de 1.998- de obstaculizaci\u00f3n y sabotaje contra su implantaci\u00f3n. Y, desde la autoridad de su pr\u00e1ctica, de la nueva fraseolog\u00eda \u00abantiglobalizadora\u00bb surgida al calor de estas y otras movilizaciones, tras la que se esconde la nula voluntad de trascender la dictadura de la econom\u00eda, y bajo la que se perpet\u00faan.<\/p>\n","protected":false},"excerpt":{"rendered":"<p><strong>Riesel, Ren\u00e9<\/strong><br \/>\n9788496044302 &#8211; PRECIPITE\/MUT. BURUT. &#8211; &#8211; p\u00e1ginas \/orri.<\/p>\n","protected":false},"featured_media":8615,"template":"","meta":[],"product_brand":[],"product_cat":[180,16],"product_tag":[4625,780,2695],"class_list":{"0":"post-4027","1":"product","2":"type-product","3":"status-publish","4":"has-post-thumbnail","6":"product_cat-ekologia-ecologia","7":"product_cat-libros","8":"product_tag-autonomia","9":"product_tag-muturreko-burutazioak","10":"product_tag-precipite","12":"first","13":"instock","14":"sold-individually","15":"shipping-taxable","16":"purchasable","17":"product-type-simple"},"yoast_head":"<!-- This site is optimized with the Yoast SEO plugin v27.3 - https:\/\/yoast.com\/product\/yoast-seo-wordpress\/ -->\n<title>PROGRESOS DE LA DOMESTICACION, LA &#8212; Zapateneo<\/title>\n<meta name=\"robots\" content=\"index, follow, max-snippet:-1, max-image-preview:large, max-video-preview:-1\" \/>\n<link rel=\"canonical\" href=\"https:\/\/zapateneo.net\/wordpress\/index.php\/producto\/progresos-de-la-domesticacion-la-2\/\" \/>\n<meta property=\"og:locale\" content=\"es_ES\" \/>\n<meta property=\"og:type\" content=\"article\" \/>\n<meta property=\"og:title\" content=\"PROGRESOS DE LA DOMESTICACION, LA &#8212; Zapateneo\" \/>\n<meta property=\"og:description\" content=\"Riesel, Ren\u00e9 9788496044302 - PRECIPITE\/MUT. BURUT. - - p\u00e1ginas \/orri.\" \/>\n<meta property=\"og:url\" content=\"https:\/\/zapateneo.net\/wordpress\/index.php\/producto\/progresos-de-la-domesticacion-la-2\/\" \/>\n<meta property=\"og:site_name\" content=\"Zapateneo\" \/>\n<meta property=\"article:modified_time\" content=\"2021-10-18T16:10:22+00:00\" \/>\n<meta property=\"og:image\" content=\"https:\/\/zapateneo.net\/wordpress\/wp-content\/uploads\/2021\/04\/Los-progresos-de-la-domesticacion-i1n13622671.jpg\" \/>\n\t<meta property=\"og:image:width\" content=\"173\" \/>\n\t<meta property=\"og:image:height\" content=\"272\" \/>\n\t<meta property=\"og:image:type\" content=\"image\/jpeg\" \/>\n<meta name=\"twitter:card\" content=\"summary_large_image\" \/>\n<meta name=\"twitter:site\" content=\"@zapateneo\" \/>\n<meta name=\"twitter:label1\" content=\"Tiempo de lectura\" \/>\n\t<meta name=\"twitter:data1\" content=\"2 minutos\" \/>\n<script type=\"application\/ld+json\" class=\"yoast-schema-graph\">{\"@context\":\"https:\\\/\\\/schema.org\",\"@graph\":[{\"@type\":\"WebPage\",\"@id\":\"https:\\\/\\\/zapateneo.net\\\/wordpress\\\/index.php\\\/producto\\\/progresos-de-la-domesticacion-la-2\\\/\",\"url\":\"https:\\\/\\\/zapateneo.net\\\/wordpress\\\/index.php\\\/producto\\\/progresos-de-la-domesticacion-la-2\\\/\",\"name\":\"PROGRESOS DE LA DOMESTICACION, LA &#8212; Zapateneo\",\"isPartOf\":{\"@id\":\"https:\\\/\\\/zapateneo.net\\\/wordpress\\\/#website\"},\"primaryImageOfPage\":{\"@id\":\"https:\\\/\\\/zapateneo.net\\\/wordpress\\\/index.php\\\/producto\\\/progresos-de-la-domesticacion-la-2\\\/#primaryimage\"},\"image\":{\"@id\":\"https:\\\/\\\/zapateneo.net\\\/wordpress\\\/index.php\\\/producto\\\/progresos-de-la-domesticacion-la-2\\\/#primaryimage\"},\"thumbnailUrl\":\"https:\\\/\\\/zapateneo.net\\\/wordpress\\\/wp-content\\\/uploads\\\/2021\\\/04\\\/Los-progresos-de-la-domesticacion-i1n13622671.jpg\",\"datePublished\":\"2021-04-08T10:32:39+00:00\",\"dateModified\":\"2021-10-18T16:10:22+00:00\",\"breadcrumb\":{\"@id\":\"https:\\\/\\\/zapateneo.net\\\/wordpress\\\/index.php\\\/producto\\\/progresos-de-la-domesticacion-la-2\\\/#breadcrumb\"},\"inLanguage\":\"es\",\"potentialAction\":[{\"@type\":\"ReadAction\",\"target\":[\"https:\\\/\\\/zapateneo.net\\\/wordpress\\\/index.php\\\/producto\\\/progresos-de-la-domesticacion-la-2\\\/\"]}]},{\"@type\":\"ImageObject\",\"inLanguage\":\"es\",\"@id\":\"https:\\\/\\\/zapateneo.net\\\/wordpress\\\/index.php\\\/producto\\\/progresos-de-la-domesticacion-la-2\\\/#primaryimage\",\"url\":\"https:\\\/\\\/zapateneo.net\\\/wordpress\\\/wp-content\\\/uploads\\\/2021\\\/04\\\/Los-progresos-de-la-domesticacion-i1n13622671.jpg\",\"contentUrl\":\"https:\\\/\\\/zapateneo.net\\\/wordpress\\\/wp-content\\\/uploads\\\/2021\\\/04\\\/Los-progresos-de-la-domesticacion-i1n13622671.jpg\",\"width\":173,\"height\":272},{\"@type\":\"BreadcrumbList\",\"@id\":\"https:\\\/\\\/zapateneo.net\\\/wordpress\\\/index.php\\\/producto\\\/progresos-de-la-domesticacion-la-2\\\/#breadcrumb\",\"itemListElement\":[{\"@type\":\"ListItem\",\"position\":1,\"name\":\"Portada\",\"item\":\"https:\\\/\\\/zapateneo.net\\\/wordpress\\\/\"},{\"@type\":\"ListItem\",\"position\":2,\"name\":\"Tienda\",\"item\":\"https:\\\/\\\/zapateneo.net\\\/wordpress\\\/\"},{\"@type\":\"ListItem\",\"position\":3,\"name\":\"PROGRESOS DE LA DOMESTICACION, LA\"}]},{\"@type\":\"WebSite\",\"@id\":\"https:\\\/\\\/zapateneo.net\\\/wordpress\\\/#website\",\"url\":\"https:\\\/\\\/zapateneo.net\\\/wordpress\\\/\",\"name\":\"Zapateneo\",\"description\":\"Zapateneoaren webgunea\",\"publisher\":{\"@id\":\"https:\\\/\\\/zapateneo.net\\\/wordpress\\\/#organization\"},\"potentialAction\":[{\"@type\":\"SearchAction\",\"target\":{\"@type\":\"EntryPoint\",\"urlTemplate\":\"https:\\\/\\\/zapateneo.net\\\/wordpress\\\/?s={search_term_string}\"},\"query-input\":{\"@type\":\"PropertyValueSpecification\",\"valueRequired\":true,\"valueName\":\"search_term_string\"}}],\"inLanguage\":\"es\"},{\"@type\":\"Organization\",\"@id\":\"https:\\\/\\\/zapateneo.net\\\/wordpress\\\/#organization\",\"name\":\"Zapateneo Kultur Elkartea\",\"url\":\"https:\\\/\\\/zapateneo.net\\\/wordpress\\\/\",\"logo\":{\"@type\":\"ImageObject\",\"inLanguage\":\"es\",\"@id\":\"https:\\\/\\\/zapateneo.net\\\/wordpress\\\/#\\\/schema\\\/logo\\\/image\\\/\",\"url\":\"https:\\\/\\\/zapateneo.net\\\/wordpress\\\/wp-content\\\/uploads\\\/2021\\\/04\\\/zap-libu-kolec.jpg\",\"contentUrl\":\"https:\\\/\\\/zapateneo.net\\\/wordpress\\\/wp-content\\\/uploads\\\/2021\\\/04\\\/zap-libu-kolec.jpg\",\"width\":2234,\"height\":398,\"caption\":\"Zapateneo Kultur Elkartea\"},\"image\":{\"@id\":\"https:\\\/\\\/zapateneo.net\\\/wordpress\\\/#\\\/schema\\\/logo\\\/image\\\/\"},\"sameAs\":[\"https:\\\/\\\/x.com\\\/zapateneo\"]}]}<\/script>\n<!-- \/ Yoast SEO plugin. -->","yoast_head_json":{"title":"PROGRESOS DE LA DOMESTICACION, LA &#8212; Zapateneo","robots":{"index":"index","follow":"follow","max-snippet":"max-snippet:-1","max-image-preview":"max-image-preview:large","max-video-preview":"max-video-preview:-1"},"canonical":"https:\/\/zapateneo.net\/wordpress\/index.php\/producto\/progresos-de-la-domesticacion-la-2\/","og_locale":"es_ES","og_type":"article","og_title":"PROGRESOS DE LA DOMESTICACION, LA &#8212; Zapateneo","og_description":"Riesel, Ren\u00e9 9788496044302 - PRECIPITE\/MUT. BURUT. - - p\u00e1ginas \/orri.","og_url":"https:\/\/zapateneo.net\/wordpress\/index.php\/producto\/progresos-de-la-domesticacion-la-2\/","og_site_name":"Zapateneo","article_modified_time":"2021-10-18T16:10:22+00:00","og_image":[{"width":173,"height":272,"url":"https:\/\/zapateneo.net\/wordpress\/wp-content\/uploads\/2021\/04\/Los-progresos-de-la-domesticacion-i1n13622671.jpg","type":"image\/jpeg"}],"twitter_card":"summary_large_image","twitter_site":"@zapateneo","twitter_misc":{"Tiempo de lectura":"2 minutos"},"schema":{"@context":"https:\/\/schema.org","@graph":[{"@type":"WebPage","@id":"https:\/\/zapateneo.net\/wordpress\/index.php\/producto\/progresos-de-la-domesticacion-la-2\/","url":"https:\/\/zapateneo.net\/wordpress\/index.php\/producto\/progresos-de-la-domesticacion-la-2\/","name":"PROGRESOS DE LA DOMESTICACION, LA &#8212; Zapateneo","isPartOf":{"@id":"https:\/\/zapateneo.net\/wordpress\/#website"},"primaryImageOfPage":{"@id":"https:\/\/zapateneo.net\/wordpress\/index.php\/producto\/progresos-de-la-domesticacion-la-2\/#primaryimage"},"image":{"@id":"https:\/\/zapateneo.net\/wordpress\/index.php\/producto\/progresos-de-la-domesticacion-la-2\/#primaryimage"},"thumbnailUrl":"https:\/\/zapateneo.net\/wordpress\/wp-content\/uploads\/2021\/04\/Los-progresos-de-la-domesticacion-i1n13622671.jpg","datePublished":"2021-04-08T10:32:39+00:00","dateModified":"2021-10-18T16:10:22+00:00","breadcrumb":{"@id":"https:\/\/zapateneo.net\/wordpress\/index.php\/producto\/progresos-de-la-domesticacion-la-2\/#breadcrumb"},"inLanguage":"es","potentialAction":[{"@type":"ReadAction","target":["https:\/\/zapateneo.net\/wordpress\/index.php\/producto\/progresos-de-la-domesticacion-la-2\/"]}]},{"@type":"ImageObject","inLanguage":"es","@id":"https:\/\/zapateneo.net\/wordpress\/index.php\/producto\/progresos-de-la-domesticacion-la-2\/#primaryimage","url":"https:\/\/zapateneo.net\/wordpress\/wp-content\/uploads\/2021\/04\/Los-progresos-de-la-domesticacion-i1n13622671.jpg","contentUrl":"https:\/\/zapateneo.net\/wordpress\/wp-content\/uploads\/2021\/04\/Los-progresos-de-la-domesticacion-i1n13622671.jpg","width":173,"height":272},{"@type":"BreadcrumbList","@id":"https:\/\/zapateneo.net\/wordpress\/index.php\/producto\/progresos-de-la-domesticacion-la-2\/#breadcrumb","itemListElement":[{"@type":"ListItem","position":1,"name":"Portada","item":"https:\/\/zapateneo.net\/wordpress\/"},{"@type":"ListItem","position":2,"name":"Tienda","item":"https:\/\/zapateneo.net\/wordpress\/"},{"@type":"ListItem","position":3,"name":"PROGRESOS DE LA DOMESTICACION, LA"}]},{"@type":"WebSite","@id":"https:\/\/zapateneo.net\/wordpress\/#website","url":"https:\/\/zapateneo.net\/wordpress\/","name":"Zapateneo","description":"Zapateneoaren webgunea","publisher":{"@id":"https:\/\/zapateneo.net\/wordpress\/#organization"},"potentialAction":[{"@type":"SearchAction","target":{"@type":"EntryPoint","urlTemplate":"https:\/\/zapateneo.net\/wordpress\/?s={search_term_string}"},"query-input":{"@type":"PropertyValueSpecification","valueRequired":true,"valueName":"search_term_string"}}],"inLanguage":"es"},{"@type":"Organization","@id":"https:\/\/zapateneo.net\/wordpress\/#organization","name":"Zapateneo Kultur Elkartea","url":"https:\/\/zapateneo.net\/wordpress\/","logo":{"@type":"ImageObject","inLanguage":"es","@id":"https:\/\/zapateneo.net\/wordpress\/#\/schema\/logo\/image\/","url":"https:\/\/zapateneo.net\/wordpress\/wp-content\/uploads\/2021\/04\/zap-libu-kolec.jpg","contentUrl":"https:\/\/zapateneo.net\/wordpress\/wp-content\/uploads\/2021\/04\/zap-libu-kolec.jpg","width":2234,"height":398,"caption":"Zapateneo Kultur Elkartea"},"image":{"@id":"https:\/\/zapateneo.net\/wordpress\/#\/schema\/logo\/image\/"},"sameAs":["https:\/\/x.com\/zapateneo"]}]}},"_links":{"self":[{"href":"https:\/\/zapateneo.net\/wordpress\/index.php\/wp-json\/wp\/v2\/product\/4027","targetHints":{"allow":["GET"]}}],"collection":[{"href":"https:\/\/zapateneo.net\/wordpress\/index.php\/wp-json\/wp\/v2\/product"}],"about":[{"href":"https:\/\/zapateneo.net\/wordpress\/index.php\/wp-json\/wp\/v2\/types\/product"}],"wp:featuredmedia":[{"embeddable":true,"href":"https:\/\/zapateneo.net\/wordpress\/index.php\/wp-json\/wp\/v2\/media\/8615"}],"wp:attachment":[{"href":"https:\/\/zapateneo.net\/wordpress\/index.php\/wp-json\/wp\/v2\/media?parent=4027"}],"wp:term":[{"taxonomy":"product_brand","embeddable":true,"href":"https:\/\/zapateneo.net\/wordpress\/index.php\/wp-json\/wp\/v2\/product_brand?post=4027"},{"taxonomy":"product_cat","embeddable":true,"href":"https:\/\/zapateneo.net\/wordpress\/index.php\/wp-json\/wp\/v2\/product_cat?post=4027"},{"taxonomy":"product_tag","embeddable":true,"href":"https:\/\/zapateneo.net\/wordpress\/index.php\/wp-json\/wp\/v2\/product_tag?post=4027"}],"curies":[{"name":"wp","href":"https:\/\/api.w.org\/{rel}","templated":true}]}}