{"id":4026,"date":"2021-04-08T11:32:39","date_gmt":"2021-04-08T10:32:39","guid":{"rendered":"https:\/\/zapateneo.net\/wordpress\/?post_type=product&#038;p=4026"},"modified":"2021-10-18T17:13:53","modified_gmt":"2021-10-18T16:13:53","slug":"el-agua-en-espana","status":"publish","type":"product","link":"https:\/\/zapateneo.net\/wordpress\/index.php\/producto\/el-agua-en-espana\/","title":{"rendered":"EL AGUA EN ESPA\u00d1A"},"content":{"rendered":"<div class=\"wpb_column pos-top pos-center align_left column_parent col-lg-12 single-internal-gutter\">\n<div class=\"uncol style-light\">\n<div class=\"uncoltable\">\n<div class=\"uncell no-block-padding\">\n<div class=\"uncont\">\n<div class=\"uncode_text_column\">\n<p>\u00abEl libro colectivo espa\u00f1ol, prologado por el profesor Pedro Arrojo, que ha tenido un papel tan destacado en las movilizaciones antitrasvase en Arag\u00f3n y en la difusi\u00f3n del concepto de Cultura de Agua frente a visiones m\u00e1s parcelarias, mercantiles y tecnocr\u00e1ticas de hidr\u00e1ulicos y economistas al uso\u2026 Desde perspectivas diversas, en las que sin embargo prima el enfoque de la econom\u00eda ecol\u00f3gica m\u00e1s que la am- biental, los autores proponen priorizar nuevas estrategias de gesti\u00f3n de la demanda (y no su satisfacci\u00f3n sin m\u00e1s), que fomenten la eficiencia y el ahorro y la recuperaci\u00f3n de la salud de nuestros depauperados r\u00edos y ecosistemas fluviales como claves para afrontar un futuro inmediato\u2026 Un libro imprescindible para planear nuestro futuro sin las sombras corruptoras e inviables de nuestro inmediato pasado\u00bb.<\/p>\n<p>Fernando Parra, <em>Archipi\u00e9lago, <\/em>n\u00ba 65\/2004<\/p>\n<p>\u00abEn \u00e9l se habla de una nueva cultura del agua y del nuevo marco jur\u00eddico europeo de la Directiva Marco; de la reforma institucional y del reto educativo, fundamental para eso que se llama futuro. Espa\u00f1a, Europa, el mundo\u2026 el agua y la vida\u00bb.<\/p>\n<p><em>P\u00e1gina Abierta, <\/em>marzo 2004<\/p>\n<p>\u00abLlibre encap\u00e7alat per Pedro Arrojo, Premi Goldman 2003, considerat el Nobel d\u2019ecologia, que aplega diversos ec\u00f3nomistes en l\u2019an\u00e0lisi del marc juridic europeu, els nous enfocaments economics i d\u2019ordenaci\u00f3 territorial i la proposta d\u2019una reforma institucional, que co- men\u00e7a per la Direcci\u00f3 General d\u2019Obres Hidr\u00e0uliques, inc\u00f2lume des del franquisme. Arrojo\u2026 explica que el model d\u2019oferta de negoci d\u2019obra hidr\u00e0ulica sota massiva subvenci\u00f3 va passar a la hist\u00f2ria el 1970 als eua, quan el president Carter, dotat d\u2019arguments, va parar els peus al lobby hidr\u00e0ulic i constructor\u00bb.<\/p>\n<p>Albert Garc\u00eda, <em>La Terra, <\/em>abril 2004<\/p>\n<p>\u00abEl agua en Espa\u00f1a est\u00e1 compuesto de tres cap\u00edtulos. El primero propone una nueva cultura del agua\u2026 En el segundo se dan nuevos enfoques econ\u00f3micos y de ordenaci\u00f3n territorial, y en el \u00faltimo se habla de una reforma institucional, que debe pasar del autoritaris- mo hidr\u00e1ulico a la gesti\u00f3n participativa, y el reto educativo\u00bb.<\/p>\n<p><em>Tecnolog\u00eda del Agua, <\/em>n\u00ba 248, mayo 2004<\/p>\n<\/div>\n<\/div>\n<\/div>\n<\/div>\n<\/div>\n<\/div>\n<p>&nbsp;<\/p>\n<p>&nbsp;<\/p>\n<p>&nbsp;<\/p>\n<p>&nbsp;<\/p>\n<p>&nbsp;<\/p>\n<p>&nbsp;<\/p>\n","protected":false},"excerpt":{"rendered":"<p><strong>VVAA<\/strong><br \/>\n9788487198892 &#8211; ORIENTE Y MEDITERRANEO &#8211; 2004 &#8211; 336 p\u00e1ginas \/orri.<\/p>\n","protected":false},"featured_media":8616,"template":"","meta":[],"product_brand":[],"product_cat":[180,16],"product_tag":[668],"class_list":{"0":"post-4026","1":"product","2":"type-product","3":"status-publish","4":"has-post-thumbnail","6":"product_cat-ekologia-ecologia","7":"product_cat-libros","8":"product_tag-oriente-y-mediterraneo","10":"first","11":"instock","12":"sold-individually","13":"shipping-taxable","14":"purchasable","15":"product-type-simple"},"yoast_head":"<!-- This site is optimized with the Yoast SEO plugin v27.3 - https:\/\/yoast.com\/product\/yoast-seo-wordpress\/ -->\n<title>EL AGUA EN ESPA\u00d1A &#8212; Zapateneo<\/title>\n<meta name=\"robots\" content=\"index, follow, max-snippet:-1, max-image-preview:large, max-video-preview:-1\" \/>\n<link rel=\"canonical\" href=\"https:\/\/zapateneo.net\/wordpress\/index.php\/producto\/el-agua-en-espana\/\" \/>\n<meta property=\"og:locale\" content=\"es_ES\" \/>\n<meta property=\"og:type\" content=\"article\" \/>\n<meta property=\"og:title\" content=\"EL AGUA EN ESPA\u00d1A &#8212; Zapateneo\" \/>\n<meta property=\"og:description\" content=\"VVAA 9788487198892 - ORIENTE Y MEDITERRANEO - 2004 - 336 p\u00e1ginas \/orri.\" \/>\n<meta property=\"og:url\" content=\"https:\/\/zapateneo.net\/wordpress\/index.php\/producto\/el-agua-en-espana\/\" \/>\n<meta property=\"og:site_name\" content=\"Zapateneo\" \/>\n<meta property=\"article:modified_time\" content=\"2021-10-18T16:13:53+00:00\" \/>\n<meta property=\"og:image\" content=\"https:\/\/zapateneo.net\/wordpress\/wp-content\/uploads\/2021\/04\/agua_espana.jpg\" \/>\n\t<meta property=\"og:image:width\" content=\"380\" \/>\n\t<meta property=\"og:image:height\" content=\"640\" \/>\n\t<meta property=\"og:image:type\" content=\"image\/jpeg\" \/>\n<meta name=\"twitter:card\" content=\"summary_large_image\" \/>\n<meta name=\"twitter:site\" content=\"@zapateneo\" \/>\n<meta name=\"twitter:label1\" content=\"Tiempo de lectura\" \/>\n\t<meta name=\"twitter:data1\" content=\"2 minutos\" \/>\n<script type=\"application\/ld+json\" class=\"yoast-schema-graph\">{\"@context\":\"https:\\\/\\\/schema.org\",\"@graph\":[{\"@type\":\"WebPage\",\"@id\":\"https:\\\/\\\/zapateneo.net\\\/wordpress\\\/index.php\\\/producto\\\/el-agua-en-espana\\\/\",\"url\":\"https:\\\/\\\/zapateneo.net\\\/wordpress\\\/index.php\\\/producto\\\/el-agua-en-espana\\\/\",\"name\":\"EL AGUA EN ESPA\u00d1A &#8212; Zapateneo\",\"isPartOf\":{\"@id\":\"https:\\\/\\\/zapateneo.net\\\/wordpress\\\/#website\"},\"primaryImageOfPage\":{\"@id\":\"https:\\\/\\\/zapateneo.net\\\/wordpress\\\/index.php\\\/producto\\\/el-agua-en-espana\\\/#primaryimage\"},\"image\":{\"@id\":\"https:\\\/\\\/zapateneo.net\\\/wordpress\\\/index.php\\\/producto\\\/el-agua-en-espana\\\/#primaryimage\"},\"thumbnailUrl\":\"https:\\\/\\\/zapateneo.net\\\/wordpress\\\/wp-content\\\/uploads\\\/2021\\\/04\\\/agua_espana.jpg\",\"datePublished\":\"2021-04-08T10:32:39+00:00\",\"dateModified\":\"2021-10-18T16:13:53+00:00\",\"breadcrumb\":{\"@id\":\"https:\\\/\\\/zapateneo.net\\\/wordpress\\\/index.php\\\/producto\\\/el-agua-en-espana\\\/#breadcrumb\"},\"inLanguage\":\"es\",\"potentialAction\":[{\"@type\":\"ReadAction\",\"target\":[\"https:\\\/\\\/zapateneo.net\\\/wordpress\\\/index.php\\\/producto\\\/el-agua-en-espana\\\/\"]}]},{\"@type\":\"ImageObject\",\"inLanguage\":\"es\",\"@id\":\"https:\\\/\\\/zapateneo.net\\\/wordpress\\\/index.php\\\/producto\\\/el-agua-en-espana\\\/#primaryimage\",\"url\":\"https:\\\/\\\/zapateneo.net\\\/wordpress\\\/wp-content\\\/uploads\\\/2021\\\/04\\\/agua_espana.jpg\",\"contentUrl\":\"https:\\\/\\\/zapateneo.net\\\/wordpress\\\/wp-content\\\/uploads\\\/2021\\\/04\\\/agua_espana.jpg\",\"width\":380,\"height\":640},{\"@type\":\"BreadcrumbList\",\"@id\":\"https:\\\/\\\/zapateneo.net\\\/wordpress\\\/index.php\\\/producto\\\/el-agua-en-espana\\\/#breadcrumb\",\"itemListElement\":[{\"@type\":\"ListItem\",\"position\":1,\"name\":\"Portada\",\"item\":\"https:\\\/\\\/zapateneo.net\\\/wordpress\\\/\"},{\"@type\":\"ListItem\",\"position\":2,\"name\":\"Tienda\",\"item\":\"https:\\\/\\\/zapateneo.net\\\/wordpress\\\/\"},{\"@type\":\"ListItem\",\"position\":3,\"name\":\"EL AGUA EN ESPA\u00d1A\"}]},{\"@type\":\"WebSite\",\"@id\":\"https:\\\/\\\/zapateneo.net\\\/wordpress\\\/#website\",\"url\":\"https:\\\/\\\/zapateneo.net\\\/wordpress\\\/\",\"name\":\"Zapateneo\",\"description\":\"Zapateneoaren webgunea\",\"publisher\":{\"@id\":\"https:\\\/\\\/zapateneo.net\\\/wordpress\\\/#organization\"},\"potentialAction\":[{\"@type\":\"SearchAction\",\"target\":{\"@type\":\"EntryPoint\",\"urlTemplate\":\"https:\\\/\\\/zapateneo.net\\\/wordpress\\\/?s={search_term_string}\"},\"query-input\":{\"@type\":\"PropertyValueSpecification\",\"valueRequired\":true,\"valueName\":\"search_term_string\"}}],\"inLanguage\":\"es\"},{\"@type\":\"Organization\",\"@id\":\"https:\\\/\\\/zapateneo.net\\\/wordpress\\\/#organization\",\"name\":\"Zapateneo Kultur Elkartea\",\"url\":\"https:\\\/\\\/zapateneo.net\\\/wordpress\\\/\",\"logo\":{\"@type\":\"ImageObject\",\"inLanguage\":\"es\",\"@id\":\"https:\\\/\\\/zapateneo.net\\\/wordpress\\\/#\\\/schema\\\/logo\\\/image\\\/\",\"url\":\"https:\\\/\\\/zapateneo.net\\\/wordpress\\\/wp-content\\\/uploads\\\/2021\\\/04\\\/zap-libu-kolec.jpg\",\"contentUrl\":\"https:\\\/\\\/zapateneo.net\\\/wordpress\\\/wp-content\\\/uploads\\\/2021\\\/04\\\/zap-libu-kolec.jpg\",\"width\":2234,\"height\":398,\"caption\":\"Zapateneo Kultur Elkartea\"},\"image\":{\"@id\":\"https:\\\/\\\/zapateneo.net\\\/wordpress\\\/#\\\/schema\\\/logo\\\/image\\\/\"},\"sameAs\":[\"https:\\\/\\\/x.com\\\/zapateneo\"]}]}<\/script>\n<!-- \/ Yoast SEO plugin. -->","yoast_head_json":{"title":"EL AGUA EN ESPA\u00d1A &#8212; Zapateneo","robots":{"index":"index","follow":"follow","max-snippet":"max-snippet:-1","max-image-preview":"max-image-preview:large","max-video-preview":"max-video-preview:-1"},"canonical":"https:\/\/zapateneo.net\/wordpress\/index.php\/producto\/el-agua-en-espana\/","og_locale":"es_ES","og_type":"article","og_title":"EL AGUA EN ESPA\u00d1A &#8212; Zapateneo","og_description":"VVAA 9788487198892 - ORIENTE Y MEDITERRANEO - 2004 - 336 p\u00e1ginas \/orri.","og_url":"https:\/\/zapateneo.net\/wordpress\/index.php\/producto\/el-agua-en-espana\/","og_site_name":"Zapateneo","article_modified_time":"2021-10-18T16:13:53+00:00","og_image":[{"width":380,"height":640,"url":"https:\/\/zapateneo.net\/wordpress\/wp-content\/uploads\/2021\/04\/agua_espana.jpg","type":"image\/jpeg"}],"twitter_card":"summary_large_image","twitter_site":"@zapateneo","twitter_misc":{"Tiempo de lectura":"2 minutos"},"schema":{"@context":"https:\/\/schema.org","@graph":[{"@type":"WebPage","@id":"https:\/\/zapateneo.net\/wordpress\/index.php\/producto\/el-agua-en-espana\/","url":"https:\/\/zapateneo.net\/wordpress\/index.php\/producto\/el-agua-en-espana\/","name":"EL AGUA EN ESPA\u00d1A &#8212; Zapateneo","isPartOf":{"@id":"https:\/\/zapateneo.net\/wordpress\/#website"},"primaryImageOfPage":{"@id":"https:\/\/zapateneo.net\/wordpress\/index.php\/producto\/el-agua-en-espana\/#primaryimage"},"image":{"@id":"https:\/\/zapateneo.net\/wordpress\/index.php\/producto\/el-agua-en-espana\/#primaryimage"},"thumbnailUrl":"https:\/\/zapateneo.net\/wordpress\/wp-content\/uploads\/2021\/04\/agua_espana.jpg","datePublished":"2021-04-08T10:32:39+00:00","dateModified":"2021-10-18T16:13:53+00:00","breadcrumb":{"@id":"https:\/\/zapateneo.net\/wordpress\/index.php\/producto\/el-agua-en-espana\/#breadcrumb"},"inLanguage":"es","potentialAction":[{"@type":"ReadAction","target":["https:\/\/zapateneo.net\/wordpress\/index.php\/producto\/el-agua-en-espana\/"]}]},{"@type":"ImageObject","inLanguage":"es","@id":"https:\/\/zapateneo.net\/wordpress\/index.php\/producto\/el-agua-en-espana\/#primaryimage","url":"https:\/\/zapateneo.net\/wordpress\/wp-content\/uploads\/2021\/04\/agua_espana.jpg","contentUrl":"https:\/\/zapateneo.net\/wordpress\/wp-content\/uploads\/2021\/04\/agua_espana.jpg","width":380,"height":640},{"@type":"BreadcrumbList","@id":"https:\/\/zapateneo.net\/wordpress\/index.php\/producto\/el-agua-en-espana\/#breadcrumb","itemListElement":[{"@type":"ListItem","position":1,"name":"Portada","item":"https:\/\/zapateneo.net\/wordpress\/"},{"@type":"ListItem","position":2,"name":"Tienda","item":"https:\/\/zapateneo.net\/wordpress\/"},{"@type":"ListItem","position":3,"name":"EL AGUA EN ESPA\u00d1A"}]},{"@type":"WebSite","@id":"https:\/\/zapateneo.net\/wordpress\/#website","url":"https:\/\/zapateneo.net\/wordpress\/","name":"Zapateneo","description":"Zapateneoaren webgunea","publisher":{"@id":"https:\/\/zapateneo.net\/wordpress\/#organization"},"potentialAction":[{"@type":"SearchAction","target":{"@type":"EntryPoint","urlTemplate":"https:\/\/zapateneo.net\/wordpress\/?s={search_term_string}"},"query-input":{"@type":"PropertyValueSpecification","valueRequired":true,"valueName":"search_term_string"}}],"inLanguage":"es"},{"@type":"Organization","@id":"https:\/\/zapateneo.net\/wordpress\/#organization","name":"Zapateneo Kultur Elkartea","url":"https:\/\/zapateneo.net\/wordpress\/","logo":{"@type":"ImageObject","inLanguage":"es","@id":"https:\/\/zapateneo.net\/wordpress\/#\/schema\/logo\/image\/","url":"https:\/\/zapateneo.net\/wordpress\/wp-content\/uploads\/2021\/04\/zap-libu-kolec.jpg","contentUrl":"https:\/\/zapateneo.net\/wordpress\/wp-content\/uploads\/2021\/04\/zap-libu-kolec.jpg","width":2234,"height":398,"caption":"Zapateneo Kultur Elkartea"},"image":{"@id":"https:\/\/zapateneo.net\/wordpress\/#\/schema\/logo\/image\/"},"sameAs":["https:\/\/x.com\/zapateneo"]}]}},"_links":{"self":[{"href":"https:\/\/zapateneo.net\/wordpress\/index.php\/wp-json\/wp\/v2\/product\/4026","targetHints":{"allow":["GET"]}}],"collection":[{"href":"https:\/\/zapateneo.net\/wordpress\/index.php\/wp-json\/wp\/v2\/product"}],"about":[{"href":"https:\/\/zapateneo.net\/wordpress\/index.php\/wp-json\/wp\/v2\/types\/product"}],"wp:featuredmedia":[{"embeddable":true,"href":"https:\/\/zapateneo.net\/wordpress\/index.php\/wp-json\/wp\/v2\/media\/8616"}],"wp:attachment":[{"href":"https:\/\/zapateneo.net\/wordpress\/index.php\/wp-json\/wp\/v2\/media?parent=4026"}],"wp:term":[{"taxonomy":"product_brand","embeddable":true,"href":"https:\/\/zapateneo.net\/wordpress\/index.php\/wp-json\/wp\/v2\/product_brand?post=4026"},{"taxonomy":"product_cat","embeddable":true,"href":"https:\/\/zapateneo.net\/wordpress\/index.php\/wp-json\/wp\/v2\/product_cat?post=4026"},{"taxonomy":"product_tag","embeddable":true,"href":"https:\/\/zapateneo.net\/wordpress\/index.php\/wp-json\/wp\/v2\/product_tag?post=4026"}],"curies":[{"name":"wp","href":"https:\/\/api.w.org\/{rel}","templated":true}]}}