{"id":3974,"date":"2021-04-08T11:32:02","date_gmt":"2021-04-08T10:32:02","guid":{"rendered":"https:\/\/zapateneo.net\/wordpress\/?post_type=product&#038;p=3974"},"modified":"2022-01-05T18:48:46","modified_gmt":"2022-01-05T17:48:46","slug":"el-crepusculo-de-la-era-tragica-del-petroleo","status":"publish","type":"product","link":"https:\/\/zapateneo.net\/wordpress\/index.php\/producto\/el-crepusculo-de-la-era-tragica-del-petroleo\/","title":{"rendered":"El crepusculo de la era tr\u00e1gica del petr\u00f3leo"},"content":{"rendered":"<div>\n<p>El fin de la Era del Petr\u00f3leo est\u00e1 ya en el horizonte. Ese fin no acontecer\u00e1 cuando se acabe el petr\u00f3leo, sino bastante antes, cuando se inicie y profundice el declive de su oferta, a partir del llamado pico del petr\u00f3leo, tal y como alerta este texto. Pero esta Era del Petr\u00f3leo que hemos vivido especialmente en el siglo XX, y muy en concreto en su segunda mitad, una etapa de crecimiento econ\u00f3mico espectacular que ha beneficiado a una minor\u00eda del planeta y que ha incrementado las desigualdades sociales y territoriales como nunca en la historia de la humanidad, ha sido tambi\u00e9n una era tr\u00e1gica. De ah\u00ed el t\u00edtulo del libro. El petr\u00f3leo ha estado \u00edntimamente relacionado con los principales conflictos b\u00e9licos del pasado siglo, y por supuesto est\u00e1 estrechamente ligado con las nuevas guerras del reci\u00e9n iniciado siglo XXI (Irak, Afganist\u00e1n, Sud\u00e1n, etc.). El libro realiza un recorrido hist\u00f3rico por la explotaci\u00f3n del petr\u00f3leo y analiza c\u00f3mo \u00e9sta ha estado relacionada con las grandes din\u00e1micas geopol\u00edticas, cuyas tensiones se han ido concentrando principalmente en torno a Oriente Medio, donde est\u00e1n dos tercios de las reservas mundiales de crudo restantes. El fuerte alza del precio del crudo desde el inicio del nuevo milenio y la subida espectacular de la cotizaci\u00f3n del barril en los \u00faltimos tiempos son indicadores de que la era del petr\u00f3leo barato se ha acabado para siempre. Pero el declive energ\u00e9tico que supondr\u00e1 el pico del petr\u00f3leo conllevar\u00e1 sin lugar a dudas el inicio de la era del decrecimiento. Un decrecimiento sin fondo y sin fin, como resalta el texto, sobre todo porque tras el pico del petr\u00f3leo vendr\u00e1 el del gas y luego el del carb\u00f3n. El fin de la era de los combustibles f\u00f3siles muy probablemente implique el colapso del modelo civilizatorio que conocemos, que est\u00e1 chocando ya con los l\u00edmites ecol\u00f3gicos del planeta. El presente libro apunta las claves para comprender la enorme trascendencia de los nuevos escenarios que se abren, y examina c\u00f3mo las actuales estructuras de poder se preparan para abordarlos recurriendo a medidas cada vez m\u00e1s autoritarias y belicistas. Pero tambi\u00e9n se se\u00f1alan las oportunidades que se nos abren con todo este marasmo para poder caminar hacia otros mundos posibles.<\/p>\n<p>&nbsp;<\/p>\n<\/div>\n<div class=\"row\">\n<div class=\"col-12 col-12-small\">\n<p><span class=\"image left autor\"><img decoding=\"async\" class=\"alignleft\" src=\"https:\/\/www.viruseditorial.net\/\/fotos-autor\/ramon-fernandez-duran.jpg\" alt=\"ramon-fernandez-duran\" \/><\/span><\/p>\n<p><strong>Ram\u00f3n Fern\u00e1ndez Dur\u00e1n<\/strong> es ingeniero de caminos, urbanista y militante de Ecologistas en Acci\u00f3n. Es uno de los autores de referencia en la cr\u00edtica del capitalismo global como motor de desarrollo y de lo que \u00e9l mismo ha denominado como \u00abglobalizaci\u00f3n armada\u00bb. Entre sus trabajos m\u00e1s destacados est\u00e1n <em>La explosi\u00f3n del desorden<\/em> (ed. Fundamentos, 1996), <em>El movimiento alternativo en la RFA. El caso de Berl\u00edn<\/em> (ed. La Idea, 1985) o <em>Contra la Europa del Capital y la globalizaci\u00f3n econ\u00f3mica<\/em> (Talasa, 1996). Con Virus ha editado varias de sus obras en los \u00faltimos a\u00f1os, donde analiza acontecimientos de crucial importancia: <em>Capitalismo (financiero) global y guerra permanente<\/em> (2003), <em>La compleja construcci\u00f3n de la Europa superpotencia<\/em> (2005), <em>El tsunami urbanizador espa\u00f1ol y mundial<\/em> (2006), <em>El crep\u00fasculo de la era tr\u00e1gica del petr\u00f3leo. Pico del oro negro y colapso financiero y ecol\u00f3gico mundial<\/em>, <em>Tercera Piel. Sociedad de la imagen y conquista del alma <\/em>(2010), <em>El Estado y la conflictividad pol\u00edtico-social en el siglo XX. Claves para entender la crisis del siglo XXI<\/em> (2010) y <em>El Antropoceno. La expansi\u00f3n del capitalismo global choca con la biosfera<\/em> (2011)<\/p>\n<p>En marzo de 2011 Ram\u00f3n Fern\u00e1ndez Dur\u00e1n comunicaba p\u00fablicamente su decisi\u00f3n de abandonar el tratamiento que estaba siguiendo por una dura enfermedad, anunciando su decisi\u00f3n de optar por una muerte digna escogida por \u00e9l mismo. El 10 de mayo de 2011 le lleg\u00f3 la muerte, mientras en decenas de ciudades se presentaban sus dos \u00faltimos libros y se le homenajeaba entre las personas y los colectivos que trabajaron con \u00e9l o que lo tuvieron como un referente. Aqu\u00ed pod\u00e9is leer su carta de despedida<\/p>\n<p><a href=\"http:\/\/www.viruseditorial.net\/pags\/noticia.php?id=261\" target=\"_blank\" rel=\"noopener\"><strong>Carta de despedida de Ram\u00f3n Fern\u00e1ndez Dur\u00e1n<\/strong><\/a><\/p>\n<\/div>\n<\/div>\n<p><a class=\"mas_info\" href=\"http:\/\/www.ecologistasenaccion.org\" target=\"_blank\" rel=\"noopener\">http:\/\/www.ecologistasenaccion.org<\/a><\/p>\n<p><a href=\"http:\/\/www.viruseditorial.net\/pags\/noticia.php?id=9\"><strong>Rese\u00f1a en Tas Tas Irratia<\/strong><\/a><\/p>\n<p><a href=\"http:\/\/www.viruseditorial.net\/pags\/noticia.php?id=12\"><strong>Entrevista en <em>Periodista Digital<\/em><\/strong><\/a><\/p>\n<p><a href=\"http:\/\/www.viruseditorial.net\/pags\/noticia.php?id=36\"><strong>Rese\u00f1a de Jos\u00e9 Ardillo en CNT<\/strong><\/a><\/p>\n<p><a href=\"http:\/\/www.viruseditorial.net\/pags\/noticia.php?id=139\"><strong>Entrevista en <em>Agenda Viva<\/em><\/strong><\/a><\/p>\n<p><a href=\"http:\/\/www.viruseditorial.net\/pags\/noticia.php?id=261\" target=\"_blank\" rel=\"noopener\"><strong>Carta de despedida de Ram\u00f3n Fern\u00e1ndez Dur\u00e1n<\/strong><\/a><\/p>\n<hr \/>\n<h2><a href=\"https:\/\/www.viruseditorial.net\/es\/editorial\/descargar-pdf\" target=\"_blank\" rel=\"noopener\">Libro en libre descarga de Virus Editorial<\/a><\/h2>\n","protected":false},"excerpt":{"rendered":"<p><strong>Ram\u00f3n Fern\u00e1ndez Dur\u00e1n<\/strong><br \/>\n9788496044975 &#8211; Virus &#8211; 2008 &#8211; 84 p\u00e1ginas \/orri.<\/p>\n","protected":false},"featured_media":4004,"template":"","meta":[],"product_brand":[],"product_cat":[180,16],"product_tag":[4626,920,2405,57],"class_list":{"0":"post-3974","1":"product","2":"type-product","3":"status-publish","4":"has-post-thumbnail","6":"product_cat-ekologia-ecologia","7":"product_cat-libros","8":"product_tag-deskargak","9":"product_tag-fernandez-duran","10":"product_tag-ramon-fernandez-duran","11":"product_tag-virus","13":"first","14":"instock","15":"sold-individually","16":"shipping-taxable","17":"purchasable","18":"product-type-simple"},"yoast_head":"<!-- This site is optimized with the Yoast SEO plugin v27.3 - https:\/\/yoast.com\/product\/yoast-seo-wordpress\/ -->\n<title>El crepusculo de la era tr\u00e1gica del petr\u00f3leo &#8212; Zapateneo<\/title>\n<meta name=\"robots\" content=\"index, follow, max-snippet:-1, max-image-preview:large, max-video-preview:-1\" \/>\n<link rel=\"canonical\" href=\"https:\/\/zapateneo.net\/wordpress\/index.php\/producto\/el-crepusculo-de-la-era-tragica-del-petroleo\/\" \/>\n<meta property=\"og:locale\" content=\"es_ES\" \/>\n<meta property=\"og:type\" content=\"article\" \/>\n<meta property=\"og:title\" content=\"El crepusculo de la era tr\u00e1gica del petr\u00f3leo &#8212; Zapateneo\" \/>\n<meta property=\"og:description\" content=\"Ram\u00f3n Fern\u00e1ndez Dur\u00e1n 9788496044975 - Virus - 2008 - 84 p\u00e1ginas \/orri.\" \/>\n<meta property=\"og:url\" content=\"https:\/\/zapateneo.net\/wordpress\/index.php\/producto\/el-crepusculo-de-la-era-tragica-del-petroleo\/\" \/>\n<meta property=\"og:site_name\" content=\"Zapateneo\" \/>\n<meta property=\"article:modified_time\" content=\"2022-01-05T17:48:46+00:00\" \/>\n<meta property=\"og:image\" content=\"https:\/\/zapateneo.net\/wordpress\/wp-content\/uploads\/2021\/04\/5474.png\" \/>\n\t<meta property=\"og:image:width\" content=\"111\" \/>\n\t<meta property=\"og:image:height\" content=\"172\" \/>\n\t<meta property=\"og:image:type\" content=\"image\/png\" \/>\n<meta name=\"twitter:card\" content=\"summary_large_image\" \/>\n<meta name=\"twitter:site\" content=\"@zapateneo\" \/>\n<meta name=\"twitter:label1\" content=\"Tiempo de lectura\" \/>\n\t<meta name=\"twitter:data1\" content=\"4 minutos\" \/>\n<script type=\"application\/ld+json\" class=\"yoast-schema-graph\">{\"@context\":\"https:\\\/\\\/schema.org\",\"@graph\":[{\"@type\":\"WebPage\",\"@id\":\"https:\\\/\\\/zapateneo.net\\\/wordpress\\\/index.php\\\/producto\\\/el-crepusculo-de-la-era-tragica-del-petroleo\\\/\",\"url\":\"https:\\\/\\\/zapateneo.net\\\/wordpress\\\/index.php\\\/producto\\\/el-crepusculo-de-la-era-tragica-del-petroleo\\\/\",\"name\":\"El crepusculo de la era tr\u00e1gica del petr\u00f3leo &#8212; Zapateneo\",\"isPartOf\":{\"@id\":\"https:\\\/\\\/zapateneo.net\\\/wordpress\\\/#website\"},\"primaryImageOfPage\":{\"@id\":\"https:\\\/\\\/zapateneo.net\\\/wordpress\\\/index.php\\\/producto\\\/el-crepusculo-de-la-era-tragica-del-petroleo\\\/#primaryimage\"},\"image\":{\"@id\":\"https:\\\/\\\/zapateneo.net\\\/wordpress\\\/index.php\\\/producto\\\/el-crepusculo-de-la-era-tragica-del-petroleo\\\/#primaryimage\"},\"thumbnailUrl\":\"https:\\\/\\\/zapateneo.net\\\/wordpress\\\/wp-content\\\/uploads\\\/2021\\\/04\\\/5474.png\",\"datePublished\":\"2021-04-08T10:32:02+00:00\",\"dateModified\":\"2022-01-05T17:48:46+00:00\",\"breadcrumb\":{\"@id\":\"https:\\\/\\\/zapateneo.net\\\/wordpress\\\/index.php\\\/producto\\\/el-crepusculo-de-la-era-tragica-del-petroleo\\\/#breadcrumb\"},\"inLanguage\":\"es\",\"potentialAction\":[{\"@type\":\"ReadAction\",\"target\":[\"https:\\\/\\\/zapateneo.net\\\/wordpress\\\/index.php\\\/producto\\\/el-crepusculo-de-la-era-tragica-del-petroleo\\\/\"]}]},{\"@type\":\"ImageObject\",\"inLanguage\":\"es\",\"@id\":\"https:\\\/\\\/zapateneo.net\\\/wordpress\\\/index.php\\\/producto\\\/el-crepusculo-de-la-era-tragica-del-petroleo\\\/#primaryimage\",\"url\":\"https:\\\/\\\/zapateneo.net\\\/wordpress\\\/wp-content\\\/uploads\\\/2021\\\/04\\\/5474.png\",\"contentUrl\":\"https:\\\/\\\/zapateneo.net\\\/wordpress\\\/wp-content\\\/uploads\\\/2021\\\/04\\\/5474.png\",\"width\":111,\"height\":172},{\"@type\":\"BreadcrumbList\",\"@id\":\"https:\\\/\\\/zapateneo.net\\\/wordpress\\\/index.php\\\/producto\\\/el-crepusculo-de-la-era-tragica-del-petroleo\\\/#breadcrumb\",\"itemListElement\":[{\"@type\":\"ListItem\",\"position\":1,\"name\":\"Portada\",\"item\":\"https:\\\/\\\/zapateneo.net\\\/wordpress\\\/\"},{\"@type\":\"ListItem\",\"position\":2,\"name\":\"Tienda\",\"item\":\"https:\\\/\\\/zapateneo.net\\\/wordpress\\\/\"},{\"@type\":\"ListItem\",\"position\":3,\"name\":\"El crepusculo de la era tr\u00e1gica del petr\u00f3leo\"}]},{\"@type\":\"WebSite\",\"@id\":\"https:\\\/\\\/zapateneo.net\\\/wordpress\\\/#website\",\"url\":\"https:\\\/\\\/zapateneo.net\\\/wordpress\\\/\",\"name\":\"Zapateneo\",\"description\":\"Zapateneoaren webgunea\",\"publisher\":{\"@id\":\"https:\\\/\\\/zapateneo.net\\\/wordpress\\\/#organization\"},\"potentialAction\":[{\"@type\":\"SearchAction\",\"target\":{\"@type\":\"EntryPoint\",\"urlTemplate\":\"https:\\\/\\\/zapateneo.net\\\/wordpress\\\/?s={search_term_string}\"},\"query-input\":{\"@type\":\"PropertyValueSpecification\",\"valueRequired\":true,\"valueName\":\"search_term_string\"}}],\"inLanguage\":\"es\"},{\"@type\":\"Organization\",\"@id\":\"https:\\\/\\\/zapateneo.net\\\/wordpress\\\/#organization\",\"name\":\"Zapateneo Kultur Elkartea\",\"url\":\"https:\\\/\\\/zapateneo.net\\\/wordpress\\\/\",\"logo\":{\"@type\":\"ImageObject\",\"inLanguage\":\"es\",\"@id\":\"https:\\\/\\\/zapateneo.net\\\/wordpress\\\/#\\\/schema\\\/logo\\\/image\\\/\",\"url\":\"https:\\\/\\\/zapateneo.net\\\/wordpress\\\/wp-content\\\/uploads\\\/2021\\\/04\\\/zap-libu-kolec.jpg\",\"contentUrl\":\"https:\\\/\\\/zapateneo.net\\\/wordpress\\\/wp-content\\\/uploads\\\/2021\\\/04\\\/zap-libu-kolec.jpg\",\"width\":2234,\"height\":398,\"caption\":\"Zapateneo Kultur Elkartea\"},\"image\":{\"@id\":\"https:\\\/\\\/zapateneo.net\\\/wordpress\\\/#\\\/schema\\\/logo\\\/image\\\/\"},\"sameAs\":[\"https:\\\/\\\/x.com\\\/zapateneo\"]}]}<\/script>\n<!-- \/ Yoast SEO plugin. -->","yoast_head_json":{"title":"El crepusculo de la era tr\u00e1gica del petr\u00f3leo &#8212; Zapateneo","robots":{"index":"index","follow":"follow","max-snippet":"max-snippet:-1","max-image-preview":"max-image-preview:large","max-video-preview":"max-video-preview:-1"},"canonical":"https:\/\/zapateneo.net\/wordpress\/index.php\/producto\/el-crepusculo-de-la-era-tragica-del-petroleo\/","og_locale":"es_ES","og_type":"article","og_title":"El crepusculo de la era tr\u00e1gica del petr\u00f3leo &#8212; Zapateneo","og_description":"Ram\u00f3n Fern\u00e1ndez Dur\u00e1n 9788496044975 - Virus - 2008 - 84 p\u00e1ginas \/orri.","og_url":"https:\/\/zapateneo.net\/wordpress\/index.php\/producto\/el-crepusculo-de-la-era-tragica-del-petroleo\/","og_site_name":"Zapateneo","article_modified_time":"2022-01-05T17:48:46+00:00","og_image":[{"width":111,"height":172,"url":"https:\/\/zapateneo.net\/wordpress\/wp-content\/uploads\/2021\/04\/5474.png","type":"image\/png"}],"twitter_card":"summary_large_image","twitter_site":"@zapateneo","twitter_misc":{"Tiempo de lectura":"4 minutos"},"schema":{"@context":"https:\/\/schema.org","@graph":[{"@type":"WebPage","@id":"https:\/\/zapateneo.net\/wordpress\/index.php\/producto\/el-crepusculo-de-la-era-tragica-del-petroleo\/","url":"https:\/\/zapateneo.net\/wordpress\/index.php\/producto\/el-crepusculo-de-la-era-tragica-del-petroleo\/","name":"El crepusculo de la era tr\u00e1gica del petr\u00f3leo &#8212; Zapateneo","isPartOf":{"@id":"https:\/\/zapateneo.net\/wordpress\/#website"},"primaryImageOfPage":{"@id":"https:\/\/zapateneo.net\/wordpress\/index.php\/producto\/el-crepusculo-de-la-era-tragica-del-petroleo\/#primaryimage"},"image":{"@id":"https:\/\/zapateneo.net\/wordpress\/index.php\/producto\/el-crepusculo-de-la-era-tragica-del-petroleo\/#primaryimage"},"thumbnailUrl":"https:\/\/zapateneo.net\/wordpress\/wp-content\/uploads\/2021\/04\/5474.png","datePublished":"2021-04-08T10:32:02+00:00","dateModified":"2022-01-05T17:48:46+00:00","breadcrumb":{"@id":"https:\/\/zapateneo.net\/wordpress\/index.php\/producto\/el-crepusculo-de-la-era-tragica-del-petroleo\/#breadcrumb"},"inLanguage":"es","potentialAction":[{"@type":"ReadAction","target":["https:\/\/zapateneo.net\/wordpress\/index.php\/producto\/el-crepusculo-de-la-era-tragica-del-petroleo\/"]}]},{"@type":"ImageObject","inLanguage":"es","@id":"https:\/\/zapateneo.net\/wordpress\/index.php\/producto\/el-crepusculo-de-la-era-tragica-del-petroleo\/#primaryimage","url":"https:\/\/zapateneo.net\/wordpress\/wp-content\/uploads\/2021\/04\/5474.png","contentUrl":"https:\/\/zapateneo.net\/wordpress\/wp-content\/uploads\/2021\/04\/5474.png","width":111,"height":172},{"@type":"BreadcrumbList","@id":"https:\/\/zapateneo.net\/wordpress\/index.php\/producto\/el-crepusculo-de-la-era-tragica-del-petroleo\/#breadcrumb","itemListElement":[{"@type":"ListItem","position":1,"name":"Portada","item":"https:\/\/zapateneo.net\/wordpress\/"},{"@type":"ListItem","position":2,"name":"Tienda","item":"https:\/\/zapateneo.net\/wordpress\/"},{"@type":"ListItem","position":3,"name":"El crepusculo de la era tr\u00e1gica del petr\u00f3leo"}]},{"@type":"WebSite","@id":"https:\/\/zapateneo.net\/wordpress\/#website","url":"https:\/\/zapateneo.net\/wordpress\/","name":"Zapateneo","description":"Zapateneoaren webgunea","publisher":{"@id":"https:\/\/zapateneo.net\/wordpress\/#organization"},"potentialAction":[{"@type":"SearchAction","target":{"@type":"EntryPoint","urlTemplate":"https:\/\/zapateneo.net\/wordpress\/?s={search_term_string}"},"query-input":{"@type":"PropertyValueSpecification","valueRequired":true,"valueName":"search_term_string"}}],"inLanguage":"es"},{"@type":"Organization","@id":"https:\/\/zapateneo.net\/wordpress\/#organization","name":"Zapateneo Kultur Elkartea","url":"https:\/\/zapateneo.net\/wordpress\/","logo":{"@type":"ImageObject","inLanguage":"es","@id":"https:\/\/zapateneo.net\/wordpress\/#\/schema\/logo\/image\/","url":"https:\/\/zapateneo.net\/wordpress\/wp-content\/uploads\/2021\/04\/zap-libu-kolec.jpg","contentUrl":"https:\/\/zapateneo.net\/wordpress\/wp-content\/uploads\/2021\/04\/zap-libu-kolec.jpg","width":2234,"height":398,"caption":"Zapateneo Kultur Elkartea"},"image":{"@id":"https:\/\/zapateneo.net\/wordpress\/#\/schema\/logo\/image\/"},"sameAs":["https:\/\/x.com\/zapateneo"]}]}},"_links":{"self":[{"href":"https:\/\/zapateneo.net\/wordpress\/index.php\/wp-json\/wp\/v2\/product\/3974","targetHints":{"allow":["GET"]}}],"collection":[{"href":"https:\/\/zapateneo.net\/wordpress\/index.php\/wp-json\/wp\/v2\/product"}],"about":[{"href":"https:\/\/zapateneo.net\/wordpress\/index.php\/wp-json\/wp\/v2\/types\/product"}],"wp:featuredmedia":[{"embeddable":true,"href":"https:\/\/zapateneo.net\/wordpress\/index.php\/wp-json\/wp\/v2\/media\/4004"}],"wp:attachment":[{"href":"https:\/\/zapateneo.net\/wordpress\/index.php\/wp-json\/wp\/v2\/media?parent=3974"}],"wp:term":[{"taxonomy":"product_brand","embeddable":true,"href":"https:\/\/zapateneo.net\/wordpress\/index.php\/wp-json\/wp\/v2\/product_brand?post=3974"},{"taxonomy":"product_cat","embeddable":true,"href":"https:\/\/zapateneo.net\/wordpress\/index.php\/wp-json\/wp\/v2\/product_cat?post=3974"},{"taxonomy":"product_tag","embeddable":true,"href":"https:\/\/zapateneo.net\/wordpress\/index.php\/wp-json\/wp\/v2\/product_tag?post=3974"}],"curies":[{"name":"wp","href":"https:\/\/api.w.org\/{rel}","templated":true}]}}