{"id":3949,"date":"2021-04-08T11:31:29","date_gmt":"2021-04-08T10:31:29","guid":{"rendered":"https:\/\/zapateneo.net\/wordpress\/?post_type=product&#038;p=3949"},"modified":"2022-01-06T09:03:44","modified_gmt":"2022-01-06T08:03:44","slug":"municipalismo-libertario-las-politicas-de-la-ecologia-social","status":"publish","type":"product","link":"https:\/\/zapateneo.net\/wordpress\/index.php\/producto\/municipalismo-libertario-las-politicas-de-la-ecologia-social\/","title":{"rendered":"Municipalismo libertario. Las pol\u00ed\u00adticas de la ecolog\u00ed\u00ada social"},"content":{"rendered":"<div>\n<p>En un momento de crisis sist\u00e9mica generalizada, cuando la naturalizaci\u00f3n de las salidas autoritarias es cada vez mayor, Las pol\u00edticas de la ecolog\u00eda social plantea de manera accesible y clara los fundamentos y las posibles estrategias de una alternativa libertaria, social, ecol\u00f3gica y feminista, basada en la democracia directa.<\/p>\n<p>Tanto la ecolog\u00eda social como el municipalismo libertario son ejes pr\u00e1cticos alrededor de los cuales es factible construir alternativas a la depredaci\u00f3n capitalista. Su lectura cr\u00edtica de la sociedad de mercado y su propuesta pol\u00edtica se sustentan en el reconocimiento y la autoorganizaci\u00f3n en el seno de las realidades locales.<\/p>\n<p>El asamblearismo, el feminismo, el confederalismo o el ecologismo, entendidos como partes inseparables de lo social \u2014con formas diversas, pero a partir de valores comunes\u2014, certifican la vitalidad de estos proyectos, que se han puesto en pr\u00e1ctica en Kurdist\u00e1n o en los Municipios Aut\u00f3nomos Rebeldes Zapatistas.<\/p>\n<p>Tras casi veinte a\u00f1os de la primera edici\u00f3n en castellano de este libro, su lectura sigue siendo recomendable para analizar las hondas contradicciones que han evidenciado las v\u00edas puramente institucionales de los nuevos movimientos municipalistas en el Estado espa\u00f1ol.<\/p>\n<\/div>\n<div class=\"row\">\n<div class=\"col-12 col-12-small\">\n<p><span class=\"image left autor\"><img decoding=\"async\" class=\"alignleft\" src=\"https:\/\/www.viruseditorial.net\/\/fotos-autor\/janet-biehl.jpg\" alt=\"janet-biehl\" \/><\/span><\/p>\n<p><strong>Janet Biehl\u00a0<\/strong>(Cincinnati, 1953) Anarquista norteamericana, se ha convertido en las \u00faltimas d\u00e9cadas en uno de los referentes imprescindibles para el conocimiento del municipalismo libertario. Estrecha colaboradora de Murray Bookchin desde mediados de la d\u00e9cada de 1970, juntos elaboraron, entre los a\u00f1os 1987 y 2000, la revista\u00a0<em>Left<\/em>\u00a0<em>Green Perspectives<\/em>. En los \u00faltimos a\u00f1os ha estudiado la experiencia del confederalismo democr\u00e1tico en el Kurdist\u00e1n. Adem\u00e1s de este libro, Janet Biehl ha publicado junto con Peter Staudenmaier\u00a0<em>Ecofascism: Lessons from the German Experience<\/em>\u00a0(1996, de pr\u00f3xima publicaci\u00f3n en Virus), coordin\u00f3\u00a0<em>The Murray Bookchin Reader<\/em>\u00a0(1997) y ha escrito la biograf\u00eda\u00a0<em>Ecolog\u00eda o cat\u00e1strofe. La vida de Murray Bookchin<\/em>\u00a0(Virus, 2017).<\/p>\n<p>&nbsp;<\/p>\n<\/div>\n<\/div>\n<div>\n<p>&nbsp;<\/p>\n<p>Pr\u00f3logo\u00a0<strong>Yayo Herrero<\/strong><\/p>\n<\/div>\n<p><a href=\"http:\/\/www.viruseditorial.net\/pags\/noticia.php?id=151\">La asamblea municipal como \u00f3rgano principal de gesti\u00f3n y gobierno de las ciudades<\/a>\u00a0(<em>BICEL<\/em>\u00a0n.\u00ba 19, diciembre 2009)<\/p>\n<hr \/>\n<div>\n<h2><a href=\"https:\/\/www.viruseditorial.net\/es\/editorial\/descargar-pdf\" target=\"_blank\" rel=\"noopener\">Libro en libre descarga de Virus Editorial<\/a><\/h2>\n<\/div>\n","protected":false},"excerpt":{"rendered":"<p><strong>Janet Biehl &amp; Murray Bookchin<\/strong><br \/>\n9788492559626 &#8211; Virus &#8211; 2009 &#8211; 208 p\u00e1ginas \/orri.<\/p>\n","protected":false},"featured_media":3999,"template":"","meta":[],"product_brand":[],"product_cat":[180,16],"product_tag":[4626,5410,5409,57],"class_list":{"0":"post-3949","1":"product","2":"type-product","3":"status-publish","4":"has-post-thumbnail","6":"product_cat-ekologia-ecologia","7":"product_cat-libros","8":"product_tag-deskargak","9":"product_tag-janet-biehl","10":"product_tag-murray-bookchin","11":"product_tag-virus","13":"first","14":"instock","15":"sold-individually","16":"shipping-taxable","17":"purchasable","18":"product-type-simple"},"yoast_head":"<!-- This site is optimized with the Yoast SEO plugin v27.4 - https:\/\/yoast.com\/product\/yoast-seo-wordpress\/ -->\n<title>Municipalismo libertario. Las pol\u00ed\u00adticas de la ecolog\u00ed\u00ada social &#8212; Zapateneo<\/title>\n<meta name=\"robots\" content=\"index, follow, max-snippet:-1, max-image-preview:large, max-video-preview:-1\" \/>\n<link rel=\"canonical\" href=\"https:\/\/zapateneo.net\/wordpress\/index.php\/producto\/municipalismo-libertario-las-politicas-de-la-ecologia-social\/\" \/>\n<meta property=\"og:locale\" content=\"es_ES\" \/>\n<meta property=\"og:type\" content=\"article\" \/>\n<meta property=\"og:title\" content=\"Municipalismo libertario. Las pol\u00ed\u00adticas de la ecolog\u00ed\u00ada social &#8212; Zapateneo\" \/>\n<meta property=\"og:description\" content=\"Janet Biehl &amp; Murray Bookchin 9788492559626 - Virus - 2009 - 208 p\u00e1ginas \/orri.\" \/>\n<meta property=\"og:url\" content=\"https:\/\/zapateneo.net\/wordpress\/index.php\/producto\/municipalismo-libertario-las-politicas-de-la-ecologia-social\/\" \/>\n<meta property=\"og:site_name\" content=\"Zapateneo\" \/>\n<meta property=\"article:modified_time\" content=\"2022-01-06T08:03:44+00:00\" \/>\n<meta property=\"og:image\" content=\"https:\/\/zapateneo.net\/wordpress\/wp-content\/uploads\/2021\/04\/5858.png\" \/>\n\t<meta property=\"og:image:width\" content=\"115\" \/>\n\t<meta property=\"og:image:height\" content=\"172\" \/>\n\t<meta property=\"og:image:type\" content=\"image\/png\" \/>\n<meta name=\"twitter:card\" content=\"summary_large_image\" \/>\n<meta name=\"twitter:site\" content=\"@zapateneo\" \/>\n<meta name=\"twitter:label1\" content=\"Tiempo de lectura\" \/>\n\t<meta name=\"twitter:data1\" content=\"2 minutos\" \/>\n<script type=\"application\/ld+json\" class=\"yoast-schema-graph\">{\"@context\":\"https:\\\/\\\/schema.org\",\"@graph\":[{\"@type\":\"WebPage\",\"@id\":\"https:\\\/\\\/zapateneo.net\\\/wordpress\\\/index.php\\\/producto\\\/municipalismo-libertario-las-politicas-de-la-ecologia-social\\\/\",\"url\":\"https:\\\/\\\/zapateneo.net\\\/wordpress\\\/index.php\\\/producto\\\/municipalismo-libertario-las-politicas-de-la-ecologia-social\\\/\",\"name\":\"Municipalismo libertario. Las pol\u00ed\u00adticas de la ecolog\u00ed\u00ada social &#8212; Zapateneo\",\"isPartOf\":{\"@id\":\"https:\\\/\\\/zapateneo.net\\\/wordpress\\\/#website\"},\"primaryImageOfPage\":{\"@id\":\"https:\\\/\\\/zapateneo.net\\\/wordpress\\\/index.php\\\/producto\\\/municipalismo-libertario-las-politicas-de-la-ecologia-social\\\/#primaryimage\"},\"image\":{\"@id\":\"https:\\\/\\\/zapateneo.net\\\/wordpress\\\/index.php\\\/producto\\\/municipalismo-libertario-las-politicas-de-la-ecologia-social\\\/#primaryimage\"},\"thumbnailUrl\":\"https:\\\/\\\/zapateneo.net\\\/wordpress\\\/wp-content\\\/uploads\\\/2021\\\/04\\\/5858.png\",\"datePublished\":\"2021-04-08T10:31:29+00:00\",\"dateModified\":\"2022-01-06T08:03:44+00:00\",\"breadcrumb\":{\"@id\":\"https:\\\/\\\/zapateneo.net\\\/wordpress\\\/index.php\\\/producto\\\/municipalismo-libertario-las-politicas-de-la-ecologia-social\\\/#breadcrumb\"},\"inLanguage\":\"es\",\"potentialAction\":[{\"@type\":\"ReadAction\",\"target\":[\"https:\\\/\\\/zapateneo.net\\\/wordpress\\\/index.php\\\/producto\\\/municipalismo-libertario-las-politicas-de-la-ecologia-social\\\/\"]}]},{\"@type\":\"ImageObject\",\"inLanguage\":\"es\",\"@id\":\"https:\\\/\\\/zapateneo.net\\\/wordpress\\\/index.php\\\/producto\\\/municipalismo-libertario-las-politicas-de-la-ecologia-social\\\/#primaryimage\",\"url\":\"https:\\\/\\\/zapateneo.net\\\/wordpress\\\/wp-content\\\/uploads\\\/2021\\\/04\\\/5858.png\",\"contentUrl\":\"https:\\\/\\\/zapateneo.net\\\/wordpress\\\/wp-content\\\/uploads\\\/2021\\\/04\\\/5858.png\",\"width\":115,\"height\":172},{\"@type\":\"BreadcrumbList\",\"@id\":\"https:\\\/\\\/zapateneo.net\\\/wordpress\\\/index.php\\\/producto\\\/municipalismo-libertario-las-politicas-de-la-ecologia-social\\\/#breadcrumb\",\"itemListElement\":[{\"@type\":\"ListItem\",\"position\":1,\"name\":\"Portada\",\"item\":\"https:\\\/\\\/zapateneo.net\\\/wordpress\\\/\"},{\"@type\":\"ListItem\",\"position\":2,\"name\":\"Tienda\",\"item\":\"https:\\\/\\\/zapateneo.net\\\/wordpress\\\/\"},{\"@type\":\"ListItem\",\"position\":3,\"name\":\"Municipalismo libertario. Las pol\u00ed\u00adticas de la ecolog\u00ed\u00ada social\"}]},{\"@type\":\"WebSite\",\"@id\":\"https:\\\/\\\/zapateneo.net\\\/wordpress\\\/#website\",\"url\":\"https:\\\/\\\/zapateneo.net\\\/wordpress\\\/\",\"name\":\"Zapateneo\",\"description\":\"Zapateneoaren webgunea\",\"publisher\":{\"@id\":\"https:\\\/\\\/zapateneo.net\\\/wordpress\\\/#organization\"},\"potentialAction\":[{\"@type\":\"SearchAction\",\"target\":{\"@type\":\"EntryPoint\",\"urlTemplate\":\"https:\\\/\\\/zapateneo.net\\\/wordpress\\\/?s={search_term_string}\"},\"query-input\":{\"@type\":\"PropertyValueSpecification\",\"valueRequired\":true,\"valueName\":\"search_term_string\"}}],\"inLanguage\":\"es\"},{\"@type\":\"Organization\",\"@id\":\"https:\\\/\\\/zapateneo.net\\\/wordpress\\\/#organization\",\"name\":\"Zapateneo Kultur Elkartea\",\"url\":\"https:\\\/\\\/zapateneo.net\\\/wordpress\\\/\",\"logo\":{\"@type\":\"ImageObject\",\"inLanguage\":\"es\",\"@id\":\"https:\\\/\\\/zapateneo.net\\\/wordpress\\\/#\\\/schema\\\/logo\\\/image\\\/\",\"url\":\"https:\\\/\\\/zapateneo.net\\\/wordpress\\\/wp-content\\\/uploads\\\/2021\\\/04\\\/zap-libu-kolec.jpg\",\"contentUrl\":\"https:\\\/\\\/zapateneo.net\\\/wordpress\\\/wp-content\\\/uploads\\\/2021\\\/04\\\/zap-libu-kolec.jpg\",\"width\":2234,\"height\":398,\"caption\":\"Zapateneo Kultur Elkartea\"},\"image\":{\"@id\":\"https:\\\/\\\/zapateneo.net\\\/wordpress\\\/#\\\/schema\\\/logo\\\/image\\\/\"},\"sameAs\":[\"https:\\\/\\\/x.com\\\/zapateneo\"]}]}<\/script>\n<!-- \/ Yoast SEO plugin. -->","yoast_head_json":{"title":"Municipalismo libertario. Las pol\u00ed\u00adticas de la ecolog\u00ed\u00ada social &#8212; Zapateneo","robots":{"index":"index","follow":"follow","max-snippet":"max-snippet:-1","max-image-preview":"max-image-preview:large","max-video-preview":"max-video-preview:-1"},"canonical":"https:\/\/zapateneo.net\/wordpress\/index.php\/producto\/municipalismo-libertario-las-politicas-de-la-ecologia-social\/","og_locale":"es_ES","og_type":"article","og_title":"Municipalismo libertario. Las pol\u00ed\u00adticas de la ecolog\u00ed\u00ada social &#8212; Zapateneo","og_description":"Janet Biehl &amp; Murray Bookchin 9788492559626 - Virus - 2009 - 208 p\u00e1ginas \/orri.","og_url":"https:\/\/zapateneo.net\/wordpress\/index.php\/producto\/municipalismo-libertario-las-politicas-de-la-ecologia-social\/","og_site_name":"Zapateneo","article_modified_time":"2022-01-06T08:03:44+00:00","og_image":[{"width":115,"height":172,"url":"https:\/\/zapateneo.net\/wordpress\/wp-content\/uploads\/2021\/04\/5858.png","type":"image\/png"}],"twitter_card":"summary_large_image","twitter_site":"@zapateneo","twitter_misc":{"Tiempo de lectura":"2 minutos"},"schema":{"@context":"https:\/\/schema.org","@graph":[{"@type":"WebPage","@id":"https:\/\/zapateneo.net\/wordpress\/index.php\/producto\/municipalismo-libertario-las-politicas-de-la-ecologia-social\/","url":"https:\/\/zapateneo.net\/wordpress\/index.php\/producto\/municipalismo-libertario-las-politicas-de-la-ecologia-social\/","name":"Municipalismo libertario. Las pol\u00ed\u00adticas de la ecolog\u00ed\u00ada social &#8212; Zapateneo","isPartOf":{"@id":"https:\/\/zapateneo.net\/wordpress\/#website"},"primaryImageOfPage":{"@id":"https:\/\/zapateneo.net\/wordpress\/index.php\/producto\/municipalismo-libertario-las-politicas-de-la-ecologia-social\/#primaryimage"},"image":{"@id":"https:\/\/zapateneo.net\/wordpress\/index.php\/producto\/municipalismo-libertario-las-politicas-de-la-ecologia-social\/#primaryimage"},"thumbnailUrl":"https:\/\/zapateneo.net\/wordpress\/wp-content\/uploads\/2021\/04\/5858.png","datePublished":"2021-04-08T10:31:29+00:00","dateModified":"2022-01-06T08:03:44+00:00","breadcrumb":{"@id":"https:\/\/zapateneo.net\/wordpress\/index.php\/producto\/municipalismo-libertario-las-politicas-de-la-ecologia-social\/#breadcrumb"},"inLanguage":"es","potentialAction":[{"@type":"ReadAction","target":["https:\/\/zapateneo.net\/wordpress\/index.php\/producto\/municipalismo-libertario-las-politicas-de-la-ecologia-social\/"]}]},{"@type":"ImageObject","inLanguage":"es","@id":"https:\/\/zapateneo.net\/wordpress\/index.php\/producto\/municipalismo-libertario-las-politicas-de-la-ecologia-social\/#primaryimage","url":"https:\/\/zapateneo.net\/wordpress\/wp-content\/uploads\/2021\/04\/5858.png","contentUrl":"https:\/\/zapateneo.net\/wordpress\/wp-content\/uploads\/2021\/04\/5858.png","width":115,"height":172},{"@type":"BreadcrumbList","@id":"https:\/\/zapateneo.net\/wordpress\/index.php\/producto\/municipalismo-libertario-las-politicas-de-la-ecologia-social\/#breadcrumb","itemListElement":[{"@type":"ListItem","position":1,"name":"Portada","item":"https:\/\/zapateneo.net\/wordpress\/"},{"@type":"ListItem","position":2,"name":"Tienda","item":"https:\/\/zapateneo.net\/wordpress\/"},{"@type":"ListItem","position":3,"name":"Municipalismo libertario. Las pol\u00ed\u00adticas de la ecolog\u00ed\u00ada social"}]},{"@type":"WebSite","@id":"https:\/\/zapateneo.net\/wordpress\/#website","url":"https:\/\/zapateneo.net\/wordpress\/","name":"Zapateneo","description":"Zapateneoaren webgunea","publisher":{"@id":"https:\/\/zapateneo.net\/wordpress\/#organization"},"potentialAction":[{"@type":"SearchAction","target":{"@type":"EntryPoint","urlTemplate":"https:\/\/zapateneo.net\/wordpress\/?s={search_term_string}"},"query-input":{"@type":"PropertyValueSpecification","valueRequired":true,"valueName":"search_term_string"}}],"inLanguage":"es"},{"@type":"Organization","@id":"https:\/\/zapateneo.net\/wordpress\/#organization","name":"Zapateneo Kultur Elkartea","url":"https:\/\/zapateneo.net\/wordpress\/","logo":{"@type":"ImageObject","inLanguage":"es","@id":"https:\/\/zapateneo.net\/wordpress\/#\/schema\/logo\/image\/","url":"https:\/\/zapateneo.net\/wordpress\/wp-content\/uploads\/2021\/04\/zap-libu-kolec.jpg","contentUrl":"https:\/\/zapateneo.net\/wordpress\/wp-content\/uploads\/2021\/04\/zap-libu-kolec.jpg","width":2234,"height":398,"caption":"Zapateneo Kultur Elkartea"},"image":{"@id":"https:\/\/zapateneo.net\/wordpress\/#\/schema\/logo\/image\/"},"sameAs":["https:\/\/x.com\/zapateneo"]}]}},"_links":{"self":[{"href":"https:\/\/zapateneo.net\/wordpress\/index.php\/wp-json\/wp\/v2\/product\/3949","targetHints":{"allow":["GET"]}}],"collection":[{"href":"https:\/\/zapateneo.net\/wordpress\/index.php\/wp-json\/wp\/v2\/product"}],"about":[{"href":"https:\/\/zapateneo.net\/wordpress\/index.php\/wp-json\/wp\/v2\/types\/product"}],"wp:featuredmedia":[{"embeddable":true,"href":"https:\/\/zapateneo.net\/wordpress\/index.php\/wp-json\/wp\/v2\/media\/3999"}],"wp:attachment":[{"href":"https:\/\/zapateneo.net\/wordpress\/index.php\/wp-json\/wp\/v2\/media?parent=3949"}],"wp:term":[{"taxonomy":"product_brand","embeddable":true,"href":"https:\/\/zapateneo.net\/wordpress\/index.php\/wp-json\/wp\/v2\/product_brand?post=3949"},{"taxonomy":"product_cat","embeddable":true,"href":"https:\/\/zapateneo.net\/wordpress\/index.php\/wp-json\/wp\/v2\/product_cat?post=3949"},{"taxonomy":"product_tag","embeddable":true,"href":"https:\/\/zapateneo.net\/wordpress\/index.php\/wp-json\/wp\/v2\/product_tag?post=3949"}],"curies":[{"name":"wp","href":"https:\/\/api.w.org\/{rel}","templated":true}]}}