{"id":3922,"date":"2021-04-08T11:30:54","date_gmt":"2021-04-08T10:30:54","guid":{"rendered":"https:\/\/zapateneo.net\/wordpress\/?post_type=product&#038;p=3922"},"modified":"2022-01-06T09:06:55","modified_gmt":"2022-01-06T08:06:55","slug":"migraciones-ambientales","status":"publish","type":"product","link":"https:\/\/zapateneo.net\/wordpress\/index.php\/producto\/migraciones-ambientales\/","title":{"rendered":"migraciones ambientales"},"content":{"rendered":"<div>\n<p>Lejos de la atenci\u00f3n medi\u00e1tica que suele prestarse a los refugiados fruto de determinados conflictos b\u00e9licos, los movimientos de poblaci\u00f3n forzados por las diferentes formas y niveles de degradaci\u00f3n ambiental son ignorados de manera flagrante.\u00a0 Jes\u00fas M. Castillo define como migrante ambiental a \u00abtoda persona que abandona su territorio de residencia habitual debido principalmente o de forma muy importante a impactos ambientales, ya sean graduales o repentinos, y ya se mueva dentro de un mismo Estado o atraviese fronteras internacionales\u00bb. A partir de esta definici\u00f3n, ofrece una detallada s\u00edntesis de las causas globales y locales, directas e indirectas, que repercuten en la vida y el futuro de poblaciones enteras en diferentes partes del planeta. La desertizaci\u00f3n, la sobreexplotaci\u00f3n de las aguas de riego o de bancos pesqueros, las secuelas de la construcci\u00f3n de grandes infraestructuras, la deforestaci\u00f3n, la subida del nivel del mar o los fen\u00f3menos meteorol\u00f3gicos extremos fruto del cambio clim\u00e1tico, los impactos de las armas qu\u00edmicas utilizadas en las guerras, el procesamiento y dep\u00f3sito de residuos t\u00f3xicos o las pruebas nucleares son solo algunas causas de destrucci\u00f3n ambiental; todas ellas asociadas a la hegemon\u00eda del modelo capitalista de explotaci\u00f3n de recursos.<\/p>\n<p>En un mundo cuyas instituciones estatales e internacionales presumen del m\u00e1s alto grado de conciencia ecol\u00f3gica y donde los derechos humanos llenan p\u00e1ginas y p\u00e1ginas de discursos y declaraciones solemnes, nos encontramos con que m\u00e1s de 200 millones de personas cada a\u00f1o se ven expuestos a desastres naturales muchas veces consecuencia del cambio clim\u00e1tico, del cual ellas no son las causantes, pero s\u00ed las v\u00edctimas principales. Esto est\u00e1 provocando un \u00e9xodo de migrantes ambientales que en la actualidad se cifra en torno a los 25-50 millones, pero que en el 2050 puede llegar a los 200 millones.\u00a0<em>Migraciones ambientales<\/em> denuncia as\u00ed la hipocres\u00eda y, justamente, la insostenibilidad de un orden econ\u00f3mico y pol\u00edtico global que ondea la bandera del desarrollo sostenible, mientras acaba con los ecosistemas y las formas tradicionales de existencia y vida en vastas zonas del planeta, de las que hace tierra quemada, muerta y despoblada.<\/p>\n<\/div>\n<div class=\"row\">\n<div class=\"col-12 col-12-small\">\n<p><span class=\"image left autor\"><img decoding=\"async\" class=\"alignleft\" src=\"https:\/\/www.viruseditorial.net\/\/fotos-autor\/jesus-m-castillo-web.png\" alt=\"jesus-m.-castillo\" \/><\/span><\/p>\n<p><strong>Jes\u00fas M. Castillo<\/strong>\u00a0(Sevilla, 1973) Licenciado en Ciencias Biol\u00f3gicas y profesor titular de la Universidad de Sevilla, es militante del Sindicato Andaluz de Trabajadores (SAT) y de la organizaci\u00f3n Acci\u00f3n Anticapitalista. Autor de numerosos art\u00edculos en revistas como\u00a0<em>El Ecologista<\/em>,\u00a0<em>Quercus<\/em>,\u00a0<em>Investigaci\u00f3n y Ciencia<\/em>,\u00a0<em>Studies in Plant Ecology<\/em>\u00a0y\u00a0<em>Environmental Encounters<\/em>\u00a0entre otras, ha participado tambi\u00e9n en los libros colectivos\u00a0<em>Los sumideros naturales de CO2. Una estrategia sostenible entre el cambio clim\u00e1tico y el Protocolo de Kyoto<\/em>\u00a0(Mu\u00f1oz Moya Editores Extreme\u00f1os, 2007) y\u00a0<em>La ciudad y el cambio clim\u00e1tico. Una propuesta para que Sevilla defina su estrategia frente al cambio clim\u00e1tico<\/em>\u00a0(Bomor Consultores, 2007). En solitario, ha publicado\u00a0<em>Trabajadores y medio ambiente<\/em>\u00a0(Atrapasue\u00f1os, 2010);\u00a0<em>Migraciones ambientales. Huyendo de la crisis ecol\u00f3gica en el siglo XXI<\/em>\u00a0(Virus, 2011) y\u00a0<em>Los negocios del cambio clim\u00e1tico<\/em>\u00a0(Virus, 2016).<\/p>\n<p>&nbsp;<\/p>\n<\/div>\n<\/div>\n<p><a href=\"http:\/\/www.viruseditorial.net\/pags\/noticia.php?id=239\" target=\"_blank\" rel=\"noopener\"><strong>\u00abBones aportacions te\u00f2riques i pr\u00e0ctiques sobre les migracions ambientals\u00bb\u00a0<\/strong><\/a>(Manel Ros,\u00a0<em>Directa<\/em>)<\/p>\n<p><a href=\"http:\/\/www.viruseditorial.net\/pags\/noticia.php?id=267\" target=\"_blank\" rel=\"noopener\"><strong>\u00abEl Estatuto de Ginebra que est\u00e1 anticuado, no recoge las causas ambientales para los refugiados\u00bb<\/strong><\/a>\u00a0(Jes\u00fas M. Castillo,\u00a0<em>Radio Asturias<\/em>)<\/p>\n<p><a href=\"http:\/\/www.viruseditorial.net\/pags\/noticia.php?id=274\" target=\"_blank\" rel=\"noopener\"><strong>\u00abAl 2050 hi haur\u00e0 milions de migrants ambientals\u00bb<\/strong><\/a>\u00a0(Jes\u00fas M. Castillo,\u00a0<em>El Punt<\/em>)<\/p>\n<p><a href=\"http:\/\/www.viruseditorial.net\/pags\/noticia.php?id=276\" target=\"_blank\" rel=\"noopener\"><strong>Pablo Cotarelo: \u00abEl verbo explotar, la explotaci\u00f3n, es la causa fundamental de las migraciones ambientales\u00bb<\/strong><\/a>\u00a0(Pablo Cotarelo)<\/p>\n<p><a href=\"http:\/\/www.viruseditorial.net\/pags\/noticia.php?id=284\"><strong>\u00abSi no fem res hi pot haver 700 milions d&#8217;emigrants ambientals\u00bb<\/strong><\/a>\u00a0(Jes\u00fas M. Castillo,\u00a0<em>Ara<\/em>)<\/p>\n<p><a href=\"http:\/\/www.viruseditorial.net\/pags\/noticia.php?id=296\" target=\"_blank\" rel=\"noopener\"><strong>\u00abLa crisi ecol\u00f2gica global provoca noves migracions\u00bb<\/strong><\/a>\u00a0(Jes\u00fas M. Castillo,\u00a0<em>Directa<\/em>)<\/p>\n<p><a href=\"http:\/\/www.viruseditorial.net\/pags\/noticia.php?id=298\" target=\"_blank\" rel=\"noopener\"><strong>Jes\u00fas M. Castillo: \u00abNos encontramos inmersos en una crisis ecol\u00f3gica global\u00bb<\/strong><\/a>\u00a0(<em>The Ecologist<\/em>)<\/p>\n<hr \/>\n<div>\n<h2><a href=\"https:\/\/www.viruseditorial.net\/es\/editorial\/descargar-pdf\" target=\"_blank\" rel=\"noopener\">Libro en libre descarga de Virus Editorial<\/a><\/h2>\n<\/div>\n","protected":false},"excerpt":{"rendered":"<p><strong>Jes\u00fas M. Castillo<\/strong><br \/>\n9788492559305 &#8211; virus &#8211; 2011 &#8211; 108 p\u00e1ginas \/orri.<\/p>\n","protected":false},"featured_media":3965,"template":"","meta":[],"product_brand":[],"product_cat":[180,16],"product_tag":[4626,2724,57],"class_list":{"0":"post-3922","1":"product","2":"type-product","3":"status-publish","4":"has-post-thumbnail","6":"product_cat-ekologia-ecologia","7":"product_cat-libros","8":"product_tag-deskargak","9":"product_tag-jesus-m-castillo","10":"product_tag-virus","12":"first","13":"instock","14":"sold-individually","15":"shipping-taxable","16":"purchasable","17":"product-type-simple"},"yoast_head":"<!-- This site is optimized with the Yoast SEO plugin v27.4 - https:\/\/yoast.com\/product\/yoast-seo-wordpress\/ -->\n<title>migraciones ambientales &#8212; Zapateneo<\/title>\n<meta name=\"robots\" content=\"index, follow, max-snippet:-1, max-image-preview:large, max-video-preview:-1\" \/>\n<link rel=\"canonical\" href=\"https:\/\/zapateneo.net\/wordpress\/index.php\/producto\/migraciones-ambientales\/\" \/>\n<meta property=\"og:locale\" content=\"es_ES\" \/>\n<meta property=\"og:type\" content=\"article\" \/>\n<meta property=\"og:title\" content=\"migraciones ambientales &#8212; Zapateneo\" \/>\n<meta property=\"og:description\" content=\"Jes\u00fas M. Castillo 9788492559305 - virus - 2011 - 108 p\u00e1ginas \/orri.\" \/>\n<meta property=\"og:url\" content=\"https:\/\/zapateneo.net\/wordpress\/index.php\/producto\/migraciones-ambientales\/\" \/>\n<meta property=\"og:site_name\" content=\"Zapateneo\" \/>\n<meta property=\"article:modified_time\" content=\"2022-01-06T08:06:55+00:00\" \/>\n<meta property=\"og:image\" content=\"https:\/\/zapateneo.net\/wordpress\/wp-content\/uploads\/2021\/04\/6632.jpg\" \/>\n\t<meta property=\"og:image:width\" content=\"69\" \/>\n\t<meta property=\"og:image:height\" content=\"104\" \/>\n\t<meta property=\"og:image:type\" content=\"image\/jpeg\" \/>\n<meta name=\"twitter:card\" content=\"summary_large_image\" \/>\n<meta name=\"twitter:site\" content=\"@zapateneo\" \/>\n<meta name=\"twitter:label1\" content=\"Tiempo de lectura\" \/>\n\t<meta name=\"twitter:data1\" content=\"3 minutos\" \/>\n<script type=\"application\/ld+json\" class=\"yoast-schema-graph\">{\"@context\":\"https:\\\/\\\/schema.org\",\"@graph\":[{\"@type\":\"WebPage\",\"@id\":\"https:\\\/\\\/zapateneo.net\\\/wordpress\\\/index.php\\\/producto\\\/migraciones-ambientales\\\/\",\"url\":\"https:\\\/\\\/zapateneo.net\\\/wordpress\\\/index.php\\\/producto\\\/migraciones-ambientales\\\/\",\"name\":\"migraciones ambientales &#8212; Zapateneo\",\"isPartOf\":{\"@id\":\"https:\\\/\\\/zapateneo.net\\\/wordpress\\\/#website\"},\"primaryImageOfPage\":{\"@id\":\"https:\\\/\\\/zapateneo.net\\\/wordpress\\\/index.php\\\/producto\\\/migraciones-ambientales\\\/#primaryimage\"},\"image\":{\"@id\":\"https:\\\/\\\/zapateneo.net\\\/wordpress\\\/index.php\\\/producto\\\/migraciones-ambientales\\\/#primaryimage\"},\"thumbnailUrl\":\"https:\\\/\\\/zapateneo.net\\\/wordpress\\\/wp-content\\\/uploads\\\/2021\\\/04\\\/6632.jpg\",\"datePublished\":\"2021-04-08T10:30:54+00:00\",\"dateModified\":\"2022-01-06T08:06:55+00:00\",\"breadcrumb\":{\"@id\":\"https:\\\/\\\/zapateneo.net\\\/wordpress\\\/index.php\\\/producto\\\/migraciones-ambientales\\\/#breadcrumb\"},\"inLanguage\":\"es\",\"potentialAction\":[{\"@type\":\"ReadAction\",\"target\":[\"https:\\\/\\\/zapateneo.net\\\/wordpress\\\/index.php\\\/producto\\\/migraciones-ambientales\\\/\"]}]},{\"@type\":\"ImageObject\",\"inLanguage\":\"es\",\"@id\":\"https:\\\/\\\/zapateneo.net\\\/wordpress\\\/index.php\\\/producto\\\/migraciones-ambientales\\\/#primaryimage\",\"url\":\"https:\\\/\\\/zapateneo.net\\\/wordpress\\\/wp-content\\\/uploads\\\/2021\\\/04\\\/6632.jpg\",\"contentUrl\":\"https:\\\/\\\/zapateneo.net\\\/wordpress\\\/wp-content\\\/uploads\\\/2021\\\/04\\\/6632.jpg\",\"width\":69,\"height\":104},{\"@type\":\"BreadcrumbList\",\"@id\":\"https:\\\/\\\/zapateneo.net\\\/wordpress\\\/index.php\\\/producto\\\/migraciones-ambientales\\\/#breadcrumb\",\"itemListElement\":[{\"@type\":\"ListItem\",\"position\":1,\"name\":\"Portada\",\"item\":\"https:\\\/\\\/zapateneo.net\\\/wordpress\\\/\"},{\"@type\":\"ListItem\",\"position\":2,\"name\":\"Tienda\",\"item\":\"https:\\\/\\\/zapateneo.net\\\/wordpress\\\/\"},{\"@type\":\"ListItem\",\"position\":3,\"name\":\"migraciones ambientales\"}]},{\"@type\":\"WebSite\",\"@id\":\"https:\\\/\\\/zapateneo.net\\\/wordpress\\\/#website\",\"url\":\"https:\\\/\\\/zapateneo.net\\\/wordpress\\\/\",\"name\":\"Zapateneo\",\"description\":\"Zapateneoaren webgunea\",\"publisher\":{\"@id\":\"https:\\\/\\\/zapateneo.net\\\/wordpress\\\/#organization\"},\"potentialAction\":[{\"@type\":\"SearchAction\",\"target\":{\"@type\":\"EntryPoint\",\"urlTemplate\":\"https:\\\/\\\/zapateneo.net\\\/wordpress\\\/?s={search_term_string}\"},\"query-input\":{\"@type\":\"PropertyValueSpecification\",\"valueRequired\":true,\"valueName\":\"search_term_string\"}}],\"inLanguage\":\"es\"},{\"@type\":\"Organization\",\"@id\":\"https:\\\/\\\/zapateneo.net\\\/wordpress\\\/#organization\",\"name\":\"Zapateneo Kultur Elkartea\",\"url\":\"https:\\\/\\\/zapateneo.net\\\/wordpress\\\/\",\"logo\":{\"@type\":\"ImageObject\",\"inLanguage\":\"es\",\"@id\":\"https:\\\/\\\/zapateneo.net\\\/wordpress\\\/#\\\/schema\\\/logo\\\/image\\\/\",\"url\":\"https:\\\/\\\/zapateneo.net\\\/wordpress\\\/wp-content\\\/uploads\\\/2021\\\/04\\\/zap-libu-kolec.jpg\",\"contentUrl\":\"https:\\\/\\\/zapateneo.net\\\/wordpress\\\/wp-content\\\/uploads\\\/2021\\\/04\\\/zap-libu-kolec.jpg\",\"width\":2234,\"height\":398,\"caption\":\"Zapateneo Kultur Elkartea\"},\"image\":{\"@id\":\"https:\\\/\\\/zapateneo.net\\\/wordpress\\\/#\\\/schema\\\/logo\\\/image\\\/\"},\"sameAs\":[\"https:\\\/\\\/x.com\\\/zapateneo\"]}]}<\/script>\n<!-- \/ Yoast SEO plugin. -->","yoast_head_json":{"title":"migraciones ambientales &#8212; Zapateneo","robots":{"index":"index","follow":"follow","max-snippet":"max-snippet:-1","max-image-preview":"max-image-preview:large","max-video-preview":"max-video-preview:-1"},"canonical":"https:\/\/zapateneo.net\/wordpress\/index.php\/producto\/migraciones-ambientales\/","og_locale":"es_ES","og_type":"article","og_title":"migraciones ambientales &#8212; Zapateneo","og_description":"Jes\u00fas M. Castillo 9788492559305 - virus - 2011 - 108 p\u00e1ginas \/orri.","og_url":"https:\/\/zapateneo.net\/wordpress\/index.php\/producto\/migraciones-ambientales\/","og_site_name":"Zapateneo","article_modified_time":"2022-01-06T08:06:55+00:00","og_image":[{"width":69,"height":104,"url":"https:\/\/zapateneo.net\/wordpress\/wp-content\/uploads\/2021\/04\/6632.jpg","type":"image\/jpeg"}],"twitter_card":"summary_large_image","twitter_site":"@zapateneo","twitter_misc":{"Tiempo de lectura":"3 minutos"},"schema":{"@context":"https:\/\/schema.org","@graph":[{"@type":"WebPage","@id":"https:\/\/zapateneo.net\/wordpress\/index.php\/producto\/migraciones-ambientales\/","url":"https:\/\/zapateneo.net\/wordpress\/index.php\/producto\/migraciones-ambientales\/","name":"migraciones ambientales &#8212; Zapateneo","isPartOf":{"@id":"https:\/\/zapateneo.net\/wordpress\/#website"},"primaryImageOfPage":{"@id":"https:\/\/zapateneo.net\/wordpress\/index.php\/producto\/migraciones-ambientales\/#primaryimage"},"image":{"@id":"https:\/\/zapateneo.net\/wordpress\/index.php\/producto\/migraciones-ambientales\/#primaryimage"},"thumbnailUrl":"https:\/\/zapateneo.net\/wordpress\/wp-content\/uploads\/2021\/04\/6632.jpg","datePublished":"2021-04-08T10:30:54+00:00","dateModified":"2022-01-06T08:06:55+00:00","breadcrumb":{"@id":"https:\/\/zapateneo.net\/wordpress\/index.php\/producto\/migraciones-ambientales\/#breadcrumb"},"inLanguage":"es","potentialAction":[{"@type":"ReadAction","target":["https:\/\/zapateneo.net\/wordpress\/index.php\/producto\/migraciones-ambientales\/"]}]},{"@type":"ImageObject","inLanguage":"es","@id":"https:\/\/zapateneo.net\/wordpress\/index.php\/producto\/migraciones-ambientales\/#primaryimage","url":"https:\/\/zapateneo.net\/wordpress\/wp-content\/uploads\/2021\/04\/6632.jpg","contentUrl":"https:\/\/zapateneo.net\/wordpress\/wp-content\/uploads\/2021\/04\/6632.jpg","width":69,"height":104},{"@type":"BreadcrumbList","@id":"https:\/\/zapateneo.net\/wordpress\/index.php\/producto\/migraciones-ambientales\/#breadcrumb","itemListElement":[{"@type":"ListItem","position":1,"name":"Portada","item":"https:\/\/zapateneo.net\/wordpress\/"},{"@type":"ListItem","position":2,"name":"Tienda","item":"https:\/\/zapateneo.net\/wordpress\/"},{"@type":"ListItem","position":3,"name":"migraciones ambientales"}]},{"@type":"WebSite","@id":"https:\/\/zapateneo.net\/wordpress\/#website","url":"https:\/\/zapateneo.net\/wordpress\/","name":"Zapateneo","description":"Zapateneoaren webgunea","publisher":{"@id":"https:\/\/zapateneo.net\/wordpress\/#organization"},"potentialAction":[{"@type":"SearchAction","target":{"@type":"EntryPoint","urlTemplate":"https:\/\/zapateneo.net\/wordpress\/?s={search_term_string}"},"query-input":{"@type":"PropertyValueSpecification","valueRequired":true,"valueName":"search_term_string"}}],"inLanguage":"es"},{"@type":"Organization","@id":"https:\/\/zapateneo.net\/wordpress\/#organization","name":"Zapateneo Kultur Elkartea","url":"https:\/\/zapateneo.net\/wordpress\/","logo":{"@type":"ImageObject","inLanguage":"es","@id":"https:\/\/zapateneo.net\/wordpress\/#\/schema\/logo\/image\/","url":"https:\/\/zapateneo.net\/wordpress\/wp-content\/uploads\/2021\/04\/zap-libu-kolec.jpg","contentUrl":"https:\/\/zapateneo.net\/wordpress\/wp-content\/uploads\/2021\/04\/zap-libu-kolec.jpg","width":2234,"height":398,"caption":"Zapateneo Kultur Elkartea"},"image":{"@id":"https:\/\/zapateneo.net\/wordpress\/#\/schema\/logo\/image\/"},"sameAs":["https:\/\/x.com\/zapateneo"]}]}},"_links":{"self":[{"href":"https:\/\/zapateneo.net\/wordpress\/index.php\/wp-json\/wp\/v2\/product\/3922","targetHints":{"allow":["GET"]}}],"collection":[{"href":"https:\/\/zapateneo.net\/wordpress\/index.php\/wp-json\/wp\/v2\/product"}],"about":[{"href":"https:\/\/zapateneo.net\/wordpress\/index.php\/wp-json\/wp\/v2\/types\/product"}],"wp:featuredmedia":[{"embeddable":true,"href":"https:\/\/zapateneo.net\/wordpress\/index.php\/wp-json\/wp\/v2\/media\/3965"}],"wp:attachment":[{"href":"https:\/\/zapateneo.net\/wordpress\/index.php\/wp-json\/wp\/v2\/media?parent=3922"}],"wp:term":[{"taxonomy":"product_brand","embeddable":true,"href":"https:\/\/zapateneo.net\/wordpress\/index.php\/wp-json\/wp\/v2\/product_brand?post=3922"},{"taxonomy":"product_cat","embeddable":true,"href":"https:\/\/zapateneo.net\/wordpress\/index.php\/wp-json\/wp\/v2\/product_cat?post=3922"},{"taxonomy":"product_tag","embeddable":true,"href":"https:\/\/zapateneo.net\/wordpress\/index.php\/wp-json\/wp\/v2\/product_tag?post=3922"}],"curies":[{"name":"wp","href":"https:\/\/api.w.org\/{rel}","templated":true}]}}