{"id":3874,"date":"2021-04-08T11:30:17","date_gmt":"2021-04-08T10:30:17","guid":{"rendered":"https:\/\/zapateneo.net\/wordpress\/?post_type=product&#038;p=3874"},"modified":"2023-08-04T08:09:36","modified_gmt":"2023-08-04T07:09:36","slug":"cuando-los-cultivos-alimentan-relatos-sobre-los-agrocombustibles-y-el-expolio-a-los-pueblos-del-sur","status":"publish","type":"product","link":"https:\/\/zapateneo.net\/wordpress\/index.php\/producto\/cuando-los-cultivos-alimentan-relatos-sobre-los-agrocombustibles-y-el-expolio-a-los-pueblos-del-sur\/","title":{"rendered":"Cuando los cultivos alimentan. Relatos sobre los agrocombustibles y el expolio a los pueblos del Sur"},"content":{"rendered":"<p>A la par que la producci\u00f3n y el consumo de agrocombustibles ha ido en aumento, han ido surgiendo voces que alertaban de los impactos tanto ambientales como sociales que conlleva su desarrollo. Entre ellos, lo que sucede en otras zonas del planeta para que nosotros, en el Norte global, podamos seguir moviendo nuestros coches como si nada. Adem\u00e1s, lejos de suponer una medida para frenar el cambio clim\u00e1tico, la roturaci\u00f3n de nuevas tierras para satisfacer la creciente demanda de materias agroalimentarias generada en buena medida por los agrocombustibles, est\u00e1 suponiendo ya una de las mayores fuentes de emisi\u00f3n de gases de efecto invernadero. Desde Ecologistas en Acci\u00f3n trabajamos para presionar a gobiernos e instituciones para que se limite su consumo y para hacer llegar a la sociedad esta verdadera cara de los agrocombustibles.<\/p>\n<p>Pensamos que hay muchas maneras de comunicar y que a veces\u00a0 un cuento o una f\u00e1bula, o una canci\u00f3n o un poema, pueden transmitirnos lo esencial para encender la curiosidad hacia problemas que nos afectan a todos y todas y que tienen mucho, o todo que ver con c\u00f3mo funciona el mundo, con la justicia y con la dignidad.<\/p>\n<p>Por eso existe este libro, para contar de otra manera qu\u00e9 son los agrocombustibles y qu\u00e9 suponen para el planeta y para las personas que lo habitan.<\/p>\n","protected":false},"excerpt":{"rendered":"<p><strong>Montero Gal\u00e1n, Daniel<\/strong><br \/>\n9788494065248 &#8211; Libros en acci\u00f3n &#8211; 2013 &#8211; 132 p\u00e1ginas \/orri.<\/p>\n","protected":false},"featured_media":3903,"template":"","meta":[],"product_brand":[],"product_cat":[180,16],"product_tag":[579,2698],"class_list":{"0":"post-3874","1":"product","2":"type-product","3":"status-publish","4":"has-post-thumbnail","6":"product_cat-ekologia-ecologia","7":"product_cat-libros","8":"product_tag-libros-en-accion","9":"product_tag-montero-galan","11":"first","12":"onbackorder","13":"sold-individually","14":"shipping-taxable","15":"purchasable","16":"product-type-simple"},"yoast_head":"<!-- This site is optimized with the Yoast SEO plugin v27.3 - https:\/\/yoast.com\/product\/yoast-seo-wordpress\/ -->\n<title>Cuando los cultivos alimentan. Relatos sobre los agrocombustibles y el expolio a los pueblos del Sur &#8212; Zapateneo<\/title>\n<meta name=\"robots\" content=\"index, follow, max-snippet:-1, max-image-preview:large, max-video-preview:-1\" \/>\n<link rel=\"canonical\" href=\"https:\/\/zapateneo.net\/wordpress\/index.php\/producto\/cuando-los-cultivos-alimentan-relatos-sobre-los-agrocombustibles-y-el-expolio-a-los-pueblos-del-sur\/\" \/>\n<meta property=\"og:locale\" content=\"es_ES\" \/>\n<meta property=\"og:type\" content=\"article\" \/>\n<meta property=\"og:title\" content=\"Cuando los cultivos alimentan. Relatos sobre los agrocombustibles y el expolio a los pueblos del Sur &#8212; Zapateneo\" \/>\n<meta property=\"og:description\" content=\"Montero Gal\u00e1n, Daniel 9788494065248 - Libros en acci\u00f3n - 2013 - 132 p\u00e1ginas \/orri.\" \/>\n<meta property=\"og:url\" content=\"https:\/\/zapateneo.net\/wordpress\/index.php\/producto\/cuando-los-cultivos-alimentan-relatos-sobre-los-agrocombustibles-y-el-expolio-a-los-pueblos-del-sur\/\" \/>\n<meta property=\"og:site_name\" content=\"Zapateneo\" \/>\n<meta property=\"article:modified_time\" content=\"2023-08-04T07:09:36+00:00\" \/>\n<meta property=\"og:image\" content=\"https:\/\/zapateneo.net\/wordpress\/wp-content\/uploads\/2021\/04\/7730.jpg\" \/>\n\t<meta property=\"og:image:width\" content=\"120\" \/>\n\t<meta property=\"og:image:height\" content=\"170\" \/>\n\t<meta property=\"og:image:type\" content=\"image\/jpeg\" \/>\n<meta name=\"twitter:card\" content=\"summary_large_image\" \/>\n<meta name=\"twitter:site\" content=\"@zapateneo\" \/>\n<meta name=\"twitter:label1\" content=\"Tiempo de lectura\" \/>\n\t<meta name=\"twitter:data1\" content=\"1 minuto\" \/>\n<script type=\"application\/ld+json\" class=\"yoast-schema-graph\">{\"@context\":\"https:\\\/\\\/schema.org\",\"@graph\":[{\"@type\":\"WebPage\",\"@id\":\"https:\\\/\\\/zapateneo.net\\\/wordpress\\\/index.php\\\/producto\\\/cuando-los-cultivos-alimentan-relatos-sobre-los-agrocombustibles-y-el-expolio-a-los-pueblos-del-sur\\\/\",\"url\":\"https:\\\/\\\/zapateneo.net\\\/wordpress\\\/index.php\\\/producto\\\/cuando-los-cultivos-alimentan-relatos-sobre-los-agrocombustibles-y-el-expolio-a-los-pueblos-del-sur\\\/\",\"name\":\"Cuando los cultivos alimentan. Relatos sobre los agrocombustibles y el expolio a los pueblos del Sur &#8212; Zapateneo\",\"isPartOf\":{\"@id\":\"https:\\\/\\\/zapateneo.net\\\/wordpress\\\/#website\"},\"primaryImageOfPage\":{\"@id\":\"https:\\\/\\\/zapateneo.net\\\/wordpress\\\/index.php\\\/producto\\\/cuando-los-cultivos-alimentan-relatos-sobre-los-agrocombustibles-y-el-expolio-a-los-pueblos-del-sur\\\/#primaryimage\"},\"image\":{\"@id\":\"https:\\\/\\\/zapateneo.net\\\/wordpress\\\/index.php\\\/producto\\\/cuando-los-cultivos-alimentan-relatos-sobre-los-agrocombustibles-y-el-expolio-a-los-pueblos-del-sur\\\/#primaryimage\"},\"thumbnailUrl\":\"https:\\\/\\\/zapateneo.net\\\/wordpress\\\/wp-content\\\/uploads\\\/2021\\\/04\\\/7730.jpg\",\"datePublished\":\"2021-04-08T10:30:17+00:00\",\"dateModified\":\"2023-08-04T07:09:36+00:00\",\"breadcrumb\":{\"@id\":\"https:\\\/\\\/zapateneo.net\\\/wordpress\\\/index.php\\\/producto\\\/cuando-los-cultivos-alimentan-relatos-sobre-los-agrocombustibles-y-el-expolio-a-los-pueblos-del-sur\\\/#breadcrumb\"},\"inLanguage\":\"es\",\"potentialAction\":[{\"@type\":\"ReadAction\",\"target\":[\"https:\\\/\\\/zapateneo.net\\\/wordpress\\\/index.php\\\/producto\\\/cuando-los-cultivos-alimentan-relatos-sobre-los-agrocombustibles-y-el-expolio-a-los-pueblos-del-sur\\\/\"]}]},{\"@type\":\"ImageObject\",\"inLanguage\":\"es\",\"@id\":\"https:\\\/\\\/zapateneo.net\\\/wordpress\\\/index.php\\\/producto\\\/cuando-los-cultivos-alimentan-relatos-sobre-los-agrocombustibles-y-el-expolio-a-los-pueblos-del-sur\\\/#primaryimage\",\"url\":\"https:\\\/\\\/zapateneo.net\\\/wordpress\\\/wp-content\\\/uploads\\\/2021\\\/04\\\/7730.jpg\",\"contentUrl\":\"https:\\\/\\\/zapateneo.net\\\/wordpress\\\/wp-content\\\/uploads\\\/2021\\\/04\\\/7730.jpg\",\"width\":120,\"height\":170},{\"@type\":\"BreadcrumbList\",\"@id\":\"https:\\\/\\\/zapateneo.net\\\/wordpress\\\/index.php\\\/producto\\\/cuando-los-cultivos-alimentan-relatos-sobre-los-agrocombustibles-y-el-expolio-a-los-pueblos-del-sur\\\/#breadcrumb\",\"itemListElement\":[{\"@type\":\"ListItem\",\"position\":1,\"name\":\"Portada\",\"item\":\"https:\\\/\\\/zapateneo.net\\\/wordpress\\\/\"},{\"@type\":\"ListItem\",\"position\":2,\"name\":\"Tienda\",\"item\":\"https:\\\/\\\/zapateneo.net\\\/wordpress\\\/\"},{\"@type\":\"ListItem\",\"position\":3,\"name\":\"Cuando los cultivos alimentan. Relatos sobre los agrocombustibles y el expolio a los pueblos del Sur\"}]},{\"@type\":\"WebSite\",\"@id\":\"https:\\\/\\\/zapateneo.net\\\/wordpress\\\/#website\",\"url\":\"https:\\\/\\\/zapateneo.net\\\/wordpress\\\/\",\"name\":\"Zapateneo\",\"description\":\"Zapateneoaren webgunea\",\"publisher\":{\"@id\":\"https:\\\/\\\/zapateneo.net\\\/wordpress\\\/#organization\"},\"potentialAction\":[{\"@type\":\"SearchAction\",\"target\":{\"@type\":\"EntryPoint\",\"urlTemplate\":\"https:\\\/\\\/zapateneo.net\\\/wordpress\\\/?s={search_term_string}\"},\"query-input\":{\"@type\":\"PropertyValueSpecification\",\"valueRequired\":true,\"valueName\":\"search_term_string\"}}],\"inLanguage\":\"es\"},{\"@type\":\"Organization\",\"@id\":\"https:\\\/\\\/zapateneo.net\\\/wordpress\\\/#organization\",\"name\":\"Zapateneo Kultur Elkartea\",\"url\":\"https:\\\/\\\/zapateneo.net\\\/wordpress\\\/\",\"logo\":{\"@type\":\"ImageObject\",\"inLanguage\":\"es\",\"@id\":\"https:\\\/\\\/zapateneo.net\\\/wordpress\\\/#\\\/schema\\\/logo\\\/image\\\/\",\"url\":\"https:\\\/\\\/zapateneo.net\\\/wordpress\\\/wp-content\\\/uploads\\\/2021\\\/04\\\/zap-libu-kolec.jpg\",\"contentUrl\":\"https:\\\/\\\/zapateneo.net\\\/wordpress\\\/wp-content\\\/uploads\\\/2021\\\/04\\\/zap-libu-kolec.jpg\",\"width\":2234,\"height\":398,\"caption\":\"Zapateneo Kultur Elkartea\"},\"image\":{\"@id\":\"https:\\\/\\\/zapateneo.net\\\/wordpress\\\/#\\\/schema\\\/logo\\\/image\\\/\"},\"sameAs\":[\"https:\\\/\\\/x.com\\\/zapateneo\"]}]}<\/script>\n<!-- \/ Yoast SEO plugin. -->","yoast_head_json":{"title":"Cuando los cultivos alimentan. Relatos sobre los agrocombustibles y el expolio a los pueblos del Sur &#8212; Zapateneo","robots":{"index":"index","follow":"follow","max-snippet":"max-snippet:-1","max-image-preview":"max-image-preview:large","max-video-preview":"max-video-preview:-1"},"canonical":"https:\/\/zapateneo.net\/wordpress\/index.php\/producto\/cuando-los-cultivos-alimentan-relatos-sobre-los-agrocombustibles-y-el-expolio-a-los-pueblos-del-sur\/","og_locale":"es_ES","og_type":"article","og_title":"Cuando los cultivos alimentan. Relatos sobre los agrocombustibles y el expolio a los pueblos del Sur &#8212; Zapateneo","og_description":"Montero Gal\u00e1n, Daniel 9788494065248 - Libros en acci\u00f3n - 2013 - 132 p\u00e1ginas \/orri.","og_url":"https:\/\/zapateneo.net\/wordpress\/index.php\/producto\/cuando-los-cultivos-alimentan-relatos-sobre-los-agrocombustibles-y-el-expolio-a-los-pueblos-del-sur\/","og_site_name":"Zapateneo","article_modified_time":"2023-08-04T07:09:36+00:00","og_image":[{"width":120,"height":170,"url":"https:\/\/zapateneo.net\/wordpress\/wp-content\/uploads\/2021\/04\/7730.jpg","type":"image\/jpeg"}],"twitter_card":"summary_large_image","twitter_site":"@zapateneo","twitter_misc":{"Tiempo de lectura":"1 minuto"},"schema":{"@context":"https:\/\/schema.org","@graph":[{"@type":"WebPage","@id":"https:\/\/zapateneo.net\/wordpress\/index.php\/producto\/cuando-los-cultivos-alimentan-relatos-sobre-los-agrocombustibles-y-el-expolio-a-los-pueblos-del-sur\/","url":"https:\/\/zapateneo.net\/wordpress\/index.php\/producto\/cuando-los-cultivos-alimentan-relatos-sobre-los-agrocombustibles-y-el-expolio-a-los-pueblos-del-sur\/","name":"Cuando los cultivos alimentan. Relatos sobre los agrocombustibles y el expolio a los pueblos del Sur &#8212; Zapateneo","isPartOf":{"@id":"https:\/\/zapateneo.net\/wordpress\/#website"},"primaryImageOfPage":{"@id":"https:\/\/zapateneo.net\/wordpress\/index.php\/producto\/cuando-los-cultivos-alimentan-relatos-sobre-los-agrocombustibles-y-el-expolio-a-los-pueblos-del-sur\/#primaryimage"},"image":{"@id":"https:\/\/zapateneo.net\/wordpress\/index.php\/producto\/cuando-los-cultivos-alimentan-relatos-sobre-los-agrocombustibles-y-el-expolio-a-los-pueblos-del-sur\/#primaryimage"},"thumbnailUrl":"https:\/\/zapateneo.net\/wordpress\/wp-content\/uploads\/2021\/04\/7730.jpg","datePublished":"2021-04-08T10:30:17+00:00","dateModified":"2023-08-04T07:09:36+00:00","breadcrumb":{"@id":"https:\/\/zapateneo.net\/wordpress\/index.php\/producto\/cuando-los-cultivos-alimentan-relatos-sobre-los-agrocombustibles-y-el-expolio-a-los-pueblos-del-sur\/#breadcrumb"},"inLanguage":"es","potentialAction":[{"@type":"ReadAction","target":["https:\/\/zapateneo.net\/wordpress\/index.php\/producto\/cuando-los-cultivos-alimentan-relatos-sobre-los-agrocombustibles-y-el-expolio-a-los-pueblos-del-sur\/"]}]},{"@type":"ImageObject","inLanguage":"es","@id":"https:\/\/zapateneo.net\/wordpress\/index.php\/producto\/cuando-los-cultivos-alimentan-relatos-sobre-los-agrocombustibles-y-el-expolio-a-los-pueblos-del-sur\/#primaryimage","url":"https:\/\/zapateneo.net\/wordpress\/wp-content\/uploads\/2021\/04\/7730.jpg","contentUrl":"https:\/\/zapateneo.net\/wordpress\/wp-content\/uploads\/2021\/04\/7730.jpg","width":120,"height":170},{"@type":"BreadcrumbList","@id":"https:\/\/zapateneo.net\/wordpress\/index.php\/producto\/cuando-los-cultivos-alimentan-relatos-sobre-los-agrocombustibles-y-el-expolio-a-los-pueblos-del-sur\/#breadcrumb","itemListElement":[{"@type":"ListItem","position":1,"name":"Portada","item":"https:\/\/zapateneo.net\/wordpress\/"},{"@type":"ListItem","position":2,"name":"Tienda","item":"https:\/\/zapateneo.net\/wordpress\/"},{"@type":"ListItem","position":3,"name":"Cuando los cultivos alimentan. Relatos sobre los agrocombustibles y el expolio a los pueblos del Sur"}]},{"@type":"WebSite","@id":"https:\/\/zapateneo.net\/wordpress\/#website","url":"https:\/\/zapateneo.net\/wordpress\/","name":"Zapateneo","description":"Zapateneoaren webgunea","publisher":{"@id":"https:\/\/zapateneo.net\/wordpress\/#organization"},"potentialAction":[{"@type":"SearchAction","target":{"@type":"EntryPoint","urlTemplate":"https:\/\/zapateneo.net\/wordpress\/?s={search_term_string}"},"query-input":{"@type":"PropertyValueSpecification","valueRequired":true,"valueName":"search_term_string"}}],"inLanguage":"es"},{"@type":"Organization","@id":"https:\/\/zapateneo.net\/wordpress\/#organization","name":"Zapateneo Kultur Elkartea","url":"https:\/\/zapateneo.net\/wordpress\/","logo":{"@type":"ImageObject","inLanguage":"es","@id":"https:\/\/zapateneo.net\/wordpress\/#\/schema\/logo\/image\/","url":"https:\/\/zapateneo.net\/wordpress\/wp-content\/uploads\/2021\/04\/zap-libu-kolec.jpg","contentUrl":"https:\/\/zapateneo.net\/wordpress\/wp-content\/uploads\/2021\/04\/zap-libu-kolec.jpg","width":2234,"height":398,"caption":"Zapateneo Kultur Elkartea"},"image":{"@id":"https:\/\/zapateneo.net\/wordpress\/#\/schema\/logo\/image\/"},"sameAs":["https:\/\/x.com\/zapateneo"]}]}},"_links":{"self":[{"href":"https:\/\/zapateneo.net\/wordpress\/index.php\/wp-json\/wp\/v2\/product\/3874","targetHints":{"allow":["GET"]}}],"collection":[{"href":"https:\/\/zapateneo.net\/wordpress\/index.php\/wp-json\/wp\/v2\/product"}],"about":[{"href":"https:\/\/zapateneo.net\/wordpress\/index.php\/wp-json\/wp\/v2\/types\/product"}],"wp:featuredmedia":[{"embeddable":true,"href":"https:\/\/zapateneo.net\/wordpress\/index.php\/wp-json\/wp\/v2\/media\/3903"}],"wp:attachment":[{"href":"https:\/\/zapateneo.net\/wordpress\/index.php\/wp-json\/wp\/v2\/media?parent=3874"}],"wp:term":[{"taxonomy":"product_brand","embeddable":true,"href":"https:\/\/zapateneo.net\/wordpress\/index.php\/wp-json\/wp\/v2\/product_brand?post=3874"},{"taxonomy":"product_cat","embeddable":true,"href":"https:\/\/zapateneo.net\/wordpress\/index.php\/wp-json\/wp\/v2\/product_cat?post=3874"},{"taxonomy":"product_tag","embeddable":true,"href":"https:\/\/zapateneo.net\/wordpress\/index.php\/wp-json\/wp\/v2\/product_tag?post=3874"}],"curies":[{"name":"wp","href":"https:\/\/api.w.org\/{rel}","templated":true}]}}