{"id":3844,"date":"2021-04-08T11:29:43","date_gmt":"2021-04-08T10:29:43","guid":{"rendered":"https:\/\/zapateneo.net\/wordpress\/?post_type=product&#038;p=3844"},"modified":"2023-07-27T05:46:16","modified_gmt":"2023-07-27T04:46:16","slug":"producir-alimentos-reproducir-comunidad-redes-alimentarias-alternativas-como-formas-economicas-par","status":"publish","type":"product","link":"https:\/\/zapateneo.net\/wordpress\/index.php\/producto\/producir-alimentos-reproducir-comunidad-redes-alimentarias-alternativas-como-formas-economicas-par\/","title":{"rendered":"Producir alimentos, reproducir comunidad. Redes alimentarias alternativas como formas econ\u00f3micas par"},"content":{"rendered":"<p>&nbsp;<\/p>\n<p>El libro nos invita a visitar diversas formas socioecon\u00f3micas que se construyen en lo local como alternativas al capitalismo global -grupos, asociaciones y cooperativas de consumo; cooperativas de producci\u00f3n ecol\u00f3gica y de cercan\u00eda; redes territoriales por la soberan\u00eda alimentaria; colectividades y proyectos comunitarios rurales; etc. Recoge experiencias desarrolladas en torno a las redes alimentarias alternativas, vinculadas con el movimiento social agroecol\u00f3gico y por la soberan\u00eda alimentaria, que cada vez son m\u00e1s fuertes, diversas y numerosas.<br \/>\nEl libro nos ofrece la vivencia y el conocimiento acumulados por las personas protagonistas de cada iniciativa, y desde ah\u00ed propone nuevos caminos a transitar. Recoge v\u00edas para superar problemas pr\u00e1cticos, y plantea desde la realidad cotidiana nuevas preguntas para profundizar en antiguos debates, como la circulaci\u00f3n del dinero; la asignaci\u00f3n de valor a las producciones sociales; el acceso a los medios de producci\u00f3n; el dif\u00edcil equilibrio entre tareas productivas y reproductivas; la tensi\u00f3n entre eficiencia econ\u00f3mica y valores sociales; la relaci\u00f3n entre individuo y comunidad; o la necesaria comunicaci\u00f3n entre resistencias sociales y construcci\u00f3n de alternativas econ\u00f3micas.<br \/>\nA trav\u00e9s de la descripci\u00f3n y el an\u00e1lisis de proyectos concretos, el texto olfatea la l\u00f3gica interna y el funcionamiento pr\u00e1ctico que hacen de estas iniciativas alternativas. Trata de recolectar las estrategias que se han puesto en marcha con cada modelo para que otros grupos, en otros contextos, puedan saborear lo que les resulte de utilidad y fecundar as\u00ed sus propios proyectos y redes. Por \u00faltimo, propone algunas claves para la discusi\u00f3n del sentido y la proyecci\u00f3n de estos cultivos sociales, en el actual contexto de cambio global. Comparte con la persona lectora, en definitiva, herramientas para construir un mundo deseable, nutritivo, alegre y socialmente f\u00e9rtil.<\/p>\n<p>&nbsp;<\/p>\n","protected":false},"excerpt":{"rendered":"<p><strong>L\u00f3pez Garc\u00eda, Daniel<\/strong><br \/>\n9788494318313 &#8211; Ecologistas en Acci\u00f3n &#8211; 2015 &#8211; 197 p\u00e1ginas \/orri.<\/p>\n","protected":false},"featured_media":3892,"template":"","meta":[],"product_brand":[],"product_cat":[180,16],"product_tag":[312,2685],"class_list":{"0":"post-3844","1":"product","2":"type-product","3":"status-publish","4":"has-post-thumbnail","6":"product_cat-ekologia-ecologia","7":"product_cat-libros","8":"product_tag-ecologistas-en-accion","9":"product_tag-lopez-garcia","11":"first","12":"outofstock","13":"sold-individually","14":"shipping-taxable","15":"purchasable","16":"product-type-simple"},"yoast_head":"<!-- This site is optimized with the Yoast SEO plugin v27.3 - https:\/\/yoast.com\/product\/yoast-seo-wordpress\/ -->\n<title>Producir alimentos, reproducir comunidad. Redes alimentarias alternativas como formas econ\u00f3micas par &#8212; Zapateneo<\/title>\n<meta name=\"robots\" content=\"index, follow, max-snippet:-1, max-image-preview:large, max-video-preview:-1\" \/>\n<link rel=\"canonical\" href=\"https:\/\/zapateneo.net\/wordpress\/index.php\/producto\/producir-alimentos-reproducir-comunidad-redes-alimentarias-alternativas-como-formas-economicas-par\/\" \/>\n<meta property=\"og:locale\" content=\"es_ES\" \/>\n<meta property=\"og:type\" content=\"article\" \/>\n<meta property=\"og:title\" content=\"Producir alimentos, reproducir comunidad. Redes alimentarias alternativas como formas econ\u00f3micas par &#8212; Zapateneo\" \/>\n<meta property=\"og:description\" content=\"L\u00f3pez Garc\u00eda, Daniel 9788494318313 - Ecologistas en Acci\u00f3n - 2015 - 197 p\u00e1ginas \/orri.\" \/>\n<meta property=\"og:url\" content=\"https:\/\/zapateneo.net\/wordpress\/index.php\/producto\/producir-alimentos-reproducir-comunidad-redes-alimentarias-alternativas-como-formas-economicas-par\/\" \/>\n<meta property=\"og:site_name\" content=\"Zapateneo\" \/>\n<meta property=\"article:modified_time\" content=\"2023-07-27T04:46:16+00:00\" \/>\n<meta property=\"og:image\" content=\"https:\/\/zapateneo.net\/wordpress\/wp-content\/uploads\/2021\/04\/8204.jpg\" \/>\n\t<meta property=\"og:image:width\" content=\"120\" \/>\n\t<meta property=\"og:image:height\" content=\"184\" \/>\n\t<meta property=\"og:image:type\" content=\"image\/jpeg\" \/>\n<meta name=\"twitter:card\" content=\"summary_large_image\" \/>\n<meta name=\"twitter:site\" content=\"@zapateneo\" \/>\n<meta name=\"twitter:label1\" content=\"Tiempo de lectura\" \/>\n\t<meta name=\"twitter:data1\" content=\"2 minutos\" \/>\n<script type=\"application\/ld+json\" class=\"yoast-schema-graph\">{\"@context\":\"https:\\\/\\\/schema.org\",\"@graph\":[{\"@type\":\"WebPage\",\"@id\":\"https:\\\/\\\/zapateneo.net\\\/wordpress\\\/index.php\\\/producto\\\/producir-alimentos-reproducir-comunidad-redes-alimentarias-alternativas-como-formas-economicas-par\\\/\",\"url\":\"https:\\\/\\\/zapateneo.net\\\/wordpress\\\/index.php\\\/producto\\\/producir-alimentos-reproducir-comunidad-redes-alimentarias-alternativas-como-formas-economicas-par\\\/\",\"name\":\"Producir alimentos, reproducir comunidad. Redes alimentarias alternativas como formas econ\u00f3micas par &#8212; Zapateneo\",\"isPartOf\":{\"@id\":\"https:\\\/\\\/zapateneo.net\\\/wordpress\\\/#website\"},\"primaryImageOfPage\":{\"@id\":\"https:\\\/\\\/zapateneo.net\\\/wordpress\\\/index.php\\\/producto\\\/producir-alimentos-reproducir-comunidad-redes-alimentarias-alternativas-como-formas-economicas-par\\\/#primaryimage\"},\"image\":{\"@id\":\"https:\\\/\\\/zapateneo.net\\\/wordpress\\\/index.php\\\/producto\\\/producir-alimentos-reproducir-comunidad-redes-alimentarias-alternativas-como-formas-economicas-par\\\/#primaryimage\"},\"thumbnailUrl\":\"https:\\\/\\\/zapateneo.net\\\/wordpress\\\/wp-content\\\/uploads\\\/2021\\\/04\\\/8204.jpg\",\"datePublished\":\"2021-04-08T10:29:43+00:00\",\"dateModified\":\"2023-07-27T04:46:16+00:00\",\"breadcrumb\":{\"@id\":\"https:\\\/\\\/zapateneo.net\\\/wordpress\\\/index.php\\\/producto\\\/producir-alimentos-reproducir-comunidad-redes-alimentarias-alternativas-como-formas-economicas-par\\\/#breadcrumb\"},\"inLanguage\":\"es\",\"potentialAction\":[{\"@type\":\"ReadAction\",\"target\":[\"https:\\\/\\\/zapateneo.net\\\/wordpress\\\/index.php\\\/producto\\\/producir-alimentos-reproducir-comunidad-redes-alimentarias-alternativas-como-formas-economicas-par\\\/\"]}]},{\"@type\":\"ImageObject\",\"inLanguage\":\"es\",\"@id\":\"https:\\\/\\\/zapateneo.net\\\/wordpress\\\/index.php\\\/producto\\\/producir-alimentos-reproducir-comunidad-redes-alimentarias-alternativas-como-formas-economicas-par\\\/#primaryimage\",\"url\":\"https:\\\/\\\/zapateneo.net\\\/wordpress\\\/wp-content\\\/uploads\\\/2021\\\/04\\\/8204.jpg\",\"contentUrl\":\"https:\\\/\\\/zapateneo.net\\\/wordpress\\\/wp-content\\\/uploads\\\/2021\\\/04\\\/8204.jpg\",\"width\":120,\"height\":184},{\"@type\":\"BreadcrumbList\",\"@id\":\"https:\\\/\\\/zapateneo.net\\\/wordpress\\\/index.php\\\/producto\\\/producir-alimentos-reproducir-comunidad-redes-alimentarias-alternativas-como-formas-economicas-par\\\/#breadcrumb\",\"itemListElement\":[{\"@type\":\"ListItem\",\"position\":1,\"name\":\"Portada\",\"item\":\"https:\\\/\\\/zapateneo.net\\\/wordpress\\\/\"},{\"@type\":\"ListItem\",\"position\":2,\"name\":\"Tienda\",\"item\":\"https:\\\/\\\/zapateneo.net\\\/wordpress\\\/\"},{\"@type\":\"ListItem\",\"position\":3,\"name\":\"Producir alimentos, reproducir comunidad. Redes alimentarias alternativas como formas econ\u00f3micas par\"}]},{\"@type\":\"WebSite\",\"@id\":\"https:\\\/\\\/zapateneo.net\\\/wordpress\\\/#website\",\"url\":\"https:\\\/\\\/zapateneo.net\\\/wordpress\\\/\",\"name\":\"Zapateneo\",\"description\":\"Zapateneoaren webgunea\",\"publisher\":{\"@id\":\"https:\\\/\\\/zapateneo.net\\\/wordpress\\\/#organization\"},\"potentialAction\":[{\"@type\":\"SearchAction\",\"target\":{\"@type\":\"EntryPoint\",\"urlTemplate\":\"https:\\\/\\\/zapateneo.net\\\/wordpress\\\/?s={search_term_string}\"},\"query-input\":{\"@type\":\"PropertyValueSpecification\",\"valueRequired\":true,\"valueName\":\"search_term_string\"}}],\"inLanguage\":\"es\"},{\"@type\":\"Organization\",\"@id\":\"https:\\\/\\\/zapateneo.net\\\/wordpress\\\/#organization\",\"name\":\"Zapateneo Kultur Elkartea\",\"url\":\"https:\\\/\\\/zapateneo.net\\\/wordpress\\\/\",\"logo\":{\"@type\":\"ImageObject\",\"inLanguage\":\"es\",\"@id\":\"https:\\\/\\\/zapateneo.net\\\/wordpress\\\/#\\\/schema\\\/logo\\\/image\\\/\",\"url\":\"https:\\\/\\\/zapateneo.net\\\/wordpress\\\/wp-content\\\/uploads\\\/2021\\\/04\\\/zap-libu-kolec.jpg\",\"contentUrl\":\"https:\\\/\\\/zapateneo.net\\\/wordpress\\\/wp-content\\\/uploads\\\/2021\\\/04\\\/zap-libu-kolec.jpg\",\"width\":2234,\"height\":398,\"caption\":\"Zapateneo Kultur Elkartea\"},\"image\":{\"@id\":\"https:\\\/\\\/zapateneo.net\\\/wordpress\\\/#\\\/schema\\\/logo\\\/image\\\/\"},\"sameAs\":[\"https:\\\/\\\/x.com\\\/zapateneo\"]}]}<\/script>\n<!-- \/ Yoast SEO plugin. -->","yoast_head_json":{"title":"Producir alimentos, reproducir comunidad. Redes alimentarias alternativas como formas econ\u00f3micas par &#8212; Zapateneo","robots":{"index":"index","follow":"follow","max-snippet":"max-snippet:-1","max-image-preview":"max-image-preview:large","max-video-preview":"max-video-preview:-1"},"canonical":"https:\/\/zapateneo.net\/wordpress\/index.php\/producto\/producir-alimentos-reproducir-comunidad-redes-alimentarias-alternativas-como-formas-economicas-par\/","og_locale":"es_ES","og_type":"article","og_title":"Producir alimentos, reproducir comunidad. Redes alimentarias alternativas como formas econ\u00f3micas par &#8212; Zapateneo","og_description":"L\u00f3pez Garc\u00eda, Daniel 9788494318313 - Ecologistas en Acci\u00f3n - 2015 - 197 p\u00e1ginas \/orri.","og_url":"https:\/\/zapateneo.net\/wordpress\/index.php\/producto\/producir-alimentos-reproducir-comunidad-redes-alimentarias-alternativas-como-formas-economicas-par\/","og_site_name":"Zapateneo","article_modified_time":"2023-07-27T04:46:16+00:00","og_image":[{"width":120,"height":184,"url":"https:\/\/zapateneo.net\/wordpress\/wp-content\/uploads\/2021\/04\/8204.jpg","type":"image\/jpeg"}],"twitter_card":"summary_large_image","twitter_site":"@zapateneo","twitter_misc":{"Tiempo de lectura":"2 minutos"},"schema":{"@context":"https:\/\/schema.org","@graph":[{"@type":"WebPage","@id":"https:\/\/zapateneo.net\/wordpress\/index.php\/producto\/producir-alimentos-reproducir-comunidad-redes-alimentarias-alternativas-como-formas-economicas-par\/","url":"https:\/\/zapateneo.net\/wordpress\/index.php\/producto\/producir-alimentos-reproducir-comunidad-redes-alimentarias-alternativas-como-formas-economicas-par\/","name":"Producir alimentos, reproducir comunidad. Redes alimentarias alternativas como formas econ\u00f3micas par &#8212; Zapateneo","isPartOf":{"@id":"https:\/\/zapateneo.net\/wordpress\/#website"},"primaryImageOfPage":{"@id":"https:\/\/zapateneo.net\/wordpress\/index.php\/producto\/producir-alimentos-reproducir-comunidad-redes-alimentarias-alternativas-como-formas-economicas-par\/#primaryimage"},"image":{"@id":"https:\/\/zapateneo.net\/wordpress\/index.php\/producto\/producir-alimentos-reproducir-comunidad-redes-alimentarias-alternativas-como-formas-economicas-par\/#primaryimage"},"thumbnailUrl":"https:\/\/zapateneo.net\/wordpress\/wp-content\/uploads\/2021\/04\/8204.jpg","datePublished":"2021-04-08T10:29:43+00:00","dateModified":"2023-07-27T04:46:16+00:00","breadcrumb":{"@id":"https:\/\/zapateneo.net\/wordpress\/index.php\/producto\/producir-alimentos-reproducir-comunidad-redes-alimentarias-alternativas-como-formas-economicas-par\/#breadcrumb"},"inLanguage":"es","potentialAction":[{"@type":"ReadAction","target":["https:\/\/zapateneo.net\/wordpress\/index.php\/producto\/producir-alimentos-reproducir-comunidad-redes-alimentarias-alternativas-como-formas-economicas-par\/"]}]},{"@type":"ImageObject","inLanguage":"es","@id":"https:\/\/zapateneo.net\/wordpress\/index.php\/producto\/producir-alimentos-reproducir-comunidad-redes-alimentarias-alternativas-como-formas-economicas-par\/#primaryimage","url":"https:\/\/zapateneo.net\/wordpress\/wp-content\/uploads\/2021\/04\/8204.jpg","contentUrl":"https:\/\/zapateneo.net\/wordpress\/wp-content\/uploads\/2021\/04\/8204.jpg","width":120,"height":184},{"@type":"BreadcrumbList","@id":"https:\/\/zapateneo.net\/wordpress\/index.php\/producto\/producir-alimentos-reproducir-comunidad-redes-alimentarias-alternativas-como-formas-economicas-par\/#breadcrumb","itemListElement":[{"@type":"ListItem","position":1,"name":"Portada","item":"https:\/\/zapateneo.net\/wordpress\/"},{"@type":"ListItem","position":2,"name":"Tienda","item":"https:\/\/zapateneo.net\/wordpress\/"},{"@type":"ListItem","position":3,"name":"Producir alimentos, reproducir comunidad. Redes alimentarias alternativas como formas econ\u00f3micas par"}]},{"@type":"WebSite","@id":"https:\/\/zapateneo.net\/wordpress\/#website","url":"https:\/\/zapateneo.net\/wordpress\/","name":"Zapateneo","description":"Zapateneoaren webgunea","publisher":{"@id":"https:\/\/zapateneo.net\/wordpress\/#organization"},"potentialAction":[{"@type":"SearchAction","target":{"@type":"EntryPoint","urlTemplate":"https:\/\/zapateneo.net\/wordpress\/?s={search_term_string}"},"query-input":{"@type":"PropertyValueSpecification","valueRequired":true,"valueName":"search_term_string"}}],"inLanguage":"es"},{"@type":"Organization","@id":"https:\/\/zapateneo.net\/wordpress\/#organization","name":"Zapateneo Kultur Elkartea","url":"https:\/\/zapateneo.net\/wordpress\/","logo":{"@type":"ImageObject","inLanguage":"es","@id":"https:\/\/zapateneo.net\/wordpress\/#\/schema\/logo\/image\/","url":"https:\/\/zapateneo.net\/wordpress\/wp-content\/uploads\/2021\/04\/zap-libu-kolec.jpg","contentUrl":"https:\/\/zapateneo.net\/wordpress\/wp-content\/uploads\/2021\/04\/zap-libu-kolec.jpg","width":2234,"height":398,"caption":"Zapateneo Kultur Elkartea"},"image":{"@id":"https:\/\/zapateneo.net\/wordpress\/#\/schema\/logo\/image\/"},"sameAs":["https:\/\/x.com\/zapateneo"]}]}},"_links":{"self":[{"href":"https:\/\/zapateneo.net\/wordpress\/index.php\/wp-json\/wp\/v2\/product\/3844","targetHints":{"allow":["GET"]}}],"collection":[{"href":"https:\/\/zapateneo.net\/wordpress\/index.php\/wp-json\/wp\/v2\/product"}],"about":[{"href":"https:\/\/zapateneo.net\/wordpress\/index.php\/wp-json\/wp\/v2\/types\/product"}],"wp:featuredmedia":[{"embeddable":true,"href":"https:\/\/zapateneo.net\/wordpress\/index.php\/wp-json\/wp\/v2\/media\/3892"}],"wp:attachment":[{"href":"https:\/\/zapateneo.net\/wordpress\/index.php\/wp-json\/wp\/v2\/media?parent=3844"}],"wp:term":[{"taxonomy":"product_brand","embeddable":true,"href":"https:\/\/zapateneo.net\/wordpress\/index.php\/wp-json\/wp\/v2\/product_brand?post=3844"},{"taxonomy":"product_cat","embeddable":true,"href":"https:\/\/zapateneo.net\/wordpress\/index.php\/wp-json\/wp\/v2\/product_cat?post=3844"},{"taxonomy":"product_tag","embeddable":true,"href":"https:\/\/zapateneo.net\/wordpress\/index.php\/wp-json\/wp\/v2\/product_tag?post=3844"}],"curies":[{"name":"wp","href":"https:\/\/api.w.org\/{rel}","templated":true}]}}