{"id":3803,"date":"2021-04-08T11:29:07","date_gmt":"2021-04-08T10:29:07","guid":{"rendered":"https:\/\/zapateneo.net\/wordpress\/?post_type=product&#038;p=3803"},"modified":"2021-12-26T19:01:24","modified_gmt":"2021-12-26T18:01:24","slug":"adios-a-la-naturaleza-la-revolucion-bioartefactual","status":"publish","type":"product","link":"https:\/\/zapateneo.net\/wordpress\/index.php\/producto\/adios-a-la-naturaleza-la-revolucion-bioartefactual\/","title":{"rendered":"ADI\u00d3S A LA NATURALEZA. LA REVOLUCI\u00d3N BIOARTEFACTUAL"},"content":{"rendered":"<p>Hace milenios comenzamos a domesticar plantas y animales, lo que inici\u00f3 la producci\u00f3n de diversos bioartefactos: organismos vivos modificados e intervenidos t\u00e9cnicamente en sus funciones, fisiolog\u00eda y estructura gen\u00f3mica. A partir de la postulaci\u00f3n de la estructura del ADN por Watson y Crick en el siglo XX, el ulterior surgimiento de la biolog\u00eda molecular y de la tecnolog\u00eda de ADN recombinante, as\u00ed como de las novedosas t\u00e9cnicas de edici\u00f3n gen\u00e9tica como CRISPR CAS9, se han creado no solamente nuevas posibilidades para producir bioartefactos de diversa \u00edndole, sino que tambi\u00e9n se han transformado nuestras ideas sobre la naturaleza, la evoluci\u00f3n de los seres vivos y el lugar que los humanos ocupamos en el universo de la vida. Actualmente, nos encontramos en una revoluci\u00f3n bioartefactual que se propone reconfigurar biot\u00e9cnicamente una enorme gama de organismos vivos, incluyendo a la propia especie humana, cuyas consecuencias ambientales y sociales ser\u00e1n de amplio alcance en la naturaleza y en nuestra relaci\u00f3n con el mundo.<\/p>\n<p>En este libro se analiza cr\u00edticamente esta revoluci\u00f3n bioartefactual en marcha y se plantean preguntas \u00e9tico-filos\u00f3ficas de implicaciones sociales, econ\u00f3micas, pol\u00edticas e incluso jur\u00eddicas. La producci\u00f3n bioartefactual de nuestra \u00e9poca constituye una verdadera revoluci\u00f3n tecnocient\u00edfica en los albores del siglo XXI, que marcar\u00e1 el destino de la humanidad y, muy probablemente, el de muchos otros seres vivos y ecosistemas. As\u00ed pues, \u00bfpodremos decir adi\u00f3s a la naturaleza? Conviene que comencemos desde ahora la evaluaci\u00f3n de este alucinante proyecto de autotransmutaci\u00f3n biotecnol\u00f3gica; es tiempo de que reflexionemos sobre la revoluci\u00f3n bioartefactual que hay en marcha.<\/p>\n","protected":false},"excerpt":{"rendered":"<p><strong>LINARES, JORGE ENRIQUE<\/strong><br \/>\n9788417121143 &#8211; PLAZA Y VALDES &#8211; 2019 &#8211; 334 p\u00e1ginas \/orri.<\/p>\n","protected":false},"featured_media":3854,"template":"","meta":[],"product_brand":[],"product_cat":[180,16],"product_tag":[2665,2664,2666],"class_list":{"0":"post-3803","1":"product","2":"type-product","3":"status-publish","4":"has-post-thumbnail","6":"product_cat-ekologia-ecologia","7":"product_cat-libros","8":"product_tag-jorge-enrique","9":"product_tag-linares","10":"product_tag-plaza-y-valdes","12":"first","13":"instock","14":"sold-individually","15":"shipping-taxable","16":"purchasable","17":"product-type-simple"},"yoast_head":"<!-- This site is optimized with the Yoast SEO plugin v27.3 - https:\/\/yoast.com\/product\/yoast-seo-wordpress\/ -->\n<title>ADI\u00d3S A LA NATURALEZA. LA REVOLUCI\u00d3N BIOARTEFACTUAL &#8212; Zapateneo<\/title>\n<meta name=\"robots\" content=\"index, follow, max-snippet:-1, max-image-preview:large, max-video-preview:-1\" \/>\n<link rel=\"canonical\" href=\"https:\/\/zapateneo.net\/wordpress\/index.php\/producto\/adios-a-la-naturaleza-la-revolucion-bioartefactual\/\" \/>\n<meta property=\"og:locale\" content=\"es_ES\" \/>\n<meta property=\"og:type\" content=\"article\" \/>\n<meta property=\"og:title\" content=\"ADI\u00d3S A LA NATURALEZA. LA REVOLUCI\u00d3N BIOARTEFACTUAL &#8212; Zapateneo\" \/>\n<meta property=\"og:description\" content=\"LINARES, JORGE ENRIQUE 9788417121143 - PLAZA Y VALDES - 2019 - 334 p\u00e1ginas \/orri.\" \/>\n<meta property=\"og:url\" content=\"https:\/\/zapateneo.net\/wordpress\/index.php\/producto\/adios-a-la-naturaleza-la-revolucion-bioartefactual\/\" \/>\n<meta property=\"og:site_name\" content=\"Zapateneo\" \/>\n<meta property=\"article:modified_time\" content=\"2021-12-26T18:01:24+00:00\" \/>\n<meta property=\"og:image\" content=\"https:\/\/zapateneo.net\/wordpress\/wp-content\/uploads\/2021\/04\/adios.gif\" \/>\n\t<meta property=\"og:image:width\" content=\"220\" \/>\n\t<meta property=\"og:image:height\" content=\"311\" \/>\n\t<meta property=\"og:image:type\" content=\"image\/gif\" \/>\n<meta name=\"twitter:card\" content=\"summary_large_image\" \/>\n<meta name=\"twitter:site\" content=\"@zapateneo\" \/>\n<meta name=\"twitter:label1\" content=\"Tiempo de lectura\" \/>\n\t<meta name=\"twitter:data1\" content=\"1 minuto\" \/>\n<script type=\"application\/ld+json\" class=\"yoast-schema-graph\">{\"@context\":\"https:\\\/\\\/schema.org\",\"@graph\":[{\"@type\":\"WebPage\",\"@id\":\"https:\\\/\\\/zapateneo.net\\\/wordpress\\\/index.php\\\/producto\\\/adios-a-la-naturaleza-la-revolucion-bioartefactual\\\/\",\"url\":\"https:\\\/\\\/zapateneo.net\\\/wordpress\\\/index.php\\\/producto\\\/adios-a-la-naturaleza-la-revolucion-bioartefactual\\\/\",\"name\":\"ADI\u00d3S A LA NATURALEZA. LA REVOLUCI\u00d3N BIOARTEFACTUAL &#8212; Zapateneo\",\"isPartOf\":{\"@id\":\"https:\\\/\\\/zapateneo.net\\\/wordpress\\\/#website\"},\"primaryImageOfPage\":{\"@id\":\"https:\\\/\\\/zapateneo.net\\\/wordpress\\\/index.php\\\/producto\\\/adios-a-la-naturaleza-la-revolucion-bioartefactual\\\/#primaryimage\"},\"image\":{\"@id\":\"https:\\\/\\\/zapateneo.net\\\/wordpress\\\/index.php\\\/producto\\\/adios-a-la-naturaleza-la-revolucion-bioartefactual\\\/#primaryimage\"},\"thumbnailUrl\":\"https:\\\/\\\/zapateneo.net\\\/wordpress\\\/wp-content\\\/uploads\\\/2021\\\/04\\\/adios.gif\",\"datePublished\":\"2021-04-08T10:29:07+00:00\",\"dateModified\":\"2021-12-26T18:01:24+00:00\",\"breadcrumb\":{\"@id\":\"https:\\\/\\\/zapateneo.net\\\/wordpress\\\/index.php\\\/producto\\\/adios-a-la-naturaleza-la-revolucion-bioartefactual\\\/#breadcrumb\"},\"inLanguage\":\"es\",\"potentialAction\":[{\"@type\":\"ReadAction\",\"target\":[\"https:\\\/\\\/zapateneo.net\\\/wordpress\\\/index.php\\\/producto\\\/adios-a-la-naturaleza-la-revolucion-bioartefactual\\\/\"]}]},{\"@type\":\"ImageObject\",\"inLanguage\":\"es\",\"@id\":\"https:\\\/\\\/zapateneo.net\\\/wordpress\\\/index.php\\\/producto\\\/adios-a-la-naturaleza-la-revolucion-bioartefactual\\\/#primaryimage\",\"url\":\"https:\\\/\\\/zapateneo.net\\\/wordpress\\\/wp-content\\\/uploads\\\/2021\\\/04\\\/adios.gif\",\"contentUrl\":\"https:\\\/\\\/zapateneo.net\\\/wordpress\\\/wp-content\\\/uploads\\\/2021\\\/04\\\/adios.gif\",\"width\":220,\"height\":311},{\"@type\":\"BreadcrumbList\",\"@id\":\"https:\\\/\\\/zapateneo.net\\\/wordpress\\\/index.php\\\/producto\\\/adios-a-la-naturaleza-la-revolucion-bioartefactual\\\/#breadcrumb\",\"itemListElement\":[{\"@type\":\"ListItem\",\"position\":1,\"name\":\"Portada\",\"item\":\"https:\\\/\\\/zapateneo.net\\\/wordpress\\\/\"},{\"@type\":\"ListItem\",\"position\":2,\"name\":\"Tienda\",\"item\":\"https:\\\/\\\/zapateneo.net\\\/wordpress\\\/\"},{\"@type\":\"ListItem\",\"position\":3,\"name\":\"ADI\u00d3S A LA NATURALEZA. LA REVOLUCI\u00d3N BIOARTEFACTUAL\"}]},{\"@type\":\"WebSite\",\"@id\":\"https:\\\/\\\/zapateneo.net\\\/wordpress\\\/#website\",\"url\":\"https:\\\/\\\/zapateneo.net\\\/wordpress\\\/\",\"name\":\"Zapateneo\",\"description\":\"Zapateneoaren webgunea\",\"publisher\":{\"@id\":\"https:\\\/\\\/zapateneo.net\\\/wordpress\\\/#organization\"},\"potentialAction\":[{\"@type\":\"SearchAction\",\"target\":{\"@type\":\"EntryPoint\",\"urlTemplate\":\"https:\\\/\\\/zapateneo.net\\\/wordpress\\\/?s={search_term_string}\"},\"query-input\":{\"@type\":\"PropertyValueSpecification\",\"valueRequired\":true,\"valueName\":\"search_term_string\"}}],\"inLanguage\":\"es\"},{\"@type\":\"Organization\",\"@id\":\"https:\\\/\\\/zapateneo.net\\\/wordpress\\\/#organization\",\"name\":\"Zapateneo Kultur Elkartea\",\"url\":\"https:\\\/\\\/zapateneo.net\\\/wordpress\\\/\",\"logo\":{\"@type\":\"ImageObject\",\"inLanguage\":\"es\",\"@id\":\"https:\\\/\\\/zapateneo.net\\\/wordpress\\\/#\\\/schema\\\/logo\\\/image\\\/\",\"url\":\"https:\\\/\\\/zapateneo.net\\\/wordpress\\\/wp-content\\\/uploads\\\/2021\\\/04\\\/zap-libu-kolec.jpg\",\"contentUrl\":\"https:\\\/\\\/zapateneo.net\\\/wordpress\\\/wp-content\\\/uploads\\\/2021\\\/04\\\/zap-libu-kolec.jpg\",\"width\":2234,\"height\":398,\"caption\":\"Zapateneo Kultur Elkartea\"},\"image\":{\"@id\":\"https:\\\/\\\/zapateneo.net\\\/wordpress\\\/#\\\/schema\\\/logo\\\/image\\\/\"},\"sameAs\":[\"https:\\\/\\\/x.com\\\/zapateneo\"]}]}<\/script>\n<!-- \/ Yoast SEO plugin. -->","yoast_head_json":{"title":"ADI\u00d3S A LA NATURALEZA. LA REVOLUCI\u00d3N BIOARTEFACTUAL &#8212; Zapateneo","robots":{"index":"index","follow":"follow","max-snippet":"max-snippet:-1","max-image-preview":"max-image-preview:large","max-video-preview":"max-video-preview:-1"},"canonical":"https:\/\/zapateneo.net\/wordpress\/index.php\/producto\/adios-a-la-naturaleza-la-revolucion-bioartefactual\/","og_locale":"es_ES","og_type":"article","og_title":"ADI\u00d3S A LA NATURALEZA. LA REVOLUCI\u00d3N BIOARTEFACTUAL &#8212; Zapateneo","og_description":"LINARES, JORGE ENRIQUE 9788417121143 - PLAZA Y VALDES - 2019 - 334 p\u00e1ginas \/orri.","og_url":"https:\/\/zapateneo.net\/wordpress\/index.php\/producto\/adios-a-la-naturaleza-la-revolucion-bioartefactual\/","og_site_name":"Zapateneo","article_modified_time":"2021-12-26T18:01:24+00:00","og_image":[{"width":220,"height":311,"url":"https:\/\/zapateneo.net\/wordpress\/wp-content\/uploads\/2021\/04\/adios.gif","type":"image\/gif"}],"twitter_card":"summary_large_image","twitter_site":"@zapateneo","twitter_misc":{"Tiempo de lectura":"1 minuto"},"schema":{"@context":"https:\/\/schema.org","@graph":[{"@type":"WebPage","@id":"https:\/\/zapateneo.net\/wordpress\/index.php\/producto\/adios-a-la-naturaleza-la-revolucion-bioartefactual\/","url":"https:\/\/zapateneo.net\/wordpress\/index.php\/producto\/adios-a-la-naturaleza-la-revolucion-bioartefactual\/","name":"ADI\u00d3S A LA NATURALEZA. LA REVOLUCI\u00d3N BIOARTEFACTUAL &#8212; Zapateneo","isPartOf":{"@id":"https:\/\/zapateneo.net\/wordpress\/#website"},"primaryImageOfPage":{"@id":"https:\/\/zapateneo.net\/wordpress\/index.php\/producto\/adios-a-la-naturaleza-la-revolucion-bioartefactual\/#primaryimage"},"image":{"@id":"https:\/\/zapateneo.net\/wordpress\/index.php\/producto\/adios-a-la-naturaleza-la-revolucion-bioartefactual\/#primaryimage"},"thumbnailUrl":"https:\/\/zapateneo.net\/wordpress\/wp-content\/uploads\/2021\/04\/adios.gif","datePublished":"2021-04-08T10:29:07+00:00","dateModified":"2021-12-26T18:01:24+00:00","breadcrumb":{"@id":"https:\/\/zapateneo.net\/wordpress\/index.php\/producto\/adios-a-la-naturaleza-la-revolucion-bioartefactual\/#breadcrumb"},"inLanguage":"es","potentialAction":[{"@type":"ReadAction","target":["https:\/\/zapateneo.net\/wordpress\/index.php\/producto\/adios-a-la-naturaleza-la-revolucion-bioartefactual\/"]}]},{"@type":"ImageObject","inLanguage":"es","@id":"https:\/\/zapateneo.net\/wordpress\/index.php\/producto\/adios-a-la-naturaleza-la-revolucion-bioartefactual\/#primaryimage","url":"https:\/\/zapateneo.net\/wordpress\/wp-content\/uploads\/2021\/04\/adios.gif","contentUrl":"https:\/\/zapateneo.net\/wordpress\/wp-content\/uploads\/2021\/04\/adios.gif","width":220,"height":311},{"@type":"BreadcrumbList","@id":"https:\/\/zapateneo.net\/wordpress\/index.php\/producto\/adios-a-la-naturaleza-la-revolucion-bioartefactual\/#breadcrumb","itemListElement":[{"@type":"ListItem","position":1,"name":"Portada","item":"https:\/\/zapateneo.net\/wordpress\/"},{"@type":"ListItem","position":2,"name":"Tienda","item":"https:\/\/zapateneo.net\/wordpress\/"},{"@type":"ListItem","position":3,"name":"ADI\u00d3S A LA NATURALEZA. LA REVOLUCI\u00d3N BIOARTEFACTUAL"}]},{"@type":"WebSite","@id":"https:\/\/zapateneo.net\/wordpress\/#website","url":"https:\/\/zapateneo.net\/wordpress\/","name":"Zapateneo","description":"Zapateneoaren webgunea","publisher":{"@id":"https:\/\/zapateneo.net\/wordpress\/#organization"},"potentialAction":[{"@type":"SearchAction","target":{"@type":"EntryPoint","urlTemplate":"https:\/\/zapateneo.net\/wordpress\/?s={search_term_string}"},"query-input":{"@type":"PropertyValueSpecification","valueRequired":true,"valueName":"search_term_string"}}],"inLanguage":"es"},{"@type":"Organization","@id":"https:\/\/zapateneo.net\/wordpress\/#organization","name":"Zapateneo Kultur Elkartea","url":"https:\/\/zapateneo.net\/wordpress\/","logo":{"@type":"ImageObject","inLanguage":"es","@id":"https:\/\/zapateneo.net\/wordpress\/#\/schema\/logo\/image\/","url":"https:\/\/zapateneo.net\/wordpress\/wp-content\/uploads\/2021\/04\/zap-libu-kolec.jpg","contentUrl":"https:\/\/zapateneo.net\/wordpress\/wp-content\/uploads\/2021\/04\/zap-libu-kolec.jpg","width":2234,"height":398,"caption":"Zapateneo Kultur Elkartea"},"image":{"@id":"https:\/\/zapateneo.net\/wordpress\/#\/schema\/logo\/image\/"},"sameAs":["https:\/\/x.com\/zapateneo"]}]}},"_links":{"self":[{"href":"https:\/\/zapateneo.net\/wordpress\/index.php\/wp-json\/wp\/v2\/product\/3803","targetHints":{"allow":["GET"]}}],"collection":[{"href":"https:\/\/zapateneo.net\/wordpress\/index.php\/wp-json\/wp\/v2\/product"}],"about":[{"href":"https:\/\/zapateneo.net\/wordpress\/index.php\/wp-json\/wp\/v2\/types\/product"}],"wp:featuredmedia":[{"embeddable":true,"href":"https:\/\/zapateneo.net\/wordpress\/index.php\/wp-json\/wp\/v2\/media\/3854"}],"wp:attachment":[{"href":"https:\/\/zapateneo.net\/wordpress\/index.php\/wp-json\/wp\/v2\/media?parent=3803"}],"wp:term":[{"taxonomy":"product_brand","embeddable":true,"href":"https:\/\/zapateneo.net\/wordpress\/index.php\/wp-json\/wp\/v2\/product_brand?post=3803"},{"taxonomy":"product_cat","embeddable":true,"href":"https:\/\/zapateneo.net\/wordpress\/index.php\/wp-json\/wp\/v2\/product_cat?post=3803"},{"taxonomy":"product_tag","embeddable":true,"href":"https:\/\/zapateneo.net\/wordpress\/index.php\/wp-json\/wp\/v2\/product_tag?post=3803"}],"curies":[{"name":"wp","href":"https:\/\/api.w.org\/{rel}","templated":true}]}}