{"id":3792,"date":"2021-04-08T11:29:05","date_gmt":"2021-04-08T10:29:05","guid":{"rendered":"https:\/\/zapateneo.net\/wordpress\/?post_type=product&#038;p=3792"},"modified":"2021-04-08T11:29:21","modified_gmt":"2021-04-08T10:29:21","slug":"los-progresos-de-la-domesticacion","status":"publish","type":"product","link":"https:\/\/zapateneo.net\/wordpress\/index.php\/producto\/los-progresos-de-la-domesticacion\/","title":{"rendered":"Los progresos de la domesticaci\u00f3n"},"content":{"rendered":"<p>\u00abEs necesario afirmar que no habr\u00e1 \u0093salida de los Organismos Modificados Gen\u00e9ticamente\u0094, ni de ninguna de las t\u00e9cnicas biosuicidas propuestas por la econom\u00eda autonomizada, sin que se sienta la necesidad de salir de la sumisi\u00f3n a las ofertas de la t\u00e9cnica y de la industria as\u00ed como de las promesas cientifistas de un progreso ininterrumpido. Es la \u00fanica salida posible.<\/p>\n<p>Eso supone librarse de esta sociedad. No porque no se la pueda reformar, por supuesto, ya que es lo que se hace a diario para diferir la cat\u00e1strofe que no deja de amenazarnos. Pero la cat\u00e1strofe ya est\u00e1 aqu\u00ed: es el modo de funcionamiento normal del mundo industrial del que conviene proclamar que cada uno de sus progresos engendra su propia dislocaci\u00f3n y su propio derrumbamiento permanentes; y que a\u00fan no hemos visto todo, que debemos temer cat\u00e1strofes in\u00e9ditas y resignarnos.\u0094<\/p>\n<p>En \u0093Los progresos de la Domesticaci\u00f3n\u0094, as\u00ed como en el resto de textos, entrevistas y documentos que se incluyen en el presente volumen, con la contundencia e iron\u00eda que s\u00f3lo un curtido agitador puede permitirse, Ren\u00e9 Riesel opina, sobre las nuevas t\u00e9cnicas de manipulaci\u00f3n gen\u00e9tica agr\u00edcola y de la superstici\u00f3n cientifista de la que surgen, pero tambi\u00e9n sobre el proceso (iniciado en Francia en enero de 1998) de obstaculizaci\u00f3n y sabotaje contra su implantaci\u00f3n. Y, desde la autoridad de su pr\u00e1ctica, de la nueva fraseolog\u00eda \u0093antiglobalizadora\u0094 surgida al calor de estas y otras \u00abmovilizaciones\u00bb, tras la que se esconde la nula voluntad de transcender la dictadura de la econom\u00eda, y bajo la que se perpetuan las viejas rutinas de la dominaci\u00f3n.<\/p>\n<p>Ren\u00e9 Riesel particip\u00f3 activamente como Enrag\u00e9 en los des\u00f3rdenes de Mayo de 1968 franc\u00e9s. Poco despu\u00e9s form\u00f3 parte de la Internacional Situacionista hasta su expulsi\u00f3n.<\/p>\n<p>En los a\u00f1os 90, establecido como ganadero, se uni\u00f3 a la Confederaci\u00f3n Campesina, de la que se separ\u00f3 despu\u00e9s por disensiones, entre ellas, las que fueron provocadas durante las campa\u00f1as de sabotajes antitransg\u00e9nicos de las que se dan cuenta en el presente volumen, y por las que Riesel ha sufrido consecuencias penales.<\/p>\n<p>Ha editado tres libros en la editorial Encyclop\u00e9die des Nuisances: D\u00e9clarations sur l&#8217;agriculture transg\u00e9nique et ceux qui pr\u00e9tendent s&#8217;y opposer; Aveux complets des v\u00e9ritables crimes commis au CIRAD le 5 juin 1999; Du progr\u00e8s dans la domestication.<\/p>\n<p>Contenidos de la presente edici\u00f3n:<br \/>\na.. Los Progresos de la Domesticaci\u00f3n,<br \/>\nb.. Entrevista con Ren\u00e9 Riesel, febrero de 2000,<br \/>\nc.. Texto de Mayo 2000<br \/>\nd.. Confesiones Completas sobre los verdaderos m\u00f3viles del delito cometido en el CIRAD el 5 de junio de 1999,<br \/>\ne.. Declaraci\u00f3n pronunciada antes de abandonar el tribunal, al comenzar el proceso de apelaci\u00f3n por la destrucci\u00f3n de arroz transg\u00e9nico del CIRAD,<br \/>\nf.. Sociedad Contra El Oscurantismo Cientifista y el Terrorismo Industrial (anexo)<\/p>\n<p>\u0093Los Progresos de la Domesticaci\u00f3n\u0094, ISBN 84-96044-30-0, muturreko 9. 120 pp. 5.00 eu. Noviembre de 2003, en coedici\u00f3n con Pr\u00e9cipit\u00e9 editorial<\/p>\n","protected":false},"excerpt":{"rendered":"<p><strong>Riesel, Ren\u00e9<\/strong><br \/>\n9788496044302 &#8211; Muturreko Burutazioak &#8211; 2012 &#8211; 119 p\u00e1ginas \/orri.<\/p>\n","protected":false},"featured_media":3820,"template":"","meta":[],"product_brand":[],"product_cat":[180,16],"product_tag":[780,700],"class_list":{"0":"post-3792","1":"product","2":"type-product","3":"status-publish","4":"has-post-thumbnail","6":"product_cat-ekologia-ecologia","7":"product_cat-libros","8":"product_tag-muturreko-burutazioak","9":"product_tag-riesel","11":"first","12":"instock","13":"sold-individually","14":"shipping-taxable","15":"purchasable","16":"product-type-simple"},"yoast_head":"<!-- This site is optimized with the Yoast SEO plugin v27.3 - https:\/\/yoast.com\/product\/yoast-seo-wordpress\/ -->\n<title>Los progresos de la domesticaci\u00f3n &#8212; Zapateneo<\/title>\n<meta name=\"robots\" content=\"index, follow, max-snippet:-1, max-image-preview:large, max-video-preview:-1\" \/>\n<link rel=\"canonical\" href=\"https:\/\/zapateneo.net\/wordpress\/index.php\/producto\/los-progresos-de-la-domesticacion\/\" \/>\n<meta property=\"og:locale\" content=\"es_ES\" \/>\n<meta property=\"og:type\" content=\"article\" \/>\n<meta property=\"og:title\" content=\"Los progresos de la domesticaci\u00f3n &#8212; Zapateneo\" \/>\n<meta property=\"og:description\" content=\"Riesel, Ren\u00e9 9788496044302 - Muturreko Burutazioak - 2012 - 119 p\u00e1ginas \/orri.\" \/>\n<meta property=\"og:url\" content=\"https:\/\/zapateneo.net\/wordpress\/index.php\/producto\/los-progresos-de-la-domesticacion\/\" \/>\n<meta property=\"og:site_name\" content=\"Zapateneo\" \/>\n<meta property=\"article:modified_time\" content=\"2021-04-08T10:29:21+00:00\" \/>\n<meta property=\"og:image\" content=\"https:\/\/zapateneo.net\/wordpress\/wp-content\/uploads\/2021\/04\/978849604430.gif\" \/>\n\t<meta property=\"og:image:width\" content=\"100\" \/>\n\t<meta property=\"og:image:height\" content=\"154\" \/>\n\t<meta property=\"og:image:type\" content=\"image\/gif\" \/>\n<meta name=\"twitter:card\" content=\"summary_large_image\" \/>\n<meta name=\"twitter:site\" content=\"@zapateneo\" \/>\n<meta name=\"twitter:label1\" content=\"Tiempo de lectura\" \/>\n\t<meta name=\"twitter:data1\" content=\"3 minutos\" \/>\n<script type=\"application\/ld+json\" class=\"yoast-schema-graph\">{\"@context\":\"https:\\\/\\\/schema.org\",\"@graph\":[{\"@type\":\"WebPage\",\"@id\":\"https:\\\/\\\/zapateneo.net\\\/wordpress\\\/index.php\\\/producto\\\/los-progresos-de-la-domesticacion\\\/\",\"url\":\"https:\\\/\\\/zapateneo.net\\\/wordpress\\\/index.php\\\/producto\\\/los-progresos-de-la-domesticacion\\\/\",\"name\":\"Los progresos de la domesticaci\u00f3n &#8212; Zapateneo\",\"isPartOf\":{\"@id\":\"https:\\\/\\\/zapateneo.net\\\/wordpress\\\/#website\"},\"primaryImageOfPage\":{\"@id\":\"https:\\\/\\\/zapateneo.net\\\/wordpress\\\/index.php\\\/producto\\\/los-progresos-de-la-domesticacion\\\/#primaryimage\"},\"image\":{\"@id\":\"https:\\\/\\\/zapateneo.net\\\/wordpress\\\/index.php\\\/producto\\\/los-progresos-de-la-domesticacion\\\/#primaryimage\"},\"thumbnailUrl\":\"https:\\\/\\\/zapateneo.net\\\/wordpress\\\/wp-content\\\/uploads\\\/2021\\\/04\\\/978849604430.gif\",\"datePublished\":\"2021-04-08T10:29:05+00:00\",\"dateModified\":\"2021-04-08T10:29:21+00:00\",\"breadcrumb\":{\"@id\":\"https:\\\/\\\/zapateneo.net\\\/wordpress\\\/index.php\\\/producto\\\/los-progresos-de-la-domesticacion\\\/#breadcrumb\"},\"inLanguage\":\"es\",\"potentialAction\":[{\"@type\":\"ReadAction\",\"target\":[\"https:\\\/\\\/zapateneo.net\\\/wordpress\\\/index.php\\\/producto\\\/los-progresos-de-la-domesticacion\\\/\"]}]},{\"@type\":\"ImageObject\",\"inLanguage\":\"es\",\"@id\":\"https:\\\/\\\/zapateneo.net\\\/wordpress\\\/index.php\\\/producto\\\/los-progresos-de-la-domesticacion\\\/#primaryimage\",\"url\":\"https:\\\/\\\/zapateneo.net\\\/wordpress\\\/wp-content\\\/uploads\\\/2021\\\/04\\\/978849604430.gif\",\"contentUrl\":\"https:\\\/\\\/zapateneo.net\\\/wordpress\\\/wp-content\\\/uploads\\\/2021\\\/04\\\/978849604430.gif\",\"width\":100,\"height\":154},{\"@type\":\"BreadcrumbList\",\"@id\":\"https:\\\/\\\/zapateneo.net\\\/wordpress\\\/index.php\\\/producto\\\/los-progresos-de-la-domesticacion\\\/#breadcrumb\",\"itemListElement\":[{\"@type\":\"ListItem\",\"position\":1,\"name\":\"Portada\",\"item\":\"https:\\\/\\\/zapateneo.net\\\/wordpress\\\/\"},{\"@type\":\"ListItem\",\"position\":2,\"name\":\"Tienda\",\"item\":\"https:\\\/\\\/zapateneo.net\\\/wordpress\\\/\"},{\"@type\":\"ListItem\",\"position\":3,\"name\":\"Los progresos de la domesticaci\u00f3n\"}]},{\"@type\":\"WebSite\",\"@id\":\"https:\\\/\\\/zapateneo.net\\\/wordpress\\\/#website\",\"url\":\"https:\\\/\\\/zapateneo.net\\\/wordpress\\\/\",\"name\":\"Zapateneo\",\"description\":\"Zapateneoaren webgunea\",\"publisher\":{\"@id\":\"https:\\\/\\\/zapateneo.net\\\/wordpress\\\/#organization\"},\"potentialAction\":[{\"@type\":\"SearchAction\",\"target\":{\"@type\":\"EntryPoint\",\"urlTemplate\":\"https:\\\/\\\/zapateneo.net\\\/wordpress\\\/?s={search_term_string}\"},\"query-input\":{\"@type\":\"PropertyValueSpecification\",\"valueRequired\":true,\"valueName\":\"search_term_string\"}}],\"inLanguage\":\"es\"},{\"@type\":\"Organization\",\"@id\":\"https:\\\/\\\/zapateneo.net\\\/wordpress\\\/#organization\",\"name\":\"Zapateneo Kultur Elkartea\",\"url\":\"https:\\\/\\\/zapateneo.net\\\/wordpress\\\/\",\"logo\":{\"@type\":\"ImageObject\",\"inLanguage\":\"es\",\"@id\":\"https:\\\/\\\/zapateneo.net\\\/wordpress\\\/#\\\/schema\\\/logo\\\/image\\\/\",\"url\":\"https:\\\/\\\/zapateneo.net\\\/wordpress\\\/wp-content\\\/uploads\\\/2021\\\/04\\\/zap-libu-kolec.jpg\",\"contentUrl\":\"https:\\\/\\\/zapateneo.net\\\/wordpress\\\/wp-content\\\/uploads\\\/2021\\\/04\\\/zap-libu-kolec.jpg\",\"width\":2234,\"height\":398,\"caption\":\"Zapateneo Kultur Elkartea\"},\"image\":{\"@id\":\"https:\\\/\\\/zapateneo.net\\\/wordpress\\\/#\\\/schema\\\/logo\\\/image\\\/\"},\"sameAs\":[\"https:\\\/\\\/x.com\\\/zapateneo\"]}]}<\/script>\n<!-- \/ Yoast SEO plugin. -->","yoast_head_json":{"title":"Los progresos de la domesticaci\u00f3n &#8212; Zapateneo","robots":{"index":"index","follow":"follow","max-snippet":"max-snippet:-1","max-image-preview":"max-image-preview:large","max-video-preview":"max-video-preview:-1"},"canonical":"https:\/\/zapateneo.net\/wordpress\/index.php\/producto\/los-progresos-de-la-domesticacion\/","og_locale":"es_ES","og_type":"article","og_title":"Los progresos de la domesticaci\u00f3n &#8212; Zapateneo","og_description":"Riesel, Ren\u00e9 9788496044302 - Muturreko Burutazioak - 2012 - 119 p\u00e1ginas \/orri.","og_url":"https:\/\/zapateneo.net\/wordpress\/index.php\/producto\/los-progresos-de-la-domesticacion\/","og_site_name":"Zapateneo","article_modified_time":"2021-04-08T10:29:21+00:00","og_image":[{"width":100,"height":154,"url":"https:\/\/zapateneo.net\/wordpress\/wp-content\/uploads\/2021\/04\/978849604430.gif","type":"image\/gif"}],"twitter_card":"summary_large_image","twitter_site":"@zapateneo","twitter_misc":{"Tiempo de lectura":"3 minutos"},"schema":{"@context":"https:\/\/schema.org","@graph":[{"@type":"WebPage","@id":"https:\/\/zapateneo.net\/wordpress\/index.php\/producto\/los-progresos-de-la-domesticacion\/","url":"https:\/\/zapateneo.net\/wordpress\/index.php\/producto\/los-progresos-de-la-domesticacion\/","name":"Los progresos de la domesticaci\u00f3n &#8212; Zapateneo","isPartOf":{"@id":"https:\/\/zapateneo.net\/wordpress\/#website"},"primaryImageOfPage":{"@id":"https:\/\/zapateneo.net\/wordpress\/index.php\/producto\/los-progresos-de-la-domesticacion\/#primaryimage"},"image":{"@id":"https:\/\/zapateneo.net\/wordpress\/index.php\/producto\/los-progresos-de-la-domesticacion\/#primaryimage"},"thumbnailUrl":"https:\/\/zapateneo.net\/wordpress\/wp-content\/uploads\/2021\/04\/978849604430.gif","datePublished":"2021-04-08T10:29:05+00:00","dateModified":"2021-04-08T10:29:21+00:00","breadcrumb":{"@id":"https:\/\/zapateneo.net\/wordpress\/index.php\/producto\/los-progresos-de-la-domesticacion\/#breadcrumb"},"inLanguage":"es","potentialAction":[{"@type":"ReadAction","target":["https:\/\/zapateneo.net\/wordpress\/index.php\/producto\/los-progresos-de-la-domesticacion\/"]}]},{"@type":"ImageObject","inLanguage":"es","@id":"https:\/\/zapateneo.net\/wordpress\/index.php\/producto\/los-progresos-de-la-domesticacion\/#primaryimage","url":"https:\/\/zapateneo.net\/wordpress\/wp-content\/uploads\/2021\/04\/978849604430.gif","contentUrl":"https:\/\/zapateneo.net\/wordpress\/wp-content\/uploads\/2021\/04\/978849604430.gif","width":100,"height":154},{"@type":"BreadcrumbList","@id":"https:\/\/zapateneo.net\/wordpress\/index.php\/producto\/los-progresos-de-la-domesticacion\/#breadcrumb","itemListElement":[{"@type":"ListItem","position":1,"name":"Portada","item":"https:\/\/zapateneo.net\/wordpress\/"},{"@type":"ListItem","position":2,"name":"Tienda","item":"https:\/\/zapateneo.net\/wordpress\/"},{"@type":"ListItem","position":3,"name":"Los progresos de la domesticaci\u00f3n"}]},{"@type":"WebSite","@id":"https:\/\/zapateneo.net\/wordpress\/#website","url":"https:\/\/zapateneo.net\/wordpress\/","name":"Zapateneo","description":"Zapateneoaren webgunea","publisher":{"@id":"https:\/\/zapateneo.net\/wordpress\/#organization"},"potentialAction":[{"@type":"SearchAction","target":{"@type":"EntryPoint","urlTemplate":"https:\/\/zapateneo.net\/wordpress\/?s={search_term_string}"},"query-input":{"@type":"PropertyValueSpecification","valueRequired":true,"valueName":"search_term_string"}}],"inLanguage":"es"},{"@type":"Organization","@id":"https:\/\/zapateneo.net\/wordpress\/#organization","name":"Zapateneo Kultur Elkartea","url":"https:\/\/zapateneo.net\/wordpress\/","logo":{"@type":"ImageObject","inLanguage":"es","@id":"https:\/\/zapateneo.net\/wordpress\/#\/schema\/logo\/image\/","url":"https:\/\/zapateneo.net\/wordpress\/wp-content\/uploads\/2021\/04\/zap-libu-kolec.jpg","contentUrl":"https:\/\/zapateneo.net\/wordpress\/wp-content\/uploads\/2021\/04\/zap-libu-kolec.jpg","width":2234,"height":398,"caption":"Zapateneo Kultur Elkartea"},"image":{"@id":"https:\/\/zapateneo.net\/wordpress\/#\/schema\/logo\/image\/"},"sameAs":["https:\/\/x.com\/zapateneo"]}]}},"_links":{"self":[{"href":"https:\/\/zapateneo.net\/wordpress\/index.php\/wp-json\/wp\/v2\/product\/3792","targetHints":{"allow":["GET"]}}],"collection":[{"href":"https:\/\/zapateneo.net\/wordpress\/index.php\/wp-json\/wp\/v2\/product"}],"about":[{"href":"https:\/\/zapateneo.net\/wordpress\/index.php\/wp-json\/wp\/v2\/types\/product"}],"wp:featuredmedia":[{"embeddable":true,"href":"https:\/\/zapateneo.net\/wordpress\/index.php\/wp-json\/wp\/v2\/media\/3820"}],"wp:attachment":[{"href":"https:\/\/zapateneo.net\/wordpress\/index.php\/wp-json\/wp\/v2\/media?parent=3792"}],"wp:term":[{"taxonomy":"product_brand","embeddable":true,"href":"https:\/\/zapateneo.net\/wordpress\/index.php\/wp-json\/wp\/v2\/product_brand?post=3792"},{"taxonomy":"product_cat","embeddable":true,"href":"https:\/\/zapateneo.net\/wordpress\/index.php\/wp-json\/wp\/v2\/product_cat?post=3792"},{"taxonomy":"product_tag","embeddable":true,"href":"https:\/\/zapateneo.net\/wordpress\/index.php\/wp-json\/wp\/v2\/product_tag?post=3792"}],"curies":[{"name":"wp","href":"https:\/\/api.w.org\/{rel}","templated":true}]}}