{"id":3759,"date":"2021-04-08T11:28:31","date_gmt":"2021-04-08T10:28:31","guid":{"rendered":"https:\/\/zapateneo.net\/wordpress\/?post_type=product&#038;p=3759"},"modified":"2022-01-06T10:04:18","modified_gmt":"2022-01-06T09:04:18","slug":"ecofascismo","status":"publish","type":"product","link":"https:\/\/zapateneo.net\/wordpress\/index.php\/producto\/ecofascismo\/","title":{"rendered":"Ecofascismo"},"content":{"rendered":"<h3>Lecciones sobre la experiencia alemana<\/h3>\n<hr \/>\n<div>\n<p>Para muchas personas puede resultar una sorpresa saber que la historia de las pol\u00edticas ecologistas no ha sido siempre inherente y necesariamente progresista. Su papel en el seno de las ideolog\u00edas de corte fascista, y m\u00e1s concretamente en el nacionalsocialismo, es una inc\u00f3moda verdad para la izquierda y el ecologismo pol\u00edtico.<\/p>\n<p>A trav\u00e9s de un exhaustivo trabajo documental, Peter Staudenmaier muestra las ra\u00edces ambientalistas y antropos\u00f3ficas en que se sustentaba buena parte del movimiento nazi. Convirtieron incluso la agricultura org\u00e1nica, el vegetarianismo y el culto a la naturaleza en elementos clave, no solo de su ideolog\u00eda, sino tambi\u00e9n de sus pol\u00edticas gubernamentales. Asimismo, la tarea propagand\u00edstica de relevantes jerarcas nazis o el v\u00ednculo con la naturaleza del movimiento juvenil alem\u00e1n \u2014modelo para la organizaci\u00f3n militarista y disciplinaria hitleriana\u2014 evidencian que \u00ablo eco\u00bb conformaba uno de sus ejes pol\u00edtico-ideol\u00f3gicos m\u00e1s importantes.<\/p>\n<p>Como avisa Janet Biehl, esta asociaci\u00f3n entre ecolog\u00eda y fines racistas, nacionalistas y fascistas no puede acotarse a una \u00e9poca oscura anterior a la Segunda Guerra Mundial. En el ecologismo contempor\u00e1neo existen corrientes de ultraderecha, que incluso han llegado a ocupar lugares de influencia en Los Verdes alemanes. Posiciones como la de Rudolf Bahro, defensor de un \u00abAdolf verde\u00bb o de \u00abun poco de ecodictadura\u00bb como salida a la crisis ecol\u00f3gica, evidencian que, lejos de ser un residuo hist\u00f3rico, la irrupci\u00f3n pol\u00edtica del ecofascismo es un riesgo evidente.<\/p>\n<p>La escisi\u00f3n entre la cuesti\u00f3n social y la cuesti\u00f3n ecol\u00f3gica \u2014o las teor\u00edas en que el an\u00e1lisis anticapitalista est\u00e1 ausente de la cr\u00edtica a la degradaci\u00f3n ambiental\u2014 brinda un espacio pol\u00edtico e intelectual para el ecologismo autoritario. Ese riesgo es a\u00fan mayor en la actualidad, cuando el autoritarismo se est\u00e1 naturalizando como soluci\u00f3n pol\u00edtica a todas las crisis de un mundo estructuralmente catastr\u00f3fico. Tenemos la esperanza de que los temas examinados en este libro contribuyan a reforzar un modelo de pol\u00edtica ecol\u00f3gica cr\u00edtica y de confrontaci\u00f3n.<\/p>\n<\/div>\n<div class=\"row\">\n<div class=\"col-12 col-12-small\">\n<p><span class=\"image left autor\"><img loading=\"lazy\" decoding=\"async\" class=\"alignleft\" src=\"https:\/\/www.viruseditorial.net\/\/fotos-autor\/biehl-staudenmaier.png\" alt=\"janet-biehl-y-peter-staudenmaier\" width=\"313\" height=\"167\" \/><\/span><\/p>\n<p><strong>Janet Biehl<\/strong>\u00a0(CINCINNATI, 1953). Es una pensadora y ensayista estadounidense centrada en el municipalismo libertario y la ecolog\u00eda social. Fue estrecha colaboradora de Murray Bookchin, con cuyas tesis antiestatalistas rompi\u00f3 en 2011. Editora entre 1987 y 2003 de\u00a0<em>Left Green Perspectives<\/em>, ha publicado\u00a0<em>Rethinking Ecofeminist Politics<\/em>\u00a0(1991),\u00a0<em>Las pol\u00edticas de la ecolog\u00eda social<\/em>\u00a0(Virus, 1998, reeditado por cuarta ocasi\u00f3n en 2018),\u00a0<em>Revolution in Rojava: Democratic Autonomy and Women\u2019s Liberation in Northern Syria<\/em>\u00a0(2016),\u00a0<em>Ecolog\u00eda o cat\u00e1strofe. La vida de Murray Bookchin<\/em>\u00a0(Virus, 2017), y ha coordinado\u00a0<em>The Murray Bookchin Reader<\/em>\u00a0(1997).<\/p>\n<p><strong>Peter Staudenmaier\u00a0<\/strong>(1965) Profesor de historia alemana moderna en la Universidad de Milwaukee. Ha sido activista anarquista, ha participado del movimiento verde y tambi\u00e9n del cooperativismo en Estados Unidos y Alemania. Como acad\u00e9mico, se ha centrado en la historia del nazismo y el fascismo, el pensamiento racial y el ecologismo. En la actualidad, est\u00e1 inmerso en el proyecto de investigaci\u00f3n \u00abLa pol\u00edtica de la sangre y el suelo: ideales ambientales en la Alemania nazi\u00bb, sobre los movimientos agr\u00edcolas alternativos en el Tercer Reich, los \u00abdefensores del paisaje\u00bb nacionalsocialistas y los componentes ecol\u00f3gicos de la pol\u00edtica nazi en los territorios conquistados de Europa del Este.<\/p>\n<\/div>\n<\/div>\n<div>\n<p><a href=\"http:\/\/www.viruseditorial.net\/file\/mailing-ecofascismo-DEF.pdf\">Ficha<\/a><\/p>\n<hr \/>\n<div>\n<h2><a href=\"https:\/\/www.viruseditorial.net\/es\/editorial\/descargar-pdf\" target=\"_blank\" rel=\"noopener\">Libro en libre descarga de Virus Editorial<\/a><\/h2>\n<\/div>\n<\/div>\n","protected":false},"excerpt":{"rendered":"<p><strong>Biehl, Janet<\/strong><br \/>\n9788492559916 &#8211; Virus &#8211; 2019 &#8211; 205 p\u00e1ginas \/orri.<\/p>\n","protected":false},"featured_media":3808,"template":"","meta":[],"product_brand":[],"product_cat":[180,16],"product_tag":[2634,4626,5410,5411,57],"class_list":{"0":"post-3759","1":"product","2":"type-product","3":"status-publish","4":"has-post-thumbnail","6":"product_cat-ekologia-ecologia","7":"product_cat-libros","8":"product_tag-biehl","9":"product_tag-deskargak","10":"product_tag-janet-biehl","11":"product_tag-peter-staudenmaier","12":"product_tag-virus","14":"first","15":"instock","16":"sold-individually","17":"shipping-taxable","18":"purchasable","19":"product-type-simple"},"yoast_head":"<!-- This site is optimized with the Yoast SEO plugin v27.3 - https:\/\/yoast.com\/product\/yoast-seo-wordpress\/ -->\n<title>Ecofascismo &#8212; Zapateneo<\/title>\n<meta name=\"robots\" content=\"index, follow, max-snippet:-1, max-image-preview:large, max-video-preview:-1\" \/>\n<link rel=\"canonical\" href=\"https:\/\/zapateneo.net\/wordpress\/index.php\/producto\/ecofascismo\/\" \/>\n<meta property=\"og:locale\" content=\"es_ES\" \/>\n<meta property=\"og:type\" content=\"article\" \/>\n<meta property=\"og:title\" content=\"Ecofascismo &#8212; Zapateneo\" \/>\n<meta property=\"og:description\" content=\"Biehl, Janet 9788492559916 - Virus - 2019 - 205 p\u00e1ginas \/orri.\" \/>\n<meta property=\"og:url\" content=\"https:\/\/zapateneo.net\/wordpress\/index.php\/producto\/ecofascismo\/\" \/>\n<meta property=\"og:site_name\" content=\"Zapateneo\" \/>\n<meta property=\"article:modified_time\" content=\"2022-01-06T09:04:18+00:00\" \/>\n<meta property=\"og:image\" content=\"https:\/\/zapateneo.net\/wordpress\/wp-content\/uploads\/2021\/04\/9788492559916.jpg\" \/>\n\t<meta property=\"og:image:width\" content=\"120\" \/>\n\t<meta property=\"og:image:height\" content=\"120\" \/>\n\t<meta property=\"og:image:type\" content=\"image\/jpeg\" \/>\n<meta name=\"twitter:card\" content=\"summary_large_image\" \/>\n<meta name=\"twitter:site\" content=\"@zapateneo\" \/>\n<meta name=\"twitter:label1\" content=\"Tiempo de lectura\" \/>\n\t<meta name=\"twitter:data1\" content=\"3 minutos\" \/>\n<script type=\"application\/ld+json\" class=\"yoast-schema-graph\">{\"@context\":\"https:\\\/\\\/schema.org\",\"@graph\":[{\"@type\":\"WebPage\",\"@id\":\"https:\\\/\\\/zapateneo.net\\\/wordpress\\\/index.php\\\/producto\\\/ecofascismo\\\/\",\"url\":\"https:\\\/\\\/zapateneo.net\\\/wordpress\\\/index.php\\\/producto\\\/ecofascismo\\\/\",\"name\":\"Ecofascismo &#8212; Zapateneo\",\"isPartOf\":{\"@id\":\"https:\\\/\\\/zapateneo.net\\\/wordpress\\\/#website\"},\"primaryImageOfPage\":{\"@id\":\"https:\\\/\\\/zapateneo.net\\\/wordpress\\\/index.php\\\/producto\\\/ecofascismo\\\/#primaryimage\"},\"image\":{\"@id\":\"https:\\\/\\\/zapateneo.net\\\/wordpress\\\/index.php\\\/producto\\\/ecofascismo\\\/#primaryimage\"},\"thumbnailUrl\":\"https:\\\/\\\/zapateneo.net\\\/wordpress\\\/wp-content\\\/uploads\\\/2021\\\/04\\\/9788492559916.jpg\",\"datePublished\":\"2021-04-08T10:28:31+00:00\",\"dateModified\":\"2022-01-06T09:04:18+00:00\",\"breadcrumb\":{\"@id\":\"https:\\\/\\\/zapateneo.net\\\/wordpress\\\/index.php\\\/producto\\\/ecofascismo\\\/#breadcrumb\"},\"inLanguage\":\"es\",\"potentialAction\":[{\"@type\":\"ReadAction\",\"target\":[\"https:\\\/\\\/zapateneo.net\\\/wordpress\\\/index.php\\\/producto\\\/ecofascismo\\\/\"]}]},{\"@type\":\"ImageObject\",\"inLanguage\":\"es\",\"@id\":\"https:\\\/\\\/zapateneo.net\\\/wordpress\\\/index.php\\\/producto\\\/ecofascismo\\\/#primaryimage\",\"url\":\"https:\\\/\\\/zapateneo.net\\\/wordpress\\\/wp-content\\\/uploads\\\/2021\\\/04\\\/9788492559916.jpg\",\"contentUrl\":\"https:\\\/\\\/zapateneo.net\\\/wordpress\\\/wp-content\\\/uploads\\\/2021\\\/04\\\/9788492559916.jpg\",\"width\":120,\"height\":120},{\"@type\":\"BreadcrumbList\",\"@id\":\"https:\\\/\\\/zapateneo.net\\\/wordpress\\\/index.php\\\/producto\\\/ecofascismo\\\/#breadcrumb\",\"itemListElement\":[{\"@type\":\"ListItem\",\"position\":1,\"name\":\"Portada\",\"item\":\"https:\\\/\\\/zapateneo.net\\\/wordpress\\\/\"},{\"@type\":\"ListItem\",\"position\":2,\"name\":\"Tienda\",\"item\":\"https:\\\/\\\/zapateneo.net\\\/wordpress\\\/\"},{\"@type\":\"ListItem\",\"position\":3,\"name\":\"Ecofascismo\"}]},{\"@type\":\"WebSite\",\"@id\":\"https:\\\/\\\/zapateneo.net\\\/wordpress\\\/#website\",\"url\":\"https:\\\/\\\/zapateneo.net\\\/wordpress\\\/\",\"name\":\"Zapateneo\",\"description\":\"Zapateneoaren webgunea\",\"publisher\":{\"@id\":\"https:\\\/\\\/zapateneo.net\\\/wordpress\\\/#organization\"},\"potentialAction\":[{\"@type\":\"SearchAction\",\"target\":{\"@type\":\"EntryPoint\",\"urlTemplate\":\"https:\\\/\\\/zapateneo.net\\\/wordpress\\\/?s={search_term_string}\"},\"query-input\":{\"@type\":\"PropertyValueSpecification\",\"valueRequired\":true,\"valueName\":\"search_term_string\"}}],\"inLanguage\":\"es\"},{\"@type\":\"Organization\",\"@id\":\"https:\\\/\\\/zapateneo.net\\\/wordpress\\\/#organization\",\"name\":\"Zapateneo Kultur Elkartea\",\"url\":\"https:\\\/\\\/zapateneo.net\\\/wordpress\\\/\",\"logo\":{\"@type\":\"ImageObject\",\"inLanguage\":\"es\",\"@id\":\"https:\\\/\\\/zapateneo.net\\\/wordpress\\\/#\\\/schema\\\/logo\\\/image\\\/\",\"url\":\"https:\\\/\\\/zapateneo.net\\\/wordpress\\\/wp-content\\\/uploads\\\/2021\\\/04\\\/zap-libu-kolec.jpg\",\"contentUrl\":\"https:\\\/\\\/zapateneo.net\\\/wordpress\\\/wp-content\\\/uploads\\\/2021\\\/04\\\/zap-libu-kolec.jpg\",\"width\":2234,\"height\":398,\"caption\":\"Zapateneo Kultur Elkartea\"},\"image\":{\"@id\":\"https:\\\/\\\/zapateneo.net\\\/wordpress\\\/#\\\/schema\\\/logo\\\/image\\\/\"},\"sameAs\":[\"https:\\\/\\\/x.com\\\/zapateneo\"]}]}<\/script>\n<!-- \/ Yoast SEO plugin. -->","yoast_head_json":{"title":"Ecofascismo &#8212; Zapateneo","robots":{"index":"index","follow":"follow","max-snippet":"max-snippet:-1","max-image-preview":"max-image-preview:large","max-video-preview":"max-video-preview:-1"},"canonical":"https:\/\/zapateneo.net\/wordpress\/index.php\/producto\/ecofascismo\/","og_locale":"es_ES","og_type":"article","og_title":"Ecofascismo &#8212; Zapateneo","og_description":"Biehl, Janet 9788492559916 - Virus - 2019 - 205 p\u00e1ginas \/orri.","og_url":"https:\/\/zapateneo.net\/wordpress\/index.php\/producto\/ecofascismo\/","og_site_name":"Zapateneo","article_modified_time":"2022-01-06T09:04:18+00:00","og_image":[{"width":120,"height":120,"url":"https:\/\/zapateneo.net\/wordpress\/wp-content\/uploads\/2021\/04\/9788492559916.jpg","type":"image\/jpeg"}],"twitter_card":"summary_large_image","twitter_site":"@zapateneo","twitter_misc":{"Tiempo de lectura":"3 minutos"},"schema":{"@context":"https:\/\/schema.org","@graph":[{"@type":"WebPage","@id":"https:\/\/zapateneo.net\/wordpress\/index.php\/producto\/ecofascismo\/","url":"https:\/\/zapateneo.net\/wordpress\/index.php\/producto\/ecofascismo\/","name":"Ecofascismo &#8212; Zapateneo","isPartOf":{"@id":"https:\/\/zapateneo.net\/wordpress\/#website"},"primaryImageOfPage":{"@id":"https:\/\/zapateneo.net\/wordpress\/index.php\/producto\/ecofascismo\/#primaryimage"},"image":{"@id":"https:\/\/zapateneo.net\/wordpress\/index.php\/producto\/ecofascismo\/#primaryimage"},"thumbnailUrl":"https:\/\/zapateneo.net\/wordpress\/wp-content\/uploads\/2021\/04\/9788492559916.jpg","datePublished":"2021-04-08T10:28:31+00:00","dateModified":"2022-01-06T09:04:18+00:00","breadcrumb":{"@id":"https:\/\/zapateneo.net\/wordpress\/index.php\/producto\/ecofascismo\/#breadcrumb"},"inLanguage":"es","potentialAction":[{"@type":"ReadAction","target":["https:\/\/zapateneo.net\/wordpress\/index.php\/producto\/ecofascismo\/"]}]},{"@type":"ImageObject","inLanguage":"es","@id":"https:\/\/zapateneo.net\/wordpress\/index.php\/producto\/ecofascismo\/#primaryimage","url":"https:\/\/zapateneo.net\/wordpress\/wp-content\/uploads\/2021\/04\/9788492559916.jpg","contentUrl":"https:\/\/zapateneo.net\/wordpress\/wp-content\/uploads\/2021\/04\/9788492559916.jpg","width":120,"height":120},{"@type":"BreadcrumbList","@id":"https:\/\/zapateneo.net\/wordpress\/index.php\/producto\/ecofascismo\/#breadcrumb","itemListElement":[{"@type":"ListItem","position":1,"name":"Portada","item":"https:\/\/zapateneo.net\/wordpress\/"},{"@type":"ListItem","position":2,"name":"Tienda","item":"https:\/\/zapateneo.net\/wordpress\/"},{"@type":"ListItem","position":3,"name":"Ecofascismo"}]},{"@type":"WebSite","@id":"https:\/\/zapateneo.net\/wordpress\/#website","url":"https:\/\/zapateneo.net\/wordpress\/","name":"Zapateneo","description":"Zapateneoaren webgunea","publisher":{"@id":"https:\/\/zapateneo.net\/wordpress\/#organization"},"potentialAction":[{"@type":"SearchAction","target":{"@type":"EntryPoint","urlTemplate":"https:\/\/zapateneo.net\/wordpress\/?s={search_term_string}"},"query-input":{"@type":"PropertyValueSpecification","valueRequired":true,"valueName":"search_term_string"}}],"inLanguage":"es"},{"@type":"Organization","@id":"https:\/\/zapateneo.net\/wordpress\/#organization","name":"Zapateneo Kultur Elkartea","url":"https:\/\/zapateneo.net\/wordpress\/","logo":{"@type":"ImageObject","inLanguage":"es","@id":"https:\/\/zapateneo.net\/wordpress\/#\/schema\/logo\/image\/","url":"https:\/\/zapateneo.net\/wordpress\/wp-content\/uploads\/2021\/04\/zap-libu-kolec.jpg","contentUrl":"https:\/\/zapateneo.net\/wordpress\/wp-content\/uploads\/2021\/04\/zap-libu-kolec.jpg","width":2234,"height":398,"caption":"Zapateneo Kultur Elkartea"},"image":{"@id":"https:\/\/zapateneo.net\/wordpress\/#\/schema\/logo\/image\/"},"sameAs":["https:\/\/x.com\/zapateneo"]}]}},"_links":{"self":[{"href":"https:\/\/zapateneo.net\/wordpress\/index.php\/wp-json\/wp\/v2\/product\/3759","targetHints":{"allow":["GET"]}}],"collection":[{"href":"https:\/\/zapateneo.net\/wordpress\/index.php\/wp-json\/wp\/v2\/product"}],"about":[{"href":"https:\/\/zapateneo.net\/wordpress\/index.php\/wp-json\/wp\/v2\/types\/product"}],"wp:featuredmedia":[{"embeddable":true,"href":"https:\/\/zapateneo.net\/wordpress\/index.php\/wp-json\/wp\/v2\/media\/3808"}],"wp:attachment":[{"href":"https:\/\/zapateneo.net\/wordpress\/index.php\/wp-json\/wp\/v2\/media?parent=3759"}],"wp:term":[{"taxonomy":"product_brand","embeddable":true,"href":"https:\/\/zapateneo.net\/wordpress\/index.php\/wp-json\/wp\/v2\/product_brand?post=3759"},{"taxonomy":"product_cat","embeddable":true,"href":"https:\/\/zapateneo.net\/wordpress\/index.php\/wp-json\/wp\/v2\/product_cat?post=3759"},{"taxonomy":"product_tag","embeddable":true,"href":"https:\/\/zapateneo.net\/wordpress\/index.php\/wp-json\/wp\/v2\/product_tag?post=3759"}],"curies":[{"name":"wp","href":"https:\/\/api.w.org\/{rel}","templated":true}]}}