{"id":3757,"date":"2021-04-08T11:28:30","date_gmt":"2021-04-08T10:28:30","guid":{"rendered":"https:\/\/zapateneo.net\/wordpress\/?post_type=product&#038;p=3757"},"modified":"2022-01-06T10:10:58","modified_gmt":"2022-01-06T09:10:58","slug":"ecologia-o-catastrofe-la-vida-de-murray-bookchin","status":"publish","type":"product","link":"https:\/\/zapateneo.net\/wordpress\/index.php\/producto\/ecologia-o-catastrofe-la-vida-de-murray-bookchin\/","title":{"rendered":"Ecolog\u00eda o cat\u00e1strofe. La vida de Murray Bookchin"},"content":{"rendered":"<div>\n<p>La vida de Murray Bookchin es la de un absoluto zoon politikon que revolucion\u00f3 el pensamiento libertario aunando teor\u00eda, pr\u00e1ctica e innovaci\u00f3n. Sus libros, acciones y discursos se\u00f1alaron la relaci\u00f3n inseparable entre las cuestiones sociales y ecol\u00f3gicas.<\/p>\n<p><em>Ecolog\u00eda o cat\u00e1strofe<\/em>\u00a0sit\u00faa la mirada desafiante que este \u00abg\u00e9iser literario\u00bb proyect\u00f3 sobre el capitalismo contempor\u00e1neo, en el contexto de las problem\u00e1ticas pol\u00edticas, antropol\u00f3gicas y cient\u00edficas del siglo XX; el de las ideolog\u00edas rivales y los grandes relatos de revoluci\u00f3n. Un vals intelectual en el que no se dej\u00f3 atrapar, y sobre el que fue capaz de desarrollar la propuesta de la ecolog\u00eda social, anticip\u00e1ndose a cuestiones hoy ineludibles.<\/p>\n<p>El rastro del repertorio bookchiniano \u2014que a menudo cerraba sus discursos con un \u00ab\u00a1democraticemos la rep\u00fablica! \u00a1radicalicemos la democracia!\u00bb\u2014 se puede seguir en las organizaciones sin l\u00edderes del 15M o de Ocuppy Wall Street; o en las alternativas municipalistas, no s\u00f3lo dentro sino fuera y m\u00e1s all\u00e1 de las instituciones.<\/p>\n<p>Su propuesta actualiza la consigna luxemburguista de \u00absocialismo o barbarie\u00bb, como una r\u00e1faga corrosiva contra la dominaci\u00f3n y el capitalismo.<\/p>\n<p class=\"Indent1\"><em>\u00abCreativo, carism\u00e1tico, pol\u00e9mico y, algunos a\u00f1adir\u00edan, un poco cascarrabias, Murray Bookchin fue sin duda uno de los pensadores anticapitalistas m\u00e1s importantes del siglo XX. En esta \u00edntima y meticulosa biograf\u00eda, Janet Biehl nos descubre su tumultuosa vida, alumbrando el cruce de corrientes y confusiones que impulsaron el ascenso de los movimientos ecologistas de izquierda durante m\u00e1s de medio siglo. Esta biograf\u00eda merece ser le\u00edda ampliamente por su relevancia contempor\u00e1nea.\u00bb<\/em><\/p>\n<p class=\"Indent1\"><strong>David Harvey<\/strong>\u00a0&#8211; Universidad de Nueva York (CUNY)<\/p>\n<p class=\"Indent1\"><em>\u00abSus contribuciones est\u00e1n entre las principales del pensamiento estadounidense, como Thoreau, Lewis Mumford y Paul Goodman.\u00bb<\/em><\/p>\n<p class=\"Indent1\"><strong>Theodore Roszak<\/strong> &#8211; The obsessive drive to dominate the environment<\/p>\n<\/div>\n<div class=\"row\">\n<div class=\"col-12 col-12-small\">\n<p><span class=\"image left autor\"><img loading=\"lazy\" decoding=\"async\" class=\"alignleft\" src=\"https:\/\/www.viruseditorial.net\/\/fotos-autor\/janet-biehl.png\" alt=\"janet-biehl\" width=\"364\" height=\"284\" \/><\/span><\/p>\n<p><strong>JANET BIEHL<\/strong>\u00a0(Ohio, 1953) es una pensadora y ensayista centrada en el municipalismo libertario y la ecolog\u00eda social. Estrecha colaboradora de Murray Bookchin desde mediados de los a\u00f1os 80, edit\u00f3 y revis\u00f3 todos sus trabajos desde entonces. Entre 1987 y 2003, elaboraron la revista\u00a0<em>Green Perspectives<\/em>\u00a0(posteriormente Left Green Perspectives), as\u00ed como innumerables libros, art\u00edculos y manifiestos. Ha publicado\u00a0<em>Rethinking Ecofeminist Politics<\/em>\u00a0(1991), y junto a Peter Staudenmaier<em>\u00a0Ecofascism: Lessons from the German Experience<\/em>\u00a0(1996), del que esta editorial prepara su edici\u00f3n en castellano.\u00a0 Asimismo, ha coordinado\u00a0<em>The Murray Bookchin Reader<\/em>\u00a0(1997) y\u00a0<em>Las pol\u00edticas de la ecolog\u00eda social:<br \/>\nmunicipalismo libertario<\/em>\u00a0(1998), una de las mejores introducciones a las ideas de Bookchin, reeditada varias veces. En la actualidad, estudia la experiencia del confederalismo democr\u00e1tico kurdo, sobre el que ha escrito\u00a0<em>Revolution in Rojava: Democratic<br \/>\nAutonomy and Women&#8217;s Liberation in Northern Syria<\/em>\u00a0(2016).<br \/>\n<em>Ecolog\u00eda o cat\u00e1strofe<\/em>\u00a0acerca a Bookchin a las pr\u00f3ximas generaciones. Una biograf\u00eda bien escrita y altamente accesible que inyectar\u00e1 vida a la izquierda ecologista y libertaria.<\/p>\n<\/div>\n<\/div>\n<div>\n<p><a href=\"http:\/\/www.viruseditorial.net\/file\/mailing-ecologia-o-catastrofe-DEF.pdf\">FICHA<\/a><\/p>\n<\/div>\n<p><a href=\"http:\/\/www.viruseditorial.net\/editorial\/noticia\/691\" target=\"_blank\" rel=\"noopener\">Murray Bookchin: autor de un proyecto igualitario y humanista<\/a>\u00a0(Carmen Romero, Le Monde Diplomatique)<\/p>\n<p><a href=\"http:\/\/www.viruseditorial.net\/editorial\/noticia\/693\" target=\"_blank\" rel=\"noopener\">Murray Bookchin, ecolog\u00eda o barbarie<\/a>\u00a0(Benjam\u00edn Fern\u00e1ndez, Le Monde Diplomatique)<\/p>\n<p><a href=\"http:\/\/www.viruseditorial.net\/editorial\/noticia\/711\" target=\"_blank\" rel=\"noopener\">La hist\u00f2ria de llu\u00efta de Murray Bookchin<\/a>\u00a0(@Annalfabet, Espai Contrabandos)<\/p>\n<hr \/>\n<div>\n<h2><a href=\"https:\/\/www.viruseditorial.net\/es\/editorial\/descargar-pdf\" target=\"_blank\" rel=\"noopener\">Libro en libre descarga de Virus Editorial<\/a><\/h2>\n<\/div>\n","protected":false},"excerpt":{"rendered":"<p><strong>Biehl, Janet<\/strong><br \/>\n9788492559770 &#8211; Virus &#8211; 2017 &#8211; 663 p\u00e1ginas \/orri.<\/p>\n","protected":false},"featured_media":3786,"template":"","meta":[],"product_brand":[],"product_cat":[180,16],"product_tag":[2634,4626,5410,5409,57],"class_list":{"0":"post-3757","1":"product","2":"type-product","3":"status-publish","4":"has-post-thumbnail","6":"product_cat-ekologia-ecologia","7":"product_cat-libros","8":"product_tag-biehl","9":"product_tag-deskargak","10":"product_tag-janet-biehl","11":"product_tag-murray-bookchin","12":"product_tag-virus","14":"first","15":"instock","16":"sold-individually","17":"shipping-taxable","18":"purchasable","19":"product-type-simple"},"yoast_head":"<!-- This site is optimized with the Yoast SEO plugin v27.3 - https:\/\/yoast.com\/product\/yoast-seo-wordpress\/ -->\n<title>Ecolog\u00eda o cat\u00e1strofe. La vida de Murray Bookchin &#8212; Zapateneo<\/title>\n<meta name=\"robots\" content=\"index, follow, max-snippet:-1, max-image-preview:large, max-video-preview:-1\" \/>\n<link rel=\"canonical\" href=\"https:\/\/zapateneo.net\/wordpress\/index.php\/producto\/ecologia-o-catastrofe-la-vida-de-murray-bookchin\/\" \/>\n<meta property=\"og:locale\" content=\"es_ES\" \/>\n<meta property=\"og:type\" content=\"article\" \/>\n<meta property=\"og:title\" content=\"Ecolog\u00eda o cat\u00e1strofe. La vida de Murray Bookchin &#8212; Zapateneo\" \/>\n<meta property=\"og:description\" content=\"Biehl, Janet 9788492559770 - Virus - 2017 - 663 p\u00e1ginas \/orri.\" \/>\n<meta property=\"og:url\" content=\"https:\/\/zapateneo.net\/wordpress\/index.php\/producto\/ecologia-o-catastrofe-la-vida-de-murray-bookchin\/\" \/>\n<meta property=\"og:site_name\" content=\"Zapateneo\" \/>\n<meta property=\"article:modified_time\" content=\"2022-01-06T09:10:58+00:00\" \/>\n<meta property=\"og:image\" content=\"https:\/\/zapateneo.net\/wordpress\/wp-content\/uploads\/2021\/04\/9788492559770.jpg\" \/>\n\t<meta property=\"og:image:width\" content=\"120\" \/>\n\t<meta property=\"og:image:height\" content=\"173\" \/>\n\t<meta property=\"og:image:type\" content=\"image\/jpeg\" \/>\n<meta name=\"twitter:card\" content=\"summary_large_image\" \/>\n<meta name=\"twitter:site\" content=\"@zapateneo\" \/>\n<meta name=\"twitter:label1\" content=\"Tiempo de lectura\" \/>\n\t<meta name=\"twitter:data1\" content=\"3 minutos\" \/>\n<script type=\"application\/ld+json\" class=\"yoast-schema-graph\">{\"@context\":\"https:\\\/\\\/schema.org\",\"@graph\":[{\"@type\":\"WebPage\",\"@id\":\"https:\\\/\\\/zapateneo.net\\\/wordpress\\\/index.php\\\/producto\\\/ecologia-o-catastrofe-la-vida-de-murray-bookchin\\\/\",\"url\":\"https:\\\/\\\/zapateneo.net\\\/wordpress\\\/index.php\\\/producto\\\/ecologia-o-catastrofe-la-vida-de-murray-bookchin\\\/\",\"name\":\"Ecolog\u00eda o cat\u00e1strofe. La vida de Murray Bookchin &#8212; Zapateneo\",\"isPartOf\":{\"@id\":\"https:\\\/\\\/zapateneo.net\\\/wordpress\\\/#website\"},\"primaryImageOfPage\":{\"@id\":\"https:\\\/\\\/zapateneo.net\\\/wordpress\\\/index.php\\\/producto\\\/ecologia-o-catastrofe-la-vida-de-murray-bookchin\\\/#primaryimage\"},\"image\":{\"@id\":\"https:\\\/\\\/zapateneo.net\\\/wordpress\\\/index.php\\\/producto\\\/ecologia-o-catastrofe-la-vida-de-murray-bookchin\\\/#primaryimage\"},\"thumbnailUrl\":\"https:\\\/\\\/zapateneo.net\\\/wordpress\\\/wp-content\\\/uploads\\\/2021\\\/04\\\/9788492559770.jpg\",\"datePublished\":\"2021-04-08T10:28:30+00:00\",\"dateModified\":\"2022-01-06T09:10:58+00:00\",\"breadcrumb\":{\"@id\":\"https:\\\/\\\/zapateneo.net\\\/wordpress\\\/index.php\\\/producto\\\/ecologia-o-catastrofe-la-vida-de-murray-bookchin\\\/#breadcrumb\"},\"inLanguage\":\"es\",\"potentialAction\":[{\"@type\":\"ReadAction\",\"target\":[\"https:\\\/\\\/zapateneo.net\\\/wordpress\\\/index.php\\\/producto\\\/ecologia-o-catastrofe-la-vida-de-murray-bookchin\\\/\"]}]},{\"@type\":\"ImageObject\",\"inLanguage\":\"es\",\"@id\":\"https:\\\/\\\/zapateneo.net\\\/wordpress\\\/index.php\\\/producto\\\/ecologia-o-catastrofe-la-vida-de-murray-bookchin\\\/#primaryimage\",\"url\":\"https:\\\/\\\/zapateneo.net\\\/wordpress\\\/wp-content\\\/uploads\\\/2021\\\/04\\\/9788492559770.jpg\",\"contentUrl\":\"https:\\\/\\\/zapateneo.net\\\/wordpress\\\/wp-content\\\/uploads\\\/2021\\\/04\\\/9788492559770.jpg\",\"width\":120,\"height\":173},{\"@type\":\"BreadcrumbList\",\"@id\":\"https:\\\/\\\/zapateneo.net\\\/wordpress\\\/index.php\\\/producto\\\/ecologia-o-catastrofe-la-vida-de-murray-bookchin\\\/#breadcrumb\",\"itemListElement\":[{\"@type\":\"ListItem\",\"position\":1,\"name\":\"Portada\",\"item\":\"https:\\\/\\\/zapateneo.net\\\/wordpress\\\/\"},{\"@type\":\"ListItem\",\"position\":2,\"name\":\"Tienda\",\"item\":\"https:\\\/\\\/zapateneo.net\\\/wordpress\\\/\"},{\"@type\":\"ListItem\",\"position\":3,\"name\":\"Ecolog\u00eda o cat\u00e1strofe. La vida de Murray Bookchin\"}]},{\"@type\":\"WebSite\",\"@id\":\"https:\\\/\\\/zapateneo.net\\\/wordpress\\\/#website\",\"url\":\"https:\\\/\\\/zapateneo.net\\\/wordpress\\\/\",\"name\":\"Zapateneo\",\"description\":\"Zapateneoaren webgunea\",\"publisher\":{\"@id\":\"https:\\\/\\\/zapateneo.net\\\/wordpress\\\/#organization\"},\"potentialAction\":[{\"@type\":\"SearchAction\",\"target\":{\"@type\":\"EntryPoint\",\"urlTemplate\":\"https:\\\/\\\/zapateneo.net\\\/wordpress\\\/?s={search_term_string}\"},\"query-input\":{\"@type\":\"PropertyValueSpecification\",\"valueRequired\":true,\"valueName\":\"search_term_string\"}}],\"inLanguage\":\"es\"},{\"@type\":\"Organization\",\"@id\":\"https:\\\/\\\/zapateneo.net\\\/wordpress\\\/#organization\",\"name\":\"Zapateneo Kultur Elkartea\",\"url\":\"https:\\\/\\\/zapateneo.net\\\/wordpress\\\/\",\"logo\":{\"@type\":\"ImageObject\",\"inLanguage\":\"es\",\"@id\":\"https:\\\/\\\/zapateneo.net\\\/wordpress\\\/#\\\/schema\\\/logo\\\/image\\\/\",\"url\":\"https:\\\/\\\/zapateneo.net\\\/wordpress\\\/wp-content\\\/uploads\\\/2021\\\/04\\\/zap-libu-kolec.jpg\",\"contentUrl\":\"https:\\\/\\\/zapateneo.net\\\/wordpress\\\/wp-content\\\/uploads\\\/2021\\\/04\\\/zap-libu-kolec.jpg\",\"width\":2234,\"height\":398,\"caption\":\"Zapateneo Kultur Elkartea\"},\"image\":{\"@id\":\"https:\\\/\\\/zapateneo.net\\\/wordpress\\\/#\\\/schema\\\/logo\\\/image\\\/\"},\"sameAs\":[\"https:\\\/\\\/x.com\\\/zapateneo\"]}]}<\/script>\n<!-- \/ Yoast SEO plugin. -->","yoast_head_json":{"title":"Ecolog\u00eda o cat\u00e1strofe. La vida de Murray Bookchin &#8212; Zapateneo","robots":{"index":"index","follow":"follow","max-snippet":"max-snippet:-1","max-image-preview":"max-image-preview:large","max-video-preview":"max-video-preview:-1"},"canonical":"https:\/\/zapateneo.net\/wordpress\/index.php\/producto\/ecologia-o-catastrofe-la-vida-de-murray-bookchin\/","og_locale":"es_ES","og_type":"article","og_title":"Ecolog\u00eda o cat\u00e1strofe. La vida de Murray Bookchin &#8212; Zapateneo","og_description":"Biehl, Janet 9788492559770 - Virus - 2017 - 663 p\u00e1ginas \/orri.","og_url":"https:\/\/zapateneo.net\/wordpress\/index.php\/producto\/ecologia-o-catastrofe-la-vida-de-murray-bookchin\/","og_site_name":"Zapateneo","article_modified_time":"2022-01-06T09:10:58+00:00","og_image":[{"width":120,"height":173,"url":"https:\/\/zapateneo.net\/wordpress\/wp-content\/uploads\/2021\/04\/9788492559770.jpg","type":"image\/jpeg"}],"twitter_card":"summary_large_image","twitter_site":"@zapateneo","twitter_misc":{"Tiempo de lectura":"3 minutos"},"schema":{"@context":"https:\/\/schema.org","@graph":[{"@type":"WebPage","@id":"https:\/\/zapateneo.net\/wordpress\/index.php\/producto\/ecologia-o-catastrofe-la-vida-de-murray-bookchin\/","url":"https:\/\/zapateneo.net\/wordpress\/index.php\/producto\/ecologia-o-catastrofe-la-vida-de-murray-bookchin\/","name":"Ecolog\u00eda o cat\u00e1strofe. La vida de Murray Bookchin &#8212; Zapateneo","isPartOf":{"@id":"https:\/\/zapateneo.net\/wordpress\/#website"},"primaryImageOfPage":{"@id":"https:\/\/zapateneo.net\/wordpress\/index.php\/producto\/ecologia-o-catastrofe-la-vida-de-murray-bookchin\/#primaryimage"},"image":{"@id":"https:\/\/zapateneo.net\/wordpress\/index.php\/producto\/ecologia-o-catastrofe-la-vida-de-murray-bookchin\/#primaryimage"},"thumbnailUrl":"https:\/\/zapateneo.net\/wordpress\/wp-content\/uploads\/2021\/04\/9788492559770.jpg","datePublished":"2021-04-08T10:28:30+00:00","dateModified":"2022-01-06T09:10:58+00:00","breadcrumb":{"@id":"https:\/\/zapateneo.net\/wordpress\/index.php\/producto\/ecologia-o-catastrofe-la-vida-de-murray-bookchin\/#breadcrumb"},"inLanguage":"es","potentialAction":[{"@type":"ReadAction","target":["https:\/\/zapateneo.net\/wordpress\/index.php\/producto\/ecologia-o-catastrofe-la-vida-de-murray-bookchin\/"]}]},{"@type":"ImageObject","inLanguage":"es","@id":"https:\/\/zapateneo.net\/wordpress\/index.php\/producto\/ecologia-o-catastrofe-la-vida-de-murray-bookchin\/#primaryimage","url":"https:\/\/zapateneo.net\/wordpress\/wp-content\/uploads\/2021\/04\/9788492559770.jpg","contentUrl":"https:\/\/zapateneo.net\/wordpress\/wp-content\/uploads\/2021\/04\/9788492559770.jpg","width":120,"height":173},{"@type":"BreadcrumbList","@id":"https:\/\/zapateneo.net\/wordpress\/index.php\/producto\/ecologia-o-catastrofe-la-vida-de-murray-bookchin\/#breadcrumb","itemListElement":[{"@type":"ListItem","position":1,"name":"Portada","item":"https:\/\/zapateneo.net\/wordpress\/"},{"@type":"ListItem","position":2,"name":"Tienda","item":"https:\/\/zapateneo.net\/wordpress\/"},{"@type":"ListItem","position":3,"name":"Ecolog\u00eda o cat\u00e1strofe. La vida de Murray Bookchin"}]},{"@type":"WebSite","@id":"https:\/\/zapateneo.net\/wordpress\/#website","url":"https:\/\/zapateneo.net\/wordpress\/","name":"Zapateneo","description":"Zapateneoaren webgunea","publisher":{"@id":"https:\/\/zapateneo.net\/wordpress\/#organization"},"potentialAction":[{"@type":"SearchAction","target":{"@type":"EntryPoint","urlTemplate":"https:\/\/zapateneo.net\/wordpress\/?s={search_term_string}"},"query-input":{"@type":"PropertyValueSpecification","valueRequired":true,"valueName":"search_term_string"}}],"inLanguage":"es"},{"@type":"Organization","@id":"https:\/\/zapateneo.net\/wordpress\/#organization","name":"Zapateneo Kultur Elkartea","url":"https:\/\/zapateneo.net\/wordpress\/","logo":{"@type":"ImageObject","inLanguage":"es","@id":"https:\/\/zapateneo.net\/wordpress\/#\/schema\/logo\/image\/","url":"https:\/\/zapateneo.net\/wordpress\/wp-content\/uploads\/2021\/04\/zap-libu-kolec.jpg","contentUrl":"https:\/\/zapateneo.net\/wordpress\/wp-content\/uploads\/2021\/04\/zap-libu-kolec.jpg","width":2234,"height":398,"caption":"Zapateneo Kultur Elkartea"},"image":{"@id":"https:\/\/zapateneo.net\/wordpress\/#\/schema\/logo\/image\/"},"sameAs":["https:\/\/x.com\/zapateneo"]}]}},"_links":{"self":[{"href":"https:\/\/zapateneo.net\/wordpress\/index.php\/wp-json\/wp\/v2\/product\/3757","targetHints":{"allow":["GET"]}}],"collection":[{"href":"https:\/\/zapateneo.net\/wordpress\/index.php\/wp-json\/wp\/v2\/product"}],"about":[{"href":"https:\/\/zapateneo.net\/wordpress\/index.php\/wp-json\/wp\/v2\/types\/product"}],"wp:featuredmedia":[{"embeddable":true,"href":"https:\/\/zapateneo.net\/wordpress\/index.php\/wp-json\/wp\/v2\/media\/3786"}],"wp:attachment":[{"href":"https:\/\/zapateneo.net\/wordpress\/index.php\/wp-json\/wp\/v2\/media?parent=3757"}],"wp:term":[{"taxonomy":"product_brand","embeddable":true,"href":"https:\/\/zapateneo.net\/wordpress\/index.php\/wp-json\/wp\/v2\/product_brand?post=3757"},{"taxonomy":"product_cat","embeddable":true,"href":"https:\/\/zapateneo.net\/wordpress\/index.php\/wp-json\/wp\/v2\/product_cat?post=3757"},{"taxonomy":"product_tag","embeddable":true,"href":"https:\/\/zapateneo.net\/wordpress\/index.php\/wp-json\/wp\/v2\/product_tag?post=3757"}],"curies":[{"name":"wp","href":"https:\/\/api.w.org\/{rel}","templated":true}]}}