{"id":3756,"date":"2021-04-08T11:28:30","date_gmt":"2021-04-08T10:28:30","guid":{"rendered":"https:\/\/zapateneo.net\/wordpress\/?post_type=product&#038;p=3756"},"modified":"2022-01-06T10:14:07","modified_gmt":"2022-01-06T09:14:07","slug":"los-negocios-del-cambio-climatico","status":"publish","type":"product","link":"https:\/\/zapateneo.net\/wordpress\/index.php\/producto\/los-negocios-del-cambio-climatico\/","title":{"rendered":"Los negocios del cambio clim\u00e1tico"},"content":{"rendered":"<div>\n<p>El consenso en torno a la gravedad del cambio clim\u00e1tico actual forma parte de lo pol\u00edticamente correcto y refleja lo intocable del orden capitalista vigente. Pese a que es f\u00e1cil pensar que la manera de frenar la carrera de destrucci\u00f3n ecol\u00f3gica y social es un giro radical hacia un modelo antagonista, nada semejante est\u00e1 en los planes de los gobiernos y las grandes cumbres.<\/p>\n<p>La competitividad por la cat\u00e1strofe en tiempos de crisis se ha convertido en un espacio m\u00e1s de negocio. Un ejemplo ilustrativo es que el mercado de emisiones de CO2 ha hecho ganar entre 400 y 500 millones de euros a las industrias cementeras, ladrilleras y azulejeras, que venden sus derechos de emisi\u00f3n sobrantes a las el\u00e9ctricas y refiner\u00edas. Por otra parte, \u00abcompa\u00f1\u00edas energ\u00e9ticas apuestan en la Bolsa de Chicago que las temperaturas no ser\u00e1n muy fr\u00edas con el objetivo de ganar dinero si el invierno es templado y la gente gasta menos en calefacci\u00f3n. As\u00ed, compensan, especulando en los mercados, la p\u00e9rdida de beneficios al vender menos energ\u00eda\u00bb.<\/p>\n<p>La econom\u00eda extractiva y el libre mercado no han necesitado del negacionismo para afrontar el cambio clim\u00e1tico. Los falsos discursos sobre nuestra adaptaci\u00f3n a la nueva situaci\u00f3n y la mitigaci\u00f3n del calentamiento global forman parte de la competici\u00f3n mercantil que alimenta el \u00ab\u00bfqui\u00e9n frena primero?\u00bb. Con la complicidad de unas instituciones internacionales cuya operatividad pol\u00edtica se limita a la construcci\u00f3n de discursos para disimular la impotencia hist\u00f3rica que estamos viviendo, la cat\u00e1strofe humanitaria y ecol\u00f3gica provocada por el sistema capitalista se ha convertido en el en\u00e9simo gran negocio especulativo y financiero.<\/p>\n<\/div>\n<div class=\"row\">\n<div class=\"col-12 col-12-small\">\n<p><span class=\"image left autor\"><img loading=\"lazy\" decoding=\"async\" class=\"alignleft\" src=\"https:\/\/www.viruseditorial.net\/\/fotos-autor\/jesus-m-castillo-web.png\" alt=\"jesus-m.-castillo\" width=\"316\" height=\"339\" \/><\/span><\/p>\n<p><strong>Jes\u00fas M. Castillo<\/strong>\u00a0(Sevilla, 1973) Licenciado en Ciencias Biol\u00f3gicas y profesor titular de la Universidad de Sevilla, es militante del Sindicato Andaluz de Trabajadores (SAT) y de la organizaci\u00f3n Acci\u00f3n Anticapitalista. Autor de numerosos art\u00edculos en revistas como\u00a0<em>El Ecologista<\/em>,\u00a0<em>Quercus<\/em>,\u00a0<em>Investigaci\u00f3n y Ciencia<\/em>,\u00a0<em>Studies in Plant Ecology<\/em>\u00a0y\u00a0<em>Environmental Encounters<\/em>\u00a0entre otras, ha participado tambi\u00e9n en los libros colectivos\u00a0<em>Los sumideros naturales de CO2. Una estrategia sostenible entre el cambio clim\u00e1tico y el Protocolo de Kyoto<\/em>\u00a0(Mu\u00f1oz Moya Editores Extreme\u00f1os, 2007) y\u00a0<em>La ciudad y el cambio clim\u00e1tico. Una propuesta para que Sevilla defina su estrategia frente al cambio clim\u00e1tico<\/em>\u00a0(Bomor Consultores, 2007). En solitario, ha publicado\u00a0<em>Trabajadores y medio ambiente<\/em>\u00a0(Atrapasue\u00f1os, 2010);\u00a0<em>Migraciones ambientales. Huyendo de la crisis ecol\u00f3gica en el siglo XXI<\/em>\u00a0(Virus, 2011) y\u00a0<em>Los negocios del cambio clim\u00e1tico<\/em>\u00a0(Virus, 2016).<\/p>\n<\/div>\n<\/div>\n<div>\n<p><a href=\"http:\/\/www.viruseditorial.net\/file\/los-negocios-del-cambio-climatico.pdf\" target=\"_blank\" rel=\"noopener\">Ficha<\/a><\/p>\n<\/div>\n<p><a href=\"http:\/\/viruseditorial.net\/libreria\/noticia\/678\" target=\"_blank\" rel=\"noopener\">Ayer disfrut\u00e9 del cambio clim\u00e1tico<\/a>\u00a0(Hicapi\u00e9)<\/p>\n<p><a href=\"http:\/\/viruseditorial.net\/libreria\/noticia\/679\" target=\"_blank\" rel=\"noopener\">Jes\u00fas Castillo: \u00abCambiemos el sistema no el clima\u00bb<\/a><\/p>\n<hr \/>\n<div>\n<h2><a href=\"https:\/\/www.viruseditorial.net\/es\/editorial\/descargar-pdf\" target=\"_blank\" rel=\"noopener\">Libro en libre descarga de Virus Editorial<\/a><\/h2>\n<\/div>\n","protected":false},"excerpt":{"rendered":"<p><strong>Castillo, Jes\u00fas M.<\/strong><br \/>\n9788492559701 &#8211; Virus &#8211; 2016 &#8211; 186 p\u00e1ginas \/orri.<\/p>\n","protected":false},"featured_media":3785,"template":"","meta":[],"product_brand":[],"product_cat":[180,16],"product_tag":[2632,4626,2724,57],"class_list":{"0":"post-3756","1":"product","2":"type-product","3":"status-publish","4":"has-post-thumbnail","6":"product_cat-ekologia-ecologia","7":"product_cat-libros","8":"product_tag-castillo","9":"product_tag-deskargak","10":"product_tag-jesus-m-castillo","11":"product_tag-virus","13":"first","14":"instock","15":"sold-individually","16":"shipping-taxable","17":"purchasable","18":"product-type-simple"},"yoast_head":"<!-- This site is optimized with the Yoast SEO plugin v27.3 - https:\/\/yoast.com\/product\/yoast-seo-wordpress\/ -->\n<title>Los negocios del cambio clim\u00e1tico &#8212; Zapateneo<\/title>\n<meta name=\"robots\" content=\"index, follow, max-snippet:-1, max-image-preview:large, max-video-preview:-1\" \/>\n<link rel=\"canonical\" href=\"https:\/\/zapateneo.net\/wordpress\/index.php\/producto\/los-negocios-del-cambio-climatico\/\" \/>\n<meta property=\"og:locale\" content=\"es_ES\" \/>\n<meta property=\"og:type\" content=\"article\" \/>\n<meta property=\"og:title\" content=\"Los negocios del cambio clim\u00e1tico &#8212; Zapateneo\" \/>\n<meta property=\"og:description\" content=\"Castillo, Jes\u00fas M. 9788492559701 - Virus - 2016 - 186 p\u00e1ginas \/orri.\" \/>\n<meta property=\"og:url\" content=\"https:\/\/zapateneo.net\/wordpress\/index.php\/producto\/los-negocios-del-cambio-climatico\/\" \/>\n<meta property=\"og:site_name\" content=\"Zapateneo\" \/>\n<meta property=\"article:modified_time\" content=\"2022-01-06T09:14:07+00:00\" \/>\n<meta property=\"og:image\" content=\"https:\/\/zapateneo.net\/wordpress\/wp-content\/uploads\/2021\/04\/9788492559701.jpg\" \/>\n\t<meta property=\"og:image:width\" content=\"120\" \/>\n\t<meta property=\"og:image:height\" content=\"173\" \/>\n\t<meta property=\"og:image:type\" content=\"image\/jpeg\" \/>\n<meta name=\"twitter:card\" content=\"summary_large_image\" \/>\n<meta name=\"twitter:site\" content=\"@zapateneo\" \/>\n<meta name=\"twitter:label1\" content=\"Tiempo de lectura\" \/>\n\t<meta name=\"twitter:data1\" content=\"3 minutos\" \/>\n<script type=\"application\/ld+json\" class=\"yoast-schema-graph\">{\"@context\":\"https:\\\/\\\/schema.org\",\"@graph\":[{\"@type\":\"WebPage\",\"@id\":\"https:\\\/\\\/zapateneo.net\\\/wordpress\\\/index.php\\\/producto\\\/los-negocios-del-cambio-climatico\\\/\",\"url\":\"https:\\\/\\\/zapateneo.net\\\/wordpress\\\/index.php\\\/producto\\\/los-negocios-del-cambio-climatico\\\/\",\"name\":\"Los negocios del cambio clim\u00e1tico &#8212; Zapateneo\",\"isPartOf\":{\"@id\":\"https:\\\/\\\/zapateneo.net\\\/wordpress\\\/#website\"},\"primaryImageOfPage\":{\"@id\":\"https:\\\/\\\/zapateneo.net\\\/wordpress\\\/index.php\\\/producto\\\/los-negocios-del-cambio-climatico\\\/#primaryimage\"},\"image\":{\"@id\":\"https:\\\/\\\/zapateneo.net\\\/wordpress\\\/index.php\\\/producto\\\/los-negocios-del-cambio-climatico\\\/#primaryimage\"},\"thumbnailUrl\":\"https:\\\/\\\/zapateneo.net\\\/wordpress\\\/wp-content\\\/uploads\\\/2021\\\/04\\\/9788492559701.jpg\",\"datePublished\":\"2021-04-08T10:28:30+00:00\",\"dateModified\":\"2022-01-06T09:14:07+00:00\",\"breadcrumb\":{\"@id\":\"https:\\\/\\\/zapateneo.net\\\/wordpress\\\/index.php\\\/producto\\\/los-negocios-del-cambio-climatico\\\/#breadcrumb\"},\"inLanguage\":\"es\",\"potentialAction\":[{\"@type\":\"ReadAction\",\"target\":[\"https:\\\/\\\/zapateneo.net\\\/wordpress\\\/index.php\\\/producto\\\/los-negocios-del-cambio-climatico\\\/\"]}]},{\"@type\":\"ImageObject\",\"inLanguage\":\"es\",\"@id\":\"https:\\\/\\\/zapateneo.net\\\/wordpress\\\/index.php\\\/producto\\\/los-negocios-del-cambio-climatico\\\/#primaryimage\",\"url\":\"https:\\\/\\\/zapateneo.net\\\/wordpress\\\/wp-content\\\/uploads\\\/2021\\\/04\\\/9788492559701.jpg\",\"contentUrl\":\"https:\\\/\\\/zapateneo.net\\\/wordpress\\\/wp-content\\\/uploads\\\/2021\\\/04\\\/9788492559701.jpg\",\"width\":120,\"height\":173},{\"@type\":\"BreadcrumbList\",\"@id\":\"https:\\\/\\\/zapateneo.net\\\/wordpress\\\/index.php\\\/producto\\\/los-negocios-del-cambio-climatico\\\/#breadcrumb\",\"itemListElement\":[{\"@type\":\"ListItem\",\"position\":1,\"name\":\"Portada\",\"item\":\"https:\\\/\\\/zapateneo.net\\\/wordpress\\\/\"},{\"@type\":\"ListItem\",\"position\":2,\"name\":\"Tienda\",\"item\":\"https:\\\/\\\/zapateneo.net\\\/wordpress\\\/\"},{\"@type\":\"ListItem\",\"position\":3,\"name\":\"Los negocios del cambio clim\u00e1tico\"}]},{\"@type\":\"WebSite\",\"@id\":\"https:\\\/\\\/zapateneo.net\\\/wordpress\\\/#website\",\"url\":\"https:\\\/\\\/zapateneo.net\\\/wordpress\\\/\",\"name\":\"Zapateneo\",\"description\":\"Zapateneoaren webgunea\",\"publisher\":{\"@id\":\"https:\\\/\\\/zapateneo.net\\\/wordpress\\\/#organization\"},\"potentialAction\":[{\"@type\":\"SearchAction\",\"target\":{\"@type\":\"EntryPoint\",\"urlTemplate\":\"https:\\\/\\\/zapateneo.net\\\/wordpress\\\/?s={search_term_string}\"},\"query-input\":{\"@type\":\"PropertyValueSpecification\",\"valueRequired\":true,\"valueName\":\"search_term_string\"}}],\"inLanguage\":\"es\"},{\"@type\":\"Organization\",\"@id\":\"https:\\\/\\\/zapateneo.net\\\/wordpress\\\/#organization\",\"name\":\"Zapateneo Kultur Elkartea\",\"url\":\"https:\\\/\\\/zapateneo.net\\\/wordpress\\\/\",\"logo\":{\"@type\":\"ImageObject\",\"inLanguage\":\"es\",\"@id\":\"https:\\\/\\\/zapateneo.net\\\/wordpress\\\/#\\\/schema\\\/logo\\\/image\\\/\",\"url\":\"https:\\\/\\\/zapateneo.net\\\/wordpress\\\/wp-content\\\/uploads\\\/2021\\\/04\\\/zap-libu-kolec.jpg\",\"contentUrl\":\"https:\\\/\\\/zapateneo.net\\\/wordpress\\\/wp-content\\\/uploads\\\/2021\\\/04\\\/zap-libu-kolec.jpg\",\"width\":2234,\"height\":398,\"caption\":\"Zapateneo Kultur Elkartea\"},\"image\":{\"@id\":\"https:\\\/\\\/zapateneo.net\\\/wordpress\\\/#\\\/schema\\\/logo\\\/image\\\/\"},\"sameAs\":[\"https:\\\/\\\/x.com\\\/zapateneo\"]}]}<\/script>\n<!-- \/ Yoast SEO plugin. -->","yoast_head_json":{"title":"Los negocios del cambio clim\u00e1tico &#8212; Zapateneo","robots":{"index":"index","follow":"follow","max-snippet":"max-snippet:-1","max-image-preview":"max-image-preview:large","max-video-preview":"max-video-preview:-1"},"canonical":"https:\/\/zapateneo.net\/wordpress\/index.php\/producto\/los-negocios-del-cambio-climatico\/","og_locale":"es_ES","og_type":"article","og_title":"Los negocios del cambio clim\u00e1tico &#8212; Zapateneo","og_description":"Castillo, Jes\u00fas M. 9788492559701 - Virus - 2016 - 186 p\u00e1ginas \/orri.","og_url":"https:\/\/zapateneo.net\/wordpress\/index.php\/producto\/los-negocios-del-cambio-climatico\/","og_site_name":"Zapateneo","article_modified_time":"2022-01-06T09:14:07+00:00","og_image":[{"width":120,"height":173,"url":"https:\/\/zapateneo.net\/wordpress\/wp-content\/uploads\/2021\/04\/9788492559701.jpg","type":"image\/jpeg"}],"twitter_card":"summary_large_image","twitter_site":"@zapateneo","twitter_misc":{"Tiempo de lectura":"3 minutos"},"schema":{"@context":"https:\/\/schema.org","@graph":[{"@type":"WebPage","@id":"https:\/\/zapateneo.net\/wordpress\/index.php\/producto\/los-negocios-del-cambio-climatico\/","url":"https:\/\/zapateneo.net\/wordpress\/index.php\/producto\/los-negocios-del-cambio-climatico\/","name":"Los negocios del cambio clim\u00e1tico &#8212; Zapateneo","isPartOf":{"@id":"https:\/\/zapateneo.net\/wordpress\/#website"},"primaryImageOfPage":{"@id":"https:\/\/zapateneo.net\/wordpress\/index.php\/producto\/los-negocios-del-cambio-climatico\/#primaryimage"},"image":{"@id":"https:\/\/zapateneo.net\/wordpress\/index.php\/producto\/los-negocios-del-cambio-climatico\/#primaryimage"},"thumbnailUrl":"https:\/\/zapateneo.net\/wordpress\/wp-content\/uploads\/2021\/04\/9788492559701.jpg","datePublished":"2021-04-08T10:28:30+00:00","dateModified":"2022-01-06T09:14:07+00:00","breadcrumb":{"@id":"https:\/\/zapateneo.net\/wordpress\/index.php\/producto\/los-negocios-del-cambio-climatico\/#breadcrumb"},"inLanguage":"es","potentialAction":[{"@type":"ReadAction","target":["https:\/\/zapateneo.net\/wordpress\/index.php\/producto\/los-negocios-del-cambio-climatico\/"]}]},{"@type":"ImageObject","inLanguage":"es","@id":"https:\/\/zapateneo.net\/wordpress\/index.php\/producto\/los-negocios-del-cambio-climatico\/#primaryimage","url":"https:\/\/zapateneo.net\/wordpress\/wp-content\/uploads\/2021\/04\/9788492559701.jpg","contentUrl":"https:\/\/zapateneo.net\/wordpress\/wp-content\/uploads\/2021\/04\/9788492559701.jpg","width":120,"height":173},{"@type":"BreadcrumbList","@id":"https:\/\/zapateneo.net\/wordpress\/index.php\/producto\/los-negocios-del-cambio-climatico\/#breadcrumb","itemListElement":[{"@type":"ListItem","position":1,"name":"Portada","item":"https:\/\/zapateneo.net\/wordpress\/"},{"@type":"ListItem","position":2,"name":"Tienda","item":"https:\/\/zapateneo.net\/wordpress\/"},{"@type":"ListItem","position":3,"name":"Los negocios del cambio clim\u00e1tico"}]},{"@type":"WebSite","@id":"https:\/\/zapateneo.net\/wordpress\/#website","url":"https:\/\/zapateneo.net\/wordpress\/","name":"Zapateneo","description":"Zapateneoaren webgunea","publisher":{"@id":"https:\/\/zapateneo.net\/wordpress\/#organization"},"potentialAction":[{"@type":"SearchAction","target":{"@type":"EntryPoint","urlTemplate":"https:\/\/zapateneo.net\/wordpress\/?s={search_term_string}"},"query-input":{"@type":"PropertyValueSpecification","valueRequired":true,"valueName":"search_term_string"}}],"inLanguage":"es"},{"@type":"Organization","@id":"https:\/\/zapateneo.net\/wordpress\/#organization","name":"Zapateneo Kultur Elkartea","url":"https:\/\/zapateneo.net\/wordpress\/","logo":{"@type":"ImageObject","inLanguage":"es","@id":"https:\/\/zapateneo.net\/wordpress\/#\/schema\/logo\/image\/","url":"https:\/\/zapateneo.net\/wordpress\/wp-content\/uploads\/2021\/04\/zap-libu-kolec.jpg","contentUrl":"https:\/\/zapateneo.net\/wordpress\/wp-content\/uploads\/2021\/04\/zap-libu-kolec.jpg","width":2234,"height":398,"caption":"Zapateneo Kultur Elkartea"},"image":{"@id":"https:\/\/zapateneo.net\/wordpress\/#\/schema\/logo\/image\/"},"sameAs":["https:\/\/x.com\/zapateneo"]}]}},"_links":{"self":[{"href":"https:\/\/zapateneo.net\/wordpress\/index.php\/wp-json\/wp\/v2\/product\/3756","targetHints":{"allow":["GET"]}}],"collection":[{"href":"https:\/\/zapateneo.net\/wordpress\/index.php\/wp-json\/wp\/v2\/product"}],"about":[{"href":"https:\/\/zapateneo.net\/wordpress\/index.php\/wp-json\/wp\/v2\/types\/product"}],"wp:featuredmedia":[{"embeddable":true,"href":"https:\/\/zapateneo.net\/wordpress\/index.php\/wp-json\/wp\/v2\/media\/3785"}],"wp:attachment":[{"href":"https:\/\/zapateneo.net\/wordpress\/index.php\/wp-json\/wp\/v2\/media?parent=3756"}],"wp:term":[{"taxonomy":"product_brand","embeddable":true,"href":"https:\/\/zapateneo.net\/wordpress\/index.php\/wp-json\/wp\/v2\/product_brand?post=3756"},{"taxonomy":"product_cat","embeddable":true,"href":"https:\/\/zapateneo.net\/wordpress\/index.php\/wp-json\/wp\/v2\/product_cat?post=3756"},{"taxonomy":"product_tag","embeddable":true,"href":"https:\/\/zapateneo.net\/wordpress\/index.php\/wp-json\/wp\/v2\/product_tag?post=3756"}],"curies":[{"name":"wp","href":"https:\/\/api.w.org\/{rel}","templated":true}]}}