{"id":3748,"date":"2021-04-08T11:28:28","date_gmt":"2021-04-08T10:28:28","guid":{"rendered":"https:\/\/zapateneo.net\/wordpress\/?post_type=product&#038;p=3748"},"modified":"2021-04-08T11:28:46","modified_gmt":"2021-04-08T10:28:46","slug":"monocultivos-que-conquistaron-el-mundo","status":"publish","type":"product","link":"https:\/\/zapateneo.net\/wordpress\/index.php\/producto\/monocultivos-que-conquistaron-el-mundo\/","title":{"rendered":"Monocultivos que conquistaron el mundo"},"content":{"rendered":"<p>A trav\u00e9s de la historia de tres monocultivos que est\u00e1n entre los m\u00e1s importantes del agronegocio a nivel mundial \u0096ca\u00f1a azucarera, palma de aceite y soja\u0096 se plantea un recorrido por la historia de la agricultura, comenzando con la ca\u00f1a de az\u00facar, muy vinculada a la colonizaci\u00f3n y que en la Am\u00e9rica conquistada requiri\u00f3 de miles de esclavos en las plantaciones, desde las que se acumul\u00f3 el capital que contribuy\u00f3 a realizar la Revoluci\u00f3n industrial. Hoy, la ca\u00f1a sigue siendo fundamental para econom\u00edas como las de Brasil y Guatemala, y sigue asociada a trabajo en condiciones an\u00e1logas a la esclavitud en las plantaciones.<\/p>\n<p>En los a\u00f1os 50 todo cambi\u00f3 con la Revoluci\u00f3n Verde: legitimada por el discurso del necesario combate a la pobreza, en realidad para algunos campesinos esta revoluci\u00f3n trajo m\u00e1s hambre y desigualdad, adem\u00e1s de provocar da\u00f1os medioambientales y una reducci\u00f3n de la biodiversidad. Algo que sucede todav\u00eda hoy cuando el monocultivo agroindustrial, con altos rendimientos basados en insumos tecnol\u00f3gicos \u0096pesticidas, fungicidas\u0096, penetra en territorios hasta entonces consagrados a la agricultura familiar, basada en el autoconsumo. As\u00ed ocurre con la palma de aceite, cuyos impactos ser\u00e1n analizados tras haberlos estudiado sobre el terreno en Camer\u00fan, Indonesia, Colombia, Ecuador y Guatemala.<\/p>\n<p>Despu\u00e9s lleg\u00f3 otra revoluci\u00f3n tecnol\u00f3gica llamada a cambiar, una vez m\u00e1s, la historia de la agricultura: la biotecnolog\u00eda. Las semillas \u00abmejoradas\u00bb y patentadas promet\u00edan alt\u00edsimas rentabilidades, como sucede en el caso de la soja transg\u00e9nica de Monsanto, resistente al glifosato, un potente agrot\u00f3xico cuyos peligros para la salud ha rese\u00f1ado la OMS. En Argentina, la soja ocupa un 60% de la superficie cultivable, y fueron los vecinos de \u00e1reas fumigadas desde el aire con glifosato \u0096como las Madres del barrio cordob\u00e9s de Ituzaing\u00f3 Anexo\u0096 quienes dieron la voz de alarma sobre los casos de malformaciones fetales, abortos espont\u00e1neos y aumento de los casos de leucemia, asociados al glifosato.<\/p>\n<p>Un \u00faltimo cap\u00edtulo se dedica a algunas cuestiones que comparten los tres cultivos y que son fundamentales para entender la situaci\u00f3n actual del modelo del agronegocio: la financiaci\u00f3n de entidades supranacionales y de cooperaci\u00f3n como el Banco Mundial o la USAID; el rol de los agrocombustibles; la disputa en torno a las semillas y los intentos de privatizarlas, y las luchas de las comunidades ind\u00edgenas, afrodescendientes y campesinas en defensa de los territorios.<\/p>\n<p>Para terminar, a modo de conclusi\u00f3n, se relacionan los impactos socioambientales asociados a la ca\u00f1a, la palma y la soja con el consumo en los pa\u00edses del Norte global y con sus modelos de alimentaci\u00f3n, tan insalubres como injustos socialmente e insostenibles ambientalmente.<\/p>\n","protected":false},"excerpt":{"rendered":"<p><strong>Castro, Nazaret<\/strong><br \/>\n9788416842438 &#8211; Akal &#8211; 2019 &#8211; 288 p\u00e1ginas \/orri.<\/p>\n","protected":false},"featured_media":3777,"template":"","meta":[],"product_brand":[],"product_cat":[180,16],"product_tag":[437,1072,2623],"class_list":{"0":"post-3748","1":"product","2":"type-product","3":"status-publish","4":"has-post-thumbnail","6":"product_cat-ekologia-ecologia","7":"product_cat-libros","8":"product_tag-akal","9":"product_tag-castro","10":"product_tag-nazaret","12":"first","13":"instock","14":"sold-individually","15":"shipping-taxable","16":"purchasable","17":"product-type-simple"},"yoast_head":"<!-- This site is optimized with the Yoast SEO plugin v27.3 - https:\/\/yoast.com\/product\/yoast-seo-wordpress\/ -->\n<title>Monocultivos que conquistaron el mundo &#8212; Zapateneo<\/title>\n<meta name=\"robots\" content=\"index, follow, max-snippet:-1, max-image-preview:large, max-video-preview:-1\" \/>\n<link rel=\"canonical\" href=\"https:\/\/zapateneo.net\/wordpress\/index.php\/producto\/monocultivos-que-conquistaron-el-mundo\/\" \/>\n<meta property=\"og:locale\" content=\"es_ES\" \/>\n<meta property=\"og:type\" content=\"article\" \/>\n<meta property=\"og:title\" content=\"Monocultivos que conquistaron el mundo &#8212; Zapateneo\" \/>\n<meta property=\"og:description\" content=\"Castro, Nazaret 9788416842438 - Akal - 2019 - 288 p\u00e1ginas \/orri.\" \/>\n<meta property=\"og:url\" content=\"https:\/\/zapateneo.net\/wordpress\/index.php\/producto\/monocultivos-que-conquistaron-el-mundo\/\" \/>\n<meta property=\"og:site_name\" content=\"Zapateneo\" \/>\n<meta property=\"article:modified_time\" content=\"2021-04-08T10:28:46+00:00\" \/>\n<meta property=\"og:image\" content=\"https:\/\/zapateneo.net\/wordpress\/wp-content\/uploads\/2021\/04\/9788416842438.jpg\" \/>\n\t<meta property=\"og:image:width\" content=\"120\" \/>\n\t<meta property=\"og:image:height\" content=\"178\" \/>\n\t<meta property=\"og:image:type\" content=\"image\/jpeg\" \/>\n<meta name=\"twitter:card\" content=\"summary_large_image\" \/>\n<meta name=\"twitter:site\" content=\"@zapateneo\" \/>\n<meta name=\"twitter:label1\" content=\"Tiempo de lectura\" \/>\n\t<meta name=\"twitter:data1\" content=\"2 minutos\" \/>\n<script type=\"application\/ld+json\" class=\"yoast-schema-graph\">{\"@context\":\"https:\\\/\\\/schema.org\",\"@graph\":[{\"@type\":\"WebPage\",\"@id\":\"https:\\\/\\\/zapateneo.net\\\/wordpress\\\/index.php\\\/producto\\\/monocultivos-que-conquistaron-el-mundo\\\/\",\"url\":\"https:\\\/\\\/zapateneo.net\\\/wordpress\\\/index.php\\\/producto\\\/monocultivos-que-conquistaron-el-mundo\\\/\",\"name\":\"Monocultivos que conquistaron el mundo &#8212; Zapateneo\",\"isPartOf\":{\"@id\":\"https:\\\/\\\/zapateneo.net\\\/wordpress\\\/#website\"},\"primaryImageOfPage\":{\"@id\":\"https:\\\/\\\/zapateneo.net\\\/wordpress\\\/index.php\\\/producto\\\/monocultivos-que-conquistaron-el-mundo\\\/#primaryimage\"},\"image\":{\"@id\":\"https:\\\/\\\/zapateneo.net\\\/wordpress\\\/index.php\\\/producto\\\/monocultivos-que-conquistaron-el-mundo\\\/#primaryimage\"},\"thumbnailUrl\":\"https:\\\/\\\/zapateneo.net\\\/wordpress\\\/wp-content\\\/uploads\\\/2021\\\/04\\\/9788416842438.jpg\",\"datePublished\":\"2021-04-08T10:28:28+00:00\",\"dateModified\":\"2021-04-08T10:28:46+00:00\",\"breadcrumb\":{\"@id\":\"https:\\\/\\\/zapateneo.net\\\/wordpress\\\/index.php\\\/producto\\\/monocultivos-que-conquistaron-el-mundo\\\/#breadcrumb\"},\"inLanguage\":\"es\",\"potentialAction\":[{\"@type\":\"ReadAction\",\"target\":[\"https:\\\/\\\/zapateneo.net\\\/wordpress\\\/index.php\\\/producto\\\/monocultivos-que-conquistaron-el-mundo\\\/\"]}]},{\"@type\":\"ImageObject\",\"inLanguage\":\"es\",\"@id\":\"https:\\\/\\\/zapateneo.net\\\/wordpress\\\/index.php\\\/producto\\\/monocultivos-que-conquistaron-el-mundo\\\/#primaryimage\",\"url\":\"https:\\\/\\\/zapateneo.net\\\/wordpress\\\/wp-content\\\/uploads\\\/2021\\\/04\\\/9788416842438.jpg\",\"contentUrl\":\"https:\\\/\\\/zapateneo.net\\\/wordpress\\\/wp-content\\\/uploads\\\/2021\\\/04\\\/9788416842438.jpg\",\"width\":120,\"height\":178},{\"@type\":\"BreadcrumbList\",\"@id\":\"https:\\\/\\\/zapateneo.net\\\/wordpress\\\/index.php\\\/producto\\\/monocultivos-que-conquistaron-el-mundo\\\/#breadcrumb\",\"itemListElement\":[{\"@type\":\"ListItem\",\"position\":1,\"name\":\"Portada\",\"item\":\"https:\\\/\\\/zapateneo.net\\\/wordpress\\\/\"},{\"@type\":\"ListItem\",\"position\":2,\"name\":\"Tienda\",\"item\":\"https:\\\/\\\/zapateneo.net\\\/wordpress\\\/\"},{\"@type\":\"ListItem\",\"position\":3,\"name\":\"Monocultivos que conquistaron el mundo\"}]},{\"@type\":\"WebSite\",\"@id\":\"https:\\\/\\\/zapateneo.net\\\/wordpress\\\/#website\",\"url\":\"https:\\\/\\\/zapateneo.net\\\/wordpress\\\/\",\"name\":\"Zapateneo\",\"description\":\"Zapateneoaren webgunea\",\"publisher\":{\"@id\":\"https:\\\/\\\/zapateneo.net\\\/wordpress\\\/#organization\"},\"potentialAction\":[{\"@type\":\"SearchAction\",\"target\":{\"@type\":\"EntryPoint\",\"urlTemplate\":\"https:\\\/\\\/zapateneo.net\\\/wordpress\\\/?s={search_term_string}\"},\"query-input\":{\"@type\":\"PropertyValueSpecification\",\"valueRequired\":true,\"valueName\":\"search_term_string\"}}],\"inLanguage\":\"es\"},{\"@type\":\"Organization\",\"@id\":\"https:\\\/\\\/zapateneo.net\\\/wordpress\\\/#organization\",\"name\":\"Zapateneo Kultur Elkartea\",\"url\":\"https:\\\/\\\/zapateneo.net\\\/wordpress\\\/\",\"logo\":{\"@type\":\"ImageObject\",\"inLanguage\":\"es\",\"@id\":\"https:\\\/\\\/zapateneo.net\\\/wordpress\\\/#\\\/schema\\\/logo\\\/image\\\/\",\"url\":\"https:\\\/\\\/zapateneo.net\\\/wordpress\\\/wp-content\\\/uploads\\\/2021\\\/04\\\/zap-libu-kolec.jpg\",\"contentUrl\":\"https:\\\/\\\/zapateneo.net\\\/wordpress\\\/wp-content\\\/uploads\\\/2021\\\/04\\\/zap-libu-kolec.jpg\",\"width\":2234,\"height\":398,\"caption\":\"Zapateneo Kultur Elkartea\"},\"image\":{\"@id\":\"https:\\\/\\\/zapateneo.net\\\/wordpress\\\/#\\\/schema\\\/logo\\\/image\\\/\"},\"sameAs\":[\"https:\\\/\\\/x.com\\\/zapateneo\"]}]}<\/script>\n<!-- \/ Yoast SEO plugin. -->","yoast_head_json":{"title":"Monocultivos que conquistaron el mundo &#8212; Zapateneo","robots":{"index":"index","follow":"follow","max-snippet":"max-snippet:-1","max-image-preview":"max-image-preview:large","max-video-preview":"max-video-preview:-1"},"canonical":"https:\/\/zapateneo.net\/wordpress\/index.php\/producto\/monocultivos-que-conquistaron-el-mundo\/","og_locale":"es_ES","og_type":"article","og_title":"Monocultivos que conquistaron el mundo &#8212; Zapateneo","og_description":"Castro, Nazaret 9788416842438 - Akal - 2019 - 288 p\u00e1ginas \/orri.","og_url":"https:\/\/zapateneo.net\/wordpress\/index.php\/producto\/monocultivos-que-conquistaron-el-mundo\/","og_site_name":"Zapateneo","article_modified_time":"2021-04-08T10:28:46+00:00","og_image":[{"width":120,"height":178,"url":"https:\/\/zapateneo.net\/wordpress\/wp-content\/uploads\/2021\/04\/9788416842438.jpg","type":"image\/jpeg"}],"twitter_card":"summary_large_image","twitter_site":"@zapateneo","twitter_misc":{"Tiempo de lectura":"2 minutos"},"schema":{"@context":"https:\/\/schema.org","@graph":[{"@type":"WebPage","@id":"https:\/\/zapateneo.net\/wordpress\/index.php\/producto\/monocultivos-que-conquistaron-el-mundo\/","url":"https:\/\/zapateneo.net\/wordpress\/index.php\/producto\/monocultivos-que-conquistaron-el-mundo\/","name":"Monocultivos que conquistaron el mundo &#8212; Zapateneo","isPartOf":{"@id":"https:\/\/zapateneo.net\/wordpress\/#website"},"primaryImageOfPage":{"@id":"https:\/\/zapateneo.net\/wordpress\/index.php\/producto\/monocultivos-que-conquistaron-el-mundo\/#primaryimage"},"image":{"@id":"https:\/\/zapateneo.net\/wordpress\/index.php\/producto\/monocultivos-que-conquistaron-el-mundo\/#primaryimage"},"thumbnailUrl":"https:\/\/zapateneo.net\/wordpress\/wp-content\/uploads\/2021\/04\/9788416842438.jpg","datePublished":"2021-04-08T10:28:28+00:00","dateModified":"2021-04-08T10:28:46+00:00","breadcrumb":{"@id":"https:\/\/zapateneo.net\/wordpress\/index.php\/producto\/monocultivos-que-conquistaron-el-mundo\/#breadcrumb"},"inLanguage":"es","potentialAction":[{"@type":"ReadAction","target":["https:\/\/zapateneo.net\/wordpress\/index.php\/producto\/monocultivos-que-conquistaron-el-mundo\/"]}]},{"@type":"ImageObject","inLanguage":"es","@id":"https:\/\/zapateneo.net\/wordpress\/index.php\/producto\/monocultivos-que-conquistaron-el-mundo\/#primaryimage","url":"https:\/\/zapateneo.net\/wordpress\/wp-content\/uploads\/2021\/04\/9788416842438.jpg","contentUrl":"https:\/\/zapateneo.net\/wordpress\/wp-content\/uploads\/2021\/04\/9788416842438.jpg","width":120,"height":178},{"@type":"BreadcrumbList","@id":"https:\/\/zapateneo.net\/wordpress\/index.php\/producto\/monocultivos-que-conquistaron-el-mundo\/#breadcrumb","itemListElement":[{"@type":"ListItem","position":1,"name":"Portada","item":"https:\/\/zapateneo.net\/wordpress\/"},{"@type":"ListItem","position":2,"name":"Tienda","item":"https:\/\/zapateneo.net\/wordpress\/"},{"@type":"ListItem","position":3,"name":"Monocultivos que conquistaron el mundo"}]},{"@type":"WebSite","@id":"https:\/\/zapateneo.net\/wordpress\/#website","url":"https:\/\/zapateneo.net\/wordpress\/","name":"Zapateneo","description":"Zapateneoaren webgunea","publisher":{"@id":"https:\/\/zapateneo.net\/wordpress\/#organization"},"potentialAction":[{"@type":"SearchAction","target":{"@type":"EntryPoint","urlTemplate":"https:\/\/zapateneo.net\/wordpress\/?s={search_term_string}"},"query-input":{"@type":"PropertyValueSpecification","valueRequired":true,"valueName":"search_term_string"}}],"inLanguage":"es"},{"@type":"Organization","@id":"https:\/\/zapateneo.net\/wordpress\/#organization","name":"Zapateneo Kultur Elkartea","url":"https:\/\/zapateneo.net\/wordpress\/","logo":{"@type":"ImageObject","inLanguage":"es","@id":"https:\/\/zapateneo.net\/wordpress\/#\/schema\/logo\/image\/","url":"https:\/\/zapateneo.net\/wordpress\/wp-content\/uploads\/2021\/04\/zap-libu-kolec.jpg","contentUrl":"https:\/\/zapateneo.net\/wordpress\/wp-content\/uploads\/2021\/04\/zap-libu-kolec.jpg","width":2234,"height":398,"caption":"Zapateneo Kultur Elkartea"},"image":{"@id":"https:\/\/zapateneo.net\/wordpress\/#\/schema\/logo\/image\/"},"sameAs":["https:\/\/x.com\/zapateneo"]}]}},"_links":{"self":[{"href":"https:\/\/zapateneo.net\/wordpress\/index.php\/wp-json\/wp\/v2\/product\/3748","targetHints":{"allow":["GET"]}}],"collection":[{"href":"https:\/\/zapateneo.net\/wordpress\/index.php\/wp-json\/wp\/v2\/product"}],"about":[{"href":"https:\/\/zapateneo.net\/wordpress\/index.php\/wp-json\/wp\/v2\/types\/product"}],"wp:featuredmedia":[{"embeddable":true,"href":"https:\/\/zapateneo.net\/wordpress\/index.php\/wp-json\/wp\/v2\/media\/3777"}],"wp:attachment":[{"href":"https:\/\/zapateneo.net\/wordpress\/index.php\/wp-json\/wp\/v2\/media?parent=3748"}],"wp:term":[{"taxonomy":"product_brand","embeddable":true,"href":"https:\/\/zapateneo.net\/wordpress\/index.php\/wp-json\/wp\/v2\/product_brand?post=3748"},{"taxonomy":"product_cat","embeddable":true,"href":"https:\/\/zapateneo.net\/wordpress\/index.php\/wp-json\/wp\/v2\/product_cat?post=3748"},{"taxonomy":"product_tag","embeddable":true,"href":"https:\/\/zapateneo.net\/wordpress\/index.php\/wp-json\/wp\/v2\/product_tag?post=3748"}],"curies":[{"name":"wp","href":"https:\/\/api.w.org\/{rel}","templated":true}]}}