{"id":3584,"date":"2021-04-08T07:12:11","date_gmt":"2021-04-08T06:12:11","guid":{"rendered":"https:\/\/zapateneo.net\/wordpress\/?post_type=product&#038;p=3584"},"modified":"2021-04-08T07:12:46","modified_gmt":"2021-04-08T06:12:46","slug":"por-una-recuperacion-de-la-historia-africana-de-africa-a-haiti-a-gaza","status":"publish","type":"product","link":"https:\/\/zapateneo.net\/wordpress\/index.php\/producto\/por-una-recuperacion-de-la-historia-africana-de-africa-a-haiti-a-gaza\/","title":{"rendered":"Por una recuperaci\u00f3n de la historia africana. De \u00c1frica a Hait\u00ed a Gaza"},"content":{"rendered":"<p><span style=\"font-family: Verdana,Arial,Helvetica,sans-serif; color: #990000;\"><span style=\"color: #000000;\"><span style=\"font-family: Georgia,Times New Roman,Times,serif; font-size: x-large;\">Por          una recuperaci&oacute;n de la historia africana<br \/> <span style=\"font-size: large;\">De &Aacute;frica a Hait&iacute; a Gaza<\/span><\/span><\/span><\/span><\/p>\n<p align=\"left\"><span style=\"font-family: Georgia,Times New Roman,Times,serif; color: #000000;\"><strong><span style=\"font-size: small;\">Jacques          Depelchin<\/span><\/strong><br \/> <\/span><\/p>\n<p align=\"left\"><span style=\"font-family: Georgia,Times New Roman,Times,serif; color: #000000;\"><br \/> oozebap, 2011 &#8211; Pescando husmeos n&ordm; 6<br \/> Coeditado con Fahamu (<a href=\"http:\/\/www.fahamubooks.org\/\" target=\"_blank\" rel=\"noopener\">www.fahamubooks.org<\/a> &#8211; <a href=\"http:\/\/www.pambazuka.org\/\" target=\"_blank\" rel=\"noopener\">www.pambazuka.org<\/a>)<br \/> <\/span><span style=\"font-family: Verdana,Arial,Helvetica,sans-serif; color: #000000;\"><br \/> 130 pags. PVP: 10 euros.<br \/> ISBN: 978-84-614-3803-7<\/p>\n<p> <strong><span style=\"color: #990000;\">Distribuye<\/span><\/strong>:<br \/> &#8211; <strong>VIRUS\/LALLEVIR<\/strong> <a href=\"mailto:virus@pangea.org\">virus@pangea.org<\/a> . Tel: 934.413.814 (Catalunya y Balears<br \/>\n y venta por correo a todo el estado)<br \/> &#8211; <strong>DISTRIFER<\/strong> . Tel: 917.962.709 (Madrid, Guadalajara, Toledo, Ciudad          Real y Cuenca)<br \/> <\/span><span style=\"font-family: Verdana,Arial,Helvetica,sans-serif; color: #000000;\"><a href=\"http:\/\/www.oozebap.org\/arroz\/bombero-piromano.pdf\" target=\"_blank\" rel=\"noopener\"><br \/> <\/a><\/span><span style=\"color: #990000;\"> _____________________________________<strong><span style=\"font-family: Verdana,Arial,Helvetica,sans-serif; font-size: x-small;\"> <\/span><\/strong><\/span><\/p>\n<p align=\"left\"><span style=\"font-family: Georgia,Times New Roman,Times,serif; color: #000000;\"><strong><span style=\"color: #990000;\">Texto          de la contraportada<\/span><\/strong><\/p>\n<p> La reivindicaci&oacute;n de la historia de &Aacute;frica no es fruto &uacute;nicamente          de una iniciativa ideol&oacute;gica: sin esta historia, sin sus protagonistas          individuales y colectivos, la humanidad no est&aacute; completa. <\/p>\n<p> Jacques Depelchin es un buscador nato de esta fidelidad al ser humano          en todo su esplendor, un v&iacute;nculo &iacute;ntimo que nos hace tomar          conciencia de los hilos que van tejiendo historias silenciadas, mancilladas          o tergiversadas con el prop&oacute;sito de eternizar el olvido. Frente          a la amnesia, el historiador congole&ntilde;o repite, una y otra vez,          que sin los fieles a la humanidad nada tiene sentido. Nada es. <\/p>\n<p> &Aacute;frica se desborda y su historia cuenta con un elenco de resistencias          que, en ocasiones, forjan crisoles ejemplares donde continuar con esa          fidelidad. La emancipaci&oacute;n del ser humano y su movimiento libre          en torno al amor y la justicia dieron Hait&iacute;. Dieron los quilombos          brasile&ntilde;os. Dieron la fuerza de Kimpa Vita. Dan el sue&ntilde;o          que gesta la lucha por una vida digna en los suburbios africanos, en los          movimientos y foros sociales, en las tierras ind&iacute;genas, en Gaza.<br \/> <\/span><\/p>\n<p><span style=\"color: #990000;\"> ______________________________________<\/span><\/p>\n<p><span style=\"font-family: Georgia,Times New Roman,Times,serif; color: #990000;\"><strong>Informaci&oacute;n          sobre el autor<\/strong><\/span><\/p>\n<p><span style=\"font-family: Georgia,Times New Roman,Times,serif; color: #000000;\"><span style=\"font-family: Verdana,Arial,Helvetica,sans-serif;\"> <\/span><img loading=\"lazy\" decoding=\"async\" src=\"http:\/\/www.oozebap.org\/arroz\/images\/jacques.jpg\" alt=\"\" width=\"116\" height=\"124\" \/><\/p>\n<p> El congole&ntilde;o Jacques Depelchin ha impartido clases de Historia          Africana en universidades de Estados Unidos, la Rep&uacute;blica Democr&aacute;tica          del Congo, Mozambique, Tanzania y Brasil, donde actualmente trabaja. Es          miembro fundador y director de la Alianza Internacional Ota Benga para          la Paz en la Rep&uacute;blica Democr&aacute;tica del Congo. Adem&aacute;s          de numerosos art&iacute;culos y trabajos de investigaci&oacute;n, ha publicado          los libros From the Congo Free State to Zaire: 1885-1974, 1999. Towards          a Demystification of Economic and Political History (Codesria, Senegal,          1992) y Silences in African History. Between the syndromes of discovery          and abolition (Mkuki Na Nyota Publishers, Tanzania, 2000). <\/span><span style=\"font-family: Georgia,Times New Roman,Times,serif; color: #000000;\"><br \/> <\/span><\/p>\n<p><span style=\"color: #990000;\">_____________________________________<\/span><\/p>\n<p><span style=\"font-family: Georgia,Times New Roman,Times,serif; color: #000000;\"><strong><span style=\"color: #990000;\">&Iacute;ndice<\/span><\/strong><\/p>\n<p> Introducci&oacute;n<\/p>\n<p> 1. Para salvar a la humanidad debemos tomarnos en serio la historia africana<\/p>\n<p> 2. En solidaridad con Cit&eacute; Soleil\/Site Soley en Hait&iacute;<\/p>\n<p> 3. Posibilidades y rutas de una subversiva globalizaci&oacute;n Sur-Sur:          &Aacute;frica y Brasil<\/p>\n<p> 4. El recorte de las libertades: de Hait&iacute; a Sud&aacute;frica<\/p>\n<p> 5. Historia del miedo a la emancipaci&oacute;n en la Rep&uacute;blica          Democr&aacute;tica del Congo. De Kimpa Vita a Lumumba a las mujeres de          Panzi<\/p>\n<p> 6. Hambre de voz: la crisis alimentaria, el mercado y la desigualdad socioecon&oacute;mica,          81<\/p>\n<p> 7. De &Aacute;frica a Hait&iacute; a Gaza: permanecer fieles a la humanidad<\/p>\n<p> 8. El hijo bastardo del genocidio que naci&oacute; para vivir a su costa<\/p>\n<p> Ep&iacute;logo<br \/> <\/span><\/p>\n<p><span style=\"color: #990000;\">_____________________________________<strong><span style=\"font-family: Verdana,Arial,Helvetica,sans-serif; font-size: x-small;\"> <\/span><\/strong><\/span><span style=\"font-family: Verdana,Arial,Helvetica,sans-serif;\"><br \/> <span style=\"font-family: Georgia,Times New Roman,Times,serif; color: #990000;\"><br \/> <strong>Introducci&oacute;n<\/p>\n<p> <\/strong> <span style=\"color: #000000;\">Estos ensayos aparecieron, en una primera versi&oacute;n,          como art&iacute;culos en <a href=\"http:\/\/www.pambazuka.org\/\">Pambazuka          News<\/a>. Aqu&iacute; los presentamos por orden de publicaci&oacute;n          desde el a&ntilde;o 2007, salvo el primero, que lo escrib&iacute; a modo          de introducci&oacute;n al presente libro. En ellos intento explicar c&oacute;mo          se podr&iacute;a escribir la historia de un modo que ayudase a liberar          la historia africana, reh&eacute;n (conscientemente o no) de los marcos          intelectuales europeos y norteamericanos.<br \/> No obstante, los cap&iacute;tulos pueden leerse en cualquier orden. Todos          surgen de una misma preocupaci&oacute;n: demostrar que la historia africana          es m&uacute;ltiple en el sentido que, en ella y a trav&eacute;s de ella,          es posible reconectar todas las historias de los que fueron desconectados.<br \/> Esta reconexi&oacute;n a la humanidad s&oacute;lo ser&aacute; efectiva          si, mediante las historias africanas, podemos entender las historias de          los pobres, las de los \u00abHait&iacute;s\u00bb, los \u00abAbahalis\u00bb.          En definitiva, las de quienes se han visto obligados a mirar atr&aacute;s          con un espejo roto, deliberadamente aplastado para que sea imposible divisar          algo.<br \/> Las historias de &Aacute;frica y los africanos deben entenderse en todas          sus complejidades, de Hait&iacute; a Gaza a las favelas y los barrios          de chabolas.<br \/> En estos escritos tambi&eacute;n podemos encontrar, en un segundo plano,          la certeza de que esta \u00abreclamaci&oacute;n\u00bb no es s&oacute;lo          por el bien de &Aacute;frica, sino por el bien de todos aquellos que hacen          lo posible para enterrar la historia africana.<\/span><\/span><\/span><\/p>\n<p><span style=\"font-family: Georgia,Times New Roman,Times,serif; color: #000000;\"><em>Jacques          Depelchin<br \/> Salvador de Bah&iacute;a, Brasil, abril del 2010<\/em><\/span><\/p>\n<p> <span style=\"color: #990000;\">_____________________________________<strong><span style=\"font-family: Verdana,Arial,Helvetica,sans-serif; font-size: x-small;\"> <\/span><\/strong><\/span><span style=\"font-family: Verdana,Arial,Helvetica,sans-serif;\"><br \/> <\/span><span style=\"font-family: Georgia,Times New Roman,Times,serif; color: #000000;\"><br \/> <a href=\"http:\/\/www.oozebap.org\/arroz\/entrev_depelchin.htm\">Entrevista a Jacques Depelchin<br \/> a prop&oacute;sito de su libro \u00abPor una recuperaci&oacute;n de la          historia africana. De &Aacute;frica a Hait&iacute; a Gaza\u00bb<\/a><br \/> <span style=\"font-family: Verdana,Arial,Helvetica,sans-serif;\">Por D&iacute;dac          P. Lagarriga. Revista Africaneando, n. 5, 1er trimestre 2011.<\/span><\/span><\/p>\n","protected":false},"excerpt":{"rendered":"<p><strong>Jacques Depelchin<\/strong><br \/>\n9788461438037 &#8211; Oozebap &#8211; 2011 &#8211; 130 p\u00e1ginas \/orri.<\/p>\n","protected":false},"featured_media":3632,"template":"","meta":[],"product_brand":[],"product_cat":[179,16],"product_tag":[2515,1013],"class_list":{"0":"post-3584","1":"product","2":"type-product","3":"status-publish","4":"has-post-thumbnail","6":"product_cat-internazionalismoa-internacionalismo","7":"product_cat-libros","8":"product_tag-jacques-depelchin","9":"product_tag-oozebap","11":"first","12":"instock","13":"sold-individually","14":"shipping-taxable","15":"purchasable","16":"product-type-simple"},"yoast_head":"<!-- This site is optimized with the Yoast SEO plugin v27.3 - https:\/\/yoast.com\/product\/yoast-seo-wordpress\/ -->\n<title>Por una recuperaci\u00f3n de la historia africana. De \u00c1frica a Hait\u00ed a Gaza &#8212; Zapateneo<\/title>\n<meta name=\"robots\" content=\"index, follow, max-snippet:-1, max-image-preview:large, max-video-preview:-1\" \/>\n<link rel=\"canonical\" href=\"https:\/\/zapateneo.net\/wordpress\/index.php\/producto\/por-una-recuperacion-de-la-historia-africana-de-africa-a-haiti-a-gaza\/\" \/>\n<meta property=\"og:locale\" content=\"es_ES\" \/>\n<meta property=\"og:type\" content=\"article\" \/>\n<meta property=\"og:title\" content=\"Por una recuperaci\u00f3n de la historia africana. De \u00c1frica a Hait\u00ed a Gaza &#8212; Zapateneo\" \/>\n<meta property=\"og:description\" content=\"Jacques Depelchin 9788461438037 - Oozebap - 2011 - 130 p\u00e1ginas \/orri.\" \/>\n<meta property=\"og:url\" content=\"https:\/\/zapateneo.net\/wordpress\/index.php\/producto\/por-una-recuperacion-de-la-historia-africana-de-africa-a-haiti-a-gaza\/\" \/>\n<meta property=\"og:site_name\" content=\"Zapateneo\" \/>\n<meta property=\"article:modified_time\" content=\"2021-04-08T06:12:46+00:00\" \/>\n<meta property=\"og:image\" content=\"https:\/\/zapateneo.net\/wordpress\/wp-content\/uploads\/2021\/04\/6789.jpg\" \/>\n\t<meta property=\"og:image:width\" content=\"430\" \/>\n\t<meta property=\"og:image:height\" content=\"580\" \/>\n\t<meta property=\"og:image:type\" content=\"image\/jpeg\" \/>\n<meta name=\"twitter:card\" content=\"summary_large_image\" \/>\n<meta name=\"twitter:site\" content=\"@zapateneo\" \/>\n<meta name=\"twitter:label1\" content=\"Tiempo de lectura\" \/>\n\t<meta name=\"twitter:data1\" content=\"4 minutos\" \/>\n<script type=\"application\/ld+json\" class=\"yoast-schema-graph\">{\"@context\":\"https:\\\/\\\/schema.org\",\"@graph\":[{\"@type\":\"WebPage\",\"@id\":\"https:\\\/\\\/zapateneo.net\\\/wordpress\\\/index.php\\\/producto\\\/por-una-recuperacion-de-la-historia-africana-de-africa-a-haiti-a-gaza\\\/\",\"url\":\"https:\\\/\\\/zapateneo.net\\\/wordpress\\\/index.php\\\/producto\\\/por-una-recuperacion-de-la-historia-africana-de-africa-a-haiti-a-gaza\\\/\",\"name\":\"Por una recuperaci\u00f3n de la historia africana. De \u00c1frica a Hait\u00ed a Gaza &#8212; Zapateneo\",\"isPartOf\":{\"@id\":\"https:\\\/\\\/zapateneo.net\\\/wordpress\\\/#website\"},\"primaryImageOfPage\":{\"@id\":\"https:\\\/\\\/zapateneo.net\\\/wordpress\\\/index.php\\\/producto\\\/por-una-recuperacion-de-la-historia-africana-de-africa-a-haiti-a-gaza\\\/#primaryimage\"},\"image\":{\"@id\":\"https:\\\/\\\/zapateneo.net\\\/wordpress\\\/index.php\\\/producto\\\/por-una-recuperacion-de-la-historia-africana-de-africa-a-haiti-a-gaza\\\/#primaryimage\"},\"thumbnailUrl\":\"https:\\\/\\\/zapateneo.net\\\/wordpress\\\/wp-content\\\/uploads\\\/2021\\\/04\\\/6789.jpg\",\"datePublished\":\"2021-04-08T06:12:11+00:00\",\"dateModified\":\"2021-04-08T06:12:46+00:00\",\"breadcrumb\":{\"@id\":\"https:\\\/\\\/zapateneo.net\\\/wordpress\\\/index.php\\\/producto\\\/por-una-recuperacion-de-la-historia-africana-de-africa-a-haiti-a-gaza\\\/#breadcrumb\"},\"inLanguage\":\"es\",\"potentialAction\":[{\"@type\":\"ReadAction\",\"target\":[\"https:\\\/\\\/zapateneo.net\\\/wordpress\\\/index.php\\\/producto\\\/por-una-recuperacion-de-la-historia-africana-de-africa-a-haiti-a-gaza\\\/\"]}]},{\"@type\":\"ImageObject\",\"inLanguage\":\"es\",\"@id\":\"https:\\\/\\\/zapateneo.net\\\/wordpress\\\/index.php\\\/producto\\\/por-una-recuperacion-de-la-historia-africana-de-africa-a-haiti-a-gaza\\\/#primaryimage\",\"url\":\"https:\\\/\\\/zapateneo.net\\\/wordpress\\\/wp-content\\\/uploads\\\/2021\\\/04\\\/6789.jpg\",\"contentUrl\":\"https:\\\/\\\/zapateneo.net\\\/wordpress\\\/wp-content\\\/uploads\\\/2021\\\/04\\\/6789.jpg\",\"width\":430,\"height\":580},{\"@type\":\"BreadcrumbList\",\"@id\":\"https:\\\/\\\/zapateneo.net\\\/wordpress\\\/index.php\\\/producto\\\/por-una-recuperacion-de-la-historia-africana-de-africa-a-haiti-a-gaza\\\/#breadcrumb\",\"itemListElement\":[{\"@type\":\"ListItem\",\"position\":1,\"name\":\"Portada\",\"item\":\"https:\\\/\\\/zapateneo.net\\\/wordpress\\\/\"},{\"@type\":\"ListItem\",\"position\":2,\"name\":\"Tienda\",\"item\":\"https:\\\/\\\/zapateneo.net\\\/wordpress\\\/\"},{\"@type\":\"ListItem\",\"position\":3,\"name\":\"Por una recuperaci\u00f3n de la historia africana. De \u00c1frica a Hait\u00ed a Gaza\"}]},{\"@type\":\"WebSite\",\"@id\":\"https:\\\/\\\/zapateneo.net\\\/wordpress\\\/#website\",\"url\":\"https:\\\/\\\/zapateneo.net\\\/wordpress\\\/\",\"name\":\"Zapateneo\",\"description\":\"Zapateneoaren webgunea\",\"publisher\":{\"@id\":\"https:\\\/\\\/zapateneo.net\\\/wordpress\\\/#organization\"},\"potentialAction\":[{\"@type\":\"SearchAction\",\"target\":{\"@type\":\"EntryPoint\",\"urlTemplate\":\"https:\\\/\\\/zapateneo.net\\\/wordpress\\\/?s={search_term_string}\"},\"query-input\":{\"@type\":\"PropertyValueSpecification\",\"valueRequired\":true,\"valueName\":\"search_term_string\"}}],\"inLanguage\":\"es\"},{\"@type\":\"Organization\",\"@id\":\"https:\\\/\\\/zapateneo.net\\\/wordpress\\\/#organization\",\"name\":\"Zapateneo Kultur Elkartea\",\"url\":\"https:\\\/\\\/zapateneo.net\\\/wordpress\\\/\",\"logo\":{\"@type\":\"ImageObject\",\"inLanguage\":\"es\",\"@id\":\"https:\\\/\\\/zapateneo.net\\\/wordpress\\\/#\\\/schema\\\/logo\\\/image\\\/\",\"url\":\"https:\\\/\\\/zapateneo.net\\\/wordpress\\\/wp-content\\\/uploads\\\/2021\\\/04\\\/zap-libu-kolec.jpg\",\"contentUrl\":\"https:\\\/\\\/zapateneo.net\\\/wordpress\\\/wp-content\\\/uploads\\\/2021\\\/04\\\/zap-libu-kolec.jpg\",\"width\":2234,\"height\":398,\"caption\":\"Zapateneo Kultur Elkartea\"},\"image\":{\"@id\":\"https:\\\/\\\/zapateneo.net\\\/wordpress\\\/#\\\/schema\\\/logo\\\/image\\\/\"},\"sameAs\":[\"https:\\\/\\\/x.com\\\/zapateneo\"]}]}<\/script>\n<!-- \/ Yoast SEO plugin. -->","yoast_head_json":{"title":"Por una recuperaci\u00f3n de la historia africana. De \u00c1frica a Hait\u00ed a Gaza &#8212; Zapateneo","robots":{"index":"index","follow":"follow","max-snippet":"max-snippet:-1","max-image-preview":"max-image-preview:large","max-video-preview":"max-video-preview:-1"},"canonical":"https:\/\/zapateneo.net\/wordpress\/index.php\/producto\/por-una-recuperacion-de-la-historia-africana-de-africa-a-haiti-a-gaza\/","og_locale":"es_ES","og_type":"article","og_title":"Por una recuperaci\u00f3n de la historia africana. De \u00c1frica a Hait\u00ed a Gaza &#8212; Zapateneo","og_description":"Jacques Depelchin 9788461438037 - Oozebap - 2011 - 130 p\u00e1ginas \/orri.","og_url":"https:\/\/zapateneo.net\/wordpress\/index.php\/producto\/por-una-recuperacion-de-la-historia-africana-de-africa-a-haiti-a-gaza\/","og_site_name":"Zapateneo","article_modified_time":"2021-04-08T06:12:46+00:00","og_image":[{"width":430,"height":580,"url":"https:\/\/zapateneo.net\/wordpress\/wp-content\/uploads\/2021\/04\/6789.jpg","type":"image\/jpeg"}],"twitter_card":"summary_large_image","twitter_site":"@zapateneo","twitter_misc":{"Tiempo de lectura":"4 minutos"},"schema":{"@context":"https:\/\/schema.org","@graph":[{"@type":"WebPage","@id":"https:\/\/zapateneo.net\/wordpress\/index.php\/producto\/por-una-recuperacion-de-la-historia-africana-de-africa-a-haiti-a-gaza\/","url":"https:\/\/zapateneo.net\/wordpress\/index.php\/producto\/por-una-recuperacion-de-la-historia-africana-de-africa-a-haiti-a-gaza\/","name":"Por una recuperaci\u00f3n de la historia africana. De \u00c1frica a Hait\u00ed a Gaza &#8212; Zapateneo","isPartOf":{"@id":"https:\/\/zapateneo.net\/wordpress\/#website"},"primaryImageOfPage":{"@id":"https:\/\/zapateneo.net\/wordpress\/index.php\/producto\/por-una-recuperacion-de-la-historia-africana-de-africa-a-haiti-a-gaza\/#primaryimage"},"image":{"@id":"https:\/\/zapateneo.net\/wordpress\/index.php\/producto\/por-una-recuperacion-de-la-historia-africana-de-africa-a-haiti-a-gaza\/#primaryimage"},"thumbnailUrl":"https:\/\/zapateneo.net\/wordpress\/wp-content\/uploads\/2021\/04\/6789.jpg","datePublished":"2021-04-08T06:12:11+00:00","dateModified":"2021-04-08T06:12:46+00:00","breadcrumb":{"@id":"https:\/\/zapateneo.net\/wordpress\/index.php\/producto\/por-una-recuperacion-de-la-historia-africana-de-africa-a-haiti-a-gaza\/#breadcrumb"},"inLanguage":"es","potentialAction":[{"@type":"ReadAction","target":["https:\/\/zapateneo.net\/wordpress\/index.php\/producto\/por-una-recuperacion-de-la-historia-africana-de-africa-a-haiti-a-gaza\/"]}]},{"@type":"ImageObject","inLanguage":"es","@id":"https:\/\/zapateneo.net\/wordpress\/index.php\/producto\/por-una-recuperacion-de-la-historia-africana-de-africa-a-haiti-a-gaza\/#primaryimage","url":"https:\/\/zapateneo.net\/wordpress\/wp-content\/uploads\/2021\/04\/6789.jpg","contentUrl":"https:\/\/zapateneo.net\/wordpress\/wp-content\/uploads\/2021\/04\/6789.jpg","width":430,"height":580},{"@type":"BreadcrumbList","@id":"https:\/\/zapateneo.net\/wordpress\/index.php\/producto\/por-una-recuperacion-de-la-historia-africana-de-africa-a-haiti-a-gaza\/#breadcrumb","itemListElement":[{"@type":"ListItem","position":1,"name":"Portada","item":"https:\/\/zapateneo.net\/wordpress\/"},{"@type":"ListItem","position":2,"name":"Tienda","item":"https:\/\/zapateneo.net\/wordpress\/"},{"@type":"ListItem","position":3,"name":"Por una recuperaci\u00f3n de la historia africana. De \u00c1frica a Hait\u00ed a Gaza"}]},{"@type":"WebSite","@id":"https:\/\/zapateneo.net\/wordpress\/#website","url":"https:\/\/zapateneo.net\/wordpress\/","name":"Zapateneo","description":"Zapateneoaren webgunea","publisher":{"@id":"https:\/\/zapateneo.net\/wordpress\/#organization"},"potentialAction":[{"@type":"SearchAction","target":{"@type":"EntryPoint","urlTemplate":"https:\/\/zapateneo.net\/wordpress\/?s={search_term_string}"},"query-input":{"@type":"PropertyValueSpecification","valueRequired":true,"valueName":"search_term_string"}}],"inLanguage":"es"},{"@type":"Organization","@id":"https:\/\/zapateneo.net\/wordpress\/#organization","name":"Zapateneo Kultur Elkartea","url":"https:\/\/zapateneo.net\/wordpress\/","logo":{"@type":"ImageObject","inLanguage":"es","@id":"https:\/\/zapateneo.net\/wordpress\/#\/schema\/logo\/image\/","url":"https:\/\/zapateneo.net\/wordpress\/wp-content\/uploads\/2021\/04\/zap-libu-kolec.jpg","contentUrl":"https:\/\/zapateneo.net\/wordpress\/wp-content\/uploads\/2021\/04\/zap-libu-kolec.jpg","width":2234,"height":398,"caption":"Zapateneo Kultur Elkartea"},"image":{"@id":"https:\/\/zapateneo.net\/wordpress\/#\/schema\/logo\/image\/"},"sameAs":["https:\/\/x.com\/zapateneo"]}]}},"_links":{"self":[{"href":"https:\/\/zapateneo.net\/wordpress\/index.php\/wp-json\/wp\/v2\/product\/3584","targetHints":{"allow":["GET"]}}],"collection":[{"href":"https:\/\/zapateneo.net\/wordpress\/index.php\/wp-json\/wp\/v2\/product"}],"about":[{"href":"https:\/\/zapateneo.net\/wordpress\/index.php\/wp-json\/wp\/v2\/types\/product"}],"wp:featuredmedia":[{"embeddable":true,"href":"https:\/\/zapateneo.net\/wordpress\/index.php\/wp-json\/wp\/v2\/media\/3632"}],"wp:attachment":[{"href":"https:\/\/zapateneo.net\/wordpress\/index.php\/wp-json\/wp\/v2\/media?parent=3584"}],"wp:term":[{"taxonomy":"product_brand","embeddable":true,"href":"https:\/\/zapateneo.net\/wordpress\/index.php\/wp-json\/wp\/v2\/product_brand?post=3584"},{"taxonomy":"product_cat","embeddable":true,"href":"https:\/\/zapateneo.net\/wordpress\/index.php\/wp-json\/wp\/v2\/product_cat?post=3584"},{"taxonomy":"product_tag","embeddable":true,"href":"https:\/\/zapateneo.net\/wordpress\/index.php\/wp-json\/wp\/v2\/product_tag?post=3584"}],"curies":[{"name":"wp","href":"https:\/\/api.w.org\/{rel}","templated":true}]}}