{"id":3545,"date":"2021-04-08T07:11:45","date_gmt":"2021-04-08T06:11:45","guid":{"rendered":"https:\/\/zapateneo.net\/wordpress\/?post_type=product&#038;p=3545"},"modified":"2021-04-08T07:12:20","modified_gmt":"2021-04-08T06:12:20","slug":"mujer-vida-libertad-desde-el-corazon-del-movimiento-de-las-mujeres-libres-de-kurdistan","status":"publish","type":"product","link":"https:\/\/zapateneo.net\/wordpress\/index.php\/producto\/mujer-vida-libertad-desde-el-corazon-del-movimiento-de-las-mujeres-libres-de-kurdistan\/","title":{"rendered":"Mujer Vida Libertad. Desde el coraz\u00f3n del movimiento de las mujeres libres de Kurdist\u00e1n"},"content":{"rendered":"<p>\u201cEn los \u00faltimos a\u00f1os, el Movimiento de Liberaci\u00f3n de Kurdist\u00e1n, y en concreto el Movimiento de Mujeres, se ha convertido en vanguardia de la lucha internacionalista del siglo xxi. Personas de todo el mundo han viajado a Kurdist\u00e1n para aprender y formar parte del proceso revolucionario. Creemos que es esencial entender los procesos y la historia del Movimiento, sus teor\u00edas y sus m\u00e9todos, para desarrollarnos como individuos y organizaciones capaces de llevar a cabo la lucha por la libertad. <\/p>\n<p>Este libro se centra en explicar la historia desde el Movimiento de Mujeres, puesto que creemos firmemente que nuestra liberaci\u00f3n es el paso necesario para llegar a la liberaci\u00f3n de la sociedad en su conjunto, de todos los g\u00e9neros y los pueblos, de la vida misma. Partimos de una explicaci\u00f3n de la historia desde la identidad com\u00fan de las mujeres en resistencia, porque consideramos que la mujer no es una eterna oprimida, sino que siempre tiene la capacidad de unir y transformar la realidad. <\/p>\n<p>Para todas las personas que sue\u00f1an y luchan por la vida en libertad, nuestra aportaci\u00f3n.\u201d<\/p>\n","protected":false},"excerpt":{"rendered":"<p><strong>Instituto Andrea Wolf<\/strong><br \/>\n9788418283093 &#8211; Descontrol &#8211; 2020 &#8211; 488 p\u00e1ginas \/orri.<\/p>\n","protected":false},"featured_media":3597,"template":"","meta":[],"product_brand":[],"product_cat":[179,16],"product_tag":[53,2490],"class_list":{"0":"post-3545","1":"product","2":"type-product","3":"status-publish","4":"has-post-thumbnail","6":"product_cat-internazionalismoa-internacionalismo","7":"product_cat-libros","8":"product_tag-descontrol","9":"product_tag-instituto-andrea-wolf","11":"first","12":"instock","13":"sold-individually","14":"shipping-taxable","15":"purchasable","16":"product-type-simple"},"yoast_head":"<!-- This site is optimized with the Yoast SEO plugin v27.4 - https:\/\/yoast.com\/product\/yoast-seo-wordpress\/ -->\n<title>Mujer Vida Libertad. Desde el coraz\u00f3n del movimiento de las mujeres libres de Kurdist\u00e1n &#8212; Zapateneo<\/title>\n<meta name=\"robots\" content=\"index, follow, max-snippet:-1, max-image-preview:large, max-video-preview:-1\" \/>\n<link rel=\"canonical\" href=\"https:\/\/zapateneo.net\/wordpress\/index.php\/producto\/mujer-vida-libertad-desde-el-corazon-del-movimiento-de-las-mujeres-libres-de-kurdistan\/\" \/>\n<meta property=\"og:locale\" content=\"es_ES\" \/>\n<meta property=\"og:type\" content=\"article\" \/>\n<meta property=\"og:title\" content=\"Mujer Vida Libertad. Desde el coraz\u00f3n del movimiento de las mujeres libres de Kurdist\u00e1n &#8212; Zapateneo\" \/>\n<meta property=\"og:description\" content=\"Instituto Andrea Wolf 9788418283093 - Descontrol - 2020 - 488 p\u00e1ginas \/orri.\" \/>\n<meta property=\"og:url\" content=\"https:\/\/zapateneo.net\/wordpress\/index.php\/producto\/mujer-vida-libertad-desde-el-corazon-del-movimiento-de-las-mujeres-libres-de-kurdistan\/\" \/>\n<meta property=\"og:site_name\" content=\"Zapateneo\" \/>\n<meta property=\"article:modified_time\" content=\"2021-04-08T06:12:20+00:00\" \/>\n<meta property=\"og:image\" content=\"https:\/\/zapateneo.net\/wordpress\/wp-content\/uploads\/2021\/04\/mujer-vida-y-libertad-637x1024-1.png\" \/>\n\t<meta property=\"og:image:width\" content=\"248\" \/>\n\t<meta property=\"og:image:height\" content=\"400\" \/>\n\t<meta property=\"og:image:type\" content=\"image\/png\" \/>\n<meta name=\"twitter:card\" content=\"summary_large_image\" \/>\n<meta name=\"twitter:site\" content=\"@zapateneo\" \/>\n<meta name=\"twitter:label1\" content=\"Tiempo de lectura\" \/>\n\t<meta name=\"twitter:data1\" content=\"1 minuto\" \/>\n<script type=\"application\/ld+json\" class=\"yoast-schema-graph\">{\"@context\":\"https:\\\/\\\/schema.org\",\"@graph\":[{\"@type\":\"WebPage\",\"@id\":\"https:\\\/\\\/zapateneo.net\\\/wordpress\\\/index.php\\\/producto\\\/mujer-vida-libertad-desde-el-corazon-del-movimiento-de-las-mujeres-libres-de-kurdistan\\\/\",\"url\":\"https:\\\/\\\/zapateneo.net\\\/wordpress\\\/index.php\\\/producto\\\/mujer-vida-libertad-desde-el-corazon-del-movimiento-de-las-mujeres-libres-de-kurdistan\\\/\",\"name\":\"Mujer Vida Libertad. Desde el coraz\u00f3n del movimiento de las mujeres libres de Kurdist\u00e1n &#8212; Zapateneo\",\"isPartOf\":{\"@id\":\"https:\\\/\\\/zapateneo.net\\\/wordpress\\\/#website\"},\"primaryImageOfPage\":{\"@id\":\"https:\\\/\\\/zapateneo.net\\\/wordpress\\\/index.php\\\/producto\\\/mujer-vida-libertad-desde-el-corazon-del-movimiento-de-las-mujeres-libres-de-kurdistan\\\/#primaryimage\"},\"image\":{\"@id\":\"https:\\\/\\\/zapateneo.net\\\/wordpress\\\/index.php\\\/producto\\\/mujer-vida-libertad-desde-el-corazon-del-movimiento-de-las-mujeres-libres-de-kurdistan\\\/#primaryimage\"},\"thumbnailUrl\":\"https:\\\/\\\/zapateneo.net\\\/wordpress\\\/wp-content\\\/uploads\\\/2021\\\/04\\\/mujer-vida-y-libertad-637x1024-1.png\",\"datePublished\":\"2021-04-08T06:11:45+00:00\",\"dateModified\":\"2021-04-08T06:12:20+00:00\",\"breadcrumb\":{\"@id\":\"https:\\\/\\\/zapateneo.net\\\/wordpress\\\/index.php\\\/producto\\\/mujer-vida-libertad-desde-el-corazon-del-movimiento-de-las-mujeres-libres-de-kurdistan\\\/#breadcrumb\"},\"inLanguage\":\"es\",\"potentialAction\":[{\"@type\":\"ReadAction\",\"target\":[\"https:\\\/\\\/zapateneo.net\\\/wordpress\\\/index.php\\\/producto\\\/mujer-vida-libertad-desde-el-corazon-del-movimiento-de-las-mujeres-libres-de-kurdistan\\\/\"]}]},{\"@type\":\"ImageObject\",\"inLanguage\":\"es\",\"@id\":\"https:\\\/\\\/zapateneo.net\\\/wordpress\\\/index.php\\\/producto\\\/mujer-vida-libertad-desde-el-corazon-del-movimiento-de-las-mujeres-libres-de-kurdistan\\\/#primaryimage\",\"url\":\"https:\\\/\\\/zapateneo.net\\\/wordpress\\\/wp-content\\\/uploads\\\/2021\\\/04\\\/mujer-vida-y-libertad-637x1024-1.png\",\"contentUrl\":\"https:\\\/\\\/zapateneo.net\\\/wordpress\\\/wp-content\\\/uploads\\\/2021\\\/04\\\/mujer-vida-y-libertad-637x1024-1.png\",\"width\":248,\"height\":400},{\"@type\":\"BreadcrumbList\",\"@id\":\"https:\\\/\\\/zapateneo.net\\\/wordpress\\\/index.php\\\/producto\\\/mujer-vida-libertad-desde-el-corazon-del-movimiento-de-las-mujeres-libres-de-kurdistan\\\/#breadcrumb\",\"itemListElement\":[{\"@type\":\"ListItem\",\"position\":1,\"name\":\"Portada\",\"item\":\"https:\\\/\\\/zapateneo.net\\\/wordpress\\\/\"},{\"@type\":\"ListItem\",\"position\":2,\"name\":\"Tienda\",\"item\":\"https:\\\/\\\/zapateneo.net\\\/wordpress\\\/\"},{\"@type\":\"ListItem\",\"position\":3,\"name\":\"Mujer Vida Libertad. Desde el coraz\u00f3n del movimiento de las mujeres libres de Kurdist\u00e1n\"}]},{\"@type\":\"WebSite\",\"@id\":\"https:\\\/\\\/zapateneo.net\\\/wordpress\\\/#website\",\"url\":\"https:\\\/\\\/zapateneo.net\\\/wordpress\\\/\",\"name\":\"Zapateneo\",\"description\":\"Zapateneoaren webgunea\",\"publisher\":{\"@id\":\"https:\\\/\\\/zapateneo.net\\\/wordpress\\\/#organization\"},\"potentialAction\":[{\"@type\":\"SearchAction\",\"target\":{\"@type\":\"EntryPoint\",\"urlTemplate\":\"https:\\\/\\\/zapateneo.net\\\/wordpress\\\/?s={search_term_string}\"},\"query-input\":{\"@type\":\"PropertyValueSpecification\",\"valueRequired\":true,\"valueName\":\"search_term_string\"}}],\"inLanguage\":\"es\"},{\"@type\":\"Organization\",\"@id\":\"https:\\\/\\\/zapateneo.net\\\/wordpress\\\/#organization\",\"name\":\"Zapateneo Kultur Elkartea\",\"url\":\"https:\\\/\\\/zapateneo.net\\\/wordpress\\\/\",\"logo\":{\"@type\":\"ImageObject\",\"inLanguage\":\"es\",\"@id\":\"https:\\\/\\\/zapateneo.net\\\/wordpress\\\/#\\\/schema\\\/logo\\\/image\\\/\",\"url\":\"https:\\\/\\\/zapateneo.net\\\/wordpress\\\/wp-content\\\/uploads\\\/2021\\\/04\\\/zap-libu-kolec.jpg\",\"contentUrl\":\"https:\\\/\\\/zapateneo.net\\\/wordpress\\\/wp-content\\\/uploads\\\/2021\\\/04\\\/zap-libu-kolec.jpg\",\"width\":2234,\"height\":398,\"caption\":\"Zapateneo Kultur Elkartea\"},\"image\":{\"@id\":\"https:\\\/\\\/zapateneo.net\\\/wordpress\\\/#\\\/schema\\\/logo\\\/image\\\/\"},\"sameAs\":[\"https:\\\/\\\/x.com\\\/zapateneo\"]}]}<\/script>\n<!-- \/ Yoast SEO plugin. -->","yoast_head_json":{"title":"Mujer Vida Libertad. Desde el coraz\u00f3n del movimiento de las mujeres libres de Kurdist\u00e1n &#8212; Zapateneo","robots":{"index":"index","follow":"follow","max-snippet":"max-snippet:-1","max-image-preview":"max-image-preview:large","max-video-preview":"max-video-preview:-1"},"canonical":"https:\/\/zapateneo.net\/wordpress\/index.php\/producto\/mujer-vida-libertad-desde-el-corazon-del-movimiento-de-las-mujeres-libres-de-kurdistan\/","og_locale":"es_ES","og_type":"article","og_title":"Mujer Vida Libertad. Desde el coraz\u00f3n del movimiento de las mujeres libres de Kurdist\u00e1n &#8212; Zapateneo","og_description":"Instituto Andrea Wolf 9788418283093 - Descontrol - 2020 - 488 p\u00e1ginas \/orri.","og_url":"https:\/\/zapateneo.net\/wordpress\/index.php\/producto\/mujer-vida-libertad-desde-el-corazon-del-movimiento-de-las-mujeres-libres-de-kurdistan\/","og_site_name":"Zapateneo","article_modified_time":"2021-04-08T06:12:20+00:00","og_image":[{"width":248,"height":400,"url":"https:\/\/zapateneo.net\/wordpress\/wp-content\/uploads\/2021\/04\/mujer-vida-y-libertad-637x1024-1.png","type":"image\/png"}],"twitter_card":"summary_large_image","twitter_site":"@zapateneo","twitter_misc":{"Tiempo de lectura":"1 minuto"},"schema":{"@context":"https:\/\/schema.org","@graph":[{"@type":"WebPage","@id":"https:\/\/zapateneo.net\/wordpress\/index.php\/producto\/mujer-vida-libertad-desde-el-corazon-del-movimiento-de-las-mujeres-libres-de-kurdistan\/","url":"https:\/\/zapateneo.net\/wordpress\/index.php\/producto\/mujer-vida-libertad-desde-el-corazon-del-movimiento-de-las-mujeres-libres-de-kurdistan\/","name":"Mujer Vida Libertad. Desde el coraz\u00f3n del movimiento de las mujeres libres de Kurdist\u00e1n &#8212; Zapateneo","isPartOf":{"@id":"https:\/\/zapateneo.net\/wordpress\/#website"},"primaryImageOfPage":{"@id":"https:\/\/zapateneo.net\/wordpress\/index.php\/producto\/mujer-vida-libertad-desde-el-corazon-del-movimiento-de-las-mujeres-libres-de-kurdistan\/#primaryimage"},"image":{"@id":"https:\/\/zapateneo.net\/wordpress\/index.php\/producto\/mujer-vida-libertad-desde-el-corazon-del-movimiento-de-las-mujeres-libres-de-kurdistan\/#primaryimage"},"thumbnailUrl":"https:\/\/zapateneo.net\/wordpress\/wp-content\/uploads\/2021\/04\/mujer-vida-y-libertad-637x1024-1.png","datePublished":"2021-04-08T06:11:45+00:00","dateModified":"2021-04-08T06:12:20+00:00","breadcrumb":{"@id":"https:\/\/zapateneo.net\/wordpress\/index.php\/producto\/mujer-vida-libertad-desde-el-corazon-del-movimiento-de-las-mujeres-libres-de-kurdistan\/#breadcrumb"},"inLanguage":"es","potentialAction":[{"@type":"ReadAction","target":["https:\/\/zapateneo.net\/wordpress\/index.php\/producto\/mujer-vida-libertad-desde-el-corazon-del-movimiento-de-las-mujeres-libres-de-kurdistan\/"]}]},{"@type":"ImageObject","inLanguage":"es","@id":"https:\/\/zapateneo.net\/wordpress\/index.php\/producto\/mujer-vida-libertad-desde-el-corazon-del-movimiento-de-las-mujeres-libres-de-kurdistan\/#primaryimage","url":"https:\/\/zapateneo.net\/wordpress\/wp-content\/uploads\/2021\/04\/mujer-vida-y-libertad-637x1024-1.png","contentUrl":"https:\/\/zapateneo.net\/wordpress\/wp-content\/uploads\/2021\/04\/mujer-vida-y-libertad-637x1024-1.png","width":248,"height":400},{"@type":"BreadcrumbList","@id":"https:\/\/zapateneo.net\/wordpress\/index.php\/producto\/mujer-vida-libertad-desde-el-corazon-del-movimiento-de-las-mujeres-libres-de-kurdistan\/#breadcrumb","itemListElement":[{"@type":"ListItem","position":1,"name":"Portada","item":"https:\/\/zapateneo.net\/wordpress\/"},{"@type":"ListItem","position":2,"name":"Tienda","item":"https:\/\/zapateneo.net\/wordpress\/"},{"@type":"ListItem","position":3,"name":"Mujer Vida Libertad. Desde el coraz\u00f3n del movimiento de las mujeres libres de Kurdist\u00e1n"}]},{"@type":"WebSite","@id":"https:\/\/zapateneo.net\/wordpress\/#website","url":"https:\/\/zapateneo.net\/wordpress\/","name":"Zapateneo","description":"Zapateneoaren webgunea","publisher":{"@id":"https:\/\/zapateneo.net\/wordpress\/#organization"},"potentialAction":[{"@type":"SearchAction","target":{"@type":"EntryPoint","urlTemplate":"https:\/\/zapateneo.net\/wordpress\/?s={search_term_string}"},"query-input":{"@type":"PropertyValueSpecification","valueRequired":true,"valueName":"search_term_string"}}],"inLanguage":"es"},{"@type":"Organization","@id":"https:\/\/zapateneo.net\/wordpress\/#organization","name":"Zapateneo Kultur Elkartea","url":"https:\/\/zapateneo.net\/wordpress\/","logo":{"@type":"ImageObject","inLanguage":"es","@id":"https:\/\/zapateneo.net\/wordpress\/#\/schema\/logo\/image\/","url":"https:\/\/zapateneo.net\/wordpress\/wp-content\/uploads\/2021\/04\/zap-libu-kolec.jpg","contentUrl":"https:\/\/zapateneo.net\/wordpress\/wp-content\/uploads\/2021\/04\/zap-libu-kolec.jpg","width":2234,"height":398,"caption":"Zapateneo Kultur Elkartea"},"image":{"@id":"https:\/\/zapateneo.net\/wordpress\/#\/schema\/logo\/image\/"},"sameAs":["https:\/\/x.com\/zapateneo"]}]}},"_links":{"self":[{"href":"https:\/\/zapateneo.net\/wordpress\/index.php\/wp-json\/wp\/v2\/product\/3545","targetHints":{"allow":["GET"]}}],"collection":[{"href":"https:\/\/zapateneo.net\/wordpress\/index.php\/wp-json\/wp\/v2\/product"}],"about":[{"href":"https:\/\/zapateneo.net\/wordpress\/index.php\/wp-json\/wp\/v2\/types\/product"}],"wp:featuredmedia":[{"embeddable":true,"href":"https:\/\/zapateneo.net\/wordpress\/index.php\/wp-json\/wp\/v2\/media\/3597"}],"wp:attachment":[{"href":"https:\/\/zapateneo.net\/wordpress\/index.php\/wp-json\/wp\/v2\/media?parent=3545"}],"wp:term":[{"taxonomy":"product_brand","embeddable":true,"href":"https:\/\/zapateneo.net\/wordpress\/index.php\/wp-json\/wp\/v2\/product_brand?post=3545"},{"taxonomy":"product_cat","embeddable":true,"href":"https:\/\/zapateneo.net\/wordpress\/index.php\/wp-json\/wp\/v2\/product_cat?post=3545"},{"taxonomy":"product_tag","embeddable":true,"href":"https:\/\/zapateneo.net\/wordpress\/index.php\/wp-json\/wp\/v2\/product_tag?post=3545"}],"curies":[{"name":"wp","href":"https:\/\/api.w.org\/{rel}","templated":true}]}}