{"id":3401,"date":"2021-04-08T06:57:37","date_gmt":"2021-04-08T05:57:37","guid":{"rendered":"https:\/\/zapateneo.net\/wordpress\/?post_type=product&#038;p=3401"},"modified":"2023-07-25T17:59:38","modified_gmt":"2023-07-25T16:59:38","slug":"la-compleja-construccion-de-la-europa-superpotencia-2","status":"publish","type":"product","link":"https:\/\/zapateneo.net\/wordpress\/index.php\/producto\/la-compleja-construccion-de-la-europa-superpotencia-2\/","title":{"rendered":"la compleja construccion de la europa superpotencia"},"content":{"rendered":"<h3>Una aportaci\u00f3n al debate sobre el futuro del Proyecto Europeo y las resistencias que suscita<\/h3>\n<hr \/>\n<div>\n<p>La Uni\u00f3n Europea se encuentra en un proceso de refundaci\u00f3n como superpotencia mundial, para mejor defender los intereses del capital europeo en esta nueva etapa de \u00abglobalizaci\u00f3n armada\u00bb. El presente libro pretende ser una aportaci\u00f3n al debate sobre la necesidad de deconstruir \u00abEuropa\u00bb, es decir, sobre la necesidad de acabar con el \u00fanico Proyecto Europeo existente, el de la Europa del Capital y la Guerra.<\/p>\n<p><img decoding=\"async\" class=\"alignleft\" src=\"https:\/\/www.viruseditorial.net\/\/fotos-autor\/ramon-fernandez-duran.jpg\" alt=\"ramon-fernandez-duran\" \/><\/p>\n<\/div>\n<div class=\"row\">\n<div class=\"col-12 col-12-small\">\n<p><strong>Ram\u00f3n Fern\u00e1ndez Dur\u00e1n<\/strong>\u00a0es ingeniero de caminos, urbanista y militante de Ecologistas en Acci\u00f3n. Es uno de los autores de referencia en la cr\u00edtica del capitalismo global como motor de desarrollo y de lo que \u00e9l mismo ha denominado como \u00abglobalizaci\u00f3n armada\u00bb. Entre sus trabajos m\u00e1s destacados est\u00e1n\u00a0<em>La explosi\u00f3n del desorden<\/em>\u00a0(ed. Fundamentos, 1996),\u00a0<em>El movimiento alternativo en la RFA. El caso de Berl\u00edn<\/em>\u00a0(ed. La Idea, 1985) o\u00a0<em>Contra la Europa del Capital y la globalizaci\u00f3n econ\u00f3mica<\/em>\u00a0(Talasa, 1996). Con Virus ha editado varias de sus obras en los \u00faltimos a\u00f1os, donde analiza acontecimientos de crucial importancia:\u00a0<em>Capitalismo (financiero) global y guerra permanente<\/em>\u00a0(2003),\u00a0<em>La compleja construcci\u00f3n de la Europa superpotencia<\/em>\u00a0(2005),\u00a0<em>El tsunami urbanizador espa\u00f1ol y mundial<\/em>\u00a0(2006),\u00a0<em>El crep\u00fasculo de la era tr\u00e1gica del petr\u00f3leo. Pico del oro negro y colapso financiero y ecol\u00f3gico mundial<\/em>,\u00a0<em>Tercera Piel. Sociedad de la imagen y conquista del alma\u00a0<\/em>(2010),\u00a0<em>El Estado y la conflictividad pol\u00edtico-social en el siglo XX. Claves para entender la crisis del siglo XXI<\/em>\u00a0(2010) y\u00a0<em>El Antropoceno. La expansi\u00f3n del capitalismo global choca con la biosfera<\/em>\u00a0(2011)<\/p>\n<p>En marzo de 2011 Ram\u00f3n Fern\u00e1ndez Dur\u00e1n comunicaba p\u00fablicamente su decisi\u00f3n de abandonar el tratamiento que estaba siguiendo por una dura enfermedad, anunciando su decisi\u00f3n de optar por una muerte digna escogida por \u00e9l mismo. El 10 de mayo de 2011 le lleg\u00f3 la muerte, mientras en decenas de ciudades se presentaban sus dos \u00faltimos libros y se le homenajeaba entre las personas y los colectivos que trabajaron con \u00e9l o que lo tuvieron como un referente. Aqu\u00ed pod\u00e9is leer su carta de despedida<\/p>\n<p><a href=\"http:\/\/www.viruseditorial.net\/pags\/noticia.php?id=261\" target=\"_blank\" rel=\"noopener\"><strong>Carta de despedida de Ram\u00f3n Fern\u00e1ndez Dur\u00e1n<\/strong><\/a><\/p>\n<hr \/>\n<div>\n<h2><a href=\"https:\/\/www.viruseditorial.net\/es\/editorial\/descargar-pdf\" target=\"_blank\" rel=\"noopener\">Libro en libre descarga de Virus Editorial<\/a><\/h2>\n<\/div>\n<\/div>\n<\/div>\n","protected":false},"excerpt":{"rendered":"<p><strong>Ram\u00f3n fern\u00e1ndez Dur\u00e1n<\/strong><br \/>\n2006071800028 &#8211; Virus &#8211; 2005 &#8211; 171 p\u00e1ginas \/orri.<\/p>\n","protected":false},"featured_media":3449,"template":"","meta":[],"product_brand":[],"product_cat":[178,16],"product_tag":[4626,920,2405,57],"class_list":{"0":"post-3401","1":"product","2":"type-product","3":"status-publish","4":"has-post-thumbnail","6":"product_cat-ekonomia-economia","7":"product_cat-libros","8":"product_tag-deskargak","9":"product_tag-fernandez-duran","10":"product_tag-ramon-fernandez-duran","11":"product_tag-virus","13":"first","14":"outofstock","15":"sold-individually","16":"shipping-taxable","17":"purchasable","18":"product-type-simple"},"yoast_head":"<!-- This site is optimized with the Yoast SEO plugin v27.3 - https:\/\/yoast.com\/product\/yoast-seo-wordpress\/ -->\n<title>la compleja construccion de la europa superpotencia &#8212; Zapateneo<\/title>\n<meta name=\"robots\" content=\"index, follow, max-snippet:-1, max-image-preview:large, max-video-preview:-1\" \/>\n<link rel=\"canonical\" href=\"https:\/\/zapateneo.net\/wordpress\/index.php\/producto\/la-compleja-construccion-de-la-europa-superpotencia-2\/\" \/>\n<meta property=\"og:locale\" content=\"es_ES\" \/>\n<meta property=\"og:type\" content=\"article\" \/>\n<meta property=\"og:title\" content=\"la compleja construccion de la europa superpotencia &#8212; Zapateneo\" \/>\n<meta property=\"og:description\" content=\"Ram\u00f3n fern\u00e1ndez Dur\u00e1n 2006071800028 - Virus - 2005 - 171 p\u00e1ginas \/orri.\" \/>\n<meta property=\"og:url\" content=\"https:\/\/zapateneo.net\/wordpress\/index.php\/producto\/la-compleja-construccion-de-la-europa-superpotencia-2\/\" \/>\n<meta property=\"og:site_name\" content=\"Zapateneo\" \/>\n<meta property=\"article:modified_time\" content=\"2023-07-25T16:59:38+00:00\" \/>\n<meta property=\"og:image\" content=\"https:\/\/zapateneo.net\/wordpress\/wp-content\/uploads\/2021\/04\/4066.jpg\" \/>\n\t<meta property=\"og:image:width\" content=\"220\" \/>\n\t<meta property=\"og:image:height\" content=\"328\" \/>\n\t<meta property=\"og:image:type\" content=\"image\/jpeg\" \/>\n<meta name=\"twitter:card\" content=\"summary_large_image\" \/>\n<meta name=\"twitter:site\" content=\"@zapateneo\" \/>\n<meta name=\"twitter:label1\" content=\"Tiempo de lectura\" \/>\n\t<meta name=\"twitter:data1\" content=\"2 minutos\" \/>\n<script type=\"application\/ld+json\" class=\"yoast-schema-graph\">{\"@context\":\"https:\\\/\\\/schema.org\",\"@graph\":[{\"@type\":\"WebPage\",\"@id\":\"https:\\\/\\\/zapateneo.net\\\/wordpress\\\/index.php\\\/producto\\\/la-compleja-construccion-de-la-europa-superpotencia-2\\\/\",\"url\":\"https:\\\/\\\/zapateneo.net\\\/wordpress\\\/index.php\\\/producto\\\/la-compleja-construccion-de-la-europa-superpotencia-2\\\/\",\"name\":\"la compleja construccion de la europa superpotencia &#8212; Zapateneo\",\"isPartOf\":{\"@id\":\"https:\\\/\\\/zapateneo.net\\\/wordpress\\\/#website\"},\"primaryImageOfPage\":{\"@id\":\"https:\\\/\\\/zapateneo.net\\\/wordpress\\\/index.php\\\/producto\\\/la-compleja-construccion-de-la-europa-superpotencia-2\\\/#primaryimage\"},\"image\":{\"@id\":\"https:\\\/\\\/zapateneo.net\\\/wordpress\\\/index.php\\\/producto\\\/la-compleja-construccion-de-la-europa-superpotencia-2\\\/#primaryimage\"},\"thumbnailUrl\":\"https:\\\/\\\/zapateneo.net\\\/wordpress\\\/wp-content\\\/uploads\\\/2021\\\/04\\\/4066.jpg\",\"datePublished\":\"2021-04-08T05:57:37+00:00\",\"dateModified\":\"2023-07-25T16:59:38+00:00\",\"breadcrumb\":{\"@id\":\"https:\\\/\\\/zapateneo.net\\\/wordpress\\\/index.php\\\/producto\\\/la-compleja-construccion-de-la-europa-superpotencia-2\\\/#breadcrumb\"},\"inLanguage\":\"es\",\"potentialAction\":[{\"@type\":\"ReadAction\",\"target\":[\"https:\\\/\\\/zapateneo.net\\\/wordpress\\\/index.php\\\/producto\\\/la-compleja-construccion-de-la-europa-superpotencia-2\\\/\"]}]},{\"@type\":\"ImageObject\",\"inLanguage\":\"es\",\"@id\":\"https:\\\/\\\/zapateneo.net\\\/wordpress\\\/index.php\\\/producto\\\/la-compleja-construccion-de-la-europa-superpotencia-2\\\/#primaryimage\",\"url\":\"https:\\\/\\\/zapateneo.net\\\/wordpress\\\/wp-content\\\/uploads\\\/2021\\\/04\\\/4066.jpg\",\"contentUrl\":\"https:\\\/\\\/zapateneo.net\\\/wordpress\\\/wp-content\\\/uploads\\\/2021\\\/04\\\/4066.jpg\",\"width\":220,\"height\":328},{\"@type\":\"BreadcrumbList\",\"@id\":\"https:\\\/\\\/zapateneo.net\\\/wordpress\\\/index.php\\\/producto\\\/la-compleja-construccion-de-la-europa-superpotencia-2\\\/#breadcrumb\",\"itemListElement\":[{\"@type\":\"ListItem\",\"position\":1,\"name\":\"Portada\",\"item\":\"https:\\\/\\\/zapateneo.net\\\/wordpress\\\/\"},{\"@type\":\"ListItem\",\"position\":2,\"name\":\"Tienda\",\"item\":\"https:\\\/\\\/zapateneo.net\\\/wordpress\\\/\"},{\"@type\":\"ListItem\",\"position\":3,\"name\":\"la compleja construccion de la europa superpotencia\"}]},{\"@type\":\"WebSite\",\"@id\":\"https:\\\/\\\/zapateneo.net\\\/wordpress\\\/#website\",\"url\":\"https:\\\/\\\/zapateneo.net\\\/wordpress\\\/\",\"name\":\"Zapateneo\",\"description\":\"Zapateneoaren webgunea\",\"publisher\":{\"@id\":\"https:\\\/\\\/zapateneo.net\\\/wordpress\\\/#organization\"},\"potentialAction\":[{\"@type\":\"SearchAction\",\"target\":{\"@type\":\"EntryPoint\",\"urlTemplate\":\"https:\\\/\\\/zapateneo.net\\\/wordpress\\\/?s={search_term_string}\"},\"query-input\":{\"@type\":\"PropertyValueSpecification\",\"valueRequired\":true,\"valueName\":\"search_term_string\"}}],\"inLanguage\":\"es\"},{\"@type\":\"Organization\",\"@id\":\"https:\\\/\\\/zapateneo.net\\\/wordpress\\\/#organization\",\"name\":\"Zapateneo Kultur Elkartea\",\"url\":\"https:\\\/\\\/zapateneo.net\\\/wordpress\\\/\",\"logo\":{\"@type\":\"ImageObject\",\"inLanguage\":\"es\",\"@id\":\"https:\\\/\\\/zapateneo.net\\\/wordpress\\\/#\\\/schema\\\/logo\\\/image\\\/\",\"url\":\"https:\\\/\\\/zapateneo.net\\\/wordpress\\\/wp-content\\\/uploads\\\/2021\\\/04\\\/zap-libu-kolec.jpg\",\"contentUrl\":\"https:\\\/\\\/zapateneo.net\\\/wordpress\\\/wp-content\\\/uploads\\\/2021\\\/04\\\/zap-libu-kolec.jpg\",\"width\":2234,\"height\":398,\"caption\":\"Zapateneo Kultur Elkartea\"},\"image\":{\"@id\":\"https:\\\/\\\/zapateneo.net\\\/wordpress\\\/#\\\/schema\\\/logo\\\/image\\\/\"},\"sameAs\":[\"https:\\\/\\\/x.com\\\/zapateneo\"]}]}<\/script>\n<!-- \/ Yoast SEO plugin. -->","yoast_head_json":{"title":"la compleja construccion de la europa superpotencia &#8212; Zapateneo","robots":{"index":"index","follow":"follow","max-snippet":"max-snippet:-1","max-image-preview":"max-image-preview:large","max-video-preview":"max-video-preview:-1"},"canonical":"https:\/\/zapateneo.net\/wordpress\/index.php\/producto\/la-compleja-construccion-de-la-europa-superpotencia-2\/","og_locale":"es_ES","og_type":"article","og_title":"la compleja construccion de la europa superpotencia &#8212; Zapateneo","og_description":"Ram\u00f3n fern\u00e1ndez Dur\u00e1n 2006071800028 - Virus - 2005 - 171 p\u00e1ginas \/orri.","og_url":"https:\/\/zapateneo.net\/wordpress\/index.php\/producto\/la-compleja-construccion-de-la-europa-superpotencia-2\/","og_site_name":"Zapateneo","article_modified_time":"2023-07-25T16:59:38+00:00","og_image":[{"width":220,"height":328,"url":"https:\/\/zapateneo.net\/wordpress\/wp-content\/uploads\/2021\/04\/4066.jpg","type":"image\/jpeg"}],"twitter_card":"summary_large_image","twitter_site":"@zapateneo","twitter_misc":{"Tiempo de lectura":"2 minutos"},"schema":{"@context":"https:\/\/schema.org","@graph":[{"@type":"WebPage","@id":"https:\/\/zapateneo.net\/wordpress\/index.php\/producto\/la-compleja-construccion-de-la-europa-superpotencia-2\/","url":"https:\/\/zapateneo.net\/wordpress\/index.php\/producto\/la-compleja-construccion-de-la-europa-superpotencia-2\/","name":"la compleja construccion de la europa superpotencia &#8212; Zapateneo","isPartOf":{"@id":"https:\/\/zapateneo.net\/wordpress\/#website"},"primaryImageOfPage":{"@id":"https:\/\/zapateneo.net\/wordpress\/index.php\/producto\/la-compleja-construccion-de-la-europa-superpotencia-2\/#primaryimage"},"image":{"@id":"https:\/\/zapateneo.net\/wordpress\/index.php\/producto\/la-compleja-construccion-de-la-europa-superpotencia-2\/#primaryimage"},"thumbnailUrl":"https:\/\/zapateneo.net\/wordpress\/wp-content\/uploads\/2021\/04\/4066.jpg","datePublished":"2021-04-08T05:57:37+00:00","dateModified":"2023-07-25T16:59:38+00:00","breadcrumb":{"@id":"https:\/\/zapateneo.net\/wordpress\/index.php\/producto\/la-compleja-construccion-de-la-europa-superpotencia-2\/#breadcrumb"},"inLanguage":"es","potentialAction":[{"@type":"ReadAction","target":["https:\/\/zapateneo.net\/wordpress\/index.php\/producto\/la-compleja-construccion-de-la-europa-superpotencia-2\/"]}]},{"@type":"ImageObject","inLanguage":"es","@id":"https:\/\/zapateneo.net\/wordpress\/index.php\/producto\/la-compleja-construccion-de-la-europa-superpotencia-2\/#primaryimage","url":"https:\/\/zapateneo.net\/wordpress\/wp-content\/uploads\/2021\/04\/4066.jpg","contentUrl":"https:\/\/zapateneo.net\/wordpress\/wp-content\/uploads\/2021\/04\/4066.jpg","width":220,"height":328},{"@type":"BreadcrumbList","@id":"https:\/\/zapateneo.net\/wordpress\/index.php\/producto\/la-compleja-construccion-de-la-europa-superpotencia-2\/#breadcrumb","itemListElement":[{"@type":"ListItem","position":1,"name":"Portada","item":"https:\/\/zapateneo.net\/wordpress\/"},{"@type":"ListItem","position":2,"name":"Tienda","item":"https:\/\/zapateneo.net\/wordpress\/"},{"@type":"ListItem","position":3,"name":"la compleja construccion de la europa superpotencia"}]},{"@type":"WebSite","@id":"https:\/\/zapateneo.net\/wordpress\/#website","url":"https:\/\/zapateneo.net\/wordpress\/","name":"Zapateneo","description":"Zapateneoaren webgunea","publisher":{"@id":"https:\/\/zapateneo.net\/wordpress\/#organization"},"potentialAction":[{"@type":"SearchAction","target":{"@type":"EntryPoint","urlTemplate":"https:\/\/zapateneo.net\/wordpress\/?s={search_term_string}"},"query-input":{"@type":"PropertyValueSpecification","valueRequired":true,"valueName":"search_term_string"}}],"inLanguage":"es"},{"@type":"Organization","@id":"https:\/\/zapateneo.net\/wordpress\/#organization","name":"Zapateneo Kultur Elkartea","url":"https:\/\/zapateneo.net\/wordpress\/","logo":{"@type":"ImageObject","inLanguage":"es","@id":"https:\/\/zapateneo.net\/wordpress\/#\/schema\/logo\/image\/","url":"https:\/\/zapateneo.net\/wordpress\/wp-content\/uploads\/2021\/04\/zap-libu-kolec.jpg","contentUrl":"https:\/\/zapateneo.net\/wordpress\/wp-content\/uploads\/2021\/04\/zap-libu-kolec.jpg","width":2234,"height":398,"caption":"Zapateneo Kultur Elkartea"},"image":{"@id":"https:\/\/zapateneo.net\/wordpress\/#\/schema\/logo\/image\/"},"sameAs":["https:\/\/x.com\/zapateneo"]}]}},"_links":{"self":[{"href":"https:\/\/zapateneo.net\/wordpress\/index.php\/wp-json\/wp\/v2\/product\/3401","targetHints":{"allow":["GET"]}}],"collection":[{"href":"https:\/\/zapateneo.net\/wordpress\/index.php\/wp-json\/wp\/v2\/product"}],"about":[{"href":"https:\/\/zapateneo.net\/wordpress\/index.php\/wp-json\/wp\/v2\/types\/product"}],"wp:featuredmedia":[{"embeddable":true,"href":"https:\/\/zapateneo.net\/wordpress\/index.php\/wp-json\/wp\/v2\/media\/3449"}],"wp:attachment":[{"href":"https:\/\/zapateneo.net\/wordpress\/index.php\/wp-json\/wp\/v2\/media?parent=3401"}],"wp:term":[{"taxonomy":"product_brand","embeddable":true,"href":"https:\/\/zapateneo.net\/wordpress\/index.php\/wp-json\/wp\/v2\/product_brand?post=3401"},{"taxonomy":"product_cat","embeddable":true,"href":"https:\/\/zapateneo.net\/wordpress\/index.php\/wp-json\/wp\/v2\/product_cat?post=3401"},{"taxonomy":"product_tag","embeddable":true,"href":"https:\/\/zapateneo.net\/wordpress\/index.php\/wp-json\/wp\/v2\/product_tag?post=3401"}],"curies":[{"name":"wp","href":"https:\/\/api.w.org\/{rel}","templated":true}]}}