{"id":3359,"date":"2021-04-08T06:57:00","date_gmt":"2021-04-08T05:57:00","guid":{"rendered":"https:\/\/zapateneo.net\/wordpress\/?post_type=product&#038;p=3359"},"modified":"2021-04-08T06:57:43","modified_gmt":"2021-04-08T05:57:43","slug":"estado-capitalismo-y-democracia-en-america-latina","status":"publish","type":"product","link":"https:\/\/zapateneo.net\/wordpress\/index.php\/producto\/estado-capitalismo-y-democracia-en-america-latina\/","title":{"rendered":"Estado, capitalismo y democracia en Am\u00e9rica Latina"},"content":{"rendered":"<p>Una mirada rigurosa a las mal llamadas democracias latinoamericanas concluir&iacute;a que salvo unos poqu&iacute;simos casos: Cuba, Venezuela, ahora Bolivia y Ecuador, en el resto lo que tenemos son reg&iacute;menes olig&aacute;rquicos vestidos con los ropajes externos de la democracia. Olig&aacute;rquicos porque, fiel a la definici&oacute;n aristot&eacute;lica, son &ldquo;gobiernos de los pocos en beneficio de los ricos&rdquo; que, como lo recuerda Arist&oacute;teles, siempre son una minor&iacute;a. El lenguaje pol&iacute;tico contempor&aacute;neo, producto de la dominaci&oacute;n cultural e ideol&oacute;gica del imperialismo, intenta disimular tan flagrante traici&oacute;n a los ideales democr&aacute;ticos mediante un ejercicio de prestidigitaci&oacute;n gracias al cual una democracia se define por su sensata &ldquo;gobernanza&rdquo;, eufemismo con el que se designan las artes, artificios y artima&ntilde;as del pol&iacute;tico &ldquo;prudente y responsable&rdquo; que gobierna en consonancia con los deseos de los mercados. Buena gobernanza, por lo tanto, es la de Lula, quien con sus pol&iacute;ticas hizo posible que el capital bancario obtuviera en los &uacute;ltimos a&ntilde;os las mayores tasas de rentabilidad de toda su historia; o la de Concertaci&oacute;n chilena, que continu&oacute; y profundiz&oacute; la pol&iacute;tica econ&oacute;mica de Pinochet convirtiendo a Chile en uno de los pa&iacute;ses m&aacute;s injustos de Am&eacute;rica Latina. Mala gobernanza, en cambio, es la de Ch&aacute;vez, que erradic&oacute; el analfabetismo; o la de Evo Morales, que cumpli&oacute; con su promesa electoral de nacionalizar los hidrocarburos bolivianos.<\/p>\n<p> Este libro pretende aportar elementos en torno a una interrogante fundamental: &iquest;ser&aacute; posible &ldquo;democratizar la democracia&rdquo; dentro del capitalismo, es decir, sin que previamente se produzca la superaci&oacute;n hist&oacute;rica de un r&eacute;gimen social de producci&oacute;n cuyas lacras e injusticias cong&eacute;nitas son tan evidentes como irreparables dentro de los par&aacute;metros del sistema?<\/p>\n<p> Atilio A. Boron naci&oacute; en Buenos Aires, en 1943. Se gradu&oacute; como soci&oacute;logo en su ciudad natal en 1965 y luego hizo sus estudios de Mag&iacute;ster en Ciencia Pol&iacute;tica en la Facultad Latinoamericana de Ciencias Sociales (FLACSO) en Santiago de Chile. Involucrado activamente en las luchas populares de finales de los sesentas en Chile permaneci&oacute; en se pa&iacute;s hasta mediados de 1972, cuando luego de m&uacute;ltiples postergaciones hubo de aceptar el ultim&aacute;tum que le enviara la Universidad de Harvard para realizar llevar a cabo sus estudios doctorales en Ciencia Pol&iacute;tica so pena de cancelarle definitivamente la beca que le hab&iacute;a sido concedida. Concluido su doctorado e imposibilitado de regresar tanto a Chile como a la Argentina se exili&oacute; en M&eacute;xico, donde permaneci&oacute; desde mediados de 1976 hasta su definitivo regreso a la Argentina, a comienzos de 1984. En la actualidad es Investigador Superior del Consejo Nacional de Investigaciones Cient&iacute;ficas y T&eacute;cnicas, Profesor Titular de Teor&iacute;a Pol&iacute;tica y Social de la Facultad de Ciencias Sociales de la Universidad de Buenos Aires y Director del PLED, Programa Latinoamericano de Educaci&oacute;n a Distancia en Ciencias Sociales. Es asimismo Director de la colecci&oacute;n Batalla de Ideas de Ediciones Luxemburg.<br \/>A lo largo de todos estos a&ntilde;os ha ense&ntilde;ado en numerosas universidades e instituciones acad&eacute;micas de Am&eacute;rica Latina, Estados Unidos y Europa: la UNAM, la FLACSO (M&eacute;xico), la Universidad Aut&oacute;noma Metropolitana (Xochimilco), la Universidad de Columbia en Nueva York, la Universidad de California en Los Angeles (UCLA), el Instituto Tecnol&oacute;gico de Massachussets (MIT) en Cambridge, el Colegio de la Santa Cruz en Worcester, las universidades de Bradford y Warwick en Inglaterra y, como investigador visitante, la Universidad de Notre Dame, en Indiana, Estados Unidos. Fue Vice-Rector de la Universidad de Buenos Aires entre 1990 y 1994 y, entre 1997 y 2006 Secretario Ejecutivo del Consejo Latinoamericano de Ciencias Sociales. Autor de m&aacute;s de un centenar de art&iacute;culos acad&eacute;micos y de varios libros, entre los que sobresalen: <em> Socialismo Siglo XXI. &iquest;Hay vida despu&eacute;s del neoliberalismo?<\/em> (Buenos Aires: Luxemburg, 2008); <em>Consolidando la explotaci&oacute;n. El Banco Mundial y la academia contra el pensamiento cr&iacute;tico<\/em> (C&oacute;rdoba: Ediciones Espartaco, 2008); <em>Reflexiones sobre el poder, el estado y la revoluci&oacute;n<\/em> (C&oacute;rdoba: Ediciones Espartaco, 2007) e <em>Imperio &amp; Imperialismo. Una lectura cr&iacute;tica de Michael Hardt y Antonio Negri<\/em> ( Buenos Aires: CLACSO, 2002); <em>Tras el B&uacute;ho de Minerva. Mercado contra democracia en el capitalismo de fin de siglo<\/em> (Buenos Aires: Fondo de Cultura Econ&oacute;mica, 2000). Adem&aacute;s ha sido compilador de <em>Filosof&iacute;a pol&iacute;tica moderna. De Hobbes a Marx <\/em>(Buenos Aires: Luxemburg, 2008); y <em>Nueva hegemon&iacute;a mundial.<br \/>\n Alternativas de cambio y movimientos sociales<\/em> (Buenos Aires: CLACSO, 2004). En colaboraci&oacute;n con Javier Amadeo y Sabrina Gonz&aacute;lez compil&oacute; <em>La Teor&iacute;a Marxista Hoy<\/em> (Buenos Aires: CLACSO, 2006). Colaborador habitual de <em>P&aacute;gina\/12<\/em> de Buenos Aires y de <em>Rebeli&oacute;n<\/em> . Buena parte de sus escritos se hallan disponibles en .<\/p>\n<p><\/span><\/p>\n<p>&nbsp;<\/p>\n<p><\/span><\/p>\n<p>&nbsp;<\/p>\n<p><\/span><\/p>\n","protected":false},"excerpt":{"rendered":"<p><strong>Atilio Bor\u00f3n<\/strong><br \/>\n2008120500040 &#8211; Hiru &#8211;  &#8211; 544 p\u00e1ginas \/orri.<\/p>\n","protected":false},"featured_media":3409,"template":"","meta":[],"product_brand":[],"product_cat":[178,16],"product_tag":[2391,639],"class_list":{"0":"post-3359","1":"product","2":"type-product","3":"status-publish","4":"has-post-thumbnail","6":"product_cat-ekonomia-economia","7":"product_cat-libros","8":"product_tag-atilio-boron","9":"product_tag-hiru","11":"first","12":"instock","13":"sold-individually","14":"shipping-taxable","15":"purchasable","16":"product-type-simple"},"yoast_head":"<!-- This site is optimized with the Yoast SEO plugin v27.4 - https:\/\/yoast.com\/product\/yoast-seo-wordpress\/ -->\n<title>Estado, capitalismo y democracia en Am\u00e9rica Latina &#8212; Zapateneo<\/title>\n<meta name=\"robots\" content=\"index, follow, max-snippet:-1, max-image-preview:large, max-video-preview:-1\" \/>\n<link rel=\"canonical\" href=\"https:\/\/zapateneo.net\/wordpress\/index.php\/producto\/estado-capitalismo-y-democracia-en-america-latina\/\" \/>\n<meta property=\"og:locale\" content=\"es_ES\" \/>\n<meta property=\"og:type\" content=\"article\" \/>\n<meta property=\"og:title\" content=\"Estado, capitalismo y democracia en Am\u00e9rica Latina &#8212; Zapateneo\" \/>\n<meta property=\"og:description\" content=\"Atilio Bor\u00f3n 2008120500040 - Hiru - - 544 p\u00e1ginas \/orri.\" \/>\n<meta property=\"og:url\" content=\"https:\/\/zapateneo.net\/wordpress\/index.php\/producto\/estado-capitalismo-y-democracia-en-america-latina\/\" \/>\n<meta property=\"og:site_name\" content=\"Zapateneo\" \/>\n<meta property=\"article:modified_time\" content=\"2021-04-08T05:57:43+00:00\" \/>\n<meta property=\"og:image\" content=\"https:\/\/zapateneo.net\/wordpress\/wp-content\/uploads\/2021\/04\/5631.gif\" \/>\n\t<meta property=\"og:image:width\" content=\"200\" \/>\n\t<meta property=\"og:image:height\" content=\"261\" \/>\n\t<meta property=\"og:image:type\" content=\"image\/gif\" \/>\n<meta name=\"twitter:card\" content=\"summary_large_image\" \/>\n<meta name=\"twitter:site\" content=\"@zapateneo\" \/>\n<meta name=\"twitter:label1\" content=\"Tiempo de lectura\" \/>\n\t<meta name=\"twitter:data1\" content=\"4 minutos\" \/>\n<script type=\"application\/ld+json\" class=\"yoast-schema-graph\">{\"@context\":\"https:\\\/\\\/schema.org\",\"@graph\":[{\"@type\":\"WebPage\",\"@id\":\"https:\\\/\\\/zapateneo.net\\\/wordpress\\\/index.php\\\/producto\\\/estado-capitalismo-y-democracia-en-america-latina\\\/\",\"url\":\"https:\\\/\\\/zapateneo.net\\\/wordpress\\\/index.php\\\/producto\\\/estado-capitalismo-y-democracia-en-america-latina\\\/\",\"name\":\"Estado, capitalismo y democracia en Am\u00e9rica Latina &#8212; Zapateneo\",\"isPartOf\":{\"@id\":\"https:\\\/\\\/zapateneo.net\\\/wordpress\\\/#website\"},\"primaryImageOfPage\":{\"@id\":\"https:\\\/\\\/zapateneo.net\\\/wordpress\\\/index.php\\\/producto\\\/estado-capitalismo-y-democracia-en-america-latina\\\/#primaryimage\"},\"image\":{\"@id\":\"https:\\\/\\\/zapateneo.net\\\/wordpress\\\/index.php\\\/producto\\\/estado-capitalismo-y-democracia-en-america-latina\\\/#primaryimage\"},\"thumbnailUrl\":\"https:\\\/\\\/zapateneo.net\\\/wordpress\\\/wp-content\\\/uploads\\\/2021\\\/04\\\/5631.gif\",\"datePublished\":\"2021-04-08T05:57:00+00:00\",\"dateModified\":\"2021-04-08T05:57:43+00:00\",\"breadcrumb\":{\"@id\":\"https:\\\/\\\/zapateneo.net\\\/wordpress\\\/index.php\\\/producto\\\/estado-capitalismo-y-democracia-en-america-latina\\\/#breadcrumb\"},\"inLanguage\":\"es\",\"potentialAction\":[{\"@type\":\"ReadAction\",\"target\":[\"https:\\\/\\\/zapateneo.net\\\/wordpress\\\/index.php\\\/producto\\\/estado-capitalismo-y-democracia-en-america-latina\\\/\"]}]},{\"@type\":\"ImageObject\",\"inLanguage\":\"es\",\"@id\":\"https:\\\/\\\/zapateneo.net\\\/wordpress\\\/index.php\\\/producto\\\/estado-capitalismo-y-democracia-en-america-latina\\\/#primaryimage\",\"url\":\"https:\\\/\\\/zapateneo.net\\\/wordpress\\\/wp-content\\\/uploads\\\/2021\\\/04\\\/5631.gif\",\"contentUrl\":\"https:\\\/\\\/zapateneo.net\\\/wordpress\\\/wp-content\\\/uploads\\\/2021\\\/04\\\/5631.gif\",\"width\":200,\"height\":261},{\"@type\":\"BreadcrumbList\",\"@id\":\"https:\\\/\\\/zapateneo.net\\\/wordpress\\\/index.php\\\/producto\\\/estado-capitalismo-y-democracia-en-america-latina\\\/#breadcrumb\",\"itemListElement\":[{\"@type\":\"ListItem\",\"position\":1,\"name\":\"Portada\",\"item\":\"https:\\\/\\\/zapateneo.net\\\/wordpress\\\/\"},{\"@type\":\"ListItem\",\"position\":2,\"name\":\"Tienda\",\"item\":\"https:\\\/\\\/zapateneo.net\\\/wordpress\\\/\"},{\"@type\":\"ListItem\",\"position\":3,\"name\":\"Estado, capitalismo y democracia en Am\u00e9rica Latina\"}]},{\"@type\":\"WebSite\",\"@id\":\"https:\\\/\\\/zapateneo.net\\\/wordpress\\\/#website\",\"url\":\"https:\\\/\\\/zapateneo.net\\\/wordpress\\\/\",\"name\":\"Zapateneo\",\"description\":\"Zapateneoaren webgunea\",\"publisher\":{\"@id\":\"https:\\\/\\\/zapateneo.net\\\/wordpress\\\/#organization\"},\"potentialAction\":[{\"@type\":\"SearchAction\",\"target\":{\"@type\":\"EntryPoint\",\"urlTemplate\":\"https:\\\/\\\/zapateneo.net\\\/wordpress\\\/?s={search_term_string}\"},\"query-input\":{\"@type\":\"PropertyValueSpecification\",\"valueRequired\":true,\"valueName\":\"search_term_string\"}}],\"inLanguage\":\"es\"},{\"@type\":\"Organization\",\"@id\":\"https:\\\/\\\/zapateneo.net\\\/wordpress\\\/#organization\",\"name\":\"Zapateneo Kultur Elkartea\",\"url\":\"https:\\\/\\\/zapateneo.net\\\/wordpress\\\/\",\"logo\":{\"@type\":\"ImageObject\",\"inLanguage\":\"es\",\"@id\":\"https:\\\/\\\/zapateneo.net\\\/wordpress\\\/#\\\/schema\\\/logo\\\/image\\\/\",\"url\":\"https:\\\/\\\/zapateneo.net\\\/wordpress\\\/wp-content\\\/uploads\\\/2021\\\/04\\\/zap-libu-kolec.jpg\",\"contentUrl\":\"https:\\\/\\\/zapateneo.net\\\/wordpress\\\/wp-content\\\/uploads\\\/2021\\\/04\\\/zap-libu-kolec.jpg\",\"width\":2234,\"height\":398,\"caption\":\"Zapateneo Kultur Elkartea\"},\"image\":{\"@id\":\"https:\\\/\\\/zapateneo.net\\\/wordpress\\\/#\\\/schema\\\/logo\\\/image\\\/\"},\"sameAs\":[\"https:\\\/\\\/x.com\\\/zapateneo\"]}]}<\/script>\n<!-- \/ Yoast SEO plugin. -->","yoast_head_json":{"title":"Estado, capitalismo y democracia en Am\u00e9rica Latina &#8212; Zapateneo","robots":{"index":"index","follow":"follow","max-snippet":"max-snippet:-1","max-image-preview":"max-image-preview:large","max-video-preview":"max-video-preview:-1"},"canonical":"https:\/\/zapateneo.net\/wordpress\/index.php\/producto\/estado-capitalismo-y-democracia-en-america-latina\/","og_locale":"es_ES","og_type":"article","og_title":"Estado, capitalismo y democracia en Am\u00e9rica Latina &#8212; Zapateneo","og_description":"Atilio Bor\u00f3n 2008120500040 - Hiru - - 544 p\u00e1ginas \/orri.","og_url":"https:\/\/zapateneo.net\/wordpress\/index.php\/producto\/estado-capitalismo-y-democracia-en-america-latina\/","og_site_name":"Zapateneo","article_modified_time":"2021-04-08T05:57:43+00:00","og_image":[{"width":200,"height":261,"url":"https:\/\/zapateneo.net\/wordpress\/wp-content\/uploads\/2021\/04\/5631.gif","type":"image\/gif"}],"twitter_card":"summary_large_image","twitter_site":"@zapateneo","twitter_misc":{"Tiempo de lectura":"4 minutos"},"schema":{"@context":"https:\/\/schema.org","@graph":[{"@type":"WebPage","@id":"https:\/\/zapateneo.net\/wordpress\/index.php\/producto\/estado-capitalismo-y-democracia-en-america-latina\/","url":"https:\/\/zapateneo.net\/wordpress\/index.php\/producto\/estado-capitalismo-y-democracia-en-america-latina\/","name":"Estado, capitalismo y democracia en Am\u00e9rica Latina &#8212; Zapateneo","isPartOf":{"@id":"https:\/\/zapateneo.net\/wordpress\/#website"},"primaryImageOfPage":{"@id":"https:\/\/zapateneo.net\/wordpress\/index.php\/producto\/estado-capitalismo-y-democracia-en-america-latina\/#primaryimage"},"image":{"@id":"https:\/\/zapateneo.net\/wordpress\/index.php\/producto\/estado-capitalismo-y-democracia-en-america-latina\/#primaryimage"},"thumbnailUrl":"https:\/\/zapateneo.net\/wordpress\/wp-content\/uploads\/2021\/04\/5631.gif","datePublished":"2021-04-08T05:57:00+00:00","dateModified":"2021-04-08T05:57:43+00:00","breadcrumb":{"@id":"https:\/\/zapateneo.net\/wordpress\/index.php\/producto\/estado-capitalismo-y-democracia-en-america-latina\/#breadcrumb"},"inLanguage":"es","potentialAction":[{"@type":"ReadAction","target":["https:\/\/zapateneo.net\/wordpress\/index.php\/producto\/estado-capitalismo-y-democracia-en-america-latina\/"]}]},{"@type":"ImageObject","inLanguage":"es","@id":"https:\/\/zapateneo.net\/wordpress\/index.php\/producto\/estado-capitalismo-y-democracia-en-america-latina\/#primaryimage","url":"https:\/\/zapateneo.net\/wordpress\/wp-content\/uploads\/2021\/04\/5631.gif","contentUrl":"https:\/\/zapateneo.net\/wordpress\/wp-content\/uploads\/2021\/04\/5631.gif","width":200,"height":261},{"@type":"BreadcrumbList","@id":"https:\/\/zapateneo.net\/wordpress\/index.php\/producto\/estado-capitalismo-y-democracia-en-america-latina\/#breadcrumb","itemListElement":[{"@type":"ListItem","position":1,"name":"Portada","item":"https:\/\/zapateneo.net\/wordpress\/"},{"@type":"ListItem","position":2,"name":"Tienda","item":"https:\/\/zapateneo.net\/wordpress\/"},{"@type":"ListItem","position":3,"name":"Estado, capitalismo y democracia en Am\u00e9rica Latina"}]},{"@type":"WebSite","@id":"https:\/\/zapateneo.net\/wordpress\/#website","url":"https:\/\/zapateneo.net\/wordpress\/","name":"Zapateneo","description":"Zapateneoaren webgunea","publisher":{"@id":"https:\/\/zapateneo.net\/wordpress\/#organization"},"potentialAction":[{"@type":"SearchAction","target":{"@type":"EntryPoint","urlTemplate":"https:\/\/zapateneo.net\/wordpress\/?s={search_term_string}"},"query-input":{"@type":"PropertyValueSpecification","valueRequired":true,"valueName":"search_term_string"}}],"inLanguage":"es"},{"@type":"Organization","@id":"https:\/\/zapateneo.net\/wordpress\/#organization","name":"Zapateneo Kultur Elkartea","url":"https:\/\/zapateneo.net\/wordpress\/","logo":{"@type":"ImageObject","inLanguage":"es","@id":"https:\/\/zapateneo.net\/wordpress\/#\/schema\/logo\/image\/","url":"https:\/\/zapateneo.net\/wordpress\/wp-content\/uploads\/2021\/04\/zap-libu-kolec.jpg","contentUrl":"https:\/\/zapateneo.net\/wordpress\/wp-content\/uploads\/2021\/04\/zap-libu-kolec.jpg","width":2234,"height":398,"caption":"Zapateneo Kultur Elkartea"},"image":{"@id":"https:\/\/zapateneo.net\/wordpress\/#\/schema\/logo\/image\/"},"sameAs":["https:\/\/x.com\/zapateneo"]}]}},"_links":{"self":[{"href":"https:\/\/zapateneo.net\/wordpress\/index.php\/wp-json\/wp\/v2\/product\/3359","targetHints":{"allow":["GET"]}}],"collection":[{"href":"https:\/\/zapateneo.net\/wordpress\/index.php\/wp-json\/wp\/v2\/product"}],"about":[{"href":"https:\/\/zapateneo.net\/wordpress\/index.php\/wp-json\/wp\/v2\/types\/product"}],"wp:featuredmedia":[{"embeddable":true,"href":"https:\/\/zapateneo.net\/wordpress\/index.php\/wp-json\/wp\/v2\/media\/3409"}],"wp:attachment":[{"href":"https:\/\/zapateneo.net\/wordpress\/index.php\/wp-json\/wp\/v2\/media?parent=3359"}],"wp:term":[{"taxonomy":"product_brand","embeddable":true,"href":"https:\/\/zapateneo.net\/wordpress\/index.php\/wp-json\/wp\/v2\/product_brand?post=3359"},{"taxonomy":"product_cat","embeddable":true,"href":"https:\/\/zapateneo.net\/wordpress\/index.php\/wp-json\/wp\/v2\/product_cat?post=3359"},{"taxonomy":"product_tag","embeddable":true,"href":"https:\/\/zapateneo.net\/wordpress\/index.php\/wp-json\/wp\/v2\/product_tag?post=3359"}],"curies":[{"name":"wp","href":"https:\/\/api.w.org\/{rel}","templated":true}]}}