{"id":3354,"date":"2021-04-08T06:56:59","date_gmt":"2021-04-08T05:56:59","guid":{"rendered":"https:\/\/zapateneo.net\/wordpress\/?post_type=product&#038;p=3354"},"modified":"2022-09-03T12:02:40","modified_gmt":"2022-09-03T11:02:40","slug":"la-dominacion-liberal-ensayo-sobre-el-liberalismo-como-dispositivo-de-poder","status":"publish","type":"product","link":"https:\/\/zapateneo.net\/wordpress\/index.php\/producto\/la-dominacion-liberal-ensayo-sobre-el-liberalismo-como-dispositivo-de-poder\/","title":{"rendered":"La dominacion liberal. Ensayo sobre el liberalismo como dispositivo de poder"},"content":{"rendered":"<p class=\"MsoNormal\">La idea b\u00e1sica de <em>LA DOMINACI\u00d3N LIBERAL. ENSAYO SOBRE EL LIBERALISMO COMO DISPOSITIVO DE PODER<\/em> surge en una coyuntura muy precisa jalonada por dos acontecimientos hist\u00f3ricos recientes: las jornadas de protesta de Seattle como momento emblem\u00e1tico de la edad de oro de la antiglobalizaci\u00f3n y el fracaso en t\u00e9rminos de eficacia pol\u00edtica de las movilizaciones multitudinarias contra la guerra de Iraq. Si todav\u00eda el altermundialismo de Seattle pod\u00eda creer en la democracia realmente existente y en las posibilidades que supuestamente brindaba para salir del neoliberalismo o para cuando menos paliar sus efectos, la brutalidad de la reimposici\u00f3n del orden que tuvo lugar despu\u00e9s del 11 de septiembre con la generalizaci\u00f3n del estado de excepci\u00f3n antiterrorista y las sucesivas cruzadas en nombre de la seguridad, la democracia y los derechos humanos en Afganist\u00e1n e Iraq disip\u00f3 muchas de las ilusiones que entonces se hab\u00edan fraguado. En nombre de los derechos humanos y de la libertad, las detenciones arbitrarias, la tortura y la guerra colonial se convirtieron en pr\u00e1cticas \u201cnormales\u201d. El absoluto desprecio de los gobiernos por el rechazo a la guerra de Iraq manifestado por sus poblaciones revel\u00f3 a quien a\u00fan lo necesitara que la democracia no figuraba en el orden del d\u00eda de los gestores mundiales del capital.<\/p>\n<p class=\"MsoNormal\">\n<p class=\"MsoNormal\">\n<p class=\"MsoNormal\">\n<p class=\"MsoNormal\">Vivimos en el mundo de los c\u00edclopes, que Homero describe como sigue: \u201cNo tienen \u00e1goras donde se re\u00fanan para deliberar, ni leyes tampoco, sino que viven en las cumbres de los altos montes, dentro de excavadas cuevas; cada cual impera sobre sus hijos y mujeres y no se entrometen los unos con los otros\u201d. No hay m\u00e1s bella definici\u00f3n del orden neoliberal que esa ausencia de leyes y de espacio p\u00fablico unida a la tiran\u00eda que rige la esfera privada. En este orden de cosas, Ulises dice al c\u00edclope Polifemo que se llama \u201cnadie\u201d, \u201coudeis\u201d: \u201cMi nombre es Nadie; y Nadie me llaman mi madre, mi padre y mis compa\u00f1eros todos\u201d. Juan Nadie, <strong>John Brown<\/strong>, Iohannes Maurus, Oudeis comparten una misma identidad para eludir el destino que enuncia la sentencia de Wittgenstein: \u201cde lo que no se puede hablar, m\u00e1s vale callar\u201d.<\/p>\n","protected":false},"excerpt":{"rendered":"<p><strong>John Brown<\/strong><br \/>\n9788493547639 &#8211; tierradenadie ediciones &#8211; 2009 &#8211; 220 p\u00e1ginas \/orri.<\/p>\n","protected":false},"featured_media":3384,"template":"","meta":[],"product_brand":[],"product_cat":[178,16],"product_tag":[2385,942],"class_list":{"0":"post-3354","1":"product","2":"type-product","3":"status-publish","4":"has-post-thumbnail","6":"product_cat-ekonomia-economia","7":"product_cat-libros","8":"product_tag-john-brown","9":"product_tag-tierradenadie-ediciones","11":"first","12":"onbackorder","13":"sold-individually","14":"shipping-taxable","15":"purchasable","16":"product-type-simple"},"yoast_head":"<!-- This site is optimized with the Yoast SEO plugin v27.4 - https:\/\/yoast.com\/product\/yoast-seo-wordpress\/ -->\n<title>La dominacion liberal. Ensayo sobre el liberalismo como dispositivo de poder &#8212; Zapateneo<\/title>\n<meta name=\"robots\" content=\"index, follow, max-snippet:-1, max-image-preview:large, max-video-preview:-1\" \/>\n<link rel=\"canonical\" href=\"https:\/\/zapateneo.net\/wordpress\/index.php\/producto\/la-dominacion-liberal-ensayo-sobre-el-liberalismo-como-dispositivo-de-poder\/\" \/>\n<meta property=\"og:locale\" content=\"es_ES\" \/>\n<meta property=\"og:type\" content=\"article\" \/>\n<meta property=\"og:title\" content=\"La dominacion liberal. Ensayo sobre el liberalismo como dispositivo de poder &#8212; Zapateneo\" \/>\n<meta property=\"og:description\" content=\"John Brown 9788493547639 - tierradenadie ediciones - 2009 - 220 p\u00e1ginas \/orri.\" \/>\n<meta property=\"og:url\" content=\"https:\/\/zapateneo.net\/wordpress\/index.php\/producto\/la-dominacion-liberal-ensayo-sobre-el-liberalismo-como-dispositivo-de-poder\/\" \/>\n<meta property=\"og:site_name\" content=\"Zapateneo\" \/>\n<meta property=\"article:modified_time\" content=\"2022-09-03T11:02:40+00:00\" \/>\n<meta property=\"og:image\" content=\"https:\/\/zapateneo.net\/wordpress\/wp-content\/uploads\/2021\/04\/6024.jpg\" \/>\n\t<meta property=\"og:image:width\" content=\"590\" \/>\n\t<meta property=\"og:image:height\" content=\"590\" \/>\n\t<meta property=\"og:image:type\" content=\"image\/jpeg\" \/>\n<meta name=\"twitter:card\" content=\"summary_large_image\" \/>\n<meta name=\"twitter:site\" content=\"@zapateneo\" \/>\n<meta name=\"twitter:label1\" content=\"Tiempo de lectura\" \/>\n\t<meta name=\"twitter:data1\" content=\"2 minutos\" \/>\n<script type=\"application\/ld+json\" class=\"yoast-schema-graph\">{\"@context\":\"https:\\\/\\\/schema.org\",\"@graph\":[{\"@type\":\"WebPage\",\"@id\":\"https:\\\/\\\/zapateneo.net\\\/wordpress\\\/index.php\\\/producto\\\/la-dominacion-liberal-ensayo-sobre-el-liberalismo-como-dispositivo-de-poder\\\/\",\"url\":\"https:\\\/\\\/zapateneo.net\\\/wordpress\\\/index.php\\\/producto\\\/la-dominacion-liberal-ensayo-sobre-el-liberalismo-como-dispositivo-de-poder\\\/\",\"name\":\"La dominacion liberal. Ensayo sobre el liberalismo como dispositivo de poder &#8212; Zapateneo\",\"isPartOf\":{\"@id\":\"https:\\\/\\\/zapateneo.net\\\/wordpress\\\/#website\"},\"primaryImageOfPage\":{\"@id\":\"https:\\\/\\\/zapateneo.net\\\/wordpress\\\/index.php\\\/producto\\\/la-dominacion-liberal-ensayo-sobre-el-liberalismo-como-dispositivo-de-poder\\\/#primaryimage\"},\"image\":{\"@id\":\"https:\\\/\\\/zapateneo.net\\\/wordpress\\\/index.php\\\/producto\\\/la-dominacion-liberal-ensayo-sobre-el-liberalismo-como-dispositivo-de-poder\\\/#primaryimage\"},\"thumbnailUrl\":\"https:\\\/\\\/zapateneo.net\\\/wordpress\\\/wp-content\\\/uploads\\\/2021\\\/04\\\/6024.jpg\",\"datePublished\":\"2021-04-08T05:56:59+00:00\",\"dateModified\":\"2022-09-03T11:02:40+00:00\",\"breadcrumb\":{\"@id\":\"https:\\\/\\\/zapateneo.net\\\/wordpress\\\/index.php\\\/producto\\\/la-dominacion-liberal-ensayo-sobre-el-liberalismo-como-dispositivo-de-poder\\\/#breadcrumb\"},\"inLanguage\":\"es\",\"potentialAction\":[{\"@type\":\"ReadAction\",\"target\":[\"https:\\\/\\\/zapateneo.net\\\/wordpress\\\/index.php\\\/producto\\\/la-dominacion-liberal-ensayo-sobre-el-liberalismo-como-dispositivo-de-poder\\\/\"]}]},{\"@type\":\"ImageObject\",\"inLanguage\":\"es\",\"@id\":\"https:\\\/\\\/zapateneo.net\\\/wordpress\\\/index.php\\\/producto\\\/la-dominacion-liberal-ensayo-sobre-el-liberalismo-como-dispositivo-de-poder\\\/#primaryimage\",\"url\":\"https:\\\/\\\/zapateneo.net\\\/wordpress\\\/wp-content\\\/uploads\\\/2021\\\/04\\\/6024.jpg\",\"contentUrl\":\"https:\\\/\\\/zapateneo.net\\\/wordpress\\\/wp-content\\\/uploads\\\/2021\\\/04\\\/6024.jpg\",\"width\":590,\"height\":590},{\"@type\":\"BreadcrumbList\",\"@id\":\"https:\\\/\\\/zapateneo.net\\\/wordpress\\\/index.php\\\/producto\\\/la-dominacion-liberal-ensayo-sobre-el-liberalismo-como-dispositivo-de-poder\\\/#breadcrumb\",\"itemListElement\":[{\"@type\":\"ListItem\",\"position\":1,\"name\":\"Portada\",\"item\":\"https:\\\/\\\/zapateneo.net\\\/wordpress\\\/\"},{\"@type\":\"ListItem\",\"position\":2,\"name\":\"Tienda\",\"item\":\"https:\\\/\\\/zapateneo.net\\\/wordpress\\\/\"},{\"@type\":\"ListItem\",\"position\":3,\"name\":\"La dominacion liberal. Ensayo sobre el liberalismo como dispositivo de poder\"}]},{\"@type\":\"WebSite\",\"@id\":\"https:\\\/\\\/zapateneo.net\\\/wordpress\\\/#website\",\"url\":\"https:\\\/\\\/zapateneo.net\\\/wordpress\\\/\",\"name\":\"Zapateneo\",\"description\":\"Zapateneoaren webgunea\",\"publisher\":{\"@id\":\"https:\\\/\\\/zapateneo.net\\\/wordpress\\\/#organization\"},\"potentialAction\":[{\"@type\":\"SearchAction\",\"target\":{\"@type\":\"EntryPoint\",\"urlTemplate\":\"https:\\\/\\\/zapateneo.net\\\/wordpress\\\/?s={search_term_string}\"},\"query-input\":{\"@type\":\"PropertyValueSpecification\",\"valueRequired\":true,\"valueName\":\"search_term_string\"}}],\"inLanguage\":\"es\"},{\"@type\":\"Organization\",\"@id\":\"https:\\\/\\\/zapateneo.net\\\/wordpress\\\/#organization\",\"name\":\"Zapateneo Kultur Elkartea\",\"url\":\"https:\\\/\\\/zapateneo.net\\\/wordpress\\\/\",\"logo\":{\"@type\":\"ImageObject\",\"inLanguage\":\"es\",\"@id\":\"https:\\\/\\\/zapateneo.net\\\/wordpress\\\/#\\\/schema\\\/logo\\\/image\\\/\",\"url\":\"https:\\\/\\\/zapateneo.net\\\/wordpress\\\/wp-content\\\/uploads\\\/2021\\\/04\\\/zap-libu-kolec.jpg\",\"contentUrl\":\"https:\\\/\\\/zapateneo.net\\\/wordpress\\\/wp-content\\\/uploads\\\/2021\\\/04\\\/zap-libu-kolec.jpg\",\"width\":2234,\"height\":398,\"caption\":\"Zapateneo Kultur Elkartea\"},\"image\":{\"@id\":\"https:\\\/\\\/zapateneo.net\\\/wordpress\\\/#\\\/schema\\\/logo\\\/image\\\/\"},\"sameAs\":[\"https:\\\/\\\/x.com\\\/zapateneo\"]}]}<\/script>\n<!-- \/ Yoast SEO plugin. -->","yoast_head_json":{"title":"La dominacion liberal. Ensayo sobre el liberalismo como dispositivo de poder &#8212; Zapateneo","robots":{"index":"index","follow":"follow","max-snippet":"max-snippet:-1","max-image-preview":"max-image-preview:large","max-video-preview":"max-video-preview:-1"},"canonical":"https:\/\/zapateneo.net\/wordpress\/index.php\/producto\/la-dominacion-liberal-ensayo-sobre-el-liberalismo-como-dispositivo-de-poder\/","og_locale":"es_ES","og_type":"article","og_title":"La dominacion liberal. Ensayo sobre el liberalismo como dispositivo de poder &#8212; Zapateneo","og_description":"John Brown 9788493547639 - tierradenadie ediciones - 2009 - 220 p\u00e1ginas \/orri.","og_url":"https:\/\/zapateneo.net\/wordpress\/index.php\/producto\/la-dominacion-liberal-ensayo-sobre-el-liberalismo-como-dispositivo-de-poder\/","og_site_name":"Zapateneo","article_modified_time":"2022-09-03T11:02:40+00:00","og_image":[{"width":590,"height":590,"url":"https:\/\/zapateneo.net\/wordpress\/wp-content\/uploads\/2021\/04\/6024.jpg","type":"image\/jpeg"}],"twitter_card":"summary_large_image","twitter_site":"@zapateneo","twitter_misc":{"Tiempo de lectura":"2 minutos"},"schema":{"@context":"https:\/\/schema.org","@graph":[{"@type":"WebPage","@id":"https:\/\/zapateneo.net\/wordpress\/index.php\/producto\/la-dominacion-liberal-ensayo-sobre-el-liberalismo-como-dispositivo-de-poder\/","url":"https:\/\/zapateneo.net\/wordpress\/index.php\/producto\/la-dominacion-liberal-ensayo-sobre-el-liberalismo-como-dispositivo-de-poder\/","name":"La dominacion liberal. Ensayo sobre el liberalismo como dispositivo de poder &#8212; Zapateneo","isPartOf":{"@id":"https:\/\/zapateneo.net\/wordpress\/#website"},"primaryImageOfPage":{"@id":"https:\/\/zapateneo.net\/wordpress\/index.php\/producto\/la-dominacion-liberal-ensayo-sobre-el-liberalismo-como-dispositivo-de-poder\/#primaryimage"},"image":{"@id":"https:\/\/zapateneo.net\/wordpress\/index.php\/producto\/la-dominacion-liberal-ensayo-sobre-el-liberalismo-como-dispositivo-de-poder\/#primaryimage"},"thumbnailUrl":"https:\/\/zapateneo.net\/wordpress\/wp-content\/uploads\/2021\/04\/6024.jpg","datePublished":"2021-04-08T05:56:59+00:00","dateModified":"2022-09-03T11:02:40+00:00","breadcrumb":{"@id":"https:\/\/zapateneo.net\/wordpress\/index.php\/producto\/la-dominacion-liberal-ensayo-sobre-el-liberalismo-como-dispositivo-de-poder\/#breadcrumb"},"inLanguage":"es","potentialAction":[{"@type":"ReadAction","target":["https:\/\/zapateneo.net\/wordpress\/index.php\/producto\/la-dominacion-liberal-ensayo-sobre-el-liberalismo-como-dispositivo-de-poder\/"]}]},{"@type":"ImageObject","inLanguage":"es","@id":"https:\/\/zapateneo.net\/wordpress\/index.php\/producto\/la-dominacion-liberal-ensayo-sobre-el-liberalismo-como-dispositivo-de-poder\/#primaryimage","url":"https:\/\/zapateneo.net\/wordpress\/wp-content\/uploads\/2021\/04\/6024.jpg","contentUrl":"https:\/\/zapateneo.net\/wordpress\/wp-content\/uploads\/2021\/04\/6024.jpg","width":590,"height":590},{"@type":"BreadcrumbList","@id":"https:\/\/zapateneo.net\/wordpress\/index.php\/producto\/la-dominacion-liberal-ensayo-sobre-el-liberalismo-como-dispositivo-de-poder\/#breadcrumb","itemListElement":[{"@type":"ListItem","position":1,"name":"Portada","item":"https:\/\/zapateneo.net\/wordpress\/"},{"@type":"ListItem","position":2,"name":"Tienda","item":"https:\/\/zapateneo.net\/wordpress\/"},{"@type":"ListItem","position":3,"name":"La dominacion liberal. Ensayo sobre el liberalismo como dispositivo de poder"}]},{"@type":"WebSite","@id":"https:\/\/zapateneo.net\/wordpress\/#website","url":"https:\/\/zapateneo.net\/wordpress\/","name":"Zapateneo","description":"Zapateneoaren webgunea","publisher":{"@id":"https:\/\/zapateneo.net\/wordpress\/#organization"},"potentialAction":[{"@type":"SearchAction","target":{"@type":"EntryPoint","urlTemplate":"https:\/\/zapateneo.net\/wordpress\/?s={search_term_string}"},"query-input":{"@type":"PropertyValueSpecification","valueRequired":true,"valueName":"search_term_string"}}],"inLanguage":"es"},{"@type":"Organization","@id":"https:\/\/zapateneo.net\/wordpress\/#organization","name":"Zapateneo Kultur Elkartea","url":"https:\/\/zapateneo.net\/wordpress\/","logo":{"@type":"ImageObject","inLanguage":"es","@id":"https:\/\/zapateneo.net\/wordpress\/#\/schema\/logo\/image\/","url":"https:\/\/zapateneo.net\/wordpress\/wp-content\/uploads\/2021\/04\/zap-libu-kolec.jpg","contentUrl":"https:\/\/zapateneo.net\/wordpress\/wp-content\/uploads\/2021\/04\/zap-libu-kolec.jpg","width":2234,"height":398,"caption":"Zapateneo Kultur Elkartea"},"image":{"@id":"https:\/\/zapateneo.net\/wordpress\/#\/schema\/logo\/image\/"},"sameAs":["https:\/\/x.com\/zapateneo"]}]}},"_links":{"self":[{"href":"https:\/\/zapateneo.net\/wordpress\/index.php\/wp-json\/wp\/v2\/product\/3354","targetHints":{"allow":["GET"]}}],"collection":[{"href":"https:\/\/zapateneo.net\/wordpress\/index.php\/wp-json\/wp\/v2\/product"}],"about":[{"href":"https:\/\/zapateneo.net\/wordpress\/index.php\/wp-json\/wp\/v2\/types\/product"}],"wp:featuredmedia":[{"embeddable":true,"href":"https:\/\/zapateneo.net\/wordpress\/index.php\/wp-json\/wp\/v2\/media\/3384"}],"wp:attachment":[{"href":"https:\/\/zapateneo.net\/wordpress\/index.php\/wp-json\/wp\/v2\/media?parent=3354"}],"wp:term":[{"taxonomy":"product_brand","embeddable":true,"href":"https:\/\/zapateneo.net\/wordpress\/index.php\/wp-json\/wp\/v2\/product_brand?post=3354"},{"taxonomy":"product_cat","embeddable":true,"href":"https:\/\/zapateneo.net\/wordpress\/index.php\/wp-json\/wp\/v2\/product_cat?post=3354"},{"taxonomy":"product_tag","embeddable":true,"href":"https:\/\/zapateneo.net\/wordpress\/index.php\/wp-json\/wp\/v2\/product_tag?post=3354"}],"curies":[{"name":"wp","href":"https:\/\/api.w.org\/{rel}","templated":true}]}}