{"id":3351,"date":"2021-04-08T06:56:58","date_gmt":"2021-04-08T05:56:58","guid":{"rendered":"https:\/\/zapateneo.net\/wordpress\/?post_type=product&#038;p=3351"},"modified":"2024-07-19T17:30:14","modified_gmt":"2024-07-19T16:30:14","slug":"capitalismo-financiero-global-y-guerra-permanente","status":"publish","type":"product","link":"https:\/\/zapateneo.net\/wordpress\/index.php\/producto\/capitalismo-financiero-global-y-guerra-permanente\/","title":{"rendered":"Capitalismo financiero global y guerra permanente"},"content":{"rendered":"<h3>El d\u00f3lar, Wall Street y la guerra contra Irak<\/h3>\n<hr \/>\n<div>\n<p>El recurso a la guerra por parte de EEUU y el enfrentamiento con aliados como Francia y Alemania no responde s\u00f3lo a la disputa por hacerse con los recursos naturales y controlar zonas de importancia estrat\u00e9gica como Oriente Medio, sino que obedece a un proyecto hegem\u00f3nico m\u00e1s complejo. En una econom\u00eda mundial fuertemente dependiente de la econom\u00eda especulativa, es necesario comprender el funcionamiento de los mercados burs\u00e1tiles y de las operaciones financieras clave para entender el choque entre proyectos capitalistas con voluntad hegem\u00f3nica, como la zona euro y las econom\u00edas dependientes del d\u00f3lar.<\/p>\n<\/div>\n<div class=\"row\">\n<div class=\"col-12 col-12-small\">\n<p><span class=\"image left autor\"><img decoding=\"async\" class=\"alignleft\" src=\"https:\/\/www.viruseditorial.net\/\/fotos-autor\/ramon-fernandez-duran.jpg\" alt=\"ramon-fernandez-duran\" \/><\/span><\/p>\n<p><strong>Ram\u00f3n Fern\u00e1ndez Dur\u00e1n<\/strong>\u00a0es ingeniero de caminos, urbanista y militante de Ecologistas en Acci\u00f3n. Es uno de los autores de referencia en la cr\u00edtica del capitalismo global como motor de desarrollo y de lo que \u00e9l mismo ha denominado como \u00abglobalizaci\u00f3n armada\u00bb. Entre sus trabajos m\u00e1s destacados est\u00e1n\u00a0<em>La explosi\u00f3n del desorden<\/em>\u00a0(ed. Fundamentos, 1996),\u00a0<em>El movimiento alternativo en la RFA. El caso de Berl\u00edn<\/em>\u00a0(ed. La Idea, 1985) o\u00a0<em>Contra la Europa del Capital y la globalizaci\u00f3n econ\u00f3mica<\/em>\u00a0(Talasa, 1996). Con Virus ha editado varias de sus obras en los \u00faltimos a\u00f1os, donde analiza acontecimientos de crucial importancia:\u00a0<em>Capitalismo (financiero) global y guerra permanente<\/em>\u00a0(2003),\u00a0<em>La compleja construcci\u00f3n de la Europa superpotencia<\/em>\u00a0(2005),\u00a0<em>El tsunami urbanizador espa\u00f1ol y mundial<\/em>\u00a0(2006),\u00a0<em>El crep\u00fasculo de la era tr\u00e1gica del petr\u00f3leo. Pico del oro negro y colapso financiero y ecol\u00f3gico mundial<\/em>,\u00a0<em>Tercera Piel. Sociedad de la imagen y conquista del alma\u00a0<\/em>(2010),\u00a0<em>El Estado y la conflictividad pol\u00edtico-social en el siglo XX. Claves para entender la crisis del siglo XXI<\/em>\u00a0(2010) y\u00a0<em>El Antropoceno. La expansi\u00f3n del capitalismo global choca con la biosfera<\/em>\u00a0(2011)<\/p>\n<p>En marzo de 2011 Ram\u00f3n Fern\u00e1ndez Dur\u00e1n comunicaba p\u00fablicamente su decisi\u00f3n de abandonar el tratamiento que estaba siguiendo por una dura enfermedad, anunciando su decisi\u00f3n de optar por una muerte digna escogida por \u00e9l mismo. El 10 de mayo de 2011 le lleg\u00f3 la muerte, mientras en decenas de ciudades se presentaban sus dos \u00faltimos libros y se le homenajeaba entre las personas y los colectivos que trabajaron con \u00e9l o que lo tuvieron como un referente. Aqu\u00ed pod\u00e9is leer su carta de despedida<\/p>\n<p><a href=\"http:\/\/www.viruseditorial.net\/pags\/noticia.php?id=261\" target=\"_blank\" rel=\"noopener\"><strong>Carta de despedida de Ram\u00f3n Fern\u00e1ndez Dur\u00e1n<\/strong><\/a><\/p>\n<hr \/>\n<div>\n<h2><a href=\"https:\/\/www.viruseditorial.net\/es\/editorial\/descargar-pdf\" target=\"_blank\" rel=\"noopener\">Libro en libre descarga de Virus Editorial<\/a><\/h2>\n<\/div>\n<\/div>\n<\/div>\n","protected":false},"excerpt":{"rendered":"<p><strong>Fern\u00e1ndez Dur\u00e1n, Ram\u00f3n<\/strong><br \/>\n9788496044180 &#8211; Virus &#8211; 2003 &#8211; 273 p\u00e1ginas \/orri.<\/p>\n","protected":false},"featured_media":3381,"template":"","meta":[],"product_brand":[],"product_cat":[178,16],"product_tag":[5076,4626,920,2405,57],"class_list":{"0":"post-3351","1":"product","2":"type-product","3":"status-publish","4":"has-post-thumbnail","6":"product_cat-ekonomia-economia","7":"product_cat-libros","8":"product_tag-antimilitarismo","9":"product_tag-deskargak","10":"product_tag-fernandez-duran","11":"product_tag-ramon-fernandez-duran","12":"product_tag-virus","14":"first","15":"outofstock","16":"sold-individually","17":"shipping-taxable","18":"purchasable","19":"product-type-simple"},"yoast_head":"<!-- This site is optimized with the Yoast SEO plugin v27.3 - https:\/\/yoast.com\/product\/yoast-seo-wordpress\/ -->\n<title>Capitalismo financiero global y guerra permanente &#8212; Zapateneo<\/title>\n<meta name=\"robots\" content=\"index, follow, max-snippet:-1, max-image-preview:large, max-video-preview:-1\" \/>\n<link rel=\"canonical\" href=\"https:\/\/zapateneo.net\/wordpress\/index.php\/producto\/capitalismo-financiero-global-y-guerra-permanente\/\" \/>\n<meta property=\"og:locale\" content=\"es_ES\" \/>\n<meta property=\"og:type\" content=\"article\" \/>\n<meta property=\"og:title\" content=\"Capitalismo financiero global y guerra permanente &#8212; Zapateneo\" \/>\n<meta property=\"og:description\" content=\"Fern\u00e1ndez Dur\u00e1n, Ram\u00f3n 9788496044180 - Virus - 2003 - 273 p\u00e1ginas \/orri.\" \/>\n<meta property=\"og:url\" content=\"https:\/\/zapateneo.net\/wordpress\/index.php\/producto\/capitalismo-financiero-global-y-guerra-permanente\/\" \/>\n<meta property=\"og:site_name\" content=\"Zapateneo\" \/>\n<meta property=\"article:modified_time\" content=\"2024-07-19T16:30:14+00:00\" \/>\n<meta property=\"og:image\" content=\"https:\/\/zapateneo.net\/wordpress\/wp-content\/uploads\/2021\/04\/6142.jpg\" \/>\n\t<meta property=\"og:image:width\" content=\"100\" \/>\n\t<meta property=\"og:image:height\" content=\"150\" \/>\n\t<meta property=\"og:image:type\" content=\"image\/jpeg\" \/>\n<meta name=\"twitter:card\" content=\"summary_large_image\" \/>\n<meta name=\"twitter:site\" content=\"@zapateneo\" \/>\n<meta name=\"twitter:label1\" content=\"Tiempo de lectura\" \/>\n\t<meta name=\"twitter:data1\" content=\"2 minutos\" \/>\n<script type=\"application\/ld+json\" class=\"yoast-schema-graph\">{\"@context\":\"https:\\\/\\\/schema.org\",\"@graph\":[{\"@type\":\"WebPage\",\"@id\":\"https:\\\/\\\/zapateneo.net\\\/wordpress\\\/index.php\\\/producto\\\/capitalismo-financiero-global-y-guerra-permanente\\\/\",\"url\":\"https:\\\/\\\/zapateneo.net\\\/wordpress\\\/index.php\\\/producto\\\/capitalismo-financiero-global-y-guerra-permanente\\\/\",\"name\":\"Capitalismo financiero global y guerra permanente &#8212; Zapateneo\",\"isPartOf\":{\"@id\":\"https:\\\/\\\/zapateneo.net\\\/wordpress\\\/#website\"},\"primaryImageOfPage\":{\"@id\":\"https:\\\/\\\/zapateneo.net\\\/wordpress\\\/index.php\\\/producto\\\/capitalismo-financiero-global-y-guerra-permanente\\\/#primaryimage\"},\"image\":{\"@id\":\"https:\\\/\\\/zapateneo.net\\\/wordpress\\\/index.php\\\/producto\\\/capitalismo-financiero-global-y-guerra-permanente\\\/#primaryimage\"},\"thumbnailUrl\":\"https:\\\/\\\/zapateneo.net\\\/wordpress\\\/wp-content\\\/uploads\\\/2021\\\/04\\\/6142.jpg\",\"datePublished\":\"2021-04-08T05:56:58+00:00\",\"dateModified\":\"2024-07-19T16:30:14+00:00\",\"breadcrumb\":{\"@id\":\"https:\\\/\\\/zapateneo.net\\\/wordpress\\\/index.php\\\/producto\\\/capitalismo-financiero-global-y-guerra-permanente\\\/#breadcrumb\"},\"inLanguage\":\"es\",\"potentialAction\":[{\"@type\":\"ReadAction\",\"target\":[\"https:\\\/\\\/zapateneo.net\\\/wordpress\\\/index.php\\\/producto\\\/capitalismo-financiero-global-y-guerra-permanente\\\/\"]}]},{\"@type\":\"ImageObject\",\"inLanguage\":\"es\",\"@id\":\"https:\\\/\\\/zapateneo.net\\\/wordpress\\\/index.php\\\/producto\\\/capitalismo-financiero-global-y-guerra-permanente\\\/#primaryimage\",\"url\":\"https:\\\/\\\/zapateneo.net\\\/wordpress\\\/wp-content\\\/uploads\\\/2021\\\/04\\\/6142.jpg\",\"contentUrl\":\"https:\\\/\\\/zapateneo.net\\\/wordpress\\\/wp-content\\\/uploads\\\/2021\\\/04\\\/6142.jpg\",\"width\":100,\"height\":150},{\"@type\":\"BreadcrumbList\",\"@id\":\"https:\\\/\\\/zapateneo.net\\\/wordpress\\\/index.php\\\/producto\\\/capitalismo-financiero-global-y-guerra-permanente\\\/#breadcrumb\",\"itemListElement\":[{\"@type\":\"ListItem\",\"position\":1,\"name\":\"Portada\",\"item\":\"https:\\\/\\\/zapateneo.net\\\/wordpress\\\/\"},{\"@type\":\"ListItem\",\"position\":2,\"name\":\"Tienda\",\"item\":\"https:\\\/\\\/zapateneo.net\\\/wordpress\\\/\"},{\"@type\":\"ListItem\",\"position\":3,\"name\":\"Capitalismo financiero global y guerra permanente\"}]},{\"@type\":\"WebSite\",\"@id\":\"https:\\\/\\\/zapateneo.net\\\/wordpress\\\/#website\",\"url\":\"https:\\\/\\\/zapateneo.net\\\/wordpress\\\/\",\"name\":\"Zapateneo\",\"description\":\"Zapateneoaren webgunea\",\"publisher\":{\"@id\":\"https:\\\/\\\/zapateneo.net\\\/wordpress\\\/#organization\"},\"potentialAction\":[{\"@type\":\"SearchAction\",\"target\":{\"@type\":\"EntryPoint\",\"urlTemplate\":\"https:\\\/\\\/zapateneo.net\\\/wordpress\\\/?s={search_term_string}\"},\"query-input\":{\"@type\":\"PropertyValueSpecification\",\"valueRequired\":true,\"valueName\":\"search_term_string\"}}],\"inLanguage\":\"es\"},{\"@type\":\"Organization\",\"@id\":\"https:\\\/\\\/zapateneo.net\\\/wordpress\\\/#organization\",\"name\":\"Zapateneo Kultur Elkartea\",\"url\":\"https:\\\/\\\/zapateneo.net\\\/wordpress\\\/\",\"logo\":{\"@type\":\"ImageObject\",\"inLanguage\":\"es\",\"@id\":\"https:\\\/\\\/zapateneo.net\\\/wordpress\\\/#\\\/schema\\\/logo\\\/image\\\/\",\"url\":\"https:\\\/\\\/zapateneo.net\\\/wordpress\\\/wp-content\\\/uploads\\\/2021\\\/04\\\/zap-libu-kolec.jpg\",\"contentUrl\":\"https:\\\/\\\/zapateneo.net\\\/wordpress\\\/wp-content\\\/uploads\\\/2021\\\/04\\\/zap-libu-kolec.jpg\",\"width\":2234,\"height\":398,\"caption\":\"Zapateneo Kultur Elkartea\"},\"image\":{\"@id\":\"https:\\\/\\\/zapateneo.net\\\/wordpress\\\/#\\\/schema\\\/logo\\\/image\\\/\"},\"sameAs\":[\"https:\\\/\\\/x.com\\\/zapateneo\"]}]}<\/script>\n<!-- \/ Yoast SEO plugin. -->","yoast_head_json":{"title":"Capitalismo financiero global y guerra permanente &#8212; Zapateneo","robots":{"index":"index","follow":"follow","max-snippet":"max-snippet:-1","max-image-preview":"max-image-preview:large","max-video-preview":"max-video-preview:-1"},"canonical":"https:\/\/zapateneo.net\/wordpress\/index.php\/producto\/capitalismo-financiero-global-y-guerra-permanente\/","og_locale":"es_ES","og_type":"article","og_title":"Capitalismo financiero global y guerra permanente &#8212; Zapateneo","og_description":"Fern\u00e1ndez Dur\u00e1n, Ram\u00f3n 9788496044180 - Virus - 2003 - 273 p\u00e1ginas \/orri.","og_url":"https:\/\/zapateneo.net\/wordpress\/index.php\/producto\/capitalismo-financiero-global-y-guerra-permanente\/","og_site_name":"Zapateneo","article_modified_time":"2024-07-19T16:30:14+00:00","og_image":[{"width":100,"height":150,"url":"https:\/\/zapateneo.net\/wordpress\/wp-content\/uploads\/2021\/04\/6142.jpg","type":"image\/jpeg"}],"twitter_card":"summary_large_image","twitter_site":"@zapateneo","twitter_misc":{"Tiempo de lectura":"2 minutos"},"schema":{"@context":"https:\/\/schema.org","@graph":[{"@type":"WebPage","@id":"https:\/\/zapateneo.net\/wordpress\/index.php\/producto\/capitalismo-financiero-global-y-guerra-permanente\/","url":"https:\/\/zapateneo.net\/wordpress\/index.php\/producto\/capitalismo-financiero-global-y-guerra-permanente\/","name":"Capitalismo financiero global y guerra permanente &#8212; Zapateneo","isPartOf":{"@id":"https:\/\/zapateneo.net\/wordpress\/#website"},"primaryImageOfPage":{"@id":"https:\/\/zapateneo.net\/wordpress\/index.php\/producto\/capitalismo-financiero-global-y-guerra-permanente\/#primaryimage"},"image":{"@id":"https:\/\/zapateneo.net\/wordpress\/index.php\/producto\/capitalismo-financiero-global-y-guerra-permanente\/#primaryimage"},"thumbnailUrl":"https:\/\/zapateneo.net\/wordpress\/wp-content\/uploads\/2021\/04\/6142.jpg","datePublished":"2021-04-08T05:56:58+00:00","dateModified":"2024-07-19T16:30:14+00:00","breadcrumb":{"@id":"https:\/\/zapateneo.net\/wordpress\/index.php\/producto\/capitalismo-financiero-global-y-guerra-permanente\/#breadcrumb"},"inLanguage":"es","potentialAction":[{"@type":"ReadAction","target":["https:\/\/zapateneo.net\/wordpress\/index.php\/producto\/capitalismo-financiero-global-y-guerra-permanente\/"]}]},{"@type":"ImageObject","inLanguage":"es","@id":"https:\/\/zapateneo.net\/wordpress\/index.php\/producto\/capitalismo-financiero-global-y-guerra-permanente\/#primaryimage","url":"https:\/\/zapateneo.net\/wordpress\/wp-content\/uploads\/2021\/04\/6142.jpg","contentUrl":"https:\/\/zapateneo.net\/wordpress\/wp-content\/uploads\/2021\/04\/6142.jpg","width":100,"height":150},{"@type":"BreadcrumbList","@id":"https:\/\/zapateneo.net\/wordpress\/index.php\/producto\/capitalismo-financiero-global-y-guerra-permanente\/#breadcrumb","itemListElement":[{"@type":"ListItem","position":1,"name":"Portada","item":"https:\/\/zapateneo.net\/wordpress\/"},{"@type":"ListItem","position":2,"name":"Tienda","item":"https:\/\/zapateneo.net\/wordpress\/"},{"@type":"ListItem","position":3,"name":"Capitalismo financiero global y guerra permanente"}]},{"@type":"WebSite","@id":"https:\/\/zapateneo.net\/wordpress\/#website","url":"https:\/\/zapateneo.net\/wordpress\/","name":"Zapateneo","description":"Zapateneoaren webgunea","publisher":{"@id":"https:\/\/zapateneo.net\/wordpress\/#organization"},"potentialAction":[{"@type":"SearchAction","target":{"@type":"EntryPoint","urlTemplate":"https:\/\/zapateneo.net\/wordpress\/?s={search_term_string}"},"query-input":{"@type":"PropertyValueSpecification","valueRequired":true,"valueName":"search_term_string"}}],"inLanguage":"es"},{"@type":"Organization","@id":"https:\/\/zapateneo.net\/wordpress\/#organization","name":"Zapateneo Kultur Elkartea","url":"https:\/\/zapateneo.net\/wordpress\/","logo":{"@type":"ImageObject","inLanguage":"es","@id":"https:\/\/zapateneo.net\/wordpress\/#\/schema\/logo\/image\/","url":"https:\/\/zapateneo.net\/wordpress\/wp-content\/uploads\/2021\/04\/zap-libu-kolec.jpg","contentUrl":"https:\/\/zapateneo.net\/wordpress\/wp-content\/uploads\/2021\/04\/zap-libu-kolec.jpg","width":2234,"height":398,"caption":"Zapateneo Kultur Elkartea"},"image":{"@id":"https:\/\/zapateneo.net\/wordpress\/#\/schema\/logo\/image\/"},"sameAs":["https:\/\/x.com\/zapateneo"]}]}},"_links":{"self":[{"href":"https:\/\/zapateneo.net\/wordpress\/index.php\/wp-json\/wp\/v2\/product\/3351","targetHints":{"allow":["GET"]}}],"collection":[{"href":"https:\/\/zapateneo.net\/wordpress\/index.php\/wp-json\/wp\/v2\/product"}],"about":[{"href":"https:\/\/zapateneo.net\/wordpress\/index.php\/wp-json\/wp\/v2\/types\/product"}],"wp:featuredmedia":[{"embeddable":true,"href":"https:\/\/zapateneo.net\/wordpress\/index.php\/wp-json\/wp\/v2\/media\/3381"}],"wp:attachment":[{"href":"https:\/\/zapateneo.net\/wordpress\/index.php\/wp-json\/wp\/v2\/media?parent=3351"}],"wp:term":[{"taxonomy":"product_brand","embeddable":true,"href":"https:\/\/zapateneo.net\/wordpress\/index.php\/wp-json\/wp\/v2\/product_brand?post=3351"},{"taxonomy":"product_cat","embeddable":true,"href":"https:\/\/zapateneo.net\/wordpress\/index.php\/wp-json\/wp\/v2\/product_cat?post=3351"},{"taxonomy":"product_tag","embeddable":true,"href":"https:\/\/zapateneo.net\/wordpress\/index.php\/wp-json\/wp\/v2\/product_tag?post=3351"}],"curies":[{"name":"wp","href":"https:\/\/api.w.org\/{rel}","templated":true}]}}