{"id":3321,"date":"2021-04-08T06:56:23","date_gmt":"2021-04-08T05:56:23","guid":{"rendered":"https:\/\/zapateneo.net\/wordpress\/?post_type=product&#038;p=3321"},"modified":"2021-04-08T06:57:09","modified_gmt":"2021-04-08T05:57:09","slug":"bioeconomia-y-capitalismo-cognitivo","status":"publish","type":"product","link":"https:\/\/zapateneo.net\/wordpress\/index.php\/producto\/bioeconomia-y-capitalismo-cognitivo\/","title":{"rendered":"bioeconom\u00eda y capitalismo cognitivo"},"content":{"rendered":"<p><span><\/p>\n<p>&nbsp;<\/p>\n<p><span><\/p>\n<p>&nbsp;<\/p>\n<p><span><\/p>\n<p>&nbsp;<\/p>\n<p class=\"completo_quien\">de Andrea Fumagalli<\/p>\n<p class=\"completo_editorial\">Colecci&oacute;n:Mapas 29<\/p>\n<p class=\"completo_tema\">Tema:<br \/>\n Econom&iacute;a, biopoder, capitalismo cognitivo<\/p>\n<div class=\"libro_tema\">\n<p> <strong>Bioeconom&iacute;a:<\/strong><\/p>\n<ol>\n<li>Paradigma econ&oacute;mico que tiene como objeto de intercambio,  acumulaci&oacute;n y valorizaci&oacute;n, las facultades vitales de los seres humanos,  en primer lugar el lenguaje y la capacidad de generar conocimiento.<\/li>\n<li>Intento de subsunci&oacute;n total de la vida en el capital.<\/li>\n<li>Valorizaci&oacute;n y explotaci&oacute;n capitalista del general intellect.<\/li>\n<li>Concepto espejo de biopoder; difusi&oacute;n de dispositivos de control  sobre las actividades sociales con el fin de transformarlas en  relaciones econ&oacute;micas productivas.<\/li>\n<\/ol>\n<p> &Eacute;sta es una obra ambiciosa. Intenta determinar lo que se podr&iacute;a  comprender como un nuevo paradigma de acumulaci&oacute;n. A trav&eacute;s de un  profundo an&aacute;lisis hist&oacute;rico y te&oacute;rico, en el que se dan cita desde los  cl&aacute;sicos (Marx, Schumpeter y Keynes), hasta las corrientes econ&oacute;micas  cr&iacute;ticas (Saffra, los regulacionistas, Galbraith, Chandler) y m&aacute;s  heterodoxas (como el opera&iacute;smo italiano y franc&eacute;s), Andrea Fumagalli  propone una nueva cr&iacute;tica de la econom&iacute;a pol&iacute;tica del capitalismo  transformado.      Un capitalismo, llamado cognitivo, en el que las mutaciones de la  producci&oacute;n, la primac&iacute;a de la financiarizaci&oacute;n y la centralidad del  conocimiento y la informaci&oacute;n se anudan con lo que definitivamente  constituye su base: la explotaci&oacute;n de las capacidades ling&uuml;&iacute;sticas,  cognitivas y relacionales de los individuos. La vida misma puesta a  trabajar, al precio de una existencia hecha precariedad. Por eso el  autor no se conforma con un an&aacute;lisis exhaustivo sino que &eacute;ste sirve para  argumentar la necesidad del derecho a la renta (renta b&aacute;sica), a elegir  empleo y condiciones de trabajo (flexicurity) y a acceder y defender lo  com&uacute;n (commomfare). Como siempre, no obstante, el devenir subversivo de  estas propuestas depende de la capacidad de la multitud precaria para  hacer expl&iacute;cita su potencia pol&iacute;tica.      <\/p>\n<p> <strong>Andrea Fumagalli<\/strong><\/p>\n<p> es profesor de econom&iacute;a pol&iacute;tica de la Universidad de Pav&iacute;a. Militante  de la autonom&iacute;a italiana desde los a&ntilde;os setenta, en la actualidad  participa activamente en la Uninomade, experiencia de formaci&oacute;n y  producci&oacute;n intelectual anclada en las iniciativas pol&iacute;ticas de los  movimientos. Su trayectoria intelectual viene marcada por la b&uacute;squeda de  nuevas herramientas conceptuales que permitan afrontar las  transformaciones de un capitalismo que cada vez se presenta m&aacute;s oscuro.  As&iacute; lo muestran sus trabajos sobre la financiarizaci&oacute;n, el capitalismo  cognitivo y las mutaciones del trabajo: Il lavoro. Nuovo e vecchio  sfruttamento (2006) y Finanza fai da te. Borsa e risparmi nel mercato  globale (2001), ambos todav&iacute;a no publicados en castellano.       <\/p>\n<p> <a href=\"http:\/\/www.traficantes.net\/index.php\/trafis\/libreria\/noticias\/presentacion_del_libro_bioeconomia_y_capitalismo_cognitivo\" target=\"_self\" rel=\"noopener\">Ver video de la presentaci&oacute;n del libro en Traficantes de Sue&ntilde;os<\/a><\/p>\n<\/div>\n<div class=\"numero_paginas\">N&uacute;mero de p&aacute;ginas: 352<\/div>\n<p>&nbsp;<\/p>\n<div class=\"precio\"><acronym title=\"Precio de Venta al P&uacute;blico\">P.V.P<\/acronym>: 25 &euro;<\/div>\n<p class=\"isbn\"><a title=\"Descargar PDF de Bioeconom&iacute;a y capitalismo cognitivo. Hacia un nuevo paradigma de acumulaci&oacute;n.\" href=\"http:\/\/www.traficantes.net\/index.php\/trafis\/content\/download\/25328\/240993\/file\/bioeconomia_web.pdf\">Descargar PDF <\/a><\/p>\n<p>&nbsp;<\/p>\n<p><\/span><\/p>\n<p>&nbsp;<\/p>\n<p><\/span><\/p>\n<p>&nbsp;<\/p>\n<p><\/span><\/p>\n","protected":false},"excerpt":{"rendered":"<p><strong>Andrea Fumagalli<\/strong><br \/>\n9788496453548 &#8211; traficantes de sue\u00f1os &#8211; 2010 &#8211; 352 p\u00e1ginas \/orri.<\/p>\n","protected":false},"featured_media":3372,"template":"","meta":[],"product_brand":[],"product_cat":[178,16],"product_tag":[2370,72],"class_list":{"0":"post-3321","1":"product","2":"type-product","3":"status-publish","4":"has-post-thumbnail","6":"product_cat-ekonomia-economia","7":"product_cat-libros","8":"product_tag-andrea-fumagalli","9":"product_tag-traficantes-de-suenos","11":"first","12":"instock","13":"sold-individually","14":"shipping-taxable","15":"purchasable","16":"product-type-simple"},"yoast_head":"<!-- This site is optimized with the Yoast SEO plugin v27.4 - https:\/\/yoast.com\/product\/yoast-seo-wordpress\/ -->\n<title>bioeconom\u00eda y capitalismo cognitivo &#8212; Zapateneo<\/title>\n<meta name=\"robots\" content=\"index, follow, max-snippet:-1, max-image-preview:large, max-video-preview:-1\" \/>\n<link rel=\"canonical\" href=\"https:\/\/zapateneo.net\/wordpress\/index.php\/producto\/bioeconomia-y-capitalismo-cognitivo\/\" \/>\n<meta property=\"og:locale\" content=\"es_ES\" \/>\n<meta property=\"og:type\" content=\"article\" \/>\n<meta property=\"og:title\" content=\"bioeconom\u00eda y capitalismo cognitivo &#8212; Zapateneo\" \/>\n<meta property=\"og:description\" content=\"Andrea Fumagalli 9788496453548 - traficantes de sue\u00f1os - 2010 - 352 p\u00e1ginas \/orri.\" \/>\n<meta property=\"og:url\" content=\"https:\/\/zapateneo.net\/wordpress\/index.php\/producto\/bioeconomia-y-capitalismo-cognitivo\/\" \/>\n<meta property=\"og:site_name\" content=\"Zapateneo\" \/>\n<meta property=\"article:modified_time\" content=\"2021-04-08T05:57:09+00:00\" \/>\n<meta property=\"og:image\" content=\"https:\/\/zapateneo.net\/wordpress\/wp-content\/uploads\/2021\/04\/6547.jpg\" \/>\n\t<meta property=\"og:image:width\" content=\"200\" \/>\n\t<meta property=\"og:image:height\" content=\"286\" \/>\n\t<meta property=\"og:image:type\" content=\"image\/jpeg\" \/>\n<meta name=\"twitter:card\" content=\"summary_large_image\" \/>\n<meta name=\"twitter:site\" content=\"@zapateneo\" \/>\n<meta name=\"twitter:label1\" content=\"Tiempo de lectura\" \/>\n\t<meta name=\"twitter:data1\" content=\"3 minutos\" \/>\n<script type=\"application\/ld+json\" class=\"yoast-schema-graph\">{\"@context\":\"https:\\\/\\\/schema.org\",\"@graph\":[{\"@type\":\"WebPage\",\"@id\":\"https:\\\/\\\/zapateneo.net\\\/wordpress\\\/index.php\\\/producto\\\/bioeconomia-y-capitalismo-cognitivo\\\/\",\"url\":\"https:\\\/\\\/zapateneo.net\\\/wordpress\\\/index.php\\\/producto\\\/bioeconomia-y-capitalismo-cognitivo\\\/\",\"name\":\"bioeconom\u00eda y capitalismo cognitivo &#8212; Zapateneo\",\"isPartOf\":{\"@id\":\"https:\\\/\\\/zapateneo.net\\\/wordpress\\\/#website\"},\"primaryImageOfPage\":{\"@id\":\"https:\\\/\\\/zapateneo.net\\\/wordpress\\\/index.php\\\/producto\\\/bioeconomia-y-capitalismo-cognitivo\\\/#primaryimage\"},\"image\":{\"@id\":\"https:\\\/\\\/zapateneo.net\\\/wordpress\\\/index.php\\\/producto\\\/bioeconomia-y-capitalismo-cognitivo\\\/#primaryimage\"},\"thumbnailUrl\":\"https:\\\/\\\/zapateneo.net\\\/wordpress\\\/wp-content\\\/uploads\\\/2021\\\/04\\\/6547.jpg\",\"datePublished\":\"2021-04-08T05:56:23+00:00\",\"dateModified\":\"2021-04-08T05:57:09+00:00\",\"breadcrumb\":{\"@id\":\"https:\\\/\\\/zapateneo.net\\\/wordpress\\\/index.php\\\/producto\\\/bioeconomia-y-capitalismo-cognitivo\\\/#breadcrumb\"},\"inLanguage\":\"es\",\"potentialAction\":[{\"@type\":\"ReadAction\",\"target\":[\"https:\\\/\\\/zapateneo.net\\\/wordpress\\\/index.php\\\/producto\\\/bioeconomia-y-capitalismo-cognitivo\\\/\"]}]},{\"@type\":\"ImageObject\",\"inLanguage\":\"es\",\"@id\":\"https:\\\/\\\/zapateneo.net\\\/wordpress\\\/index.php\\\/producto\\\/bioeconomia-y-capitalismo-cognitivo\\\/#primaryimage\",\"url\":\"https:\\\/\\\/zapateneo.net\\\/wordpress\\\/wp-content\\\/uploads\\\/2021\\\/04\\\/6547.jpg\",\"contentUrl\":\"https:\\\/\\\/zapateneo.net\\\/wordpress\\\/wp-content\\\/uploads\\\/2021\\\/04\\\/6547.jpg\",\"width\":200,\"height\":286},{\"@type\":\"BreadcrumbList\",\"@id\":\"https:\\\/\\\/zapateneo.net\\\/wordpress\\\/index.php\\\/producto\\\/bioeconomia-y-capitalismo-cognitivo\\\/#breadcrumb\",\"itemListElement\":[{\"@type\":\"ListItem\",\"position\":1,\"name\":\"Portada\",\"item\":\"https:\\\/\\\/zapateneo.net\\\/wordpress\\\/\"},{\"@type\":\"ListItem\",\"position\":2,\"name\":\"Tienda\",\"item\":\"https:\\\/\\\/zapateneo.net\\\/wordpress\\\/\"},{\"@type\":\"ListItem\",\"position\":3,\"name\":\"bioeconom\u00eda y capitalismo cognitivo\"}]},{\"@type\":\"WebSite\",\"@id\":\"https:\\\/\\\/zapateneo.net\\\/wordpress\\\/#website\",\"url\":\"https:\\\/\\\/zapateneo.net\\\/wordpress\\\/\",\"name\":\"Zapateneo\",\"description\":\"Zapateneoaren webgunea\",\"publisher\":{\"@id\":\"https:\\\/\\\/zapateneo.net\\\/wordpress\\\/#organization\"},\"potentialAction\":[{\"@type\":\"SearchAction\",\"target\":{\"@type\":\"EntryPoint\",\"urlTemplate\":\"https:\\\/\\\/zapateneo.net\\\/wordpress\\\/?s={search_term_string}\"},\"query-input\":{\"@type\":\"PropertyValueSpecification\",\"valueRequired\":true,\"valueName\":\"search_term_string\"}}],\"inLanguage\":\"es\"},{\"@type\":\"Organization\",\"@id\":\"https:\\\/\\\/zapateneo.net\\\/wordpress\\\/#organization\",\"name\":\"Zapateneo Kultur Elkartea\",\"url\":\"https:\\\/\\\/zapateneo.net\\\/wordpress\\\/\",\"logo\":{\"@type\":\"ImageObject\",\"inLanguage\":\"es\",\"@id\":\"https:\\\/\\\/zapateneo.net\\\/wordpress\\\/#\\\/schema\\\/logo\\\/image\\\/\",\"url\":\"https:\\\/\\\/zapateneo.net\\\/wordpress\\\/wp-content\\\/uploads\\\/2021\\\/04\\\/zap-libu-kolec.jpg\",\"contentUrl\":\"https:\\\/\\\/zapateneo.net\\\/wordpress\\\/wp-content\\\/uploads\\\/2021\\\/04\\\/zap-libu-kolec.jpg\",\"width\":2234,\"height\":398,\"caption\":\"Zapateneo Kultur Elkartea\"},\"image\":{\"@id\":\"https:\\\/\\\/zapateneo.net\\\/wordpress\\\/#\\\/schema\\\/logo\\\/image\\\/\"},\"sameAs\":[\"https:\\\/\\\/x.com\\\/zapateneo\"]}]}<\/script>\n<!-- \/ Yoast SEO plugin. -->","yoast_head_json":{"title":"bioeconom\u00eda y capitalismo cognitivo &#8212; Zapateneo","robots":{"index":"index","follow":"follow","max-snippet":"max-snippet:-1","max-image-preview":"max-image-preview:large","max-video-preview":"max-video-preview:-1"},"canonical":"https:\/\/zapateneo.net\/wordpress\/index.php\/producto\/bioeconomia-y-capitalismo-cognitivo\/","og_locale":"es_ES","og_type":"article","og_title":"bioeconom\u00eda y capitalismo cognitivo &#8212; Zapateneo","og_description":"Andrea Fumagalli 9788496453548 - traficantes de sue\u00f1os - 2010 - 352 p\u00e1ginas \/orri.","og_url":"https:\/\/zapateneo.net\/wordpress\/index.php\/producto\/bioeconomia-y-capitalismo-cognitivo\/","og_site_name":"Zapateneo","article_modified_time":"2021-04-08T05:57:09+00:00","og_image":[{"width":200,"height":286,"url":"https:\/\/zapateneo.net\/wordpress\/wp-content\/uploads\/2021\/04\/6547.jpg","type":"image\/jpeg"}],"twitter_card":"summary_large_image","twitter_site":"@zapateneo","twitter_misc":{"Tiempo de lectura":"3 minutos"},"schema":{"@context":"https:\/\/schema.org","@graph":[{"@type":"WebPage","@id":"https:\/\/zapateneo.net\/wordpress\/index.php\/producto\/bioeconomia-y-capitalismo-cognitivo\/","url":"https:\/\/zapateneo.net\/wordpress\/index.php\/producto\/bioeconomia-y-capitalismo-cognitivo\/","name":"bioeconom\u00eda y capitalismo cognitivo &#8212; Zapateneo","isPartOf":{"@id":"https:\/\/zapateneo.net\/wordpress\/#website"},"primaryImageOfPage":{"@id":"https:\/\/zapateneo.net\/wordpress\/index.php\/producto\/bioeconomia-y-capitalismo-cognitivo\/#primaryimage"},"image":{"@id":"https:\/\/zapateneo.net\/wordpress\/index.php\/producto\/bioeconomia-y-capitalismo-cognitivo\/#primaryimage"},"thumbnailUrl":"https:\/\/zapateneo.net\/wordpress\/wp-content\/uploads\/2021\/04\/6547.jpg","datePublished":"2021-04-08T05:56:23+00:00","dateModified":"2021-04-08T05:57:09+00:00","breadcrumb":{"@id":"https:\/\/zapateneo.net\/wordpress\/index.php\/producto\/bioeconomia-y-capitalismo-cognitivo\/#breadcrumb"},"inLanguage":"es","potentialAction":[{"@type":"ReadAction","target":["https:\/\/zapateneo.net\/wordpress\/index.php\/producto\/bioeconomia-y-capitalismo-cognitivo\/"]}]},{"@type":"ImageObject","inLanguage":"es","@id":"https:\/\/zapateneo.net\/wordpress\/index.php\/producto\/bioeconomia-y-capitalismo-cognitivo\/#primaryimage","url":"https:\/\/zapateneo.net\/wordpress\/wp-content\/uploads\/2021\/04\/6547.jpg","contentUrl":"https:\/\/zapateneo.net\/wordpress\/wp-content\/uploads\/2021\/04\/6547.jpg","width":200,"height":286},{"@type":"BreadcrumbList","@id":"https:\/\/zapateneo.net\/wordpress\/index.php\/producto\/bioeconomia-y-capitalismo-cognitivo\/#breadcrumb","itemListElement":[{"@type":"ListItem","position":1,"name":"Portada","item":"https:\/\/zapateneo.net\/wordpress\/"},{"@type":"ListItem","position":2,"name":"Tienda","item":"https:\/\/zapateneo.net\/wordpress\/"},{"@type":"ListItem","position":3,"name":"bioeconom\u00eda y capitalismo cognitivo"}]},{"@type":"WebSite","@id":"https:\/\/zapateneo.net\/wordpress\/#website","url":"https:\/\/zapateneo.net\/wordpress\/","name":"Zapateneo","description":"Zapateneoaren webgunea","publisher":{"@id":"https:\/\/zapateneo.net\/wordpress\/#organization"},"potentialAction":[{"@type":"SearchAction","target":{"@type":"EntryPoint","urlTemplate":"https:\/\/zapateneo.net\/wordpress\/?s={search_term_string}"},"query-input":{"@type":"PropertyValueSpecification","valueRequired":true,"valueName":"search_term_string"}}],"inLanguage":"es"},{"@type":"Organization","@id":"https:\/\/zapateneo.net\/wordpress\/#organization","name":"Zapateneo Kultur Elkartea","url":"https:\/\/zapateneo.net\/wordpress\/","logo":{"@type":"ImageObject","inLanguage":"es","@id":"https:\/\/zapateneo.net\/wordpress\/#\/schema\/logo\/image\/","url":"https:\/\/zapateneo.net\/wordpress\/wp-content\/uploads\/2021\/04\/zap-libu-kolec.jpg","contentUrl":"https:\/\/zapateneo.net\/wordpress\/wp-content\/uploads\/2021\/04\/zap-libu-kolec.jpg","width":2234,"height":398,"caption":"Zapateneo Kultur Elkartea"},"image":{"@id":"https:\/\/zapateneo.net\/wordpress\/#\/schema\/logo\/image\/"},"sameAs":["https:\/\/x.com\/zapateneo"]}]}},"_links":{"self":[{"href":"https:\/\/zapateneo.net\/wordpress\/index.php\/wp-json\/wp\/v2\/product\/3321","targetHints":{"allow":["GET"]}}],"collection":[{"href":"https:\/\/zapateneo.net\/wordpress\/index.php\/wp-json\/wp\/v2\/product"}],"about":[{"href":"https:\/\/zapateneo.net\/wordpress\/index.php\/wp-json\/wp\/v2\/types\/product"}],"wp:featuredmedia":[{"embeddable":true,"href":"https:\/\/zapateneo.net\/wordpress\/index.php\/wp-json\/wp\/v2\/media\/3372"}],"wp:attachment":[{"href":"https:\/\/zapateneo.net\/wordpress\/index.php\/wp-json\/wp\/v2\/media?parent=3321"}],"wp:term":[{"taxonomy":"product_brand","embeddable":true,"href":"https:\/\/zapateneo.net\/wordpress\/index.php\/wp-json\/wp\/v2\/product_brand?post=3321"},{"taxonomy":"product_cat","embeddable":true,"href":"https:\/\/zapateneo.net\/wordpress\/index.php\/wp-json\/wp\/v2\/product_cat?post=3321"},{"taxonomy":"product_tag","embeddable":true,"href":"https:\/\/zapateneo.net\/wordpress\/index.php\/wp-json\/wp\/v2\/product_tag?post=3321"}],"curies":[{"name":"wp","href":"https:\/\/api.w.org\/{rel}","templated":true}]}}