{"id":3320,"date":"2021-04-08T06:56:23","date_gmt":"2021-04-08T05:56:23","guid":{"rendered":"https:\/\/zapateneo.net\/wordpress\/?post_type=product&#038;p=3320"},"modified":"2021-04-08T06:57:08","modified_gmt":"2021-04-08T05:57:08","slug":"fin-de-ciclo","status":"publish","type":"product","link":"https:\/\/zapateneo.net\/wordpress\/index.php\/producto\/fin-de-ciclo\/","title":{"rendered":"Fin de ciclo"},"content":{"rendered":"<p><span><\/p>\n<p>&nbsp;<\/p>\n<p><span> <\/span><\/p>\n<p>&nbsp;<\/p>\n<p><span> <\/span><\/p>\n<p>&nbsp;<\/p>\n<p><span> <\/span><\/p>\n<p>&nbsp;<\/p>\n<p>de Isidro L&oacute;pez y Emmanuel Rodr&iacute;guez (Observatorio Metropolitano)<\/p>\n<p>Colecci&oacute;n:&Uacute;tiles 9<\/p>\n<p>Tema: Econom&iacute;a, Crisis, financiarizaci&oacute;n<\/p>\n<p>La nueva Gran Depresi&oacute;n ha puesto fin a una de las mayores etapas de prosperidad de la historia econ&oacute;mica espa&ntilde;ola. Durante m&aacute;s de una d&eacute;cada, entre finales de 1994 y principios de 2008, la econom&iacute;a espa&ntilde;ola creci&oacute; a un ritmo continuo y sostenido, generalmente m&aacute;s alto que el de la mayor parte de sus socios europeos. La elevada tasa de creaci&oacute;n de empleo, permiti&oacute; incorporar el mayor contingente de fuerza de trabajo de toda su historia: siete millones de trabajadores, la mitad migrantes procedentes del Sur global. El motor de la euforia pareci&oacute; residir en la llamada &laquo;econom&iacute;a del ladrillo&raquo;. La fuerte expansi&oacute;n del sector de la construcci&oacute;n se tradujo, en efecto, en la producci&oacute;n de m&aacute;s de cuatro millones de viviendas, al tiempo que el pa&iacute;s se convert&iacute;a, por mor de la fuerte inversi&oacute;n p&uacute;blica, en el primer Estado de la Uni&oacute;n Europea por kil&oacute;metros de autov&iacute;a, y luego por kil&oacute;metros de ferrocarril de alta velocidad. De todos modos, el dato m&aacute;s significativo de estos a&ntilde;os, no estaba en la fuerte tasa de inversi&oacute;n inmobiliaria, sino en el espectacular incremento del valor del patrimonio de las familias que creci&oacute; en m&aacute;s de tres veces, en s&oacute;lo diez, a&ntilde;os gracias a la continua alza de los precios<br \/>\n de la vivienda. Mientras dur&oacute;, fueron pocos los que se atrevieron ya no a criticar, sino incluso a querer conocer abiertamente, estos mecanismos. La manta de asfalto sobre los &uacute;ltimos espacios abiertos de la costa mediterr&aacute;nea, la amenaza sobre un creciente n&uacute;mero de ecosistemas, el irreversible agotamiento de los ciclos h&iacute;dricos de las regiones m&aacute;s deficitarias y el fuerte aumento de los consumos de materiales, especialmente energ&iacute;a, no pasaron inadvertidos, pero fueron infravalorados como un &laquo;coste menor&raquo; de un modelo de crecimiento que prove&iacute;a riqueza a espuertas, tanto a los agentes empresariales y a las arcas p&uacute;blicas como a importantes franjas sociales. Mucho menos se&ntilde;alada fue la aparente paradoja de c&oacute;mo se pod&iacute;a crecer a ese ritmo con un modelo laboral caracterizado por una creciente precarizaci&oacute;n y segregaci&oacute;n -al que se a&ntilde;ad&iacute;a el apartheid legal de los migrantes de los pa&iacute;ses del Sur- y por un estancamiento a largo plazo de los salarios reales de al menos &iexcl;el 60 % de la poblaci&oacute;n! Indudablemente, esto fue posible porque el r&aacute;pido crecimiento del cr&eacute;dito y la evoluci&oacute;n de la burbuja patrimonial permitieron un significativo incremento del consumo dom&eacute;stico que, otra vez, fue mayor que el de los pa&iacute;ses europeos. Es aqu&iacute;, y no tanto en una conspiraci&oacute;n pol&iacute;tica, donde se debe encontrar el sello de consenso del modelo de desarrollo. La riqueza hab&iacute;a parecido beneficiar a pr&aacute;cticamente todos, porque pr&aacute;cticamente todos hab&iacute;an tenido acceso a la propiedad del bien que estaba sirviendo de base a la burbuja especulativa: la vivienda. Nadie pod&iacute;a pensar entonces que, en poco m&aacute;s de un a&ntilde;o, la antigua riqueza se convirtiera en quiebras empresariales, endeudamiento, paro y la amenaza de una implosi&oacute;n social de efectos imprevisibles. En efecto, como si de un an&aacute;lisis cl&iacute;nico se tratara, la crisis ha desvelado la debilidad de las bases de este modelo. Por debajo del potente resplandor de la riqueza financiera late una situaci&oacute;n mayoritaria de desposesi&oacute;n, desigualdad y precariedad. Lo m&aacute;s inquietante de la actual coyuntura no se encuentra, por lo tanto, en la mayor o menor prontitud de una recuperaci&oacute;n que probablemente insistir&aacute; en las f&oacute;rmulas financieras o inmobiliarias de los a&ntilde;os pasados, sino en el estallido de una crisis social que s&oacute;lo ahora empezamos a vislumbrar. Es en esta encrucijada en la que las luchas en torno a la distribuci&oacute;n de la riqueza social se vuelven decisivas y en la que el debate sobre lo que siempre subyace a toda discusi&oacute;n econ&oacute;mica se hace m&aacute;s urgente que nunca.<\/p>\n<p>Ver rese&ntilde;a de Jaime Pastor publicada en la Revista Viento Sur<\/p>\n<p>N&uacute;mero de p&aacute;ginas: 503<\/p>\n<p>P.V.P: 24 &euro;<\/p>\n<p><a title=\"Descargar PDF de Fin de ciclo. Financiarizaci&oacute;n, territorio y sociedad de propietarios en la onda larga del capitalismo hispano (1959-2010)\" href=\"http:\/\/www.traficantes.net\/index.php\/trafis\/content\/download\/24340\/233375\/file\/findecicloweb2.pdf\">Descargar PDF <\/a><\/p>\n<p>&nbsp;<\/p>\n<p>&nbsp;<\/p>\n<p>&nbsp;<\/p>\n<p>&nbsp;<\/p>\n<p>&nbsp;<\/p>\n<p>&nbsp;<\/p>\n<p>&nbsp;<\/p>\n<p><\/span><\/p>\n","protected":false},"excerpt":{"rendered":"<p><strong>Isidro L\u00f3pez y Emmanuel Rodr\u00edguez<\/strong><br \/>\n9788496453470 &#8211; traficantes de sue\u00f1os &#8211; 2010 &#8211; 503 p\u00e1ginas \/orri.<\/p>\n","protected":false},"featured_media":3371,"template":"","meta":[],"product_brand":[],"product_cat":[178,16],"product_tag":[2369,72],"class_list":{"0":"post-3320","1":"product","2":"type-product","3":"status-publish","4":"has-post-thumbnail","6":"product_cat-ekonomia-economia","7":"product_cat-libros","8":"product_tag-isidro-lopez-y-emmanuel-rodriguez","9":"product_tag-traficantes-de-suenos","11":"first","12":"instock","13":"sold-individually","14":"shipping-taxable","15":"purchasable","16":"product-type-simple"},"yoast_head":"<!-- This site is optimized with the Yoast SEO plugin v27.4 - https:\/\/yoast.com\/product\/yoast-seo-wordpress\/ -->\n<title>Fin de ciclo &#8212; Zapateneo<\/title>\n<meta name=\"robots\" content=\"index, follow, max-snippet:-1, max-image-preview:large, max-video-preview:-1\" \/>\n<link rel=\"canonical\" href=\"https:\/\/zapateneo.net\/wordpress\/index.php\/producto\/fin-de-ciclo\/\" \/>\n<meta property=\"og:locale\" content=\"es_ES\" \/>\n<meta property=\"og:type\" content=\"article\" \/>\n<meta property=\"og:title\" content=\"Fin de ciclo &#8212; Zapateneo\" \/>\n<meta property=\"og:description\" content=\"Isidro L\u00f3pez y Emmanuel Rodr\u00edguez 9788496453470 - traficantes de sue\u00f1os - 2010 - 503 p\u00e1ginas \/orri.\" \/>\n<meta property=\"og:url\" content=\"https:\/\/zapateneo.net\/wordpress\/index.php\/producto\/fin-de-ciclo\/\" \/>\n<meta property=\"og:site_name\" content=\"Zapateneo\" \/>\n<meta property=\"article:modified_time\" content=\"2021-04-08T05:57:08+00:00\" \/>\n<meta property=\"og:image\" content=\"https:\/\/zapateneo.net\/wordpress\/wp-content\/uploads\/2021\/04\/6553.jpg\" \/>\n\t<meta property=\"og:image:width\" content=\"200\" \/>\n\t<meta property=\"og:image:height\" content=\"284\" \/>\n\t<meta property=\"og:image:type\" content=\"image\/jpeg\" \/>\n<meta name=\"twitter:card\" content=\"summary_large_image\" \/>\n<meta name=\"twitter:site\" content=\"@zapateneo\" \/>\n<meta name=\"twitter:label1\" content=\"Tiempo de lectura\" \/>\n\t<meta name=\"twitter:data1\" content=\"4 minutos\" \/>\n<script type=\"application\/ld+json\" class=\"yoast-schema-graph\">{\"@context\":\"https:\\\/\\\/schema.org\",\"@graph\":[{\"@type\":\"WebPage\",\"@id\":\"https:\\\/\\\/zapateneo.net\\\/wordpress\\\/index.php\\\/producto\\\/fin-de-ciclo\\\/\",\"url\":\"https:\\\/\\\/zapateneo.net\\\/wordpress\\\/index.php\\\/producto\\\/fin-de-ciclo\\\/\",\"name\":\"Fin de ciclo &#8212; Zapateneo\",\"isPartOf\":{\"@id\":\"https:\\\/\\\/zapateneo.net\\\/wordpress\\\/#website\"},\"primaryImageOfPage\":{\"@id\":\"https:\\\/\\\/zapateneo.net\\\/wordpress\\\/index.php\\\/producto\\\/fin-de-ciclo\\\/#primaryimage\"},\"image\":{\"@id\":\"https:\\\/\\\/zapateneo.net\\\/wordpress\\\/index.php\\\/producto\\\/fin-de-ciclo\\\/#primaryimage\"},\"thumbnailUrl\":\"https:\\\/\\\/zapateneo.net\\\/wordpress\\\/wp-content\\\/uploads\\\/2021\\\/04\\\/6553.jpg\",\"datePublished\":\"2021-04-08T05:56:23+00:00\",\"dateModified\":\"2021-04-08T05:57:08+00:00\",\"breadcrumb\":{\"@id\":\"https:\\\/\\\/zapateneo.net\\\/wordpress\\\/index.php\\\/producto\\\/fin-de-ciclo\\\/#breadcrumb\"},\"inLanguage\":\"es\",\"potentialAction\":[{\"@type\":\"ReadAction\",\"target\":[\"https:\\\/\\\/zapateneo.net\\\/wordpress\\\/index.php\\\/producto\\\/fin-de-ciclo\\\/\"]}]},{\"@type\":\"ImageObject\",\"inLanguage\":\"es\",\"@id\":\"https:\\\/\\\/zapateneo.net\\\/wordpress\\\/index.php\\\/producto\\\/fin-de-ciclo\\\/#primaryimage\",\"url\":\"https:\\\/\\\/zapateneo.net\\\/wordpress\\\/wp-content\\\/uploads\\\/2021\\\/04\\\/6553.jpg\",\"contentUrl\":\"https:\\\/\\\/zapateneo.net\\\/wordpress\\\/wp-content\\\/uploads\\\/2021\\\/04\\\/6553.jpg\",\"width\":200,\"height\":284},{\"@type\":\"BreadcrumbList\",\"@id\":\"https:\\\/\\\/zapateneo.net\\\/wordpress\\\/index.php\\\/producto\\\/fin-de-ciclo\\\/#breadcrumb\",\"itemListElement\":[{\"@type\":\"ListItem\",\"position\":1,\"name\":\"Portada\",\"item\":\"https:\\\/\\\/zapateneo.net\\\/wordpress\\\/\"},{\"@type\":\"ListItem\",\"position\":2,\"name\":\"Tienda\",\"item\":\"https:\\\/\\\/zapateneo.net\\\/wordpress\\\/\"},{\"@type\":\"ListItem\",\"position\":3,\"name\":\"Fin de ciclo\"}]},{\"@type\":\"WebSite\",\"@id\":\"https:\\\/\\\/zapateneo.net\\\/wordpress\\\/#website\",\"url\":\"https:\\\/\\\/zapateneo.net\\\/wordpress\\\/\",\"name\":\"Zapateneo\",\"description\":\"Zapateneoaren webgunea\",\"publisher\":{\"@id\":\"https:\\\/\\\/zapateneo.net\\\/wordpress\\\/#organization\"},\"potentialAction\":[{\"@type\":\"SearchAction\",\"target\":{\"@type\":\"EntryPoint\",\"urlTemplate\":\"https:\\\/\\\/zapateneo.net\\\/wordpress\\\/?s={search_term_string}\"},\"query-input\":{\"@type\":\"PropertyValueSpecification\",\"valueRequired\":true,\"valueName\":\"search_term_string\"}}],\"inLanguage\":\"es\"},{\"@type\":\"Organization\",\"@id\":\"https:\\\/\\\/zapateneo.net\\\/wordpress\\\/#organization\",\"name\":\"Zapateneo Kultur Elkartea\",\"url\":\"https:\\\/\\\/zapateneo.net\\\/wordpress\\\/\",\"logo\":{\"@type\":\"ImageObject\",\"inLanguage\":\"es\",\"@id\":\"https:\\\/\\\/zapateneo.net\\\/wordpress\\\/#\\\/schema\\\/logo\\\/image\\\/\",\"url\":\"https:\\\/\\\/zapateneo.net\\\/wordpress\\\/wp-content\\\/uploads\\\/2021\\\/04\\\/zap-libu-kolec.jpg\",\"contentUrl\":\"https:\\\/\\\/zapateneo.net\\\/wordpress\\\/wp-content\\\/uploads\\\/2021\\\/04\\\/zap-libu-kolec.jpg\",\"width\":2234,\"height\":398,\"caption\":\"Zapateneo Kultur Elkartea\"},\"image\":{\"@id\":\"https:\\\/\\\/zapateneo.net\\\/wordpress\\\/#\\\/schema\\\/logo\\\/image\\\/\"},\"sameAs\":[\"https:\\\/\\\/x.com\\\/zapateneo\"]}]}<\/script>\n<!-- \/ Yoast SEO plugin. -->","yoast_head_json":{"title":"Fin de ciclo &#8212; Zapateneo","robots":{"index":"index","follow":"follow","max-snippet":"max-snippet:-1","max-image-preview":"max-image-preview:large","max-video-preview":"max-video-preview:-1"},"canonical":"https:\/\/zapateneo.net\/wordpress\/index.php\/producto\/fin-de-ciclo\/","og_locale":"es_ES","og_type":"article","og_title":"Fin de ciclo &#8212; Zapateneo","og_description":"Isidro L\u00f3pez y Emmanuel Rodr\u00edguez 9788496453470 - traficantes de sue\u00f1os - 2010 - 503 p\u00e1ginas \/orri.","og_url":"https:\/\/zapateneo.net\/wordpress\/index.php\/producto\/fin-de-ciclo\/","og_site_name":"Zapateneo","article_modified_time":"2021-04-08T05:57:08+00:00","og_image":[{"width":200,"height":284,"url":"https:\/\/zapateneo.net\/wordpress\/wp-content\/uploads\/2021\/04\/6553.jpg","type":"image\/jpeg"}],"twitter_card":"summary_large_image","twitter_site":"@zapateneo","twitter_misc":{"Tiempo de lectura":"4 minutos"},"schema":{"@context":"https:\/\/schema.org","@graph":[{"@type":"WebPage","@id":"https:\/\/zapateneo.net\/wordpress\/index.php\/producto\/fin-de-ciclo\/","url":"https:\/\/zapateneo.net\/wordpress\/index.php\/producto\/fin-de-ciclo\/","name":"Fin de ciclo &#8212; Zapateneo","isPartOf":{"@id":"https:\/\/zapateneo.net\/wordpress\/#website"},"primaryImageOfPage":{"@id":"https:\/\/zapateneo.net\/wordpress\/index.php\/producto\/fin-de-ciclo\/#primaryimage"},"image":{"@id":"https:\/\/zapateneo.net\/wordpress\/index.php\/producto\/fin-de-ciclo\/#primaryimage"},"thumbnailUrl":"https:\/\/zapateneo.net\/wordpress\/wp-content\/uploads\/2021\/04\/6553.jpg","datePublished":"2021-04-08T05:56:23+00:00","dateModified":"2021-04-08T05:57:08+00:00","breadcrumb":{"@id":"https:\/\/zapateneo.net\/wordpress\/index.php\/producto\/fin-de-ciclo\/#breadcrumb"},"inLanguage":"es","potentialAction":[{"@type":"ReadAction","target":["https:\/\/zapateneo.net\/wordpress\/index.php\/producto\/fin-de-ciclo\/"]}]},{"@type":"ImageObject","inLanguage":"es","@id":"https:\/\/zapateneo.net\/wordpress\/index.php\/producto\/fin-de-ciclo\/#primaryimage","url":"https:\/\/zapateneo.net\/wordpress\/wp-content\/uploads\/2021\/04\/6553.jpg","contentUrl":"https:\/\/zapateneo.net\/wordpress\/wp-content\/uploads\/2021\/04\/6553.jpg","width":200,"height":284},{"@type":"BreadcrumbList","@id":"https:\/\/zapateneo.net\/wordpress\/index.php\/producto\/fin-de-ciclo\/#breadcrumb","itemListElement":[{"@type":"ListItem","position":1,"name":"Portada","item":"https:\/\/zapateneo.net\/wordpress\/"},{"@type":"ListItem","position":2,"name":"Tienda","item":"https:\/\/zapateneo.net\/wordpress\/"},{"@type":"ListItem","position":3,"name":"Fin de ciclo"}]},{"@type":"WebSite","@id":"https:\/\/zapateneo.net\/wordpress\/#website","url":"https:\/\/zapateneo.net\/wordpress\/","name":"Zapateneo","description":"Zapateneoaren webgunea","publisher":{"@id":"https:\/\/zapateneo.net\/wordpress\/#organization"},"potentialAction":[{"@type":"SearchAction","target":{"@type":"EntryPoint","urlTemplate":"https:\/\/zapateneo.net\/wordpress\/?s={search_term_string}"},"query-input":{"@type":"PropertyValueSpecification","valueRequired":true,"valueName":"search_term_string"}}],"inLanguage":"es"},{"@type":"Organization","@id":"https:\/\/zapateneo.net\/wordpress\/#organization","name":"Zapateneo Kultur Elkartea","url":"https:\/\/zapateneo.net\/wordpress\/","logo":{"@type":"ImageObject","inLanguage":"es","@id":"https:\/\/zapateneo.net\/wordpress\/#\/schema\/logo\/image\/","url":"https:\/\/zapateneo.net\/wordpress\/wp-content\/uploads\/2021\/04\/zap-libu-kolec.jpg","contentUrl":"https:\/\/zapateneo.net\/wordpress\/wp-content\/uploads\/2021\/04\/zap-libu-kolec.jpg","width":2234,"height":398,"caption":"Zapateneo Kultur Elkartea"},"image":{"@id":"https:\/\/zapateneo.net\/wordpress\/#\/schema\/logo\/image\/"},"sameAs":["https:\/\/x.com\/zapateneo"]}]}},"_links":{"self":[{"href":"https:\/\/zapateneo.net\/wordpress\/index.php\/wp-json\/wp\/v2\/product\/3320","targetHints":{"allow":["GET"]}}],"collection":[{"href":"https:\/\/zapateneo.net\/wordpress\/index.php\/wp-json\/wp\/v2\/product"}],"about":[{"href":"https:\/\/zapateneo.net\/wordpress\/index.php\/wp-json\/wp\/v2\/types\/product"}],"wp:featuredmedia":[{"embeddable":true,"href":"https:\/\/zapateneo.net\/wordpress\/index.php\/wp-json\/wp\/v2\/media\/3371"}],"wp:attachment":[{"href":"https:\/\/zapateneo.net\/wordpress\/index.php\/wp-json\/wp\/v2\/media?parent=3320"}],"wp:term":[{"taxonomy":"product_brand","embeddable":true,"href":"https:\/\/zapateneo.net\/wordpress\/index.php\/wp-json\/wp\/v2\/product_brand?post=3320"},{"taxonomy":"product_cat","embeddable":true,"href":"https:\/\/zapateneo.net\/wordpress\/index.php\/wp-json\/wp\/v2\/product_cat?post=3320"},{"taxonomy":"product_tag","embeddable":true,"href":"https:\/\/zapateneo.net\/wordpress\/index.php\/wp-json\/wp\/v2\/product_tag?post=3320"}],"curies":[{"name":"wp","href":"https:\/\/api.w.org\/{rel}","templated":true}]}}