{"id":3287,"date":"2021-04-08T06:55:48","date_gmt":"2021-04-08T05:55:48","guid":{"rendered":"https:\/\/zapateneo.net\/wordpress\/?post_type=product&#038;p=3287"},"modified":"2022-01-06T17:38:02","modified_gmt":"2022-01-06T16:38:02","slug":"food-wars-crisis-alimentaria-y-politicas-de-ajuste-estructural","status":"publish","type":"product","link":"https:\/\/zapateneo.net\/wordpress\/index.php\/producto\/food-wars-crisis-alimentaria-y-politicas-de-ajuste-estructural\/","title":{"rendered":"Food Wars. Crisis alimentaria y pol\u00edticas de ajuste estructural"},"content":{"rendered":"<div>\n<p>La oleada de protestas que recorri\u00f3 los pa\u00edses del Sur contra la subida vertiginosa del precio de los alimentos durante los a\u00f1os 2006-2008 dio visibilidad a un fen\u00f3meno que\u00a0 hac\u00eda a\u00f1os que se ven\u00eda incubando y que no ha hecho m\u00e1s que agravarse en los \u00faltimos a\u00f1os: el de la escasez y encarecimiento de alimentos. El endeudamiento en el que hab\u00edan incurrido muchos pa\u00edses del Sur Global les hab\u00eda impedido defenderse de las pol\u00edticas de ajuste estructural impuestas por el Banco Mundial y el Fondo Monetario Internacional, que hab\u00edan supuesto la supresi\u00f3n de las ayudas a la agricultura local, el recorte salvaje de todo el \u00e1mbito p\u00fablico (salud, educaci\u00f3n&#8230;), la sustituci\u00f3n de la agricultura tradicional por la agricultura industrial para la exportaci\u00f3n y la apertura incondicional de fronteras a inversiones y productos exteriores. Estas pol\u00edticas nefastas no s\u00f3lo no sirvieron para pagar la deuda, sino que han destrozado las estructuras econ\u00f3micas locales y han sumido en el hambre y la miseria a Estados anta\u00f1o exportadores de alimentos, y ahora obligados a endeudarse a\u00fan m\u00e1s con la importaci\u00f3n de alimentos.<\/p>\n<p>Por otro lado, el previsible agotamiento de los combustibles f\u00f3siles ha llevado a las grandes potencias a apostar por la producci\u00f3n de agrocombustibles como alternativa, lo que est\u00e1 provocando una sustituci\u00f3n masiva de tierras de cultivo de alimentos por tierras dedicadas a cultivos energ\u00e9ticos, adem\u00e1s de la roturaci\u00f3n de ingentes masas de bosques v\u00edrgenes para este fin. Esto ha causado una fuerte presi\u00f3n sobre los precios de los alimentos, que se ha visto agravada por un nuevo fen\u00f3meno: la crisis de las hipotecas basura, que ha provocado que los especuladores financieros privados y p\u00fablicos hayan encontrado nuevos valores refugio en la especulaci\u00f3n con los alimentos y el acaparamiento de tierras.<\/p>\n<p>Las experiencias que el activista e investigador Walden Bello analiza en su libro (M\u00e9xico, \u00c1frica, las Filipinas y China) son muy ilustrativas del desarrollo de una crisis alimentaria (ecol\u00f3gica y humanitaria) que se ve agravada por nuevos frentes en una \u00abguerra por los alimentos\u00bb que no parece conocer l\u00edmites.<\/p>\n<p>\u00abLos argumentos fundamentados \u00e9ticamente de Walden Bello en favor de la soberan\u00eda alimentaria, la desglobalizaci\u00f3n y que se escuche al campesinado son una lectura indispensable\u00bb,\u00a0<strong>Annette Desmarais<\/strong>, La V\u00eda Campesina.<\/p>\n<\/div>\n<div class=\"row\">\n<div class=\"col-12 col-12-small\">\n<p><span class=\"image left autor\"><img decoding=\"async\" class=\"alignleft\" src=\"https:\/\/www.viruseditorial.net\/\/fotos-autor\/walden-bello.jpg\" alt=\"walden-bello\" \/><\/span><\/p>\n<p><strong>Walden Bello<\/strong>\u00a0(Manila, Filipinas, 1945) estudi\u00f3 sociolog\u00eda en la Universidad de Princeton (EE.UU.) y a comienzos de los setenta comenz\u00f3 su activismo en el movimiento para restaurar la democracia en Filipinas.\u00a0Tras introducirse en la sede del BM y conseguir documentos confidenciales\u00a0que probaban c\u00f3mo los cr\u00e9ditos del\u00a0BM y FMI sustentaban el r\u00e9gimen de Marcos, escribi\u00f3\u00a0<i>La debacle del desarrollo: el Banco Mundial y las Filipinas<\/i>\u00a0(1982) con David Kinley y Elaine Elinson. Militante contra las bases estadounidenses en\u00a0Asia y las agresiones norteamericanas en Iraq y Afganist\u00e1n, es parlamentario por el partido Akbayan.\u00a0<span lang=\"EN-GB\">Colaborador habitual de las revistas<i>\u00a0Review of International Political Economy<\/i>\u00a0y\u00a0<i>Foreign Policy in Focus<\/i>, en los \u00faltimos a\u00f1os ha escrito:\u00a0<i>Dilemmas of Domination: the Unmaking of the American Em\u00adpire<\/i>\u00a0(Nueva York, Henry Holt and Co., 2005) y\u00a0<i>Deglobalization: Ideas for a New World Economy<\/i>\u00a0(Londres, Zed Books, 2002)<\/span><\/p>\n<\/div>\n<\/div>\n<div>\n<p>Ep\u00edlogo de\u00a0<strong>Tom Kucharz<\/strong><\/p>\n<p><a href=\"http:\/\/www.viruseditorial.net\/file\/mailing-food_wars.pdf\">Ficha Food Wars<\/a><\/p>\n<\/div>\n<p><a href=\"http:\/\/www.viruseditorial.net\/pags\/noticia.php?id=361\" target=\"_blank\" rel=\"noopener\"><strong>Pese a todos los conocimientos en ingenier\u00eda agroalimentaria millones de personas pasan hambre\u00a0<\/strong><\/a>(H\u00e9ctor Estruch,\u00a0<em>Le Monde Diplomatique<\/em>)<\/p>\n<p><a href=\"http:\/\/www.viruseditorial.net\/pags\/noticia.php?id=369\" target=\"_blank\" rel=\"noopener\"><strong>\u00ab\u00c9s per menjar? No, per vendre\u00bb<\/strong><\/a>\u00a0(Mireia Chavarria,\u00a0<em>Directa<\/em>)<\/p>\n<p><a href=\"http:\/\/www.viruseditorial.net\/pags\/noticia.php?id=372&amp;Walden%20Bello:%20%ABLa%20crisis%20va%20a%20ser%20global%BB%20(Gloria%20Mart%EDnez,%20Periodismo%20Humano)\" target=\"_blank\" rel=\"noopener\"><strong>Walden Bello: \u00abLa crisis va a ser global\u00bb<\/strong><\/a>\u00a0(Gloria Mart\u00ednez, Periodismo Humano)<\/p>\n<p><a href=\"http:\/\/www.viruseditorial.net\/pags\/noticia.php?id=370\" target=\"_blank\" rel=\"noopener\"><strong>Especulaci\u00f3n vs. soberan\u00eda alimentaria<\/strong><\/a>\u00a0(Maria Jos\u00e9 Esteso, Diagonal)<\/p>\n<p><a href=\"http:\/\/www.viruseditorial.net\/pags\/noticia.php?id=381\" target=\"_blank\" rel=\"noopener\"><strong>Argumentos contundentes para la cr\u00edtica del r\u00e9gimen agrroalimentario<\/strong><\/a>\u00a0(Carmen de la C\u00e1mara Arilla y Victoria Soldevila Laf\u00f3n, Revista de Econom\u00eda Cr\u00edtica)<\/p>\n<hr \/>\n<div>\n<h2><a href=\"https:\/\/www.viruseditorial.net\/es\/editorial\/descargar-pdf\" target=\"_blank\" rel=\"noopener\">Libro en libre descarga de Virus Editorial<\/a><\/h2>\n<\/div>\n","protected":false},"excerpt":{"rendered":"<p><strong>Bello, Walden<\/strong><br \/>\n9788492559367 &#8211; Virus &#8211; 2012 &#8211; 286 p\u00e1ginas \/orri.<\/p>\n","protected":false},"featured_media":3332,"template":"","meta":[],"product_brand":[],"product_cat":[178,16],"product_tag":[2345,4626,57,5416],"class_list":{"0":"post-3287","1":"product","2":"type-product","3":"status-publish","4":"has-post-thumbnail","6":"product_cat-ekonomia-economia","7":"product_cat-libros","8":"product_tag-bello","9":"product_tag-deskargak","10":"product_tag-virus","11":"product_tag-walden-bello","13":"first","14":"instock","15":"sold-individually","16":"shipping-taxable","17":"purchasable","18":"product-type-simple"},"yoast_head":"<!-- This site is optimized with the Yoast SEO plugin v27.3 - https:\/\/yoast.com\/product\/yoast-seo-wordpress\/ -->\n<title>Food Wars. Crisis alimentaria y pol\u00edticas de ajuste estructural &#8212; Zapateneo<\/title>\n<meta name=\"robots\" content=\"index, follow, max-snippet:-1, max-image-preview:large, max-video-preview:-1\" \/>\n<link rel=\"canonical\" href=\"https:\/\/zapateneo.net\/wordpress\/index.php\/producto\/food-wars-crisis-alimentaria-y-politicas-de-ajuste-estructural\/\" \/>\n<meta property=\"og:locale\" content=\"es_ES\" \/>\n<meta property=\"og:type\" content=\"article\" \/>\n<meta property=\"og:title\" content=\"Food Wars. Crisis alimentaria y pol\u00edticas de ajuste estructural &#8212; Zapateneo\" \/>\n<meta property=\"og:description\" content=\"Bello, Walden 9788492559367 - Virus - 2012 - 286 p\u00e1ginas \/orri.\" \/>\n<meta property=\"og:url\" content=\"https:\/\/zapateneo.net\/wordpress\/index.php\/producto\/food-wars-crisis-alimentaria-y-politicas-de-ajuste-estructural\/\" \/>\n<meta property=\"og:site_name\" content=\"Zapateneo\" \/>\n<meta property=\"article:modified_time\" content=\"2022-01-06T16:38:02+00:00\" \/>\n<meta property=\"og:image\" content=\"https:\/\/zapateneo.net\/wordpress\/wp-content\/uploads\/2021\/04\/7243.jpg\" \/>\n\t<meta property=\"og:image:width\" content=\"120\" \/>\n\t<meta property=\"og:image:height\" content=\"180\" \/>\n\t<meta property=\"og:image:type\" content=\"image\/jpeg\" \/>\n<meta name=\"twitter:card\" content=\"summary_large_image\" \/>\n<meta name=\"twitter:site\" content=\"@zapateneo\" \/>\n<meta name=\"twitter:label1\" content=\"Tiempo de lectura\" \/>\n\t<meta name=\"twitter:data1\" content=\"3 minutos\" \/>\n<script type=\"application\/ld+json\" class=\"yoast-schema-graph\">{\"@context\":\"https:\\\/\\\/schema.org\",\"@graph\":[{\"@type\":\"WebPage\",\"@id\":\"https:\\\/\\\/zapateneo.net\\\/wordpress\\\/index.php\\\/producto\\\/food-wars-crisis-alimentaria-y-politicas-de-ajuste-estructural\\\/\",\"url\":\"https:\\\/\\\/zapateneo.net\\\/wordpress\\\/index.php\\\/producto\\\/food-wars-crisis-alimentaria-y-politicas-de-ajuste-estructural\\\/\",\"name\":\"Food Wars. Crisis alimentaria y pol\u00edticas de ajuste estructural &#8212; Zapateneo\",\"isPartOf\":{\"@id\":\"https:\\\/\\\/zapateneo.net\\\/wordpress\\\/#website\"},\"primaryImageOfPage\":{\"@id\":\"https:\\\/\\\/zapateneo.net\\\/wordpress\\\/index.php\\\/producto\\\/food-wars-crisis-alimentaria-y-politicas-de-ajuste-estructural\\\/#primaryimage\"},\"image\":{\"@id\":\"https:\\\/\\\/zapateneo.net\\\/wordpress\\\/index.php\\\/producto\\\/food-wars-crisis-alimentaria-y-politicas-de-ajuste-estructural\\\/#primaryimage\"},\"thumbnailUrl\":\"https:\\\/\\\/zapateneo.net\\\/wordpress\\\/wp-content\\\/uploads\\\/2021\\\/04\\\/7243.jpg\",\"datePublished\":\"2021-04-08T05:55:48+00:00\",\"dateModified\":\"2022-01-06T16:38:02+00:00\",\"breadcrumb\":{\"@id\":\"https:\\\/\\\/zapateneo.net\\\/wordpress\\\/index.php\\\/producto\\\/food-wars-crisis-alimentaria-y-politicas-de-ajuste-estructural\\\/#breadcrumb\"},\"inLanguage\":\"es\",\"potentialAction\":[{\"@type\":\"ReadAction\",\"target\":[\"https:\\\/\\\/zapateneo.net\\\/wordpress\\\/index.php\\\/producto\\\/food-wars-crisis-alimentaria-y-politicas-de-ajuste-estructural\\\/\"]}]},{\"@type\":\"ImageObject\",\"inLanguage\":\"es\",\"@id\":\"https:\\\/\\\/zapateneo.net\\\/wordpress\\\/index.php\\\/producto\\\/food-wars-crisis-alimentaria-y-politicas-de-ajuste-estructural\\\/#primaryimage\",\"url\":\"https:\\\/\\\/zapateneo.net\\\/wordpress\\\/wp-content\\\/uploads\\\/2021\\\/04\\\/7243.jpg\",\"contentUrl\":\"https:\\\/\\\/zapateneo.net\\\/wordpress\\\/wp-content\\\/uploads\\\/2021\\\/04\\\/7243.jpg\",\"width\":120,\"height\":180},{\"@type\":\"BreadcrumbList\",\"@id\":\"https:\\\/\\\/zapateneo.net\\\/wordpress\\\/index.php\\\/producto\\\/food-wars-crisis-alimentaria-y-politicas-de-ajuste-estructural\\\/#breadcrumb\",\"itemListElement\":[{\"@type\":\"ListItem\",\"position\":1,\"name\":\"Portada\",\"item\":\"https:\\\/\\\/zapateneo.net\\\/wordpress\\\/\"},{\"@type\":\"ListItem\",\"position\":2,\"name\":\"Tienda\",\"item\":\"https:\\\/\\\/zapateneo.net\\\/wordpress\\\/\"},{\"@type\":\"ListItem\",\"position\":3,\"name\":\"Food Wars. Crisis alimentaria y pol\u00edticas de ajuste estructural\"}]},{\"@type\":\"WebSite\",\"@id\":\"https:\\\/\\\/zapateneo.net\\\/wordpress\\\/#website\",\"url\":\"https:\\\/\\\/zapateneo.net\\\/wordpress\\\/\",\"name\":\"Zapateneo\",\"description\":\"Zapateneoaren webgunea\",\"publisher\":{\"@id\":\"https:\\\/\\\/zapateneo.net\\\/wordpress\\\/#organization\"},\"potentialAction\":[{\"@type\":\"SearchAction\",\"target\":{\"@type\":\"EntryPoint\",\"urlTemplate\":\"https:\\\/\\\/zapateneo.net\\\/wordpress\\\/?s={search_term_string}\"},\"query-input\":{\"@type\":\"PropertyValueSpecification\",\"valueRequired\":true,\"valueName\":\"search_term_string\"}}],\"inLanguage\":\"es\"},{\"@type\":\"Organization\",\"@id\":\"https:\\\/\\\/zapateneo.net\\\/wordpress\\\/#organization\",\"name\":\"Zapateneo Kultur Elkartea\",\"url\":\"https:\\\/\\\/zapateneo.net\\\/wordpress\\\/\",\"logo\":{\"@type\":\"ImageObject\",\"inLanguage\":\"es\",\"@id\":\"https:\\\/\\\/zapateneo.net\\\/wordpress\\\/#\\\/schema\\\/logo\\\/image\\\/\",\"url\":\"https:\\\/\\\/zapateneo.net\\\/wordpress\\\/wp-content\\\/uploads\\\/2021\\\/04\\\/zap-libu-kolec.jpg\",\"contentUrl\":\"https:\\\/\\\/zapateneo.net\\\/wordpress\\\/wp-content\\\/uploads\\\/2021\\\/04\\\/zap-libu-kolec.jpg\",\"width\":2234,\"height\":398,\"caption\":\"Zapateneo Kultur Elkartea\"},\"image\":{\"@id\":\"https:\\\/\\\/zapateneo.net\\\/wordpress\\\/#\\\/schema\\\/logo\\\/image\\\/\"},\"sameAs\":[\"https:\\\/\\\/x.com\\\/zapateneo\"]}]}<\/script>\n<!-- \/ Yoast SEO plugin. -->","yoast_head_json":{"title":"Food Wars. Crisis alimentaria y pol\u00edticas de ajuste estructural &#8212; Zapateneo","robots":{"index":"index","follow":"follow","max-snippet":"max-snippet:-1","max-image-preview":"max-image-preview:large","max-video-preview":"max-video-preview:-1"},"canonical":"https:\/\/zapateneo.net\/wordpress\/index.php\/producto\/food-wars-crisis-alimentaria-y-politicas-de-ajuste-estructural\/","og_locale":"es_ES","og_type":"article","og_title":"Food Wars. Crisis alimentaria y pol\u00edticas de ajuste estructural &#8212; Zapateneo","og_description":"Bello, Walden 9788492559367 - Virus - 2012 - 286 p\u00e1ginas \/orri.","og_url":"https:\/\/zapateneo.net\/wordpress\/index.php\/producto\/food-wars-crisis-alimentaria-y-politicas-de-ajuste-estructural\/","og_site_name":"Zapateneo","article_modified_time":"2022-01-06T16:38:02+00:00","og_image":[{"width":120,"height":180,"url":"https:\/\/zapateneo.net\/wordpress\/wp-content\/uploads\/2021\/04\/7243.jpg","type":"image\/jpeg"}],"twitter_card":"summary_large_image","twitter_site":"@zapateneo","twitter_misc":{"Tiempo de lectura":"3 minutos"},"schema":{"@context":"https:\/\/schema.org","@graph":[{"@type":"WebPage","@id":"https:\/\/zapateneo.net\/wordpress\/index.php\/producto\/food-wars-crisis-alimentaria-y-politicas-de-ajuste-estructural\/","url":"https:\/\/zapateneo.net\/wordpress\/index.php\/producto\/food-wars-crisis-alimentaria-y-politicas-de-ajuste-estructural\/","name":"Food Wars. Crisis alimentaria y pol\u00edticas de ajuste estructural &#8212; Zapateneo","isPartOf":{"@id":"https:\/\/zapateneo.net\/wordpress\/#website"},"primaryImageOfPage":{"@id":"https:\/\/zapateneo.net\/wordpress\/index.php\/producto\/food-wars-crisis-alimentaria-y-politicas-de-ajuste-estructural\/#primaryimage"},"image":{"@id":"https:\/\/zapateneo.net\/wordpress\/index.php\/producto\/food-wars-crisis-alimentaria-y-politicas-de-ajuste-estructural\/#primaryimage"},"thumbnailUrl":"https:\/\/zapateneo.net\/wordpress\/wp-content\/uploads\/2021\/04\/7243.jpg","datePublished":"2021-04-08T05:55:48+00:00","dateModified":"2022-01-06T16:38:02+00:00","breadcrumb":{"@id":"https:\/\/zapateneo.net\/wordpress\/index.php\/producto\/food-wars-crisis-alimentaria-y-politicas-de-ajuste-estructural\/#breadcrumb"},"inLanguage":"es","potentialAction":[{"@type":"ReadAction","target":["https:\/\/zapateneo.net\/wordpress\/index.php\/producto\/food-wars-crisis-alimentaria-y-politicas-de-ajuste-estructural\/"]}]},{"@type":"ImageObject","inLanguage":"es","@id":"https:\/\/zapateneo.net\/wordpress\/index.php\/producto\/food-wars-crisis-alimentaria-y-politicas-de-ajuste-estructural\/#primaryimage","url":"https:\/\/zapateneo.net\/wordpress\/wp-content\/uploads\/2021\/04\/7243.jpg","contentUrl":"https:\/\/zapateneo.net\/wordpress\/wp-content\/uploads\/2021\/04\/7243.jpg","width":120,"height":180},{"@type":"BreadcrumbList","@id":"https:\/\/zapateneo.net\/wordpress\/index.php\/producto\/food-wars-crisis-alimentaria-y-politicas-de-ajuste-estructural\/#breadcrumb","itemListElement":[{"@type":"ListItem","position":1,"name":"Portada","item":"https:\/\/zapateneo.net\/wordpress\/"},{"@type":"ListItem","position":2,"name":"Tienda","item":"https:\/\/zapateneo.net\/wordpress\/"},{"@type":"ListItem","position":3,"name":"Food Wars. Crisis alimentaria y pol\u00edticas de ajuste estructural"}]},{"@type":"WebSite","@id":"https:\/\/zapateneo.net\/wordpress\/#website","url":"https:\/\/zapateneo.net\/wordpress\/","name":"Zapateneo","description":"Zapateneoaren webgunea","publisher":{"@id":"https:\/\/zapateneo.net\/wordpress\/#organization"},"potentialAction":[{"@type":"SearchAction","target":{"@type":"EntryPoint","urlTemplate":"https:\/\/zapateneo.net\/wordpress\/?s={search_term_string}"},"query-input":{"@type":"PropertyValueSpecification","valueRequired":true,"valueName":"search_term_string"}}],"inLanguage":"es"},{"@type":"Organization","@id":"https:\/\/zapateneo.net\/wordpress\/#organization","name":"Zapateneo Kultur Elkartea","url":"https:\/\/zapateneo.net\/wordpress\/","logo":{"@type":"ImageObject","inLanguage":"es","@id":"https:\/\/zapateneo.net\/wordpress\/#\/schema\/logo\/image\/","url":"https:\/\/zapateneo.net\/wordpress\/wp-content\/uploads\/2021\/04\/zap-libu-kolec.jpg","contentUrl":"https:\/\/zapateneo.net\/wordpress\/wp-content\/uploads\/2021\/04\/zap-libu-kolec.jpg","width":2234,"height":398,"caption":"Zapateneo Kultur Elkartea"},"image":{"@id":"https:\/\/zapateneo.net\/wordpress\/#\/schema\/logo\/image\/"},"sameAs":["https:\/\/x.com\/zapateneo"]}]}},"_links":{"self":[{"href":"https:\/\/zapateneo.net\/wordpress\/index.php\/wp-json\/wp\/v2\/product\/3287","targetHints":{"allow":["GET"]}}],"collection":[{"href":"https:\/\/zapateneo.net\/wordpress\/index.php\/wp-json\/wp\/v2\/product"}],"about":[{"href":"https:\/\/zapateneo.net\/wordpress\/index.php\/wp-json\/wp\/v2\/types\/product"}],"wp:featuredmedia":[{"embeddable":true,"href":"https:\/\/zapateneo.net\/wordpress\/index.php\/wp-json\/wp\/v2\/media\/3332"}],"wp:attachment":[{"href":"https:\/\/zapateneo.net\/wordpress\/index.php\/wp-json\/wp\/v2\/media?parent=3287"}],"wp:term":[{"taxonomy":"product_brand","embeddable":true,"href":"https:\/\/zapateneo.net\/wordpress\/index.php\/wp-json\/wp\/v2\/product_brand?post=3287"},{"taxonomy":"product_cat","embeddable":true,"href":"https:\/\/zapateneo.net\/wordpress\/index.php\/wp-json\/wp\/v2\/product_cat?post=3287"},{"taxonomy":"product_tag","embeddable":true,"href":"https:\/\/zapateneo.net\/wordpress\/index.php\/wp-json\/wp\/v2\/product_tag?post=3287"}],"curies":[{"name":"wp","href":"https:\/\/api.w.org\/{rel}","templated":true}]}}