{"id":3281,"date":"2021-04-08T06:55:46","date_gmt":"2021-04-08T05:55:46","guid":{"rendered":"https:\/\/zapateneo.net\/wordpress\/?post_type=product&#038;p=3281"},"modified":"2023-05-05T14:56:03","modified_gmt":"2023-05-05T13:56:03","slug":"guerra-capital-y-petroleo-textos-sobre-oriente-medio-2001-2009","status":"publish","type":"product","link":"https:\/\/zapateneo.net\/wordpress\/index.php\/producto\/guerra-capital-y-petroleo-textos-sobre-oriente-medio-2001-2009\/","title":{"rendered":"Guerra, capital y petr\u00f3leo. Textos sobre Oriente Medio (2001-2009)"},"content":{"rendered":"<p style=\"text-align: justify;\"><strong>Sinopsis:<\/strong><br \/>\nEl libro que tienes en tus manos es una compilaci\u00f3n de una serie de art\u00edculos publicados por la revista inglesa Aufheben, m\u00e1s uno publicado por la revista alemana Wildcat, acerca de los conflictos nacionales e internacionales que se han dado durante la \u00faltima d\u00e9cada en Oriente Medio. Estos art\u00edculos tratan distintos asuntos, desde la llamada Intifada del siglo XXI hasta las \u00faltimas revueltas contra el r\u00e9gimen de Ahmadinejad en Ir\u00e1n, pasando por los intereses de Estados Unidos, y del capital occidental en general, por tener controlada la regi\u00f3n a base de guerras y otro tipo de intervenciones m\u00e1s sutiles. (\u2026)<br \/>\nLa revista Aufheben se public\u00f3 por primera vez en Reino Unido en oto\u00f1o de 1992. Sus miembros hab\u00edan participado en varias luchas juntos \u2013el movimiento contra el PollTax, la campa\u00f1a contra la Guerra del Golfo\u2013 y quer\u00edan desarrollar conocimiento te\u00f3rico a fin de participar m\u00e1s efectivamente: para entender el capital y a nosotros mismos como parte del proletariado, y as\u00ed poder atacar al capital con mayor efectividad. (\u2026) Nuestras influencias son el movimiento de la autonom\u00eda italiana de 1969-77, los situacionistas, y otros que, tomando el trabajo de Marx como un punto de arranque, lo utilizaron para desarrollar el proyecto comunista m\u00e1s all\u00e1 de los dogmatismos anti-proletarios del leninismo (en todas sus variedades) y para reflejar el estado actual de la lucha de clases. Tambi\u00e9n reconocemos los puntos v\u00e1lidos de versiones del anarquismo de lucha de clases, las izquierdas alemana e italiana y otras tendencias. Al desarrollar teor\u00eda proletaria necesitamos ir m\u00e1s all\u00e1 de estos movimientos pasados al mismo tiempo que los desarroll\u00e1bamos \u2014del mismo modo que ellos hicieron con movimientos revolucionarios anteriores.<\/p>\n<p>&nbsp;<\/p>\n<p style=\"padding-left: 30px;\">Estos son algunos de los cap\u00edtulos del libro:<br \/>\nTras la intifada del siglo XXI<br \/>\nIntereses econ\u00f3micos de Estados Unidos en Oriente Medio<br \/>\nEl nacionalismo pan\u00e1rabe y el proletariado del petr\u00f3leo<br \/>\nEl nacionalismo palestino como hijo bastardo del sionismo laborista<br \/>\nHistoria de dos movimientos de liberaci\u00f3n nacional<br \/>\nLa resistencia de la clase trabajadora jud\u00eda y la necesidad imperiosa de expandirse<br \/>\nLa creaci\u00f3n de la clase obrera palestina<br \/>\nLa Intifada (1987-93)<br \/>\n\u00bfUna lucha de \u201cliberaci\u00f3n nacional\u201d?<br \/>\nEl proceso de paz y la reestructuraci\u00f3n del capital israel\u00ed<br \/>\nLa Intifada del siglo XXI<br \/>\nEl impacto de la nueva Intifada<br \/>\nLa ca\u00edda del Bloque del Este y el \u201cNuevo Orden Mundial\u201d<br \/>\nLa reaparici\u00f3n del aislacionismo y el final de la guerra fr\u00eda<br \/>\nMultilateralismo y Nuevo Orden Mundial<br \/>\nDe la Primera a la Segunda Guerra del Golfo<br \/>\nLa Segunda Guerra del Golfo y sus secuelas<br \/>\nLa Tercera Guerra del Golfo (2003) y el Nuevo Orden Mundial de Bush (hijo)<br \/>\nEl efecto del capitalismo industrial occidental en las relaciones sociales del Oriente Medio<br \/>\nEl efecto de la creaci\u00f3n de los nuevos estados-naci\u00f3n en las relaciones sociales de Oriente Medio<br \/>\nEl impacto del petr\u00f3leo<br \/>\nEl impacto radical del petr\u00f3leo en los a\u00f1os 40 y 50 en Ir\u00e1n e Irak<br \/>\nLa nueva era del boom petrol\u00edfero<br \/>\nLa aparici\u00f3n de r\u00e9gimen Chi\u00ed en Ir\u00e1n<br \/>\nPlanes para un Nuevo Siglo Americano<br \/>\nFracaso en Irak<br \/>\nLucha de clases en el Ir\u00e1n de hoy<br \/>\nEl enfrentamiento entre Estados Unidos e Ir\u00e1n y la guerra en L\u00edbano<br \/>\nAp\u00e9ndice: \u00bfQu\u00e9 es Hezbol\u00e1?<br \/>\nAl-Sadar y el ej\u00e9rcito del Mahdi<br \/>\nConfesionalismos y resistencia en Irak<br \/>\nPatriotismo: \u00bfel \u00faltimo refugio de un canalla?<br \/>\nIr\u00e1n 2009: \u00bfUn nuevo intento?<br \/>\nLa renta del petr\u00f3leo<br \/>\nCrisis<br \/>\n\u00bfUna perspectiva de futuro?<br \/>\nANEXOS<br \/>\nConflictos \u00c1rabe-Israel\u00edes<br \/>\nPlan de participaci\u00f3n de la ONU de 1947<br \/>\nPrimera guerra \u00e1rabe-israel\u00ed, 1948<br \/>\nSuez 1956<br \/>\nGuerra de 1967<br \/>\nGuerra del Yom Kippur, 1973<br \/>\nInvasi\u00f3n del L\u00edbano de 1982<br \/>\nChiismo<br \/>\nCr\u00edtica de la econom\u00eda pol\u00edtica<\/p>\n<p>&nbsp;<\/p>\n<p><strong>Datos t\u00e9cnicos:<\/strong><br \/>\nP\u00e1ginas: 312<br \/>\nEncuadernaci\u00f3n: Fresada<br \/>\nISBN:978-84-614-5648-2<br \/>\nPrecio: 10 \u20ac<\/p>\n","protected":false},"excerpt":{"rendered":"<p><strong>Aufheben \/ Wildcat<\/strong><br \/>\n9788461456482 &#8211; Klinamen &#8211; 2010 &#8211; 312 p\u00e1ginas \/orri.<\/p>\n","protected":false},"featured_media":3326,"template":"","meta":[],"product_brand":[],"product_cat":[178,16],"product_tag":[2337,934],"class_list":{"0":"post-3281","1":"product","2":"type-product","3":"status-publish","4":"has-post-thumbnail","6":"product_cat-ekonomia-economia","7":"product_cat-libros","8":"product_tag-aufheben-wildcat","9":"product_tag-klinamen","11":"first","12":"instock","13":"sold-individually","14":"shipping-taxable","15":"purchasable","16":"product-type-simple"},"yoast_head":"<!-- This site is optimized with the Yoast SEO plugin v27.3 - https:\/\/yoast.com\/product\/yoast-seo-wordpress\/ -->\n<title>Guerra, capital y petr\u00f3leo. Textos sobre Oriente Medio (2001-2009) &#8212; Zapateneo<\/title>\n<meta name=\"robots\" content=\"index, follow, max-snippet:-1, max-image-preview:large, max-video-preview:-1\" \/>\n<link rel=\"canonical\" href=\"https:\/\/zapateneo.net\/wordpress\/index.php\/producto\/guerra-capital-y-petroleo-textos-sobre-oriente-medio-2001-2009\/\" \/>\n<meta property=\"og:locale\" content=\"es_ES\" \/>\n<meta property=\"og:type\" content=\"article\" \/>\n<meta property=\"og:title\" content=\"Guerra, capital y petr\u00f3leo. Textos sobre Oriente Medio (2001-2009) &#8212; Zapateneo\" \/>\n<meta property=\"og:description\" content=\"Aufheben \/ Wildcat 9788461456482 - Klinamen - 2010 - 312 p\u00e1ginas \/orri.\" \/>\n<meta property=\"og:url\" content=\"https:\/\/zapateneo.net\/wordpress\/index.php\/producto\/guerra-capital-y-petroleo-textos-sobre-oriente-medio-2001-2009\/\" \/>\n<meta property=\"og:site_name\" content=\"Zapateneo\" \/>\n<meta property=\"article:modified_time\" content=\"2023-05-05T13:56:03+00:00\" \/>\n<meta property=\"og:image\" content=\"https:\/\/zapateneo.net\/wordpress\/wp-content\/uploads\/2021\/04\/7407.jpg\" \/>\n\t<meta property=\"og:image:width\" content=\"384\" \/>\n\t<meta property=\"og:image:height\" content=\"596\" \/>\n\t<meta property=\"og:image:type\" content=\"image\/jpeg\" \/>\n<meta name=\"twitter:card\" content=\"summary_large_image\" \/>\n<meta name=\"twitter:site\" content=\"@zapateneo\" \/>\n<meta name=\"twitter:label1\" content=\"Tiempo de lectura\" \/>\n\t<meta name=\"twitter:data1\" content=\"3 minutos\" \/>\n<script type=\"application\/ld+json\" class=\"yoast-schema-graph\">{\"@context\":\"https:\\\/\\\/schema.org\",\"@graph\":[{\"@type\":\"WebPage\",\"@id\":\"https:\\\/\\\/zapateneo.net\\\/wordpress\\\/index.php\\\/producto\\\/guerra-capital-y-petroleo-textos-sobre-oriente-medio-2001-2009\\\/\",\"url\":\"https:\\\/\\\/zapateneo.net\\\/wordpress\\\/index.php\\\/producto\\\/guerra-capital-y-petroleo-textos-sobre-oriente-medio-2001-2009\\\/\",\"name\":\"Guerra, capital y petr\u00f3leo. Textos sobre Oriente Medio (2001-2009) &#8212; Zapateneo\",\"isPartOf\":{\"@id\":\"https:\\\/\\\/zapateneo.net\\\/wordpress\\\/#website\"},\"primaryImageOfPage\":{\"@id\":\"https:\\\/\\\/zapateneo.net\\\/wordpress\\\/index.php\\\/producto\\\/guerra-capital-y-petroleo-textos-sobre-oriente-medio-2001-2009\\\/#primaryimage\"},\"image\":{\"@id\":\"https:\\\/\\\/zapateneo.net\\\/wordpress\\\/index.php\\\/producto\\\/guerra-capital-y-petroleo-textos-sobre-oriente-medio-2001-2009\\\/#primaryimage\"},\"thumbnailUrl\":\"https:\\\/\\\/zapateneo.net\\\/wordpress\\\/wp-content\\\/uploads\\\/2021\\\/04\\\/7407.jpg\",\"datePublished\":\"2021-04-08T05:55:46+00:00\",\"dateModified\":\"2023-05-05T13:56:03+00:00\",\"breadcrumb\":{\"@id\":\"https:\\\/\\\/zapateneo.net\\\/wordpress\\\/index.php\\\/producto\\\/guerra-capital-y-petroleo-textos-sobre-oriente-medio-2001-2009\\\/#breadcrumb\"},\"inLanguage\":\"es\",\"potentialAction\":[{\"@type\":\"ReadAction\",\"target\":[\"https:\\\/\\\/zapateneo.net\\\/wordpress\\\/index.php\\\/producto\\\/guerra-capital-y-petroleo-textos-sobre-oriente-medio-2001-2009\\\/\"]}]},{\"@type\":\"ImageObject\",\"inLanguage\":\"es\",\"@id\":\"https:\\\/\\\/zapateneo.net\\\/wordpress\\\/index.php\\\/producto\\\/guerra-capital-y-petroleo-textos-sobre-oriente-medio-2001-2009\\\/#primaryimage\",\"url\":\"https:\\\/\\\/zapateneo.net\\\/wordpress\\\/wp-content\\\/uploads\\\/2021\\\/04\\\/7407.jpg\",\"contentUrl\":\"https:\\\/\\\/zapateneo.net\\\/wordpress\\\/wp-content\\\/uploads\\\/2021\\\/04\\\/7407.jpg\",\"width\":384,\"height\":596},{\"@type\":\"BreadcrumbList\",\"@id\":\"https:\\\/\\\/zapateneo.net\\\/wordpress\\\/index.php\\\/producto\\\/guerra-capital-y-petroleo-textos-sobre-oriente-medio-2001-2009\\\/#breadcrumb\",\"itemListElement\":[{\"@type\":\"ListItem\",\"position\":1,\"name\":\"Portada\",\"item\":\"https:\\\/\\\/zapateneo.net\\\/wordpress\\\/\"},{\"@type\":\"ListItem\",\"position\":2,\"name\":\"Tienda\",\"item\":\"https:\\\/\\\/zapateneo.net\\\/wordpress\\\/\"},{\"@type\":\"ListItem\",\"position\":3,\"name\":\"Guerra, capital y petr\u00f3leo. Textos sobre Oriente Medio (2001-2009)\"}]},{\"@type\":\"WebSite\",\"@id\":\"https:\\\/\\\/zapateneo.net\\\/wordpress\\\/#website\",\"url\":\"https:\\\/\\\/zapateneo.net\\\/wordpress\\\/\",\"name\":\"Zapateneo\",\"description\":\"Zapateneoaren webgunea\",\"publisher\":{\"@id\":\"https:\\\/\\\/zapateneo.net\\\/wordpress\\\/#organization\"},\"potentialAction\":[{\"@type\":\"SearchAction\",\"target\":{\"@type\":\"EntryPoint\",\"urlTemplate\":\"https:\\\/\\\/zapateneo.net\\\/wordpress\\\/?s={search_term_string}\"},\"query-input\":{\"@type\":\"PropertyValueSpecification\",\"valueRequired\":true,\"valueName\":\"search_term_string\"}}],\"inLanguage\":\"es\"},{\"@type\":\"Organization\",\"@id\":\"https:\\\/\\\/zapateneo.net\\\/wordpress\\\/#organization\",\"name\":\"Zapateneo Kultur Elkartea\",\"url\":\"https:\\\/\\\/zapateneo.net\\\/wordpress\\\/\",\"logo\":{\"@type\":\"ImageObject\",\"inLanguage\":\"es\",\"@id\":\"https:\\\/\\\/zapateneo.net\\\/wordpress\\\/#\\\/schema\\\/logo\\\/image\\\/\",\"url\":\"https:\\\/\\\/zapateneo.net\\\/wordpress\\\/wp-content\\\/uploads\\\/2021\\\/04\\\/zap-libu-kolec.jpg\",\"contentUrl\":\"https:\\\/\\\/zapateneo.net\\\/wordpress\\\/wp-content\\\/uploads\\\/2021\\\/04\\\/zap-libu-kolec.jpg\",\"width\":2234,\"height\":398,\"caption\":\"Zapateneo Kultur Elkartea\"},\"image\":{\"@id\":\"https:\\\/\\\/zapateneo.net\\\/wordpress\\\/#\\\/schema\\\/logo\\\/image\\\/\"},\"sameAs\":[\"https:\\\/\\\/x.com\\\/zapateneo\"]}]}<\/script>\n<!-- \/ Yoast SEO plugin. -->","yoast_head_json":{"title":"Guerra, capital y petr\u00f3leo. Textos sobre Oriente Medio (2001-2009) &#8212; Zapateneo","robots":{"index":"index","follow":"follow","max-snippet":"max-snippet:-1","max-image-preview":"max-image-preview:large","max-video-preview":"max-video-preview:-1"},"canonical":"https:\/\/zapateneo.net\/wordpress\/index.php\/producto\/guerra-capital-y-petroleo-textos-sobre-oriente-medio-2001-2009\/","og_locale":"es_ES","og_type":"article","og_title":"Guerra, capital y petr\u00f3leo. Textos sobre Oriente Medio (2001-2009) &#8212; Zapateneo","og_description":"Aufheben \/ Wildcat 9788461456482 - Klinamen - 2010 - 312 p\u00e1ginas \/orri.","og_url":"https:\/\/zapateneo.net\/wordpress\/index.php\/producto\/guerra-capital-y-petroleo-textos-sobre-oriente-medio-2001-2009\/","og_site_name":"Zapateneo","article_modified_time":"2023-05-05T13:56:03+00:00","og_image":[{"width":384,"height":596,"url":"https:\/\/zapateneo.net\/wordpress\/wp-content\/uploads\/2021\/04\/7407.jpg","type":"image\/jpeg"}],"twitter_card":"summary_large_image","twitter_site":"@zapateneo","twitter_misc":{"Tiempo de lectura":"3 minutos"},"schema":{"@context":"https:\/\/schema.org","@graph":[{"@type":"WebPage","@id":"https:\/\/zapateneo.net\/wordpress\/index.php\/producto\/guerra-capital-y-petroleo-textos-sobre-oriente-medio-2001-2009\/","url":"https:\/\/zapateneo.net\/wordpress\/index.php\/producto\/guerra-capital-y-petroleo-textos-sobre-oriente-medio-2001-2009\/","name":"Guerra, capital y petr\u00f3leo. Textos sobre Oriente Medio (2001-2009) &#8212; Zapateneo","isPartOf":{"@id":"https:\/\/zapateneo.net\/wordpress\/#website"},"primaryImageOfPage":{"@id":"https:\/\/zapateneo.net\/wordpress\/index.php\/producto\/guerra-capital-y-petroleo-textos-sobre-oriente-medio-2001-2009\/#primaryimage"},"image":{"@id":"https:\/\/zapateneo.net\/wordpress\/index.php\/producto\/guerra-capital-y-petroleo-textos-sobre-oriente-medio-2001-2009\/#primaryimage"},"thumbnailUrl":"https:\/\/zapateneo.net\/wordpress\/wp-content\/uploads\/2021\/04\/7407.jpg","datePublished":"2021-04-08T05:55:46+00:00","dateModified":"2023-05-05T13:56:03+00:00","breadcrumb":{"@id":"https:\/\/zapateneo.net\/wordpress\/index.php\/producto\/guerra-capital-y-petroleo-textos-sobre-oriente-medio-2001-2009\/#breadcrumb"},"inLanguage":"es","potentialAction":[{"@type":"ReadAction","target":["https:\/\/zapateneo.net\/wordpress\/index.php\/producto\/guerra-capital-y-petroleo-textos-sobre-oriente-medio-2001-2009\/"]}]},{"@type":"ImageObject","inLanguage":"es","@id":"https:\/\/zapateneo.net\/wordpress\/index.php\/producto\/guerra-capital-y-petroleo-textos-sobre-oriente-medio-2001-2009\/#primaryimage","url":"https:\/\/zapateneo.net\/wordpress\/wp-content\/uploads\/2021\/04\/7407.jpg","contentUrl":"https:\/\/zapateneo.net\/wordpress\/wp-content\/uploads\/2021\/04\/7407.jpg","width":384,"height":596},{"@type":"BreadcrumbList","@id":"https:\/\/zapateneo.net\/wordpress\/index.php\/producto\/guerra-capital-y-petroleo-textos-sobre-oriente-medio-2001-2009\/#breadcrumb","itemListElement":[{"@type":"ListItem","position":1,"name":"Portada","item":"https:\/\/zapateneo.net\/wordpress\/"},{"@type":"ListItem","position":2,"name":"Tienda","item":"https:\/\/zapateneo.net\/wordpress\/"},{"@type":"ListItem","position":3,"name":"Guerra, capital y petr\u00f3leo. Textos sobre Oriente Medio (2001-2009)"}]},{"@type":"WebSite","@id":"https:\/\/zapateneo.net\/wordpress\/#website","url":"https:\/\/zapateneo.net\/wordpress\/","name":"Zapateneo","description":"Zapateneoaren webgunea","publisher":{"@id":"https:\/\/zapateneo.net\/wordpress\/#organization"},"potentialAction":[{"@type":"SearchAction","target":{"@type":"EntryPoint","urlTemplate":"https:\/\/zapateneo.net\/wordpress\/?s={search_term_string}"},"query-input":{"@type":"PropertyValueSpecification","valueRequired":true,"valueName":"search_term_string"}}],"inLanguage":"es"},{"@type":"Organization","@id":"https:\/\/zapateneo.net\/wordpress\/#organization","name":"Zapateneo Kultur Elkartea","url":"https:\/\/zapateneo.net\/wordpress\/","logo":{"@type":"ImageObject","inLanguage":"es","@id":"https:\/\/zapateneo.net\/wordpress\/#\/schema\/logo\/image\/","url":"https:\/\/zapateneo.net\/wordpress\/wp-content\/uploads\/2021\/04\/zap-libu-kolec.jpg","contentUrl":"https:\/\/zapateneo.net\/wordpress\/wp-content\/uploads\/2021\/04\/zap-libu-kolec.jpg","width":2234,"height":398,"caption":"Zapateneo Kultur Elkartea"},"image":{"@id":"https:\/\/zapateneo.net\/wordpress\/#\/schema\/logo\/image\/"},"sameAs":["https:\/\/x.com\/zapateneo"]}]}},"_links":{"self":[{"href":"https:\/\/zapateneo.net\/wordpress\/index.php\/wp-json\/wp\/v2\/product\/3281","targetHints":{"allow":["GET"]}}],"collection":[{"href":"https:\/\/zapateneo.net\/wordpress\/index.php\/wp-json\/wp\/v2\/product"}],"about":[{"href":"https:\/\/zapateneo.net\/wordpress\/index.php\/wp-json\/wp\/v2\/types\/product"}],"wp:featuredmedia":[{"embeddable":true,"href":"https:\/\/zapateneo.net\/wordpress\/index.php\/wp-json\/wp\/v2\/media\/3326"}],"wp:attachment":[{"href":"https:\/\/zapateneo.net\/wordpress\/index.php\/wp-json\/wp\/v2\/media?parent=3281"}],"wp:term":[{"taxonomy":"product_brand","embeddable":true,"href":"https:\/\/zapateneo.net\/wordpress\/index.php\/wp-json\/wp\/v2\/product_brand?post=3281"},{"taxonomy":"product_cat","embeddable":true,"href":"https:\/\/zapateneo.net\/wordpress\/index.php\/wp-json\/wp\/v2\/product_cat?post=3281"},{"taxonomy":"product_tag","embeddable":true,"href":"https:\/\/zapateneo.net\/wordpress\/index.php\/wp-json\/wp\/v2\/product_tag?post=3281"}],"curies":[{"name":"wp","href":"https:\/\/api.w.org\/{rel}","templated":true}]}}