{"id":3265,"date":"2021-04-08T06:55:16","date_gmt":"2021-04-08T05:55:16","guid":{"rendered":"https:\/\/zapateneo.net\/wordpress\/?post_type=product&#038;p=3265"},"modified":"2022-01-06T17:44:03","modified_gmt":"2022-01-06T16:44:03","slug":"las-agencias-de-calificacion","status":"publish","type":"product","link":"https:\/\/zapateneo.net\/wordpress\/index.php\/producto\/las-agencias-de-calificacion\/","title":{"rendered":"Las agencias de calificaci\u00f3n"},"content":{"rendered":"<h3>Una introducci\u00f3n al actual poder del capital<\/h3>\n<hr \/>\n<div>\n<p>\u00bfQui\u00e9n hay detr\u00e1s de las agencias de calificaci\u00f3n de las que se ha hablado tanto en el curso de la crisis financiera? \u00bfY qu\u00e9 criterios de trabajo siguen? \u00bfPor qu\u00e9 campan a sus anchas sin que nadie haga nada?<\/p>\n<p>En este libro se presenta por primera vez la estructura de propiedad de las tres grandes agencias: Standard &amp; Poor\u2019s, Moody\u2019s y Fitch. Entre sus propietarios figuran los mayores fondos de inversi\u00f3n y fondos de alto riesgo -con sede en para\u00edsos fiscales- que son propiedad de un complejo entramado de bancos y grupos empresariales que, a su vez, son propietarios de las m\u00e1s importantes y conocidas multinacionales.<\/p>\n<p>Si nos adentramos en las pr\u00e1cticas de las agencias de calificaci\u00f3n, veremos que la base de su poder estriba tanto en la funci\u00f3n de supervisi\u00f3n estatal y supraestatal que les ha sido atribuida por gobiernos e instituciones pol\u00edticas nacionales e internacionales, como en su estructura de propietarios capaz de asegurarse las complicidades pol\u00edticas necesarias de estos organismos. Son estas complicidades las que han permitido desregular los mercados financieros hasta convertir a las agencias en juez y parte de un juego de casino global en el que la banca siempre gana. A esto se a\u00f1ade una fomentada e inteligente pol\u00edtica de rotaci\u00f3n de directivos entre cargos pol\u00edticos, asesores presidenciales, empresas p\u00fablicas y agencias, multinacionales, bancos y fondos de inversi\u00f3n, las famosas \u00abpuertas giratorias\u00bb que aseguran fidelidades y el control directo de las estructuras pol\u00edticas.<\/p>\n<p>En tanto que supuestos vigilantes objetivos e independientes del mercado, ayudan a sus propietarios a apoderarse de empresas, servicios p\u00fablicos, Estados y econom\u00edas nacionales completas. Su negocio no es la devoluci\u00f3n de la deuda, sino el crecimiento exponencial de la misma. Para conseguir su objetivo disponen de un alto repertorio de pr\u00e1cticas que van desde las calificaciones indicativas o las calificaciones no solicitadas hasta la escenificaci\u00f3n de crisis o la intervenci\u00f3n directa en las pol\u00edticas internas \u00abaconsejando\u00bb recortes sociales.<\/p>\n<p>Estas consentidas pr\u00e1cticas fraudulentas y extorsionadoras han convertido a las agencias en una lucrativa m\u00e1quina de expolio continuado y en uno de los pilares fundamentales del poder actual del capital.<\/p>\n<p><a href=\"http:\/\/www.viruseditorial.net\/file\/mailing-agencias-de-calificacion.pdf\" target=\"_blank\" rel=\"noopener\">Ficha<\/a><\/p>\n<\/div>\n<div class=\"row\">\n<div class=\"col-12 col-12-small\">\n<p><span class=\"image left autor\"><img loading=\"lazy\" decoding=\"async\" class=\"alignleft\" src=\"https:\/\/www.viruseditorial.net\/\/fotos-autor\/werner-rugemer.jpg\" alt=\"werner-r\u00fcgemer\" width=\"275\" height=\"206\" \/><\/span><strong>Werner R\u00fcgemer<\/strong>, nacido en 1941 en Amberg (Alemania), es doctor en filosof\u00eda, periodista y ensayista y un experto en temas relacionados con la actividad delictiva de bancos y empresas. R\u00fcgemer ha sido miembro de la junta directiva del Servicio Civil Internacional (SCI) y presidente de Business Crime Control, y actualmente es miembro de Tranparency International, de la International Gramsci Society, de la Asociaci\u00f3n de Escritores Alemanes, del PEN-Club Alemania y del consejo cient\u00edfico de ATTAC. En su obra, R\u00fcgemer analiza las tendencias privatizadoras dentro del \u00e1mbito p\u00fablico y los procesos de deterioro y corrupci\u00f3n que conllevan los partenariados p\u00fablicoprivados y los cross-border-leasings. Tambi\u00e9n analiza los procesos de endeudamiento de municipios, empresas y pa\u00edses; el papel de las agencias de rating, fondos y bancos en este endeudamiento; as\u00ed como los crecientes d\u00e9ficits democr\u00e1ticos de las instituciones supuestamente encargadas de velar por el bien de todos.<\/p>\n<\/div>\n<\/div>\n<div>\n<h4><iframe loading=\"lazy\" src=\"http:\/\/www.youtube.com\/embed\/aTiZtt7RxPs\" width=\"560\" height=\"315\" frameborder=\"0\" allowfullscreen=\"allowfullscreen\" data-ruffle-polyfilled=\"\" data-mce-fragment=\"1\"><\/iframe><\/h4>\n<\/div>\n<p><a href=\"http:\/\/www.viruseditorial.net\/pags\/noticia.php?id=390\" target=\"_blank\" rel=\"noopener\">Las agencias de calificaci\u00f3n deber\u00eda ser lectura obligatoria para los cr\u00edticos del capitalismo financiero y para la prensa econ\u00f3mica<\/a>\u00a0 (Rudolf Hickel,\u00a0<em>S\u00fcddeutsche Zeitung<\/em>)<\/p>\n<p><a href=\"http:\/\/www.viruseditorial.net\/pags\/noticia.php?id=395\" target=\"_blank\" rel=\"noopener\">Werner R\u00fcgemer: \u00abLes ag\u00e8ncies de qualificaci\u00f3 s\u00f3n l&#8217;ex\u00e8rcit civil privat del capitalisme\u00bb<\/a>\u00a0(entrevista de Mart\u00ed Crespo a Vilaweb)<\/p>\n<p><a href=\"http:\/\/www.viruseditorial.net\/pags\/noticia.php?id=396\" target=\"_blank\" rel=\"noopener\">Werner R\u00fcgemer: \u00abDes de fa d\u00e8cades els estats donen suport a les ag\u00e8ncies de qualificaci\u00f3\u00bb<\/a>\u00a0(Valor Afegit,\u00a0<em>TV3<\/em>)<\/p>\n<p><a href=\"http:\/\/www.viruseditorial.net\/pags\/noticia.php?id=398\" target=\"_blank\" rel=\"noopener\">El negocio del miedo<\/a>\u00a0(Manuel S. Jard\u00ed,\u00a0<em>Le Monde Diplomatique<\/em>)<\/p>\n<p><a href=\"http:\/\/www.viruseditorial.net\/pags\/noticia.php?id=397\" target=\"_blank\" rel=\"noopener\">El problema de las calificadoras no son sus errores<\/a>\u00a0(Pere Rusi\u00f1ol,\u00a0<em>Alternativas Econ\u00f3micas<\/em>)<\/p>\n<p><iframe loading=\"lazy\" src=\"https:\/\/w.soundcloud.com\/player\/?url=http%3A%2F%2Fapi.soundcloud.com%2Ftracks%2F87530734\" width=\"100%\" height=\"166\" frameborder=\"no\" scrolling=\"no\" data-ruffle-polyfilled=\"\" data-mce-fragment=\"1\"><\/iframe><\/p>\n<p><a href=\"http:\/\/www.viruseditorial.net\/pags\/noticia.php?id=413\" target=\"_blank\" rel=\"noopener\">Qualifiquem-nos fins a morir<\/a>\u00a0(Xavier Diez,\u00a0<em>Intocable Digital<\/em>)<\/p>\n<p><a href=\"http:\/\/www.viruseditorial.net\/pags\/noticia.php?id=429\" target=\"_blank\" rel=\"noopener\">Una lectura relevante sobre las agencias de calificaci\u00f3n, llegada desde Alemania<\/a>\u00a0(Juan Hern\u00e1ndez Vigueras, Temas)<\/p>\n<hr \/>\n<div>\n<h2><a href=\"https:\/\/www.viruseditorial.net\/es\/editorial\/descargar-pdf\" target=\"_blank\" rel=\"noopener\">Libro en libre descarga de Virus Editorial<\/a><\/h2>\n<\/div>\n","protected":false},"excerpt":{"rendered":"<p><strong>R\u00fcgemer, Werner<\/strong><br \/>\n9788492559411 &#8211; Virus &#8211; 2013 &#8211; 280 p\u00e1ginas \/orri.<\/p>\n","protected":false},"featured_media":3308,"template":"","meta":[],"product_brand":[],"product_cat":[178,16],"product_tag":[4626,2333,57,5417],"class_list":{"0":"post-3265","1":"product","2":"type-product","3":"status-publish","4":"has-post-thumbnail","6":"product_cat-ekonomia-economia","7":"product_cat-libros","8":"product_tag-deskargak","9":"product_tag-rugemer","10":"product_tag-virus","11":"product_tag-werner-rugemer","13":"first","14":"instock","15":"sold-individually","16":"shipping-taxable","17":"purchasable","18":"product-type-simple"},"yoast_head":"<!-- This site is optimized with the Yoast SEO plugin v27.3 - https:\/\/yoast.com\/product\/yoast-seo-wordpress\/ -->\n<title>Las agencias de calificaci\u00f3n &#8212; Zapateneo<\/title>\n<meta name=\"robots\" content=\"index, follow, max-snippet:-1, max-image-preview:large, max-video-preview:-1\" \/>\n<link rel=\"canonical\" href=\"https:\/\/zapateneo.net\/wordpress\/index.php\/producto\/las-agencias-de-calificacion\/\" \/>\n<meta property=\"og:locale\" content=\"es_ES\" \/>\n<meta property=\"og:type\" content=\"article\" \/>\n<meta property=\"og:title\" content=\"Las agencias de calificaci\u00f3n &#8212; Zapateneo\" \/>\n<meta property=\"og:description\" content=\"R\u00fcgemer, Werner 9788492559411 - Virus - 2013 - 280 p\u00e1ginas \/orri.\" \/>\n<meta property=\"og:url\" content=\"https:\/\/zapateneo.net\/wordpress\/index.php\/producto\/las-agencias-de-calificacion\/\" \/>\n<meta property=\"og:site_name\" content=\"Zapateneo\" \/>\n<meta property=\"article:modified_time\" content=\"2022-01-06T16:44:03+00:00\" \/>\n<meta property=\"og:image\" content=\"https:\/\/zapateneo.net\/wordpress\/wp-content\/uploads\/2021\/04\/7506.png\" \/>\n\t<meta property=\"og:image:width\" content=\"354\" \/>\n\t<meta property=\"og:image:height\" content=\"524\" \/>\n\t<meta property=\"og:image:type\" content=\"image\/png\" \/>\n<meta name=\"twitter:card\" content=\"summary_large_image\" \/>\n<meta name=\"twitter:site\" content=\"@zapateneo\" \/>\n<meta name=\"twitter:label1\" content=\"Tiempo de lectura\" \/>\n\t<meta name=\"twitter:data1\" content=\"4 minutos\" \/>\n<script type=\"application\/ld+json\" class=\"yoast-schema-graph\">{\"@context\":\"https:\\\/\\\/schema.org\",\"@graph\":[{\"@type\":\"WebPage\",\"@id\":\"https:\\\/\\\/zapateneo.net\\\/wordpress\\\/index.php\\\/producto\\\/las-agencias-de-calificacion\\\/\",\"url\":\"https:\\\/\\\/zapateneo.net\\\/wordpress\\\/index.php\\\/producto\\\/las-agencias-de-calificacion\\\/\",\"name\":\"Las agencias de calificaci\u00f3n &#8212; Zapateneo\",\"isPartOf\":{\"@id\":\"https:\\\/\\\/zapateneo.net\\\/wordpress\\\/#website\"},\"primaryImageOfPage\":{\"@id\":\"https:\\\/\\\/zapateneo.net\\\/wordpress\\\/index.php\\\/producto\\\/las-agencias-de-calificacion\\\/#primaryimage\"},\"image\":{\"@id\":\"https:\\\/\\\/zapateneo.net\\\/wordpress\\\/index.php\\\/producto\\\/las-agencias-de-calificacion\\\/#primaryimage\"},\"thumbnailUrl\":\"https:\\\/\\\/zapateneo.net\\\/wordpress\\\/wp-content\\\/uploads\\\/2021\\\/04\\\/7506.png\",\"datePublished\":\"2021-04-08T05:55:16+00:00\",\"dateModified\":\"2022-01-06T16:44:03+00:00\",\"breadcrumb\":{\"@id\":\"https:\\\/\\\/zapateneo.net\\\/wordpress\\\/index.php\\\/producto\\\/las-agencias-de-calificacion\\\/#breadcrumb\"},\"inLanguage\":\"es\",\"potentialAction\":[{\"@type\":\"ReadAction\",\"target\":[\"https:\\\/\\\/zapateneo.net\\\/wordpress\\\/index.php\\\/producto\\\/las-agencias-de-calificacion\\\/\"]}]},{\"@type\":\"ImageObject\",\"inLanguage\":\"es\",\"@id\":\"https:\\\/\\\/zapateneo.net\\\/wordpress\\\/index.php\\\/producto\\\/las-agencias-de-calificacion\\\/#primaryimage\",\"url\":\"https:\\\/\\\/zapateneo.net\\\/wordpress\\\/wp-content\\\/uploads\\\/2021\\\/04\\\/7506.png\",\"contentUrl\":\"https:\\\/\\\/zapateneo.net\\\/wordpress\\\/wp-content\\\/uploads\\\/2021\\\/04\\\/7506.png\",\"width\":354,\"height\":524},{\"@type\":\"BreadcrumbList\",\"@id\":\"https:\\\/\\\/zapateneo.net\\\/wordpress\\\/index.php\\\/producto\\\/las-agencias-de-calificacion\\\/#breadcrumb\",\"itemListElement\":[{\"@type\":\"ListItem\",\"position\":1,\"name\":\"Portada\",\"item\":\"https:\\\/\\\/zapateneo.net\\\/wordpress\\\/\"},{\"@type\":\"ListItem\",\"position\":2,\"name\":\"Tienda\",\"item\":\"https:\\\/\\\/zapateneo.net\\\/wordpress\\\/\"},{\"@type\":\"ListItem\",\"position\":3,\"name\":\"Las agencias de calificaci\u00f3n\"}]},{\"@type\":\"WebSite\",\"@id\":\"https:\\\/\\\/zapateneo.net\\\/wordpress\\\/#website\",\"url\":\"https:\\\/\\\/zapateneo.net\\\/wordpress\\\/\",\"name\":\"Zapateneo\",\"description\":\"Zapateneoaren webgunea\",\"publisher\":{\"@id\":\"https:\\\/\\\/zapateneo.net\\\/wordpress\\\/#organization\"},\"potentialAction\":[{\"@type\":\"SearchAction\",\"target\":{\"@type\":\"EntryPoint\",\"urlTemplate\":\"https:\\\/\\\/zapateneo.net\\\/wordpress\\\/?s={search_term_string}\"},\"query-input\":{\"@type\":\"PropertyValueSpecification\",\"valueRequired\":true,\"valueName\":\"search_term_string\"}}],\"inLanguage\":\"es\"},{\"@type\":\"Organization\",\"@id\":\"https:\\\/\\\/zapateneo.net\\\/wordpress\\\/#organization\",\"name\":\"Zapateneo Kultur Elkartea\",\"url\":\"https:\\\/\\\/zapateneo.net\\\/wordpress\\\/\",\"logo\":{\"@type\":\"ImageObject\",\"inLanguage\":\"es\",\"@id\":\"https:\\\/\\\/zapateneo.net\\\/wordpress\\\/#\\\/schema\\\/logo\\\/image\\\/\",\"url\":\"https:\\\/\\\/zapateneo.net\\\/wordpress\\\/wp-content\\\/uploads\\\/2021\\\/04\\\/zap-libu-kolec.jpg\",\"contentUrl\":\"https:\\\/\\\/zapateneo.net\\\/wordpress\\\/wp-content\\\/uploads\\\/2021\\\/04\\\/zap-libu-kolec.jpg\",\"width\":2234,\"height\":398,\"caption\":\"Zapateneo Kultur Elkartea\"},\"image\":{\"@id\":\"https:\\\/\\\/zapateneo.net\\\/wordpress\\\/#\\\/schema\\\/logo\\\/image\\\/\"},\"sameAs\":[\"https:\\\/\\\/x.com\\\/zapateneo\"]}]}<\/script>\n<!-- \/ Yoast SEO plugin. -->","yoast_head_json":{"title":"Las agencias de calificaci\u00f3n &#8212; Zapateneo","robots":{"index":"index","follow":"follow","max-snippet":"max-snippet:-1","max-image-preview":"max-image-preview:large","max-video-preview":"max-video-preview:-1"},"canonical":"https:\/\/zapateneo.net\/wordpress\/index.php\/producto\/las-agencias-de-calificacion\/","og_locale":"es_ES","og_type":"article","og_title":"Las agencias de calificaci\u00f3n &#8212; Zapateneo","og_description":"R\u00fcgemer, Werner 9788492559411 - Virus - 2013 - 280 p\u00e1ginas \/orri.","og_url":"https:\/\/zapateneo.net\/wordpress\/index.php\/producto\/las-agencias-de-calificacion\/","og_site_name":"Zapateneo","article_modified_time":"2022-01-06T16:44:03+00:00","og_image":[{"width":354,"height":524,"url":"https:\/\/zapateneo.net\/wordpress\/wp-content\/uploads\/2021\/04\/7506.png","type":"image\/png"}],"twitter_card":"summary_large_image","twitter_site":"@zapateneo","twitter_misc":{"Tiempo de lectura":"4 minutos"},"schema":{"@context":"https:\/\/schema.org","@graph":[{"@type":"WebPage","@id":"https:\/\/zapateneo.net\/wordpress\/index.php\/producto\/las-agencias-de-calificacion\/","url":"https:\/\/zapateneo.net\/wordpress\/index.php\/producto\/las-agencias-de-calificacion\/","name":"Las agencias de calificaci\u00f3n &#8212; Zapateneo","isPartOf":{"@id":"https:\/\/zapateneo.net\/wordpress\/#website"},"primaryImageOfPage":{"@id":"https:\/\/zapateneo.net\/wordpress\/index.php\/producto\/las-agencias-de-calificacion\/#primaryimage"},"image":{"@id":"https:\/\/zapateneo.net\/wordpress\/index.php\/producto\/las-agencias-de-calificacion\/#primaryimage"},"thumbnailUrl":"https:\/\/zapateneo.net\/wordpress\/wp-content\/uploads\/2021\/04\/7506.png","datePublished":"2021-04-08T05:55:16+00:00","dateModified":"2022-01-06T16:44:03+00:00","breadcrumb":{"@id":"https:\/\/zapateneo.net\/wordpress\/index.php\/producto\/las-agencias-de-calificacion\/#breadcrumb"},"inLanguage":"es","potentialAction":[{"@type":"ReadAction","target":["https:\/\/zapateneo.net\/wordpress\/index.php\/producto\/las-agencias-de-calificacion\/"]}]},{"@type":"ImageObject","inLanguage":"es","@id":"https:\/\/zapateneo.net\/wordpress\/index.php\/producto\/las-agencias-de-calificacion\/#primaryimage","url":"https:\/\/zapateneo.net\/wordpress\/wp-content\/uploads\/2021\/04\/7506.png","contentUrl":"https:\/\/zapateneo.net\/wordpress\/wp-content\/uploads\/2021\/04\/7506.png","width":354,"height":524},{"@type":"BreadcrumbList","@id":"https:\/\/zapateneo.net\/wordpress\/index.php\/producto\/las-agencias-de-calificacion\/#breadcrumb","itemListElement":[{"@type":"ListItem","position":1,"name":"Portada","item":"https:\/\/zapateneo.net\/wordpress\/"},{"@type":"ListItem","position":2,"name":"Tienda","item":"https:\/\/zapateneo.net\/wordpress\/"},{"@type":"ListItem","position":3,"name":"Las agencias de calificaci\u00f3n"}]},{"@type":"WebSite","@id":"https:\/\/zapateneo.net\/wordpress\/#website","url":"https:\/\/zapateneo.net\/wordpress\/","name":"Zapateneo","description":"Zapateneoaren webgunea","publisher":{"@id":"https:\/\/zapateneo.net\/wordpress\/#organization"},"potentialAction":[{"@type":"SearchAction","target":{"@type":"EntryPoint","urlTemplate":"https:\/\/zapateneo.net\/wordpress\/?s={search_term_string}"},"query-input":{"@type":"PropertyValueSpecification","valueRequired":true,"valueName":"search_term_string"}}],"inLanguage":"es"},{"@type":"Organization","@id":"https:\/\/zapateneo.net\/wordpress\/#organization","name":"Zapateneo Kultur Elkartea","url":"https:\/\/zapateneo.net\/wordpress\/","logo":{"@type":"ImageObject","inLanguage":"es","@id":"https:\/\/zapateneo.net\/wordpress\/#\/schema\/logo\/image\/","url":"https:\/\/zapateneo.net\/wordpress\/wp-content\/uploads\/2021\/04\/zap-libu-kolec.jpg","contentUrl":"https:\/\/zapateneo.net\/wordpress\/wp-content\/uploads\/2021\/04\/zap-libu-kolec.jpg","width":2234,"height":398,"caption":"Zapateneo Kultur Elkartea"},"image":{"@id":"https:\/\/zapateneo.net\/wordpress\/#\/schema\/logo\/image\/"},"sameAs":["https:\/\/x.com\/zapateneo"]}]}},"_links":{"self":[{"href":"https:\/\/zapateneo.net\/wordpress\/index.php\/wp-json\/wp\/v2\/product\/3265","targetHints":{"allow":["GET"]}}],"collection":[{"href":"https:\/\/zapateneo.net\/wordpress\/index.php\/wp-json\/wp\/v2\/product"}],"about":[{"href":"https:\/\/zapateneo.net\/wordpress\/index.php\/wp-json\/wp\/v2\/types\/product"}],"wp:featuredmedia":[{"embeddable":true,"href":"https:\/\/zapateneo.net\/wordpress\/index.php\/wp-json\/wp\/v2\/media\/3308"}],"wp:attachment":[{"href":"https:\/\/zapateneo.net\/wordpress\/index.php\/wp-json\/wp\/v2\/media?parent=3265"}],"wp:term":[{"taxonomy":"product_brand","embeddable":true,"href":"https:\/\/zapateneo.net\/wordpress\/index.php\/wp-json\/wp\/v2\/product_brand?post=3265"},{"taxonomy":"product_cat","embeddable":true,"href":"https:\/\/zapateneo.net\/wordpress\/index.php\/wp-json\/wp\/v2\/product_cat?post=3265"},{"taxonomy":"product_tag","embeddable":true,"href":"https:\/\/zapateneo.net\/wordpress\/index.php\/wp-json\/wp\/v2\/product_tag?post=3265"}],"curies":[{"name":"wp","href":"https:\/\/api.w.org\/{rel}","templated":true}]}}