{"id":3262,"date":"2021-04-08T06:55:15","date_gmt":"2021-04-08T05:55:15","guid":{"rendered":"https:\/\/zapateneo.net\/wordpress\/?post_type=product&#038;p=3262"},"modified":"2021-04-08T06:56:05","modified_gmt":"2021-04-08T05:56:05","slug":"globalizar-el-hambre-impactos-de-la-politica-agricola-comun","status":"publish","type":"product","link":"https:\/\/zapateneo.net\/wordpress\/index.php\/producto\/globalizar-el-hambre-impactos-de-la-politica-agricola-comun\/","title":{"rendered":"Globalizar el hambre. Impactos de la pol\u00edtica agr\u00edcola com\u00fan"},"content":{"rendered":"<p><span><\/p>\n<p>Tras varias reformas, la Pol&iacute;tica Agr&iacute;cola Com&uacute;n (PAC) se enfrenta de   nuevo a una profunda revisi&oacute;n. Desde Bruselas se habla de una PAC m&aacute;s   verde y menos injusta. Sin, embargo, en las propuestas de la Comisi&oacute;n   Europea siguen primando la mercantilizaci&oacute;n de los alimentos y la   competitividad de la industria agroalimentaria europea en detrimento de   la agricultura menos intensiva y a peque&ntilde;a escala, de la calidad de los   alimentos y del medio ambiente tanto de la Uni&oacute;n Europea como del   conjunto del planeta.<\/p>\n<p> Las reformas se plantean en un marco de  sobreproducci&oacute;n europea y  liberalismo comercial, y gradualmente  convierten a la PAC en una  pol&iacute;tica cuya principal preocupaci&oacute;n es  salvaguardar los intereses de  la industria agroalimentaria,  garantiz&aacute;ndole materia prima a bajo  precio y asegur&aacute;ndole mercados. Pero  ello no s&oacute;lo supone una vuelta de  tuerca para la reconversi&oacute;n del campo  europeo, sino que permite a la  industria seguir exportando alimentos a  precio de dumping, con efectos  devastadores para la producci&oacute;n local en  pa&iacute;ses del Sur.<\/p>\n<p> Globalizar el Hambre analiza las sucesivas  reformas de la PAC, y expone  de forma exhaustiva y bien documentada los  efectos de esta pol&iacute;tica en  la agricultura europea y de gran n&uacute;mero de  pa&iacute;ses empobrecidos, donde  la PAC y las pol&iacute;ticas de libre comercio de  las &uacute;ltimas d&eacute;cadas se han  convertido en una aut&eacute;ntica m&aacute;quina de  generar hambre y miseria.<\/p>\n<p><\/span><\/p>\n","protected":false},"excerpt":{"rendered":"<p><strong>Fritz, Thomas<\/strong><br \/>\n9788493941567 &#8211; Ecologistas en Acci\u00f3n &#8211; 2012 &#8211; 128 p\u00e1ginas \/orri.<\/p>\n","protected":false},"featured_media":3305,"template":"","meta":[],"product_brand":[],"product_cat":[178,16],"product_tag":[312,2331],"class_list":{"0":"post-3262","1":"product","2":"type-product","3":"status-publish","4":"has-post-thumbnail","6":"product_cat-ekonomia-economia","7":"product_cat-libros","8":"product_tag-ecologistas-en-accion","9":"product_tag-fritz","11":"first","12":"instock","13":"sold-individually","14":"shipping-taxable","15":"purchasable","16":"product-type-simple"},"yoast_head":"<!-- This site is optimized with the Yoast SEO plugin v27.3 - https:\/\/yoast.com\/product\/yoast-seo-wordpress\/ -->\n<title>Globalizar el hambre. Impactos de la pol\u00edtica agr\u00edcola com\u00fan &#8212; Zapateneo<\/title>\n<meta name=\"robots\" content=\"index, follow, max-snippet:-1, max-image-preview:large, max-video-preview:-1\" \/>\n<link rel=\"canonical\" href=\"https:\/\/zapateneo.net\/wordpress\/index.php\/producto\/globalizar-el-hambre-impactos-de-la-politica-agricola-comun\/\" \/>\n<meta property=\"og:locale\" content=\"es_ES\" \/>\n<meta property=\"og:type\" content=\"article\" \/>\n<meta property=\"og:title\" content=\"Globalizar el hambre. Impactos de la pol\u00edtica agr\u00edcola com\u00fan &#8212; Zapateneo\" \/>\n<meta property=\"og:description\" content=\"Fritz, Thomas 9788493941567 - Ecologistas en Acci\u00f3n - 2012 - 128 p\u00e1ginas \/orri.\" \/>\n<meta property=\"og:url\" content=\"https:\/\/zapateneo.net\/wordpress\/index.php\/producto\/globalizar-el-hambre-impactos-de-la-politica-agricola-comun\/\" \/>\n<meta property=\"og:site_name\" content=\"Zapateneo\" \/>\n<meta property=\"article:modified_time\" content=\"2021-04-08T05:56:05+00:00\" \/>\n<meta property=\"og:image\" content=\"https:\/\/zapateneo.net\/wordpress\/wp-content\/uploads\/2021\/04\/7830.png\" \/>\n\t<meta property=\"og:image:width\" content=\"354\" \/>\n\t<meta property=\"og:image:height\" content=\"533\" \/>\n\t<meta property=\"og:image:type\" content=\"image\/png\" \/>\n<meta name=\"twitter:card\" content=\"summary_large_image\" \/>\n<meta name=\"twitter:site\" content=\"@zapateneo\" \/>\n<meta name=\"twitter:label1\" content=\"Tiempo de lectura\" \/>\n\t<meta name=\"twitter:data1\" content=\"1 minuto\" \/>\n<script type=\"application\/ld+json\" class=\"yoast-schema-graph\">{\"@context\":\"https:\\\/\\\/schema.org\",\"@graph\":[{\"@type\":\"WebPage\",\"@id\":\"https:\\\/\\\/zapateneo.net\\\/wordpress\\\/index.php\\\/producto\\\/globalizar-el-hambre-impactos-de-la-politica-agricola-comun\\\/\",\"url\":\"https:\\\/\\\/zapateneo.net\\\/wordpress\\\/index.php\\\/producto\\\/globalizar-el-hambre-impactos-de-la-politica-agricola-comun\\\/\",\"name\":\"Globalizar el hambre. Impactos de la pol\u00edtica agr\u00edcola com\u00fan &#8212; Zapateneo\",\"isPartOf\":{\"@id\":\"https:\\\/\\\/zapateneo.net\\\/wordpress\\\/#website\"},\"primaryImageOfPage\":{\"@id\":\"https:\\\/\\\/zapateneo.net\\\/wordpress\\\/index.php\\\/producto\\\/globalizar-el-hambre-impactos-de-la-politica-agricola-comun\\\/#primaryimage\"},\"image\":{\"@id\":\"https:\\\/\\\/zapateneo.net\\\/wordpress\\\/index.php\\\/producto\\\/globalizar-el-hambre-impactos-de-la-politica-agricola-comun\\\/#primaryimage\"},\"thumbnailUrl\":\"https:\\\/\\\/zapateneo.net\\\/wordpress\\\/wp-content\\\/uploads\\\/2021\\\/04\\\/7830.png\",\"datePublished\":\"2021-04-08T05:55:15+00:00\",\"dateModified\":\"2021-04-08T05:56:05+00:00\",\"breadcrumb\":{\"@id\":\"https:\\\/\\\/zapateneo.net\\\/wordpress\\\/index.php\\\/producto\\\/globalizar-el-hambre-impactos-de-la-politica-agricola-comun\\\/#breadcrumb\"},\"inLanguage\":\"es\",\"potentialAction\":[{\"@type\":\"ReadAction\",\"target\":[\"https:\\\/\\\/zapateneo.net\\\/wordpress\\\/index.php\\\/producto\\\/globalizar-el-hambre-impactos-de-la-politica-agricola-comun\\\/\"]}]},{\"@type\":\"ImageObject\",\"inLanguage\":\"es\",\"@id\":\"https:\\\/\\\/zapateneo.net\\\/wordpress\\\/index.php\\\/producto\\\/globalizar-el-hambre-impactos-de-la-politica-agricola-comun\\\/#primaryimage\",\"url\":\"https:\\\/\\\/zapateneo.net\\\/wordpress\\\/wp-content\\\/uploads\\\/2021\\\/04\\\/7830.png\",\"contentUrl\":\"https:\\\/\\\/zapateneo.net\\\/wordpress\\\/wp-content\\\/uploads\\\/2021\\\/04\\\/7830.png\",\"width\":354,\"height\":533},{\"@type\":\"BreadcrumbList\",\"@id\":\"https:\\\/\\\/zapateneo.net\\\/wordpress\\\/index.php\\\/producto\\\/globalizar-el-hambre-impactos-de-la-politica-agricola-comun\\\/#breadcrumb\",\"itemListElement\":[{\"@type\":\"ListItem\",\"position\":1,\"name\":\"Portada\",\"item\":\"https:\\\/\\\/zapateneo.net\\\/wordpress\\\/\"},{\"@type\":\"ListItem\",\"position\":2,\"name\":\"Tienda\",\"item\":\"https:\\\/\\\/zapateneo.net\\\/wordpress\\\/\"},{\"@type\":\"ListItem\",\"position\":3,\"name\":\"Globalizar el hambre. Impactos de la pol\u00edtica agr\u00edcola com\u00fan\"}]},{\"@type\":\"WebSite\",\"@id\":\"https:\\\/\\\/zapateneo.net\\\/wordpress\\\/#website\",\"url\":\"https:\\\/\\\/zapateneo.net\\\/wordpress\\\/\",\"name\":\"Zapateneo\",\"description\":\"Zapateneoaren webgunea\",\"publisher\":{\"@id\":\"https:\\\/\\\/zapateneo.net\\\/wordpress\\\/#organization\"},\"potentialAction\":[{\"@type\":\"SearchAction\",\"target\":{\"@type\":\"EntryPoint\",\"urlTemplate\":\"https:\\\/\\\/zapateneo.net\\\/wordpress\\\/?s={search_term_string}\"},\"query-input\":{\"@type\":\"PropertyValueSpecification\",\"valueRequired\":true,\"valueName\":\"search_term_string\"}}],\"inLanguage\":\"es\"},{\"@type\":\"Organization\",\"@id\":\"https:\\\/\\\/zapateneo.net\\\/wordpress\\\/#organization\",\"name\":\"Zapateneo Kultur Elkartea\",\"url\":\"https:\\\/\\\/zapateneo.net\\\/wordpress\\\/\",\"logo\":{\"@type\":\"ImageObject\",\"inLanguage\":\"es\",\"@id\":\"https:\\\/\\\/zapateneo.net\\\/wordpress\\\/#\\\/schema\\\/logo\\\/image\\\/\",\"url\":\"https:\\\/\\\/zapateneo.net\\\/wordpress\\\/wp-content\\\/uploads\\\/2021\\\/04\\\/zap-libu-kolec.jpg\",\"contentUrl\":\"https:\\\/\\\/zapateneo.net\\\/wordpress\\\/wp-content\\\/uploads\\\/2021\\\/04\\\/zap-libu-kolec.jpg\",\"width\":2234,\"height\":398,\"caption\":\"Zapateneo Kultur Elkartea\"},\"image\":{\"@id\":\"https:\\\/\\\/zapateneo.net\\\/wordpress\\\/#\\\/schema\\\/logo\\\/image\\\/\"},\"sameAs\":[\"https:\\\/\\\/x.com\\\/zapateneo\"]}]}<\/script>\n<!-- \/ Yoast SEO plugin. -->","yoast_head_json":{"title":"Globalizar el hambre. Impactos de la pol\u00edtica agr\u00edcola com\u00fan &#8212; Zapateneo","robots":{"index":"index","follow":"follow","max-snippet":"max-snippet:-1","max-image-preview":"max-image-preview:large","max-video-preview":"max-video-preview:-1"},"canonical":"https:\/\/zapateneo.net\/wordpress\/index.php\/producto\/globalizar-el-hambre-impactos-de-la-politica-agricola-comun\/","og_locale":"es_ES","og_type":"article","og_title":"Globalizar el hambre. Impactos de la pol\u00edtica agr\u00edcola com\u00fan &#8212; Zapateneo","og_description":"Fritz, Thomas 9788493941567 - Ecologistas en Acci\u00f3n - 2012 - 128 p\u00e1ginas \/orri.","og_url":"https:\/\/zapateneo.net\/wordpress\/index.php\/producto\/globalizar-el-hambre-impactos-de-la-politica-agricola-comun\/","og_site_name":"Zapateneo","article_modified_time":"2021-04-08T05:56:05+00:00","og_image":[{"width":354,"height":533,"url":"https:\/\/zapateneo.net\/wordpress\/wp-content\/uploads\/2021\/04\/7830.png","type":"image\/png"}],"twitter_card":"summary_large_image","twitter_site":"@zapateneo","twitter_misc":{"Tiempo de lectura":"1 minuto"},"schema":{"@context":"https:\/\/schema.org","@graph":[{"@type":"WebPage","@id":"https:\/\/zapateneo.net\/wordpress\/index.php\/producto\/globalizar-el-hambre-impactos-de-la-politica-agricola-comun\/","url":"https:\/\/zapateneo.net\/wordpress\/index.php\/producto\/globalizar-el-hambre-impactos-de-la-politica-agricola-comun\/","name":"Globalizar el hambre. Impactos de la pol\u00edtica agr\u00edcola com\u00fan &#8212; Zapateneo","isPartOf":{"@id":"https:\/\/zapateneo.net\/wordpress\/#website"},"primaryImageOfPage":{"@id":"https:\/\/zapateneo.net\/wordpress\/index.php\/producto\/globalizar-el-hambre-impactos-de-la-politica-agricola-comun\/#primaryimage"},"image":{"@id":"https:\/\/zapateneo.net\/wordpress\/index.php\/producto\/globalizar-el-hambre-impactos-de-la-politica-agricola-comun\/#primaryimage"},"thumbnailUrl":"https:\/\/zapateneo.net\/wordpress\/wp-content\/uploads\/2021\/04\/7830.png","datePublished":"2021-04-08T05:55:15+00:00","dateModified":"2021-04-08T05:56:05+00:00","breadcrumb":{"@id":"https:\/\/zapateneo.net\/wordpress\/index.php\/producto\/globalizar-el-hambre-impactos-de-la-politica-agricola-comun\/#breadcrumb"},"inLanguage":"es","potentialAction":[{"@type":"ReadAction","target":["https:\/\/zapateneo.net\/wordpress\/index.php\/producto\/globalizar-el-hambre-impactos-de-la-politica-agricola-comun\/"]}]},{"@type":"ImageObject","inLanguage":"es","@id":"https:\/\/zapateneo.net\/wordpress\/index.php\/producto\/globalizar-el-hambre-impactos-de-la-politica-agricola-comun\/#primaryimage","url":"https:\/\/zapateneo.net\/wordpress\/wp-content\/uploads\/2021\/04\/7830.png","contentUrl":"https:\/\/zapateneo.net\/wordpress\/wp-content\/uploads\/2021\/04\/7830.png","width":354,"height":533},{"@type":"BreadcrumbList","@id":"https:\/\/zapateneo.net\/wordpress\/index.php\/producto\/globalizar-el-hambre-impactos-de-la-politica-agricola-comun\/#breadcrumb","itemListElement":[{"@type":"ListItem","position":1,"name":"Portada","item":"https:\/\/zapateneo.net\/wordpress\/"},{"@type":"ListItem","position":2,"name":"Tienda","item":"https:\/\/zapateneo.net\/wordpress\/"},{"@type":"ListItem","position":3,"name":"Globalizar el hambre. Impactos de la pol\u00edtica agr\u00edcola com\u00fan"}]},{"@type":"WebSite","@id":"https:\/\/zapateneo.net\/wordpress\/#website","url":"https:\/\/zapateneo.net\/wordpress\/","name":"Zapateneo","description":"Zapateneoaren webgunea","publisher":{"@id":"https:\/\/zapateneo.net\/wordpress\/#organization"},"potentialAction":[{"@type":"SearchAction","target":{"@type":"EntryPoint","urlTemplate":"https:\/\/zapateneo.net\/wordpress\/?s={search_term_string}"},"query-input":{"@type":"PropertyValueSpecification","valueRequired":true,"valueName":"search_term_string"}}],"inLanguage":"es"},{"@type":"Organization","@id":"https:\/\/zapateneo.net\/wordpress\/#organization","name":"Zapateneo Kultur Elkartea","url":"https:\/\/zapateneo.net\/wordpress\/","logo":{"@type":"ImageObject","inLanguage":"es","@id":"https:\/\/zapateneo.net\/wordpress\/#\/schema\/logo\/image\/","url":"https:\/\/zapateneo.net\/wordpress\/wp-content\/uploads\/2021\/04\/zap-libu-kolec.jpg","contentUrl":"https:\/\/zapateneo.net\/wordpress\/wp-content\/uploads\/2021\/04\/zap-libu-kolec.jpg","width":2234,"height":398,"caption":"Zapateneo Kultur Elkartea"},"image":{"@id":"https:\/\/zapateneo.net\/wordpress\/#\/schema\/logo\/image\/"},"sameAs":["https:\/\/x.com\/zapateneo"]}]}},"_links":{"self":[{"href":"https:\/\/zapateneo.net\/wordpress\/index.php\/wp-json\/wp\/v2\/product\/3262","targetHints":{"allow":["GET"]}}],"collection":[{"href":"https:\/\/zapateneo.net\/wordpress\/index.php\/wp-json\/wp\/v2\/product"}],"about":[{"href":"https:\/\/zapateneo.net\/wordpress\/index.php\/wp-json\/wp\/v2\/types\/product"}],"wp:featuredmedia":[{"embeddable":true,"href":"https:\/\/zapateneo.net\/wordpress\/index.php\/wp-json\/wp\/v2\/media\/3305"}],"wp:attachment":[{"href":"https:\/\/zapateneo.net\/wordpress\/index.php\/wp-json\/wp\/v2\/media?parent=3262"}],"wp:term":[{"taxonomy":"product_brand","embeddable":true,"href":"https:\/\/zapateneo.net\/wordpress\/index.php\/wp-json\/wp\/v2\/product_brand?post=3262"},{"taxonomy":"product_cat","embeddable":true,"href":"https:\/\/zapateneo.net\/wordpress\/index.php\/wp-json\/wp\/v2\/product_cat?post=3262"},{"taxonomy":"product_tag","embeddable":true,"href":"https:\/\/zapateneo.net\/wordpress\/index.php\/wp-json\/wp\/v2\/product_tag?post=3262"}],"curies":[{"name":"wp","href":"https:\/\/api.w.org\/{rel}","templated":true}]}}