{"id":3215,"date":"2021-04-08T06:54:34","date_gmt":"2021-04-08T05:54:34","guid":{"rendered":"https:\/\/zapateneo.net\/wordpress\/?post_type=product&#038;p=3215"},"modified":"2023-04-12T16:22:50","modified_gmt":"2023-04-12T15:22:50","slug":"el-futuro-es-local-pasos-hacia-una-economia-de-la-felicidad","status":"publish","type":"product","link":"https:\/\/zapateneo.net\/wordpress\/index.php\/producto\/el-futuro-es-local-pasos-hacia-una-economia-de-la-felicidad\/","title":{"rendered":"El futuro es local. pasos hacia una econom\u00cda de la felicidad"},"content":{"rendered":"<p>La globalizaci\u00f3n no tiene futuro. En todas las regiones del mundo, est\u00e1 surgiendo un movimiento de localizaci\u00f3n para recuperar el control sobre las propias econom\u00edas, una v\u00eda que est\u00e1 reconstruyendo los v\u00ednculos en comunidades que el capitalismo ha fracturado o da\u00f1ado. En la vanguardia de este movimiento inspirador que favorece la autonom\u00eda y la diversidad se encuentra la creaci\u00f3n de sistemas alimentarios locales, basados en la ecolog\u00eda y la soberan\u00eda alimentaria. Hay tambi\u00e9n otras tendencias claras en finanzas, educaci\u00f3n, energ\u00edas renovables, gobernanza y mucho m\u00e1s. El futuro es local se encarga de hilar \u2014y hacer compatibles\u2014 estas dos luchas, la resistencia ante los mercados globalizados y desregulados y la del florecimiento de las \u2018econom\u00edas de la felicidad\u2019 a nivel local. Un libro escrito por Helena Norberg-Hodge, co-fundadora de la entidad Local Futures, organizaci\u00f3n que hace 40 a\u00f1os que trabaja para la localizaci\u00f3n. El ensayo incluye una introducci\u00f3n de Jes\u00fas Iglesias Saugar que repasa iniciativas locales en el Estado espa\u00f1ol.<\/p>\n","protected":false},"excerpt":{"rendered":"<p><strong>Norberg-hodge,  Helena<\/strong><br \/>\n9788416828920 &#8211; Pol-len &#8211; 2020 &#8211; 212 p\u00e1ginas \/orri.<\/p>\n","protected":false},"featured_media":3242,"template":"","meta":[],"product_brand":[],"product_cat":[178,16],"product_tag":[2304,64],"class_list":{"0":"post-3215","1":"product","2":"type-product","3":"status-publish","4":"has-post-thumbnail","6":"product_cat-ekonomia-economia","7":"product_cat-libros","8":"product_tag-norberg-hodge","9":"product_tag-pol-len","11":"first","12":"instock","13":"sold-individually","14":"shipping-taxable","15":"purchasable","16":"product-type-simple"},"yoast_head":"<!-- This site is optimized with the Yoast SEO plugin v27.3 - https:\/\/yoast.com\/product\/yoast-seo-wordpress\/ -->\n<title>El futuro es local. pasos hacia una econom\u00cda de la felicidad &#8212; Zapateneo<\/title>\n<meta name=\"robots\" content=\"index, follow, max-snippet:-1, max-image-preview:large, max-video-preview:-1\" \/>\n<link rel=\"canonical\" href=\"https:\/\/zapateneo.net\/wordpress\/index.php\/producto\/el-futuro-es-local-pasos-hacia-una-economia-de-la-felicidad\/\" \/>\n<meta property=\"og:locale\" content=\"es_ES\" \/>\n<meta property=\"og:type\" content=\"article\" \/>\n<meta property=\"og:title\" content=\"El futuro es local. pasos hacia una econom\u00cda de la felicidad &#8212; Zapateneo\" \/>\n<meta property=\"og:description\" content=\"Norberg-hodge, Helena 9788416828920 - Pol-len - 2020 - 212 p\u00e1ginas \/orri.\" \/>\n<meta property=\"og:url\" content=\"https:\/\/zapateneo.net\/wordpress\/index.php\/producto\/el-futuro-es-local-pasos-hacia-una-economia-de-la-felicidad\/\" \/>\n<meta property=\"og:site_name\" content=\"Zapateneo\" \/>\n<meta property=\"article:modified_time\" content=\"2023-04-12T15:22:50+00:00\" \/>\n<meta property=\"og:image\" content=\"https:\/\/zapateneo.net\/wordpress\/wp-content\/uploads\/2021\/04\/el-futuro-es-local.png\" \/>\n\t<meta property=\"og:image:width\" content=\"283\" \/>\n\t<meta property=\"og:image:height\" content=\"400\" \/>\n\t<meta property=\"og:image:type\" content=\"image\/png\" \/>\n<meta name=\"twitter:card\" content=\"summary_large_image\" \/>\n<meta name=\"twitter:site\" content=\"@zapateneo\" \/>\n<meta name=\"twitter:label1\" content=\"Tiempo de lectura\" \/>\n\t<meta name=\"twitter:data1\" content=\"1 minuto\" \/>\n<script type=\"application\/ld+json\" class=\"yoast-schema-graph\">{\"@context\":\"https:\\\/\\\/schema.org\",\"@graph\":[{\"@type\":\"WebPage\",\"@id\":\"https:\\\/\\\/zapateneo.net\\\/wordpress\\\/index.php\\\/producto\\\/el-futuro-es-local-pasos-hacia-una-economia-de-la-felicidad\\\/\",\"url\":\"https:\\\/\\\/zapateneo.net\\\/wordpress\\\/index.php\\\/producto\\\/el-futuro-es-local-pasos-hacia-una-economia-de-la-felicidad\\\/\",\"name\":\"El futuro es local. pasos hacia una econom\u00cda de la felicidad &#8212; Zapateneo\",\"isPartOf\":{\"@id\":\"https:\\\/\\\/zapateneo.net\\\/wordpress\\\/#website\"},\"primaryImageOfPage\":{\"@id\":\"https:\\\/\\\/zapateneo.net\\\/wordpress\\\/index.php\\\/producto\\\/el-futuro-es-local-pasos-hacia-una-economia-de-la-felicidad\\\/#primaryimage\"},\"image\":{\"@id\":\"https:\\\/\\\/zapateneo.net\\\/wordpress\\\/index.php\\\/producto\\\/el-futuro-es-local-pasos-hacia-una-economia-de-la-felicidad\\\/#primaryimage\"},\"thumbnailUrl\":\"https:\\\/\\\/zapateneo.net\\\/wordpress\\\/wp-content\\\/uploads\\\/2021\\\/04\\\/el-futuro-es-local.png\",\"datePublished\":\"2021-04-08T05:54:34+00:00\",\"dateModified\":\"2023-04-12T15:22:50+00:00\",\"breadcrumb\":{\"@id\":\"https:\\\/\\\/zapateneo.net\\\/wordpress\\\/index.php\\\/producto\\\/el-futuro-es-local-pasos-hacia-una-economia-de-la-felicidad\\\/#breadcrumb\"},\"inLanguage\":\"es\",\"potentialAction\":[{\"@type\":\"ReadAction\",\"target\":[\"https:\\\/\\\/zapateneo.net\\\/wordpress\\\/index.php\\\/producto\\\/el-futuro-es-local-pasos-hacia-una-economia-de-la-felicidad\\\/\"]}]},{\"@type\":\"ImageObject\",\"inLanguage\":\"es\",\"@id\":\"https:\\\/\\\/zapateneo.net\\\/wordpress\\\/index.php\\\/producto\\\/el-futuro-es-local-pasos-hacia-una-economia-de-la-felicidad\\\/#primaryimage\",\"url\":\"https:\\\/\\\/zapateneo.net\\\/wordpress\\\/wp-content\\\/uploads\\\/2021\\\/04\\\/el-futuro-es-local.png\",\"contentUrl\":\"https:\\\/\\\/zapateneo.net\\\/wordpress\\\/wp-content\\\/uploads\\\/2021\\\/04\\\/el-futuro-es-local.png\",\"width\":283,\"height\":400},{\"@type\":\"BreadcrumbList\",\"@id\":\"https:\\\/\\\/zapateneo.net\\\/wordpress\\\/index.php\\\/producto\\\/el-futuro-es-local-pasos-hacia-una-economia-de-la-felicidad\\\/#breadcrumb\",\"itemListElement\":[{\"@type\":\"ListItem\",\"position\":1,\"name\":\"Portada\",\"item\":\"https:\\\/\\\/zapateneo.net\\\/wordpress\\\/\"},{\"@type\":\"ListItem\",\"position\":2,\"name\":\"Tienda\",\"item\":\"https:\\\/\\\/zapateneo.net\\\/wordpress\\\/\"},{\"@type\":\"ListItem\",\"position\":3,\"name\":\"El futuro es local. pasos hacia una econom\u00cda de la felicidad\"}]},{\"@type\":\"WebSite\",\"@id\":\"https:\\\/\\\/zapateneo.net\\\/wordpress\\\/#website\",\"url\":\"https:\\\/\\\/zapateneo.net\\\/wordpress\\\/\",\"name\":\"Zapateneo\",\"description\":\"Zapateneoaren webgunea\",\"publisher\":{\"@id\":\"https:\\\/\\\/zapateneo.net\\\/wordpress\\\/#organization\"},\"potentialAction\":[{\"@type\":\"SearchAction\",\"target\":{\"@type\":\"EntryPoint\",\"urlTemplate\":\"https:\\\/\\\/zapateneo.net\\\/wordpress\\\/?s={search_term_string}\"},\"query-input\":{\"@type\":\"PropertyValueSpecification\",\"valueRequired\":true,\"valueName\":\"search_term_string\"}}],\"inLanguage\":\"es\"},{\"@type\":\"Organization\",\"@id\":\"https:\\\/\\\/zapateneo.net\\\/wordpress\\\/#organization\",\"name\":\"Zapateneo Kultur Elkartea\",\"url\":\"https:\\\/\\\/zapateneo.net\\\/wordpress\\\/\",\"logo\":{\"@type\":\"ImageObject\",\"inLanguage\":\"es\",\"@id\":\"https:\\\/\\\/zapateneo.net\\\/wordpress\\\/#\\\/schema\\\/logo\\\/image\\\/\",\"url\":\"https:\\\/\\\/zapateneo.net\\\/wordpress\\\/wp-content\\\/uploads\\\/2021\\\/04\\\/zap-libu-kolec.jpg\",\"contentUrl\":\"https:\\\/\\\/zapateneo.net\\\/wordpress\\\/wp-content\\\/uploads\\\/2021\\\/04\\\/zap-libu-kolec.jpg\",\"width\":2234,\"height\":398,\"caption\":\"Zapateneo Kultur Elkartea\"},\"image\":{\"@id\":\"https:\\\/\\\/zapateneo.net\\\/wordpress\\\/#\\\/schema\\\/logo\\\/image\\\/\"},\"sameAs\":[\"https:\\\/\\\/x.com\\\/zapateneo\"]}]}<\/script>\n<!-- \/ Yoast SEO plugin. -->","yoast_head_json":{"title":"El futuro es local. pasos hacia una econom\u00cda de la felicidad &#8212; Zapateneo","robots":{"index":"index","follow":"follow","max-snippet":"max-snippet:-1","max-image-preview":"max-image-preview:large","max-video-preview":"max-video-preview:-1"},"canonical":"https:\/\/zapateneo.net\/wordpress\/index.php\/producto\/el-futuro-es-local-pasos-hacia-una-economia-de-la-felicidad\/","og_locale":"es_ES","og_type":"article","og_title":"El futuro es local. pasos hacia una econom\u00cda de la felicidad &#8212; Zapateneo","og_description":"Norberg-hodge, Helena 9788416828920 - Pol-len - 2020 - 212 p\u00e1ginas \/orri.","og_url":"https:\/\/zapateneo.net\/wordpress\/index.php\/producto\/el-futuro-es-local-pasos-hacia-una-economia-de-la-felicidad\/","og_site_name":"Zapateneo","article_modified_time":"2023-04-12T15:22:50+00:00","og_image":[{"width":283,"height":400,"url":"https:\/\/zapateneo.net\/wordpress\/wp-content\/uploads\/2021\/04\/el-futuro-es-local.png","type":"image\/png"}],"twitter_card":"summary_large_image","twitter_site":"@zapateneo","twitter_misc":{"Tiempo de lectura":"1 minuto"},"schema":{"@context":"https:\/\/schema.org","@graph":[{"@type":"WebPage","@id":"https:\/\/zapateneo.net\/wordpress\/index.php\/producto\/el-futuro-es-local-pasos-hacia-una-economia-de-la-felicidad\/","url":"https:\/\/zapateneo.net\/wordpress\/index.php\/producto\/el-futuro-es-local-pasos-hacia-una-economia-de-la-felicidad\/","name":"El futuro es local. pasos hacia una econom\u00cda de la felicidad &#8212; Zapateneo","isPartOf":{"@id":"https:\/\/zapateneo.net\/wordpress\/#website"},"primaryImageOfPage":{"@id":"https:\/\/zapateneo.net\/wordpress\/index.php\/producto\/el-futuro-es-local-pasos-hacia-una-economia-de-la-felicidad\/#primaryimage"},"image":{"@id":"https:\/\/zapateneo.net\/wordpress\/index.php\/producto\/el-futuro-es-local-pasos-hacia-una-economia-de-la-felicidad\/#primaryimage"},"thumbnailUrl":"https:\/\/zapateneo.net\/wordpress\/wp-content\/uploads\/2021\/04\/el-futuro-es-local.png","datePublished":"2021-04-08T05:54:34+00:00","dateModified":"2023-04-12T15:22:50+00:00","breadcrumb":{"@id":"https:\/\/zapateneo.net\/wordpress\/index.php\/producto\/el-futuro-es-local-pasos-hacia-una-economia-de-la-felicidad\/#breadcrumb"},"inLanguage":"es","potentialAction":[{"@type":"ReadAction","target":["https:\/\/zapateneo.net\/wordpress\/index.php\/producto\/el-futuro-es-local-pasos-hacia-una-economia-de-la-felicidad\/"]}]},{"@type":"ImageObject","inLanguage":"es","@id":"https:\/\/zapateneo.net\/wordpress\/index.php\/producto\/el-futuro-es-local-pasos-hacia-una-economia-de-la-felicidad\/#primaryimage","url":"https:\/\/zapateneo.net\/wordpress\/wp-content\/uploads\/2021\/04\/el-futuro-es-local.png","contentUrl":"https:\/\/zapateneo.net\/wordpress\/wp-content\/uploads\/2021\/04\/el-futuro-es-local.png","width":283,"height":400},{"@type":"BreadcrumbList","@id":"https:\/\/zapateneo.net\/wordpress\/index.php\/producto\/el-futuro-es-local-pasos-hacia-una-economia-de-la-felicidad\/#breadcrumb","itemListElement":[{"@type":"ListItem","position":1,"name":"Portada","item":"https:\/\/zapateneo.net\/wordpress\/"},{"@type":"ListItem","position":2,"name":"Tienda","item":"https:\/\/zapateneo.net\/wordpress\/"},{"@type":"ListItem","position":3,"name":"El futuro es local. pasos hacia una econom\u00cda de la felicidad"}]},{"@type":"WebSite","@id":"https:\/\/zapateneo.net\/wordpress\/#website","url":"https:\/\/zapateneo.net\/wordpress\/","name":"Zapateneo","description":"Zapateneoaren webgunea","publisher":{"@id":"https:\/\/zapateneo.net\/wordpress\/#organization"},"potentialAction":[{"@type":"SearchAction","target":{"@type":"EntryPoint","urlTemplate":"https:\/\/zapateneo.net\/wordpress\/?s={search_term_string}"},"query-input":{"@type":"PropertyValueSpecification","valueRequired":true,"valueName":"search_term_string"}}],"inLanguage":"es"},{"@type":"Organization","@id":"https:\/\/zapateneo.net\/wordpress\/#organization","name":"Zapateneo Kultur Elkartea","url":"https:\/\/zapateneo.net\/wordpress\/","logo":{"@type":"ImageObject","inLanguage":"es","@id":"https:\/\/zapateneo.net\/wordpress\/#\/schema\/logo\/image\/","url":"https:\/\/zapateneo.net\/wordpress\/wp-content\/uploads\/2021\/04\/zap-libu-kolec.jpg","contentUrl":"https:\/\/zapateneo.net\/wordpress\/wp-content\/uploads\/2021\/04\/zap-libu-kolec.jpg","width":2234,"height":398,"caption":"Zapateneo Kultur Elkartea"},"image":{"@id":"https:\/\/zapateneo.net\/wordpress\/#\/schema\/logo\/image\/"},"sameAs":["https:\/\/x.com\/zapateneo"]}]}},"_links":{"self":[{"href":"https:\/\/zapateneo.net\/wordpress\/index.php\/wp-json\/wp\/v2\/product\/3215","targetHints":{"allow":["GET"]}}],"collection":[{"href":"https:\/\/zapateneo.net\/wordpress\/index.php\/wp-json\/wp\/v2\/product"}],"about":[{"href":"https:\/\/zapateneo.net\/wordpress\/index.php\/wp-json\/wp\/v2\/types\/product"}],"wp:featuredmedia":[{"embeddable":true,"href":"https:\/\/zapateneo.net\/wordpress\/index.php\/wp-json\/wp\/v2\/media\/3242"}],"wp:attachment":[{"href":"https:\/\/zapateneo.net\/wordpress\/index.php\/wp-json\/wp\/v2\/media?parent=3215"}],"wp:term":[{"taxonomy":"product_brand","embeddable":true,"href":"https:\/\/zapateneo.net\/wordpress\/index.php\/wp-json\/wp\/v2\/product_brand?post=3215"},{"taxonomy":"product_cat","embeddable":true,"href":"https:\/\/zapateneo.net\/wordpress\/index.php\/wp-json\/wp\/v2\/product_cat?post=3215"},{"taxonomy":"product_tag","embeddable":true,"href":"https:\/\/zapateneo.net\/wordpress\/index.php\/wp-json\/wp\/v2\/product_tag?post=3215"}],"curies":[{"name":"wp","href":"https:\/\/api.w.org\/{rel}","templated":true}]}}