{"id":3164,"date":"2021-04-08T06:53:55","date_gmt":"2021-04-08T05:53:55","guid":{"rendered":"https:\/\/zapateneo.net\/wordpress\/?post_type=product&#038;p=3164"},"modified":"2021-04-08T06:54:09","modified_gmt":"2021-04-08T05:54:09","slug":"como-terminara-el-capitalismo","status":"publish","type":"product","link":"https:\/\/zapateneo.net\/wordpress\/index.php\/producto\/como-terminara-el-capitalismo\/","title":{"rendered":"\u00bfC\u00f3mo terminar\u00e1 el capitalismo?"},"content":{"rendered":"<p>Est\u00e1 el capitalismo entrando en su fase terminal? A pesar de que la cuesti\u00f3n de la -crisis definitiva- de este sistema socioecon\u00f3mico ha sido recurrente en todos los momentos decisivos del largo siglo XX (Gran Guerra de 1914, crisis de 1929, Segunda Guerra Mundial, crisis de la d\u00e9cada de 1970), tras los cuales el capitalismo ha sido capaz de mutar para desencadenar a continuaci\u00f3n escenarios de crisis todav\u00eda m\u00e1s formidables y complejos que en el caso precedente, la respuesta ofrecida en este libro es rotundamente afirmativa. Las tendencias de crisis detectadas en la actualidad (crisis de endeudamiento, crisis bancaria y financiera, crisis de la democracia, crisis ecol\u00f3gica y crisis geopol\u00edtica) se aproximan en opini\u00f3n de Streeck a l\u00edmites dif\u00edcilmente superables en el marco de reproducci\u00f3n actual del capitalismo realmente existente. Tal y como muestra \u00e9ste libro, desde la d\u00e9cada de 1970 este ha entrado en una senda de estancamiento jalonado por una sucesi\u00f3n de crisis financieras asociadas a cortos periodos de crecimiento, que han desembocado en la crisis sist\u00e9mica iniciada en 2007 y que lejos de reabsorberse con facilidad sigue erosionando de modo consistente las posibilidades de crecimiento y las respuestas pol\u00edticas democr\u00e1ticas a un nuevo paradigma de comprensi\u00f3n y gesti\u00f3n de la actividad econ\u00f3mica y financiera. La crisis de rentabilidad se ha traducido en un incremento de la redistribuci\u00f3n olig\u00e1rquica de la renta y la riqueza y \u00e9sta en una creciente desigualdad estructural, que mina gravemente los sistemas democr\u00e1ticos e impone modos de gesti\u00f3n pol\u00edtica altamente autoritarios. Como consecuencia de todo ello, el capitalismo democr\u00e1tico, empujado por sus contradicciones internas y en ausencia de un sujeto pol\u00edtico antagonista similar al que en otro tiempo represent\u00f3 el movimiento obrero, parece haber entrado en una espiral de descomposici\u00f3n, frente a la cual la \u00fanica alternativa consiste en \u00abganar tiempo\u00bb por parte de las clases y \u00e9lites dominantes, que apuestan ciegamente por la reconstrucci\u00f3n sin matices del actual modelo de explotaci\u00f3n y privilegio. Si se comparte este an\u00e1lisis, la tarea de la cr\u00edtica y la pol\u00edtica de los nuevos movimientos antisist\u00e9micos ya no consiste en propugnar soluciones parciales o en elaborar esquemas para una reforma imposible, sino en optar audazmente por la construcci\u00f3n, en el entorno de caos sist\u00e9mico creado por las \u00e9lites econ\u00f3micas y pol\u00edticas actuales, de un horizonte genuinamente poscapitalista.<\/p>\n","protected":false},"excerpt":{"rendered":"<p><strong>Streeck, Wolfgang<\/strong><br \/>\n9788494719608 &#8211; Traficantes de Sue\u00f1os &#8211; 2017 &#8211; 291 p\u00e1ginas \/orri.<\/p>\n","protected":false},"featured_media":3191,"template":"","meta":[],"product_brand":[],"product_cat":[178,16],"product_tag":[2264,72,2265],"class_list":{"0":"post-3164","1":"product","2":"type-product","3":"status-publish","4":"has-post-thumbnail","6":"product_cat-ekonomia-economia","7":"product_cat-libros","8":"product_tag-streeck","9":"product_tag-traficantes-de-suenos","10":"product_tag-wolfgang","12":"first","13":"instock","14":"sold-individually","15":"shipping-taxable","16":"purchasable","17":"product-type-simple"},"yoast_head":"<!-- This site is optimized with the Yoast SEO plugin v27.3 - https:\/\/yoast.com\/product\/yoast-seo-wordpress\/ -->\n<title>\u00bfC\u00f3mo terminar\u00e1 el capitalismo? &#8212; Zapateneo<\/title>\n<meta name=\"robots\" content=\"index, follow, max-snippet:-1, max-image-preview:large, max-video-preview:-1\" \/>\n<link rel=\"canonical\" href=\"https:\/\/zapateneo.net\/wordpress\/index.php\/producto\/como-terminara-el-capitalismo\/\" \/>\n<meta property=\"og:locale\" content=\"es_ES\" \/>\n<meta property=\"og:type\" content=\"article\" \/>\n<meta property=\"og:title\" content=\"\u00bfC\u00f3mo terminar\u00e1 el capitalismo? &#8212; Zapateneo\" \/>\n<meta property=\"og:description\" content=\"Streeck, Wolfgang 9788494719608 - Traficantes de Sue\u00f1os - 2017 - 291 p\u00e1ginas \/orri.\" \/>\n<meta property=\"og:url\" content=\"https:\/\/zapateneo.net\/wordpress\/index.php\/producto\/como-terminara-el-capitalismo\/\" \/>\n<meta property=\"og:site_name\" content=\"Zapateneo\" \/>\n<meta property=\"article:modified_time\" content=\"2021-04-08T05:54:09+00:00\" \/>\n<meta property=\"og:image\" content=\"https:\/\/zapateneo.net\/wordpress\/wp-content\/uploads\/2021\/04\/9788494719608.jpg\" \/>\n\t<meta property=\"og:image:width\" content=\"120\" \/>\n\t<meta property=\"og:image:height\" content=\"192\" \/>\n\t<meta property=\"og:image:type\" content=\"image\/jpeg\" \/>\n<meta name=\"twitter:card\" content=\"summary_large_image\" \/>\n<meta name=\"twitter:site\" content=\"@zapateneo\" \/>\n<meta name=\"twitter:label1\" content=\"Tiempo de lectura\" \/>\n\t<meta name=\"twitter:data1\" content=\"2 minutos\" \/>\n<script type=\"application\/ld+json\" class=\"yoast-schema-graph\">{\"@context\":\"https:\\\/\\\/schema.org\",\"@graph\":[{\"@type\":\"WebPage\",\"@id\":\"https:\\\/\\\/zapateneo.net\\\/wordpress\\\/index.php\\\/producto\\\/como-terminara-el-capitalismo\\\/\",\"url\":\"https:\\\/\\\/zapateneo.net\\\/wordpress\\\/index.php\\\/producto\\\/como-terminara-el-capitalismo\\\/\",\"name\":\"\u00bfC\u00f3mo terminar\u00e1 el capitalismo? &#8212; Zapateneo\",\"isPartOf\":{\"@id\":\"https:\\\/\\\/zapateneo.net\\\/wordpress\\\/#website\"},\"primaryImageOfPage\":{\"@id\":\"https:\\\/\\\/zapateneo.net\\\/wordpress\\\/index.php\\\/producto\\\/como-terminara-el-capitalismo\\\/#primaryimage\"},\"image\":{\"@id\":\"https:\\\/\\\/zapateneo.net\\\/wordpress\\\/index.php\\\/producto\\\/como-terminara-el-capitalismo\\\/#primaryimage\"},\"thumbnailUrl\":\"https:\\\/\\\/zapateneo.net\\\/wordpress\\\/wp-content\\\/uploads\\\/2021\\\/04\\\/9788494719608.jpg\",\"datePublished\":\"2021-04-08T05:53:55+00:00\",\"dateModified\":\"2021-04-08T05:54:09+00:00\",\"breadcrumb\":{\"@id\":\"https:\\\/\\\/zapateneo.net\\\/wordpress\\\/index.php\\\/producto\\\/como-terminara-el-capitalismo\\\/#breadcrumb\"},\"inLanguage\":\"es\",\"potentialAction\":[{\"@type\":\"ReadAction\",\"target\":[\"https:\\\/\\\/zapateneo.net\\\/wordpress\\\/index.php\\\/producto\\\/como-terminara-el-capitalismo\\\/\"]}]},{\"@type\":\"ImageObject\",\"inLanguage\":\"es\",\"@id\":\"https:\\\/\\\/zapateneo.net\\\/wordpress\\\/index.php\\\/producto\\\/como-terminara-el-capitalismo\\\/#primaryimage\",\"url\":\"https:\\\/\\\/zapateneo.net\\\/wordpress\\\/wp-content\\\/uploads\\\/2021\\\/04\\\/9788494719608.jpg\",\"contentUrl\":\"https:\\\/\\\/zapateneo.net\\\/wordpress\\\/wp-content\\\/uploads\\\/2021\\\/04\\\/9788494719608.jpg\",\"width\":120,\"height\":192},{\"@type\":\"BreadcrumbList\",\"@id\":\"https:\\\/\\\/zapateneo.net\\\/wordpress\\\/index.php\\\/producto\\\/como-terminara-el-capitalismo\\\/#breadcrumb\",\"itemListElement\":[{\"@type\":\"ListItem\",\"position\":1,\"name\":\"Portada\",\"item\":\"https:\\\/\\\/zapateneo.net\\\/wordpress\\\/\"},{\"@type\":\"ListItem\",\"position\":2,\"name\":\"Tienda\",\"item\":\"https:\\\/\\\/zapateneo.net\\\/wordpress\\\/\"},{\"@type\":\"ListItem\",\"position\":3,\"name\":\"\u00bfC\u00f3mo terminar\u00e1 el capitalismo?\"}]},{\"@type\":\"WebSite\",\"@id\":\"https:\\\/\\\/zapateneo.net\\\/wordpress\\\/#website\",\"url\":\"https:\\\/\\\/zapateneo.net\\\/wordpress\\\/\",\"name\":\"Zapateneo\",\"description\":\"Zapateneoaren webgunea\",\"publisher\":{\"@id\":\"https:\\\/\\\/zapateneo.net\\\/wordpress\\\/#organization\"},\"potentialAction\":[{\"@type\":\"SearchAction\",\"target\":{\"@type\":\"EntryPoint\",\"urlTemplate\":\"https:\\\/\\\/zapateneo.net\\\/wordpress\\\/?s={search_term_string}\"},\"query-input\":{\"@type\":\"PropertyValueSpecification\",\"valueRequired\":true,\"valueName\":\"search_term_string\"}}],\"inLanguage\":\"es\"},{\"@type\":\"Organization\",\"@id\":\"https:\\\/\\\/zapateneo.net\\\/wordpress\\\/#organization\",\"name\":\"Zapateneo Kultur Elkartea\",\"url\":\"https:\\\/\\\/zapateneo.net\\\/wordpress\\\/\",\"logo\":{\"@type\":\"ImageObject\",\"inLanguage\":\"es\",\"@id\":\"https:\\\/\\\/zapateneo.net\\\/wordpress\\\/#\\\/schema\\\/logo\\\/image\\\/\",\"url\":\"https:\\\/\\\/zapateneo.net\\\/wordpress\\\/wp-content\\\/uploads\\\/2021\\\/04\\\/zap-libu-kolec.jpg\",\"contentUrl\":\"https:\\\/\\\/zapateneo.net\\\/wordpress\\\/wp-content\\\/uploads\\\/2021\\\/04\\\/zap-libu-kolec.jpg\",\"width\":2234,\"height\":398,\"caption\":\"Zapateneo Kultur Elkartea\"},\"image\":{\"@id\":\"https:\\\/\\\/zapateneo.net\\\/wordpress\\\/#\\\/schema\\\/logo\\\/image\\\/\"},\"sameAs\":[\"https:\\\/\\\/x.com\\\/zapateneo\"]}]}<\/script>\n<!-- \/ Yoast SEO plugin. -->","yoast_head_json":{"title":"\u00bfC\u00f3mo terminar\u00e1 el capitalismo? &#8212; Zapateneo","robots":{"index":"index","follow":"follow","max-snippet":"max-snippet:-1","max-image-preview":"max-image-preview:large","max-video-preview":"max-video-preview:-1"},"canonical":"https:\/\/zapateneo.net\/wordpress\/index.php\/producto\/como-terminara-el-capitalismo\/","og_locale":"es_ES","og_type":"article","og_title":"\u00bfC\u00f3mo terminar\u00e1 el capitalismo? &#8212; Zapateneo","og_description":"Streeck, Wolfgang 9788494719608 - Traficantes de Sue\u00f1os - 2017 - 291 p\u00e1ginas \/orri.","og_url":"https:\/\/zapateneo.net\/wordpress\/index.php\/producto\/como-terminara-el-capitalismo\/","og_site_name":"Zapateneo","article_modified_time":"2021-04-08T05:54:09+00:00","og_image":[{"width":120,"height":192,"url":"https:\/\/zapateneo.net\/wordpress\/wp-content\/uploads\/2021\/04\/9788494719608.jpg","type":"image\/jpeg"}],"twitter_card":"summary_large_image","twitter_site":"@zapateneo","twitter_misc":{"Tiempo de lectura":"2 minutos"},"schema":{"@context":"https:\/\/schema.org","@graph":[{"@type":"WebPage","@id":"https:\/\/zapateneo.net\/wordpress\/index.php\/producto\/como-terminara-el-capitalismo\/","url":"https:\/\/zapateneo.net\/wordpress\/index.php\/producto\/como-terminara-el-capitalismo\/","name":"\u00bfC\u00f3mo terminar\u00e1 el capitalismo? &#8212; Zapateneo","isPartOf":{"@id":"https:\/\/zapateneo.net\/wordpress\/#website"},"primaryImageOfPage":{"@id":"https:\/\/zapateneo.net\/wordpress\/index.php\/producto\/como-terminara-el-capitalismo\/#primaryimage"},"image":{"@id":"https:\/\/zapateneo.net\/wordpress\/index.php\/producto\/como-terminara-el-capitalismo\/#primaryimage"},"thumbnailUrl":"https:\/\/zapateneo.net\/wordpress\/wp-content\/uploads\/2021\/04\/9788494719608.jpg","datePublished":"2021-04-08T05:53:55+00:00","dateModified":"2021-04-08T05:54:09+00:00","breadcrumb":{"@id":"https:\/\/zapateneo.net\/wordpress\/index.php\/producto\/como-terminara-el-capitalismo\/#breadcrumb"},"inLanguage":"es","potentialAction":[{"@type":"ReadAction","target":["https:\/\/zapateneo.net\/wordpress\/index.php\/producto\/como-terminara-el-capitalismo\/"]}]},{"@type":"ImageObject","inLanguage":"es","@id":"https:\/\/zapateneo.net\/wordpress\/index.php\/producto\/como-terminara-el-capitalismo\/#primaryimage","url":"https:\/\/zapateneo.net\/wordpress\/wp-content\/uploads\/2021\/04\/9788494719608.jpg","contentUrl":"https:\/\/zapateneo.net\/wordpress\/wp-content\/uploads\/2021\/04\/9788494719608.jpg","width":120,"height":192},{"@type":"BreadcrumbList","@id":"https:\/\/zapateneo.net\/wordpress\/index.php\/producto\/como-terminara-el-capitalismo\/#breadcrumb","itemListElement":[{"@type":"ListItem","position":1,"name":"Portada","item":"https:\/\/zapateneo.net\/wordpress\/"},{"@type":"ListItem","position":2,"name":"Tienda","item":"https:\/\/zapateneo.net\/wordpress\/"},{"@type":"ListItem","position":3,"name":"\u00bfC\u00f3mo terminar\u00e1 el capitalismo?"}]},{"@type":"WebSite","@id":"https:\/\/zapateneo.net\/wordpress\/#website","url":"https:\/\/zapateneo.net\/wordpress\/","name":"Zapateneo","description":"Zapateneoaren webgunea","publisher":{"@id":"https:\/\/zapateneo.net\/wordpress\/#organization"},"potentialAction":[{"@type":"SearchAction","target":{"@type":"EntryPoint","urlTemplate":"https:\/\/zapateneo.net\/wordpress\/?s={search_term_string}"},"query-input":{"@type":"PropertyValueSpecification","valueRequired":true,"valueName":"search_term_string"}}],"inLanguage":"es"},{"@type":"Organization","@id":"https:\/\/zapateneo.net\/wordpress\/#organization","name":"Zapateneo Kultur Elkartea","url":"https:\/\/zapateneo.net\/wordpress\/","logo":{"@type":"ImageObject","inLanguage":"es","@id":"https:\/\/zapateneo.net\/wordpress\/#\/schema\/logo\/image\/","url":"https:\/\/zapateneo.net\/wordpress\/wp-content\/uploads\/2021\/04\/zap-libu-kolec.jpg","contentUrl":"https:\/\/zapateneo.net\/wordpress\/wp-content\/uploads\/2021\/04\/zap-libu-kolec.jpg","width":2234,"height":398,"caption":"Zapateneo Kultur Elkartea"},"image":{"@id":"https:\/\/zapateneo.net\/wordpress\/#\/schema\/logo\/image\/"},"sameAs":["https:\/\/x.com\/zapateneo"]}]}},"_links":{"self":[{"href":"https:\/\/zapateneo.net\/wordpress\/index.php\/wp-json\/wp\/v2\/product\/3164","targetHints":{"allow":["GET"]}}],"collection":[{"href":"https:\/\/zapateneo.net\/wordpress\/index.php\/wp-json\/wp\/v2\/product"}],"about":[{"href":"https:\/\/zapateneo.net\/wordpress\/index.php\/wp-json\/wp\/v2\/types\/product"}],"wp:featuredmedia":[{"embeddable":true,"href":"https:\/\/zapateneo.net\/wordpress\/index.php\/wp-json\/wp\/v2\/media\/3191"}],"wp:attachment":[{"href":"https:\/\/zapateneo.net\/wordpress\/index.php\/wp-json\/wp\/v2\/media?parent=3164"}],"wp:term":[{"taxonomy":"product_brand","embeddable":true,"href":"https:\/\/zapateneo.net\/wordpress\/index.php\/wp-json\/wp\/v2\/product_brand?post=3164"},{"taxonomy":"product_cat","embeddable":true,"href":"https:\/\/zapateneo.net\/wordpress\/index.php\/wp-json\/wp\/v2\/product_cat?post=3164"},{"taxonomy":"product_tag","embeddable":true,"href":"https:\/\/zapateneo.net\/wordpress\/index.php\/wp-json\/wp\/v2\/product_tag?post=3164"}],"curies":[{"name":"wp","href":"https:\/\/api.w.org\/{rel}","templated":true}]}}